{"id":41367,"date":"2024-12-10T11:01:08","date_gmt":"2024-12-10T04:01:08","guid":{"rendered":"https:\/\/maison-chance.org\/shop\/san-pham\/baguette"},"modified":"2024-12-10T11:01:08","modified_gmt":"2024-12-10T04:01:08","slug":"baguette","status":"publish","type":"product","link":"https:\/\/maison-chance.org\/shop\/fr\/produit\/baguette","title":{"rendered":"Baguette"},"content":{"rendered":"<p style=\"text-align: justify;\">Avez-vous d\u00e9j\u00e0 go\u00fbt\u00e9 un pain Baguette croustillant, parfum\u00e9, incarnant des saveurs traditionnelles ? Sinon, laissez le pain Baguette de Maison Chance vous offrir une exp\u00e9rience culinaire compl\u00e8te. Le pain Baguette de Maison Chance est le point culminant de l&rsquo;art de la boulangerie fran\u00e7aise traditionnelle et d&rsquo;une attention m\u00e9ticuleuse \u00e0 chaque \u00e9tape de production. Avec une recette unique, soigneusement s\u00e9lectionn\u00e9e et am\u00e9lior\u00e9e, chaque baguette est une \u0153uvre d&rsquo;art culinaire, apportant une exp\u00e9rience de boulangerie authentique d&rsquo;une boulangerie professionnelle.<\/p>\n<p style=\"text-align: justify;\">Ce qui rend le pain Baguette de Maison Chance unique, c&rsquo;est sa s\u00e9lection rigoureuse des ingr\u00e9dients et son processus de production strict. Chaque pain est r\u00e9alis\u00e9 \u00e0 partir de farine de bl\u00e9 premium, import\u00e9e et soigneusement contr\u00f4l\u00e9e, combin\u00e9e \u00e0 de la levure naturelle et une touche de sel pur &#8211; juste ce qu&rsquo;il faut pour cr\u00e9er une saveur caract\u00e9ristique inimitable.<\/p>\n<p style=\"text-align: justify;\">L&rsquo;apparence du pain Baguette de Maison Chance impressionne d\u00e8s le premier regard avec son magnifique \u00e9clat dor\u00e9-brun. La cro\u00fbte croustillante, avec des fissures naturelles sur la surface, cr\u00e9e non seulement une beaut\u00e9 esth\u00e9tique mais sert aussi de preuve d&rsquo;un processus de fermentation et de cuisson parfait. \u00c0 l&rsquo;int\u00e9rieur, l&rsquo;int\u00e9rieur du pain est blanc lisse avec des poches d&rsquo;air uniformes, cr\u00e9ant la texture caract\u00e9ristique moelleuse du pain fran\u00e7ais de haute qualit\u00e9.<\/p>\n<p style=\"text-align: justify;\">Pesant 50 gr par pain, la Baguette de Maison Chance est un choix id\u00e9al pour un petit-d\u00e9jeuner l\u00e9ger ou une collation dans la journ\u00e9e. Sa taille compacte est non seulement pratique pour la d\u00e9gustation mais aide \u00e9galement \u00e0 une pr\u00e9servation facile, garantissant la fra\u00eecheur pendant longtemps.<\/p>\n<p style=\"text-align: justify;\">Le pain Baguette de <a href=\"https:\/\/maison-chance.org\/shop\">Maison Chance<\/a> n&rsquo;est pas seulement un produit culinaire de haute qualit\u00e9 mais aussi une fiert\u00e9 de l&rsquo;industrie vietnamienne de la boulangerie artisanale. Chaque pain est r\u00e9alis\u00e9 avec passion et technique qualifi\u00e9e, offrant aux clients non seulement un repas d\u00e9licieux mais une exp\u00e9rience culinaire authentique. Venez \u00e0 Maison Chance pour d\u00e9guster des baguettes d\u00e9licieuses, et plus important encore, pour soutenir les efforts continus de cr\u00e9ation de produits de haute qualit\u00e9. Chaque pain que vous achetez est une contribution au d\u00e9veloppement durable de la boulangerie artisanale vietnamienne.<\/p>\n","protected":false},"excerpt":{"rendered":"<p style=\"text-align: justify;\">Les produits de p\u00e2tisserie sont fabriqu\u00e9s par de jeunes orphelins actuellement pris en charge par Maison Chance. Nous vous prions de bien vouloir nous soutenir !<\/p>\n<p>Ligne directe : <span style=\"font-size: 20px;\"><strong><span style=\"color: #ff0000;\">0909 06 25 28<\/span><\/strong><\/span><\/p>\n","protected":false},"featured_media":41363,"template":"","meta":[],"product_brand":[],"product_cat":[210,219],"product_tag":[],"class_list":{"0":"post-41367","1":"product","2":"type-product","3":"status-publish","4":"has-post-thumbnail","6":"product_cat-boulangerie","7":"product_cat-viennoiseries-patisseries","9":"first","10":"instock","11":"shipping-taxable","12":"purchasable","13":"product-type-simple"},"yoast_head":"<!-- This site is optimized with the Yoast SEO Premium plugin v22.7 (Yoast SEO v25.3.1) - https:\/\/yoast.com\/wordpress\/plugins\/seo\/ -->\n<title>Baguette - Nh\u00e0 May M\u1eafn - Maison Chance<\/title>\n<meta name=\"description\" content=\"Le pain Baguette de Maison Chance est le point culminant de l&#039;art de la boulangerie fran\u00e7aise traditionnelle et d&#039;une attention m\u00e9ticuleuse \u00e0 chaque \u00e9tape de production. Avec une recette unique, soigneusement s\u00e9lectionn\u00e9e et am\u00e9lior\u00e9e, chaque baguette est une \u0153uvre d&#039;art culinaire, apportant une exp\u00e9rience de boulangerie authentique d&#039;une boulangerie professionnelle\" \/>\n<meta name=\"robots\" content=\"index, follow, max-snippet:-1, max-image-preview:large, max-video-preview:-1\" \/>\n<link rel=\"canonical\" href=\"https:\/\/maison-chance.org\/shop\/fr\/produit\/baguette\" \/>\n<meta property=\"og:locale\" content=\"fr_FR\" \/>\n<meta property=\"og:type\" content=\"article\" \/>\n<meta property=\"og:title\" content=\"Baguette\" \/>\n<meta property=\"og:description\" content=\"Le pain Baguette de Maison Chance est le point culminant de l&#039;art de la boulangerie fran\u00e7aise traditionnelle et d&#039;une attention m\u00e9ticuleuse \u00e0 chaque \u00e9tape de production. Avec une recette unique, soigneusement s\u00e9lectionn\u00e9e et am\u00e9lior\u00e9e, chaque baguette est une \u0153uvre d&#039;art culinaire, apportant une exp\u00e9rience de boulangerie authentique d&#039;une boulangerie professionnelle\" \/>\n<meta property=\"og:url\" content=\"https:\/\/maison-chance.org\/shop\/fr\/produit\/baguette\" \/>\n<meta property=\"og:site_name\" content=\"Nh\u00e0 May M\u1eafn - Maison Chance\" \/>\n<meta property=\"article:publisher\" content=\"https:\/\/www.facebook.com\/dnxh.nhamayman\/\" \/>\n<meta property=\"og:image\" content=\"https:\/\/maison-chance.org\/shop\/wp-content\/uploads\/2024\/12\/banh-mi-baguette.png\" \/>\n\t<meta property=\"og:image:width\" content=\"600\" \/>\n\t<meta property=\"og:image:height\" content=\"600\" \/>\n\t<meta property=\"og:image:type\" content=\"image\/png\" \/>\n<meta name=\"twitter:card\" content=\"summary_large_image\" \/>\n<meta name=\"twitter:label1\" content=\"Prix\" \/>\n\t<meta name=\"twitter:data1\" content=\"&euro;0.28\" \/>\n\t<meta name=\"twitter:label2\" content=\"Disponibilit\u00e9\" \/>\n\t<meta name=\"twitter:data2\" content=\"En stock\" \/>\n<script type=\"application\/ld+json\" class=\"yoast-schema-graph\">{\"@context\":\"https:\/\/schema.org\",\"@graph\":[{\"@type\":\"WebPage\",\"@id\":\"https:\/\/maison-chance.org\/shop\/fr\/produit\/baguette\",\"url\":\"https:\/\/maison-chance.org\/shop\/fr\/produit\/baguette\",\"name\":\"Baguette - Nh\u00e0 May M\u1eafn - Maison Chance\",\"isPartOf\":{\"@id\":\"https:\/\/maison-chance.org\/shop\/fr#website\"},\"primaryImageOfPage\":{\"@id\":\"https:\/\/maison-chance.org\/shop\/fr\/produit\/baguette#primaryimage\"},\"image\":{\"@id\":\"https:\/\/maison-chance.org\/shop\/fr\/produit\/baguette#primaryimage\"},\"thumbnailUrl\":\"https:\/\/maison-chance.org\/shop\/wp-content\/uploads\/2024\/12\/banh-mi-baguette.png\",\"datePublished\":\"2024-12-10T04:01:08+00:00\",\"description\":\"Le pain Baguette de Maison Chance est le point culminant de l'art de la boulangerie fran\u00e7aise traditionnelle et d'une attention m\u00e9ticuleuse \u00e0 chaque \u00e9tape de production. Avec une recette unique, soigneusement s\u00e9lectionn\u00e9e et am\u00e9lior\u00e9e, chaque baguette est une \u0153uvre d'art culinaire, apportant une exp\u00e9rience de boulangerie authentique d'une boulangerie professionnelle\",\"breadcrumb\":{\"@id\":\"https:\/\/maison-chance.org\/shop\/fr\/produit\/baguette#breadcrumb\"},\"inLanguage\":\"fr-FR\",\"potentialAction\":[{\"@type\":\"ReadAction\",\"target\":[\"https:\/\/maison-chance.org\/shop\/fr\/produit\/baguette\"]}]},{\"@type\":\"ImageObject\",\"inLanguage\":\"fr-FR\",\"@id\":\"https:\/\/maison-chance.org\/shop\/fr\/produit\/baguette#primaryimage\",\"url\":\"https:\/\/maison-chance.org\/shop\/wp-content\/uploads\/2024\/12\/banh-mi-baguette.png\",\"contentUrl\":\"https:\/\/maison-chance.org\/shop\/wp-content\/uploads\/2024\/12\/banh-mi-baguette.png\",\"width\":600,\"height\":600,\"caption\":\"Baguette\"},{\"@type\":\"BreadcrumbList\",\"@id\":\"https:\/\/maison-chance.org\/shop\/fr\/produit\/baguette#breadcrumb\",\"itemListElement\":[{\"@type\":\"ListItem\",\"position\":1,\"name\":\"Trang ch\u1ee7\",\"item\":\"https:\/\/maison-chance.org\/shop\/fr\"},{\"@type\":\"ListItem\",\"position\":2,\"name\":\"Boutique\",\"item\":\"https:\/\/maison-chance.org\/shop\/shop\"},{\"@type\":\"ListItem\",\"position\":3,\"name\":\"Baguette\"}]},{\"@type\":\"WebSite\",\"@id\":\"https:\/\/maison-chance.org\/shop\/fr#website\",\"url\":\"https:\/\/maison-chance.org\/shop\/fr\",\"name\":\"Nh\u00e0 May M\u1eafn - Maison Chance\",\"description\":\"M\u1ecdi l\u1ee3i nhu\u1eadn thu v\u1ec1 t\u1eeb vi\u1ec7c b\u00e1n h\u00e0ng s\u1ebd tr\u00edch m\u1ed9t ph\u1ea7n \u0111\u1ec3 ch\u0103m lo cho \u0111\u1eddi s\u1ed1ng c\u00e1c b\u1ea1n khuy\u1ebft t\u1eadt v\u00e0 tr\u1ebb m\u1ed3 c\u00f4i \u1edf \u0111\u00e2y\",\"publisher\":{\"@id\":\"https:\/\/maison-chance.org\/shop\/fr#organization\"},\"potentialAction\":[{\"@type\":\"SearchAction\",\"target\":{\"@type\":\"EntryPoint\",\"urlTemplate\":\"https:\/\/maison-chance.org\/shop\/fr?s={search_term_string}\"},\"query-input\":{\"@type\":\"PropertyValueSpecification\",\"valueRequired\":true,\"valueName\":\"search_term_string\"}}],\"inLanguage\":\"fr-FR\"},{\"@type\":\"Organization\",\"@id\":\"https:\/\/maison-chance.org\/shop\/fr#organization\",\"name\":\"Nh\u00e0 May M\u1eafn - Maison Chance\",\"url\":\"https:\/\/maison-chance.org\/shop\/fr\",\"logo\":{\"@type\":\"ImageObject\",\"inLanguage\":\"fr-FR\",\"@id\":\"https:\/\/maison-chance.org\/shop\/fr#\/schema\/logo\/image\/\",\"url\":\"https:\/\/maison-chance.org\/shop\/wp-content\/uploads\/2024\/03\/cropped-Logo_DNXH.png\",\"contentUrl\":\"https:\/\/maison-chance.org\/shop\/wp-content\/uploads\/2024\/03\/cropped-Logo_DNXH.png\",\"width\":512,\"height\":512,\"caption\":\"Nh\u00e0 May M\u1eafn - Maison Chance\"},\"image\":{\"@id\":\"https:\/\/maison-chance.org\/shop\/fr#\/schema\/logo\/image\/\"},\"sameAs\":[\"https:\/\/www.facebook.com\/dnxh.nhamayman\/\"]}]}<\/script>\n<meta property=\"product:price:amount\" content=\"0.28\" \/>\n<meta property=\"product:price:currency\" content=\"EUR\" \/>\n<meta property=\"og:availability\" content=\"instock\" \/>\n<meta property=\"product:availability\" content=\"instock\" \/>\n<meta property=\"product:condition\" content=\"new\" \/>\n<!-- \/ Yoast SEO Premium plugin. -->","yoast_head_json":{"title":"Baguette - Nh\u00e0 May M\u1eafn - Maison Chance","description":"Le pain Baguette de Maison Chance est le point culminant de l'art de la boulangerie fran\u00e7aise traditionnelle et d'une attention m\u00e9ticuleuse \u00e0 chaque \u00e9tape de production. Avec une recette unique, soigneusement s\u00e9lectionn\u00e9e et am\u00e9lior\u00e9e, chaque baguette est une \u0153uvre d'art culinaire, apportant une exp\u00e9rience de boulangerie authentique d'une boulangerie professionnelle","robots":{"index":"index","follow":"follow","max-snippet":"max-snippet:-1","max-image-preview":"max-image-preview:large","max-video-preview":"max-video-preview:-1"},"canonical":"https:\/\/maison-chance.org\/shop\/fr\/produit\/baguette","og_locale":"fr_FR","og_type":"article","og_title":"Baguette","og_description":"Le pain Baguette de Maison Chance est le point culminant de l'art de la boulangerie fran\u00e7aise traditionnelle et d'une attention m\u00e9ticuleuse \u00e0 chaque \u00e9tape de production. Avec une recette unique, soigneusement s\u00e9lectionn\u00e9e et am\u00e9lior\u00e9e, chaque baguette est une \u0153uvre d'art culinaire, apportant une exp\u00e9rience de boulangerie authentique d'une boulangerie professionnelle","og_url":"https:\/\/maison-chance.org\/shop\/fr\/produit\/baguette","og_site_name":"Nh\u00e0 May M\u1eafn - Maison Chance","article_publisher":"https:\/\/www.facebook.com\/dnxh.nhamayman\/","og_image":[{"width":600,"height":600,"url":"https:\/\/maison-chance.org\/shop\/wp-content\/uploads\/2024\/12\/banh-mi-baguette.png","type":"image\/png"}],"twitter_card":"summary_large_image","twitter_misc":{"Prix":"&euro;0.28","Disponibilit\u00e9":"En stock"},"schema":{"@context":"https:\/\/schema.org","@graph":[{"@type":"WebPage","@id":"https:\/\/maison-chance.org\/shop\/fr\/produit\/baguette","url":"https:\/\/maison-chance.org\/shop\/fr\/produit\/baguette","name":"Baguette - Nh\u00e0 May M\u1eafn - Maison Chance","isPartOf":{"@id":"https:\/\/maison-chance.org\/shop\/fr#website"},"primaryImageOfPage":{"@id":"https:\/\/maison-chance.org\/shop\/fr\/produit\/baguette#primaryimage"},"image":{"@id":"https:\/\/maison-chance.org\/shop\/fr\/produit\/baguette#primaryimage"},"thumbnailUrl":"https:\/\/maison-chance.org\/shop\/wp-content\/uploads\/2024\/12\/banh-mi-baguette.png","datePublished":"2024-12-10T04:01:08+00:00","description":"Le pain Baguette de Maison Chance est le point culminant de l'art de la boulangerie fran\u00e7aise traditionnelle et d'une attention m\u00e9ticuleuse \u00e0 chaque \u00e9tape de production. Avec une recette unique, soigneusement s\u00e9lectionn\u00e9e et am\u00e9lior\u00e9e, chaque baguette est une \u0153uvre d'art culinaire, apportant une exp\u00e9rience de boulangerie authentique d'une boulangerie professionnelle","breadcrumb":{"@id":"https:\/\/maison-chance.org\/shop\/fr\/produit\/baguette#breadcrumb"},"inLanguage":"fr-FR","potentialAction":[{"@type":"ReadAction","target":["https:\/\/maison-chance.org\/shop\/fr\/produit\/baguette"]}]},{"@type":"ImageObject","inLanguage":"fr-FR","@id":"https:\/\/maison-chance.org\/shop\/fr\/produit\/baguette#primaryimage","url":"https:\/\/maison-chance.org\/shop\/wp-content\/uploads\/2024\/12\/banh-mi-baguette.png","contentUrl":"https:\/\/maison-chance.org\/shop\/wp-content\/uploads\/2024\/12\/banh-mi-baguette.png","width":600,"height":600,"caption":"Baguette"},{"@type":"BreadcrumbList","@id":"https:\/\/maison-chance.org\/shop\/fr\/produit\/baguette#breadcrumb","itemListElement":[{"@type":"ListItem","position":1,"name":"Trang ch\u1ee7","item":"https:\/\/maison-chance.org\/shop\/fr"},{"@type":"ListItem","position":2,"name":"Boutique","item":"https:\/\/maison-chance.org\/shop\/shop"},{"@type":"ListItem","position":3,"name":"Baguette"}]},{"@type":"WebSite","@id":"https:\/\/maison-chance.org\/shop\/fr#website","url":"https:\/\/maison-chance.org\/shop\/fr","name":"Nh\u00e0 May M\u1eafn - Maison Chance","description":"M\u1ecdi l\u1ee3i nhu\u1eadn thu v\u1ec1 t\u1eeb vi\u1ec7c b\u00e1n h\u00e0ng s\u1ebd tr\u00edch m\u1ed9t ph\u1ea7n \u0111\u1ec3 ch\u0103m lo cho \u0111\u1eddi s\u1ed1ng c\u00e1c b\u1ea1n khuy\u1ebft t\u1eadt v\u00e0 tr\u1ebb m\u1ed3 c\u00f4i \u1edf \u0111\u00e2y","publisher":{"@id":"https:\/\/maison-chance.org\/shop\/fr#organization"},"potentialAction":[{"@type":"SearchAction","target":{"@type":"EntryPoint","urlTemplate":"https:\/\/maison-chance.org\/shop\/fr?s={search_term_string}"},"query-input":{"@type":"PropertyValueSpecification","valueRequired":true,"valueName":"search_term_string"}}],"inLanguage":"fr-FR"},{"@type":"Organization","@id":"https:\/\/maison-chance.org\/shop\/fr#organization","name":"Nh\u00e0 May M\u1eafn - Maison Chance","url":"https:\/\/maison-chance.org\/shop\/fr","logo":{"@type":"ImageObject","inLanguage":"fr-FR","@id":"https:\/\/maison-chance.org\/shop\/fr#\/schema\/logo\/image\/","url":"https:\/\/maison-chance.org\/shop\/wp-content\/uploads\/2024\/03\/cropped-Logo_DNXH.png","contentUrl":"https:\/\/maison-chance.org\/shop\/wp-content\/uploads\/2024\/03\/cropped-Logo_DNXH.png","width":512,"height":512,"caption":"Nh\u00e0 May M\u1eafn - Maison Chance"},"image":{"@id":"https:\/\/maison-chance.org\/shop\/fr#\/schema\/logo\/image\/"},"sameAs":["https:\/\/www.facebook.com\/dnxh.nhamayman\/"]}]},"product_price_amount":"0.28","product_price_currency":"EUR","og_availability":"instock","product_availability":"instock","product_condition":"new"},"_links":{"self":[{"href":"https:\/\/maison-chance.org\/shop\/fr\/wp-json\/wp\/v2\/product\/41367","targetHints":{"allow":["GET"]}}],"collection":[{"href":"https:\/\/maison-chance.org\/shop\/fr\/wp-json\/wp\/v2\/product"}],"about":[{"href":"https:\/\/maison-chance.org\/shop\/fr\/wp-json\/wp\/v2\/types\/product"}],"wp:featuredmedia":[{"embeddable":true,"href":"https:\/\/maison-chance.org\/shop\/fr\/wp-json\/wp\/v2\/media\/41363"}],"wp:attachment":[{"href":"https:\/\/maison-chance.org\/shop\/fr\/wp-json\/wp\/v2\/media?parent=41367"}],"wp:term":[{"taxonomy":"product_brand","embeddable":true,"href":"https:\/\/maison-chance.org\/shop\/fr\/wp-json\/wp\/v2\/product_brand?post=41367"},{"taxonomy":"product_cat","embeddable":true,"href":"https:\/\/maison-chance.org\/shop\/fr\/wp-json\/wp\/v2\/product_cat?post=41367"},{"taxonomy":"product_tag","embeddable":true,"href":"https:\/\/maison-chance.org\/shop\/fr\/wp-json\/wp\/v2\/product_tag?post=41367"}],"curies":[{"name":"wp","href":"https:\/\/api.w.org\/{rel}","templated":true}]}}