{"id":41382,"date":"2024-12-10T14:12:50","date_gmt":"2024-12-10T07:12:50","guid":{"rendered":"https:\/\/maison-chance.org\/shop\/san-pham\/gateau-a-la-fraise"},"modified":"2024-12-10T14:12:50","modified_gmt":"2024-12-10T07:12:50","slug":"gateau-a-la-fraise","status":"publish","type":"product","link":"https:\/\/maison-chance.org\/shop\/fr\/produit\/gateau-a-la-fraise","title":{"rendered":"G\u00e2teau \u00e0 la fraise"},"content":{"rendered":"<p style=\"text-align: justify;\">Maison Chance est une adresse famili\u00e8re pour des produits de p\u00e2tisserie qui apportent la perfection dans chaque d\u00e9tail. Avec chaque g\u00e2teau, Maison Chance se concentre non seulement sur des saveurs d\u00e9licieuses mais garantit toujours la qualit\u00e9 \u00e0 partir des ingr\u00e9dients les plus frais. Parmi ceux-ci, le g\u00e2teau aux fraises (T-break) se d\u00e9marque par sa combinaison d\u00e9licate d&rsquo;ingr\u00e9dients naturels et de style d\u00e9coratif \u00e9l\u00e9gant, offrant une satisfaction absolue \u00e0 ceux qui le d\u00e9gustent. D\u00e9couvrons les secrets de la cr\u00e9ation de ce d\u00e9licieux g\u00e2teau aux fraises !<\/p>\n<p style=\"text-align: justify;\">Le g\u00e9noise jaune clair et moelleux sert de fondation parfaite pour le g\u00e2teau. R\u00e9alis\u00e9 \u00e0 partir d&rsquo;ingr\u00e9dients frais comme de la farine de bl\u00e9 premium, des \u0153ufs de poule et du beurre, chaque tranche offre non seulement de la douceur et une texture fine, mais maintient \u00e9galement l&rsquo;humidit\u00e9 n\u00e9cessaire, cr\u00e9ant une base solide pour les couches de mousse ci-dessus. \u00c0 chaque bouch\u00e9e, vous ressentirez la chaleur et la douceur sucr\u00e9e se r\u00e9pandant de la couche de g\u00e9noise.<\/p>\n<p style=\"text-align: justify;\">La mousse aux fraises rose clair est un point culminant indispensable du g\u00e2teau aux fraises (T-break). La mousse est r\u00e9alis\u00e9e \u00e0 partir de fraises fra\u00eeches naturelles, offrant une saveur l\u00e9g\u00e8rement acidul\u00e9e, sucr\u00e9e et extr\u00eamement rafra\u00eechissante. En le d\u00e9gustant, vous ressentirez sa douceur fondante en bouche, se m\u00e9langeant merveilleusement \u00e0 la couche de g\u00e9noise. Cette d\u00e9licatesse rend le g\u00e2teau unique, offrant une exp\u00e9rience gustative exquise difficile \u00e0 trouver dans d&rsquo;autres g\u00e2teaux.<\/p>\n<p style=\"text-align: justify;\">Le g\u00e2teau aux fraises (T-break) de Maison Chance est d\u00e9cor\u00e9 avec une sauce aux fraises rouge lisse, cr\u00e9ant une apparence attrayante et accrocheur. La sauce aux fraises met non seulement en valeur la couleur du g\u00e2teau mais am\u00e9liore \u00e9galement la douceur l\u00e9g\u00e8re et d\u00e9licate, compl\u00e9tant la mousse aux fraises. Couronn\u00e9 d&rsquo;une cr\u00e8me blanche douce et lisse qui adoucit la douceur des fraises et apporte un \u00e9quilibre gustatif parfait. Des tranches de fraises rouges et pleines sont plac\u00e9es au-dessus, rendant ce dessert encore plus remarquable et s\u00e9duisant.<\/p>\n<p style=\"text-align: justify;\">Le g\u00e2teau aux fraises (T-break) attire non seulement par sa saveur extraordinaire mais aussi par son apparence parfaite. La combinaison du jaune clair de la g\u00e9noise, du rose vif de la mousse et du rouge \u00e9clatant de la sauce aux fraises cr\u00e9e un tableau vivant et all\u00e9chant. En particulier, chaque g\u00e2teau est m\u00e9ticuleusement pr\u00e9par\u00e9, avec des couches de cr\u00e8me et de fraises fra\u00eeches qui le rendent impossible \u00e0 refuser.<\/p>\n<p style=\"text-align: justify;\">Le g\u00e2teau aux fraises (T-break) de <a href=\"https:\/\/maison-chance.org\/shop\">Maison Chance<\/a> est plus qu&rsquo;une simple p\u00e2tisserie sucr\u00e9e &#8211; c&rsquo;est une exp\u00e9rience culinaire m\u00e9morable. Chaque g\u00e2teau contient de l&rsquo;amour et du soin \u00e0 chaque \u00e9tape de pr\u00e9paration, de la s\u00e9lection des ingr\u00e9dients \u00e0 la d\u00e9coration m\u00e9ticuleuse. C&rsquo;est le cadeau parfait pour vous r\u00e9galer avec votre famille et vos amis lors d&rsquo;occasions sp\u00e9ciales ou pour rendre les journ\u00e9es ordinaires plus douces.<\/p>\n","protected":false},"excerpt":{"rendered":"<p style=\"text-align: justify;\">Les produits de p\u00e2tisserie sont fabriqu\u00e9s par de jeunes orphelins actuellement pris en charge par Maison Chance. Nous vous prions de bien vouloir nous soutenir !<\/p>\n<p>Ligne directe : <span style=\"font-size: 20px;\"><strong><span style=\"color: #ff0000;\">0909 06 25 28<\/span><\/strong><\/span><\/p>\n","protected":false},"featured_media":41378,"template":"","meta":[],"product_brand":[],"product_cat":[210,219],"product_tag":[],"class_list":{"0":"post-41382","1":"product","2":"type-product","3":"status-publish","4":"has-post-thumbnail","6":"product_cat-boulangerie","7":"product_cat-viennoiseries-patisseries","9":"first","10":"instock","11":"shipping-taxable","12":"purchasable","13":"product-type-simple"},"yoast_head":"<!-- This site is optimized with the Yoast SEO Premium plugin v22.7 (Yoast SEO v25.3.1) - https:\/\/yoast.com\/wordpress\/plugins\/seo\/ -->\n<title>G\u00e2teau \u00e0 la fraise - Nh\u00e0 May M\u1eafn - Maison Chance<\/title>\n<meta name=\"description\" content=\"Le g\u00e2teau aux fraises (T-break) se d\u00e9marque par sa combinaison d\u00e9licate d&#039;ingr\u00e9dients naturels et de style d\u00e9coratif \u00e9l\u00e9gant, offrant une satisfaction absolue \u00e0 ceux qui le d\u00e9gustent. D\u00e9couvrons les secrets de la cr\u00e9ation de ce d\u00e9licieux g\u00e2teau aux fraises\" \/>\n<meta name=\"robots\" content=\"index, follow, max-snippet:-1, max-image-preview:large, max-video-preview:-1\" \/>\n<link rel=\"canonical\" href=\"https:\/\/maison-chance.org\/shop\/fr\/produit\/gateau-a-la-fraise\" \/>\n<meta property=\"og:locale\" content=\"fr_FR\" \/>\n<meta property=\"og:type\" content=\"article\" \/>\n<meta property=\"og:title\" content=\"G\u00e2teau \u00e0 la fraise\" \/>\n<meta property=\"og:description\" content=\"Le g\u00e2teau aux fraises (T-break) se d\u00e9marque par sa combinaison d\u00e9licate d&#039;ingr\u00e9dients naturels et de style d\u00e9coratif \u00e9l\u00e9gant, offrant une satisfaction absolue \u00e0 ceux qui le d\u00e9gustent. D\u00e9couvrons les secrets de la cr\u00e9ation de ce d\u00e9licieux g\u00e2teau aux fraises\" \/>\n<meta property=\"og:url\" content=\"https:\/\/maison-chance.org\/shop\/fr\/produit\/gateau-a-la-fraise\" \/>\n<meta property=\"og:site_name\" content=\"Nh\u00e0 May M\u1eafn - Maison Chance\" \/>\n<meta property=\"article:publisher\" content=\"https:\/\/www.facebook.com\/dnxh.nhamayman\/\" \/>\n<meta property=\"og:image\" content=\"https:\/\/maison-chance.org\/shop\/wp-content\/uploads\/2024\/12\/banh-dau-tay-t-break.png\" \/>\n\t<meta property=\"og:image:width\" content=\"600\" \/>\n\t<meta property=\"og:image:height\" content=\"600\" \/>\n\t<meta property=\"og:image:type\" content=\"image\/png\" \/>\n<meta name=\"twitter:card\" content=\"summary_large_image\" \/>\n<meta name=\"twitter:label1\" content=\"Prix\" \/>\n\t<meta name=\"twitter:data1\" content=\"&euro;0.46\" \/>\n\t<meta name=\"twitter:label2\" content=\"Disponibilit\u00e9\" \/>\n\t<meta name=\"twitter:data2\" content=\"En stock\" \/>\n<script type=\"application\/ld+json\" class=\"yoast-schema-graph\">{\"@context\":\"https:\/\/schema.org\",\"@graph\":[{\"@type\":\"WebPage\",\"@id\":\"https:\/\/maison-chance.org\/shop\/fr\/produit\/gateau-a-la-fraise\",\"url\":\"https:\/\/maison-chance.org\/shop\/fr\/produit\/gateau-a-la-fraise\",\"name\":\"G\u00e2teau \u00e0 la fraise - Nh\u00e0 May M\u1eafn - Maison Chance\",\"isPartOf\":{\"@id\":\"https:\/\/maison-chance.org\/shop\/fr#website\"},\"primaryImageOfPage\":{\"@id\":\"https:\/\/maison-chance.org\/shop\/fr\/produit\/gateau-a-la-fraise#primaryimage\"},\"image\":{\"@id\":\"https:\/\/maison-chance.org\/shop\/fr\/produit\/gateau-a-la-fraise#primaryimage\"},\"thumbnailUrl\":\"https:\/\/maison-chance.org\/shop\/wp-content\/uploads\/2024\/12\/banh-dau-tay-t-break.png\",\"datePublished\":\"2024-12-10T07:12:50+00:00\",\"description\":\"Le g\u00e2teau aux fraises (T-break) se d\u00e9marque par sa combinaison d\u00e9licate d'ingr\u00e9dients naturels et de style d\u00e9coratif \u00e9l\u00e9gant, offrant une satisfaction absolue \u00e0 ceux qui le d\u00e9gustent. D\u00e9couvrons les secrets de la cr\u00e9ation de ce d\u00e9licieux g\u00e2teau aux fraises\",\"breadcrumb\":{\"@id\":\"https:\/\/maison-chance.org\/shop\/fr\/produit\/gateau-a-la-fraise#breadcrumb\"},\"inLanguage\":\"fr-FR\",\"potentialAction\":[{\"@type\":\"ReadAction\",\"target\":[\"https:\/\/maison-chance.org\/shop\/fr\/produit\/gateau-a-la-fraise\"]}]},{\"@type\":\"ImageObject\",\"inLanguage\":\"fr-FR\",\"@id\":\"https:\/\/maison-chance.org\/shop\/fr\/produit\/gateau-a-la-fraise#primaryimage\",\"url\":\"https:\/\/maison-chance.org\/shop\/wp-content\/uploads\/2024\/12\/banh-dau-tay-t-break.png\",\"contentUrl\":\"https:\/\/maison-chance.org\/shop\/wp-content\/uploads\/2024\/12\/banh-dau-tay-t-break.png\",\"width\":600,\"height\":600,\"caption\":\"G\u00e2teau \u00e0 la fraise\"},{\"@type\":\"BreadcrumbList\",\"@id\":\"https:\/\/maison-chance.org\/shop\/fr\/produit\/gateau-a-la-fraise#breadcrumb\",\"itemListElement\":[{\"@type\":\"ListItem\",\"position\":1,\"name\":\"Trang ch\u1ee7\",\"item\":\"https:\/\/maison-chance.org\/shop\/fr\"},{\"@type\":\"ListItem\",\"position\":2,\"name\":\"Boutique\",\"item\":\"https:\/\/maison-chance.org\/shop\/shop\"},{\"@type\":\"ListItem\",\"position\":3,\"name\":\"G\u00e2teau \u00e0 la fraise\"}]},{\"@type\":\"WebSite\",\"@id\":\"https:\/\/maison-chance.org\/shop\/fr#website\",\"url\":\"https:\/\/maison-chance.org\/shop\/fr\",\"name\":\"Nh\u00e0 May M\u1eafn - Maison Chance\",\"description\":\"M\u1ecdi l\u1ee3i nhu\u1eadn thu v\u1ec1 t\u1eeb vi\u1ec7c b\u00e1n h\u00e0ng s\u1ebd tr\u00edch m\u1ed9t ph\u1ea7n \u0111\u1ec3 ch\u0103m lo cho \u0111\u1eddi s\u1ed1ng c\u00e1c b\u1ea1n khuy\u1ebft t\u1eadt v\u00e0 tr\u1ebb m\u1ed3 c\u00f4i \u1edf \u0111\u00e2y\",\"publisher\":{\"@id\":\"https:\/\/maison-chance.org\/shop\/fr#organization\"},\"potentialAction\":[{\"@type\":\"SearchAction\",\"target\":{\"@type\":\"EntryPoint\",\"urlTemplate\":\"https:\/\/maison-chance.org\/shop\/fr?s={search_term_string}\"},\"query-input\":{\"@type\":\"PropertyValueSpecification\",\"valueRequired\":true,\"valueName\":\"search_term_string\"}}],\"inLanguage\":\"fr-FR\"},{\"@type\":\"Organization\",\"@id\":\"https:\/\/maison-chance.org\/shop\/fr#organization\",\"name\":\"Nh\u00e0 May M\u1eafn - Maison Chance\",\"url\":\"https:\/\/maison-chance.org\/shop\/fr\",\"logo\":{\"@type\":\"ImageObject\",\"inLanguage\":\"fr-FR\",\"@id\":\"https:\/\/maison-chance.org\/shop\/fr#\/schema\/logo\/image\/\",\"url\":\"https:\/\/maison-chance.org\/shop\/wp-content\/uploads\/2024\/03\/cropped-Logo_DNXH.png\",\"contentUrl\":\"https:\/\/maison-chance.org\/shop\/wp-content\/uploads\/2024\/03\/cropped-Logo_DNXH.png\",\"width\":512,\"height\":512,\"caption\":\"Nh\u00e0 May M\u1eafn - Maison Chance\"},\"image\":{\"@id\":\"https:\/\/maison-chance.org\/shop\/fr#\/schema\/logo\/image\/\"},\"sameAs\":[\"https:\/\/www.facebook.com\/dnxh.nhamayman\/\"]}]}<\/script>\n<meta property=\"product:price:amount\" content=\"0.46\" \/>\n<meta property=\"product:price:currency\" content=\"EUR\" \/>\n<meta property=\"og:availability\" content=\"instock\" \/>\n<meta property=\"product:availability\" content=\"instock\" \/>\n<meta property=\"product:condition\" content=\"new\" \/>\n<!-- \/ Yoast SEO Premium plugin. -->","yoast_head_json":{"title":"G\u00e2teau \u00e0 la fraise - Nh\u00e0 May M\u1eafn - Maison Chance","description":"Le g\u00e2teau aux fraises (T-break) se d\u00e9marque par sa combinaison d\u00e9licate d'ingr\u00e9dients naturels et de style d\u00e9coratif \u00e9l\u00e9gant, offrant une satisfaction absolue \u00e0 ceux qui le d\u00e9gustent. D\u00e9couvrons les secrets de la cr\u00e9ation de ce d\u00e9licieux g\u00e2teau aux fraises","robots":{"index":"index","follow":"follow","max-snippet":"max-snippet:-1","max-image-preview":"max-image-preview:large","max-video-preview":"max-video-preview:-1"},"canonical":"https:\/\/maison-chance.org\/shop\/fr\/produit\/gateau-a-la-fraise","og_locale":"fr_FR","og_type":"article","og_title":"G\u00e2teau \u00e0 la fraise","og_description":"Le g\u00e2teau aux fraises (T-break) se d\u00e9marque par sa combinaison d\u00e9licate d'ingr\u00e9dients naturels et de style d\u00e9coratif \u00e9l\u00e9gant, offrant une satisfaction absolue \u00e0 ceux qui le d\u00e9gustent. D\u00e9couvrons les secrets de la cr\u00e9ation de ce d\u00e9licieux g\u00e2teau aux fraises","og_url":"https:\/\/maison-chance.org\/shop\/fr\/produit\/gateau-a-la-fraise","og_site_name":"Nh\u00e0 May M\u1eafn - Maison Chance","article_publisher":"https:\/\/www.facebook.com\/dnxh.nhamayman\/","og_image":[{"width":600,"height":600,"url":"https:\/\/maison-chance.org\/shop\/wp-content\/uploads\/2024\/12\/banh-dau-tay-t-break.png","type":"image\/png"}],"twitter_card":"summary_large_image","twitter_misc":{"Prix":"&euro;0.46","Disponibilit\u00e9":"En stock"},"schema":{"@context":"https:\/\/schema.org","@graph":[{"@type":"WebPage","@id":"https:\/\/maison-chance.org\/shop\/fr\/produit\/gateau-a-la-fraise","url":"https:\/\/maison-chance.org\/shop\/fr\/produit\/gateau-a-la-fraise","name":"G\u00e2teau \u00e0 la fraise - Nh\u00e0 May M\u1eafn - Maison Chance","isPartOf":{"@id":"https:\/\/maison-chance.org\/shop\/fr#website"},"primaryImageOfPage":{"@id":"https:\/\/maison-chance.org\/shop\/fr\/produit\/gateau-a-la-fraise#primaryimage"},"image":{"@id":"https:\/\/maison-chance.org\/shop\/fr\/produit\/gateau-a-la-fraise#primaryimage"},"thumbnailUrl":"https:\/\/maison-chance.org\/shop\/wp-content\/uploads\/2024\/12\/banh-dau-tay-t-break.png","datePublished":"2024-12-10T07:12:50+00:00","description":"Le g\u00e2teau aux fraises (T-break) se d\u00e9marque par sa combinaison d\u00e9licate d'ingr\u00e9dients naturels et de style d\u00e9coratif \u00e9l\u00e9gant, offrant une satisfaction absolue \u00e0 ceux qui le d\u00e9gustent. D\u00e9couvrons les secrets de la cr\u00e9ation de ce d\u00e9licieux g\u00e2teau aux fraises","breadcrumb":{"@id":"https:\/\/maison-chance.org\/shop\/fr\/produit\/gateau-a-la-fraise#breadcrumb"},"inLanguage":"fr-FR","potentialAction":[{"@type":"ReadAction","target":["https:\/\/maison-chance.org\/shop\/fr\/produit\/gateau-a-la-fraise"]}]},{"@type":"ImageObject","inLanguage":"fr-FR","@id":"https:\/\/maison-chance.org\/shop\/fr\/produit\/gateau-a-la-fraise#primaryimage","url":"https:\/\/maison-chance.org\/shop\/wp-content\/uploads\/2024\/12\/banh-dau-tay-t-break.png","contentUrl":"https:\/\/maison-chance.org\/shop\/wp-content\/uploads\/2024\/12\/banh-dau-tay-t-break.png","width":600,"height":600,"caption":"G\u00e2teau \u00e0 la fraise"},{"@type":"BreadcrumbList","@id":"https:\/\/maison-chance.org\/shop\/fr\/produit\/gateau-a-la-fraise#breadcrumb","itemListElement":[{"@type":"ListItem","position":1,"name":"Trang ch\u1ee7","item":"https:\/\/maison-chance.org\/shop\/fr"},{"@type":"ListItem","position":2,"name":"Boutique","item":"https:\/\/maison-chance.org\/shop\/shop"},{"@type":"ListItem","position":3,"name":"G\u00e2teau \u00e0 la fraise"}]},{"@type":"WebSite","@id":"https:\/\/maison-chance.org\/shop\/fr#website","url":"https:\/\/maison-chance.org\/shop\/fr","name":"Nh\u00e0 May M\u1eafn - Maison Chance","description":"M\u1ecdi l\u1ee3i nhu\u1eadn thu v\u1ec1 t\u1eeb vi\u1ec7c b\u00e1n h\u00e0ng s\u1ebd tr\u00edch m\u1ed9t ph\u1ea7n \u0111\u1ec3 ch\u0103m lo cho \u0111\u1eddi s\u1ed1ng c\u00e1c b\u1ea1n khuy\u1ebft t\u1eadt v\u00e0 tr\u1ebb m\u1ed3 c\u00f4i \u1edf \u0111\u00e2y","publisher":{"@id":"https:\/\/maison-chance.org\/shop\/fr#organization"},"potentialAction":[{"@type":"SearchAction","target":{"@type":"EntryPoint","urlTemplate":"https:\/\/maison-chance.org\/shop\/fr?s={search_term_string}"},"query-input":{"@type":"PropertyValueSpecification","valueRequired":true,"valueName":"search_term_string"}}],"inLanguage":"fr-FR"},{"@type":"Organization","@id":"https:\/\/maison-chance.org\/shop\/fr#organization","name":"Nh\u00e0 May M\u1eafn - Maison Chance","url":"https:\/\/maison-chance.org\/shop\/fr","logo":{"@type":"ImageObject","inLanguage":"fr-FR","@id":"https:\/\/maison-chance.org\/shop\/fr#\/schema\/logo\/image\/","url":"https:\/\/maison-chance.org\/shop\/wp-content\/uploads\/2024\/03\/cropped-Logo_DNXH.png","contentUrl":"https:\/\/maison-chance.org\/shop\/wp-content\/uploads\/2024\/03\/cropped-Logo_DNXH.png","width":512,"height":512,"caption":"Nh\u00e0 May M\u1eafn - Maison Chance"},"image":{"@id":"https:\/\/maison-chance.org\/shop\/fr#\/schema\/logo\/image\/"},"sameAs":["https:\/\/www.facebook.com\/dnxh.nhamayman\/"]}]},"product_price_amount":"0.46","product_price_currency":"EUR","og_availability":"instock","product_availability":"instock","product_condition":"new"},"_links":{"self":[{"href":"https:\/\/maison-chance.org\/shop\/fr\/wp-json\/wp\/v2\/product\/41382","targetHints":{"allow":["GET"]}}],"collection":[{"href":"https:\/\/maison-chance.org\/shop\/fr\/wp-json\/wp\/v2\/product"}],"about":[{"href":"https:\/\/maison-chance.org\/shop\/fr\/wp-json\/wp\/v2\/types\/product"}],"wp:featuredmedia":[{"embeddable":true,"href":"https:\/\/maison-chance.org\/shop\/fr\/wp-json\/wp\/v2\/media\/41378"}],"wp:attachment":[{"href":"https:\/\/maison-chance.org\/shop\/fr\/wp-json\/wp\/v2\/media?parent=41382"}],"wp:term":[{"taxonomy":"product_brand","embeddable":true,"href":"https:\/\/maison-chance.org\/shop\/fr\/wp-json\/wp\/v2\/product_brand?post=41382"},{"taxonomy":"product_cat","embeddable":true,"href":"https:\/\/maison-chance.org\/shop\/fr\/wp-json\/wp\/v2\/product_cat?post=41382"},{"taxonomy":"product_tag","embeddable":true,"href":"https:\/\/maison-chance.org\/shop\/fr\/wp-json\/wp\/v2\/product_tag?post=41382"}],"curies":[{"name":"wp","href":"https:\/\/api.w.org\/{rel}","templated":true}]}}