{"id":41394,"date":"2024-12-10T14:44:01","date_gmt":"2024-12-10T07:44:01","guid":{"rendered":"https:\/\/maison-chance.org\/shop\/san-pham\/gateau-tiramisu-matcha"},"modified":"2024-12-10T14:44:01","modified_gmt":"2024-12-10T07:44:01","slug":"gateau-tiramisu-matcha","status":"publish","type":"product","link":"https:\/\/maison-chance.org\/shop\/fr\/produit\/gateau-tiramisu-matcha","title":{"rendered":"G\u00e2teau Tiramisu matcha"},"content":{"rendered":"<p style=\"text-align: justify;\">Maison Chance, une organisation caritative ayant pour mission de fournir des opportunit\u00e9s et de l&rsquo;espoir aux jeunes handicap\u00e9s, a lanc\u00e9 un nouveau produit &#8211; Tiramisu au Th\u00e9 Vert (T-brea<a href=\"https:\/\/maison-chance.org\/shop\/san-pham\/banh-tiramisu-tra-xanh-t-break\">k)<\/a>. Avec une combinaison d\u00e9licate de saveur de th\u00e9 vert frais et de la texture douce du fromage \u00e0 la cr\u00e8me, ce g\u00e2teau promet d&rsquo;offrir une exp\u00e9rience culinaire unique pour ceux qui aiment les desserts distinctifs.<\/p>\n<p style=\"text-align: justify;\">La base du Tiramisu au Th\u00e9 Vert de Maison Chance est faite d&rsquo;ingr\u00e9dients de haute qualit\u00e9. La couche ext\u00e9rieure du g\u00e2teau porte une couleur verte distinctive, cr\u00e9\u00e9e \u00e0 partir de poudre de th\u00e9 vert de premi\u00e8re qualit\u00e9. La couche de cr\u00e8me int\u00e9rieure a une teinte verte claire, pr\u00e9par\u00e9e avec du fromage \u00e0 la cr\u00e8me et du lait frais local, offrant une saveur lisse et rafra\u00eechissante.<\/p>\n<p style=\"text-align: justify;\">En dessous se trouve une couche de g\u00e2teau spongieuse, cr\u00e9ant un \u00e9quilibre parfait entre la spongiosit\u00e9 et la douceur. Les jeunes handicap\u00e9s de Maison Chance ont d\u00e9montr\u00e9 leur talent et leurs comp\u00e9tences de p\u00e2tisserie \u00e9tonnants, sous la guidance et la supervision d&rsquo;experts.<\/p>\n<p style=\"text-align: justify;\">Tiramisu au Th\u00e9 Vert (T-break) de Maison Chance n&rsquo;est pas seulement un g\u00e2teau d\u00e9licieux, mais aussi un moyen de soutenir et de r\u00e9pandre l&rsquo;espoir pour les jeunes handicap\u00e9s. Savourez cette saveur unique et partagez-la avec vos proches. Chaque g\u00e2teau contribuera \u00e0 apporter des opportunit\u00e9s, de la joie et un avenir radieux aux jeunes qui luttent pour surmonter l&rsquo;adversit\u00e9. Joignez-vous \u00e0 nous pour soutenir <a href=\"https:\/\/maison-chance.org\/shop\">Maison Chance<\/a> et leurs produits significatifs !<\/p>\n","protected":false},"excerpt":{"rendered":"<p style=\"text-align: justify;\">Les produits de p\u00e2tisserie sucr\u00e9e sont r\u00e9alis\u00e9s par de jeunes orphelins actuellement pris en charge par Maison Chance. Nous vous prions de bien vouloir nous soutenir !<\/p>\n<p>Hotline : <span style=\"font-size: 20px;\"><strong><span style=\"color: #ff0000;\">0909 06 25 28<\/span><\/strong><\/span><\/p>\n","protected":false},"featured_media":41390,"template":"","meta":[],"product_brand":[],"product_cat":[210,219],"product_tag":[],"class_list":{"0":"post-41394","1":"product","2":"type-product","3":"status-publish","4":"has-post-thumbnail","6":"product_cat-boulangerie","7":"product_cat-viennoiseries-patisseries","9":"first","10":"instock","11":"shipping-taxable","12":"purchasable","13":"product-type-simple"},"yoast_head":"<!-- This site is optimized with the Yoast SEO Premium plugin v22.7 (Yoast SEO v25.3.1) - https:\/\/yoast.com\/wordpress\/plugins\/seo\/ -->\n<title>G\u00e2teau Tiramisu matcha - Nh\u00e0 May M\u1eafn - Maison Chance<\/title>\n<meta name=\"description\" content=\"Le Tiramisu au Th\u00e9 Vert (T-break) de Maison Chance n&#039;est pas seulement un g\u00e2teau d\u00e9licieux, mais aussi un moyen de soutenir et de r\u00e9pandre l&#039;espoir pour les jeunes handicap\u00e9s. Savourez cette saveur unique et partagez-la avec vos proches\" \/>\n<meta name=\"robots\" content=\"index, follow, max-snippet:-1, max-image-preview:large, max-video-preview:-1\" \/>\n<link rel=\"canonical\" href=\"https:\/\/maison-chance.org\/shop\/fr\/produit\/gateau-tiramisu-matcha\" \/>\n<meta property=\"og:locale\" content=\"fr_FR\" \/>\n<meta property=\"og:type\" content=\"article\" \/>\n<meta property=\"og:title\" content=\"G\u00e2teau Tiramisu matcha\" \/>\n<meta property=\"og:description\" content=\"Le Tiramisu au Th\u00e9 Vert (T-break) de Maison Chance n&#039;est pas seulement un g\u00e2teau d\u00e9licieux, mais aussi un moyen de soutenir et de r\u00e9pandre l&#039;espoir pour les jeunes handicap\u00e9s. Savourez cette saveur unique et partagez-la avec vos proches\" \/>\n<meta property=\"og:url\" content=\"https:\/\/maison-chance.org\/shop\/fr\/produit\/gateau-tiramisu-matcha\" \/>\n<meta property=\"og:site_name\" content=\"Nh\u00e0 May M\u1eafn - Maison Chance\" \/>\n<meta property=\"article:publisher\" content=\"https:\/\/www.facebook.com\/dnxh.nhamayman\/\" \/>\n<meta property=\"og:image\" content=\"https:\/\/maison-chance.org\/shop\/wp-content\/uploads\/2024\/12\/banh-tiramisu-tra-xanh-t-break.png\" \/>\n\t<meta property=\"og:image:width\" content=\"600\" \/>\n\t<meta property=\"og:image:height\" content=\"600\" \/>\n\t<meta property=\"og:image:type\" content=\"image\/png\" \/>\n<meta name=\"twitter:card\" content=\"summary_large_image\" \/>\n<meta name=\"twitter:label1\" content=\"Prix\" \/>\n\t<meta name=\"twitter:data1\" content=\"&euro;0.46\" \/>\n\t<meta name=\"twitter:label2\" content=\"Disponibilit\u00e9\" \/>\n\t<meta name=\"twitter:data2\" content=\"En stock\" \/>\n<script type=\"application\/ld+json\" class=\"yoast-schema-graph\">{\"@context\":\"https:\/\/schema.org\",\"@graph\":[{\"@type\":\"WebPage\",\"@id\":\"https:\/\/maison-chance.org\/shop\/fr\/produit\/gateau-tiramisu-matcha\",\"url\":\"https:\/\/maison-chance.org\/shop\/fr\/produit\/gateau-tiramisu-matcha\",\"name\":\"G\u00e2teau Tiramisu matcha - Nh\u00e0 May M\u1eafn - Maison Chance\",\"isPartOf\":{\"@id\":\"https:\/\/maison-chance.org\/shop\/fr#website\"},\"primaryImageOfPage\":{\"@id\":\"https:\/\/maison-chance.org\/shop\/fr\/produit\/gateau-tiramisu-matcha#primaryimage\"},\"image\":{\"@id\":\"https:\/\/maison-chance.org\/shop\/fr\/produit\/gateau-tiramisu-matcha#primaryimage\"},\"thumbnailUrl\":\"https:\/\/maison-chance.org\/shop\/wp-content\/uploads\/2024\/12\/banh-tiramisu-tra-xanh-t-break.png\",\"datePublished\":\"2024-12-10T07:44:01+00:00\",\"description\":\"Le Tiramisu au Th\u00e9 Vert (T-break) de Maison Chance n'est pas seulement un g\u00e2teau d\u00e9licieux, mais aussi un moyen de soutenir et de r\u00e9pandre l'espoir pour les jeunes handicap\u00e9s. Savourez cette saveur unique et partagez-la avec vos proches\",\"breadcrumb\":{\"@id\":\"https:\/\/maison-chance.org\/shop\/fr\/produit\/gateau-tiramisu-matcha#breadcrumb\"},\"inLanguage\":\"fr-FR\",\"potentialAction\":[{\"@type\":\"ReadAction\",\"target\":[\"https:\/\/maison-chance.org\/shop\/fr\/produit\/gateau-tiramisu-matcha\"]}]},{\"@type\":\"ImageObject\",\"inLanguage\":\"fr-FR\",\"@id\":\"https:\/\/maison-chance.org\/shop\/fr\/produit\/gateau-tiramisu-matcha#primaryimage\",\"url\":\"https:\/\/maison-chance.org\/shop\/wp-content\/uploads\/2024\/12\/banh-tiramisu-tra-xanh-t-break.png\",\"contentUrl\":\"https:\/\/maison-chance.org\/shop\/wp-content\/uploads\/2024\/12\/banh-tiramisu-tra-xanh-t-break.png\",\"width\":600,\"height\":600,\"caption\":\"G\u00e2teau Tiramisu matcha\"},{\"@type\":\"BreadcrumbList\",\"@id\":\"https:\/\/maison-chance.org\/shop\/fr\/produit\/gateau-tiramisu-matcha#breadcrumb\",\"itemListElement\":[{\"@type\":\"ListItem\",\"position\":1,\"name\":\"Trang ch\u1ee7\",\"item\":\"https:\/\/maison-chance.org\/shop\/fr\"},{\"@type\":\"ListItem\",\"position\":2,\"name\":\"Boutique\",\"item\":\"https:\/\/maison-chance.org\/shop\/shop\"},{\"@type\":\"ListItem\",\"position\":3,\"name\":\"G\u00e2teau Tiramisu matcha\"}]},{\"@type\":\"WebSite\",\"@id\":\"https:\/\/maison-chance.org\/shop\/fr#website\",\"url\":\"https:\/\/maison-chance.org\/shop\/fr\",\"name\":\"Nh\u00e0 May M\u1eafn - Maison Chance\",\"description\":\"M\u1ecdi l\u1ee3i nhu\u1eadn thu v\u1ec1 t\u1eeb vi\u1ec7c b\u00e1n h\u00e0ng s\u1ebd tr\u00edch m\u1ed9t ph\u1ea7n \u0111\u1ec3 ch\u0103m lo cho \u0111\u1eddi s\u1ed1ng c\u00e1c b\u1ea1n khuy\u1ebft t\u1eadt v\u00e0 tr\u1ebb m\u1ed3 c\u00f4i \u1edf \u0111\u00e2y\",\"publisher\":{\"@id\":\"https:\/\/maison-chance.org\/shop\/fr#organization\"},\"potentialAction\":[{\"@type\":\"SearchAction\",\"target\":{\"@type\":\"EntryPoint\",\"urlTemplate\":\"https:\/\/maison-chance.org\/shop\/fr?s={search_term_string}\"},\"query-input\":{\"@type\":\"PropertyValueSpecification\",\"valueRequired\":true,\"valueName\":\"search_term_string\"}}],\"inLanguage\":\"fr-FR\"},{\"@type\":\"Organization\",\"@id\":\"https:\/\/maison-chance.org\/shop\/fr#organization\",\"name\":\"Nh\u00e0 May M\u1eafn - Maison Chance\",\"url\":\"https:\/\/maison-chance.org\/shop\/fr\",\"logo\":{\"@type\":\"ImageObject\",\"inLanguage\":\"fr-FR\",\"@id\":\"https:\/\/maison-chance.org\/shop\/fr#\/schema\/logo\/image\/\",\"url\":\"https:\/\/maison-chance.org\/shop\/wp-content\/uploads\/2024\/03\/cropped-Logo_DNXH.png\",\"contentUrl\":\"https:\/\/maison-chance.org\/shop\/wp-content\/uploads\/2024\/03\/cropped-Logo_DNXH.png\",\"width\":512,\"height\":512,\"caption\":\"Nh\u00e0 May M\u1eafn - Maison Chance\"},\"image\":{\"@id\":\"https:\/\/maison-chance.org\/shop\/fr#\/schema\/logo\/image\/\"},\"sameAs\":[\"https:\/\/www.facebook.com\/dnxh.nhamayman\/\"]}]}<\/script>\n<meta property=\"product:price:amount\" content=\"0.46\" \/>\n<meta property=\"product:price:currency\" content=\"EUR\" \/>\n<meta property=\"og:availability\" content=\"instock\" \/>\n<meta property=\"product:availability\" content=\"instock\" \/>\n<meta property=\"product:condition\" content=\"new\" \/>\n<!-- \/ Yoast SEO Premium plugin. -->","yoast_head_json":{"title":"G\u00e2teau Tiramisu matcha - Nh\u00e0 May M\u1eafn - Maison Chance","description":"Le Tiramisu au Th\u00e9 Vert (T-break) de Maison Chance n'est pas seulement un g\u00e2teau d\u00e9licieux, mais aussi un moyen de soutenir et de r\u00e9pandre l'espoir pour les jeunes handicap\u00e9s. Savourez cette saveur unique et partagez-la avec vos proches","robots":{"index":"index","follow":"follow","max-snippet":"max-snippet:-1","max-image-preview":"max-image-preview:large","max-video-preview":"max-video-preview:-1"},"canonical":"https:\/\/maison-chance.org\/shop\/fr\/produit\/gateau-tiramisu-matcha","og_locale":"fr_FR","og_type":"article","og_title":"G\u00e2teau Tiramisu matcha","og_description":"Le Tiramisu au Th\u00e9 Vert (T-break) de Maison Chance n'est pas seulement un g\u00e2teau d\u00e9licieux, mais aussi un moyen de soutenir et de r\u00e9pandre l'espoir pour les jeunes handicap\u00e9s. Savourez cette saveur unique et partagez-la avec vos proches","og_url":"https:\/\/maison-chance.org\/shop\/fr\/produit\/gateau-tiramisu-matcha","og_site_name":"Nh\u00e0 May M\u1eafn - Maison Chance","article_publisher":"https:\/\/www.facebook.com\/dnxh.nhamayman\/","og_image":[{"width":600,"height":600,"url":"https:\/\/maison-chance.org\/shop\/wp-content\/uploads\/2024\/12\/banh-tiramisu-tra-xanh-t-break.png","type":"image\/png"}],"twitter_card":"summary_large_image","twitter_misc":{"Prix":"&euro;0.46","Disponibilit\u00e9":"En stock"},"schema":{"@context":"https:\/\/schema.org","@graph":[{"@type":"WebPage","@id":"https:\/\/maison-chance.org\/shop\/fr\/produit\/gateau-tiramisu-matcha","url":"https:\/\/maison-chance.org\/shop\/fr\/produit\/gateau-tiramisu-matcha","name":"G\u00e2teau Tiramisu matcha - Nh\u00e0 May M\u1eafn - Maison Chance","isPartOf":{"@id":"https:\/\/maison-chance.org\/shop\/fr#website"},"primaryImageOfPage":{"@id":"https:\/\/maison-chance.org\/shop\/fr\/produit\/gateau-tiramisu-matcha#primaryimage"},"image":{"@id":"https:\/\/maison-chance.org\/shop\/fr\/produit\/gateau-tiramisu-matcha#primaryimage"},"thumbnailUrl":"https:\/\/maison-chance.org\/shop\/wp-content\/uploads\/2024\/12\/banh-tiramisu-tra-xanh-t-break.png","datePublished":"2024-12-10T07:44:01+00:00","description":"Le Tiramisu au Th\u00e9 Vert (T-break) de Maison Chance n'est pas seulement un g\u00e2teau d\u00e9licieux, mais aussi un moyen de soutenir et de r\u00e9pandre l'espoir pour les jeunes handicap\u00e9s. Savourez cette saveur unique et partagez-la avec vos proches","breadcrumb":{"@id":"https:\/\/maison-chance.org\/shop\/fr\/produit\/gateau-tiramisu-matcha#breadcrumb"},"inLanguage":"fr-FR","potentialAction":[{"@type":"ReadAction","target":["https:\/\/maison-chance.org\/shop\/fr\/produit\/gateau-tiramisu-matcha"]}]},{"@type":"ImageObject","inLanguage":"fr-FR","@id":"https:\/\/maison-chance.org\/shop\/fr\/produit\/gateau-tiramisu-matcha#primaryimage","url":"https:\/\/maison-chance.org\/shop\/wp-content\/uploads\/2024\/12\/banh-tiramisu-tra-xanh-t-break.png","contentUrl":"https:\/\/maison-chance.org\/shop\/wp-content\/uploads\/2024\/12\/banh-tiramisu-tra-xanh-t-break.png","width":600,"height":600,"caption":"G\u00e2teau Tiramisu matcha"},{"@type":"BreadcrumbList","@id":"https:\/\/maison-chance.org\/shop\/fr\/produit\/gateau-tiramisu-matcha#breadcrumb","itemListElement":[{"@type":"ListItem","position":1,"name":"Trang ch\u1ee7","item":"https:\/\/maison-chance.org\/shop\/fr"},{"@type":"ListItem","position":2,"name":"Boutique","item":"https:\/\/maison-chance.org\/shop\/shop"},{"@type":"ListItem","position":3,"name":"G\u00e2teau Tiramisu matcha"}]},{"@type":"WebSite","@id":"https:\/\/maison-chance.org\/shop\/fr#website","url":"https:\/\/maison-chance.org\/shop\/fr","name":"Nh\u00e0 May M\u1eafn - Maison Chance","description":"M\u1ecdi l\u1ee3i nhu\u1eadn thu v\u1ec1 t\u1eeb vi\u1ec7c b\u00e1n h\u00e0ng s\u1ebd tr\u00edch m\u1ed9t ph\u1ea7n \u0111\u1ec3 ch\u0103m lo cho \u0111\u1eddi s\u1ed1ng c\u00e1c b\u1ea1n khuy\u1ebft t\u1eadt v\u00e0 tr\u1ebb m\u1ed3 c\u00f4i \u1edf \u0111\u00e2y","publisher":{"@id":"https:\/\/maison-chance.org\/shop\/fr#organization"},"potentialAction":[{"@type":"SearchAction","target":{"@type":"EntryPoint","urlTemplate":"https:\/\/maison-chance.org\/shop\/fr?s={search_term_string}"},"query-input":{"@type":"PropertyValueSpecification","valueRequired":true,"valueName":"search_term_string"}}],"inLanguage":"fr-FR"},{"@type":"Organization","@id":"https:\/\/maison-chance.org\/shop\/fr#organization","name":"Nh\u00e0 May M\u1eafn - Maison Chance","url":"https:\/\/maison-chance.org\/shop\/fr","logo":{"@type":"ImageObject","inLanguage":"fr-FR","@id":"https:\/\/maison-chance.org\/shop\/fr#\/schema\/logo\/image\/","url":"https:\/\/maison-chance.org\/shop\/wp-content\/uploads\/2024\/03\/cropped-Logo_DNXH.png","contentUrl":"https:\/\/maison-chance.org\/shop\/wp-content\/uploads\/2024\/03\/cropped-Logo_DNXH.png","width":512,"height":512,"caption":"Nh\u00e0 May M\u1eafn - Maison Chance"},"image":{"@id":"https:\/\/maison-chance.org\/shop\/fr#\/schema\/logo\/image\/"},"sameAs":["https:\/\/www.facebook.com\/dnxh.nhamayman\/"]}]},"product_price_amount":"0.46","product_price_currency":"EUR","og_availability":"instock","product_availability":"instock","product_condition":"new"},"_links":{"self":[{"href":"https:\/\/maison-chance.org\/shop\/fr\/wp-json\/wp\/v2\/product\/41394","targetHints":{"allow":["GET"]}}],"collection":[{"href":"https:\/\/maison-chance.org\/shop\/fr\/wp-json\/wp\/v2\/product"}],"about":[{"href":"https:\/\/maison-chance.org\/shop\/fr\/wp-json\/wp\/v2\/types\/product"}],"wp:featuredmedia":[{"embeddable":true,"href":"https:\/\/maison-chance.org\/shop\/fr\/wp-json\/wp\/v2\/media\/41390"}],"wp:attachment":[{"href":"https:\/\/maison-chance.org\/shop\/fr\/wp-json\/wp\/v2\/media?parent=41394"}],"wp:term":[{"taxonomy":"product_brand","embeddable":true,"href":"https:\/\/maison-chance.org\/shop\/fr\/wp-json\/wp\/v2\/product_brand?post=41394"},{"taxonomy":"product_cat","embeddable":true,"href":"https:\/\/maison-chance.org\/shop\/fr\/wp-json\/wp\/v2\/product_cat?post=41394"},{"taxonomy":"product_tag","embeddable":true,"href":"https:\/\/maison-chance.org\/shop\/fr\/wp-json\/wp\/v2\/product_tag?post=41394"}],"curies":[{"name":"wp","href":"https:\/\/api.w.org\/{rel}","templated":true}]}}