{"id":41422,"date":"2024-12-11T14:17:33","date_gmt":"2024-12-11T07:17:33","guid":{"rendered":"https:\/\/maison-chance.org\/shop\/san-pham\/gateau-red-velvet-2"},"modified":"2024-12-11T14:17:33","modified_gmt":"2024-12-11T07:17:33","slug":"gateau-red-velvet-2","status":"publish","type":"product","link":"https:\/\/maison-chance.org\/shop\/fr\/produit\/gateau-red-velvet-2","title":{"rendered":"G\u00e2teau Red Velvet"},"content":{"rendered":"<p style=\"text-align: justify;\">Un g\u00e2teau d\u00e9licieux ne r\u00e9side pas seulement dans sa saveur, mais dans sa capacit\u00e9 \u00e0 toucher le c\u0153ur de ceux qui le d\u00e9gustent. Avec passion et m\u00e9ticulosit\u00e9 \u00e0 chaque \u00e9tape, Maison Chance est fi\u00e8re de pr\u00e9senter le G\u00e2teau Velours Rouge (T-break) \u2013 un g\u00e2teau \u00e0 la teinte rouge s\u00e9duisante, au go\u00fbt sucr\u00e9 et \u00e0 la texture d\u00e9licate, qui vous s\u00e9duira d\u00e8s la premi\u00e8re bouch\u00e9e. Ce n&rsquo;est pas simplement une p\u00e2tisserie ordinaire, mais une marque de cr\u00e9ativit\u00e9 et de raffinement dans l&rsquo;art de la p\u00e2tisserie.<\/p>\n<p style=\"text-align: justify;\">Le G\u00e2teau Velours Rouge (T-break) se distingue par sa combinaison unique de couleur, de saveur et de texture, offrant une exp\u00e9rience de d\u00e9gustation compl\u00e8te.<\/p>\n<p style=\"text-align: justify;\">La base du g\u00e2teau \u00e0 sa couleur rouge caract\u00e9ristique est le point fort principal, cr\u00e9\u00e9e \u00e0 partir d&rsquo;ingr\u00e9dients soigneusement s\u00e9lectionn\u00e9s comme de la farine de bl\u00e9 de premium, de la poudre de cacao pure et des \u0153ufs de poule frais. La couleur rouge naturelle ne pla\u00eet pas seulement aux sens visuels mais \u00e9voque \u00e9galement des sentiments de chaleur et d&rsquo;\u00e9l\u00e9gance. Le g\u00e2teau est cuit \u00e0 la perfection, conservant son humidit\u00e9 naturelle, tendre et fondant dans la bouche, procurant une sensation de recevoir un cadeau du c\u0153ur.<\/p>\n<p style=\"text-align: justify;\">On ne peut ignorer la couche de cr\u00e8me de fromage blanc lisse entre les couches de g\u00e2teau velours rouge. Pr\u00e9par\u00e9e \u00e0 partir de cream cheese pur, cette couche a une l\u00e9g\u00e8re douceur, riche et cr\u00e9meuse sans \u00eatre \u00e9c\u0153urante. Le m\u00e9lange de cream cheese et de la base du g\u00e2teau cr\u00e9e une symphonie culinaire parfaite, faisant de chaque bouch\u00e9e une exp\u00e9rience compl\u00e8te.<\/p>\n<p style=\"text-align: justify;\">La surface du g\u00e2teau est parsem\u00e9e de petites miettes de g\u00e2teau rouge jolies, cr\u00e9ant une harmonie de couleurs. La branche de menthe verte fra\u00eeche sur le dessus n&rsquo;am\u00e9liore pas seulement la beaut\u00e9 naturelle mais cr\u00e9e \u00e9galement une sensation de fra\u00eecheur et de l\u00e9g\u00e8ret\u00e9. La d\u00e9coration d\u00e9licate fait en sorte que le G\u00e2teau Velours Rouge (T-break) ne soit pas seulement un plat mais une \u0153uvre d&rsquo;art attrayante.<\/p>\n<p style=\"text-align: justify;\">La combinaison de la saveur de cacao subtile, de la douceur l\u00e9g\u00e8re du fromage et de la texture tendre du g\u00e2teau offre une exp\u00e9rience culinaire inoubliable. Qu&rsquo;il soit d\u00e9gust\u00e9 avec du th\u00e9, du caf\u00e9 ou lors de f\u00eates, le G\u00e2teau Velours Rouge de Maison Chance est toujours un choix parfait, contribuant \u00e0 cr\u00e9er des moments m\u00e9morables.<\/p>\n<p style=\"text-align: justify;\">Ce n&rsquo;est pas un hasard si le G\u00e2teau Velours Rouge (T-break) est devenu un produit favori chez <a href=\"https:\/\/maison-chance.org\/shop\">Maison Chance<\/a>. Ce n&rsquo;est pas seulement un g\u00e2teau d\u00e9licieux mais un cadeau significatif pour vos proches ou pour vous-m\u00eame. Raffin\u00e9 dans sa saveur et son apparence, ce g\u00e2teau promet de satisfaire m\u00eame les amateurs de nourriture les plus exigeants.<\/p>\n","protected":false},"excerpt":{"rendered":"<p style=\"text-align: justify;\">Les produits de p\u00e2tisserie sucr\u00e9e sont fabriqu\u00e9s par de jeunes orphelins actuellement pris en charge par Maison Chance. Nous vous prions de bien vouloir nous soutenir !<\/p>\n<p>Ligne t\u00e9l\u00e9phonique : <span style=\"font-size: 20px;\"><strong><span style=\"color: #ff0000;\">0909 06 25 28<\/span><\/strong><\/span><\/p>\n","protected":false},"featured_media":41418,"template":"","meta":[],"product_brand":[],"product_cat":[210,219],"product_tag":[],"class_list":{"0":"post-41422","1":"product","2":"type-product","3":"status-publish","4":"has-post-thumbnail","6":"product_cat-boulangerie","7":"product_cat-viennoiseries-patisseries","9":"first","10":"instock","11":"shipping-taxable","12":"purchasable","13":"product-type-simple"},"yoast_head":"<!-- This site is optimized with the Yoast SEO Premium plugin v22.7 (Yoast SEO v25.3.1) - https:\/\/yoast.com\/wordpress\/plugins\/seo\/ -->\n<title>G\u00e2teau Red Velvet - Nh\u00e0 May M\u1eafn - Maison Chance<\/title>\n<meta name=\"description\" content=\"Ce n&#039;est pas un hasard si le G\u00e2teau Velours Rouge (T-break) est devenu un produit favori chez Maison Chance. Ce n&#039;est pas seulement un g\u00e2teau d\u00e9licieux mais un cadeau significatif pour vos proches ou pour vous-m\u00eame\" \/>\n<meta name=\"robots\" content=\"index, follow, max-snippet:-1, max-image-preview:large, max-video-preview:-1\" \/>\n<link rel=\"canonical\" href=\"https:\/\/maison-chance.org\/shop\/fr\/produit\/gateau-red-velvet-2\" \/>\n<meta property=\"og:locale\" content=\"fr_FR\" \/>\n<meta property=\"og:type\" content=\"article\" \/>\n<meta property=\"og:title\" content=\"G\u00e2teau Red Velvet\" \/>\n<meta property=\"og:description\" content=\"Ce n&#039;est pas un hasard si le G\u00e2teau Velours Rouge (T-break) est devenu un produit favori chez Maison Chance. Ce n&#039;est pas seulement un g\u00e2teau d\u00e9licieux mais un cadeau significatif pour vos proches ou pour vous-m\u00eame\" \/>\n<meta property=\"og:url\" content=\"https:\/\/maison-chance.org\/shop\/fr\/produit\/gateau-red-velvet-2\" \/>\n<meta property=\"og:site_name\" content=\"Nh\u00e0 May M\u1eafn - Maison Chance\" \/>\n<meta property=\"article:publisher\" content=\"https:\/\/www.facebook.com\/dnxh.nhamayman\/\" \/>\n<meta property=\"og:image\" content=\"https:\/\/maison-chance.org\/shop\/wp-content\/uploads\/2024\/12\/banh-nhung-do-t-break.png\" \/>\n\t<meta property=\"og:image:width\" content=\"600\" \/>\n\t<meta property=\"og:image:height\" content=\"600\" \/>\n\t<meta property=\"og:image:type\" content=\"image\/png\" \/>\n<meta name=\"twitter:card\" content=\"summary_large_image\" \/>\n<meta name=\"twitter:label1\" content=\"Prix\" \/>\n\t<meta name=\"twitter:data1\" content=\"&euro;0.46\" \/>\n\t<meta name=\"twitter:label2\" content=\"Disponibilit\u00e9\" \/>\n\t<meta name=\"twitter:data2\" content=\"En stock\" \/>\n<script type=\"application\/ld+json\" class=\"yoast-schema-graph\">{\"@context\":\"https:\/\/schema.org\",\"@graph\":[{\"@type\":\"WebPage\",\"@id\":\"https:\/\/maison-chance.org\/shop\/fr\/produit\/gateau-red-velvet-2\",\"url\":\"https:\/\/maison-chance.org\/shop\/fr\/produit\/gateau-red-velvet-2\",\"name\":\"G\u00e2teau Red Velvet - Nh\u00e0 May M\u1eafn - Maison Chance\",\"isPartOf\":{\"@id\":\"https:\/\/maison-chance.org\/shop\/fr#website\"},\"primaryImageOfPage\":{\"@id\":\"https:\/\/maison-chance.org\/shop\/fr\/produit\/gateau-red-velvet-2#primaryimage\"},\"image\":{\"@id\":\"https:\/\/maison-chance.org\/shop\/fr\/produit\/gateau-red-velvet-2#primaryimage\"},\"thumbnailUrl\":\"https:\/\/maison-chance.org\/shop\/wp-content\/uploads\/2024\/12\/banh-nhung-do-t-break.png\",\"datePublished\":\"2024-12-11T07:17:33+00:00\",\"description\":\"Ce n'est pas un hasard si le G\u00e2teau Velours Rouge (T-break) est devenu un produit favori chez Maison Chance. Ce n'est pas seulement un g\u00e2teau d\u00e9licieux mais un cadeau significatif pour vos proches ou pour vous-m\u00eame\",\"breadcrumb\":{\"@id\":\"https:\/\/maison-chance.org\/shop\/fr\/produit\/gateau-red-velvet-2#breadcrumb\"},\"inLanguage\":\"fr-FR\",\"potentialAction\":[{\"@type\":\"ReadAction\",\"target\":[\"https:\/\/maison-chance.org\/shop\/fr\/produit\/gateau-red-velvet-2\"]}]},{\"@type\":\"ImageObject\",\"inLanguage\":\"fr-FR\",\"@id\":\"https:\/\/maison-chance.org\/shop\/fr\/produit\/gateau-red-velvet-2#primaryimage\",\"url\":\"https:\/\/maison-chance.org\/shop\/wp-content\/uploads\/2024\/12\/banh-nhung-do-t-break.png\",\"contentUrl\":\"https:\/\/maison-chance.org\/shop\/wp-content\/uploads\/2024\/12\/banh-nhung-do-t-break.png\",\"width\":600,\"height\":600,\"caption\":\"G\u00e2teau Red Velvet\"},{\"@type\":\"BreadcrumbList\",\"@id\":\"https:\/\/maison-chance.org\/shop\/fr\/produit\/gateau-red-velvet-2#breadcrumb\",\"itemListElement\":[{\"@type\":\"ListItem\",\"position\":1,\"name\":\"Trang ch\u1ee7\",\"item\":\"https:\/\/maison-chance.org\/shop\/fr\"},{\"@type\":\"ListItem\",\"position\":2,\"name\":\"Boutique\",\"item\":\"https:\/\/maison-chance.org\/shop\/shop\"},{\"@type\":\"ListItem\",\"position\":3,\"name\":\"G\u00e2teau Red Velvet\"}]},{\"@type\":\"WebSite\",\"@id\":\"https:\/\/maison-chance.org\/shop\/fr#website\",\"url\":\"https:\/\/maison-chance.org\/shop\/fr\",\"name\":\"Nh\u00e0 May M\u1eafn - Maison Chance\",\"description\":\"M\u1ecdi l\u1ee3i nhu\u1eadn thu v\u1ec1 t\u1eeb vi\u1ec7c b\u00e1n h\u00e0ng s\u1ebd tr\u00edch m\u1ed9t ph\u1ea7n \u0111\u1ec3 ch\u0103m lo cho \u0111\u1eddi s\u1ed1ng c\u00e1c b\u1ea1n khuy\u1ebft t\u1eadt v\u00e0 tr\u1ebb m\u1ed3 c\u00f4i \u1edf \u0111\u00e2y\",\"publisher\":{\"@id\":\"https:\/\/maison-chance.org\/shop\/fr#organization\"},\"potentialAction\":[{\"@type\":\"SearchAction\",\"target\":{\"@type\":\"EntryPoint\",\"urlTemplate\":\"https:\/\/maison-chance.org\/shop\/fr?s={search_term_string}\"},\"query-input\":{\"@type\":\"PropertyValueSpecification\",\"valueRequired\":true,\"valueName\":\"search_term_string\"}}],\"inLanguage\":\"fr-FR\"},{\"@type\":\"Organization\",\"@id\":\"https:\/\/maison-chance.org\/shop\/fr#organization\",\"name\":\"Nh\u00e0 May M\u1eafn - Maison Chance\",\"url\":\"https:\/\/maison-chance.org\/shop\/fr\",\"logo\":{\"@type\":\"ImageObject\",\"inLanguage\":\"fr-FR\",\"@id\":\"https:\/\/maison-chance.org\/shop\/fr#\/schema\/logo\/image\/\",\"url\":\"https:\/\/maison-chance.org\/shop\/wp-content\/uploads\/2024\/03\/cropped-Logo_DNXH.png\",\"contentUrl\":\"https:\/\/maison-chance.org\/shop\/wp-content\/uploads\/2024\/03\/cropped-Logo_DNXH.png\",\"width\":512,\"height\":512,\"caption\":\"Nh\u00e0 May M\u1eafn - Maison Chance\"},\"image\":{\"@id\":\"https:\/\/maison-chance.org\/shop\/fr#\/schema\/logo\/image\/\"},\"sameAs\":[\"https:\/\/www.facebook.com\/dnxh.nhamayman\/\"]}]}<\/script>\n<meta property=\"product:price:amount\" content=\"0.46\" \/>\n<meta property=\"product:price:currency\" content=\"EUR\" \/>\n<meta property=\"og:availability\" content=\"instock\" \/>\n<meta property=\"product:availability\" content=\"instock\" \/>\n<meta property=\"product:condition\" content=\"new\" \/>\n<!-- \/ Yoast SEO Premium plugin. -->","yoast_head_json":{"title":"G\u00e2teau Red Velvet - Nh\u00e0 May M\u1eafn - Maison Chance","description":"Ce n'est pas un hasard si le G\u00e2teau Velours Rouge (T-break) est devenu un produit favori chez Maison Chance. Ce n'est pas seulement un g\u00e2teau d\u00e9licieux mais un cadeau significatif pour vos proches ou pour vous-m\u00eame","robots":{"index":"index","follow":"follow","max-snippet":"max-snippet:-1","max-image-preview":"max-image-preview:large","max-video-preview":"max-video-preview:-1"},"canonical":"https:\/\/maison-chance.org\/shop\/fr\/produit\/gateau-red-velvet-2","og_locale":"fr_FR","og_type":"article","og_title":"G\u00e2teau Red Velvet","og_description":"Ce n'est pas un hasard si le G\u00e2teau Velours Rouge (T-break) est devenu un produit favori chez Maison Chance. Ce n'est pas seulement un g\u00e2teau d\u00e9licieux mais un cadeau significatif pour vos proches ou pour vous-m\u00eame","og_url":"https:\/\/maison-chance.org\/shop\/fr\/produit\/gateau-red-velvet-2","og_site_name":"Nh\u00e0 May M\u1eafn - Maison Chance","article_publisher":"https:\/\/www.facebook.com\/dnxh.nhamayman\/","og_image":[{"width":600,"height":600,"url":"https:\/\/maison-chance.org\/shop\/wp-content\/uploads\/2024\/12\/banh-nhung-do-t-break.png","type":"image\/png"}],"twitter_card":"summary_large_image","twitter_misc":{"Prix":"&euro;0.46","Disponibilit\u00e9":"En stock"},"schema":{"@context":"https:\/\/schema.org","@graph":[{"@type":"WebPage","@id":"https:\/\/maison-chance.org\/shop\/fr\/produit\/gateau-red-velvet-2","url":"https:\/\/maison-chance.org\/shop\/fr\/produit\/gateau-red-velvet-2","name":"G\u00e2teau Red Velvet - Nh\u00e0 May M\u1eafn - Maison Chance","isPartOf":{"@id":"https:\/\/maison-chance.org\/shop\/fr#website"},"primaryImageOfPage":{"@id":"https:\/\/maison-chance.org\/shop\/fr\/produit\/gateau-red-velvet-2#primaryimage"},"image":{"@id":"https:\/\/maison-chance.org\/shop\/fr\/produit\/gateau-red-velvet-2#primaryimage"},"thumbnailUrl":"https:\/\/maison-chance.org\/shop\/wp-content\/uploads\/2024\/12\/banh-nhung-do-t-break.png","datePublished":"2024-12-11T07:17:33+00:00","description":"Ce n'est pas un hasard si le G\u00e2teau Velours Rouge (T-break) est devenu un produit favori chez Maison Chance. Ce n'est pas seulement un g\u00e2teau d\u00e9licieux mais un cadeau significatif pour vos proches ou pour vous-m\u00eame","breadcrumb":{"@id":"https:\/\/maison-chance.org\/shop\/fr\/produit\/gateau-red-velvet-2#breadcrumb"},"inLanguage":"fr-FR","potentialAction":[{"@type":"ReadAction","target":["https:\/\/maison-chance.org\/shop\/fr\/produit\/gateau-red-velvet-2"]}]},{"@type":"ImageObject","inLanguage":"fr-FR","@id":"https:\/\/maison-chance.org\/shop\/fr\/produit\/gateau-red-velvet-2#primaryimage","url":"https:\/\/maison-chance.org\/shop\/wp-content\/uploads\/2024\/12\/banh-nhung-do-t-break.png","contentUrl":"https:\/\/maison-chance.org\/shop\/wp-content\/uploads\/2024\/12\/banh-nhung-do-t-break.png","width":600,"height":600,"caption":"G\u00e2teau Red Velvet"},{"@type":"BreadcrumbList","@id":"https:\/\/maison-chance.org\/shop\/fr\/produit\/gateau-red-velvet-2#breadcrumb","itemListElement":[{"@type":"ListItem","position":1,"name":"Trang ch\u1ee7","item":"https:\/\/maison-chance.org\/shop\/fr"},{"@type":"ListItem","position":2,"name":"Boutique","item":"https:\/\/maison-chance.org\/shop\/shop"},{"@type":"ListItem","position":3,"name":"G\u00e2teau Red Velvet"}]},{"@type":"WebSite","@id":"https:\/\/maison-chance.org\/shop\/fr#website","url":"https:\/\/maison-chance.org\/shop\/fr","name":"Nh\u00e0 May M\u1eafn - Maison Chance","description":"M\u1ecdi l\u1ee3i nhu\u1eadn thu v\u1ec1 t\u1eeb vi\u1ec7c b\u00e1n h\u00e0ng s\u1ebd tr\u00edch m\u1ed9t ph\u1ea7n \u0111\u1ec3 ch\u0103m lo cho \u0111\u1eddi s\u1ed1ng c\u00e1c b\u1ea1n khuy\u1ebft t\u1eadt v\u00e0 tr\u1ebb m\u1ed3 c\u00f4i \u1edf \u0111\u00e2y","publisher":{"@id":"https:\/\/maison-chance.org\/shop\/fr#organization"},"potentialAction":[{"@type":"SearchAction","target":{"@type":"EntryPoint","urlTemplate":"https:\/\/maison-chance.org\/shop\/fr?s={search_term_string}"},"query-input":{"@type":"PropertyValueSpecification","valueRequired":true,"valueName":"search_term_string"}}],"inLanguage":"fr-FR"},{"@type":"Organization","@id":"https:\/\/maison-chance.org\/shop\/fr#organization","name":"Nh\u00e0 May M\u1eafn - Maison Chance","url":"https:\/\/maison-chance.org\/shop\/fr","logo":{"@type":"ImageObject","inLanguage":"fr-FR","@id":"https:\/\/maison-chance.org\/shop\/fr#\/schema\/logo\/image\/","url":"https:\/\/maison-chance.org\/shop\/wp-content\/uploads\/2024\/03\/cropped-Logo_DNXH.png","contentUrl":"https:\/\/maison-chance.org\/shop\/wp-content\/uploads\/2024\/03\/cropped-Logo_DNXH.png","width":512,"height":512,"caption":"Nh\u00e0 May M\u1eafn - Maison Chance"},"image":{"@id":"https:\/\/maison-chance.org\/shop\/fr#\/schema\/logo\/image\/"},"sameAs":["https:\/\/www.facebook.com\/dnxh.nhamayman\/"]}]},"product_price_amount":"0.46","product_price_currency":"EUR","og_availability":"instock","product_availability":"instock","product_condition":"new"},"_links":{"self":[{"href":"https:\/\/maison-chance.org\/shop\/fr\/wp-json\/wp\/v2\/product\/41422","targetHints":{"allow":["GET"]}}],"collection":[{"href":"https:\/\/maison-chance.org\/shop\/fr\/wp-json\/wp\/v2\/product"}],"about":[{"href":"https:\/\/maison-chance.org\/shop\/fr\/wp-json\/wp\/v2\/types\/product"}],"wp:featuredmedia":[{"embeddable":true,"href":"https:\/\/maison-chance.org\/shop\/fr\/wp-json\/wp\/v2\/media\/41418"}],"wp:attachment":[{"href":"https:\/\/maison-chance.org\/shop\/fr\/wp-json\/wp\/v2\/media?parent=41422"}],"wp:term":[{"taxonomy":"product_brand","embeddable":true,"href":"https:\/\/maison-chance.org\/shop\/fr\/wp-json\/wp\/v2\/product_brand?post=41422"},{"taxonomy":"product_cat","embeddable":true,"href":"https:\/\/maison-chance.org\/shop\/fr\/wp-json\/wp\/v2\/product_cat?post=41422"},{"taxonomy":"product_tag","embeddable":true,"href":"https:\/\/maison-chance.org\/shop\/fr\/wp-json\/wp\/v2\/product_tag?post=41422"}],"curies":[{"name":"wp","href":"https:\/\/api.w.org\/{rel}","templated":true}]}}