{"id":42108,"date":"2026-01-31T11:14:19","date_gmt":"2026-01-31T04:14:19","guid":{"rendered":"https:\/\/maison-chance.org\/shop?post_type=product&#038;p=42108"},"modified":"2026-01-31T11:16:25","modified_gmt":"2026-01-31T04:16:25","slug":"noix-de-cajou-grillees-salees-sao-chep","status":"publish","type":"product","link":"https:\/\/maison-chance.org\/shop\/fr\/produit\/noix-de-cajou-grillees-salees-sao-chep","title":{"rendered":"Noix de cajou grill\u00e9es sal\u00e9es (Sao ch\u00e9p)"},"content":{"rendered":"<h2>Les noix de cajou pr\u00e9viennent les maladies cardiaques<\/h2>\n<p style=\"text-align: justify;\">Les noix de cajou grill\u00e9es au sel sont une source de graisses saines, essentielles pour le corps afin d&rsquo;absorber les vitamines A, D, E, K solubles dans les graisses et de produire des acides gras importants pour le d\u00e9veloppement du cerveau. Ces graisses saines comprennent les graisses insatur\u00e9es monoinsatur\u00e9es et polyinsatur\u00e9es. Elles sont bonnes pour le c\u0153ur et aident \u00e0 r\u00e9duire le cholest\u00e9rol mauvais (LDL) lorsqu&rsquo;elles sont consomm\u00e9es en quantit\u00e9 appropri\u00e9e, m\u00eame chez les patients diab\u00e9tiques.<\/p>\n<h2>Les noix de cajou renforcent la sant\u00e9 des yeux<\/h2>\n<p style=\"text-align: justify;\">Nous savons tous que les carottes sont tr\u00e8s bonnes pour les yeux, mais il est surprenant de savoir que les noix de cajou grill\u00e9es au sel le sont aussi. Elles contiennent des niveaux \u00e9lev\u00e9s de lut\u00e9ine et de z\u00e9axanthine, agissant comme des antioxydants lorsqu&rsquo;elles sont consomm\u00e9es r\u00e9guli\u00e8rement. Ces compos\u00e9s prot\u00e8gent les yeux des dommages mineurs (pouvant entra\u00eener une c\u00e9cit\u00e9 chez les personnes \u00e2g\u00e9es) et peuvent m\u00eame aider \u00e0 r\u00e9duire les cas de cataracte.<\/p>\n<h2>Les noix de cajou favorisent la sant\u00e9 musculaire et nerveuse<\/h2>\n<p style=\"text-align: justify;\">Les noix de cajou sont riches en magn\u00e9sium, un min\u00e9ral tr\u00e8s important pour le d\u00e9veloppement des os, des muscles, des tissus et des organes du corps. Le magn\u00e9sium aide \u00e0 maintenir la pression art\u00e9rielle, renforce le syst\u00e8me immunitaire, maintient la fonction nerveuse et maintient les os solides. Une carence en magn\u00e9sium peut entra\u00eener une hypertension art\u00e9rielle, des maux de t\u00eate, des douleurs et de la fatigue.<\/p>\n<p style=\"text-align: justify;\">De plus, pour les femmes apr\u00e8s la m\u00e9nopause, les noix de cajou peuvent leur procurer un sommeil plus confortable et paisible la nuit.<\/p>\n<h2>Les noix de cajou r\u00e9duisent le risque de diab\u00e8te<\/h2>\n<p style=\"text-align: justify;\">\u00c9tant donn\u00e9 que les noix de cajou ont une teneur tr\u00e8s faible en sucre et ne contiennent pas de cholest\u00e9rol nocif, elles sont s\u00fbres pour les patients diab\u00e9tiques. De plus, les extraits de noix de cajou peuvent am\u00e9liorer la r\u00e9ponse \u00e0 l&rsquo;insuline du corps et peuvent pr\u00e9venir le d\u00e9veloppement du diab\u00e8te, aidant \u00e0 r\u00e9guler la glyc\u00e9mie. Cela aide \u00e0 r\u00e9duire le risque de diab\u00e8te de type 2.<\/p>\n<h2>Les noix de cajou pr\u00e9viennent le cancer<\/h2>\n<p style=\"text-align: justify;\">De nombreuses \u00e9tudes ont montr\u00e9 que les noix de cajou grill\u00e9es au sel sont riches en antioxydants tels que l&rsquo;acide anacardique, les cardanols et les cardols qui sont efficaces pour les personnes subissant un traitement contre les tumeurs et le cancer. Les proanthocyanidines pr\u00e9sentes dans les noix de cajou sont un groupe de flavono\u00efdes qui luttent contre la division cellulaire et pr\u00e9viennent les cellules canc\u00e9reuses de se diviser. C&rsquo;est l&rsquo;un des avantages remarquables des noix de cajou.<\/p>\n<h2>Les noix de cajou favorisent la formation des globules rouges<\/h2>\n<p style=\"text-align: justify;\">Les noix de cajou sont tr\u00e8s riches en cuivre, soutiennent le processus de m\u00e9tabolisme du fer, produisent des globules rouges et contribuent \u00e0 la sant\u00e9 osseuse et immunitaire. Une carence en cuivre dans le corps peut entra\u00eener une ost\u00e9oporose, des battements de c\u0153ur irr\u00e9guliers et de l&rsquo;an\u00e9mie.<\/p>\n<h2>Les noix de cajou renforcent la sant\u00e9 des os et des dents<\/h2>\n<p style=\"text-align: justify;\">Les noix de cajou grill\u00e9es au sel fournissent du phosphore, essentiel au d\u00e9veloppement sain des dents et des os. Le phosphore aide \u00e9galement \u00e0 la synth\u00e8se des prot\u00e9ines, \u00e0 l&rsquo;absorption des glucides et des graisses, et maintient la sant\u00e9 des cellules.<\/p>\n<h2>Les noix de cajou pr\u00e9viennent les calculs biliaires<\/h2>\n<p style=\"text-align: justify;\">Les calculs biliaires sont une maladie du syst\u00e8me digestif, souvent caus\u00e9e par l&rsquo;accumulation de cholest\u00e9rol dans la v\u00e9sicule biliaire. Manger r\u00e9guli\u00e8rement des noix telles que les noix de cajou peut aider \u00e0 r\u00e9duire le risque de formation de calculs biliaires.<\/p>\n<h2>Les noix de cajou renforcent le syst\u00e8me immunitaire<\/h2>\n<p style=\"text-align: justify;\">Les noix de cajou contiennent du zinc, qui joue un r\u00f4le crucial dans le renforcement du syst\u00e8me immunitaire, la lutte contre les infections, la synth\u00e8se des prot\u00e9ines et la cicatrisation des plaies. Le zinc est extr\u00eamement important pour les femmes enceintes et le d\u00e9veloppement f\u0153tal ainsi que pour les premi\u00e8res ann\u00e9es de d\u00e9veloppement de l&rsquo;enfant pour maintenir un corps sain.<\/p>\n<h2>Les noix de cajou soutiennent la perte de poids<\/h2>\n<p style=\"text-align: justify;\">Remplacer les graisses animales par des graisses insatur\u00e9es monoinsatur\u00e9es et polyinsatur\u00e9es trouv\u00e9es dans les noix de cajou est un excellent moyen de contr\u00f4ler le poids corporel et de r\u00e9duire l&rsquo;accumulation de graisses et de cholest\u00e9rol dans le c\u0153ur.<\/p>\n<p style=\"text-align: justify;\">De plus, les noix de cajou contiennent de nombreux antioxydants, de la vitamine E&#8230; qui sont efficaces pour pr\u00e9venir le vieillissement, embellir la peau et les cheveux, ce qui est tr\u00e8s b\u00e9n\u00e9fique pour les femmes.<\/p>\n","protected":false},"excerpt":{"rendered":"<p style=\"text-align: justify;\">&#8211; Poids net : 500 g<br \/>\n&#8211; Type : Noix de cajou enti\u00e8res avec coque<br \/>\n&#8211; Date limite de consommation : 6 mois<br \/>\n&#8211; Conservation : Apr\u00e8s ouverture, bien refermer le contenant et conserver dans un endroit frais et sec.<br \/>\n&#8211; Les noix de cajou grill\u00e9es au sel sont b\u00e9n\u00e9fiques pour le c\u0153ur, le syst\u00e8me nerveux et les muscles, favorisent la formation des globules rouges, et contribuent \u00e0 am\u00e9liorer la sant\u00e9 des os, des dents&#8230;<\/p>\n<p style=\"text-align: justify;\"><strong>Note<\/strong> : Ce produit n&rsquo;est actuellement disponible que sur le march\u00e9 vietnamien. Si vous \u00eates actuellement au Vietnam et souhaitez acheter, veuillez nous contacter via notre page fan : <a href=\"https:\/\/www.facebook.com\/dnxh.nhamayman\">facebook.com\/dnxh.nhamayman<\/a> ou notre hotline : <span style=\"font-size: 20px;\"><strong><span style=\"color: #ff0000;\">0909 06 25 28<\/span><\/strong><\/span>. Nous vous remercions sinc\u00e8rement !<\/p>\n","protected":false},"featured_media":42088,"template":"","meta":[],"product_brand":[],"product_cat":[201,204],"product_tag":[],"class_list":{"0":"post-42108","1":"product","2":"type-product","3":"status-publish","4":"has-post-thumbnail","6":"product_cat-produits-agricoles-de-dak-nong","7":"product_cat-produits-agricoles-seches","9":"first","10":"instock","11":"shipping-taxable","12":"purchasable","13":"product-type-simple"},"yoast_head":"<!-- This site is optimized with the Yoast SEO Premium plugin v22.7 (Yoast SEO v25.3.1) - https:\/\/yoast.com\/wordpress\/plugins\/seo\/ -->\n<title>Noix de cajou grill\u00e9es sal\u00e9es (Sao ch\u00e9p) - Nh\u00e0 May M\u1eafn - Maison Chance<\/title>\n<meta name=\"description\" content=\"Les noix de cajou grill\u00e9es au sel ont des propri\u00e9t\u00e9s b\u00e9n\u00e9fiques pour le c\u0153ur, le syst\u00e8me nerveux et les muscles, soutiennent la formation des globules rouges, et contribuent \u00e0 am\u00e9liorer la sant\u00e9 des os et des dents...\" \/>\n<meta name=\"robots\" content=\"index, follow, max-snippet:-1, max-image-preview:large, max-video-preview:-1\" \/>\n<link rel=\"canonical\" href=\"https:\/\/maison-chance.org\/shop\/fr\/produit\/noix-de-cajou-grillees-salees-sao-chep\" \/>\n<meta property=\"og:locale\" content=\"fr_FR\" \/>\n<meta property=\"og:type\" content=\"article\" \/>\n<meta property=\"og:title\" content=\"Noix de cajou grill\u00e9es sal\u00e9es (Sao ch\u00e9p)\" \/>\n<meta property=\"og:description\" content=\"Les noix de cajou grill\u00e9es au sel ont des propri\u00e9t\u00e9s b\u00e9n\u00e9fiques pour le c\u0153ur, le syst\u00e8me nerveux et les muscles, soutiennent la formation des globules rouges, et contribuent \u00e0 am\u00e9liorer la sant\u00e9 des os et des dents...\" \/>\n<meta property=\"og:url\" content=\"https:\/\/maison-chance.org\/shop\/fr\/produit\/noix-de-cajou-grillees-salees-sao-chep\" \/>\n<meta property=\"og:site_name\" content=\"Nh\u00e0 May M\u1eafn - Maison Chance\" \/>\n<meta property=\"article:publisher\" content=\"https:\/\/www.facebook.com\/dnxh.nhamayman\/\" \/>\n<meta property=\"article:modified_time\" content=\"2026-01-31T04:16:25+00:00\" \/>\n<meta property=\"og:image\" content=\"https:\/\/maison-chance.org\/shop\/wp-content\/uploads\/2026\/01\/ca-phe-web.png\" \/>\n\t<meta property=\"og:image:width\" content=\"1080\" \/>\n\t<meta property=\"og:image:height\" content=\"1080\" \/>\n\t<meta property=\"og:image:type\" content=\"image\/png\" \/>\n<meta name=\"twitter:card\" content=\"summary_large_image\" \/>\n<meta name=\"twitter:label1\" content=\"Prix\" \/>\n\t<meta name=\"twitter:data1\" content=\"&euro;7.82\" \/>\n\t<meta name=\"twitter:label2\" content=\"Disponibilit\u00e9\" \/>\n\t<meta name=\"twitter:data2\" content=\"En stock\" \/>\n<script type=\"application\/ld+json\" class=\"yoast-schema-graph\">{\"@context\":\"https:\/\/schema.org\",\"@graph\":[{\"@type\":\"WebPage\",\"@id\":\"https:\/\/maison-chance.org\/shop\/fr\/produit\/noix-de-cajou-grillees-salees-sao-chep\",\"url\":\"https:\/\/maison-chance.org\/shop\/fr\/produit\/noix-de-cajou-grillees-salees-sao-chep\",\"name\":\"Noix de cajou grill\u00e9es sal\u00e9es (Sao ch\u00e9p) - Nh\u00e0 May M\u1eafn - Maison Chance\",\"isPartOf\":{\"@id\":\"https:\/\/maison-chance.org\/shop\/fr#website\"},\"primaryImageOfPage\":{\"@id\":\"https:\/\/maison-chance.org\/shop\/fr\/produit\/noix-de-cajou-grillees-salees-sao-chep#primaryimage\"},\"image\":{\"@id\":\"https:\/\/maison-chance.org\/shop\/fr\/produit\/noix-de-cajou-grillees-salees-sao-chep#primaryimage\"},\"thumbnailUrl\":\"https:\/\/maison-chance.org\/shop\/wp-content\/uploads\/2026\/01\/ca-phe-web.png\",\"datePublished\":\"2026-01-31T04:14:19+00:00\",\"dateModified\":\"2026-01-31T04:16:25+00:00\",\"description\":\"Les noix de cajou grill\u00e9es au sel ont des propri\u00e9t\u00e9s b\u00e9n\u00e9fiques pour le c\u0153ur, le syst\u00e8me nerveux et les muscles, soutiennent la formation des globules rouges, et contribuent \u00e0 am\u00e9liorer la sant\u00e9 des os et des dents...\",\"breadcrumb\":{\"@id\":\"https:\/\/maison-chance.org\/shop\/fr\/produit\/noix-de-cajou-grillees-salees-sao-chep#breadcrumb\"},\"inLanguage\":\"fr-FR\",\"potentialAction\":[{\"@type\":\"ReadAction\",\"target\":[\"https:\/\/maison-chance.org\/shop\/fr\/produit\/noix-de-cajou-grillees-salees-sao-chep\"]}]},{\"@type\":\"ImageObject\",\"inLanguage\":\"fr-FR\",\"@id\":\"https:\/\/maison-chance.org\/shop\/fr\/produit\/noix-de-cajou-grillees-salees-sao-chep#primaryimage\",\"url\":\"https:\/\/maison-chance.org\/shop\/wp-content\/uploads\/2026\/01\/ca-phe-web.png\",\"contentUrl\":\"https:\/\/maison-chance.org\/shop\/wp-content\/uploads\/2026\/01\/ca-phe-web.png\",\"width\":1080,\"height\":1080},{\"@type\":\"BreadcrumbList\",\"@id\":\"https:\/\/maison-chance.org\/shop\/fr\/produit\/noix-de-cajou-grillees-salees-sao-chep#breadcrumb\",\"itemListElement\":[{\"@type\":\"ListItem\",\"position\":1,\"name\":\"Trang ch\u1ee7\",\"item\":\"https:\/\/maison-chance.org\/shop\/fr\"},{\"@type\":\"ListItem\",\"position\":2,\"name\":\"Boutique\",\"item\":\"https:\/\/maison-chance.org\/shop\/shop\"},{\"@type\":\"ListItem\",\"position\":3,\"name\":\"Noix de cajou grill\u00e9es sal\u00e9es (Sao ch\u00e9p)\"}]},{\"@type\":\"WebSite\",\"@id\":\"https:\/\/maison-chance.org\/shop\/fr#website\",\"url\":\"https:\/\/maison-chance.org\/shop\/fr\",\"name\":\"Nh\u00e0 May M\u1eafn - Maison Chance\",\"description\":\"M\u1ecdi l\u1ee3i nhu\u1eadn thu v\u1ec1 t\u1eeb vi\u1ec7c b\u00e1n h\u00e0ng s\u1ebd tr\u00edch m\u1ed9t ph\u1ea7n \u0111\u1ec3 ch\u0103m lo cho \u0111\u1eddi s\u1ed1ng c\u00e1c b\u1ea1n khuy\u1ebft t\u1eadt v\u00e0 tr\u1ebb m\u1ed3 c\u00f4i \u1edf \u0111\u00e2y\",\"publisher\":{\"@id\":\"https:\/\/maison-chance.org\/shop\/fr#organization\"},\"potentialAction\":[{\"@type\":\"SearchAction\",\"target\":{\"@type\":\"EntryPoint\",\"urlTemplate\":\"https:\/\/maison-chance.org\/shop\/fr?s={search_term_string}\"},\"query-input\":{\"@type\":\"PropertyValueSpecification\",\"valueRequired\":true,\"valueName\":\"search_term_string\"}}],\"inLanguage\":\"fr-FR\"},{\"@type\":\"Organization\",\"@id\":\"https:\/\/maison-chance.org\/shop\/fr#organization\",\"name\":\"Nh\u00e0 May M\u1eafn - Maison Chance\",\"url\":\"https:\/\/maison-chance.org\/shop\/fr\",\"logo\":{\"@type\":\"ImageObject\",\"inLanguage\":\"fr-FR\",\"@id\":\"https:\/\/maison-chance.org\/shop\/fr#\/schema\/logo\/image\/\",\"url\":\"https:\/\/maison-chance.org\/shop\/wp-content\/uploads\/2024\/03\/cropped-Logo_DNXH.png\",\"contentUrl\":\"https:\/\/maison-chance.org\/shop\/wp-content\/uploads\/2024\/03\/cropped-Logo_DNXH.png\",\"width\":512,\"height\":512,\"caption\":\"Nh\u00e0 May M\u1eafn - Maison Chance\"},\"image\":{\"@id\":\"https:\/\/maison-chance.org\/shop\/fr#\/schema\/logo\/image\/\"},\"sameAs\":[\"https:\/\/www.facebook.com\/dnxh.nhamayman\/\"]}]}<\/script>\n<meta property=\"product:price:amount\" content=\"7.82\" \/>\n<meta property=\"product:price:currency\" content=\"EUR\" \/>\n<meta property=\"og:availability\" content=\"instock\" \/>\n<meta property=\"product:availability\" content=\"instock\" \/>\n<meta property=\"product:condition\" content=\"new\" \/>\n<!-- \/ Yoast SEO Premium plugin. -->","yoast_head_json":{"title":"Noix de cajou grill\u00e9es sal\u00e9es (Sao ch\u00e9p) - Nh\u00e0 May M\u1eafn - Maison Chance","description":"Les noix de cajou grill\u00e9es au sel ont des propri\u00e9t\u00e9s b\u00e9n\u00e9fiques pour le c\u0153ur, le syst\u00e8me nerveux et les muscles, soutiennent la formation des globules rouges, et contribuent \u00e0 am\u00e9liorer la sant\u00e9 des os et des dents...","robots":{"index":"index","follow":"follow","max-snippet":"max-snippet:-1","max-image-preview":"max-image-preview:large","max-video-preview":"max-video-preview:-1"},"canonical":"https:\/\/maison-chance.org\/shop\/fr\/produit\/noix-de-cajou-grillees-salees-sao-chep","og_locale":"fr_FR","og_type":"article","og_title":"Noix de cajou grill\u00e9es sal\u00e9es (Sao ch\u00e9p)","og_description":"Les noix de cajou grill\u00e9es au sel ont des propri\u00e9t\u00e9s b\u00e9n\u00e9fiques pour le c\u0153ur, le syst\u00e8me nerveux et les muscles, soutiennent la formation des globules rouges, et contribuent \u00e0 am\u00e9liorer la sant\u00e9 des os et des dents...","og_url":"https:\/\/maison-chance.org\/shop\/fr\/produit\/noix-de-cajou-grillees-salees-sao-chep","og_site_name":"Nh\u00e0 May M\u1eafn - Maison Chance","article_publisher":"https:\/\/www.facebook.com\/dnxh.nhamayman\/","article_modified_time":"2026-01-31T04:16:25+00:00","og_image":[{"width":1080,"height":1080,"url":"https:\/\/maison-chance.org\/shop\/wp-content\/uploads\/2026\/01\/ca-phe-web.png","type":"image\/png"}],"twitter_card":"summary_large_image","twitter_misc":{"Prix":"&euro;7.82","Disponibilit\u00e9":"En stock"},"schema":{"@context":"https:\/\/schema.org","@graph":[{"@type":"WebPage","@id":"https:\/\/maison-chance.org\/shop\/fr\/produit\/noix-de-cajou-grillees-salees-sao-chep","url":"https:\/\/maison-chance.org\/shop\/fr\/produit\/noix-de-cajou-grillees-salees-sao-chep","name":"Noix de cajou grill\u00e9es sal\u00e9es (Sao ch\u00e9p) - Nh\u00e0 May M\u1eafn - Maison Chance","isPartOf":{"@id":"https:\/\/maison-chance.org\/shop\/fr#website"},"primaryImageOfPage":{"@id":"https:\/\/maison-chance.org\/shop\/fr\/produit\/noix-de-cajou-grillees-salees-sao-chep#primaryimage"},"image":{"@id":"https:\/\/maison-chance.org\/shop\/fr\/produit\/noix-de-cajou-grillees-salees-sao-chep#primaryimage"},"thumbnailUrl":"https:\/\/maison-chance.org\/shop\/wp-content\/uploads\/2026\/01\/ca-phe-web.png","datePublished":"2026-01-31T04:14:19+00:00","dateModified":"2026-01-31T04:16:25+00:00","description":"Les noix de cajou grill\u00e9es au sel ont des propri\u00e9t\u00e9s b\u00e9n\u00e9fiques pour le c\u0153ur, le syst\u00e8me nerveux et les muscles, soutiennent la formation des globules rouges, et contribuent \u00e0 am\u00e9liorer la sant\u00e9 des os et des dents...","breadcrumb":{"@id":"https:\/\/maison-chance.org\/shop\/fr\/produit\/noix-de-cajou-grillees-salees-sao-chep#breadcrumb"},"inLanguage":"fr-FR","potentialAction":[{"@type":"ReadAction","target":["https:\/\/maison-chance.org\/shop\/fr\/produit\/noix-de-cajou-grillees-salees-sao-chep"]}]},{"@type":"ImageObject","inLanguage":"fr-FR","@id":"https:\/\/maison-chance.org\/shop\/fr\/produit\/noix-de-cajou-grillees-salees-sao-chep#primaryimage","url":"https:\/\/maison-chance.org\/shop\/wp-content\/uploads\/2026\/01\/ca-phe-web.png","contentUrl":"https:\/\/maison-chance.org\/shop\/wp-content\/uploads\/2026\/01\/ca-phe-web.png","width":1080,"height":1080},{"@type":"BreadcrumbList","@id":"https:\/\/maison-chance.org\/shop\/fr\/produit\/noix-de-cajou-grillees-salees-sao-chep#breadcrumb","itemListElement":[{"@type":"ListItem","position":1,"name":"Trang ch\u1ee7","item":"https:\/\/maison-chance.org\/shop\/fr"},{"@type":"ListItem","position":2,"name":"Boutique","item":"https:\/\/maison-chance.org\/shop\/shop"},{"@type":"ListItem","position":3,"name":"Noix de cajou grill\u00e9es sal\u00e9es (Sao ch\u00e9p)"}]},{"@type":"WebSite","@id":"https:\/\/maison-chance.org\/shop\/fr#website","url":"https:\/\/maison-chance.org\/shop\/fr","name":"Nh\u00e0 May M\u1eafn - Maison Chance","description":"M\u1ecdi l\u1ee3i nhu\u1eadn thu v\u1ec1 t\u1eeb vi\u1ec7c b\u00e1n h\u00e0ng s\u1ebd tr\u00edch m\u1ed9t ph\u1ea7n \u0111\u1ec3 ch\u0103m lo cho \u0111\u1eddi s\u1ed1ng c\u00e1c b\u1ea1n khuy\u1ebft t\u1eadt v\u00e0 tr\u1ebb m\u1ed3 c\u00f4i \u1edf \u0111\u00e2y","publisher":{"@id":"https:\/\/maison-chance.org\/shop\/fr#organization"},"potentialAction":[{"@type":"SearchAction","target":{"@type":"EntryPoint","urlTemplate":"https:\/\/maison-chance.org\/shop\/fr?s={search_term_string}"},"query-input":{"@type":"PropertyValueSpecification","valueRequired":true,"valueName":"search_term_string"}}],"inLanguage":"fr-FR"},{"@type":"Organization","@id":"https:\/\/maison-chance.org\/shop\/fr#organization","name":"Nh\u00e0 May M\u1eafn - Maison Chance","url":"https:\/\/maison-chance.org\/shop\/fr","logo":{"@type":"ImageObject","inLanguage":"fr-FR","@id":"https:\/\/maison-chance.org\/shop\/fr#\/schema\/logo\/image\/","url":"https:\/\/maison-chance.org\/shop\/wp-content\/uploads\/2024\/03\/cropped-Logo_DNXH.png","contentUrl":"https:\/\/maison-chance.org\/shop\/wp-content\/uploads\/2024\/03\/cropped-Logo_DNXH.png","width":512,"height":512,"caption":"Nh\u00e0 May M\u1eafn - Maison Chance"},"image":{"@id":"https:\/\/maison-chance.org\/shop\/fr#\/schema\/logo\/image\/"},"sameAs":["https:\/\/www.facebook.com\/dnxh.nhamayman\/"]}]},"product_price_amount":"7.82","product_price_currency":"EUR","og_availability":"instock","product_availability":"instock","product_condition":"new"},"_links":{"self":[{"href":"https:\/\/maison-chance.org\/shop\/fr\/wp-json\/wp\/v2\/product\/42108","targetHints":{"allow":["GET"]}}],"collection":[{"href":"https:\/\/maison-chance.org\/shop\/fr\/wp-json\/wp\/v2\/product"}],"about":[{"href":"https:\/\/maison-chance.org\/shop\/fr\/wp-json\/wp\/v2\/types\/product"}],"wp:featuredmedia":[{"embeddable":true,"href":"https:\/\/maison-chance.org\/shop\/fr\/wp-json\/wp\/v2\/media\/42088"}],"wp:attachment":[{"href":"https:\/\/maison-chance.org\/shop\/fr\/wp-json\/wp\/v2\/media?parent=42108"}],"wp:term":[{"taxonomy":"product_brand","embeddable":true,"href":"https:\/\/maison-chance.org\/shop\/fr\/wp-json\/wp\/v2\/product_brand?post=42108"},{"taxonomy":"product_cat","embeddable":true,"href":"https:\/\/maison-chance.org\/shop\/fr\/wp-json\/wp\/v2\/product_cat?post=42108"},{"taxonomy":"product_tag","embeddable":true,"href":"https:\/\/maison-chance.org\/shop\/fr\/wp-json\/wp\/v2\/product_tag?post=42108"}],"curies":[{"name":"wp","href":"https:\/\/api.w.org\/{rel}","templated":true}]}}