{"id":28856,"date":"2024-02-23T10:45:14","date_gmt":"2024-02-23T03:45:14","guid":{"rendered":"https:\/\/maison-chance.org\/shop\/gio-hang\/"},"modified":"2024-02-23T10:45:14","modified_gmt":"2024-02-23T03:45:14","slug":"gio-hang","status":"publish","type":"page","link":"https:\/\/maison-chance.org\/shop\/gio-hang","title":{"rendered":"Gi\u1ecf h\u00e0ng"},"content":{"rendered":"\n<div data-block-name=\"woocommerce\/cart\" class=\"wp-block-woocommerce-cart alignwide is-loading\">\n<div data-block-name=\"woocommerce\/filled-cart-block\" class=\"wp-block-woocommerce-filled-cart-block\">\n<div data-block-name=\"woocommerce\/cart-items-block\" class=\"wp-block-woocommerce-cart-items-block\">\n<div data-block-name=\"woocommerce\/cart-line-items-block\" class=\"wp-block-woocommerce-cart-line-items-block\"><\/div>\n\n\n\n<div data-block-name=\"woocommerce\/cart-cross-sells-block\" class=\"wp-block-woocommerce-cart-cross-sells-block\">\n<h2 class=\"wp-block-heading has-large-font-size\">You may be interested in\u2026<\/h2>\n\n\n\n<div data-block-name=\"woocommerce\/cart-cross-sells-products-block\" class=\"wp-block-woocommerce-cart-cross-sells-products-block\"><\/div>\n<\/div>\n<\/div>\n\n\n\n<div data-block-name=\"woocommerce\/cart-totals-block\" class=\"wp-block-woocommerce-cart-totals-block\">\n<div data-block-name=\"woocommerce\/cart-order-summary-block\" class=\"wp-block-woocommerce-cart-order-summary-block\">\n<div data-block-name=\"woocommerce\/cart-order-summary-heading-block\" class=\"wp-block-woocommerce-cart-order-summary-heading-block\"><\/div><div data-block-name=\"woocommerce\/cart-order-summary-coupon-form-block\" class=\"wp-block-woocommerce-cart-order-summary-coupon-form-block\"><\/div><div data-block-name=\"woocommerce\/cart-order-summary-totals-block\" class=\"wp-block-woocommerce-cart-order-summary-totals-block\">\n<div data-block-name=\"woocommerce\/cart-order-summary-subtotal-block\" class=\"wp-block-woocommerce-cart-order-summary-subtotal-block\"><\/div>\n<div data-block-name=\"woocommerce\/cart-order-summary-discount-block\" class=\"wp-block-woocommerce-cart-order-summary-discount-block\"><\/div>\n<div data-block-name=\"woocommerce\/cart-order-summary-fee-block\" class=\"wp-block-woocommerce-cart-order-summary-fee-block\"><\/div>\n<div data-block-name=\"woocommerce\/cart-order-summary-shipping-block\" class=\"wp-block-woocommerce-cart-order-summary-shipping-block\"><\/div>\n<div data-block-name=\"woocommerce\/cart-order-summary-taxes-block\" class=\"wp-block-woocommerce-cart-order-summary-taxes-block\"><\/div><\/div>\n<\/div>\n\n\n\n<div data-block-name=\"woocommerce\/cart-express-payment-block\" class=\"wp-block-woocommerce-cart-express-payment-block\"><\/div>\n\n\n\n<div data-block-name=\"woocommerce\/proceed-to-checkout-block\" class=\"wp-block-woocommerce-proceed-to-checkout-block\"><\/div>\n\n\n\n<div data-block-name=\"woocommerce\/cart-accepted-payment-methods-block\" class=\"wp-block-woocommerce-cart-accepted-payment-methods-block\"><\/div>\n<\/div>\n<\/div>\n\n\n\n<div data-block-name=\"woocommerce\/empty-cart-block\" class=\"wp-block-woocommerce-empty-cart-block\">\n<h2 class=\"wp-block-heading has-text-align-center with-empty-cart-icon wc-block-cart__empty-cart__title\">Gi\u1ecf h\u00e0ng hi\u1ec7n t\u1ea1i ch\u01b0a c\u00f3 s\u1ea3n ph\u1ea9m n\u00e0o!<\/h2>\n\n\n\n<hr class=\"wp-block-separator has-alpha-channel-opacity is-style-dots\"\/>\n\n\n\n<h2 class=\"wp-block-heading has-text-align-center\">New in store<\/h2>\n\n\n<div data-block-name=\"woocommerce\/product-new\" data-columns=\"4\" data-rows=\"1\" class=\"wc-block-grid wp-block-product-new wp-block-woocommerce-product-new wc-block-product-new has-4-columns\"><ul class=\"wc-block-grid__products\"><li class=\"wc-block-grid__product\">\n\t\t\t\t<a href=\"https:\/\/maison-chance.org\/shop\/san-pham\/ca-phe-rang-xay-nha-may-man\" class=\"wc-block-grid__product-link\">\n\t\t\t\t\t\n\t\t\t\t\t<div class=\"wc-block-grid__product-image\"><img decoding=\"async\" width=\"247\" height=\"247\" src=\"https:\/\/maison-chance.org\/shop\/wp-content\/uploads\/2026\/01\/ca-phe-web-247x247.png\" class=\"attachment-woocommerce_thumbnail size-woocommerce_thumbnail\" alt=\"C\u00e0 ph\u00ea rang xay Nh\u00e0 May M\u1eafn\" srcset=\"https:\/\/maison-chance.org\/shop\/wp-content\/uploads\/2026\/01\/ca-phe-web-247x247.png 247w, https:\/\/maison-chance.org\/shop\/wp-content\/uploads\/2026\/01\/ca-phe-web-400x400.png 400w, https:\/\/maison-chance.org\/shop\/wp-content\/uploads\/2026\/01\/ca-phe-web-800x800.png 800w, https:\/\/maison-chance.org\/shop\/wp-content\/uploads\/2026\/01\/ca-phe-web-280x280.png 280w, https:\/\/maison-chance.org\/shop\/wp-content\/uploads\/2026\/01\/ca-phe-web-768x768.png 768w, https:\/\/maison-chance.org\/shop\/wp-content\/uploads\/2026\/01\/ca-phe-web-510x510.png 510w, https:\/\/maison-chance.org\/shop\/wp-content\/uploads\/2026\/01\/ca-phe-web-100x100.png 100w, https:\/\/maison-chance.org\/shop\/wp-content\/uploads\/2026\/01\/ca-phe-web.png 1080w\" sizes=\"(max-width: 247px) 100vw, 247px\" \/><\/div>\n\t\t\t\t\t<div class=\"wc-block-grid__product-title\">C\u00e0 ph\u00ea rang xay Nh\u00e0 May M\u1eafn<\/div>\n\t\t\t\t<\/a>\n\t\t\t\t<div class=\"wc-block-grid__product-price price\"><span class=\"woocommerce-Price-amount amount\">8.50&nbsp;<span class=\"woocommerce-Price-currencySymbol\">&#036;<\/span><\/span><\/div>\n\t\t\t\t\n\t\t\t\t<div class=\"wp-block-button wc-block-grid__product-add-to-cart\"><a href=\"?add-to-cart=42105\" aria-label=\"Add to cart: &ldquo;C\u00e0 ph\u00ea rang xay Nh\u00e0 May M\u1eafn&rdquo;\" data-quantity=\"1\" data-product_id=\"42105\" data-product_sku=\"\" data-price=\"8.5\" rel=\"nofollow\" class=\"wp-block-button__link  add_to_cart_button ajax_add_to_cart\">Th\u00eam v\u00e0o gi\u1ecf h\u00e0ng<\/a><\/div>\n\t\t\t<\/li><li class=\"wc-block-grid__product\">\n\t\t\t\t<a href=\"https:\/\/maison-chance.org\/shop\/san-pham\/mat-day-chuyen-hinh-phat-ba-quan-am-6\" class=\"wc-block-grid__product-link\">\n\t\t\t\t\t\n\t\t\t\t\t<div class=\"wc-block-grid__product-image\"><img decoding=\"async\" width=\"247\" height=\"247\" src=\"https:\/\/maison-chance.org\/shop\/wp-content\/uploads\/woocommerce-placeholder-247x247.png\" class=\"woocommerce-placeholder wp-post-image\" alt=\"\" srcset=\"https:\/\/maison-chance.org\/shop\/wp-content\/uploads\/woocommerce-placeholder-247x247.png 247w, https:\/\/maison-chance.org\/shop\/wp-content\/uploads\/woocommerce-placeholder-100x100.png 100w, https:\/\/maison-chance.org\/shop\/wp-content\/uploads\/woocommerce-placeholder-510x510.png 510w, https:\/\/maison-chance.org\/shop\/wp-content\/uploads\/woocommerce-placeholder-300x300.png 300w, https:\/\/maison-chance.org\/shop\/wp-content\/uploads\/woocommerce-placeholder-1024x1024.png 1024w, https:\/\/maison-chance.org\/shop\/wp-content\/uploads\/woocommerce-placeholder-150x150.png 150w, https:\/\/maison-chance.org\/shop\/wp-content\/uploads\/woocommerce-placeholder-768x768.png 768w, https:\/\/maison-chance.org\/shop\/wp-content\/uploads\/woocommerce-placeholder.png 1200w\" sizes=\"(max-width: 247px) 100vw, 247px\" \/><\/div>\n\t\t\t\t\t<div class=\"wc-block-grid__product-title\">M\u1eb7t d\u00e2y chuy\u1ec1n h\u00ecnh Ph\u1eadt B\u00e0 Quan \u00c2m<\/div>\n\t\t\t\t<\/a>\n\t\t\t\t<div class=\"wc-block-grid__product-price price\"><span class=\"woocommerce-Price-amount amount\">22.80&nbsp;<span class=\"woocommerce-Price-currencySymbol\">&#036;<\/span><\/span><\/div>\n\t\t\t\t\n\t\t\t\t<div class=\"wp-block-button wc-block-grid__product-add-to-cart\"><a href=\"?add-to-cart=42041\" aria-label=\"Add to cart: &ldquo;M\u1eb7t d\u00e2y chuy\u1ec1n h\u00ecnh Ph\u1eadt B\u00e0 Quan \u00c2m&rdquo;\" data-quantity=\"1\" data-product_id=\"42041\" data-product_sku=\"\" data-price=\"22.8\" rel=\"nofollow\" class=\"wp-block-button__link  add_to_cart_button ajax_add_to_cart\">Th\u00eam v\u00e0o gi\u1ecf h\u00e0ng<\/a><\/div>\n\t\t\t<\/li><li class=\"wc-block-grid__product\">\n\t\t\t\t<a href=\"https:\/\/maison-chance.org\/shop\/san-pham\/mat-day-chuyen-hinh-phat-ba-quan-am-5\" class=\"wc-block-grid__product-link\">\n\t\t\t\t\t\n\t\t\t\t\t<div class=\"wc-block-grid__product-image\"><img decoding=\"async\" width=\"247\" height=\"247\" src=\"https:\/\/maison-chance.org\/shop\/wp-content\/uploads\/2025\/08\/phat-quan-am-5-247x247.png\" class=\"attachment-woocommerce_thumbnail size-woocommerce_thumbnail\" alt=\"M\u1eb7t d\u00e2y chuy\u1ec1n h\u00ecnh Ph\u1eadt B\u00e0 Quan \u00c2m\" srcset=\"https:\/\/maison-chance.org\/shop\/wp-content\/uploads\/2025\/08\/phat-quan-am-5-247x247.png 247w, https:\/\/maison-chance.org\/shop\/wp-content\/uploads\/2025\/08\/phat-quan-am-5-400x400.png 400w, https:\/\/maison-chance.org\/shop\/wp-content\/uploads\/2025\/08\/phat-quan-am-5-800x800.png 800w, https:\/\/maison-chance.org\/shop\/wp-content\/uploads\/2025\/08\/phat-quan-am-5-280x280.png 280w, https:\/\/maison-chance.org\/shop\/wp-content\/uploads\/2025\/08\/phat-quan-am-5-768x768.png 768w, https:\/\/maison-chance.org\/shop\/wp-content\/uploads\/2025\/08\/phat-quan-am-5-510x510.png 510w, https:\/\/maison-chance.org\/shop\/wp-content\/uploads\/2025\/08\/phat-quan-am-5-100x100.png 100w, https:\/\/maison-chance.org\/shop\/wp-content\/uploads\/2025\/08\/phat-quan-am-5.png 1200w\" sizes=\"(max-width: 247px) 100vw, 247px\" \/><\/div>\n\t\t\t\t\t<div class=\"wc-block-grid__product-title\">M\u1eb7t d\u00e2y chuy\u1ec1n h\u00ecnh Ph\u1eadt B\u00e0 Quan \u00c2m<\/div>\n\t\t\t\t<\/a>\n\t\t\t\t<div class=\"wc-block-grid__product-price price\"><span class=\"woocommerce-Price-amount amount\">22.80&nbsp;<span class=\"woocommerce-Price-currencySymbol\">&#036;<\/span><\/span><\/div>\n\t\t\t\t\n\t\t\t\t<div class=\"wp-block-button wc-block-grid__product-add-to-cart\"><a href=\"?add-to-cart=42038\" aria-label=\"Add to cart: &ldquo;M\u1eb7t d\u00e2y chuy\u1ec1n h\u00ecnh Ph\u1eadt B\u00e0 Quan \u00c2m&rdquo;\" data-quantity=\"1\" data-product_id=\"42038\" data-product_sku=\"\" data-price=\"22.8\" rel=\"nofollow\" class=\"wp-block-button__link  add_to_cart_button ajax_add_to_cart\">Th\u00eam v\u00e0o gi\u1ecf h\u00e0ng<\/a><\/div>\n\t\t\t<\/li><li class=\"wc-block-grid__product\">\n\t\t\t\t<a href=\"https:\/\/maison-chance.org\/shop\/san-pham\/mat-day-chuyen-hinh-phat-ba-quan-am-4\" class=\"wc-block-grid__product-link\">\n\t\t\t\t\t\n\t\t\t\t\t<div class=\"wc-block-grid__product-image\"><img decoding=\"async\" width=\"247\" height=\"247\" src=\"https:\/\/maison-chance.org\/shop\/wp-content\/uploads\/2025\/08\/phat-quan-am-5-247x247.png\" class=\"attachment-woocommerce_thumbnail size-woocommerce_thumbnail\" alt=\"M\u1eb7t d\u00e2y chuy\u1ec1n h\u00ecnh Ph\u1eadt B\u00e0 Quan \u00c2m\" srcset=\"https:\/\/maison-chance.org\/shop\/wp-content\/uploads\/2025\/08\/phat-quan-am-5-247x247.png 247w, https:\/\/maison-chance.org\/shop\/wp-content\/uploads\/2025\/08\/phat-quan-am-5-400x400.png 400w, https:\/\/maison-chance.org\/shop\/wp-content\/uploads\/2025\/08\/phat-quan-am-5-800x800.png 800w, https:\/\/maison-chance.org\/shop\/wp-content\/uploads\/2025\/08\/phat-quan-am-5-280x280.png 280w, https:\/\/maison-chance.org\/shop\/wp-content\/uploads\/2025\/08\/phat-quan-am-5-768x768.png 768w, https:\/\/maison-chance.org\/shop\/wp-content\/uploads\/2025\/08\/phat-quan-am-5-510x510.png 510w, https:\/\/maison-chance.org\/shop\/wp-content\/uploads\/2025\/08\/phat-quan-am-5-100x100.png 100w, https:\/\/maison-chance.org\/shop\/wp-content\/uploads\/2025\/08\/phat-quan-am-5.png 1200w\" sizes=\"(max-width: 247px) 100vw, 247px\" \/><\/div>\n\t\t\t\t\t<div class=\"wc-block-grid__product-title\">M\u1eb7t d\u00e2y chuy\u1ec1n h\u00ecnh Ph\u1eadt B\u00e0 Quan \u00c2m<\/div>\n\t\t\t\t<\/a>\n\t\t\t\t<div class=\"wc-block-grid__product-price price\"><span class=\"woocommerce-Price-amount amount\">12.80&nbsp;<span class=\"woocommerce-Price-currencySymbol\">&#036;<\/span><\/span><\/div>\n\t\t\t\t\n\t\t\t\t<div class=\"wp-block-button wc-block-grid__product-add-to-cart\"><a href=\"?add-to-cart=42037\" aria-label=\"Add to cart: &ldquo;M\u1eb7t d\u00e2y chuy\u1ec1n h\u00ecnh Ph\u1eadt B\u00e0 Quan \u00c2m&rdquo;\" data-quantity=\"1\" data-product_id=\"42037\" data-product_sku=\"\" data-price=\"12.8\" rel=\"nofollow\" class=\"wp-block-button__link  add_to_cart_button ajax_add_to_cart\">Th\u00eam v\u00e0o gi\u1ecf h\u00e0ng<\/a><\/div>\n\t\t\t<\/li><\/ul><\/div><\/div>\n<\/div>\n","protected":false},"excerpt":{"rendered":"","protected":false},"author":1,"featured_media":0,"parent":0,"menu_order":0,"comment_status":"closed","ping_status":"closed","template":"","meta":{"footnotes":""},"class_list":["post-28856","page","type-page","status-publish","hentry"],"yoast_head":"<!-- This site is optimized with the Yoast SEO Premium plugin v22.7 (Yoast SEO v25.3.1) - https:\/\/yoast.com\/wordpress\/plugins\/seo\/ -->\n<title>Gi\u1ecf h\u00e0ng - Nh\u00e0 May M\u1eafn - Maison Chance<\/title>\n<meta name=\"robots\" content=\"index, follow, max-snippet:-1, max-image-preview:large, max-video-preview:-1\" \/>\n<link rel=\"canonical\" href=\"https:\/\/maison-chance.org\/shop\/gio-hang\" \/>\n<meta property=\"og:locale\" content=\"vi_VN\" \/>\n<meta property=\"og:type\" content=\"article\" \/>\n<meta property=\"og:title\" content=\"Gi\u1ecf h\u00e0ng\" \/>\n<meta property=\"og:url\" content=\"https:\/\/maison-chance.org\/shop\/gio-hang\" \/>\n<meta property=\"og:site_name\" content=\"Nh\u00e0 May M\u1eafn - Maison Chance\" \/>\n<meta property=\"article:publisher\" content=\"https:\/\/www.facebook.com\/dnxh.nhamayman\/\" \/>\n<meta name=\"twitter:card\" content=\"summary_large_image\" \/>\n<script type=\"application\/ld+json\" class=\"yoast-schema-graph\">{\"@context\":\"https:\/\/schema.org\",\"@graph\":[{\"@type\":\"WebPage\",\"@id\":\"https:\/\/maison-chance.org\/shop\/gio-hang\",\"url\":\"https:\/\/maison-chance.org\/shop\/gio-hang\",\"name\":\"Gi\u1ecf h\u00e0ng - Nh\u00e0 May M\u1eafn - Maison Chance\",\"isPartOf\":{\"@id\":\"https:\/\/maison-chance.org\/shop\/#website\"},\"datePublished\":\"2024-02-23T03:45:14+00:00\",\"breadcrumb\":{\"@id\":\"https:\/\/maison-chance.org\/shop\/gio-hang#breadcrumb\"},\"inLanguage\":\"vi-VN\",\"potentialAction\":[{\"@type\":\"ReadAction\",\"target\":[\"https:\/\/maison-chance.org\/shop\/gio-hang\"]}]},{\"@type\":\"BreadcrumbList\",\"@id\":\"https:\/\/maison-chance.org\/shop\/gio-hang#breadcrumb\",\"itemListElement\":[{\"@type\":\"ListItem\",\"position\":1,\"name\":\"Trang ch\u1ee7\",\"item\":\"https:\/\/maison-chance.org\/shop\/\"},{\"@type\":\"ListItem\",\"position\":2,\"name\":\"Gi\u1ecf h\u00e0ng\"}]},{\"@type\":\"WebSite\",\"@id\":\"https:\/\/maison-chance.org\/shop\/#website\",\"url\":\"https:\/\/maison-chance.org\/shop\/\",\"name\":\"Nh\u00e0 May M\u1eafn - Maison Chance\",\"description\":\"M\u1ecdi l\u1ee3i nhu\u1eadn thu v\u1ec1 t\u1eeb vi\u1ec7c b\u00e1n h\u00e0ng s\u1ebd tr\u00edch m\u1ed9t ph\u1ea7n \u0111\u1ec3 ch\u0103m lo cho \u0111\u1eddi s\u1ed1ng c\u00e1c b\u1ea1n khuy\u1ebft t\u1eadt v\u00e0 tr\u1ebb m\u1ed3 c\u00f4i \u1edf \u0111\u00e2y\",\"publisher\":{\"@id\":\"https:\/\/maison-chance.org\/shop\/#organization\"},\"potentialAction\":[{\"@type\":\"SearchAction\",\"target\":{\"@type\":\"EntryPoint\",\"urlTemplate\":\"https:\/\/maison-chance.org\/shop\/?s={search_term_string}\"},\"query-input\":{\"@type\":\"PropertyValueSpecification\",\"valueRequired\":true,\"valueName\":\"search_term_string\"}}],\"inLanguage\":\"vi-VN\"},{\"@type\":\"Organization\",\"@id\":\"https:\/\/maison-chance.org\/shop\/#organization\",\"name\":\"Nh\u00e0 May M\u1eafn - Maison Chance\",\"url\":\"https:\/\/maison-chance.org\/shop\/\",\"logo\":{\"@type\":\"ImageObject\",\"inLanguage\":\"vi-VN\",\"@id\":\"https:\/\/maison-chance.org\/shop\/#\/schema\/logo\/image\/\",\"url\":\"https:\/\/maison-chance.org\/shop\/wp-content\/uploads\/2024\/03\/cropped-Logo_DNXH.png\",\"contentUrl\":\"https:\/\/maison-chance.org\/shop\/wp-content\/uploads\/2024\/03\/cropped-Logo_DNXH.png\",\"width\":512,\"height\":512,\"caption\":\"Nh\u00e0 May M\u1eafn - Maison Chance\"},\"image\":{\"@id\":\"https:\/\/maison-chance.org\/shop\/#\/schema\/logo\/image\/\"},\"sameAs\":[\"https:\/\/www.facebook.com\/dnxh.nhamayman\/\"]}]}<\/script>\n<!-- \/ Yoast SEO Premium plugin. -->","yoast_head_json":{"title":"Gi\u1ecf h\u00e0ng - Nh\u00e0 May M\u1eafn - Maison Chance","robots":{"index":"index","follow":"follow","max-snippet":"max-snippet:-1","max-image-preview":"max-image-preview:large","max-video-preview":"max-video-preview:-1"},"canonical":"https:\/\/maison-chance.org\/shop\/gio-hang","og_locale":"vi_VN","og_type":"article","og_title":"Gi\u1ecf h\u00e0ng","og_url":"https:\/\/maison-chance.org\/shop\/gio-hang","og_site_name":"Nh\u00e0 May M\u1eafn - Maison Chance","article_publisher":"https:\/\/www.facebook.com\/dnxh.nhamayman\/","twitter_card":"summary_large_image","schema":{"@context":"https:\/\/schema.org","@graph":[{"@type":"WebPage","@id":"https:\/\/maison-chance.org\/shop\/gio-hang","url":"https:\/\/maison-chance.org\/shop\/gio-hang","name":"Gi\u1ecf h\u00e0ng - Nh\u00e0 May M\u1eafn - Maison Chance","isPartOf":{"@id":"https:\/\/maison-chance.org\/shop\/#website"},"datePublished":"2024-02-23T03:45:14+00:00","breadcrumb":{"@id":"https:\/\/maison-chance.org\/shop\/gio-hang#breadcrumb"},"inLanguage":"vi-VN","potentialAction":[{"@type":"ReadAction","target":["https:\/\/maison-chance.org\/shop\/gio-hang"]}]},{"@type":"BreadcrumbList","@id":"https:\/\/maison-chance.org\/shop\/gio-hang#breadcrumb","itemListElement":[{"@type":"ListItem","position":1,"name":"Trang ch\u1ee7","item":"https:\/\/maison-chance.org\/shop\/"},{"@type":"ListItem","position":2,"name":"Gi\u1ecf h\u00e0ng"}]},{"@type":"WebSite","@id":"https:\/\/maison-chance.org\/shop\/#website","url":"https:\/\/maison-chance.org\/shop\/","name":"Nh\u00e0 May M\u1eafn - Maison Chance","description":"M\u1ecdi l\u1ee3i nhu\u1eadn thu v\u1ec1 t\u1eeb vi\u1ec7c b\u00e1n h\u00e0ng s\u1ebd tr\u00edch m\u1ed9t ph\u1ea7n \u0111\u1ec3 ch\u0103m lo cho \u0111\u1eddi s\u1ed1ng c\u00e1c b\u1ea1n khuy\u1ebft t\u1eadt v\u00e0 tr\u1ebb m\u1ed3 c\u00f4i \u1edf \u0111\u00e2y","publisher":{"@id":"https:\/\/maison-chance.org\/shop\/#organization"},"potentialAction":[{"@type":"SearchAction","target":{"@type":"EntryPoint","urlTemplate":"https:\/\/maison-chance.org\/shop\/?s={search_term_string}"},"query-input":{"@type":"PropertyValueSpecification","valueRequired":true,"valueName":"search_term_string"}}],"inLanguage":"vi-VN"},{"@type":"Organization","@id":"https:\/\/maison-chance.org\/shop\/#organization","name":"Nh\u00e0 May M\u1eafn - Maison Chance","url":"https:\/\/maison-chance.org\/shop\/","logo":{"@type":"ImageObject","inLanguage":"vi-VN","@id":"https:\/\/maison-chance.org\/shop\/#\/schema\/logo\/image\/","url":"https:\/\/maison-chance.org\/shop\/wp-content\/uploads\/2024\/03\/cropped-Logo_DNXH.png","contentUrl":"https:\/\/maison-chance.org\/shop\/wp-content\/uploads\/2024\/03\/cropped-Logo_DNXH.png","width":512,"height":512,"caption":"Nh\u00e0 May M\u1eafn - Maison Chance"},"image":{"@id":"https:\/\/maison-chance.org\/shop\/#\/schema\/logo\/image\/"},"sameAs":["https:\/\/www.facebook.com\/dnxh.nhamayman\/"]}]}},"_links":{"self":[{"href":"https:\/\/maison-chance.org\/shop\/wp-json\/wp\/v2\/pages\/28856","targetHints":{"allow":["GET"]}}],"collection":[{"href":"https:\/\/maison-chance.org\/shop\/wp-json\/wp\/v2\/pages"}],"about":[{"href":"https:\/\/maison-chance.org\/shop\/wp-json\/wp\/v2\/types\/page"}],"author":[{"embeddable":true,"href":"https:\/\/maison-chance.org\/shop\/wp-json\/wp\/v2\/users\/1"}],"replies":[{"embeddable":true,"href":"https:\/\/maison-chance.org\/shop\/wp-json\/wp\/v2\/comments?post=28856"}],"version-history":[{"count":0,"href":"https:\/\/maison-chance.org\/shop\/wp-json\/wp\/v2\/pages\/28856\/revisions"}],"wp:attachment":[{"href":"https:\/\/maison-chance.org\/shop\/wp-json\/wp\/v2\/media?parent=28856"}],"curies":[{"name":"wp","href":"https:\/\/api.w.org\/{rel}","templated":true}]}}