{"id":30988,"date":"2024-03-10T00:14:04","date_gmt":"2024-03-09T17:14:04","guid":{"rendered":"https:\/\/maison-chance.org\/shop\/?page_id=30988"},"modified":"2024-05-25T08:57:48","modified_gmt":"2024-05-25T01:57:48","slug":"quan-an-nha-may-man-dak-nong","status":"publish","type":"page","link":"https:\/\/maison-chance.org\/shop\/quan-an-nha-may-man-dak-nong","title":{"rendered":"Qu\u00e1n \u0103n Nh\u00e0 May M\u1eafn \u0110\u1eafk N\u00f4ng"},"content":{"rendered":"<p style=\"text-align: center;\"><span style=\"color: #ed1c24; font-size: 160%;\">Qu\u00e1n \u0103n Nh\u00e0 May M\u1eafn \u2013 \u1ea8m th\u1ef1c ngon n\u01a1i n\u00fai r\u1eebng T\u00e2y Nguy\u00ean<\/span><\/p>\n<div style=\"text-align: justify;\">\n<p>N\u1eb1m gi\u1eefa l\u00f2ng thi\u00ean nhi\u00ean h\u00f9ng v\u0129 c\u1ee7a T\u00e2y Nguy\u00ean \u0110\u1eafk N\u00f4ng, Nh\u00e0 May M\u1eafn kh\u00f4ng ch\u1ec9 l\u00e0 qu\u00e1n \u0103n, m\u00e0 c\u00f2n l\u00e0 m\u1ed9t \u0111\u1ecba \u0111i\u1ec3m tr\u1ea3i nghi\u1ec7m \u1ea9m th\u1ef1c \u0111\u1ed9c \u0111\u00e1o v\u00e0 nh\u00e2n v\u0103n. T\u1eeb nh\u1eefng ng\u00e0y \u0111\u1ea7u khai tr\u01b0\u01a1ng v\u00e0o n\u0103m 2019, ch\u00fang t\u00f4i \u0111\u00e3 nh\u1eadn \u0111\u01b0\u1ee3c l\u00f2ng tin v\u00e0 \u0111\u00e1nh gi\u00e1 cao t\u1eeb c\u1ea3 ng\u01b0\u1eddi d\u00e2n \u0111\u1ecba ph\u01b0\u01a1ng l\u1eabn du kh\u00e1ch b\u1ed1n ph\u01b0\u01a1ng. Cam k\u1ebft v\u1edbi ch\u1ea5t l\u01b0\u1ee3ng v\u00e0 s\u1ef1 t\u1eadn t\u00e2m, ch\u00fang t\u00f4i lu\u00f4n kh\u00f4ng ng\u1eebng ho\u00e0n thi\u1ec7n \u0111\u1ec3 mang \u0111\u1ebfn nh\u1eefng b\u1eefa \u0103n tr\u1ecdn v\u1eb9n nh\u1ea5t cho kh\u00e1ch h\u00e0ng.<\/p>\n<\/div>\n<div class=\"row\"  id=\"row-1519383404\">\n\n\t<div id=\"col-1980912847\" class=\"col medium-6 small-12 large-6\"  >\n\t\t\t\t<div class=\"col-inner\"  >\n\t\t\t\n\t\t\t\n\t<div class=\"img has-hover x md-x lg-x y md-y lg-y\" id=\"image_1437360075\">\n\t\t\t\t\t\t\t\t<div class=\"img-inner dark\" >\n\t\t\t<img decoding=\"async\" width=\"600\" height=\"450\" src=\"https:\/\/maison-chance.org\/shop\/wp-content\/uploads\/2024\/03\/quan-an-Nha-May-Man-1.png\" class=\"attachment-large size-large\" alt=\"\" srcset=\"https:\/\/maison-chance.org\/shop\/wp-content\/uploads\/2024\/03\/quan-an-Nha-May-Man-1.png 600w, https:\/\/maison-chance.org\/shop\/wp-content\/uploads\/2024\/03\/quan-an-Nha-May-Man-1-533x400.png 533w, https:\/\/maison-chance.org\/shop\/wp-content\/uploads\/2024\/03\/quan-an-Nha-May-Man-1-510x383.png 510w\" sizes=\"(max-width: 600px) 100vw, 600px\" \/>\t\t\t\t\t\t\n\t\t\t\t\t<\/div>\n\t\t\t\t\t\t\t\t\n<style>\n#image_1437360075 {\n  width: 100%;\n}\n<\/style>\n\t<\/div>\n\t\n\t\t<\/div>\n\t\t\t\t\t<\/div>\n\n\t\n\n\t<div id=\"col-1945315986\" class=\"col medium-6 small-12 large-6\"  >\n\t\t\t\t<div class=\"col-inner\"  >\n\t\t\t\n\t\t\t\n\t<div id=\"gap-629811495\" class=\"gap-element clearfix\" style=\"display:block; height:auto;\">\n\t\t\n<style>\n#gap-629811495 {\n  padding-top: 100px;\n}\n<\/style>\n\t<\/div>\n\t\n<div style=\"text-align: justify;\">\n<p>Nh\u00e0 May M\u1eafn kh\u00f4ng ch\u1ec9 l\u00e0 n\u01a1i th\u1ef1c kh\u00e1ch t\u00ecm \u0111\u1ebfn \u0111\u1ec3 th\u01b0\u1edfng th\u1ee9c h\u01b0\u01a1ng v\u1ecb, m\u00e0 c\u00f2n l\u00e0 m\u1ed9t ng\u00f4i nh\u00e0 c\u1ee7a nh\u1eefng k\u1ef7 ni\u1ec7m \u0111\u00e1ng nh\u1edb. \u0110\u00e2y l\u00e0 n\u01a1i d\u1eabn d\u1eaft kh\u00e1ch \u0111\u1ecba ph\u01b0\u01a1ng v\u00e0 du kh\u00e1ch k\u1ebft n\u1ed1i v\u1edbi Trung t\u00e2m Nh\u00e0 May M\u1eafn t\u1ea1i \u0110\u1eafk N\u00f4ng, n\u01a1i n\u1ea3y sinh nh\u1eefng d\u1ef1 \u00e1n t\u1eeb thi\u1ec7n phi ch\u00ednh ph\u1ee7 Maison Chance \u0111\u1ec3 gi\u00fap nh\u1eefng ng\u01b0\u1eddi c\u1ea7n s\u1ef1 \u1ea5m \u00e1p v\u00e0 \u1ee7ng h\u1ed9 c\u1ee7a c\u1ed9ng \u0111\u1ed3ng.<\/p>\n<\/div>\n\t\t<\/div>\n\t\t\t\t\t<\/div>\n\n\t\n<\/div>\n<div class=\"row\"  id=\"row-1235646605\">\n\n\t<div id=\"col-2040450308\" class=\"col medium-6 small-12 large-6\"  >\n\t\t\t\t<div class=\"col-inner\"  >\n\t\t\t\n\t\t\t\n\t<div id=\"gap-1888755765\" class=\"gap-element clearfix\" style=\"display:block; height:auto;\">\n\t\t\n<style>\n#gap-1888755765 {\n  padding-top: 100px;\n}\n<\/style>\n\t<\/div>\n\t\n<div style=\"text-align: justify;\">\n<p>Nh\u00e0 May M\u1eafn n\u1ed5i b\u1eadt v\u1edbi kh\u00f4ng gian r\u1ed9ng r\u00e3i, tho\u00e1ng m\u00e1t, \u0111\u01b0\u1ee3c thi\u1ebft k\u1ebf g\u1ea7n g\u0169i v\u1edbi thi\u00ean nhi\u00ean v\u00e0 n\u1ed5i b\u1eadt h\u01a1n so v\u1edbi c\u00e1c qu\u00e1n l\u00e2n c\u1eadn, n\u01a1i \u0111\u00e2y mang \u0111\u1ebfn kh\u00f4ng gian l\u00fd t\u01b0\u1edfng \u0111\u1ec3 b\u1ea1n th\u1ea3 h\u1ed3n v\u00e0 th\u01b0\u1edfng th\u1ee9c nh\u1eefng m\u00f3n ngon.<\/p>\n<p>Ti\u00eau chu\u1ea9n ph\u1ee5c v\u1ee5 t\u1ea1i Qu\u00e1n Nh\u00e0 May M\u1eafn kh\u00f4ng ch\u1ec9 d\u1eebng l\u1ea1i \u1edf ch\u1ea5t l\u01b0\u1ee3ng v\u00e0 ngon mi\u1ec7ng. \u0110\u1ed9i ng\u0169 chuy\u00ean nghi\u1ec7p c\u1ee7a ch\u00fang t\u00f4i \u0111\u1ea3m b\u1ea3o m\u1ecdi th\u1ef1c kh\u00e1ch \u0111\u01b0\u1ee3c ph\u1ee5c v\u1ee5 m\u1ed9t c\u00e1ch chu \u0111\u00e1o v\u00e0 t\u1eadn t\u00e2m, t\u1eeb th\u1ee9c u\u1ed1ng s\u1ea3ng kho\u00e1i \u0111\u1ebfn nh\u1eefng m\u00f3n \u0103n \u0111a d\u1ea1ng.<\/p>\n<\/div>\n\t\t<\/div>\n\t\t\t\t\t<\/div>\n\n\t\n\n\t<div id=\"col-625059822\" class=\"col medium-6 small-12 large-6\"  >\n\t\t\t\t<div class=\"col-inner\"  >\n\t\t\t\n\t\t\t\n\t<div class=\"img has-hover x md-x lg-x y md-y lg-y\" id=\"image_935476091\">\n\t\t\t\t\t\t\t\t<div class=\"img-inner dark\" >\n\t\t\t<img decoding=\"async\" width=\"600\" height=\"450\" src=\"https:\/\/maison-chance.org\/shop\/wp-content\/uploads\/2024\/03\/quan-an-Nha-May-Man-3.png\" class=\"attachment-large size-large\" alt=\"\" srcset=\"https:\/\/maison-chance.org\/shop\/wp-content\/uploads\/2024\/03\/quan-an-Nha-May-Man-3.png 600w, https:\/\/maison-chance.org\/shop\/wp-content\/uploads\/2024\/03\/quan-an-Nha-May-Man-3-533x400.png 533w, https:\/\/maison-chance.org\/shop\/wp-content\/uploads\/2024\/03\/quan-an-Nha-May-Man-3-510x383.png 510w\" sizes=\"(max-width: 600px) 100vw, 600px\" \/>\t\t\t\t\t\t\n\t\t\t\t\t<\/div>\n\t\t\t\t\t\t\t\t\n<style>\n#image_935476091 {\n  width: 100%;\n}\n<\/style>\n\t<\/div>\n\t\n\t\t<\/div>\n\t\t\t\t\t<\/div>\n\n\t\n<\/div>\n<div class=\"row\"  id=\"row-480743178\">\n\n\t<div id=\"col-1401358353\" class=\"col medium-6 small-12 large-6\"  >\n\t\t\t\t<div class=\"col-inner\"  >\n\t\t\t\n\t\t\t\n\t<div class=\"img has-hover x md-x lg-x y md-y lg-y\" id=\"image_1532050354\">\n\t\t\t\t\t\t\t\t<div class=\"img-inner dark\" >\n\t\t\t<img decoding=\"async\" width=\"1020\" height=\"680\" src=\"https:\/\/maison-chance.org\/shop\/wp-content\/uploads\/2024\/03\/quan-an-Nha-May-Man-2-1200x800.jpg\" class=\"attachment-large size-large\" alt=\"\" srcset=\"https:\/\/maison-chance.org\/shop\/wp-content\/uploads\/2024\/03\/quan-an-Nha-May-Man-2-1200x800.jpg 1200w, https:\/\/maison-chance.org\/shop\/wp-content\/uploads\/2024\/03\/quan-an-Nha-May-Man-2-600x400.jpg 600w, https:\/\/maison-chance.org\/shop\/wp-content\/uploads\/2024\/03\/quan-an-Nha-May-Man-2-768x512.jpg 768w, https:\/\/maison-chance.org\/shop\/wp-content\/uploads\/2024\/03\/quan-an-Nha-May-Man-2-1536x1024.jpg 1536w, https:\/\/maison-chance.org\/shop\/wp-content\/uploads\/2024\/03\/quan-an-Nha-May-Man-2-2048x1365.jpg 2048w, https:\/\/maison-chance.org\/shop\/wp-content\/uploads\/2024\/03\/quan-an-Nha-May-Man-2-510x340.jpg 510w\" sizes=\"(max-width: 1020px) 100vw, 1020px\" \/>\t\t\t\t\t\t\n\t\t\t\t\t<\/div>\n\t\t\t\t\t\t\t\t\n<style>\n#image_1532050354 {\n  width: 100%;\n}\n<\/style>\n\t<\/div>\n\t\n\t\t<\/div>\n\t\t\t\t\t<\/div>\n\n\t\n\n\t<div id=\"col-2047996018\" class=\"col medium-6 small-12 large-6\"  >\n\t\t\t\t<div class=\"col-inner\"  >\n\t\t\t\n\t\t\t\n\t<div id=\"gap-1989551154\" class=\"gap-element clearfix\" style=\"display:block; height:auto;\">\n\t\t\n<style>\n#gap-1989551154 {\n  padding-top: 80px;\n}\n<\/style>\n\t<\/div>\n\t\n<div style=\"text-align: justify;\">\n<p>B\u00ean c\u1ea1nh th\u1ef1c \u0111\u01a1n phong ph\u00fa v\u1edbi c\u00e1c m\u00f3n \u0111\u1eb7c s\u1ea3n T\u00e2y Nguy\u00ean v\u00e0 c\u00e1c m\u00f3n \u00c2u-\u00c1, Nh\u00e0 May M\u1eafn c\u00f2n t\u1ef1 h\u00e0o v\u1ec1 \u0111\u1ed9 \u0111a d\u1ea1ng c\u1ee7a th\u1ee9c u\u1ed1ng t\u01b0\u01a1i m\u00e1t, b\u1eaft ngu\u1ed3n t\u1eeb v\u00f9ng Cao Nguy\u00ean. Ch\u1ea5t l\u01b0\u1ee3ng v\u00e0 s\u1ef1 chu \u0111\u00e1o trong m\u1ed7i d\u1ecbch v\u1ee5 l\u00e0 l\u00fd do t\u1ea1i sao qu\u00e1n tr\u1edf th\u00e0nh \u0111i\u1ec3m h\u1eb9n th\u00fa v\u1ecb cho c\u1ea3 ng\u01b0\u1eddi d\u00e2n \u0111\u1ecba ph\u01b0\u01a1ng v\u00e0 du kh\u00e1ch th\u1eadp ph\u01b0\u01a1ng, n\u01a1i t\u1eadn h\u01b0\u1edfng ni\u1ec1m vui, g\u1eb7p g\u1ee1 v\u00e0 th\u01b0 gi\u00e3n.<\/p>\n<\/div>\n\t\t<\/div>\n\t\t\t\t\t<\/div>\n\n\t\n<\/div>\n<div style=\"text-align: justify;\">\n<p>B\u00ean c\u1ea1nh vi\u1ec7c \u0111\u00f3n ti\u1ebfp c\u00e1c th\u1ef1c kh\u00e1ch h\u00e0ng ng\u00e0y, Nh\u00e0 May M\u1eafn c\u00f2n l\u00e0 \u0111\u1ecba \u0111i\u1ec3m l\u00fd t\u01b0\u1edfng \u0111\u1ec3 t\u1ed5 ch\u1ee9c c\u00e1c s\u1ef1 ki\u1ec7n \u0111\u1eb7c bi\u1ec7t nh\u01b0 ti\u1ec7c sinh nh\u1eadt, li\u00ean hoan, t\u1ea5t ni\u00ean hay h\u1ecdp m\u1eb7t,\u2026 V\u1edbi ni\u1ec1m tin v\u00e0o ch\u1ea5t l\u01b0\u1ee3ng, ch\u00fang t\u00f4i mang \u0111\u1ebfn kh\u00f4ng gian \u1ea5m c\u00fang v\u00e0 \u0111\u00e1ng nh\u1edb cho m\u1ecdi d\u1ecbp.<\/p>\n<p>Qu\u00e1n \u0103n Nh\u00e0 May M\u1eafn m\u1edf c\u1eeda t\u1eeb 6h00 \u0111\u1ebfn 21h00 h\u00e0ng ng\u00e0y<\/p>\n<p>\u0110\u1ecba ch\u1ec9: ch\u1ec9 Th\u00f4n \u0110\u1ee9c L\u1eadp, x\u00e3 \u0110\u1eafk S\u00f4r, huy\u1ec7n Kr\u00f4ng N\u00f4, t\u1ec9nh \u0110\u1eafk N\u00f4ng<\/p>\n<p>H\u00e3y li\u00ean h\u1ec7 qua s\u1ed1 \u0111i\u1ec7n tho\u1ea1i <strong>02616.509.777<\/strong> \u0111\u1ec3 \u0111\u1eb7t b\u00e0n v\u00e0 kh\u00e1m ph\u00e1 kh\u00f4ng gian tuy\u1ec7t v\u1eddi c\u1ee7a Qu\u00e1n Nh\u00e0 May M\u1eafn.<\/p>\n<\/div>\n<p style=\"text-align: center;\"><span style=\"color: #ed1c24;\"><strong>Xin gi\u1edbi thi\u1ec7u Qu\u00fd kh\u00e1ch menu:<\/strong><\/span><\/p>\n<p style=\"text-align: center;\"><div class=\"_df_thumb \" id=\"df_39318\"  _slug=\"menu\" data-title=\"menu\" wpoptions=\"true\" thumb=\"https:\/\/maison-chance.org\/shop\/wp-content\/uploads\/2024\/05\/menu_00001.jpg\" thumbtype=\"\" >Menu<\/div><script class=\"df-shortcode-script\" nowprocket type=\"application\/javascript\">window.option_df_39318 = {\"webgl\":\"false\",\"outline\":[],\"autoEnableOutline\":\"false\",\"autoEnableThumbnail\":\"false\",\"overwritePDFOutline\":\"false\",\"direction\":\"1\",\"pageSize\":\"0\",\"source\":\"https:\\\/\\\/maison-chance.org\\\/shop\\\/wp-content\\\/uploads\\\/2024\\\/03\\\/menu.pdf\",\"wpOptions\":\"true\"}; if(window.DFLIP && window.DFLIP.parseBooks){window.DFLIP.parseBooks();}<\/script>\n","protected":false},"excerpt":{"rendered":"<p>Qu\u00e1n \u0103n Nh\u00e0 May M\u1eafn \u2013 \u1ea8m th\u1ef1c ngon n\u01a1i n\u00fai r\u1eebng T\u00e2y Nguy\u00ean N\u1eb1m gi\u1eefa l\u00f2ng thi\u00ean nhi\u00ean h\u00f9ng v\u0129 c\u1ee7a T\u00e2y Nguy\u00ean \u0110\u1eafk N\u00f4ng, Nh\u00e0 May M\u1eafn kh\u00f4ng ch\u1ec9 l\u00e0 qu\u00e1n \u0103n, m\u00e0 c\u00f2n l\u00e0 m\u1ed9t \u0111\u1ecba \u0111i\u1ec3m tr\u1ea3i nghi\u1ec7m \u1ea9m th\u1ef1c \u0111\u1ed9c \u0111\u00e1o v\u00e0 nh\u00e2n v\u0103n. T\u1eeb nh\u1eefng ng\u00e0y \u0111\u1ea7u khai tr\u01b0\u01a1ng [&#8230;]\n","protected":false},"author":1,"featured_media":30991,"parent":0,"menu_order":0,"comment_status":"closed","ping_status":"closed","template":"","meta":{"footnotes":""},"class_list":["post-30988","page","type-page","status-publish","has-post-thumbnail","hentry"],"yoast_head":"<!-- This site is optimized with the Yoast SEO Premium plugin v22.7 (Yoast SEO v25.3.1) - https:\/\/yoast.com\/wordpress\/plugins\/seo\/ -->\n<title>Qu\u00e1n \u0103n Nh\u00e0 May M\u1eafn \u0110\u1eafk N\u00f4ng - Nh\u00e0 May M\u1eafn - Maison Chance<\/title>\n<meta name=\"description\" content=\"Qu\u00e1n \u0103n Nh\u00e0 May M\u1eafn \u0110\u1eafk N\u00f4ng kh\u00f4ng ch\u1ec9 l\u00e0 n\u01a1i th\u1ef1c kh\u00e1ch t\u00ecm \u0111\u1ebfn \u0111\u1ec3 th\u01b0\u1edfng th\u1ee9c h\u01b0\u01a1ng v\u1ecb, m\u00e0 c\u00f2n l\u00e0 m\u1ed9t ng\u00f4i nh\u00e0 c\u1ee7a nh\u1eefng k\u1ef7 ni\u1ec7m \u0111\u00e1ng nh\u1edb.\" \/>\n<meta name=\"robots\" content=\"index, follow, max-snippet:-1, max-image-preview:large, max-video-preview:-1\" \/>\n<link rel=\"canonical\" href=\"https:\/\/maison-chance.org\/shop\/quan-an-nha-may-man-dak-nong\" \/>\n<meta property=\"og:locale\" content=\"vi_VN\" \/>\n<meta property=\"og:type\" content=\"article\" \/>\n<meta property=\"og:title\" content=\"Qu\u00e1n \u0103n Nh\u00e0 May M\u1eafn \u0110\u1eafk N\u00f4ng\" \/>\n<meta property=\"og:description\" content=\"Qu\u00e1n \u0103n Nh\u00e0 May M\u1eafn \u0110\u1eafk N\u00f4ng kh\u00f4ng ch\u1ec9 l\u00e0 n\u01a1i th\u1ef1c kh\u00e1ch t\u00ecm \u0111\u1ebfn \u0111\u1ec3 th\u01b0\u1edfng th\u1ee9c h\u01b0\u01a1ng v\u1ecb, m\u00e0 c\u00f2n l\u00e0 m\u1ed9t ng\u00f4i nh\u00e0 c\u1ee7a nh\u1eefng k\u1ef7 ni\u1ec7m \u0111\u00e1ng nh\u1edb.\" \/>\n<meta property=\"og:url\" content=\"https:\/\/maison-chance.org\/shop\/quan-an-nha-may-man-dak-nong\" \/>\n<meta property=\"og:site_name\" content=\"Nh\u00e0 May M\u1eafn - Maison Chance\" \/>\n<meta property=\"article:publisher\" content=\"https:\/\/www.facebook.com\/dnxh.nhamayman\/\" \/>\n<meta property=\"article:modified_time\" content=\"2024-05-25T01:57:48+00:00\" \/>\n<meta property=\"og:image\" content=\"https:\/\/maison-chance.org\/shop\/wp-content\/uploads\/2024\/03\/quan-an-Nha-May-Man-1.png\" \/>\n\t<meta property=\"og:image:width\" content=\"600\" \/>\n\t<meta property=\"og:image:height\" content=\"450\" \/>\n\t<meta property=\"og:image:type\" content=\"image\/png\" \/>\n<meta name=\"twitter:card\" content=\"summary_large_image\" \/>\n<meta name=\"twitter:label1\" content=\"Est. reading time\" \/>\n\t<meta name=\"twitter:data1\" content=\"4 minutes\" \/>\n<script type=\"application\/ld+json\" class=\"yoast-schema-graph\">{\"@context\":\"https:\/\/schema.org\",\"@graph\":[{\"@type\":\"WebPage\",\"@id\":\"https:\/\/maison-chance.org\/shop\/quan-an-nha-may-man-dak-nong\",\"url\":\"https:\/\/maison-chance.org\/shop\/quan-an-nha-may-man-dak-nong\",\"name\":\"Qu\u00e1n \u0103n Nh\u00e0 May M\u1eafn \u0110\u1eafk N\u00f4ng - Nh\u00e0 May M\u1eafn - Maison Chance\",\"isPartOf\":{\"@id\":\"https:\/\/maison-chance.org\/shop\/#website\"},\"primaryImageOfPage\":{\"@id\":\"https:\/\/maison-chance.org\/shop\/quan-an-nha-may-man-dak-nong#primaryimage\"},\"image\":{\"@id\":\"https:\/\/maison-chance.org\/shop\/quan-an-nha-may-man-dak-nong#primaryimage\"},\"thumbnailUrl\":\"https:\/\/maison-chance.org\/shop\/wp-content\/uploads\/2024\/03\/quan-an-Nha-May-Man-1.png\",\"datePublished\":\"2024-03-09T17:14:04+00:00\",\"dateModified\":\"2024-05-25T01:57:48+00:00\",\"description\":\"Qu\u00e1n \u0103n Nh\u00e0 May M\u1eafn \u0110\u1eafk N\u00f4ng kh\u00f4ng ch\u1ec9 l\u00e0 n\u01a1i th\u1ef1c kh\u00e1ch t\u00ecm \u0111\u1ebfn \u0111\u1ec3 th\u01b0\u1edfng th\u1ee9c h\u01b0\u01a1ng v\u1ecb, m\u00e0 c\u00f2n l\u00e0 m\u1ed9t ng\u00f4i nh\u00e0 c\u1ee7a nh\u1eefng k\u1ef7 ni\u1ec7m \u0111\u00e1ng nh\u1edb.\",\"breadcrumb\":{\"@id\":\"https:\/\/maison-chance.org\/shop\/quan-an-nha-may-man-dak-nong#breadcrumb\"},\"inLanguage\":\"vi-VN\",\"potentialAction\":[{\"@type\":\"ReadAction\",\"target\":[\"https:\/\/maison-chance.org\/shop\/quan-an-nha-may-man-dak-nong\"]}]},{\"@type\":\"ImageObject\",\"inLanguage\":\"vi-VN\",\"@id\":\"https:\/\/maison-chance.org\/shop\/quan-an-nha-may-man-dak-nong#primaryimage\",\"url\":\"https:\/\/maison-chance.org\/shop\/wp-content\/uploads\/2024\/03\/quan-an-Nha-May-Man-1.png\",\"contentUrl\":\"https:\/\/maison-chance.org\/shop\/wp-content\/uploads\/2024\/03\/quan-an-Nha-May-Man-1.png\",\"width\":600,\"height\":450},{\"@type\":\"BreadcrumbList\",\"@id\":\"https:\/\/maison-chance.org\/shop\/quan-an-nha-may-man-dak-nong#breadcrumb\",\"itemListElement\":[{\"@type\":\"ListItem\",\"position\":1,\"name\":\"Trang ch\u1ee7\",\"item\":\"https:\/\/maison-chance.org\/shop\/\"},{\"@type\":\"ListItem\",\"position\":2,\"name\":\"Qu\u00e1n \u0103n Nh\u00e0 May M\u1eafn \u0110\u1eafk N\u00f4ng\"}]},{\"@type\":\"WebSite\",\"@id\":\"https:\/\/maison-chance.org\/shop\/#website\",\"url\":\"https:\/\/maison-chance.org\/shop\/\",\"name\":\"Nh\u00e0 May M\u1eafn - Maison Chance\",\"description\":\"M\u1ecdi l\u1ee3i nhu\u1eadn thu v\u1ec1 t\u1eeb vi\u1ec7c b\u00e1n h\u00e0ng s\u1ebd tr\u00edch m\u1ed9t ph\u1ea7n \u0111\u1ec3 ch\u0103m lo cho \u0111\u1eddi s\u1ed1ng c\u00e1c b\u1ea1n khuy\u1ebft t\u1eadt v\u00e0 tr\u1ebb m\u1ed3 c\u00f4i \u1edf \u0111\u00e2y\",\"publisher\":{\"@id\":\"https:\/\/maison-chance.org\/shop\/#organization\"},\"potentialAction\":[{\"@type\":\"SearchAction\",\"target\":{\"@type\":\"EntryPoint\",\"urlTemplate\":\"https:\/\/maison-chance.org\/shop\/?s={search_term_string}\"},\"query-input\":{\"@type\":\"PropertyValueSpecification\",\"valueRequired\":true,\"valueName\":\"search_term_string\"}}],\"inLanguage\":\"vi-VN\"},{\"@type\":\"Organization\",\"@id\":\"https:\/\/maison-chance.org\/shop\/#organization\",\"name\":\"Nh\u00e0 May M\u1eafn - Maison Chance\",\"url\":\"https:\/\/maison-chance.org\/shop\/\",\"logo\":{\"@type\":\"ImageObject\",\"inLanguage\":\"vi-VN\",\"@id\":\"https:\/\/maison-chance.org\/shop\/#\/schema\/logo\/image\/\",\"url\":\"https:\/\/maison-chance.org\/shop\/wp-content\/uploads\/2024\/03\/cropped-Logo_DNXH.png\",\"contentUrl\":\"https:\/\/maison-chance.org\/shop\/wp-content\/uploads\/2024\/03\/cropped-Logo_DNXH.png\",\"width\":512,\"height\":512,\"caption\":\"Nh\u00e0 May M\u1eafn - Maison Chance\"},\"image\":{\"@id\":\"https:\/\/maison-chance.org\/shop\/#\/schema\/logo\/image\/\"},\"sameAs\":[\"https:\/\/www.facebook.com\/dnxh.nhamayman\/\"]}]}<\/script>\n<!-- \/ Yoast SEO Premium plugin. -->","yoast_head_json":{"title":"Qu\u00e1n \u0103n Nh\u00e0 May M\u1eafn \u0110\u1eafk N\u00f4ng - Nh\u00e0 May M\u1eafn - Maison Chance","description":"Qu\u00e1n \u0103n Nh\u00e0 May M\u1eafn \u0110\u1eafk N\u00f4ng kh\u00f4ng ch\u1ec9 l\u00e0 n\u01a1i th\u1ef1c kh\u00e1ch t\u00ecm \u0111\u1ebfn \u0111\u1ec3 th\u01b0\u1edfng th\u1ee9c h\u01b0\u01a1ng v\u1ecb, m\u00e0 c\u00f2n l\u00e0 m\u1ed9t ng\u00f4i nh\u00e0 c\u1ee7a nh\u1eefng k\u1ef7 ni\u1ec7m \u0111\u00e1ng nh\u1edb.","robots":{"index":"index","follow":"follow","max-snippet":"max-snippet:-1","max-image-preview":"max-image-preview:large","max-video-preview":"max-video-preview:-1"},"canonical":"https:\/\/maison-chance.org\/shop\/quan-an-nha-may-man-dak-nong","og_locale":"vi_VN","og_type":"article","og_title":"Qu\u00e1n \u0103n Nh\u00e0 May M\u1eafn \u0110\u1eafk N\u00f4ng","og_description":"Qu\u00e1n \u0103n Nh\u00e0 May M\u1eafn \u0110\u1eafk N\u00f4ng kh\u00f4ng ch\u1ec9 l\u00e0 n\u01a1i th\u1ef1c kh\u00e1ch t\u00ecm \u0111\u1ebfn \u0111\u1ec3 th\u01b0\u1edfng th\u1ee9c h\u01b0\u01a1ng v\u1ecb, m\u00e0 c\u00f2n l\u00e0 m\u1ed9t ng\u00f4i nh\u00e0 c\u1ee7a nh\u1eefng k\u1ef7 ni\u1ec7m \u0111\u00e1ng nh\u1edb.","og_url":"https:\/\/maison-chance.org\/shop\/quan-an-nha-may-man-dak-nong","og_site_name":"Nh\u00e0 May M\u1eafn - Maison Chance","article_publisher":"https:\/\/www.facebook.com\/dnxh.nhamayman\/","article_modified_time":"2024-05-25T01:57:48+00:00","og_image":[{"width":600,"height":450,"url":"https:\/\/maison-chance.org\/shop\/wp-content\/uploads\/2024\/03\/quan-an-Nha-May-Man-1.png","type":"image\/png"}],"twitter_card":"summary_large_image","twitter_misc":{"Est. reading time":"4 minutes"},"schema":{"@context":"https:\/\/schema.org","@graph":[{"@type":"WebPage","@id":"https:\/\/maison-chance.org\/shop\/quan-an-nha-may-man-dak-nong","url":"https:\/\/maison-chance.org\/shop\/quan-an-nha-may-man-dak-nong","name":"Qu\u00e1n \u0103n Nh\u00e0 May M\u1eafn \u0110\u1eafk N\u00f4ng - Nh\u00e0 May M\u1eafn - Maison Chance","isPartOf":{"@id":"https:\/\/maison-chance.org\/shop\/#website"},"primaryImageOfPage":{"@id":"https:\/\/maison-chance.org\/shop\/quan-an-nha-may-man-dak-nong#primaryimage"},"image":{"@id":"https:\/\/maison-chance.org\/shop\/quan-an-nha-may-man-dak-nong#primaryimage"},"thumbnailUrl":"https:\/\/maison-chance.org\/shop\/wp-content\/uploads\/2024\/03\/quan-an-Nha-May-Man-1.png","datePublished":"2024-03-09T17:14:04+00:00","dateModified":"2024-05-25T01:57:48+00:00","description":"Qu\u00e1n \u0103n Nh\u00e0 May M\u1eafn \u0110\u1eafk N\u00f4ng kh\u00f4ng ch\u1ec9 l\u00e0 n\u01a1i th\u1ef1c kh\u00e1ch t\u00ecm \u0111\u1ebfn \u0111\u1ec3 th\u01b0\u1edfng th\u1ee9c h\u01b0\u01a1ng v\u1ecb, m\u00e0 c\u00f2n l\u00e0 m\u1ed9t ng\u00f4i nh\u00e0 c\u1ee7a nh\u1eefng k\u1ef7 ni\u1ec7m \u0111\u00e1ng nh\u1edb.","breadcrumb":{"@id":"https:\/\/maison-chance.org\/shop\/quan-an-nha-may-man-dak-nong#breadcrumb"},"inLanguage":"vi-VN","potentialAction":[{"@type":"ReadAction","target":["https:\/\/maison-chance.org\/shop\/quan-an-nha-may-man-dak-nong"]}]},{"@type":"ImageObject","inLanguage":"vi-VN","@id":"https:\/\/maison-chance.org\/shop\/quan-an-nha-may-man-dak-nong#primaryimage","url":"https:\/\/maison-chance.org\/shop\/wp-content\/uploads\/2024\/03\/quan-an-Nha-May-Man-1.png","contentUrl":"https:\/\/maison-chance.org\/shop\/wp-content\/uploads\/2024\/03\/quan-an-Nha-May-Man-1.png","width":600,"height":450},{"@type":"BreadcrumbList","@id":"https:\/\/maison-chance.org\/shop\/quan-an-nha-may-man-dak-nong#breadcrumb","itemListElement":[{"@type":"ListItem","position":1,"name":"Trang ch\u1ee7","item":"https:\/\/maison-chance.org\/shop\/"},{"@type":"ListItem","position":2,"name":"Qu\u00e1n \u0103n Nh\u00e0 May M\u1eafn \u0110\u1eafk N\u00f4ng"}]},{"@type":"WebSite","@id":"https:\/\/maison-chance.org\/shop\/#website","url":"https:\/\/maison-chance.org\/shop\/","name":"Nh\u00e0 May M\u1eafn - Maison Chance","description":"M\u1ecdi l\u1ee3i nhu\u1eadn thu v\u1ec1 t\u1eeb vi\u1ec7c b\u00e1n h\u00e0ng s\u1ebd tr\u00edch m\u1ed9t ph\u1ea7n \u0111\u1ec3 ch\u0103m lo cho \u0111\u1eddi s\u1ed1ng c\u00e1c b\u1ea1n khuy\u1ebft t\u1eadt v\u00e0 tr\u1ebb m\u1ed3 c\u00f4i \u1edf \u0111\u00e2y","publisher":{"@id":"https:\/\/maison-chance.org\/shop\/#organization"},"potentialAction":[{"@type":"SearchAction","target":{"@type":"EntryPoint","urlTemplate":"https:\/\/maison-chance.org\/shop\/?s={search_term_string}"},"query-input":{"@type":"PropertyValueSpecification","valueRequired":true,"valueName":"search_term_string"}}],"inLanguage":"vi-VN"},{"@type":"Organization","@id":"https:\/\/maison-chance.org\/shop\/#organization","name":"Nh\u00e0 May M\u1eafn - Maison Chance","url":"https:\/\/maison-chance.org\/shop\/","logo":{"@type":"ImageObject","inLanguage":"vi-VN","@id":"https:\/\/maison-chance.org\/shop\/#\/schema\/logo\/image\/","url":"https:\/\/maison-chance.org\/shop\/wp-content\/uploads\/2024\/03\/cropped-Logo_DNXH.png","contentUrl":"https:\/\/maison-chance.org\/shop\/wp-content\/uploads\/2024\/03\/cropped-Logo_DNXH.png","width":512,"height":512,"caption":"Nh\u00e0 May M\u1eafn - Maison Chance"},"image":{"@id":"https:\/\/maison-chance.org\/shop\/#\/schema\/logo\/image\/"},"sameAs":["https:\/\/www.facebook.com\/dnxh.nhamayman\/"]}]}},"_links":{"self":[{"href":"https:\/\/maison-chance.org\/shop\/wp-json\/wp\/v2\/pages\/30988","targetHints":{"allow":["GET"]}}],"collection":[{"href":"https:\/\/maison-chance.org\/shop\/wp-json\/wp\/v2\/pages"}],"about":[{"href":"https:\/\/maison-chance.org\/shop\/wp-json\/wp\/v2\/types\/page"}],"author":[{"embeddable":true,"href":"https:\/\/maison-chance.org\/shop\/wp-json\/wp\/v2\/users\/1"}],"replies":[{"embeddable":true,"href":"https:\/\/maison-chance.org\/shop\/wp-json\/wp\/v2\/comments?post=30988"}],"version-history":[{"count":0,"href":"https:\/\/maison-chance.org\/shop\/wp-json\/wp\/v2\/pages\/30988\/revisions"}],"wp:featuredmedia":[{"embeddable":true,"href":"https:\/\/maison-chance.org\/shop\/wp-json\/wp\/v2\/media\/30991"}],"wp:attachment":[{"href":"https:\/\/maison-chance.org\/shop\/wp-json\/wp\/v2\/media?parent=30988"}],"curies":[{"name":"wp","href":"https:\/\/api.w.org\/{rel}","templated":true}]}}