{"id":34357,"date":"2024-03-21T13:50:22","date_gmt":"2024-03-21T06:50:22","guid":{"rendered":"https:\/\/maison-chance.org\/shop\/?page_id=34357"},"modified":"2025-06-19T11:57:45","modified_gmt":"2025-06-19T04:57:45","slug":"mat-da-my-nghe","status":"publish","type":"page","link":"https:\/\/maison-chance.org\/shop\/mat-da-my-nghe","title":{"rendered":"M\u1eb7t \u0111\u00e1 m\u1ef9 ngh\u1ec7"},"content":{"rendered":"<div class=\"row row-full-width hide-for-small\"  id=\"row-766421848\">\n\n\t<div id=\"col-46205530\" class=\"col hide-for-small medium-2 small-12 large-2\"  >\n\t\t\t\t<div class=\"col-inner\"  >\n\t\t\t\n\t\t\t\n<ul class=\"sidebar-wrapper ul-reset\"><aside id=\"custom_html-6\" class=\"widget_text widget widget_custom_html\"><div class=\"textwidget custom-html-widget\"><div class=\"support-container\">\r\n  <div class=\"support-header\">\r\n    <img decoding=\"async\" src=\"https:\/\/maison-chance.org\/shop\/wp-content\/uploads\/2024\/05\/headphone2.png\" alt=\"H\u1ed6 TR\u1ee2 TR\u1ef0C TUY\u1ebeN\" class=\"support-icon\">\r\n    <span>H\u1ed6 TR\u1ee2 TR\u1ef0C TUY\u1ebeN<\/span>\r\n  <\/div>\r\n  <div class=\"support-item\">\r\n    <a href=\"tel:0909062528\" class=\"support-link\">\r\n      <img decoding=\"async\" src=\"https:\/\/maison-chance.org\/shop\/wp-content\/uploads\/2024\/05\/hotline1.png\" alt=\"Hotline\" class=\"support-icon\">\r\n      <span>0909 06 25 28<\/span>\r\n    <\/a>\r\n  <\/div>\r\n  <div class=\"support-item\">\r\n    <a href=\"https:\/\/zalo.me\/0909062528\" class=\"support-link\">\r\n      <img decoding=\"async\" src=\"https:\/\/maison-chance.org\/shop\/wp-content\/uploads\/2024\/05\/zalo1.png\" alt=\"Zalo\" class=\"support-icon\">\r\n      <span>0909 06 25 28<\/span>\r\n    <\/a>\r\n  <\/div>\r\n  <div class=\"support-item\">\r\n    <a href=\"https:\/\/m.me\/dnxh.nhamayman\" class=\"support-link\">\r\n      <img decoding=\"async\" src=\"https:\/\/maison-chance.org\/shop\/wp-content\/uploads\/2024\/05\/facebook1.png\" alt=\"Fanpage DNXH\" class=\"support-icon\">\r\n      <span>Fanpage DNXH<\/span>\r\n    <\/a>\r\n  <\/div>\r\n<\/div>\r\n\r\n<div class=\"product-category-container\">\r\n  <div class=\"product-category-header\">\r\n    <img decoding=\"async\" src=\"https:\/\/maison-chance.org\/shop\/wp-content\/uploads\/2024\/05\/list1.png\" alt=\"DANH M\u1ee4C S\u1ea2N PH\u1ea8M\" class=\"product-category-icon\">\r\n    <span>DANH M\u1ee4C S\u1ea2N PH\u1ea8M<\/span>\r\n  <\/div>\r\n<\/div><\/div><\/aside><aside id=\"nav_menu-3\" class=\"widget widget_nav_menu\"><div class=\"menu-menu-danh-muc-container\"><ul id=\"menu-menu-danh-muc\" class=\"menu\"><li id=\"menu-item-34913\" class=\"menu-item menu-item-type-post_type menu-item-object-page menu-item-has-children menu-item-34913\"><a href=\"https:\/\/maison-chance.org\/shop\/phong-may\">Ph\u00f2ng may<\/a>\n<ul class=\"sub-menu\">\n\t<li id=\"menu-item-34914\" class=\"menu-item menu-item-type-post_type menu-item-object-page menu-item-34914\"><a href=\"https:\/\/maison-chance.org\/shop\/thu-nhoi-bong\">Th\u00fa nh\u1ed3i b\u00f4ng<\/a><\/li>\n\t<li id=\"menu-item-34915\" class=\"menu-item menu-item-type-post_type menu-item-object-page menu-item-34915\"><a href=\"https:\/\/maison-chance.org\/shop\/con-roi-nhoi-bong\">Con r\u1ed1i nh\u1ed3i b\u00f4ng<\/a><\/li>\n\t<li id=\"menu-item-34916\" class=\"menu-item menu-item-type-post_type menu-item-object-page menu-item-34916\"><a href=\"https:\/\/maison-chance.org\/shop\/moc-khoa-nhoi-bong\">M\u00f3c kho\u00e1 nh\u1ed3i b\u00f4ng<\/a><\/li>\n\t<li id=\"menu-item-34917\" class=\"menu-item menu-item-type-post_type menu-item-object-page menu-item-34917\"><a href=\"https:\/\/maison-chance.org\/shop\/tui-xach\">T\u00fai x\u00e1ch<\/a><\/li>\n\t<li id=\"menu-item-34918\" class=\"menu-item menu-item-type-post_type menu-item-object-page menu-item-34918\"><a href=\"https:\/\/maison-chance.org\/shop\/ba-lo\">Ba l\u00f4<\/a><\/li>\n\t<li id=\"menu-item-34919\" class=\"menu-item menu-item-type-post_type menu-item-object-page menu-item-34919\"><a href=\"https:\/\/maison-chance.org\/shop\/do-trang-tri\">\u0110\u1ed3 trang tr\u00ed<\/a><\/li>\n<\/ul>\n<\/li>\n<li id=\"menu-item-34920\" class=\"menu-item menu-item-type-post_type menu-item-object-page menu-item-has-children menu-item-34920\"><a href=\"https:\/\/maison-chance.org\/shop\/phong-tranh-son-dau\">Ph\u00f2ng tranh s\u01a1n d\u1ea7u<\/a>\n<ul class=\"sub-menu\">\n\t<li id=\"menu-item-34923\" class=\"menu-item menu-item-type-post_type menu-item-object-page menu-item-34923\"><a href=\"https:\/\/maison-chance.org\/shop\/tranh-ton-giao\">Tranh t\u00f4n gi\u00e1o<\/a><\/li>\n\t<li id=\"menu-item-34921\" class=\"menu-item menu-item-type-post_type menu-item-object-page menu-item-34921\"><a href=\"https:\/\/maison-chance.org\/shop\/tranh-phong-canh\">Tranh phong c\u1ea3nh<\/a><\/li>\n\t<li id=\"menu-item-34924\" class=\"menu-item menu-item-type-post_type menu-item-object-page menu-item-34924\"><a href=\"https:\/\/maison-chance.org\/shop\/tranh-chan-dung\">Tranh ch\u00e2n dung<\/a><\/li>\n\t<li id=\"menu-item-34925\" class=\"menu-item menu-item-type-post_type menu-item-object-page menu-item-34925\"><a href=\"https:\/\/maison-chance.org\/shop\/tranh-truu-tuong\">Tranh tr\u1eebu t\u01b0\u1ee3ng<\/a><\/li>\n\t<li id=\"menu-item-34922\" class=\"menu-item menu-item-type-post_type menu-item-object-page menu-item-34922\"><a href=\"https:\/\/maison-chance.org\/shop\/tranh-mini-tranh-de-ban\">Tranh mini \u2013 tranh \u0111\u1ec3 b\u00e0n<\/a><\/li>\n<\/ul>\n<\/li>\n<li id=\"menu-item-34926\" class=\"menu-item menu-item-type-post_type menu-item-object-page menu-item-has-children menu-item-34926\"><a href=\"https:\/\/maison-chance.org\/shop\/phong-banh\">Ph\u00f2ng b\u00e1nh<\/a>\n<ul class=\"sub-menu\">\n\t<li id=\"menu-item-34932\" class=\"menu-item menu-item-type-post_type menu-item-object-page menu-item-34932\"><a href=\"https:\/\/maison-chance.org\/shop\/banh-kem\">B\u00e1nh kem<\/a><\/li>\n\t<li id=\"menu-item-34931\" class=\"menu-item menu-item-type-post_type menu-item-object-page menu-item-34931\"><a href=\"https:\/\/maison-chance.org\/shop\/banh-man\">B\u00e1nh m\u1eb7n<\/a><\/li>\n\t<li id=\"menu-item-34930\" class=\"menu-item menu-item-type-post_type menu-item-object-page menu-item-34930\"><a href=\"https:\/\/maison-chance.org\/shop\/banh-ngot\">B\u00e1nh ng\u1ecdt<\/a><\/li>\n\t<li id=\"menu-item-34929\" class=\"menu-item menu-item-type-post_type menu-item-object-page menu-item-34929\"><a href=\"https:\/\/maison-chance.org\/shop\/banh-trai-cay\">B\u00e1nh tr\u00e1i c\u00e2y<\/a><\/li>\n\t<li id=\"menu-item-34928\" class=\"menu-item menu-item-type-post_type menu-item-object-page menu-item-34928\"><a href=\"https:\/\/maison-chance.org\/shop\/banh-trung-thu\">B\u00e1nh trung thu<\/a><\/li>\n\t<li id=\"menu-item-34927\" class=\"menu-item menu-item-type-post_type menu-item-object-page menu-item-34927\"><a href=\"https:\/\/maison-chance.org\/shop\/kem-tuoi\">Kem t\u01b0\u01a1i<\/a><\/li>\n<\/ul>\n<\/li>\n<li id=\"menu-item-34935\" class=\"menu-item menu-item-type-post_type menu-item-object-page menu-item-has-children menu-item-34935\"><a href=\"https:\/\/maison-chance.org\/shop\/phong-da-my-nghe\">Ph\u00f2ng \u0111\u00e1 m\u1ef9 ngh\u1ec7<\/a>\n<ul class=\"sub-menu\">\n\t<li id=\"menu-item-34933\" class=\"menu-item menu-item-type-post_type menu-item-object-page menu-item-34933\"><a href=\"https:\/\/maison-chance.org\/shop\/tuong-da-my-nghe\">T\u01b0\u1ee3ng \u0111\u00e1 m\u1ef9 ngh\u1ec7<\/a><\/li>\n\t<li id=\"menu-item-34937\" class=\"menu-item menu-item-type-post_type menu-item-object-page menu-item-34937\"><a href=\"https:\/\/maison-chance.org\/shop\/mat-day-chuyen-ton-giao\">M\u1eb7t d\u00e2y chuy\u1ec1n t\u00f4n gi\u00e1o<\/a><\/li>\n\t<li id=\"menu-item-34938\" class=\"menu-item menu-item-type-post_type menu-item-object-page menu-item-34938\"><a href=\"https:\/\/maison-chance.org\/shop\/mat-day-chuyen-da-my-nghe\">M\u1eb7t d\u00e2y chuy\u1ec1n \u0111\u00e1 m\u1ef9 ngh\u1ec7<\/a><\/li>\n\t<li id=\"menu-item-34936\" class=\"menu-item menu-item-type-post_type menu-item-object-page menu-item-34936\"><a href=\"https:\/\/maison-chance.org\/shop\/mat-tuong-ton-giao\">M\u1eb7t t\u01b0\u1ee3ng t\u00f4n gi\u00e1o<\/a><\/li>\n\t<li id=\"menu-item-34939\" class=\"menu-item menu-item-type-post_type menu-item-object-page menu-item-34939\"><a href=\"https:\/\/maison-chance.org\/shop\/mat-da-my-nghe\">M\u1eb7t \u0111\u00e1 m\u1ef9 ngh\u1ec7<\/a><\/li>\n\t<li id=\"menu-item-34934\" class=\"menu-item menu-item-type-post_type menu-item-object-page menu-item-34934\"><a href=\"https:\/\/maison-chance.org\/shop\/san-pham-khac\">S\u1ea3n ph\u1ea9m kh\u00e1c<\/a><\/li>\n<\/ul>\n<\/li>\n<li id=\"menu-item-35431\" class=\"menu-item menu-item-type-post_type menu-item-object-page menu-item-has-children menu-item-35431\"><a href=\"https:\/\/maison-chance.org\/shop\/nong-san-dak-nong\">N\u00f4ng s\u1ea3n \u0110\u1eafk N\u00f4ng<\/a>\n<ul class=\"sub-menu\">\n\t<li id=\"menu-item-35432\" class=\"menu-item menu-item-type-post_type menu-item-object-page menu-item-35432\"><a href=\"https:\/\/maison-chance.org\/shop\/nong-san-say-kho\">N\u00f4ng s\u1ea3n s\u1ea5y kh\u00f4<\/a><\/li>\n\t<li id=\"menu-item-35433\" class=\"menu-item menu-item-type-post_type menu-item-object-page menu-item-35433\"><a href=\"https:\/\/maison-chance.org\/shop\/nong-san-tuoi\">N\u00f4ng s\u1ea3n t\u01b0\u01a1i<\/a><\/li>\n<\/ul>\n<\/li>\n<\/ul><\/div><\/aside><aside id=\"custom_html-7\" class=\"widget_text widget widget_custom_html\"><div class=\"textwidget custom-html-widget\"><div class=\"product-recently-viewed\">\r\n  <div class=\"product-recently-viewed-header\">\r\n    <img decoding=\"async\" src=\"https:\/\/maison-chance.org\/shop\/wp-content\/uploads\/2024\/05\/loupe1.png\" alt=\"S\u1ea2N PH\u1ea8M V\u1eeaA XEM\" class=\"product-recently-viewed-icon\">\r\n    <span>S\u1ea2N PH\u1ea8M V\u1eeaA XEM<\/span>\r\n  <\/div>\r\n<\/div><\/div><\/aside><\/ul>\n\t\t<\/div>\n\t\t\t\t\t<\/div>\n\n\t\n\n\t<div id=\"col-18792765\" class=\"col medium-10 small-12 large-10\"  >\n\t\t\t\t<div class=\"col-inner\"  >\n\t\t\t\n\t\t\t\n\t<div class=\"img has-hover x md-x lg-x y md-y lg-y\" id=\"image_126575269\">\n\t\t\t\t\t\t\t\t<div class=\"img-inner dark\" >\n\t\t\t<img decoding=\"async\" width=\"1020\" height=\"103\" src=\"https:\/\/maison-chance.org\/shop\/wp-content\/uploads\/2024\/02\/banner-hinh-phong-may-2-1024x103.jpg\" class=\"attachment-large size-large\" alt=\"\" srcset=\"https:\/\/maison-chance.org\/shop\/wp-content\/uploads\/2024\/02\/banner-hinh-phong-may-2-1024x103.jpg 1024w, https:\/\/maison-chance.org\/shop\/wp-content\/uploads\/2024\/02\/banner-hinh-phong-may-2-510x51.jpg 510w, https:\/\/maison-chance.org\/shop\/wp-content\/uploads\/2024\/02\/banner-hinh-phong-may-2-300x30.jpg 300w, https:\/\/maison-chance.org\/shop\/wp-content\/uploads\/2024\/02\/banner-hinh-phong-may-2-768x77.jpg 768w, https:\/\/maison-chance.org\/shop\/wp-content\/uploads\/2024\/02\/banner-hinh-phong-may-2.jpg 1140w\" sizes=\"(max-width: 1020px) 100vw, 1020px\" \/>\t\t\t\t\t\t\n\t\t\t\t\t<\/div>\n\t\t\t\t\t\t\t\t\n<style>\n#image_126575269 {\n  width: 100%;\n}\n<\/style>\n\t<\/div>\n\t\n<p>S\u1ea3n ph\u1ea9m \u0111ang c\u1eadp nh\u1eadt &#8230;<\/p>\n\n  \n    <div class=\"row sanpham01 large-columns-4 medium-columns-3 small-columns-2 row-small row-full-width\">\n  \t<\/div>\n\t\t<\/div>\n\t\t\t\t\t<\/div>\n\n\t\n\n<style>\n#row-766421848 > .col > .col-inner {\n  padding: 10px 0px 0px 0px;\n}\n<\/style>\n<\/div>\n\t<div class=\"img has-hover show-for-small x md-x lg-x y md-y lg-y\" id=\"image_1127201210\">\n\t\t\t\t\t\t\t\t<div class=\"img-inner dark\" style=\"margin:0px 0px 5px 0px;\">\n\t\t\t<img decoding=\"async\" width=\"1020\" height=\"103\" src=\"https:\/\/maison-chance.org\/shop\/wp-content\/uploads\/2024\/02\/banner-hinh-phong-may-2-1024x103.jpg\" class=\"attachment-large size-large\" alt=\"\" srcset=\"https:\/\/maison-chance.org\/shop\/wp-content\/uploads\/2024\/02\/banner-hinh-phong-may-2-1024x103.jpg 1024w, https:\/\/maison-chance.org\/shop\/wp-content\/uploads\/2024\/02\/banner-hinh-phong-may-2-510x51.jpg 510w, https:\/\/maison-chance.org\/shop\/wp-content\/uploads\/2024\/02\/banner-hinh-phong-may-2-300x30.jpg 300w, https:\/\/maison-chance.org\/shop\/wp-content\/uploads\/2024\/02\/banner-hinh-phong-may-2-768x77.jpg 768w, https:\/\/maison-chance.org\/shop\/wp-content\/uploads\/2024\/02\/banner-hinh-phong-may-2.jpg 1140w\" sizes=\"(max-width: 1020px) 100vw, 1020px\" \/>\t\t\t\t\t\t\n\t\t\t\t\t<\/div>\n\t\t\t\t\t\t\t\t\n<style>\n#image_1127201210 {\n  width: 100%;\n}\n<\/style>\n\t<\/div>\n\t\n\n  \n    <div class=\"row sanpham01 show-for-small large-columns-4 medium-columns-3 small-columns-2 row-small row-full-width\">\n  \t<\/div>\n","protected":false},"excerpt":{"rendered":"","protected":false},"author":1,"featured_media":0,"parent":0,"menu_order":0,"comment_status":"closed","ping_status":"closed","template":"page-blank.php","meta":{"footnotes":""},"class_list":["post-34357","page","type-page","status-publish","hentry"],"yoast_head":"<!-- This site is optimized with the Yoast SEO Premium plugin v22.7 (Yoast SEO v25.3.1) - https:\/\/yoast.com\/wordpress\/plugins\/seo\/ -->\n<title>M\u1eb7t \u0111\u00e1 m\u1ef9 ngh\u1ec7 s\u1ea3n ph\u1ea9m do ng\u01b0\u1eddi khuy\u1ebft t\u1eadt ch\u1ebf t\u00e1c - Nh\u00e0 May M\u1eafn - Maison Chance<\/title>\n<meta name=\"description\" content=\"M\u1eb7t \u0111\u00e1 m\u1ef9 ngh\u1ec7 Nh\u00e0 May M\u1eafn, s\u1ea3n ph\u1ea9m do ng\u01b0\u1eddi khuy\u1ebft t\u1eadt ch\u1ebf t\u00e1c th\u1ee7 c\u00f4ng t\u1ec9 m\u1ec9 v\u00e0 t\u00e2m huy\u1ebft, \u0111a d\u1ea1ng s\u1ea3n ph\u1ea9m ph\u00f9 h\u1ee3p m\u1ecdi l\u1ee9a tu\u1ed5i kh\u00e1ch h\u00e0ng\" \/>\n<meta name=\"robots\" content=\"index, follow, max-snippet:-1, max-image-preview:large, max-video-preview:-1\" \/>\n<link rel=\"canonical\" href=\"https:\/\/maison-chance.org\/shop\/mat-da-my-nghe\" \/>\n<meta property=\"og:locale\" content=\"vi_VN\" \/>\n<meta property=\"og:type\" content=\"article\" \/>\n<meta property=\"og:title\" content=\"M\u1eb7t \u0111\u00e1 m\u1ef9 ngh\u1ec7\" \/>\n<meta property=\"og:description\" content=\"M\u1eb7t \u0111\u00e1 m\u1ef9 ngh\u1ec7 Nh\u00e0 May M\u1eafn, s\u1ea3n ph\u1ea9m do ng\u01b0\u1eddi khuy\u1ebft t\u1eadt ch\u1ebf t\u00e1c th\u1ee7 c\u00f4ng t\u1ec9 m\u1ec9 v\u00e0 t\u00e2m huy\u1ebft, \u0111a d\u1ea1ng s\u1ea3n ph\u1ea9m ph\u00f9 h\u1ee3p m\u1ecdi l\u1ee9a tu\u1ed5i kh\u00e1ch h\u00e0ng\" \/>\n<meta property=\"og:url\" content=\"https:\/\/maison-chance.org\/shop\/mat-da-my-nghe\" \/>\n<meta property=\"og:site_name\" content=\"Nh\u00e0 May M\u1eafn - Maison Chance\" \/>\n<meta property=\"article:publisher\" content=\"https:\/\/www.facebook.com\/dnxh.nhamayman\/\" \/>\n<meta property=\"article:modified_time\" content=\"2025-06-19T04:57:45+00:00\" \/>\n<meta name=\"twitter:card\" content=\"summary_large_image\" \/>\n<meta name=\"twitter:label1\" content=\"Est. reading time\" \/>\n\t<meta name=\"twitter:data1\" content=\"1 minute\" \/>\n<script type=\"application\/ld+json\" class=\"yoast-schema-graph\">{\"@context\":\"https:\/\/schema.org\",\"@graph\":[{\"@type\":\"WebPage\",\"@id\":\"https:\/\/maison-chance.org\/shop\/mat-da-my-nghe\",\"url\":\"https:\/\/maison-chance.org\/shop\/mat-da-my-nghe\",\"name\":\"M\u1eb7t \u0111\u00e1 m\u1ef9 ngh\u1ec7 s\u1ea3n ph\u1ea9m do ng\u01b0\u1eddi khuy\u1ebft t\u1eadt ch\u1ebf t\u00e1c - Nh\u00e0 May M\u1eafn - Maison Chance\",\"isPartOf\":{\"@id\":\"https:\/\/maison-chance.org\/shop\/#website\"},\"datePublished\":\"2024-03-21T06:50:22+00:00\",\"dateModified\":\"2025-06-19T04:57:45+00:00\",\"description\":\"M\u1eb7t \u0111\u00e1 m\u1ef9 ngh\u1ec7 Nh\u00e0 May M\u1eafn, s\u1ea3n ph\u1ea9m do ng\u01b0\u1eddi khuy\u1ebft t\u1eadt ch\u1ebf t\u00e1c th\u1ee7 c\u00f4ng t\u1ec9 m\u1ec9 v\u00e0 t\u00e2m huy\u1ebft, \u0111a d\u1ea1ng s\u1ea3n ph\u1ea9m ph\u00f9 h\u1ee3p m\u1ecdi l\u1ee9a tu\u1ed5i kh\u00e1ch h\u00e0ng\",\"breadcrumb\":{\"@id\":\"https:\/\/maison-chance.org\/shop\/mat-da-my-nghe#breadcrumb\"},\"inLanguage\":\"vi-VN\",\"potentialAction\":[{\"@type\":\"ReadAction\",\"target\":[\"https:\/\/maison-chance.org\/shop\/mat-da-my-nghe\"]}]},{\"@type\":\"BreadcrumbList\",\"@id\":\"https:\/\/maison-chance.org\/shop\/mat-da-my-nghe#breadcrumb\",\"itemListElement\":[{\"@type\":\"ListItem\",\"position\":1,\"name\":\"Trang ch\u1ee7\",\"item\":\"https:\/\/maison-chance.org\/shop\/\"},{\"@type\":\"ListItem\",\"position\":2,\"name\":\"M\u1eb7t \u0111\u00e1 m\u1ef9 ngh\u1ec7\"}]},{\"@type\":\"WebSite\",\"@id\":\"https:\/\/maison-chance.org\/shop\/#website\",\"url\":\"https:\/\/maison-chance.org\/shop\/\",\"name\":\"Nh\u00e0 May M\u1eafn - Maison Chance\",\"description\":\"M\u1ecdi l\u1ee3i nhu\u1eadn thu v\u1ec1 t\u1eeb vi\u1ec7c b\u00e1n h\u00e0ng s\u1ebd tr\u00edch m\u1ed9t ph\u1ea7n \u0111\u1ec3 ch\u0103m lo cho \u0111\u1eddi s\u1ed1ng c\u00e1c b\u1ea1n khuy\u1ebft t\u1eadt v\u00e0 tr\u1ebb m\u1ed3 c\u00f4i \u1edf \u0111\u00e2y\",\"publisher\":{\"@id\":\"https:\/\/maison-chance.org\/shop\/#organization\"},\"potentialAction\":[{\"@type\":\"SearchAction\",\"target\":{\"@type\":\"EntryPoint\",\"urlTemplate\":\"https:\/\/maison-chance.org\/shop\/?s={search_term_string}\"},\"query-input\":{\"@type\":\"PropertyValueSpecification\",\"valueRequired\":true,\"valueName\":\"search_term_string\"}}],\"inLanguage\":\"vi-VN\"},{\"@type\":\"Organization\",\"@id\":\"https:\/\/maison-chance.org\/shop\/#organization\",\"name\":\"Nh\u00e0 May M\u1eafn - Maison Chance\",\"url\":\"https:\/\/maison-chance.org\/shop\/\",\"logo\":{\"@type\":\"ImageObject\",\"inLanguage\":\"vi-VN\",\"@id\":\"https:\/\/maison-chance.org\/shop\/#\/schema\/logo\/image\/\",\"url\":\"https:\/\/maison-chance.org\/shop\/wp-content\/uploads\/2024\/03\/cropped-Logo_DNXH.png\",\"contentUrl\":\"https:\/\/maison-chance.org\/shop\/wp-content\/uploads\/2024\/03\/cropped-Logo_DNXH.png\",\"width\":512,\"height\":512,\"caption\":\"Nh\u00e0 May M\u1eafn - Maison Chance\"},\"image\":{\"@id\":\"https:\/\/maison-chance.org\/shop\/#\/schema\/logo\/image\/\"},\"sameAs\":[\"https:\/\/www.facebook.com\/dnxh.nhamayman\/\"]}]}<\/script>\n<!-- \/ Yoast SEO Premium plugin. -->","yoast_head_json":{"title":"M\u1eb7t \u0111\u00e1 m\u1ef9 ngh\u1ec7 s\u1ea3n ph\u1ea9m do ng\u01b0\u1eddi khuy\u1ebft t\u1eadt ch\u1ebf t\u00e1c - Nh\u00e0 May M\u1eafn - Maison Chance","description":"M\u1eb7t \u0111\u00e1 m\u1ef9 ngh\u1ec7 Nh\u00e0 May M\u1eafn, s\u1ea3n ph\u1ea9m do ng\u01b0\u1eddi khuy\u1ebft t\u1eadt ch\u1ebf t\u00e1c th\u1ee7 c\u00f4ng t\u1ec9 m\u1ec9 v\u00e0 t\u00e2m huy\u1ebft, \u0111a d\u1ea1ng s\u1ea3n ph\u1ea9m ph\u00f9 h\u1ee3p m\u1ecdi l\u1ee9a tu\u1ed5i kh\u00e1ch h\u00e0ng","robots":{"index":"index","follow":"follow","max-snippet":"max-snippet:-1","max-image-preview":"max-image-preview:large","max-video-preview":"max-video-preview:-1"},"canonical":"https:\/\/maison-chance.org\/shop\/mat-da-my-nghe","og_locale":"vi_VN","og_type":"article","og_title":"M\u1eb7t \u0111\u00e1 m\u1ef9 ngh\u1ec7","og_description":"M\u1eb7t \u0111\u00e1 m\u1ef9 ngh\u1ec7 Nh\u00e0 May M\u1eafn, s\u1ea3n ph\u1ea9m do ng\u01b0\u1eddi khuy\u1ebft t\u1eadt ch\u1ebf t\u00e1c th\u1ee7 c\u00f4ng t\u1ec9 m\u1ec9 v\u00e0 t\u00e2m huy\u1ebft, \u0111a d\u1ea1ng s\u1ea3n ph\u1ea9m ph\u00f9 h\u1ee3p m\u1ecdi l\u1ee9a tu\u1ed5i kh\u00e1ch h\u00e0ng","og_url":"https:\/\/maison-chance.org\/shop\/mat-da-my-nghe","og_site_name":"Nh\u00e0 May M\u1eafn - Maison Chance","article_publisher":"https:\/\/www.facebook.com\/dnxh.nhamayman\/","article_modified_time":"2025-06-19T04:57:45+00:00","twitter_card":"summary_large_image","twitter_misc":{"Est. reading time":"1 minute"},"schema":{"@context":"https:\/\/schema.org","@graph":[{"@type":"WebPage","@id":"https:\/\/maison-chance.org\/shop\/mat-da-my-nghe","url":"https:\/\/maison-chance.org\/shop\/mat-da-my-nghe","name":"M\u1eb7t \u0111\u00e1 m\u1ef9 ngh\u1ec7 s\u1ea3n ph\u1ea9m do ng\u01b0\u1eddi khuy\u1ebft t\u1eadt ch\u1ebf t\u00e1c - Nh\u00e0 May M\u1eafn - Maison Chance","isPartOf":{"@id":"https:\/\/maison-chance.org\/shop\/#website"},"datePublished":"2024-03-21T06:50:22+00:00","dateModified":"2025-06-19T04:57:45+00:00","description":"M\u1eb7t \u0111\u00e1 m\u1ef9 ngh\u1ec7 Nh\u00e0 May M\u1eafn, s\u1ea3n ph\u1ea9m do ng\u01b0\u1eddi khuy\u1ebft t\u1eadt ch\u1ebf t\u00e1c th\u1ee7 c\u00f4ng t\u1ec9 m\u1ec9 v\u00e0 t\u00e2m huy\u1ebft, \u0111a d\u1ea1ng s\u1ea3n ph\u1ea9m ph\u00f9 h\u1ee3p m\u1ecdi l\u1ee9a tu\u1ed5i kh\u00e1ch h\u00e0ng","breadcrumb":{"@id":"https:\/\/maison-chance.org\/shop\/mat-da-my-nghe#breadcrumb"},"inLanguage":"vi-VN","potentialAction":[{"@type":"ReadAction","target":["https:\/\/maison-chance.org\/shop\/mat-da-my-nghe"]}]},{"@type":"BreadcrumbList","@id":"https:\/\/maison-chance.org\/shop\/mat-da-my-nghe#breadcrumb","itemListElement":[{"@type":"ListItem","position":1,"name":"Trang ch\u1ee7","item":"https:\/\/maison-chance.org\/shop\/"},{"@type":"ListItem","position":2,"name":"M\u1eb7t \u0111\u00e1 m\u1ef9 ngh\u1ec7"}]},{"@type":"WebSite","@id":"https:\/\/maison-chance.org\/shop\/#website","url":"https:\/\/maison-chance.org\/shop\/","name":"Nh\u00e0 May M\u1eafn - Maison Chance","description":"M\u1ecdi l\u1ee3i nhu\u1eadn thu v\u1ec1 t\u1eeb vi\u1ec7c b\u00e1n h\u00e0ng s\u1ebd tr\u00edch m\u1ed9t ph\u1ea7n \u0111\u1ec3 ch\u0103m lo cho \u0111\u1eddi s\u1ed1ng c\u00e1c b\u1ea1n khuy\u1ebft t\u1eadt v\u00e0 tr\u1ebb m\u1ed3 c\u00f4i \u1edf \u0111\u00e2y","publisher":{"@id":"https:\/\/maison-chance.org\/shop\/#organization"},"potentialAction":[{"@type":"SearchAction","target":{"@type":"EntryPoint","urlTemplate":"https:\/\/maison-chance.org\/shop\/?s={search_term_string}"},"query-input":{"@type":"PropertyValueSpecification","valueRequired":true,"valueName":"search_term_string"}}],"inLanguage":"vi-VN"},{"@type":"Organization","@id":"https:\/\/maison-chance.org\/shop\/#organization","name":"Nh\u00e0 May M\u1eafn - Maison Chance","url":"https:\/\/maison-chance.org\/shop\/","logo":{"@type":"ImageObject","inLanguage":"vi-VN","@id":"https:\/\/maison-chance.org\/shop\/#\/schema\/logo\/image\/","url":"https:\/\/maison-chance.org\/shop\/wp-content\/uploads\/2024\/03\/cropped-Logo_DNXH.png","contentUrl":"https:\/\/maison-chance.org\/shop\/wp-content\/uploads\/2024\/03\/cropped-Logo_DNXH.png","width":512,"height":512,"caption":"Nh\u00e0 May M\u1eafn - Maison Chance"},"image":{"@id":"https:\/\/maison-chance.org\/shop\/#\/schema\/logo\/image\/"},"sameAs":["https:\/\/www.facebook.com\/dnxh.nhamayman\/"]}]}},"_links":{"self":[{"href":"https:\/\/maison-chance.org\/shop\/wp-json\/wp\/v2\/pages\/34357","targetHints":{"allow":["GET"]}}],"collection":[{"href":"https:\/\/maison-chance.org\/shop\/wp-json\/wp\/v2\/pages"}],"about":[{"href":"https:\/\/maison-chance.org\/shop\/wp-json\/wp\/v2\/types\/page"}],"author":[{"embeddable":true,"href":"https:\/\/maison-chance.org\/shop\/wp-json\/wp\/v2\/users\/1"}],"replies":[{"embeddable":true,"href":"https:\/\/maison-chance.org\/shop\/wp-json\/wp\/v2\/comments?post=34357"}],"version-history":[{"count":0,"href":"https:\/\/maison-chance.org\/shop\/wp-json\/wp\/v2\/pages\/34357\/revisions"}],"wp:attachment":[{"href":"https:\/\/maison-chance.org\/shop\/wp-json\/wp\/v2\/media?parent=34357"}],"curies":[{"name":"wp","href":"https:\/\/api.w.org\/{rel}","templated":true}]}}