{"id":38025,"date":"2024-04-08T15:53:11","date_gmt":"2024-04-08T08:53:11","guid":{"rendered":"https:\/\/maison-chance.org\/shop\/?page_id=38025"},"modified":"2024-06-23T01:51:06","modified_gmt":"2024-06-22T18:51:06","slug":"catalogue","status":"publish","type":"page","link":"https:\/\/maison-chance.org\/shop\/catalogue","title":{"rendered":"Catalogue"},"content":{"rendered":"<div class=\"row\"  id=\"row-1723882743\">\n\n\t<div id=\"col-571742630\" class=\"col small-12 large-12\"  >\n\t\t\t\t<div class=\"col-inner text-center\"  >\n\t\t\t\n\t\t\t\n<div class=\"_df_thumb \" id=\"df_38045\"  _slug=\"38045\" data-title=\"catalo-qua-luu-niem-tv-vnd\" wpoptions=\"true\" thumb=\"https:\/\/maison-chance.org\/shop\/wp-content\/uploads\/2025\/07\/catalogue-qua-luu-niem-VNM.png\" thumbtype=\"\" >Catalo qu\u00e0 l\u01b0u ni\u1ec7m TV VN\u0110<\/div><script class=\"df-shortcode-script\" nowprocket type=\"application\/javascript\">window.option_df_38045 = {\"webgl\":\"false\",\"outline\":[],\"autoEnableOutline\":\"false\",\"autoEnableThumbnail\":\"false\",\"overwritePDFOutline\":\"false\",\"direction\":\"1\",\"pageSize\":\"0\",\"source\":\"https:\\\/\\\/maison-chance.org\\\/shop\\\/wp-content\\\/uploads\\\/2024\\\/04\\\/Catalogue-qua-luu-niem-vietnamese_edit.pdf\",\"wpOptions\":\"true\"}; if(window.DFLIP && window.DFLIP.parseBooks){window.DFLIP.parseBooks();}<\/script> <div class=\"_df_thumb \" id=\"df_38058\"  _slug=\"catalo-tranh-son-dau-tieng-viet-gia-vnd\" data-title=\"catalo-tranh-son-dau-tv-vnd\" wpoptions=\"true\" thumb=\"https:\/\/maison-chance.org\/shop\/wp-content\/uploads\/2024\/04\/001-trang-bia-va-tieu-su-001-scaled.jpg\" thumbtype=\"\" >Catalo tranh s\u01a1n d\u1ea7u TV VN\u0110<\/div><script class=\"df-shortcode-script\" nowprocket type=\"application\/javascript\">window.option_df_38058 = {\"webgl\":\"false\",\"outline\":[],\"autoEnableOutline\":\"false\",\"autoEnableThumbnail\":\"false\",\"overwritePDFOutline\":\"false\",\"direction\":\"1\",\"pageSize\":\"0\",\"source\":\"https:\\\/\\\/maison-chance.org\\\/shop\\\/wp-content\\\/uploads\\\/2024\\\/04\\\/catalo-tranh-TV-VND.pdf\",\"wpOptions\":\"true\"}; if(window.DFLIP && window.DFLIP.parseBooks){window.DFLIP.parseBooks();}<\/script> <div class=\"_df_thumb \" id=\"df_38027\"  _slug=\"38027\" data-title=\"catalo-banh-tv-vnd\" wpoptions=\"true\" thumb=\"https:\/\/maison-chance.org\/shop\/wp-content\/uploads\/2024\/04\/Catalo-banh-moi.png\" thumbtype=\"\" >Catalo b\u00e1nh TV VN\u0110<\/div><script class=\"df-shortcode-script\" nowprocket type=\"application\/javascript\">window.option_df_38027 = {\"webgl\":\"false\",\"outline\":[],\"autoEnableOutline\":\"false\",\"autoEnableThumbnail\":\"false\",\"overwritePDFOutline\":\"false\",\"direction\":\"1\",\"pageSize\":\"0\",\"source\":\"https:\\\/\\\/maison-chance.org\\\/shop\\\/wp-content\\\/uploads\\\/2024\\\/04\\\/Catalo-banh-TV-VND-10032026.pdf\",\"wpOptions\":\"true\"}; if(window.DFLIP && window.DFLIP.parseBooks){window.DFLIP.parseBooks();}<\/script> <div class=\"_df_thumb \" id=\"df_38069\"  _slug=\"catalo-da-ban-quy-tieng-viet-gia-vnd\" data-title=\"catalo-da-ban-quy-tv-vnd\" wpoptions=\"true\" thumb=\"https:\/\/maison-chance.org\/shop\/wp-content\/uploads\/2024\/04\/da-quy-full-TV-001.png\" thumbtype=\"\" >Catalo \u0111\u00e1 b\u00e1n qu\u00fd TV VN\u0110<\/div><script class=\"df-shortcode-script\" nowprocket type=\"application\/javascript\">window.option_df_38069 = {\"webgl\":\"false\",\"outline\":[],\"autoEnableOutline\":\"false\",\"autoEnableThumbnail\":\"false\",\"overwritePDFOutline\":\"false\",\"direction\":\"1\",\"pageSize\":\"0\",\"source\":\"https:\\\/\\\/maison-chance.org\\\/shop\\\/wp-content\\\/uploads\\\/2024\\\/04\\\/da-quy-full-TV-1.pdf\",\"wpOptions\":\"true\"}; if(window.DFLIP && window.DFLIP.parseBooks){window.DFLIP.parseBooks();}<\/script> <div class=\"_df_thumb \" id=\"df_38081\"  _slug=\"catalo-nong-san-tieng-viet-gia-vnd\" data-title=\"catalo-nong-san-tv-vnd\" wpoptions=\"true\" thumb=\"https:\/\/maison-chance.org\/shop\/wp-content\/uploads\/2024\/04\/catalo-nong-san-full-TV-001-scaled.jpg\" thumbtype=\"\" >Catalo n\u00f4ng s\u1ea3n TV VN\u0110<\/div><script class=\"df-shortcode-script\" nowprocket type=\"application\/javascript\">window.option_df_38081 = {\"webgl\":\"false\",\"outline\":[],\"autoEnableOutline\":\"false\",\"autoEnableThumbnail\":\"false\",\"overwritePDFOutline\":\"false\",\"direction\":\"1\",\"pageSize\":\"0\",\"source\":\"https:\\\/\\\/maison-chance.org\\\/shop\\\/wp-content\\\/uploads\\\/2024\\\/04\\\/catalo-nong-san-full-TV.pdf\",\"wpOptions\":\"true\"}; if(window.DFLIP && window.DFLIP.parseBooks){window.DFLIP.parseBooks();}<\/script>\n\t\t<\/div>\n\t\t\t\t\t<\/div>\n\n\t\n<\/div>\n","protected":false},"excerpt":{"rendered":"","protected":false},"author":1,"featured_media":40004,"parent":0,"menu_order":0,"comment_status":"closed","ping_status":"closed","template":"","meta":{"footnotes":""},"class_list":["post-38025","page","type-page","status-publish","has-post-thumbnail","hentry"],"yoast_head":"<!-- This site is optimized with the Yoast SEO Premium plugin v22.7 (Yoast SEO v25.3.1) - https:\/\/yoast.com\/wordpress\/plugins\/seo\/ -->\n<title>Catalogue s\u1ea3n ph\u1ea9m - Nh\u00e0 May M\u1eafn - Maison Chance<\/title>\n<meta name=\"description\" content=\"Catalogue gi\u00e1 tham kh\u1ea3o c\u00e1c s\u1ea3n ph\u1ea9m th\u00fa nh\u1ed3i b\u00f4ng, tranh s\u01a1n d\u1ea7u, b\u00e1nh ng\u1ecdt \u00c1 - \u00c2u, \u0111\u00e1 m\u1ef9 ngh\u1ec7 n\u00f4ng s\u1ea3n c\u1ee7a Nh\u00e0 May M\u1eafn, r\u1ea5t mong nh\u1eadn \u0111\u01b0\u1ee3c s\u1ef1 \u1ee7ng h\u1ed9 c\u1ee7a Qu\u00fd kh\u00e1ch!\" \/>\n<meta name=\"robots\" content=\"index, follow, max-snippet:-1, max-image-preview:large, max-video-preview:-1\" \/>\n<link rel=\"canonical\" href=\"https:\/\/maison-chance.org\/shop\/catalogue\" \/>\n<meta property=\"og:locale\" content=\"vi_VN\" \/>\n<meta property=\"og:type\" content=\"article\" \/>\n<meta property=\"og:title\" content=\"Catalogue\" \/>\n<meta property=\"og:description\" content=\"Catalogue gi\u00e1 tham kh\u1ea3o c\u00e1c s\u1ea3n ph\u1ea9m th\u00fa nh\u1ed3i b\u00f4ng, tranh s\u01a1n d\u1ea7u, b\u00e1nh ng\u1ecdt \u00c1 - \u00c2u, \u0111\u00e1 m\u1ef9 ngh\u1ec7 n\u00f4ng s\u1ea3n c\u1ee7a Nh\u00e0 May M\u1eafn, r\u1ea5t mong nh\u1eadn \u0111\u01b0\u1ee3c s\u1ef1 \u1ee7ng h\u1ed9 c\u1ee7a Qu\u00fd kh\u00e1ch!\" \/>\n<meta property=\"og:url\" content=\"https:\/\/maison-chance.org\/shop\/catalogue\" \/>\n<meta property=\"og:site_name\" content=\"Nh\u00e0 May M\u1eafn - Maison Chance\" \/>\n<meta property=\"article:publisher\" content=\"https:\/\/www.facebook.com\/dnxh.nhamayman\/\" \/>\n<meta property=\"article:modified_time\" content=\"2024-06-22T18:51:06+00:00\" \/>\n<meta property=\"og:image\" content=\"https:\/\/maison-chance.org\/shop\/wp-content\/uploads\/2024\/06\/Trang-bia-catalo-600-x-600-mm.jpg\" \/>\n\t<meta property=\"og:image:width\" content=\"2268\" \/>\n\t<meta property=\"og:image:height\" content=\"2268\" \/>\n\t<meta property=\"og:image:type\" content=\"image\/jpeg\" \/>\n<meta name=\"twitter:card\" content=\"summary_large_image\" \/>\n<meta name=\"twitter:label1\" content=\"Est. reading time\" \/>\n\t<meta name=\"twitter:data1\" content=\"1 minute\" \/>\n<script type=\"application\/ld+json\" class=\"yoast-schema-graph\">{\"@context\":\"https:\/\/schema.org\",\"@graph\":[{\"@type\":\"WebPage\",\"@id\":\"https:\/\/maison-chance.org\/shop\/catalogue\",\"url\":\"https:\/\/maison-chance.org\/shop\/catalogue\",\"name\":\"Catalogue s\u1ea3n ph\u1ea9m - Nh\u00e0 May M\u1eafn - Maison Chance\",\"isPartOf\":{\"@id\":\"https:\/\/maison-chance.org\/shop\/#website\"},\"primaryImageOfPage\":{\"@id\":\"https:\/\/maison-chance.org\/shop\/catalogue#primaryimage\"},\"image\":{\"@id\":\"https:\/\/maison-chance.org\/shop\/catalogue#primaryimage\"},\"thumbnailUrl\":\"https:\/\/maison-chance.org\/shop\/wp-content\/uploads\/2024\/06\/Trang-bia-catalo-600-x-600-mm.jpg\",\"datePublished\":\"2024-04-08T08:53:11+00:00\",\"dateModified\":\"2024-06-22T18:51:06+00:00\",\"description\":\"Catalogue gi\u00e1 tham kh\u1ea3o c\u00e1c s\u1ea3n ph\u1ea9m th\u00fa nh\u1ed3i b\u00f4ng, tranh s\u01a1n d\u1ea7u, b\u00e1nh ng\u1ecdt \u00c1 - \u00c2u, \u0111\u00e1 m\u1ef9 ngh\u1ec7 n\u00f4ng s\u1ea3n c\u1ee7a Nh\u00e0 May M\u1eafn, r\u1ea5t mong nh\u1eadn \u0111\u01b0\u1ee3c s\u1ef1 \u1ee7ng h\u1ed9 c\u1ee7a Qu\u00fd kh\u00e1ch!\",\"breadcrumb\":{\"@id\":\"https:\/\/maison-chance.org\/shop\/catalogue#breadcrumb\"},\"inLanguage\":\"vi-VN\",\"potentialAction\":[{\"@type\":\"ReadAction\",\"target\":[\"https:\/\/maison-chance.org\/shop\/catalogue\"]}]},{\"@type\":\"ImageObject\",\"inLanguage\":\"vi-VN\",\"@id\":\"https:\/\/maison-chance.org\/shop\/catalogue#primaryimage\",\"url\":\"https:\/\/maison-chance.org\/shop\/wp-content\/uploads\/2024\/06\/Trang-bia-catalo-600-x-600-mm.jpg\",\"contentUrl\":\"https:\/\/maison-chance.org\/shop\/wp-content\/uploads\/2024\/06\/Trang-bia-catalo-600-x-600-mm.jpg\",\"width\":2268,\"height\":2268,\"caption\":\"Catalogue\"},{\"@type\":\"BreadcrumbList\",\"@id\":\"https:\/\/maison-chance.org\/shop\/catalogue#breadcrumb\",\"itemListElement\":[{\"@type\":\"ListItem\",\"position\":1,\"name\":\"Trang ch\u1ee7\",\"item\":\"https:\/\/maison-chance.org\/shop\/\"},{\"@type\":\"ListItem\",\"position\":2,\"name\":\"Catalogue\"}]},{\"@type\":\"WebSite\",\"@id\":\"https:\/\/maison-chance.org\/shop\/#website\",\"url\":\"https:\/\/maison-chance.org\/shop\/\",\"name\":\"Nh\u00e0 May M\u1eafn - Maison Chance\",\"description\":\"M\u1ecdi l\u1ee3i nhu\u1eadn thu v\u1ec1 t\u1eeb vi\u1ec7c b\u00e1n h\u00e0ng s\u1ebd tr\u00edch m\u1ed9t ph\u1ea7n \u0111\u1ec3 ch\u0103m lo cho \u0111\u1eddi s\u1ed1ng c\u00e1c b\u1ea1n khuy\u1ebft t\u1eadt v\u00e0 tr\u1ebb m\u1ed3 c\u00f4i \u1edf \u0111\u00e2y\",\"publisher\":{\"@id\":\"https:\/\/maison-chance.org\/shop\/#organization\"},\"potentialAction\":[{\"@type\":\"SearchAction\",\"target\":{\"@type\":\"EntryPoint\",\"urlTemplate\":\"https:\/\/maison-chance.org\/shop\/?s={search_term_string}\"},\"query-input\":{\"@type\":\"PropertyValueSpecification\",\"valueRequired\":true,\"valueName\":\"search_term_string\"}}],\"inLanguage\":\"vi-VN\"},{\"@type\":\"Organization\",\"@id\":\"https:\/\/maison-chance.org\/shop\/#organization\",\"name\":\"Nh\u00e0 May M\u1eafn - Maison Chance\",\"url\":\"https:\/\/maison-chance.org\/shop\/\",\"logo\":{\"@type\":\"ImageObject\",\"inLanguage\":\"vi-VN\",\"@id\":\"https:\/\/maison-chance.org\/shop\/#\/schema\/logo\/image\/\",\"url\":\"https:\/\/maison-chance.org\/shop\/wp-content\/uploads\/2024\/03\/cropped-Logo_DNXH.png\",\"contentUrl\":\"https:\/\/maison-chance.org\/shop\/wp-content\/uploads\/2024\/03\/cropped-Logo_DNXH.png\",\"width\":512,\"height\":512,\"caption\":\"Nh\u00e0 May M\u1eafn - Maison Chance\"},\"image\":{\"@id\":\"https:\/\/maison-chance.org\/shop\/#\/schema\/logo\/image\/\"},\"sameAs\":[\"https:\/\/www.facebook.com\/dnxh.nhamayman\/\"]}]}<\/script>\n<!-- \/ Yoast SEO Premium plugin. -->","yoast_head_json":{"title":"Catalogue s\u1ea3n ph\u1ea9m - Nh\u00e0 May M\u1eafn - Maison Chance","description":"Catalogue gi\u00e1 tham kh\u1ea3o c\u00e1c s\u1ea3n ph\u1ea9m th\u00fa nh\u1ed3i b\u00f4ng, tranh s\u01a1n d\u1ea7u, b\u00e1nh ng\u1ecdt \u00c1 - \u00c2u, \u0111\u00e1 m\u1ef9 ngh\u1ec7 n\u00f4ng s\u1ea3n c\u1ee7a Nh\u00e0 May M\u1eafn, r\u1ea5t mong nh\u1eadn \u0111\u01b0\u1ee3c s\u1ef1 \u1ee7ng h\u1ed9 c\u1ee7a Qu\u00fd kh\u00e1ch!","robots":{"index":"index","follow":"follow","max-snippet":"max-snippet:-1","max-image-preview":"max-image-preview:large","max-video-preview":"max-video-preview:-1"},"canonical":"https:\/\/maison-chance.org\/shop\/catalogue","og_locale":"vi_VN","og_type":"article","og_title":"Catalogue","og_description":"Catalogue gi\u00e1 tham kh\u1ea3o c\u00e1c s\u1ea3n ph\u1ea9m th\u00fa nh\u1ed3i b\u00f4ng, tranh s\u01a1n d\u1ea7u, b\u00e1nh ng\u1ecdt \u00c1 - \u00c2u, \u0111\u00e1 m\u1ef9 ngh\u1ec7 n\u00f4ng s\u1ea3n c\u1ee7a Nh\u00e0 May M\u1eafn, r\u1ea5t mong nh\u1eadn \u0111\u01b0\u1ee3c s\u1ef1 \u1ee7ng h\u1ed9 c\u1ee7a Qu\u00fd kh\u00e1ch!","og_url":"https:\/\/maison-chance.org\/shop\/catalogue","og_site_name":"Nh\u00e0 May M\u1eafn - Maison Chance","article_publisher":"https:\/\/www.facebook.com\/dnxh.nhamayman\/","article_modified_time":"2024-06-22T18:51:06+00:00","og_image":[{"width":2268,"height":2268,"url":"https:\/\/maison-chance.org\/shop\/wp-content\/uploads\/2024\/06\/Trang-bia-catalo-600-x-600-mm.jpg","type":"image\/jpeg"}],"twitter_card":"summary_large_image","twitter_misc":{"Est. reading time":"1 minute"},"schema":{"@context":"https:\/\/schema.org","@graph":[{"@type":"WebPage","@id":"https:\/\/maison-chance.org\/shop\/catalogue","url":"https:\/\/maison-chance.org\/shop\/catalogue","name":"Catalogue s\u1ea3n ph\u1ea9m - Nh\u00e0 May M\u1eafn - Maison Chance","isPartOf":{"@id":"https:\/\/maison-chance.org\/shop\/#website"},"primaryImageOfPage":{"@id":"https:\/\/maison-chance.org\/shop\/catalogue#primaryimage"},"image":{"@id":"https:\/\/maison-chance.org\/shop\/catalogue#primaryimage"},"thumbnailUrl":"https:\/\/maison-chance.org\/shop\/wp-content\/uploads\/2024\/06\/Trang-bia-catalo-600-x-600-mm.jpg","datePublished":"2024-04-08T08:53:11+00:00","dateModified":"2024-06-22T18:51:06+00:00","description":"Catalogue gi\u00e1 tham kh\u1ea3o c\u00e1c s\u1ea3n ph\u1ea9m th\u00fa nh\u1ed3i b\u00f4ng, tranh s\u01a1n d\u1ea7u, b\u00e1nh ng\u1ecdt \u00c1 - \u00c2u, \u0111\u00e1 m\u1ef9 ngh\u1ec7 n\u00f4ng s\u1ea3n c\u1ee7a Nh\u00e0 May M\u1eafn, r\u1ea5t mong nh\u1eadn \u0111\u01b0\u1ee3c s\u1ef1 \u1ee7ng h\u1ed9 c\u1ee7a Qu\u00fd kh\u00e1ch!","breadcrumb":{"@id":"https:\/\/maison-chance.org\/shop\/catalogue#breadcrumb"},"inLanguage":"vi-VN","potentialAction":[{"@type":"ReadAction","target":["https:\/\/maison-chance.org\/shop\/catalogue"]}]},{"@type":"ImageObject","inLanguage":"vi-VN","@id":"https:\/\/maison-chance.org\/shop\/catalogue#primaryimage","url":"https:\/\/maison-chance.org\/shop\/wp-content\/uploads\/2024\/06\/Trang-bia-catalo-600-x-600-mm.jpg","contentUrl":"https:\/\/maison-chance.org\/shop\/wp-content\/uploads\/2024\/06\/Trang-bia-catalo-600-x-600-mm.jpg","width":2268,"height":2268,"caption":"Catalogue"},{"@type":"BreadcrumbList","@id":"https:\/\/maison-chance.org\/shop\/catalogue#breadcrumb","itemListElement":[{"@type":"ListItem","position":1,"name":"Trang ch\u1ee7","item":"https:\/\/maison-chance.org\/shop\/"},{"@type":"ListItem","position":2,"name":"Catalogue"}]},{"@type":"WebSite","@id":"https:\/\/maison-chance.org\/shop\/#website","url":"https:\/\/maison-chance.org\/shop\/","name":"Nh\u00e0 May M\u1eafn - Maison Chance","description":"M\u1ecdi l\u1ee3i nhu\u1eadn thu v\u1ec1 t\u1eeb vi\u1ec7c b\u00e1n h\u00e0ng s\u1ebd tr\u00edch m\u1ed9t ph\u1ea7n \u0111\u1ec3 ch\u0103m lo cho \u0111\u1eddi s\u1ed1ng c\u00e1c b\u1ea1n khuy\u1ebft t\u1eadt v\u00e0 tr\u1ebb m\u1ed3 c\u00f4i \u1edf \u0111\u00e2y","publisher":{"@id":"https:\/\/maison-chance.org\/shop\/#organization"},"potentialAction":[{"@type":"SearchAction","target":{"@type":"EntryPoint","urlTemplate":"https:\/\/maison-chance.org\/shop\/?s={search_term_string}"},"query-input":{"@type":"PropertyValueSpecification","valueRequired":true,"valueName":"search_term_string"}}],"inLanguage":"vi-VN"},{"@type":"Organization","@id":"https:\/\/maison-chance.org\/shop\/#organization","name":"Nh\u00e0 May M\u1eafn - Maison Chance","url":"https:\/\/maison-chance.org\/shop\/","logo":{"@type":"ImageObject","inLanguage":"vi-VN","@id":"https:\/\/maison-chance.org\/shop\/#\/schema\/logo\/image\/","url":"https:\/\/maison-chance.org\/shop\/wp-content\/uploads\/2024\/03\/cropped-Logo_DNXH.png","contentUrl":"https:\/\/maison-chance.org\/shop\/wp-content\/uploads\/2024\/03\/cropped-Logo_DNXH.png","width":512,"height":512,"caption":"Nh\u00e0 May M\u1eafn - Maison Chance"},"image":{"@id":"https:\/\/maison-chance.org\/shop\/#\/schema\/logo\/image\/"},"sameAs":["https:\/\/www.facebook.com\/dnxh.nhamayman\/"]}]}},"_links":{"self":[{"href":"https:\/\/maison-chance.org\/shop\/wp-json\/wp\/v2\/pages\/38025","targetHints":{"allow":["GET"]}}],"collection":[{"href":"https:\/\/maison-chance.org\/shop\/wp-json\/wp\/v2\/pages"}],"about":[{"href":"https:\/\/maison-chance.org\/shop\/wp-json\/wp\/v2\/types\/page"}],"author":[{"embeddable":true,"href":"https:\/\/maison-chance.org\/shop\/wp-json\/wp\/v2\/users\/1"}],"replies":[{"embeddable":true,"href":"https:\/\/maison-chance.org\/shop\/wp-json\/wp\/v2\/comments?post=38025"}],"version-history":[{"count":0,"href":"https:\/\/maison-chance.org\/shop\/wp-json\/wp\/v2\/pages\/38025\/revisions"}],"wp:featuredmedia":[{"embeddable":true,"href":"https:\/\/maison-chance.org\/shop\/wp-json\/wp\/v2\/media\/40004"}],"wp:attachment":[{"href":"https:\/\/maison-chance.org\/shop\/wp-json\/wp\/v2\/media?parent=38025"}],"curies":[{"name":"wp","href":"https:\/\/api.w.org\/{rel}","templated":true}]}}