{"id":30406,"date":"2024-03-08T17:16:08","date_gmt":"2024-03-08T10:16:08","guid":{"rendered":"https:\/\/maison-chance.org\/shop\/?post_type=product&#038;p=30406"},"modified":"2024-11-08T13:57:03","modified_gmt":"2024-11-08T06:57:03","slug":"ngoi-sao-may-man","status":"publish","type":"product","link":"https:\/\/maison-chance.org\/shop\/san-pham\/ngoi-sao-may-man","title":{"rendered":"Ng\u00f4i sao may m\u1eafn"},"content":{"rendered":"<p style=\"text-align: justify;\"><a href=\"https:\/\/maison-chance.org\/shop\/san-pham\/ngoi-sao-may-man\">Ng\u00f4i Sao May M\u1eafn<\/a> l\u00e0 m\u1ed9t trong nh\u1eefng s\u1ea3n ph\u1ea9m th\u1ee7 c\u00f4ng \u0111\u1ed9c \u0111\u00e1o \u0111\u01b0\u1ee3c t\u1ea1o ra b\u1edfi c\u00e1c th\u1ee3 may khuy\u1ebft t\u1eadt t\u1ea1i Nh\u00e0 May M\u1eafn. V\u1edbi s\u1ef1 t\u1ec9 m\u1ec9 \u0111\u01b0\u1ee3c ch\u0103m ch\u00fat trong t\u1eebng \u0111\u01b0\u1eddng kim m\u0169i ch\u1ec9, m\u1ed7i ng\u00f4i sao kh\u00f4ng ch\u1ec9 mang gi\u00e1 tr\u1ecb th\u1ea9m m\u1ef9 cao m\u00e0 c\u00f2n ch\u1ee9a \u0111\u1ef1ng trong \u0111\u00f3 ni\u1ec1m hy v\u1ecdng v\u00e0 t\u00ecnh y\u00eau c\u1ee7a nh\u1eefng ng\u01b0\u1eddi th\u1ee3 may \u0111\u1eb7c bi\u1ec7t. S\u1ea3n ph\u1ea9m kh\u00f4ng ch\u1ec9 l\u00e0 m\u1ed9t m\u00f3n \u0111\u1ed3 trang tr\u00ed xinh x\u1eafn m\u00e0 c\u00f2n l\u00e0 c\u1ea7u n\u1ed1i gi\u00fap ng\u01b0\u1eddi ti\u00eau d\u00f9ng chung tay \u1ee7ng h\u1ed9 c\u1ed9ng \u0111\u1ed3ng ng\u01b0\u1eddi khuy\u1ebft t\u1eadt, g\u00f3p ph\u1ea7n lan t\u1ecfa ni\u1ec1m tin v\u00e0 \u0111\u1ed9ng l\u1ef1c s\u1ed1ng.<\/p>\n<p style=\"text-align: justify;\">Nh\u1eefng ng\u00f4i sao v\u1edbi ch\u1ea5t li\u1ec7u satin b\u00f3ng m\u01b0\u1ee3t, m\u1ec1m m\u1ea1i s\u1ebd l\u00e0 \u0111i\u1ec3m nh\u1ea5n ho\u00e0n h\u1ea3o cho kh\u00f4ng gian s\u1ed1ng, l\u00e0m vi\u1ec7c c\u1ee7a b\u1ea1n. V\u1edbi k\u00edch th\u01b0\u1edbc 8 x 8 cm, m\u00f3n \u0111\u1ed3 nh\u1ecf nh\u1eafn n\u00e0y c\u00f3 th\u1ec3 s\u1eed d\u1ee5ng v\u1edbi nhi\u1ec1u m\u1ee5c \u0111\u00edch kh\u00e1c nhau: B\u1ea1n c\u00f3 th\u1ec3 treo l\u00ean c\u00e2y th\u00f4ng Noel, trang tr\u00ed ph\u00f2ng kh\u00e1ch, ph\u00f2ng ng\u1ee7 ho\u1eb7c th\u1eadm ch\u00ed l\u00e0 kh\u00f4ng gian l\u00e0m vi\u1ec7c \u0111\u1ec3 mang l\u1ea1i s\u1ef1 t\u01b0\u01a1i m\u1edbi, \u0111\u1ea7y m\u00e0u s\u1eafc v\u00e0 n\u0103ng l\u01b0\u1ee3ng t\u00edch c\u1ef1c. <a href=\"https:\/\/maison-chance.org\/shop\/do-trang-tri\">Ng\u00f4i Sao May M\u1eafn<\/a> r\u1ea5t th\u00edch h\u1ee3p \u0111\u1ec3 l\u00e0m m\u00f3n qu\u00e0 l\u01b0u ni\u1ec7m \u0111\u00e1ng y\u00eau v\u00e0 \u00fd ngh\u0129a<\/p>\n<p style=\"text-align: justify;\">Ngo\u00e0i ra, Ng\u00f4i Sao May M\u1eafn c\u00f2n l\u00e0 l\u1ef1a ch\u1ecdn tuy\u1ec7t v\u1eddi \u0111\u1ec3 l\u00e0m m\u00f3c kh\u00f3a ho\u1eb7c ph\u1ee5 ki\u1ec7n cho t\u00fai x\u00e1ch, balo. V\u1edbi nh\u1eefng h\u1ecda ti\u1ebft th\u00eau tay tinh t\u1ebf v\u00e0 m\u00e0u s\u1eafc \u0111a d\u1ea1ng, s\u1ea3n ph\u1ea9m n\u00e0y kh\u00f4ng ch\u1ec9 gi\u00fap b\u1ea1n th\u1ec3 hi\u1ec7n phong c\u00e1ch c\u00e1 nh\u00e2n m\u00e0 c\u00f2n l\u00e0 m\u1ed9t l\u1eddi nh\u1eafc nh\u1edf nh\u1eb9 nh\u00e0ng v\u1ec1 s\u1ef1 may m\u1eafn v\u00e0 ni\u1ec1m tin trong cu\u1ed9c s\u1ed1ng.<\/p>\n<p style=\"text-align: justify;\">M\u1ed7i Ng\u00f4i Sao May M\u1eafn kh\u00f4ng ch\u1ec9 l\u00e0 m\u1ed9t m\u00f3n \u0111\u1ed3 trang tr\u00ed tinh t\u1ebf m\u00e0 c\u00f2n l\u00e0 bi\u1ec3u t\u01b0\u1ee3ng c\u1ee7a s\u1ef1 ki\u00ean tr\u00ec v\u00e0 n\u1ed7 l\u1ef1c v\u01b0\u01a1n l\u00ean c\u1ee7a c\u00e1c th\u1ee3 may khuy\u1ebft t\u1eadt t\u1ea1i Nh\u00e0 May M\u1eafn. Khi b\u1ea1n l\u1ef1a ch\u1ecdn mua s\u1ea3n ph\u1ea9m n\u00e0y, b\u1ea1n kh\u00f4ng ch\u1ec9 mang v\u1ec1 cho m\u00ecnh ho\u1eb7c ng\u01b0\u1eddi th\u00e2n m\u1ed9t m\u00f3n qu\u00e0 \u00fd ngh\u0129a, m\u00e0 b\u1ea1n c\u00f2n \u0111\u00f3ng g\u00f3p m\u1ed9t ph\u1ea7n kh\u00f4ng nh\u1ecf gi\u00fap \u0111\u1ee1 nh\u1eefng con ng\u01b0\u1eddi k\u00e9m may m\u1eafn c\u00f3 th\u00eam c\u01a1 h\u1ed9i vi\u1ec7c l\u00e0m v\u00e0 c\u1ea3i thi\u1ec7n cu\u1ed9c s\u1ed1ng. H\u00e3y chung tay \u1ee7ng h\u1ed9 s\u1ea3n ph\u1ea9m th\u1ee7 c\u00f4ng c\u1ee7a <a href=\"https:\/\/maison-chance.org\/shop\">Nh\u00e0 May M\u1eafn<\/a> \u2013 n\u01a1i t\u00ecnh y\u00eau v\u00e0 hy v\u1ecdng \u0111\u01b0\u1ee3c d\u1ec7t n\u00ean t\u1eeb nh\u1eefng b\u00e0n tay kh\u00e9o l\u00e9o v\u00e0 tr\u00e1i tim \u0111\u1ea7y ngh\u1ecb l\u1ef1c.<\/p>\n","protected":false},"excerpt":{"rendered":"<p style=\"text-align: justify\">S\u1ea3n ph\u1ea9m do c\u00e1c b\u1ea1n khuy\u1ebft t\u1eadt k\u00e9m may m\u1eafn s\u1ea3n xu\u1ea5t th\u1ee7 c\u00f4ng k\u00ednh mong nh\u1eadn \u0111\u01b0\u1ee3c s\u1ef1 \u1ee7ng h\u1ed9 c\u1ee7a Qu\u00fd kh\u00e1ch h\u00e0ng.<\/p>\n<p>Ch\u1ea5t li\u1ec7u : V\u1ea3i\u00a0 sa tanh<\/p>\n<p>Hotline : <span style=\"font-size: 20px\"><strong><span style=\"color: #ff0000\">090 906 2528<\/span><\/strong><\/span><\/p>\n<p style=\"text-align: justify\">N\u1ebfu b\u1ea1n \u1edf Vi\u1ec7t Nam vui l\u00f2ng li\u00ean h\u1ec7 ch\u00fang t\u00f4i theo s\u1ed1 hotline ho\u1eb7c fanpage doanh nghi\u1ec7p Nh\u00e0 May M\u1eafn ch\u00fang t\u00f4i \u0111\u1ec3 bi\u1ebft gi\u00e1 b\u00e1n t\u1ea1i Vi\u1ec7t Nam.<\/p>\n","protected":false},"featured_media":40359,"template":"","meta":[],"product_brand":[],"product_cat":[143,137],"product_tag":[],"class_list":{"0":"post-30406","1":"product","2":"type-product","3":"status-publish","4":"has-post-thumbnail","6":"product_cat-do-trang-tri","7":"product_cat-phong-may","9":"first","10":"instock","11":"shipping-taxable","12":"purchasable","13":"product-type-simple"},"yoast_head":"<!-- This site is optimized with the Yoast SEO Premium plugin v22.7 (Yoast SEO v25.3.1) - https:\/\/yoast.com\/wordpress\/plugins\/seo\/ -->\n<title>Ng\u00f4i sao may m\u1eafn - Nh\u00e0 May M\u1eafn - Maison Chance<\/title>\n<meta name=\"description\" content=\"Ng\u00f4i Sao May M\u1eafn l\u00e0 m\u1ed9t trong nh\u1eefng s\u1ea3n ph\u1ea9m th\u1ee7 c\u00f4ng \u0111\u1ed9c \u0111\u00e1o \u0111\u01b0\u1ee3c t\u1ea1o ra b\u1edfi c\u00e1c th\u1ee3 may khuy\u1ebft t\u1eadt t\u1ea1i Nh\u00e0 May M\u1eafn. V\u1edbi s\u1ef1 t\u1ec9 m\u1ec9 trong t\u1eebng \u0111\u01b0\u1eddng kim m\u0169i ch\u1ec9.\" \/>\n<meta name=\"robots\" content=\"index, follow, max-snippet:-1, max-image-preview:large, max-video-preview:-1\" \/>\n<link rel=\"canonical\" href=\"https:\/\/maison-chance.org\/shop\/san-pham\/ngoi-sao-may-man\" \/>\n<meta property=\"og:locale\" content=\"vi_VN\" \/>\n<meta property=\"og:type\" content=\"article\" \/>\n<meta property=\"og:title\" content=\"Ng\u00f4i sao may m\u1eafn\" \/>\n<meta property=\"og:description\" content=\"Ng\u00f4i Sao May M\u1eafn l\u00e0 m\u1ed9t trong nh\u1eefng s\u1ea3n ph\u1ea9m th\u1ee7 c\u00f4ng \u0111\u1ed9c \u0111\u00e1o \u0111\u01b0\u1ee3c t\u1ea1o ra b\u1edfi c\u00e1c th\u1ee3 may khuy\u1ebft t\u1eadt t\u1ea1i Nh\u00e0 May M\u1eafn. V\u1edbi s\u1ef1 t\u1ec9 m\u1ec9 trong t\u1eebng \u0111\u01b0\u1eddng kim m\u0169i ch\u1ec9.\" \/>\n<meta property=\"og:url\" content=\"https:\/\/maison-chance.org\/shop\/san-pham\/ngoi-sao-may-man\" \/>\n<meta property=\"og:site_name\" content=\"Nh\u00e0 May M\u1eafn - Maison Chance\" \/>\n<meta property=\"article:publisher\" content=\"https:\/\/www.facebook.com\/dnxh.nhamayman\/\" \/>\n<meta property=\"article:modified_time\" content=\"2024-11-08T06:57:03+00:00\" \/>\n<meta property=\"og:image\" content=\"https:\/\/maison-chance.org\/shop\/wp-content\/uploads\/2024\/03\/ngoi-sao-may-man.jpg\" \/>\n\t<meta property=\"og:image:width\" content=\"600\" \/>\n\t<meta property=\"og:image:height\" content=\"600\" \/>\n\t<meta property=\"og:image:type\" content=\"image\/jpeg\" \/>\n<meta name=\"twitter:card\" content=\"summary_large_image\" \/>\n<meta name=\"twitter:label1\" content=\"Gi\u00e1\" \/>\n\t<meta name=\"twitter:data1\" content=\"1.40&nbsp;&#036;\" \/>\n\t<meta name=\"twitter:label2\" content=\"Availability\" \/>\n\t<meta name=\"twitter:data2\" content=\"In stock\" \/>\n<script type=\"application\/ld+json\" class=\"yoast-schema-graph\">{\"@context\":\"https:\/\/schema.org\",\"@graph\":[{\"@type\":\"WebPage\",\"@id\":\"https:\/\/maison-chance.org\/shop\/san-pham\/ngoi-sao-may-man\",\"url\":\"https:\/\/maison-chance.org\/shop\/san-pham\/ngoi-sao-may-man\",\"name\":\"Ng\u00f4i sao may m\u1eafn - Nh\u00e0 May M\u1eafn - Maison Chance\",\"isPartOf\":{\"@id\":\"https:\/\/maison-chance.org\/shop\/#website\"},\"primaryImageOfPage\":{\"@id\":\"https:\/\/maison-chance.org\/shop\/san-pham\/ngoi-sao-may-man#primaryimage\"},\"image\":{\"@id\":\"https:\/\/maison-chance.org\/shop\/san-pham\/ngoi-sao-may-man#primaryimage\"},\"thumbnailUrl\":\"https:\/\/maison-chance.org\/shop\/wp-content\/uploads\/2024\/03\/ngoi-sao-may-man.jpg\",\"datePublished\":\"2024-03-08T10:16:08+00:00\",\"dateModified\":\"2024-11-08T06:57:03+00:00\",\"description\":\"Ng\u00f4i Sao May M\u1eafn l\u00e0 m\u1ed9t trong nh\u1eefng s\u1ea3n ph\u1ea9m th\u1ee7 c\u00f4ng \u0111\u1ed9c \u0111\u00e1o \u0111\u01b0\u1ee3c t\u1ea1o ra b\u1edfi c\u00e1c th\u1ee3 may khuy\u1ebft t\u1eadt t\u1ea1i Nh\u00e0 May M\u1eafn. V\u1edbi s\u1ef1 t\u1ec9 m\u1ec9 trong t\u1eebng \u0111\u01b0\u1eddng kim m\u0169i ch\u1ec9.\",\"breadcrumb\":{\"@id\":\"https:\/\/maison-chance.org\/shop\/san-pham\/ngoi-sao-may-man#breadcrumb\"},\"inLanguage\":\"vi-VN\",\"potentialAction\":[{\"@type\":\"ReadAction\",\"target\":[\"https:\/\/maison-chance.org\/shop\/san-pham\/ngoi-sao-may-man\"]}]},{\"@type\":\"ImageObject\",\"inLanguage\":\"vi-VN\",\"@id\":\"https:\/\/maison-chance.org\/shop\/san-pham\/ngoi-sao-may-man#primaryimage\",\"url\":\"https:\/\/maison-chance.org\/shop\/wp-content\/uploads\/2024\/03\/ngoi-sao-may-man.jpg\",\"contentUrl\":\"https:\/\/maison-chance.org\/shop\/wp-content\/uploads\/2024\/03\/ngoi-sao-may-man.jpg\",\"width\":600,\"height\":600,\"caption\":\"Ng\u00f4i sao may m\u1eafn\"},{\"@type\":\"BreadcrumbList\",\"@id\":\"https:\/\/maison-chance.org\/shop\/san-pham\/ngoi-sao-may-man#breadcrumb\",\"itemListElement\":[{\"@type\":\"ListItem\",\"position\":1,\"name\":\"Trang ch\u1ee7\",\"item\":\"https:\/\/maison-chance.org\/shop\/\"},{\"@type\":\"ListItem\",\"position\":2,\"name\":\"Shop\",\"item\":\"https:\/\/maison-chance.org\/shop\/shop\"},{\"@type\":\"ListItem\",\"position\":3,\"name\":\"Ng\u00f4i sao may m\u1eafn\"}]},{\"@type\":\"WebSite\",\"@id\":\"https:\/\/maison-chance.org\/shop\/#website\",\"url\":\"https:\/\/maison-chance.org\/shop\/\",\"name\":\"Nh\u00e0 May M\u1eafn - Maison Chance\",\"description\":\"M\u1ecdi l\u1ee3i nhu\u1eadn thu v\u1ec1 t\u1eeb vi\u1ec7c b\u00e1n h\u00e0ng s\u1ebd tr\u00edch m\u1ed9t ph\u1ea7n \u0111\u1ec3 ch\u0103m lo cho \u0111\u1eddi s\u1ed1ng c\u00e1c b\u1ea1n khuy\u1ebft t\u1eadt v\u00e0 tr\u1ebb m\u1ed3 c\u00f4i \u1edf \u0111\u00e2y\",\"publisher\":{\"@id\":\"https:\/\/maison-chance.org\/shop\/#organization\"},\"potentialAction\":[{\"@type\":\"SearchAction\",\"target\":{\"@type\":\"EntryPoint\",\"urlTemplate\":\"https:\/\/maison-chance.org\/shop\/?s={search_term_string}\"},\"query-input\":{\"@type\":\"PropertyValueSpecification\",\"valueRequired\":true,\"valueName\":\"search_term_string\"}}],\"inLanguage\":\"vi-VN\"},{\"@type\":\"Organization\",\"@id\":\"https:\/\/maison-chance.org\/shop\/#organization\",\"name\":\"Nh\u00e0 May M\u1eafn - Maison Chance\",\"url\":\"https:\/\/maison-chance.org\/shop\/\",\"logo\":{\"@type\":\"ImageObject\",\"inLanguage\":\"vi-VN\",\"@id\":\"https:\/\/maison-chance.org\/shop\/#\/schema\/logo\/image\/\",\"url\":\"https:\/\/maison-chance.org\/shop\/wp-content\/uploads\/2024\/03\/cropped-Logo_DNXH.png\",\"contentUrl\":\"https:\/\/maison-chance.org\/shop\/wp-content\/uploads\/2024\/03\/cropped-Logo_DNXH.png\",\"width\":512,\"height\":512,\"caption\":\"Nh\u00e0 May M\u1eafn - Maison Chance\"},\"image\":{\"@id\":\"https:\/\/maison-chance.org\/shop\/#\/schema\/logo\/image\/\"},\"sameAs\":[\"https:\/\/www.facebook.com\/dnxh.nhamayman\/\"]}]}<\/script>\n<meta property=\"product:price:amount\" content=\"1.40\" \/>\n<meta property=\"product:price:currency\" content=\"USD\" \/>\n<meta property=\"og:availability\" content=\"instock\" \/>\n<meta property=\"product:availability\" content=\"instock\" \/>\n<meta property=\"product:condition\" content=\"new\" \/>\n<!-- \/ Yoast SEO Premium plugin. -->","yoast_head_json":{"title":"Ng\u00f4i sao may m\u1eafn - Nh\u00e0 May M\u1eafn - Maison Chance","description":"Ng\u00f4i Sao May M\u1eafn l\u00e0 m\u1ed9t trong nh\u1eefng s\u1ea3n ph\u1ea9m th\u1ee7 c\u00f4ng \u0111\u1ed9c \u0111\u00e1o \u0111\u01b0\u1ee3c t\u1ea1o ra b\u1edfi c\u00e1c th\u1ee3 may khuy\u1ebft t\u1eadt t\u1ea1i Nh\u00e0 May M\u1eafn. V\u1edbi s\u1ef1 t\u1ec9 m\u1ec9 trong t\u1eebng \u0111\u01b0\u1eddng kim m\u0169i ch\u1ec9.","robots":{"index":"index","follow":"follow","max-snippet":"max-snippet:-1","max-image-preview":"max-image-preview:large","max-video-preview":"max-video-preview:-1"},"canonical":"https:\/\/maison-chance.org\/shop\/san-pham\/ngoi-sao-may-man","og_locale":"vi_VN","og_type":"article","og_title":"Ng\u00f4i sao may m\u1eafn","og_description":"Ng\u00f4i Sao May M\u1eafn l\u00e0 m\u1ed9t trong nh\u1eefng s\u1ea3n ph\u1ea9m th\u1ee7 c\u00f4ng \u0111\u1ed9c \u0111\u00e1o \u0111\u01b0\u1ee3c t\u1ea1o ra b\u1edfi c\u00e1c th\u1ee3 may khuy\u1ebft t\u1eadt t\u1ea1i Nh\u00e0 May M\u1eafn. V\u1edbi s\u1ef1 t\u1ec9 m\u1ec9 trong t\u1eebng \u0111\u01b0\u1eddng kim m\u0169i ch\u1ec9.","og_url":"https:\/\/maison-chance.org\/shop\/san-pham\/ngoi-sao-may-man","og_site_name":"Nh\u00e0 May M\u1eafn - Maison Chance","article_publisher":"https:\/\/www.facebook.com\/dnxh.nhamayman\/","article_modified_time":"2024-11-08T06:57:03+00:00","og_image":[{"width":600,"height":600,"url":"https:\/\/maison-chance.org\/shop\/wp-content\/uploads\/2024\/03\/ngoi-sao-may-man.jpg","type":"image\/jpeg"}],"twitter_card":"summary_large_image","twitter_misc":{"Gi\u00e1":"1.40&nbsp;&#36;","Availability":"In stock"},"schema":{"@context":"https:\/\/schema.org","@graph":[{"@type":"WebPage","@id":"https:\/\/maison-chance.org\/shop\/san-pham\/ngoi-sao-may-man","url":"https:\/\/maison-chance.org\/shop\/san-pham\/ngoi-sao-may-man","name":"Ng\u00f4i sao may m\u1eafn - Nh\u00e0 May M\u1eafn - Maison Chance","isPartOf":{"@id":"https:\/\/maison-chance.org\/shop\/#website"},"primaryImageOfPage":{"@id":"https:\/\/maison-chance.org\/shop\/san-pham\/ngoi-sao-may-man#primaryimage"},"image":{"@id":"https:\/\/maison-chance.org\/shop\/san-pham\/ngoi-sao-may-man#primaryimage"},"thumbnailUrl":"https:\/\/maison-chance.org\/shop\/wp-content\/uploads\/2024\/03\/ngoi-sao-may-man.jpg","datePublished":"2024-03-08T10:16:08+00:00","dateModified":"2024-11-08T06:57:03+00:00","description":"Ng\u00f4i Sao May M\u1eafn l\u00e0 m\u1ed9t trong nh\u1eefng s\u1ea3n ph\u1ea9m th\u1ee7 c\u00f4ng \u0111\u1ed9c \u0111\u00e1o \u0111\u01b0\u1ee3c t\u1ea1o ra b\u1edfi c\u00e1c th\u1ee3 may khuy\u1ebft t\u1eadt t\u1ea1i Nh\u00e0 May M\u1eafn. V\u1edbi s\u1ef1 t\u1ec9 m\u1ec9 trong t\u1eebng \u0111\u01b0\u1eddng kim m\u0169i ch\u1ec9.","breadcrumb":{"@id":"https:\/\/maison-chance.org\/shop\/san-pham\/ngoi-sao-may-man#breadcrumb"},"inLanguage":"vi-VN","potentialAction":[{"@type":"ReadAction","target":["https:\/\/maison-chance.org\/shop\/san-pham\/ngoi-sao-may-man"]}]},{"@type":"ImageObject","inLanguage":"vi-VN","@id":"https:\/\/maison-chance.org\/shop\/san-pham\/ngoi-sao-may-man#primaryimage","url":"https:\/\/maison-chance.org\/shop\/wp-content\/uploads\/2024\/03\/ngoi-sao-may-man.jpg","contentUrl":"https:\/\/maison-chance.org\/shop\/wp-content\/uploads\/2024\/03\/ngoi-sao-may-man.jpg","width":600,"height":600,"caption":"Ng\u00f4i sao may m\u1eafn"},{"@type":"BreadcrumbList","@id":"https:\/\/maison-chance.org\/shop\/san-pham\/ngoi-sao-may-man#breadcrumb","itemListElement":[{"@type":"ListItem","position":1,"name":"Trang ch\u1ee7","item":"https:\/\/maison-chance.org\/shop\/"},{"@type":"ListItem","position":2,"name":"Shop","item":"https:\/\/maison-chance.org\/shop\/shop"},{"@type":"ListItem","position":3,"name":"Ng\u00f4i sao may m\u1eafn"}]},{"@type":"WebSite","@id":"https:\/\/maison-chance.org\/shop\/#website","url":"https:\/\/maison-chance.org\/shop\/","name":"Nh\u00e0 May M\u1eafn - Maison Chance","description":"M\u1ecdi l\u1ee3i nhu\u1eadn thu v\u1ec1 t\u1eeb vi\u1ec7c b\u00e1n h\u00e0ng s\u1ebd tr\u00edch m\u1ed9t ph\u1ea7n \u0111\u1ec3 ch\u0103m lo cho \u0111\u1eddi s\u1ed1ng c\u00e1c b\u1ea1n khuy\u1ebft t\u1eadt v\u00e0 tr\u1ebb m\u1ed3 c\u00f4i \u1edf \u0111\u00e2y","publisher":{"@id":"https:\/\/maison-chance.org\/shop\/#organization"},"potentialAction":[{"@type":"SearchAction","target":{"@type":"EntryPoint","urlTemplate":"https:\/\/maison-chance.org\/shop\/?s={search_term_string}"},"query-input":{"@type":"PropertyValueSpecification","valueRequired":true,"valueName":"search_term_string"}}],"inLanguage":"vi-VN"},{"@type":"Organization","@id":"https:\/\/maison-chance.org\/shop\/#organization","name":"Nh\u00e0 May M\u1eafn - Maison Chance","url":"https:\/\/maison-chance.org\/shop\/","logo":{"@type":"ImageObject","inLanguage":"vi-VN","@id":"https:\/\/maison-chance.org\/shop\/#\/schema\/logo\/image\/","url":"https:\/\/maison-chance.org\/shop\/wp-content\/uploads\/2024\/03\/cropped-Logo_DNXH.png","contentUrl":"https:\/\/maison-chance.org\/shop\/wp-content\/uploads\/2024\/03\/cropped-Logo_DNXH.png","width":512,"height":512,"caption":"Nh\u00e0 May M\u1eafn - Maison Chance"},"image":{"@id":"https:\/\/maison-chance.org\/shop\/#\/schema\/logo\/image\/"},"sameAs":["https:\/\/www.facebook.com\/dnxh.nhamayman\/"]}]},"product_price_amount":"1.40","product_price_currency":"USD","og_availability":"instock","product_availability":"instock","product_condition":"new"},"_links":{"self":[{"href":"https:\/\/maison-chance.org\/shop\/wp-json\/wp\/v2\/product\/30406","targetHints":{"allow":["GET"]}}],"collection":[{"href":"https:\/\/maison-chance.org\/shop\/wp-json\/wp\/v2\/product"}],"about":[{"href":"https:\/\/maison-chance.org\/shop\/wp-json\/wp\/v2\/types\/product"}],"wp:featuredmedia":[{"embeddable":true,"href":"https:\/\/maison-chance.org\/shop\/wp-json\/wp\/v2\/media\/40359"}],"wp:attachment":[{"href":"https:\/\/maison-chance.org\/shop\/wp-json\/wp\/v2\/media?parent=30406"}],"wp:term":[{"taxonomy":"product_brand","embeddable":true,"href":"https:\/\/maison-chance.org\/shop\/wp-json\/wp\/v2\/product_brand?post=30406"},{"taxonomy":"product_cat","embeddable":true,"href":"https:\/\/maison-chance.org\/shop\/wp-json\/wp\/v2\/product_cat?post=30406"},{"taxonomy":"product_tag","embeddable":true,"href":"https:\/\/maison-chance.org\/shop\/wp-json\/wp\/v2\/product_tag?post=30406"}],"curies":[{"name":"wp","href":"https:\/\/api.w.org\/{rel}","templated":true}]}}