{"id":30535,"date":"2024-03-08T22:04:05","date_gmt":"2024-03-08T15:04:05","guid":{"rendered":"https:\/\/maison-chance.org\/shop\/?post_type=product&#038;p=30535"},"modified":"2024-03-08T22:04:05","modified_gmt":"2024-03-08T15:04:05","slug":"anh-trang","status":"publish","type":"product","link":"https:\/\/maison-chance.org\/shop\/san-pham\/anh-trang","title":{"rendered":"\u00c1nh tr\u0103ng"},"content":{"rendered":"<p style=\"text-align: center;\"><span class=\"x1xsqp64 xiy17q3 x1o6pynw x19co3pv xdj266r xcwd3tp xat24cr x39eecv x2b8uid\" data-testid=\"emoji\"><span class=\"xexx8yu xn5pp95 x18d9i69 x2fxd7x x1yqt14a x1bhl96m\">\ud83c\udf1f<\/span><\/span><span class=\"x1xsqp64 xiy17q3 x1o6pynw x19co3pv xdj266r xcwd3tp xat24cr x39eecv x2b8uid\" data-testid=\"emoji\"><span class=\"xexx8yu xn5pp95 x18d9i69 x2fxd7x x1yqt14a x1bhl96m\">\u2728<\/span><\/span> &#8220;\u00c1NH TR\u0102NG&#8221; &#8211; T\u00e1c ph\u1ea9m ngh\u1ec7 thu\u1eadt t\u1eeb t\u00e2m h\u1ed3n kh\u00f4ng gi\u1edbi h\u1ea1n <span class=\"x1xsqp64 xiy17q3 x1o6pynw x19co3pv xdj266r xcwd3tp xat24cr x39eecv x2b8uid\" data-testid=\"emoji\"><span class=\"xexx8yu xn5pp95 x18d9i69 x2fxd7x x1yqt14a x1bhl96m\">\u2728<\/span><\/span><span class=\"x1xsqp64 xiy17q3 x1o6pynw x19co3pv xdj266r xcwd3tp xat24cr x39eecv x2b8uid\" data-testid=\"emoji\"><span class=\"xexx8yu xn5pp95 x18d9i69 x2fxd7x x1yqt14a x1bhl96m\">\ud83c\udf1f<\/span><\/span><\/p>\n<p><img decoding=\"async\" class=\"wp-image-16487 aligncenter\" src=\"https:\/\/maison-chance.org\/shop\/wp-content\/uploads\/2024\/03\/anh-trang-60x60NCV-1tr5-1.jpg\" alt=\"Tranh s\u01a1n d\u1ea7u\" width=\"600\" height=\"600\" \/><\/p>\n<p style=\"text-align: justify;\"><span class=\"x1xsqp64 xiy17q3 x1o6pynw x19co3pv xdj266r xcwd3tp xat24cr x39eecv x2b8uid\" data-testid=\"emoji\"><span class=\"xexx8yu xn5pp95 x18d9i69 x2fxd7x x1yqt14a x1bhl96m\">\ud83c\udfa8<\/span><\/span> B\u1ee9c tranh s\u01a1n d\u1ea7u &#8220;\u00c1nh tr\u0103ng&#8221; l\u00e0 m\u1ed9t t\u00e1c ph\u1ea9m \u0111\u1ea7y c\u1ea3m x\u00fac, ph\u1ea3n chi\u1ebfu ni\u1ec1m \u0111am m\u00ea v\u00e0 ngh\u1ecb l\u1ef1c phi th\u01b0\u1eddng c\u1ee7a h\u1ecda s\u0129 Nguy\u1ec5n V\u0103n Chi\u1ebfn &#8211; m\u1ed9t ngh\u1ec7 s\u0129 t\u00e0i n\u0103ng t\u1eeb Nh\u00e0 May M\u1eafn, ng\u01b0\u1eddi \u0111\u00e3 kh\u00f4ng \u0111\u1ec3 khuy\u1ebft t\u1eadt ng\u0103n c\u1ea3n con \u0111\u01b0\u1eddng ngh\u1ec7 thu\u1eadt c\u1ee7a m\u00ecnh.<\/p>\n<p><span class=\"x1xsqp64 xiy17q3 x1o6pynw x19co3pv xdj266r xcwd3tp xat24cr x39eecv x2b8uid\" data-testid=\"emoji\"><span class=\"xexx8yu xn5pp95 x18d9i69 x2fxd7x x1yqt14a x1bhl96m\">\ud83c\udfe1<\/span><\/span> Trong t\u1eebng n\u00e9t v\u1ebd, b\u1ea1n c\u00f3 th\u1ec3 c\u1ea3m nh\u1eadn \u0111\u01b0\u1ee3c s\u1ef1 y\u00ean b\u00ecnh v\u00e0 h\u00e0i h\u00f2a khi ng\u00f4i nh\u00e0 tranh \u1ea5m \u00e1p hi\u1ec7n l\u00ean d\u01b0\u1edbi \u00e1nh tr\u0103ng v\u00e0ng \u00f3ng \u1ea3. H\u1ed3 n\u01b0\u1edbc ph\u1eb3ng l\u1eb7ng, con \u0111\u00f2 nh\u1ecf, v\u00e0 \u00e1nh tr\u0103ng r\u1ecdi xu\u1ed1ng m\u1eb7t h\u1ed3 t\u1ea1o n\u00ean m\u1ed9t khung c\u1ea3nh l\u00e3ng m\u1ea1n, khi\u1ebfn ng\u01b0\u1eddi xem nh\u01b0 l\u1ea1c v\u00e0o th\u1ebf gi\u1edbi c\u1ee7a nh\u1eefng gi\u1ea5c m\u01a1 \u00eam \u0111\u1ec1m.<\/p>\n<p><span class=\"x1xsqp64 xiy17q3 x1o6pynw x19co3pv xdj266r xcwd3tp xat24cr x39eecv x2b8uid\" data-testid=\"emoji\"><span class=\"xexx8yu xn5pp95 x18d9i69 x2fxd7x x1yqt14a x1bhl96m\">\ud83d\udcd0<\/span><\/span> V\u1edbi k\u00edch th\u01b0\u1edbc ho\u00e0n h\u1ea3o 60 x 60 cm, &#8220;\u00c1nh tr\u0103ng&#8221; s\u1ebd l\u00e0 \u0111i\u1ec3m nh\u1ea5n tinh t\u1ebf cho b\u1ea5t k\u1ef3 kh\u00f4ng gian s\u1ed1ng ho\u1eb7c l\u00e0m vi\u1ec7c n\u00e0o.<\/p>\n<p><span class=\"x1xsqp64 xiy17q3 x1o6pynw x19co3pv xdj266r xcwd3tp xat24cr x39eecv x2b8uid\" data-testid=\"emoji\"><span class=\"xexx8yu xn5pp95 x18d9i69 x2fxd7x x1yqt14a x1bhl96m\">\ud83d\udc96<\/span><\/span> M\u1ed7i b\u1ee9c tranh kh\u00f4ng ch\u1ec9 l\u00e0 s\u1ea3n ph\u1ea9m ngh\u1ec7 thu\u1eadt, m\u00e0 c\u00f2n l\u00e0 th\u00f4ng \u0111i\u1ec7p v\u1ec1 kh\u00e1t v\u1ecdng s\u1ed1ng v\u00e0 \u00fd ch\u00ed v\u01b0\u01a1n l\u00ean. Khi b\u1ea1n ch\u1ecdn treo &#8220;\u00c1nh tr\u0103ng&#8221; trong t\u1ed5 \u1ea5m c\u1ee7a m\u00ecnh, b\u1ea1n c\u0169ng \u0111ang g\u00f3p ph\u1ea7n lan t\u1ecfa th\u00f4ng \u0111i\u1ec7p n\u00e0y v\u00e0 \u1ee7ng h\u1ed9 c\u1ed9ng \u0111\u1ed3ng ng\u01b0\u1eddi khuy\u1ebft t\u1eadt.<\/p>\n<p style=\"text-align: justify;\"><span class=\"x1xsqp64 xiy17q3 x1o6pynw x19co3pv xdj266r xcwd3tp xat24cr x39eecv x2b8uid\" data-testid=\"emoji\"><span class=\"xexx8yu xn5pp95 x18d9i69 x2fxd7x x1yqt14a x1bhl96m\">\u2764<\/span><\/span> R\u1ea5t mong s\u1ebd nh\u1eadn \u0111\u01b0\u1ee3c s\u1ef1 \u1ee7ng h\u1ed9 t\u1eeb qu\u00fd kh\u00e1ch <span class=\"x1xsqp64 xiy17q3 x1o6pynw x19co3pv xdj266r xcwd3tp xat24cr x39eecv x2b8uid\" data-testid=\"emoji\"><span class=\"xexx8yu xn5pp95 x18d9i69 x2fxd7x x1yqt14a x1bhl96m\">\u2764<\/span><\/span><br \/>\n&#8212;&#8212;&#8212;&#8212;&#8212;&#8212;&#8212;&#8212;&#8212;&#8212;&#8212;&#8212;&#8212;&#8212;&#8212;&#8212;&#8212;&#8212;&#8212;&#8212;&#8212;&#8212;&#8211;<br \/>\n<span class=\"x1xsqp64 xiy17q3 x1o6pynw x19co3pv xdj266r xcwd3tp xat24cr x39eecv x2b8uid\" data-testid=\"emoji\"><span class=\"xexx8yu xn5pp95 x18d9i69 x2fxd7x x1yqt14a x1bhl96m\">\u2764<\/span><\/span> M\u1ecdi l\u1ee3i nhu\u1eadn thu v\u1ec1 t\u1eeb vi\u1ec7c b\u00e1n h\u00e0ng s\u1ebd tr\u00edch m\u1ed9t ph\u1ea7n \u0111\u1ec3 ch\u0103m lo cho \u0111\u1eddi s\u1ed1ng c\u00e1c b\u1ea1n khuy\u1ebft t\u1eadt v\u00e0 tr\u1ebb m\u1ed3 c\u00f4i \u1edf \u0111\u00e2y. Ph\u1ea7n c\u00f2n l\u1ea1i s\u1ebd ti\u1ebfp t\u1ee5c duy tr\u00ec ho\u1ea1t \u0111\u1ed9ng c\u1ee7a t\u1ed5 ch\u1ee9c <span class=\"x1xsqp64 xiy17q3 x1o6pynw x19co3pv xdj266r xcwd3tp xat24cr x39eecv x2b8uid\" data-testid=\"emoji\"><span class=\"xexx8yu xn5pp95 x18d9i69 x2fxd7x x1yqt14a x1bhl96m\">\u2764<\/span><\/span><\/p>\n","protected":false},"excerpt":{"rendered":"<p style=\"text-align: justify;\">C\u00e1c s\u1ea3n ph\u1ea9m tranh s\u01a1n d\u1ea7u do Nh\u00e0 May M\u1eafn cung c\u1ea5p l\u00e0 nh\u1eefng s\u1ea3n ph\u1ea9m c\u1ee7a c\u00e1c b\u1ea1n khuy\u1ebft t\u1eadt k\u00e9m may m\u1eafn v\u1ebd.<\/p>\n<p>&nbsp;<\/p>\n<p style=\"text-align: justify;\">K\u00edch th\u01b0\u1edbc (cm) : 60&#215;60<\/p>\n<p>&nbsp;<\/p>\n<p>Th\u1ec3 lo\u1ea1i : Tranh sao ch\u00e9p<\/p>\n<p>&nbsp;<\/p>\n<p>T\u00e1c gi\u1ea3 : Nguy\u1ec5n V\u0103n Chi\u1ebfn<\/p>\n<p>&nbsp;<\/p>\n<p style=\"text-align: justify;\">Hotline : <span style=\"color: #ff0000; font-size: 18pt;\"><strong>0909 06 25 28<\/strong><\/span><\/p>\n<p>&nbsp;<\/p>\n","protected":false},"featured_media":30536,"template":"","meta":[],"product_brand":[],"product_cat":[144,146],"product_tag":[],"class_list":{"0":"post-30535","1":"product","2":"type-product","3":"status-publish","4":"has-post-thumbnail","6":"product_cat-phong-tranh-son-dau","7":"product_cat-tranh-phong-canh","9":"first","10":"instock","11":"shipping-taxable","12":"product-type-simple"},"yoast_head":"<!-- This site is optimized with the Yoast SEO Premium plugin v22.7 (Yoast SEO v25.3.1) - https:\/\/yoast.com\/wordpress\/plugins\/seo\/ -->\n<title>\u00c1nh tr\u0103ng - Nh\u00e0 May M\u1eafn - Maison Chance<\/title>\n<meta name=\"robots\" content=\"index, follow, max-snippet:-1, max-image-preview:large, max-video-preview:-1\" \/>\n<link rel=\"canonical\" href=\"https:\/\/maison-chance.org\/shop\/san-pham\/anh-trang\" \/>\n<meta property=\"og:locale\" content=\"vi_VN\" \/>\n<meta property=\"og:type\" content=\"article\" \/>\n<meta property=\"og:title\" content=\"\u00c1nh tr\u0103ng\" \/>\n<meta property=\"og:description\" content=\"C\u00e1c s\u1ea3n ph\u1ea9m tranh s\u01a1n d\u1ea7u do Nh\u00e0 May M\u1eafn cung c\u1ea5p l\u00e0 nh\u1eefng s\u1ea3n ph\u1ea9m c\u1ee7a c\u00e1c b\u1ea1n khuy\u1ebft t\u1eadt k\u00e9m may m\u1eafn v\u1ebd. &nbsp; K\u00edch th\u01b0\u1edbc (cm) : 60x60 &nbsp;  Th\u1ec3 lo\u1ea1i : Tranh sao ch\u00e9p  &nbsp;  T\u00e1c gi\u1ea3 : Nguy\u1ec5n V\u0103n Chi\u1ebfn  &nbsp; Hotline : 0909 06 25 28 &nbsp;\" \/>\n<meta property=\"og:url\" content=\"https:\/\/maison-chance.org\/shop\/san-pham\/anh-trang\" \/>\n<meta property=\"og:site_name\" content=\"Nh\u00e0 May M\u1eafn - Maison Chance\" \/>\n<meta property=\"article:publisher\" content=\"https:\/\/www.facebook.com\/dnxh.nhamayman\/\" \/>\n<meta property=\"og:image\" content=\"https:\/\/maison-chance.org\/shop\/wp-content\/uploads\/2024\/03\/anh-trang-60x60NCV-1tr5.jpg\" \/>\n\t<meta property=\"og:image:width\" content=\"1000\" \/>\n\t<meta property=\"og:image:height\" content=\"1000\" \/>\n\t<meta property=\"og:image:type\" content=\"image\/jpeg\" \/>\n<meta name=\"twitter:card\" content=\"summary_large_image\" \/>\n<meta name=\"twitter:label1\" content=\"Gi\u00e1\" \/>\n\t<meta name=\"twitter:data1\" content=\"\" \/>\n\t<meta name=\"twitter:label2\" content=\"Availability\" \/>\n\t<meta name=\"twitter:data2\" content=\"In stock\" \/>\n<script type=\"application\/ld+json\" class=\"yoast-schema-graph\">{\"@context\":\"https:\/\/schema.org\",\"@graph\":[{\"@type\":\"WebPage\",\"@id\":\"https:\/\/maison-chance.org\/shop\/san-pham\/anh-trang\",\"url\":\"https:\/\/maison-chance.org\/shop\/san-pham\/anh-trang\",\"name\":\"\u00c1nh tr\u0103ng - Nh\u00e0 May M\u1eafn - Maison Chance\",\"isPartOf\":{\"@id\":\"https:\/\/maison-chance.org\/shop\/#website\"},\"primaryImageOfPage\":{\"@id\":\"https:\/\/maison-chance.org\/shop\/san-pham\/anh-trang#primaryimage\"},\"image\":{\"@id\":\"https:\/\/maison-chance.org\/shop\/san-pham\/anh-trang#primaryimage\"},\"thumbnailUrl\":\"https:\/\/maison-chance.org\/shop\/wp-content\/uploads\/2024\/03\/anh-trang-60x60NCV-1tr5.jpg\",\"datePublished\":\"2024-03-08T15:04:05+00:00\",\"breadcrumb\":{\"@id\":\"https:\/\/maison-chance.org\/shop\/san-pham\/anh-trang#breadcrumb\"},\"inLanguage\":\"vi-VN\",\"potentialAction\":[{\"@type\":\"ReadAction\",\"target\":[\"https:\/\/maison-chance.org\/shop\/san-pham\/anh-trang\"]}]},{\"@type\":\"ImageObject\",\"inLanguage\":\"vi-VN\",\"@id\":\"https:\/\/maison-chance.org\/shop\/san-pham\/anh-trang#primaryimage\",\"url\":\"https:\/\/maison-chance.org\/shop\/wp-content\/uploads\/2024\/03\/anh-trang-60x60NCV-1tr5.jpg\",\"contentUrl\":\"https:\/\/maison-chance.org\/shop\/wp-content\/uploads\/2024\/03\/anh-trang-60x60NCV-1tr5.jpg\",\"width\":1000,\"height\":1000,\"caption\":\"\u00c1nh tr\u0103ng\"},{\"@type\":\"BreadcrumbList\",\"@id\":\"https:\/\/maison-chance.org\/shop\/san-pham\/anh-trang#breadcrumb\",\"itemListElement\":[{\"@type\":\"ListItem\",\"position\":1,\"name\":\"Trang ch\u1ee7\",\"item\":\"https:\/\/maison-chance.org\/shop\/\"},{\"@type\":\"ListItem\",\"position\":2,\"name\":\"Shop\",\"item\":\"https:\/\/maison-chance.org\/shop\/shop\"},{\"@type\":\"ListItem\",\"position\":3,\"name\":\"\u00c1nh tr\u0103ng\"}]},{\"@type\":\"WebSite\",\"@id\":\"https:\/\/maison-chance.org\/shop\/#website\",\"url\":\"https:\/\/maison-chance.org\/shop\/\",\"name\":\"Nh\u00e0 May M\u1eafn - Maison Chance\",\"description\":\"M\u1ecdi l\u1ee3i nhu\u1eadn thu v\u1ec1 t\u1eeb vi\u1ec7c b\u00e1n h\u00e0ng s\u1ebd tr\u00edch m\u1ed9t ph\u1ea7n \u0111\u1ec3 ch\u0103m lo cho \u0111\u1eddi s\u1ed1ng c\u00e1c b\u1ea1n khuy\u1ebft t\u1eadt v\u00e0 tr\u1ebb m\u1ed3 c\u00f4i \u1edf \u0111\u00e2y\",\"publisher\":{\"@id\":\"https:\/\/maison-chance.org\/shop\/#organization\"},\"potentialAction\":[{\"@type\":\"SearchAction\",\"target\":{\"@type\":\"EntryPoint\",\"urlTemplate\":\"https:\/\/maison-chance.org\/shop\/?s={search_term_string}\"},\"query-input\":{\"@type\":\"PropertyValueSpecification\",\"valueRequired\":true,\"valueName\":\"search_term_string\"}}],\"inLanguage\":\"vi-VN\"},{\"@type\":\"Organization\",\"@id\":\"https:\/\/maison-chance.org\/shop\/#organization\",\"name\":\"Nh\u00e0 May M\u1eafn - Maison Chance\",\"url\":\"https:\/\/maison-chance.org\/shop\/\",\"logo\":{\"@type\":\"ImageObject\",\"inLanguage\":\"vi-VN\",\"@id\":\"https:\/\/maison-chance.org\/shop\/#\/schema\/logo\/image\/\",\"url\":\"https:\/\/maison-chance.org\/shop\/wp-content\/uploads\/2024\/03\/cropped-Logo_DNXH.png\",\"contentUrl\":\"https:\/\/maison-chance.org\/shop\/wp-content\/uploads\/2024\/03\/cropped-Logo_DNXH.png\",\"width\":512,\"height\":512,\"caption\":\"Nh\u00e0 May M\u1eafn - Maison Chance\"},\"image\":{\"@id\":\"https:\/\/maison-chance.org\/shop\/#\/schema\/logo\/image\/\"},\"sameAs\":[\"https:\/\/www.facebook.com\/dnxh.nhamayman\/\"]}]}<\/script>\n<meta property=\"product:price:amount\" content=\"0.00\" \/>\n<meta property=\"product:price:currency\" content=\"USD\" \/>\n<meta property=\"og:availability\" content=\"instock\" \/>\n<meta property=\"product:availability\" content=\"instock\" \/>\n<meta property=\"product:condition\" content=\"new\" \/>\n<!-- \/ Yoast SEO Premium plugin. -->","yoast_head_json":{"title":"\u00c1nh tr\u0103ng - Nh\u00e0 May M\u1eafn - Maison Chance","robots":{"index":"index","follow":"follow","max-snippet":"max-snippet:-1","max-image-preview":"max-image-preview:large","max-video-preview":"max-video-preview:-1"},"canonical":"https:\/\/maison-chance.org\/shop\/san-pham\/anh-trang","og_locale":"vi_VN","og_type":"article","og_title":"\u00c1nh tr\u0103ng","og_description":"C\u00e1c s\u1ea3n ph\u1ea9m tranh s\u01a1n d\u1ea7u do Nh\u00e0 May M\u1eafn cung c\u1ea5p l\u00e0 nh\u1eefng s\u1ea3n ph\u1ea9m c\u1ee7a c\u00e1c b\u1ea1n khuy\u1ebft t\u1eadt k\u00e9m may m\u1eafn v\u1ebd. &nbsp; K\u00edch th\u01b0\u1edbc (cm) : 60x60 &nbsp;  Th\u1ec3 lo\u1ea1i : Tranh sao ch\u00e9p  &nbsp;  T\u00e1c gi\u1ea3 : Nguy\u1ec5n V\u0103n Chi\u1ebfn  &nbsp; Hotline : 0909 06 25 28 &nbsp;","og_url":"https:\/\/maison-chance.org\/shop\/san-pham\/anh-trang","og_site_name":"Nh\u00e0 May M\u1eafn - Maison Chance","article_publisher":"https:\/\/www.facebook.com\/dnxh.nhamayman\/","og_image":[{"width":1000,"height":1000,"url":"https:\/\/maison-chance.org\/shop\/wp-content\/uploads\/2024\/03\/anh-trang-60x60NCV-1tr5.jpg","type":"image\/jpeg"}],"twitter_card":"summary_large_image","twitter_misc":{"Gi\u00e1":"","Availability":"In stock"},"schema":{"@context":"https:\/\/schema.org","@graph":[{"@type":"WebPage","@id":"https:\/\/maison-chance.org\/shop\/san-pham\/anh-trang","url":"https:\/\/maison-chance.org\/shop\/san-pham\/anh-trang","name":"\u00c1nh tr\u0103ng - Nh\u00e0 May M\u1eafn - Maison Chance","isPartOf":{"@id":"https:\/\/maison-chance.org\/shop\/#website"},"primaryImageOfPage":{"@id":"https:\/\/maison-chance.org\/shop\/san-pham\/anh-trang#primaryimage"},"image":{"@id":"https:\/\/maison-chance.org\/shop\/san-pham\/anh-trang#primaryimage"},"thumbnailUrl":"https:\/\/maison-chance.org\/shop\/wp-content\/uploads\/2024\/03\/anh-trang-60x60NCV-1tr5.jpg","datePublished":"2024-03-08T15:04:05+00:00","breadcrumb":{"@id":"https:\/\/maison-chance.org\/shop\/san-pham\/anh-trang#breadcrumb"},"inLanguage":"vi-VN","potentialAction":[{"@type":"ReadAction","target":["https:\/\/maison-chance.org\/shop\/san-pham\/anh-trang"]}]},{"@type":"ImageObject","inLanguage":"vi-VN","@id":"https:\/\/maison-chance.org\/shop\/san-pham\/anh-trang#primaryimage","url":"https:\/\/maison-chance.org\/shop\/wp-content\/uploads\/2024\/03\/anh-trang-60x60NCV-1tr5.jpg","contentUrl":"https:\/\/maison-chance.org\/shop\/wp-content\/uploads\/2024\/03\/anh-trang-60x60NCV-1tr5.jpg","width":1000,"height":1000,"caption":"\u00c1nh tr\u0103ng"},{"@type":"BreadcrumbList","@id":"https:\/\/maison-chance.org\/shop\/san-pham\/anh-trang#breadcrumb","itemListElement":[{"@type":"ListItem","position":1,"name":"Trang ch\u1ee7","item":"https:\/\/maison-chance.org\/shop\/"},{"@type":"ListItem","position":2,"name":"Shop","item":"https:\/\/maison-chance.org\/shop\/shop"},{"@type":"ListItem","position":3,"name":"\u00c1nh tr\u0103ng"}]},{"@type":"WebSite","@id":"https:\/\/maison-chance.org\/shop\/#website","url":"https:\/\/maison-chance.org\/shop\/","name":"Nh\u00e0 May M\u1eafn - Maison Chance","description":"M\u1ecdi l\u1ee3i nhu\u1eadn thu v\u1ec1 t\u1eeb vi\u1ec7c b\u00e1n h\u00e0ng s\u1ebd tr\u00edch m\u1ed9t ph\u1ea7n \u0111\u1ec3 ch\u0103m lo cho \u0111\u1eddi s\u1ed1ng c\u00e1c b\u1ea1n khuy\u1ebft t\u1eadt v\u00e0 tr\u1ebb m\u1ed3 c\u00f4i \u1edf \u0111\u00e2y","publisher":{"@id":"https:\/\/maison-chance.org\/shop\/#organization"},"potentialAction":[{"@type":"SearchAction","target":{"@type":"EntryPoint","urlTemplate":"https:\/\/maison-chance.org\/shop\/?s={search_term_string}"},"query-input":{"@type":"PropertyValueSpecification","valueRequired":true,"valueName":"search_term_string"}}],"inLanguage":"vi-VN"},{"@type":"Organization","@id":"https:\/\/maison-chance.org\/shop\/#organization","name":"Nh\u00e0 May M\u1eafn - Maison Chance","url":"https:\/\/maison-chance.org\/shop\/","logo":{"@type":"ImageObject","inLanguage":"vi-VN","@id":"https:\/\/maison-chance.org\/shop\/#\/schema\/logo\/image\/","url":"https:\/\/maison-chance.org\/shop\/wp-content\/uploads\/2024\/03\/cropped-Logo_DNXH.png","contentUrl":"https:\/\/maison-chance.org\/shop\/wp-content\/uploads\/2024\/03\/cropped-Logo_DNXH.png","width":512,"height":512,"caption":"Nh\u00e0 May M\u1eafn - Maison Chance"},"image":{"@id":"https:\/\/maison-chance.org\/shop\/#\/schema\/logo\/image\/"},"sameAs":["https:\/\/www.facebook.com\/dnxh.nhamayman\/"]}]},"product_price_amount":"0.00","product_price_currency":"USD","og_availability":"instock","product_availability":"instock","product_condition":"new"},"_links":{"self":[{"href":"https:\/\/maison-chance.org\/shop\/wp-json\/wp\/v2\/product\/30535","targetHints":{"allow":["GET"]}}],"collection":[{"href":"https:\/\/maison-chance.org\/shop\/wp-json\/wp\/v2\/product"}],"about":[{"href":"https:\/\/maison-chance.org\/shop\/wp-json\/wp\/v2\/types\/product"}],"wp:featuredmedia":[{"embeddable":true,"href":"https:\/\/maison-chance.org\/shop\/wp-json\/wp\/v2\/media\/30536"}],"wp:attachment":[{"href":"https:\/\/maison-chance.org\/shop\/wp-json\/wp\/v2\/media?parent=30535"}],"wp:term":[{"taxonomy":"product_brand","embeddable":true,"href":"https:\/\/maison-chance.org\/shop\/wp-json\/wp\/v2\/product_brand?post=30535"},{"taxonomy":"product_cat","embeddable":true,"href":"https:\/\/maison-chance.org\/shop\/wp-json\/wp\/v2\/product_cat?post=30535"},{"taxonomy":"product_tag","embeddable":true,"href":"https:\/\/maison-chance.org\/shop\/wp-json\/wp\/v2\/product_tag?post=30535"}],"curies":[{"name":"wp","href":"https:\/\/api.w.org\/{rel}","templated":true}]}}