{"id":30543,"date":"2024-03-08T22:08:26","date_gmt":"2024-03-08T15:08:26","guid":{"rendered":"https:\/\/maison-chance.org\/shop\/?post_type=product&#038;p=30543"},"modified":"2024-03-08T22:17:45","modified_gmt":"2024-03-08T15:17:45","slug":"duc-me-am-chua","status":"publish","type":"product","link":"https:\/\/maison-chance.org\/shop\/san-pham\/duc-me-am-chua","title":{"rendered":"\u0110\u1ee9c M\u1eb9 \u1eb5m Ch\u00faa"},"content":{"rendered":"<p style=\"text-align: justify;\"><span class=\"x1xsqp64 xiy17q3 x1o6pynw x19co3pv xdj266r xcwd3tp xat24cr x39eecv x2b8uid\" data-testid=\"emoji\"><span class=\"xexx8yu xn5pp95 x18d9i69 x2fxd7x x1yqt14a x1bhl96m\">\ud83c\udfa8<\/span><\/span> <span class=\"xv78j7m\" spellcheck=\"false\">Nh\u00e0 May M\u1eafn &#8211; Maison Chance<\/span> xin gi\u1edbi thi\u1ec7u \u0111\u1ebfn Qu\u00fd v\u1ecb m\u1ed9t t\u00e1c ph\u1ea9m tranh s\u01a1n d\u1ea7u m\u1edbi \u0111\u01b0\u1ee3c ho\u00e0n th\u00e0nh b\u1edfi h\u1ecd\u1ea1 s\u0129 B\u00f9i \u0110\u00ecnh To\u1ea3n. \u0110\u00f3 l\u00e0 b\u1ee9c tranh s\u01a1n d\u1ea7u v\u1ebd c\u1ea3nh \u0110\u1ee9c M\u1eb9 \u00f4m H\u00e0i Nhi Gi\u00easu, k\u00edch th\u01b0\u1edbc 60x80cm, to\u00e1t l\u00ean v\u1ebb \u0111\u1eb9p thi\u00eang li\u00eang c\u1ee7a t\u00ecnh m\u1eabu t\u1eed.<\/p>\n<p><span class=\"x1xsqp64 xiy17q3 x1o6pynw x19co3pv xdj266r xcwd3tp xat24cr x39eecv x2b8uid\" data-testid=\"emoji\"><span class=\"xexx8yu xn5pp95 x18d9i69 x2fxd7x x1yqt14a x1bhl96m\">\ud83d\uddbc\ufe0f<\/span><\/span> Nh\u00ecn v\u00e0o b\u1ee9c tranh, \u00e1nh m\u1eaft ch\u00fang ta kh\u00f3 r\u1eddi kh\u1ecfi g\u01b0\u01a1ng m\u1eb7t hi\u1ec1n h\u1eadu c\u1ee7a M\u1eb9 Maria. N\u1ee5 c\u01b0\u1eddi d\u1ecbu d\u00e0ng \u1ea5y nh\u01b0 ru \u00eam t\u00e2m h\u1ed3n bao ng\u01b0\u1eddi. Thi\u00ean Ch\u00faa H\u00e0i \u0110\u1ed3ng trong v\u00f2ng tay M\u1eb9, n\u1edf n\u1ee5 c\u01b0\u1eddi h\u1ed3n nhi\u00ean \u0111\u00e1ng y\u00eau. Hai M\u1eb9 Con h\u1ee3p th\u00e0nh m\u1ed9t kh\u1ed1i thi\u00eang li\u00eang l\u00e0m \u1ea5m l\u00f2ng ng\u01b0\u1eddi chi\u00eam ng\u01b0\u1ee1ng.<\/p>\n<p><img decoding=\"async\" class=\"size-full wp-image-16332 aligncenter\" src=\"https:\/\/maison-chance.org\/shop\/wp-content\/uploads\/2023\/11\/OR-23-BDT60x80cm-duc-me-am-chua-con-2t5.png\" alt=\"\u0110\u1ee9c M\u1eb9 \u00f4m Ch\u00faa\" width=\"600\" height=\"600\" \/><\/p>\n<p><span class=\"x1xsqp64 xiy17q3 x1o6pynw x19co3pv xdj266r xcwd3tp xat24cr x39eecv x2b8uid\" data-testid=\"emoji\"><span class=\"xexx8yu xn5pp95 x18d9i69 x2fxd7x x1yqt14a x1bhl96m\">\u2728<\/span><\/span> \u0110i\u1ec1u \u0111\u1eb7c bi\u1ec7t l\u00e0 h\u1ecda s\u0129 B\u00f9i \u0110\u00ecnh To\u1ea3n, l\u1ea1i l\u00e0 ng\u01b0\u1eddi khuy\u1ebft t\u1eadt. Hi\u1ec7n anh \u0111ang s\u1ed1ng v\u00e0 l\u00e0m vi\u1ec7c t\u1ea1i <span class=\"xv78j7m\" spellcheck=\"false\">Nh\u00e0 May M\u1eafn &#8211; Maison Chance<\/span>, n\u01a1i d\u00e0nh cho nh\u1eefng m\u1ea3nh \u0111\u1eddi c\u01a1 nh\u1ee1.<\/p>\n<p><span class=\"x1xsqp64 xiy17q3 x1o6pynw x19co3pv xdj266r xcwd3tp xat24cr x39eecv x2b8uid\" data-testid=\"emoji\"><span class=\"xexx8yu xn5pp95 x18d9i69 x2fxd7x x1yqt14a x1bhl96m\">\u2764<\/span><\/span> R\u1ea5t mong s\u1ebd nh\u1eadn \u0111\u01b0\u1ee3c s\u1ef1 \u1ee7ng h\u1ed9 t\u1eeb qu\u00fd kh\u00e1ch <span class=\"x1xsqp64 xiy17q3 x1o6pynw x19co3pv xdj266r xcwd3tp xat24cr x39eecv x2b8uid\" data-testid=\"emoji\"><span class=\"xexx8yu xn5pp95 x18d9i69 x2fxd7x x1yqt14a x1bhl96m\">\u2764<\/span><\/span><br \/>\n&#8212;&#8212;&#8212;&#8212;&#8212;&#8212;&#8212;&#8212;&#8212;&#8212;&#8212;&#8212;&#8212;&#8212;&#8212;&#8212;&#8212;&#8212;&#8212;&#8212;&#8212;&#8212;&#8211;<br \/>\n<span class=\"x1xsqp64 xiy17q3 x1o6pynw x19co3pv xdj266r xcwd3tp xat24cr x39eecv x2b8uid\" data-testid=\"emoji\"><span class=\"xexx8yu xn5pp95 x18d9i69 x2fxd7x x1yqt14a x1bhl96m\">\u2764<\/span><\/span> M\u1ecdi l\u1ee3i nhu\u1eadn thu v\u1ec1 t\u1eeb vi\u1ec7c b\u00e1n h\u00e0ng s\u1ebd tr\u00edch m\u1ed9t ph\u1ea7n \u0111\u1ec3 ch\u0103m lo cho \u0111\u1eddi s\u1ed1ng c\u00e1c b\u1ea1n khuy\u1ebft t\u1eadt v\u00e0 tr\u1ebb m\u1ed3 c\u00f4i \u1edf \u0111\u00e2y. Ph\u1ea7n c\u00f2n l\u1ea1i s\u1ebd ti\u1ebfp t\u1ee5c duy tr\u00ec ho\u1ea1t \u0111\u1ed9ng c\u1ee7a t\u1ed5 ch\u1ee9c <span class=\"x1xsqp64 xiy17q3 x1o6pynw x19co3pv xdj266r xcwd3tp xat24cr x39eecv x2b8uid\" data-testid=\"emoji\"><span class=\"xexx8yu xn5pp95 x18d9i69 x2fxd7x x1yqt14a x1bhl96m\">\u2764<\/span><\/span><br \/>\n<span class=\"x1xsqp64 xiy17q3 x1o6pynw x19co3pv xdj266r xcwd3tp xat24cr x39eecv x2b8uid\" data-testid=\"emoji\"><span class=\"xexx8yu xn5pp95 x18d9i69 x2fxd7x x1yqt14a x1bhl96m\">\u260e<\/span><\/span> Hotline: 0909 06 2528 ( Zalo<span class=\"x1xsqp64 xiy17q3 x1o6pynw x19co3pv xdj266r xcwd3tp xat24cr x39eecv x2b8uid\" data-testid=\"emoji\"><span class=\"xexx8yu xn5pp95 x18d9i69 x2fxd7x x1yqt14a x1bhl96m\">\ud83d\udc49<\/span><\/span>).<br \/>\n<span class=\"x1xsqp64 xiy17q3 x1o6pynw x19co3pv xdj266r xcwd3tp xat24cr x39eecv x2b8uid\" data-testid=\"emoji\"><span class=\"xexx8yu xn5pp95 x18d9i69 x2fxd7x x1yqt14a x1bhl96m\">\ud83d\udcbb<\/span><\/span> Website: <a href=\"https:\/\/maison-chance.org\/shop\">https:\/\/maison-chance.org\/shop<\/a><\/p>\n","protected":false},"excerpt":{"rendered":"<p>C\u00e1c s\u1ea3n ph\u1ea9m tranh s\u01a1n d\u1ea7u do Nh\u00e0 May M\u1eafn cung c\u1ea5p l\u00e0 nh\u1eefng s\u1ea3n ph\u1ea9m c\u1ee7a c\u00e1c b\u1ea1n khuy\u1ebft t\u1eadt k\u00e9m may m\u1eafn v\u1ebd.<\/p>\n<p>K\u00edch th\u01b0\u1edbc (cm) : 60&#215;80<\/p>\n<p>Th\u1ec3 lo\u1ea1i : Tranh s\u00e1ng t\u00e1c<\/p>\n<p>T\u00e1c gi\u1ea3 : B\u00f9i \u0110\u00ecnh To\u1ea3n<\/p>\n<p style=\"text-align: justify;\">Hotline : <span style=\"color: #ff0000; font-size: 18pt;\"><strong>0909 06 25 28<\/strong><\/span><\/p>\n","protected":false},"featured_media":30544,"template":"","meta":[],"product_brand":[],"product_cat":[144,145],"product_tag":[],"class_list":{"0":"post-30543","1":"product","2":"type-product","3":"status-publish","4":"has-post-thumbnail","6":"product_cat-phong-tranh-son-dau","7":"product_cat-tranh-ton-giao","9":"first","10":"instock","11":"shipping-taxable","12":"product-type-simple"},"yoast_head":"<!-- This site is optimized with the Yoast SEO Premium plugin v22.7 (Yoast SEO v25.3.1) - https:\/\/yoast.com\/wordpress\/plugins\/seo\/ -->\n<title>\u0110\u1ee9c M\u1eb9 \u1eb5m Ch\u00faa - Nh\u00e0 May M\u1eafn - Maison Chance<\/title>\n<meta name=\"robots\" content=\"index, follow, max-snippet:-1, max-image-preview:large, max-video-preview:-1\" \/>\n<link rel=\"canonical\" href=\"https:\/\/maison-chance.org\/shop\/san-pham\/duc-me-am-chua\" \/>\n<meta property=\"og:locale\" content=\"vi_VN\" \/>\n<meta property=\"og:type\" content=\"article\" \/>\n<meta property=\"og:title\" content=\"\u0110\u1ee9c M\u1eb9 \u1eb5m Ch\u00faa\" \/>\n<meta property=\"og:description\" content=\"C\u00e1c s\u1ea3n ph\u1ea9m tranh s\u01a1n d\u1ea7u do Nh\u00e0 May M\u1eafn cung c\u1ea5p l\u00e0 nh\u1eefng s\u1ea3n ph\u1ea9m c\u1ee7a c\u00e1c b\u1ea1n khuy\u1ebft t\u1eadt k\u00e9m may m\u1eafn v\u1ebd.  K\u00edch th\u01b0\u1edbc (cm) : 60x80  Th\u1ec3 lo\u1ea1i : Tranh s\u00e1ng t\u00e1c  T\u00e1c gi\u1ea3 : B\u00f9i \u0110\u00ecnh To\u1ea3n Hotline : 0909 06 25 28\" \/>\n<meta property=\"og:url\" content=\"https:\/\/maison-chance.org\/shop\/san-pham\/duc-me-am-chua\" \/>\n<meta property=\"og:site_name\" content=\"Nh\u00e0 May M\u1eafn - Maison Chance\" \/>\n<meta property=\"article:publisher\" content=\"https:\/\/www.facebook.com\/dnxh.nhamayman\/\" \/>\n<meta property=\"article:modified_time\" content=\"2024-03-08T15:17:45+00:00\" \/>\n<meta property=\"og:image\" content=\"https:\/\/maison-chance.org\/shop\/wp-content\/uploads\/2024\/03\/OR-23-BDT60x80cm-duc-me-am-chua-con-2t5.png\" \/>\n\t<meta property=\"og:image:width\" content=\"600\" \/>\n\t<meta property=\"og:image:height\" content=\"600\" \/>\n\t<meta property=\"og:image:type\" content=\"image\/png\" \/>\n<meta name=\"twitter:card\" content=\"summary_large_image\" \/>\n<meta name=\"twitter:label1\" content=\"Gi\u00e1\" \/>\n\t<meta name=\"twitter:data1\" content=\"\" \/>\n\t<meta name=\"twitter:label2\" content=\"Availability\" \/>\n\t<meta name=\"twitter:data2\" content=\"In stock\" \/>\n<script type=\"application\/ld+json\" class=\"yoast-schema-graph\">{\"@context\":\"https:\/\/schema.org\",\"@graph\":[{\"@type\":\"WebPage\",\"@id\":\"https:\/\/maison-chance.org\/shop\/san-pham\/duc-me-am-chua\",\"url\":\"https:\/\/maison-chance.org\/shop\/san-pham\/duc-me-am-chua\",\"name\":\"\u0110\u1ee9c M\u1eb9 \u1eb5m Ch\u00faa - Nh\u00e0 May M\u1eafn - Maison Chance\",\"isPartOf\":{\"@id\":\"https:\/\/maison-chance.org\/shop\/#website\"},\"primaryImageOfPage\":{\"@id\":\"https:\/\/maison-chance.org\/shop\/san-pham\/duc-me-am-chua#primaryimage\"},\"image\":{\"@id\":\"https:\/\/maison-chance.org\/shop\/san-pham\/duc-me-am-chua#primaryimage\"},\"thumbnailUrl\":\"https:\/\/maison-chance.org\/shop\/wp-content\/uploads\/2024\/03\/OR-23-BDT60x80cm-duc-me-am-chua-con-2t5.png\",\"datePublished\":\"2024-03-08T15:08:26+00:00\",\"dateModified\":\"2024-03-08T15:17:45+00:00\",\"breadcrumb\":{\"@id\":\"https:\/\/maison-chance.org\/shop\/san-pham\/duc-me-am-chua#breadcrumb\"},\"inLanguage\":\"vi-VN\",\"potentialAction\":[{\"@type\":\"ReadAction\",\"target\":[\"https:\/\/maison-chance.org\/shop\/san-pham\/duc-me-am-chua\"]}]},{\"@type\":\"ImageObject\",\"inLanguage\":\"vi-VN\",\"@id\":\"https:\/\/maison-chance.org\/shop\/san-pham\/duc-me-am-chua#primaryimage\",\"url\":\"https:\/\/maison-chance.org\/shop\/wp-content\/uploads\/2024\/03\/OR-23-BDT60x80cm-duc-me-am-chua-con-2t5.png\",\"contentUrl\":\"https:\/\/maison-chance.org\/shop\/wp-content\/uploads\/2024\/03\/OR-23-BDT60x80cm-duc-me-am-chua-con-2t5.png\",\"width\":600,\"height\":600,\"caption\":\"\u0110\u1ee9c M\u1eb9 \u1eb5m Ch\u00faa\"},{\"@type\":\"BreadcrumbList\",\"@id\":\"https:\/\/maison-chance.org\/shop\/san-pham\/duc-me-am-chua#breadcrumb\",\"itemListElement\":[{\"@type\":\"ListItem\",\"position\":1,\"name\":\"Trang ch\u1ee7\",\"item\":\"https:\/\/maison-chance.org\/shop\/\"},{\"@type\":\"ListItem\",\"position\":2,\"name\":\"Shop\",\"item\":\"https:\/\/maison-chance.org\/shop\/shop\"},{\"@type\":\"ListItem\",\"position\":3,\"name\":\"\u0110\u1ee9c M\u1eb9 \u1eb5m Ch\u00faa\"}]},{\"@type\":\"WebSite\",\"@id\":\"https:\/\/maison-chance.org\/shop\/#website\",\"url\":\"https:\/\/maison-chance.org\/shop\/\",\"name\":\"Nh\u00e0 May M\u1eafn - Maison Chance\",\"description\":\"M\u1ecdi l\u1ee3i nhu\u1eadn thu v\u1ec1 t\u1eeb vi\u1ec7c b\u00e1n h\u00e0ng s\u1ebd tr\u00edch m\u1ed9t ph\u1ea7n \u0111\u1ec3 ch\u0103m lo cho \u0111\u1eddi s\u1ed1ng c\u00e1c b\u1ea1n khuy\u1ebft t\u1eadt v\u00e0 tr\u1ebb m\u1ed3 c\u00f4i \u1edf \u0111\u00e2y\",\"publisher\":{\"@id\":\"https:\/\/maison-chance.org\/shop\/#organization\"},\"potentialAction\":[{\"@type\":\"SearchAction\",\"target\":{\"@type\":\"EntryPoint\",\"urlTemplate\":\"https:\/\/maison-chance.org\/shop\/?s={search_term_string}\"},\"query-input\":{\"@type\":\"PropertyValueSpecification\",\"valueRequired\":true,\"valueName\":\"search_term_string\"}}],\"inLanguage\":\"vi-VN\"},{\"@type\":\"Organization\",\"@id\":\"https:\/\/maison-chance.org\/shop\/#organization\",\"name\":\"Nh\u00e0 May M\u1eafn - Maison Chance\",\"url\":\"https:\/\/maison-chance.org\/shop\/\",\"logo\":{\"@type\":\"ImageObject\",\"inLanguage\":\"vi-VN\",\"@id\":\"https:\/\/maison-chance.org\/shop\/#\/schema\/logo\/image\/\",\"url\":\"https:\/\/maison-chance.org\/shop\/wp-content\/uploads\/2024\/03\/cropped-Logo_DNXH.png\",\"contentUrl\":\"https:\/\/maison-chance.org\/shop\/wp-content\/uploads\/2024\/03\/cropped-Logo_DNXH.png\",\"width\":512,\"height\":512,\"caption\":\"Nh\u00e0 May M\u1eafn - Maison Chance\"},\"image\":{\"@id\":\"https:\/\/maison-chance.org\/shop\/#\/schema\/logo\/image\/\"},\"sameAs\":[\"https:\/\/www.facebook.com\/dnxh.nhamayman\/\"]}]}<\/script>\n<meta property=\"product:price:amount\" content=\"0.00\" \/>\n<meta property=\"product:price:currency\" content=\"USD\" \/>\n<meta property=\"og:availability\" content=\"instock\" \/>\n<meta property=\"product:availability\" content=\"instock\" \/>\n<meta property=\"product:condition\" content=\"new\" \/>\n<!-- \/ Yoast SEO Premium plugin. -->","yoast_head_json":{"title":"\u0110\u1ee9c M\u1eb9 \u1eb5m Ch\u00faa - Nh\u00e0 May M\u1eafn - Maison Chance","robots":{"index":"index","follow":"follow","max-snippet":"max-snippet:-1","max-image-preview":"max-image-preview:large","max-video-preview":"max-video-preview:-1"},"canonical":"https:\/\/maison-chance.org\/shop\/san-pham\/duc-me-am-chua","og_locale":"vi_VN","og_type":"article","og_title":"\u0110\u1ee9c M\u1eb9 \u1eb5m Ch\u00faa","og_description":"C\u00e1c s\u1ea3n ph\u1ea9m tranh s\u01a1n d\u1ea7u do Nh\u00e0 May M\u1eafn cung c\u1ea5p l\u00e0 nh\u1eefng s\u1ea3n ph\u1ea9m c\u1ee7a c\u00e1c b\u1ea1n khuy\u1ebft t\u1eadt k\u00e9m may m\u1eafn v\u1ebd.  K\u00edch th\u01b0\u1edbc (cm) : 60x80  Th\u1ec3 lo\u1ea1i : Tranh s\u00e1ng t\u00e1c  T\u00e1c gi\u1ea3 : B\u00f9i \u0110\u00ecnh To\u1ea3n Hotline : 0909 06 25 28","og_url":"https:\/\/maison-chance.org\/shop\/san-pham\/duc-me-am-chua","og_site_name":"Nh\u00e0 May M\u1eafn - Maison Chance","article_publisher":"https:\/\/www.facebook.com\/dnxh.nhamayman\/","article_modified_time":"2024-03-08T15:17:45+00:00","og_image":[{"width":600,"height":600,"url":"https:\/\/maison-chance.org\/shop\/wp-content\/uploads\/2024\/03\/OR-23-BDT60x80cm-duc-me-am-chua-con-2t5.png","type":"image\/png"}],"twitter_card":"summary_large_image","twitter_misc":{"Gi\u00e1":"","Availability":"In stock"},"schema":{"@context":"https:\/\/schema.org","@graph":[{"@type":"WebPage","@id":"https:\/\/maison-chance.org\/shop\/san-pham\/duc-me-am-chua","url":"https:\/\/maison-chance.org\/shop\/san-pham\/duc-me-am-chua","name":"\u0110\u1ee9c M\u1eb9 \u1eb5m Ch\u00faa - Nh\u00e0 May M\u1eafn - Maison Chance","isPartOf":{"@id":"https:\/\/maison-chance.org\/shop\/#website"},"primaryImageOfPage":{"@id":"https:\/\/maison-chance.org\/shop\/san-pham\/duc-me-am-chua#primaryimage"},"image":{"@id":"https:\/\/maison-chance.org\/shop\/san-pham\/duc-me-am-chua#primaryimage"},"thumbnailUrl":"https:\/\/maison-chance.org\/shop\/wp-content\/uploads\/2024\/03\/OR-23-BDT60x80cm-duc-me-am-chua-con-2t5.png","datePublished":"2024-03-08T15:08:26+00:00","dateModified":"2024-03-08T15:17:45+00:00","breadcrumb":{"@id":"https:\/\/maison-chance.org\/shop\/san-pham\/duc-me-am-chua#breadcrumb"},"inLanguage":"vi-VN","potentialAction":[{"@type":"ReadAction","target":["https:\/\/maison-chance.org\/shop\/san-pham\/duc-me-am-chua"]}]},{"@type":"ImageObject","inLanguage":"vi-VN","@id":"https:\/\/maison-chance.org\/shop\/san-pham\/duc-me-am-chua#primaryimage","url":"https:\/\/maison-chance.org\/shop\/wp-content\/uploads\/2024\/03\/OR-23-BDT60x80cm-duc-me-am-chua-con-2t5.png","contentUrl":"https:\/\/maison-chance.org\/shop\/wp-content\/uploads\/2024\/03\/OR-23-BDT60x80cm-duc-me-am-chua-con-2t5.png","width":600,"height":600,"caption":"\u0110\u1ee9c M\u1eb9 \u1eb5m Ch\u00faa"},{"@type":"BreadcrumbList","@id":"https:\/\/maison-chance.org\/shop\/san-pham\/duc-me-am-chua#breadcrumb","itemListElement":[{"@type":"ListItem","position":1,"name":"Trang ch\u1ee7","item":"https:\/\/maison-chance.org\/shop\/"},{"@type":"ListItem","position":2,"name":"Shop","item":"https:\/\/maison-chance.org\/shop\/shop"},{"@type":"ListItem","position":3,"name":"\u0110\u1ee9c M\u1eb9 \u1eb5m Ch\u00faa"}]},{"@type":"WebSite","@id":"https:\/\/maison-chance.org\/shop\/#website","url":"https:\/\/maison-chance.org\/shop\/","name":"Nh\u00e0 May M\u1eafn - Maison Chance","description":"M\u1ecdi l\u1ee3i nhu\u1eadn thu v\u1ec1 t\u1eeb vi\u1ec7c b\u00e1n h\u00e0ng s\u1ebd tr\u00edch m\u1ed9t ph\u1ea7n \u0111\u1ec3 ch\u0103m lo cho \u0111\u1eddi s\u1ed1ng c\u00e1c b\u1ea1n khuy\u1ebft t\u1eadt v\u00e0 tr\u1ebb m\u1ed3 c\u00f4i \u1edf \u0111\u00e2y","publisher":{"@id":"https:\/\/maison-chance.org\/shop\/#organization"},"potentialAction":[{"@type":"SearchAction","target":{"@type":"EntryPoint","urlTemplate":"https:\/\/maison-chance.org\/shop\/?s={search_term_string}"},"query-input":{"@type":"PropertyValueSpecification","valueRequired":true,"valueName":"search_term_string"}}],"inLanguage":"vi-VN"},{"@type":"Organization","@id":"https:\/\/maison-chance.org\/shop\/#organization","name":"Nh\u00e0 May M\u1eafn - Maison Chance","url":"https:\/\/maison-chance.org\/shop\/","logo":{"@type":"ImageObject","inLanguage":"vi-VN","@id":"https:\/\/maison-chance.org\/shop\/#\/schema\/logo\/image\/","url":"https:\/\/maison-chance.org\/shop\/wp-content\/uploads\/2024\/03\/cropped-Logo_DNXH.png","contentUrl":"https:\/\/maison-chance.org\/shop\/wp-content\/uploads\/2024\/03\/cropped-Logo_DNXH.png","width":512,"height":512,"caption":"Nh\u00e0 May M\u1eafn - Maison Chance"},"image":{"@id":"https:\/\/maison-chance.org\/shop\/#\/schema\/logo\/image\/"},"sameAs":["https:\/\/www.facebook.com\/dnxh.nhamayman\/"]}]},"product_price_amount":"0.00","product_price_currency":"USD","og_availability":"instock","product_availability":"instock","product_condition":"new"},"_links":{"self":[{"href":"https:\/\/maison-chance.org\/shop\/wp-json\/wp\/v2\/product\/30543","targetHints":{"allow":["GET"]}}],"collection":[{"href":"https:\/\/maison-chance.org\/shop\/wp-json\/wp\/v2\/product"}],"about":[{"href":"https:\/\/maison-chance.org\/shop\/wp-json\/wp\/v2\/types\/product"}],"wp:featuredmedia":[{"embeddable":true,"href":"https:\/\/maison-chance.org\/shop\/wp-json\/wp\/v2\/media\/30544"}],"wp:attachment":[{"href":"https:\/\/maison-chance.org\/shop\/wp-json\/wp\/v2\/media?parent=30543"}],"wp:term":[{"taxonomy":"product_brand","embeddable":true,"href":"https:\/\/maison-chance.org\/shop\/wp-json\/wp\/v2\/product_brand?post=30543"},{"taxonomy":"product_cat","embeddable":true,"href":"https:\/\/maison-chance.org\/shop\/wp-json\/wp\/v2\/product_cat?post=30543"},{"taxonomy":"product_tag","embeddable":true,"href":"https:\/\/maison-chance.org\/shop\/wp-json\/wp\/v2\/product_tag?post=30543"}],"curies":[{"name":"wp","href":"https:\/\/api.w.org\/{rel}","templated":true}]}}