{"id":30568,"date":"2024-03-08T23:10:21","date_gmt":"2024-03-08T16:10:21","guid":{"rendered":"https:\/\/maison-chance.org\/shop\/?post_type=product&#038;p=30568"},"modified":"2024-03-08T23:10:22","modified_gmt":"2024-03-08T16:10:22","slug":"banh-red-velvet","status":"publish","type":"product","link":"https:\/\/maison-chance.org\/shop\/san-pham\/banh-red-velvet","title":{"rendered":"B\u00e1nh Red Velvet"},"content":{"rendered":"<p>B\u00e1nh Red Velvet l\u00e0 m\u1ed9t lo\u1ea1i b\u00e1nh ng\u1ecdt \u0111\u1eb7c tr\u01b0ng v\u1edbi m\u00e0u \u0111\u1ecf r\u1ef1c r\u1ee1 c\u1ee7a c\u1ed1t b\u00e1nh v\u00e0 l\u1edbp kem tr\u1eafng m\u1ecbn b\u00ean ngo\u00e0i. B\u00e1nh c\u00f3 ngu\u1ed3n g\u1ed1c t\u1eeb n\u01b0\u1edbc M\u1ef9 v\u00e0 \u0111\u01b0\u1ee3c y\u00eau th\u00edch b\u1edfi h\u01b0\u01a1ng v\u1ecb cacao th\u01a1m n\u1ed3ng k\u1ebft h\u1ee3p h\u00e0i h\u00f2a v\u1edbi ph\u1ea7n cream cheese chua chua, b\u00e9o ng\u1eady.<\/p>\n<p><img decoding=\"async\" class=\"wp-image-15472 size-full aligncenter\" src=\"https:\/\/maison-chance.org\/shop\/wp-content\/uploads\/2023\/06\/banh-Red-Velvet.jpg\" alt=\"B\u00e1nh Red Velvet\" width=\"600\" height=\"600\" \/><\/p>\n<p>C\u00f4ng th\u1ee9c l\u00e0m b\u00e1nh truy\u1ec1n th\u1ed1ng kh\u00f4ng c\u00f3 ch\u1ea5t t\u1ea1o m\u00e0u, m\u00e0u \u0111\u1ecf ban \u0111\u1ea7u c\u00f3 \u0111\u01b0\u1ee3c t\u1eeb lo\u1ea1i ca cao kh\u00f4ng ch\u1ebf bi\u1ebfn theo ki\u1ec3u H\u00e0 Lan, gi\u00e0u anthocyanin.<\/p>\n<p>B\u00e1nh Red Velvet c\u00f2n \u0111\u01b0\u1ee3c g\u1ecdi l\u00e0 b\u00e1nh nhung \u0111\u1ecf v\u00e0 xu\u1ea5t hi\u1ec7n l\u1ea7n \u0111\u1ea7u v\u00e0o th\u1eddi Victoria Anh. V\u00e0o nh\u1eefng n\u0103m 1800, c\u00e1c ngh\u1ec7 nh\u00e2n th\u01b0\u1eddng s\u1eed d\u1ee5ng b\u1ed9t cacao \u0111\u1ec3 l\u00e0m b\u00e1nh cho t\u1ea7ng l\u1edbp qu\u00fd t\u1ed9c v\u00e0 h\u1ecd \u0111\u1eb7t t\u00ean cho nh\u1eefng chi\u1ebfc b\u00e1nh n\u00e0y l\u00e0 \u201cVelvet\u201d.<\/p>\n<p>B\u00e1nh Red Velvet l\u00e0 m\u00f3n qu\u00e0 tuy\u1ec7t v\u1eddi cho nh\u1eefng d\u1ecbp \u0111\u1eb7c bi\u1ec7t nh\u01b0 sinh nh\u1eadt, ng\u00e0y l\u1ec5 t\u00ecnh nh\u00e2n hay ti\u1ec7c c\u01b0\u1edbi. V\u1edbi v\u1ebb ngo\u00e0i quy\u1ebfn r\u0169 v\u00e0 h\u01b0\u01a1ng v\u1ecb ngon mi\u1ec7ng, b\u00e1nh Red Velvet ch\u1eafc ch\u1eafn s\u1ebd l\u00e0m h\u00e0i l\u00f2ng m\u1ecdi ng\u01b0\u1eddi.<\/p>\n","protected":false},"excerpt":{"rendered":"<p style=\"text-align: justify;\">S\u1ea3n ph\u1ea9m b\u00e1nh ng\u1ecdt \u0111\u01b0\u1ee3c l\u00e0m t\u1eeb c\u00e1c b\u1ea1n tr\u1ebb m\u1ed3 c\u00f4i hi\u1ec7n \u0111ang \u0111\u01b0\u1ee3c Nh\u00e0 May M\u1eafn &#8211; Maison Chance nu\u00f4i d\u01b0\u1ee1ng. K\u00ednh mong nh\u1eadn \u0111\u01b0\u1ee3c s\u1ef1 \u1ee7ng h\u1ed9 c\u1ee7a Qu\u00fd kh\u00e1ch!<\/p>\n<p>Hotline : <span style=\"font-size: 20px;\"><strong><span style=\"color: #ff0000;\">090 906 2528<\/span><\/strong><\/span><\/p>\n","protected":false},"featured_media":30573,"template":"","meta":[],"product_brand":[],"product_cat":[151,150],"product_tag":[],"class_list":{"0":"post-30568","1":"product","2":"type-product","3":"status-publish","4":"has-post-thumbnail","6":"product_cat-banh-kem","7":"product_cat-phong-banh","9":"first","10":"instock","11":"shipping-taxable","12":"purchasable","13":"product-type-simple"},"yoast_head":"<!-- This site is optimized with the Yoast SEO Premium plugin v22.7 (Yoast SEO v25.3.1) - https:\/\/yoast.com\/wordpress\/plugins\/seo\/ -->\n<title>B\u00e1nh Red Velvet - Nh\u00e0 May M\u1eafn - Maison Chance<\/title>\n<meta name=\"robots\" content=\"index, follow, max-snippet:-1, max-image-preview:large, max-video-preview:-1\" \/>\n<link rel=\"canonical\" href=\"https:\/\/maison-chance.org\/shop\/san-pham\/banh-red-velvet\" \/>\n<meta property=\"og:locale\" content=\"vi_VN\" \/>\n<meta property=\"og:type\" content=\"article\" \/>\n<meta property=\"og:title\" content=\"B\u00e1nh Red Velvet\" \/>\n<meta property=\"og:description\" content=\"S\u1ea3n ph\u1ea9m b\u00e1nh ng\u1ecdt \u0111\u01b0\u1ee3c l\u00e0m t\u1eeb c\u00e1c b\u1ea1n tr\u1ebb m\u1ed3 c\u00f4i hi\u1ec7n \u0111ang \u0111\u01b0\u1ee3c Nh\u00e0 May M\u1eafn - Maison Chance nu\u00f4i d\u01b0\u1ee1ng. K\u00ednh mong nh\u1eadn \u0111\u01b0\u1ee3c s\u1ef1 \u1ee7ng h\u1ed9 c\u1ee7a Qu\u00fd kh\u00e1ch! Hotline : 090 906 2528\" \/>\n<meta property=\"og:url\" content=\"https:\/\/maison-chance.org\/shop\/san-pham\/banh-red-velvet\" \/>\n<meta property=\"og:site_name\" content=\"Nh\u00e0 May M\u1eafn - Maison Chance\" \/>\n<meta property=\"article:publisher\" content=\"https:\/\/www.facebook.com\/dnxh.nhamayman\/\" \/>\n<meta property=\"article:modified_time\" content=\"2024-03-08T16:10:22+00:00\" \/>\n<meta property=\"og:image\" content=\"https:\/\/maison-chance.org\/shop\/wp-content\/uploads\/2024\/03\/banh-Red-Velvet-1.jpg\" \/>\n\t<meta property=\"og:image:width\" content=\"600\" \/>\n\t<meta property=\"og:image:height\" content=\"600\" \/>\n\t<meta property=\"og:image:type\" content=\"image\/jpeg\" \/>\n<meta name=\"twitter:card\" content=\"summary_large_image\" \/>\n<meta name=\"twitter:label1\" content=\"Gi\u00e1\" \/>\n\t<meta name=\"twitter:data1\" content=\"18.00&nbsp;&#036;\" \/>\n\t<meta name=\"twitter:label2\" content=\"Availability\" \/>\n\t<meta name=\"twitter:data2\" content=\"In stock\" \/>\n<script type=\"application\/ld+json\" class=\"yoast-schema-graph\">{\"@context\":\"https:\/\/schema.org\",\"@graph\":[{\"@type\":\"WebPage\",\"@id\":\"https:\/\/maison-chance.org\/shop\/san-pham\/banh-red-velvet\",\"url\":\"https:\/\/maison-chance.org\/shop\/san-pham\/banh-red-velvet\",\"name\":\"B\u00e1nh Red Velvet - Nh\u00e0 May M\u1eafn - Maison Chance\",\"isPartOf\":{\"@id\":\"https:\/\/maison-chance.org\/shop\/#website\"},\"primaryImageOfPage\":{\"@id\":\"https:\/\/maison-chance.org\/shop\/san-pham\/banh-red-velvet#primaryimage\"},\"image\":{\"@id\":\"https:\/\/maison-chance.org\/shop\/san-pham\/banh-red-velvet#primaryimage\"},\"thumbnailUrl\":\"https:\/\/maison-chance.org\/shop\/wp-content\/uploads\/2024\/03\/banh-Red-Velvet-1.jpg\",\"datePublished\":\"2024-03-08T16:10:21+00:00\",\"dateModified\":\"2024-03-08T16:10:22+00:00\",\"breadcrumb\":{\"@id\":\"https:\/\/maison-chance.org\/shop\/san-pham\/banh-red-velvet#breadcrumb\"},\"inLanguage\":\"vi-VN\",\"potentialAction\":[{\"@type\":\"ReadAction\",\"target\":[\"https:\/\/maison-chance.org\/shop\/san-pham\/banh-red-velvet\"]}]},{\"@type\":\"ImageObject\",\"inLanguage\":\"vi-VN\",\"@id\":\"https:\/\/maison-chance.org\/shop\/san-pham\/banh-red-velvet#primaryimage\",\"url\":\"https:\/\/maison-chance.org\/shop\/wp-content\/uploads\/2024\/03\/banh-Red-Velvet-1.jpg\",\"contentUrl\":\"https:\/\/maison-chance.org\/shop\/wp-content\/uploads\/2024\/03\/banh-Red-Velvet-1.jpg\",\"width\":600,\"height\":600,\"caption\":\"B\u00e1nh Red Velvet\"},{\"@type\":\"BreadcrumbList\",\"@id\":\"https:\/\/maison-chance.org\/shop\/san-pham\/banh-red-velvet#breadcrumb\",\"itemListElement\":[{\"@type\":\"ListItem\",\"position\":1,\"name\":\"Trang ch\u1ee7\",\"item\":\"https:\/\/maison-chance.org\/shop\/\"},{\"@type\":\"ListItem\",\"position\":2,\"name\":\"Shop\",\"item\":\"https:\/\/maison-chance.org\/shop\/shop\"},{\"@type\":\"ListItem\",\"position\":3,\"name\":\"B\u00e1nh Red Velvet\"}]},{\"@type\":\"WebSite\",\"@id\":\"https:\/\/maison-chance.org\/shop\/#website\",\"url\":\"https:\/\/maison-chance.org\/shop\/\",\"name\":\"Nh\u00e0 May M\u1eafn - Maison Chance\",\"description\":\"M\u1ecdi l\u1ee3i nhu\u1eadn thu v\u1ec1 t\u1eeb vi\u1ec7c b\u00e1n h\u00e0ng s\u1ebd tr\u00edch m\u1ed9t ph\u1ea7n \u0111\u1ec3 ch\u0103m lo cho \u0111\u1eddi s\u1ed1ng c\u00e1c b\u1ea1n khuy\u1ebft t\u1eadt v\u00e0 tr\u1ebb m\u1ed3 c\u00f4i \u1edf \u0111\u00e2y\",\"publisher\":{\"@id\":\"https:\/\/maison-chance.org\/shop\/#organization\"},\"potentialAction\":[{\"@type\":\"SearchAction\",\"target\":{\"@type\":\"EntryPoint\",\"urlTemplate\":\"https:\/\/maison-chance.org\/shop\/?s={search_term_string}\"},\"query-input\":{\"@type\":\"PropertyValueSpecification\",\"valueRequired\":true,\"valueName\":\"search_term_string\"}}],\"inLanguage\":\"vi-VN\"},{\"@type\":\"Organization\",\"@id\":\"https:\/\/maison-chance.org\/shop\/#organization\",\"name\":\"Nh\u00e0 May M\u1eafn - Maison Chance\",\"url\":\"https:\/\/maison-chance.org\/shop\/\",\"logo\":{\"@type\":\"ImageObject\",\"inLanguage\":\"vi-VN\",\"@id\":\"https:\/\/maison-chance.org\/shop\/#\/schema\/logo\/image\/\",\"url\":\"https:\/\/maison-chance.org\/shop\/wp-content\/uploads\/2024\/03\/cropped-Logo_DNXH.png\",\"contentUrl\":\"https:\/\/maison-chance.org\/shop\/wp-content\/uploads\/2024\/03\/cropped-Logo_DNXH.png\",\"width\":512,\"height\":512,\"caption\":\"Nh\u00e0 May M\u1eafn - Maison Chance\"},\"image\":{\"@id\":\"https:\/\/maison-chance.org\/shop\/#\/schema\/logo\/image\/\"},\"sameAs\":[\"https:\/\/www.facebook.com\/dnxh.nhamayman\/\"]}]}<\/script>\n<meta property=\"product:price:amount\" content=\"18.00\" \/>\n<meta property=\"product:price:currency\" content=\"USD\" \/>\n<meta property=\"og:availability\" content=\"instock\" \/>\n<meta property=\"product:availability\" content=\"instock\" \/>\n<meta property=\"product:condition\" content=\"new\" \/>\n<!-- \/ Yoast SEO Premium plugin. -->","yoast_head_json":{"title":"B\u00e1nh Red Velvet - Nh\u00e0 May M\u1eafn - Maison Chance","robots":{"index":"index","follow":"follow","max-snippet":"max-snippet:-1","max-image-preview":"max-image-preview:large","max-video-preview":"max-video-preview:-1"},"canonical":"https:\/\/maison-chance.org\/shop\/san-pham\/banh-red-velvet","og_locale":"vi_VN","og_type":"article","og_title":"B\u00e1nh Red Velvet","og_description":"S\u1ea3n ph\u1ea9m b\u00e1nh ng\u1ecdt \u0111\u01b0\u1ee3c l\u00e0m t\u1eeb c\u00e1c b\u1ea1n tr\u1ebb m\u1ed3 c\u00f4i hi\u1ec7n \u0111ang \u0111\u01b0\u1ee3c Nh\u00e0 May M\u1eafn - Maison Chance nu\u00f4i d\u01b0\u1ee1ng. K\u00ednh mong nh\u1eadn \u0111\u01b0\u1ee3c s\u1ef1 \u1ee7ng h\u1ed9 c\u1ee7a Qu\u00fd kh\u00e1ch! Hotline : 090 906 2528","og_url":"https:\/\/maison-chance.org\/shop\/san-pham\/banh-red-velvet","og_site_name":"Nh\u00e0 May M\u1eafn - Maison Chance","article_publisher":"https:\/\/www.facebook.com\/dnxh.nhamayman\/","article_modified_time":"2024-03-08T16:10:22+00:00","og_image":[{"width":600,"height":600,"url":"https:\/\/maison-chance.org\/shop\/wp-content\/uploads\/2024\/03\/banh-Red-Velvet-1.jpg","type":"image\/jpeg"}],"twitter_card":"summary_large_image","twitter_misc":{"Gi\u00e1":"18.00&nbsp;&#36;","Availability":"In stock"},"schema":{"@context":"https:\/\/schema.org","@graph":[{"@type":"WebPage","@id":"https:\/\/maison-chance.org\/shop\/san-pham\/banh-red-velvet","url":"https:\/\/maison-chance.org\/shop\/san-pham\/banh-red-velvet","name":"B\u00e1nh Red Velvet - Nh\u00e0 May M\u1eafn - Maison Chance","isPartOf":{"@id":"https:\/\/maison-chance.org\/shop\/#website"},"primaryImageOfPage":{"@id":"https:\/\/maison-chance.org\/shop\/san-pham\/banh-red-velvet#primaryimage"},"image":{"@id":"https:\/\/maison-chance.org\/shop\/san-pham\/banh-red-velvet#primaryimage"},"thumbnailUrl":"https:\/\/maison-chance.org\/shop\/wp-content\/uploads\/2024\/03\/banh-Red-Velvet-1.jpg","datePublished":"2024-03-08T16:10:21+00:00","dateModified":"2024-03-08T16:10:22+00:00","breadcrumb":{"@id":"https:\/\/maison-chance.org\/shop\/san-pham\/banh-red-velvet#breadcrumb"},"inLanguage":"vi-VN","potentialAction":[{"@type":"ReadAction","target":["https:\/\/maison-chance.org\/shop\/san-pham\/banh-red-velvet"]}]},{"@type":"ImageObject","inLanguage":"vi-VN","@id":"https:\/\/maison-chance.org\/shop\/san-pham\/banh-red-velvet#primaryimage","url":"https:\/\/maison-chance.org\/shop\/wp-content\/uploads\/2024\/03\/banh-Red-Velvet-1.jpg","contentUrl":"https:\/\/maison-chance.org\/shop\/wp-content\/uploads\/2024\/03\/banh-Red-Velvet-1.jpg","width":600,"height":600,"caption":"B\u00e1nh Red Velvet"},{"@type":"BreadcrumbList","@id":"https:\/\/maison-chance.org\/shop\/san-pham\/banh-red-velvet#breadcrumb","itemListElement":[{"@type":"ListItem","position":1,"name":"Trang ch\u1ee7","item":"https:\/\/maison-chance.org\/shop\/"},{"@type":"ListItem","position":2,"name":"Shop","item":"https:\/\/maison-chance.org\/shop\/shop"},{"@type":"ListItem","position":3,"name":"B\u00e1nh Red Velvet"}]},{"@type":"WebSite","@id":"https:\/\/maison-chance.org\/shop\/#website","url":"https:\/\/maison-chance.org\/shop\/","name":"Nh\u00e0 May M\u1eafn - Maison Chance","description":"M\u1ecdi l\u1ee3i nhu\u1eadn thu v\u1ec1 t\u1eeb vi\u1ec7c b\u00e1n h\u00e0ng s\u1ebd tr\u00edch m\u1ed9t ph\u1ea7n \u0111\u1ec3 ch\u0103m lo cho \u0111\u1eddi s\u1ed1ng c\u00e1c b\u1ea1n khuy\u1ebft t\u1eadt v\u00e0 tr\u1ebb m\u1ed3 c\u00f4i \u1edf \u0111\u00e2y","publisher":{"@id":"https:\/\/maison-chance.org\/shop\/#organization"},"potentialAction":[{"@type":"SearchAction","target":{"@type":"EntryPoint","urlTemplate":"https:\/\/maison-chance.org\/shop\/?s={search_term_string}"},"query-input":{"@type":"PropertyValueSpecification","valueRequired":true,"valueName":"search_term_string"}}],"inLanguage":"vi-VN"},{"@type":"Organization","@id":"https:\/\/maison-chance.org\/shop\/#organization","name":"Nh\u00e0 May M\u1eafn - Maison Chance","url":"https:\/\/maison-chance.org\/shop\/","logo":{"@type":"ImageObject","inLanguage":"vi-VN","@id":"https:\/\/maison-chance.org\/shop\/#\/schema\/logo\/image\/","url":"https:\/\/maison-chance.org\/shop\/wp-content\/uploads\/2024\/03\/cropped-Logo_DNXH.png","contentUrl":"https:\/\/maison-chance.org\/shop\/wp-content\/uploads\/2024\/03\/cropped-Logo_DNXH.png","width":512,"height":512,"caption":"Nh\u00e0 May M\u1eafn - Maison Chance"},"image":{"@id":"https:\/\/maison-chance.org\/shop\/#\/schema\/logo\/image\/"},"sameAs":["https:\/\/www.facebook.com\/dnxh.nhamayman\/"]}]},"product_price_amount":"18.00","product_price_currency":"USD","og_availability":"instock","product_availability":"instock","product_condition":"new"},"_links":{"self":[{"href":"https:\/\/maison-chance.org\/shop\/wp-json\/wp\/v2\/product\/30568","targetHints":{"allow":["GET"]}}],"collection":[{"href":"https:\/\/maison-chance.org\/shop\/wp-json\/wp\/v2\/product"}],"about":[{"href":"https:\/\/maison-chance.org\/shop\/wp-json\/wp\/v2\/types\/product"}],"wp:featuredmedia":[{"embeddable":true,"href":"https:\/\/maison-chance.org\/shop\/wp-json\/wp\/v2\/media\/30573"}],"wp:attachment":[{"href":"https:\/\/maison-chance.org\/shop\/wp-json\/wp\/v2\/media?parent=30568"}],"wp:term":[{"taxonomy":"product_brand","embeddable":true,"href":"https:\/\/maison-chance.org\/shop\/wp-json\/wp\/v2\/product_brand?post=30568"},{"taxonomy":"product_cat","embeddable":true,"href":"https:\/\/maison-chance.org\/shop\/wp-json\/wp\/v2\/product_cat?post=30568"},{"taxonomy":"product_tag","embeddable":true,"href":"https:\/\/maison-chance.org\/shop\/wp-json\/wp\/v2\/product_tag?post=30568"}],"curies":[{"name":"wp","href":"https:\/\/api.w.org\/{rel}","templated":true}]}}