{"id":30607,"date":"2024-03-08T23:46:01","date_gmt":"2024-03-08T16:46:01","guid":{"rendered":"https:\/\/maison-chance.org\/shop\/?post_type=product&#038;p=30607"},"modified":"2024-03-08T23:46:01","modified_gmt":"2024-03-08T16:46:01","slug":"banh-trung-thu-thap-cam","status":"publish","type":"product","link":"https:\/\/maison-chance.org\/shop\/san-pham\/banh-trung-thu-thap-cam","title":{"rendered":"B\u00e1nh trung thu th\u1eadp c\u1ea9m"},"content":{"rendered":"<div class=\"l7ghb35v kjdc1dyq kmwttqpk gh25dzvf jikcssrz n3t5jt4f\">\n<div dir=\"auto\" style=\"text-align: center;\">H\u1ed9p B\u00e1nh Trung Thu M\u00f9a Tr\u0103ng Tr\u00f2n:<\/div>\n<div dir=\"auto\" style=\"text-align: center;\">\n<p><img decoding=\"async\" class=\"aligncenter wp-image-14510 size-full\" src=\"https:\/\/maison-chance.org\/shop\/wp-content\/uploads\/2022\/09\/hop-banh-trung-thu-2022-1.png\" alt=\"B\u00e1nh trung thu Nh\u00e0 May M\u1eafn\" width=\"1834\" height=\"1048\" \/><\/p>\n<\/div>\n<div dir=\"auto\" style=\"text-align: center;\">Gi\u00e1 b\u00e1n combo: \ud835\udfef\ud835\udff4\ud835\udff1,\ud835\udfec\ud835\udfec\ud835\udfec VN\u0110\/H\u1ed9p (1 b\u00e1nh nh\u00e2n th\u1eadp c\u1ea9m v\u00e0 3 b\u00e1nh nh\u00e2n ng\u1ecdt tu\u1ef3 ch\u1ecdn)<\/div>\n<\/div>\n<p>&nbsp;<\/p>\n","protected":false},"excerpt":{"rendered":"<p style=\"text-align: justify;\">&#8211; V\u1ecf b\u00e1nh truy\u1ec1n th\u1ed1ng<br \/>\n&#8211; Nh\u00e2n tr\u1ee9ng mu\u1ed1i, l\u1ea1p th\u1ecbt, l\u1ea1p x\u01b0\u1edfng, tr\u1ea7n b\u00ec, ch\u00e0 b\u00f4ng<\/p>\n<p>&nbsp;<\/p>\n<p style=\"text-align: justify;\">\ud83d\udcab T\u1ea5t c\u1ea3 l\u1ee3i nhu\u1eadn thu \u0111\u01b0\u1ee3c t\u1eeb vi\u1ec7c b\u00e1n h\u00e0ng, m\u1ed9t ph\u1ea7n s\u1ebd ch\u0103m lo l\u1ea1i cho \u0111\u1eddi s\u1ed1ng c\u00e1c anh ch\u1ecb khuy\u1ebft t\u1eadt t\u1ea1i \u0111\u00e2y, ph\u1ea7n c\u00f2n l\u1ea1i s\u1ebd ti\u1ebfp t\u1ee5c v\u1eadn h\u00e0nh v\u00e0 chi tr\u1ea3 c\u00e1c chi ph\u00ed kh\u00e1c \ud83d\udcab<br \/>\n\u2728 K\u00ednh mong Qu\u00fd kh\u00e1ch h\u00e0ng \u1ee7ng h\u1ed9 s\u1ea3n ph\u1ea9m c\u1ee7a c\u00e1c b\u1ea1n tr\u1ebb m\u1ed3 c\u00f4i \u0111ang sinh s\u1ed1ng v\u00e0 l\u00e0m vi\u1ec7c t\u1ea1i Nh\u00e0 May M\u1eafn ch\u00fang em! \u2728<\/p>\n<p>&nbsp;<\/p>\n<p style=\"text-align: justify;\">Hotline : <span style=\"font-size: 20px;\"><strong><span style=\"color: #ff0000;\">090 906 2528<\/span><\/strong><\/span><\/p>\n<p>&nbsp;<\/p>\n","protected":false},"featured_media":30608,"template":"","meta":[],"product_brand":[],"product_cat":[155,150],"product_tag":[],"class_list":{"0":"post-30607","1":"product","2":"type-product","3":"status-publish","4":"has-post-thumbnail","6":"product_cat-banh-trung-thu","7":"product_cat-phong-banh","9":"first","10":"instock","11":"shipping-taxable","12":"product-type-simple"},"yoast_head":"<!-- This site is optimized with the Yoast SEO Premium plugin v22.7 (Yoast SEO v25.3.1) - https:\/\/yoast.com\/wordpress\/plugins\/seo\/ -->\n<title>B\u00e1nh trung thu th\u1eadp c\u1ea9m - Nh\u00e0 May M\u1eafn - Maison Chance<\/title>\n<meta name=\"robots\" content=\"index, follow, max-snippet:-1, max-image-preview:large, max-video-preview:-1\" \/>\n<link rel=\"canonical\" href=\"https:\/\/maison-chance.org\/shop\/san-pham\/banh-trung-thu-thap-cam\" \/>\n<meta property=\"og:locale\" content=\"vi_VN\" \/>\n<meta property=\"og:type\" content=\"article\" \/>\n<meta property=\"og:title\" content=\"B\u00e1nh trung thu th\u1eadp c\u1ea9m\" \/>\n<meta property=\"og:description\" content=\"- V\u1ecf b\u00e1nh truy\u1ec1n th\u1ed1ng - Nh\u00e2n tr\u1ee9ng mu\u1ed1i, l\u1ea1p th\u1ecbt, l\u1ea1p x\u01b0\u1edfng, tr\u1ea7n b\u00ec, ch\u00e0 b\u00f4ng &nbsp; \ud83d\udcab T\u1ea5t c\u1ea3 l\u1ee3i nhu\u1eadn thu \u0111\u01b0\u1ee3c t\u1eeb vi\u1ec7c b\u00e1n h\u00e0ng, m\u1ed9t ph\u1ea7n s\u1ebd ch\u0103m lo l\u1ea1i cho \u0111\u1eddi s\u1ed1ng c\u00e1c anh ch\u1ecb khuy\u1ebft t\u1eadt t\u1ea1i \u0111\u00e2y, ph\u1ea7n c\u00f2n l\u1ea1i s\u1ebd ti\u1ebfp t\u1ee5c v\u1eadn h\u00e0nh v\u00e0 chi tr\u1ea3 c\u00e1c chi ph\u00ed kh\u00e1c \ud83d\udcab \u2728 K\u00ednh mong Qu\u00fd kh\u00e1ch h\u00e0ng \u1ee7ng h\u1ed9 s\u1ea3n ph\u1ea9m c\u1ee7a c\u00e1c b\u1ea1n tr\u1ebb m\u1ed3 c\u00f4i \u0111ang sinh s\u1ed1ng v\u00e0 l\u00e0m vi\u1ec7c t\u1ea1i Nh\u00e0 May M\u1eafn ch\u00fang em! \u2728 &nbsp; Hotline : 090 906 2528 &nbsp;\" \/>\n<meta property=\"og:url\" content=\"https:\/\/maison-chance.org\/shop\/san-pham\/banh-trung-thu-thap-cam\" \/>\n<meta property=\"og:site_name\" content=\"Nh\u00e0 May M\u1eafn - Maison Chance\" \/>\n<meta property=\"article:publisher\" content=\"https:\/\/www.facebook.com\/dnxh.nhamayman\/\" \/>\n<meta property=\"og:image\" content=\"https:\/\/maison-chance.org\/shop\/wp-content\/uploads\/2024\/03\/banh-thap-cam.jpg\" \/>\n\t<meta property=\"og:image:width\" content=\"600\" \/>\n\t<meta property=\"og:image:height\" content=\"600\" \/>\n\t<meta property=\"og:image:type\" content=\"image\/jpeg\" \/>\n<meta name=\"twitter:card\" content=\"summary_large_image\" \/>\n<meta name=\"twitter:label1\" content=\"Gi\u00e1\" \/>\n\t<meta name=\"twitter:data1\" content=\"\" \/>\n\t<meta name=\"twitter:label2\" content=\"Availability\" \/>\n\t<meta name=\"twitter:data2\" content=\"In stock\" \/>\n<script type=\"application\/ld+json\" class=\"yoast-schema-graph\">{\"@context\":\"https:\/\/schema.org\",\"@graph\":[{\"@type\":\"WebPage\",\"@id\":\"https:\/\/maison-chance.org\/shop\/san-pham\/banh-trung-thu-thap-cam\",\"url\":\"https:\/\/maison-chance.org\/shop\/san-pham\/banh-trung-thu-thap-cam\",\"name\":\"B\u00e1nh trung thu th\u1eadp c\u1ea9m - Nh\u00e0 May M\u1eafn - Maison Chance\",\"isPartOf\":{\"@id\":\"https:\/\/maison-chance.org\/shop\/#website\"},\"primaryImageOfPage\":{\"@id\":\"https:\/\/maison-chance.org\/shop\/san-pham\/banh-trung-thu-thap-cam#primaryimage\"},\"image\":{\"@id\":\"https:\/\/maison-chance.org\/shop\/san-pham\/banh-trung-thu-thap-cam#primaryimage\"},\"thumbnailUrl\":\"https:\/\/maison-chance.org\/shop\/wp-content\/uploads\/2024\/03\/banh-thap-cam.jpg\",\"datePublished\":\"2024-03-08T16:46:01+00:00\",\"breadcrumb\":{\"@id\":\"https:\/\/maison-chance.org\/shop\/san-pham\/banh-trung-thu-thap-cam#breadcrumb\"},\"inLanguage\":\"vi-VN\",\"potentialAction\":[{\"@type\":\"ReadAction\",\"target\":[\"https:\/\/maison-chance.org\/shop\/san-pham\/banh-trung-thu-thap-cam\"]}]},{\"@type\":\"ImageObject\",\"inLanguage\":\"vi-VN\",\"@id\":\"https:\/\/maison-chance.org\/shop\/san-pham\/banh-trung-thu-thap-cam#primaryimage\",\"url\":\"https:\/\/maison-chance.org\/shop\/wp-content\/uploads\/2024\/03\/banh-thap-cam.jpg\",\"contentUrl\":\"https:\/\/maison-chance.org\/shop\/wp-content\/uploads\/2024\/03\/banh-thap-cam.jpg\",\"width\":600,\"height\":600,\"caption\":\"B\u00e1nh trung thu th\u1eadp c\u1ea9m\"},{\"@type\":\"BreadcrumbList\",\"@id\":\"https:\/\/maison-chance.org\/shop\/san-pham\/banh-trung-thu-thap-cam#breadcrumb\",\"itemListElement\":[{\"@type\":\"ListItem\",\"position\":1,\"name\":\"Trang ch\u1ee7\",\"item\":\"https:\/\/maison-chance.org\/shop\/\"},{\"@type\":\"ListItem\",\"position\":2,\"name\":\"Shop\",\"item\":\"https:\/\/maison-chance.org\/shop\/shop\"},{\"@type\":\"ListItem\",\"position\":3,\"name\":\"B\u00e1nh trung thu th\u1eadp c\u1ea9m\"}]},{\"@type\":\"WebSite\",\"@id\":\"https:\/\/maison-chance.org\/shop\/#website\",\"url\":\"https:\/\/maison-chance.org\/shop\/\",\"name\":\"Nh\u00e0 May M\u1eafn - Maison Chance\",\"description\":\"M\u1ecdi l\u1ee3i nhu\u1eadn thu v\u1ec1 t\u1eeb vi\u1ec7c b\u00e1n h\u00e0ng s\u1ebd tr\u00edch m\u1ed9t ph\u1ea7n \u0111\u1ec3 ch\u0103m lo cho \u0111\u1eddi s\u1ed1ng c\u00e1c b\u1ea1n khuy\u1ebft t\u1eadt v\u00e0 tr\u1ebb m\u1ed3 c\u00f4i \u1edf \u0111\u00e2y\",\"publisher\":{\"@id\":\"https:\/\/maison-chance.org\/shop\/#organization\"},\"potentialAction\":[{\"@type\":\"SearchAction\",\"target\":{\"@type\":\"EntryPoint\",\"urlTemplate\":\"https:\/\/maison-chance.org\/shop\/?s={search_term_string}\"},\"query-input\":{\"@type\":\"PropertyValueSpecification\",\"valueRequired\":true,\"valueName\":\"search_term_string\"}}],\"inLanguage\":\"vi-VN\"},{\"@type\":\"Organization\",\"@id\":\"https:\/\/maison-chance.org\/shop\/#organization\",\"name\":\"Nh\u00e0 May M\u1eafn - Maison Chance\",\"url\":\"https:\/\/maison-chance.org\/shop\/\",\"logo\":{\"@type\":\"ImageObject\",\"inLanguage\":\"vi-VN\",\"@id\":\"https:\/\/maison-chance.org\/shop\/#\/schema\/logo\/image\/\",\"url\":\"https:\/\/maison-chance.org\/shop\/wp-content\/uploads\/2024\/03\/cropped-Logo_DNXH.png\",\"contentUrl\":\"https:\/\/maison-chance.org\/shop\/wp-content\/uploads\/2024\/03\/cropped-Logo_DNXH.png\",\"width\":512,\"height\":512,\"caption\":\"Nh\u00e0 May M\u1eafn - Maison Chance\"},\"image\":{\"@id\":\"https:\/\/maison-chance.org\/shop\/#\/schema\/logo\/image\/\"},\"sameAs\":[\"https:\/\/www.facebook.com\/dnxh.nhamayman\/\"]}]}<\/script>\n<meta property=\"product:price:amount\" content=\"0.00\" \/>\n<meta property=\"product:price:currency\" content=\"USD\" \/>\n<meta property=\"og:availability\" content=\"instock\" \/>\n<meta property=\"product:availability\" content=\"instock\" \/>\n<meta property=\"product:condition\" content=\"new\" \/>\n<!-- \/ Yoast SEO Premium plugin. -->","yoast_head_json":{"title":"B\u00e1nh trung thu th\u1eadp c\u1ea9m - Nh\u00e0 May M\u1eafn - Maison Chance","robots":{"index":"index","follow":"follow","max-snippet":"max-snippet:-1","max-image-preview":"max-image-preview:large","max-video-preview":"max-video-preview:-1"},"canonical":"https:\/\/maison-chance.org\/shop\/san-pham\/banh-trung-thu-thap-cam","og_locale":"vi_VN","og_type":"article","og_title":"B\u00e1nh trung thu th\u1eadp c\u1ea9m","og_description":"- V\u1ecf b\u00e1nh truy\u1ec1n th\u1ed1ng - Nh\u00e2n tr\u1ee9ng mu\u1ed1i, l\u1ea1p th\u1ecbt, l\u1ea1p x\u01b0\u1edfng, tr\u1ea7n b\u00ec, ch\u00e0 b\u00f4ng &nbsp; \ud83d\udcab T\u1ea5t c\u1ea3 l\u1ee3i nhu\u1eadn thu \u0111\u01b0\u1ee3c t\u1eeb vi\u1ec7c b\u00e1n h\u00e0ng, m\u1ed9t ph\u1ea7n s\u1ebd ch\u0103m lo l\u1ea1i cho \u0111\u1eddi s\u1ed1ng c\u00e1c anh ch\u1ecb khuy\u1ebft t\u1eadt t\u1ea1i \u0111\u00e2y, ph\u1ea7n c\u00f2n l\u1ea1i s\u1ebd ti\u1ebfp t\u1ee5c v\u1eadn h\u00e0nh v\u00e0 chi tr\u1ea3 c\u00e1c chi ph\u00ed kh\u00e1c \ud83d\udcab \u2728 K\u00ednh mong Qu\u00fd kh\u00e1ch h\u00e0ng \u1ee7ng h\u1ed9 s\u1ea3n ph\u1ea9m c\u1ee7a c\u00e1c b\u1ea1n tr\u1ebb m\u1ed3 c\u00f4i \u0111ang sinh s\u1ed1ng v\u00e0 l\u00e0m vi\u1ec7c t\u1ea1i Nh\u00e0 May M\u1eafn ch\u00fang em! \u2728 &nbsp; Hotline : 090 906 2528 &nbsp;","og_url":"https:\/\/maison-chance.org\/shop\/san-pham\/banh-trung-thu-thap-cam","og_site_name":"Nh\u00e0 May M\u1eafn - Maison Chance","article_publisher":"https:\/\/www.facebook.com\/dnxh.nhamayman\/","og_image":[{"width":600,"height":600,"url":"https:\/\/maison-chance.org\/shop\/wp-content\/uploads\/2024\/03\/banh-thap-cam.jpg","type":"image\/jpeg"}],"twitter_card":"summary_large_image","twitter_misc":{"Gi\u00e1":"","Availability":"In stock"},"schema":{"@context":"https:\/\/schema.org","@graph":[{"@type":"WebPage","@id":"https:\/\/maison-chance.org\/shop\/san-pham\/banh-trung-thu-thap-cam","url":"https:\/\/maison-chance.org\/shop\/san-pham\/banh-trung-thu-thap-cam","name":"B\u00e1nh trung thu th\u1eadp c\u1ea9m - Nh\u00e0 May M\u1eafn - Maison Chance","isPartOf":{"@id":"https:\/\/maison-chance.org\/shop\/#website"},"primaryImageOfPage":{"@id":"https:\/\/maison-chance.org\/shop\/san-pham\/banh-trung-thu-thap-cam#primaryimage"},"image":{"@id":"https:\/\/maison-chance.org\/shop\/san-pham\/banh-trung-thu-thap-cam#primaryimage"},"thumbnailUrl":"https:\/\/maison-chance.org\/shop\/wp-content\/uploads\/2024\/03\/banh-thap-cam.jpg","datePublished":"2024-03-08T16:46:01+00:00","breadcrumb":{"@id":"https:\/\/maison-chance.org\/shop\/san-pham\/banh-trung-thu-thap-cam#breadcrumb"},"inLanguage":"vi-VN","potentialAction":[{"@type":"ReadAction","target":["https:\/\/maison-chance.org\/shop\/san-pham\/banh-trung-thu-thap-cam"]}]},{"@type":"ImageObject","inLanguage":"vi-VN","@id":"https:\/\/maison-chance.org\/shop\/san-pham\/banh-trung-thu-thap-cam#primaryimage","url":"https:\/\/maison-chance.org\/shop\/wp-content\/uploads\/2024\/03\/banh-thap-cam.jpg","contentUrl":"https:\/\/maison-chance.org\/shop\/wp-content\/uploads\/2024\/03\/banh-thap-cam.jpg","width":600,"height":600,"caption":"B\u00e1nh trung thu th\u1eadp c\u1ea9m"},{"@type":"BreadcrumbList","@id":"https:\/\/maison-chance.org\/shop\/san-pham\/banh-trung-thu-thap-cam#breadcrumb","itemListElement":[{"@type":"ListItem","position":1,"name":"Trang ch\u1ee7","item":"https:\/\/maison-chance.org\/shop\/"},{"@type":"ListItem","position":2,"name":"Shop","item":"https:\/\/maison-chance.org\/shop\/shop"},{"@type":"ListItem","position":3,"name":"B\u00e1nh trung thu th\u1eadp c\u1ea9m"}]},{"@type":"WebSite","@id":"https:\/\/maison-chance.org\/shop\/#website","url":"https:\/\/maison-chance.org\/shop\/","name":"Nh\u00e0 May M\u1eafn - Maison Chance","description":"M\u1ecdi l\u1ee3i nhu\u1eadn thu v\u1ec1 t\u1eeb vi\u1ec7c b\u00e1n h\u00e0ng s\u1ebd tr\u00edch m\u1ed9t ph\u1ea7n \u0111\u1ec3 ch\u0103m lo cho \u0111\u1eddi s\u1ed1ng c\u00e1c b\u1ea1n khuy\u1ebft t\u1eadt v\u00e0 tr\u1ebb m\u1ed3 c\u00f4i \u1edf \u0111\u00e2y","publisher":{"@id":"https:\/\/maison-chance.org\/shop\/#organization"},"potentialAction":[{"@type":"SearchAction","target":{"@type":"EntryPoint","urlTemplate":"https:\/\/maison-chance.org\/shop\/?s={search_term_string}"},"query-input":{"@type":"PropertyValueSpecification","valueRequired":true,"valueName":"search_term_string"}}],"inLanguage":"vi-VN"},{"@type":"Organization","@id":"https:\/\/maison-chance.org\/shop\/#organization","name":"Nh\u00e0 May M\u1eafn - Maison Chance","url":"https:\/\/maison-chance.org\/shop\/","logo":{"@type":"ImageObject","inLanguage":"vi-VN","@id":"https:\/\/maison-chance.org\/shop\/#\/schema\/logo\/image\/","url":"https:\/\/maison-chance.org\/shop\/wp-content\/uploads\/2024\/03\/cropped-Logo_DNXH.png","contentUrl":"https:\/\/maison-chance.org\/shop\/wp-content\/uploads\/2024\/03\/cropped-Logo_DNXH.png","width":512,"height":512,"caption":"Nh\u00e0 May M\u1eafn - Maison Chance"},"image":{"@id":"https:\/\/maison-chance.org\/shop\/#\/schema\/logo\/image\/"},"sameAs":["https:\/\/www.facebook.com\/dnxh.nhamayman\/"]}]},"product_price_amount":"0.00","product_price_currency":"USD","og_availability":"instock","product_availability":"instock","product_condition":"new"},"_links":{"self":[{"href":"https:\/\/maison-chance.org\/shop\/wp-json\/wp\/v2\/product\/30607","targetHints":{"allow":["GET"]}}],"collection":[{"href":"https:\/\/maison-chance.org\/shop\/wp-json\/wp\/v2\/product"}],"about":[{"href":"https:\/\/maison-chance.org\/shop\/wp-json\/wp\/v2\/types\/product"}],"wp:featuredmedia":[{"embeddable":true,"href":"https:\/\/maison-chance.org\/shop\/wp-json\/wp\/v2\/media\/30608"}],"wp:attachment":[{"href":"https:\/\/maison-chance.org\/shop\/wp-json\/wp\/v2\/media?parent=30607"}],"wp:term":[{"taxonomy":"product_brand","embeddable":true,"href":"https:\/\/maison-chance.org\/shop\/wp-json\/wp\/v2\/product_brand?post=30607"},{"taxonomy":"product_cat","embeddable":true,"href":"https:\/\/maison-chance.org\/shop\/wp-json\/wp\/v2\/product_cat?post=30607"},{"taxonomy":"product_tag","embeddable":true,"href":"https:\/\/maison-chance.org\/shop\/wp-json\/wp\/v2\/product_tag?post=30607"}],"curies":[{"name":"wp","href":"https:\/\/api.w.org\/{rel}","templated":true}]}}