{"id":30615,"date":"2024-11-21T07:00:16","date_gmt":"2024-11-21T00:00:16","guid":{"rendered":"https:\/\/maison-chance.org\/shop\/?post_type=product&#038;p=30615"},"modified":"2024-11-21T11:12:05","modified_gmt":"2024-11-21T04:12:05","slug":"kem-so-co-la","status":"publish","type":"product","link":"https:\/\/maison-chance.org\/shop\/san-pham\/kem-so-co-la","title":{"rendered":"Kem s\u00f4-c\u00f4-la"},"content":{"rendered":"<p style=\"text-align: justify;\"><a href=\"https:\/\/maison-chance.org\/shop\/san-pham\/kem-so-co-la\">Kem s\u00f4-c\u00f4-la<\/a> kh\u00f4ng ch\u1ec9 l\u00e0 m\u00f3n tr\u00e1ng mi\u1ec7ng quen thu\u1ed9c, m\u00e0 c\u00f2n l\u00e0 s\u1ef1 k\u1ebft h\u1ee3p ho\u00e0n h\u1ea3o c\u1ee7a v\u1ecb ng\u1ecdt v\u00e0 b\u00e9o, mang \u0111\u1ebfn c\u1ea3m gi\u00e1c s\u1ea3ng kho\u00e1i cho m\u1ecdi th\u1ef1c kh\u00e1ch. V\u1edbi s\u1ea3n ph\u1ea9m kem s\u00f4-c\u00f4-la Nh\u00e0 May M\u1eafn, b\u1ea1n s\u1ebd \u0111\u01b0\u1ee3c tr\u1ea3i nghi\u1ec7m m\u1ed9t d\u00f2ng kem \u0111\u01b0\u1ee3c ch\u1ebf bi\u1ebfn t\u1ec9 m\u1ec9, s\u1eed d\u1ee5ng nguy\u00ean li\u1ec7u ch\u1ea5t l\u01b0\u1ee3ng cao, h\u01b0\u01a1ng v\u1ecb t\u1ef1 nhi\u00ean v\u00e0 \u0111\u1eadm \u0111\u00e0. \u0110\u00e2y kh\u00f4ng ch\u1ec9 l\u00e0 m\u1ed9t m\u00f3n \u0103n, m\u00e0 c\u00f2n l\u00e0 m\u1ed9t s\u1ea3n ph\u1ea9m mang nhi\u1ec1u \u00fd ngh\u0129a, g\u1eedi g\u1eafm t\u00e2m huy\u1ebft v\u00e0 s\u1ef1 ch\u0103m ch\u00fat trong t\u1eebng h\u1ed9p kem.<\/p>\n<p style=\"text-align: justify;\">Th\u00e0nh ph\u1ea7n:<\/p>\n<p style=\"text-align: justify;\">&#8211; Kem s\u00f4-c\u00f4-la Nh\u00e0 May M\u1eafn \u0111\u01b0\u1ee3c ch\u1ebf bi\u1ebfn t\u1eeb nh\u1eefng nguy\u00ean li\u1ec7u cao c\u1ea5p, \u0111\u1ea3m b\u1ea3o ch\u1ea5t l\u01b0\u1ee3ng v\u00e0 an to\u00e0n tuy\u1ec7t \u0111\u1ed1i cho s\u1ee9c kh\u1ecfe c\u1ee7a ng\u01b0\u1eddi d\u00f9ng. Th\u00e0nh ph\u1ea7n ch\u00ednh bao g\u1ed3m:<\/p>\n<p style=\"text-align: justify;\">&#8211; Whipping cream: Mang \u0111\u1ebfn \u0111\u1ed9 b\u00e9o ng\u1eady v\u00e0 m\u1ecbn m\u01b0\u1ee3t cho kem.<\/p>\n<p style=\"text-align: justify;\">&#8211; S\u1eefa t\u01b0\u01a1i kh\u00f4ng \u0111\u01b0\u1eddng: Gi\u00fap c\u00e2n b\u1eb1ng v\u1ecb ng\u1ecdt, t\u0103ng h\u01b0\u01a1ng v\u1ecb t\u01b0\u01a1i ngon t\u1ef1 nhi\u00ean.<\/p>\n<p style=\"text-align: justify;\">&#8211; S\u00f4-c\u00f4-la nguy\u00ean ch\u1ea5t: L\u00e0 \u201clinh h\u1ed3n\u201d c\u1ee7a s\u1ea3n ph\u1ea9m, mang \u0111\u1ebfn h\u01b0\u01a1ng v\u1ecb s\u00f4-c\u00f4-la \u0111\u1eadm \u0111\u00e0, th\u01a1m ph\u1ee9c v\u00e0 h\u1ea5p d\u1eabn.<\/p>\n<p style=\"text-align: justify;\">&#8211; Base San Marco &amp; Integra Latte: \u0110\u00e2y l\u00e0 nh\u1eefng nguy\u00ean li\u1ec7u chuy\u00ean d\u1ee5ng trong ng\u00e0nh l\u00e0m kem, h\u1ed7 tr\u1ee3 t\u1ea1o k\u1ebft c\u1ea5u m\u1ec1m m\u1ecbn v\u00e0 gi\u1eef \u0111\u1ed9 \u0111\u00f4ng ho\u00e0n h\u1ea3o.<\/p>\n<p style=\"text-align: justify;\">&#8211; \u0110\u01b0\u1eddng: \u0110\u01b0\u1ee3c s\u1eed d\u1ee5ng v\u1edbi t\u1ef7 l\u1ec7 v\u1eeba ph\u1ea3i, \u0111\u1ea3m b\u1ea3o kem kh\u00f4ng qu\u00e1 ng\u1ecdt nh\u01b0ng v\u1eabn l\u00e0m n\u1ed5i b\u1eadt h\u01b0\u01a1ng v\u1ecb s\u00f4-c\u00f4-la.<\/p>\n<p style=\"text-align: justify;\">-&gt; Ch\u00ednh s\u1ef1 k\u1ebft h\u1ee3p ho\u00e0n h\u1ea3o gi\u1eefa c\u00e1c th\u00e0nh ph\u1ea7n n\u00e0y \u0111\u00e3 t\u1ea1o n\u00ean m\u1ed9t s\u1ea3n ph\u1ea9m <a href=\"https:\/\/maison-chance.org\/shop\/kem-tuoi\">kem t\u01b0\u01a1i<\/a> s\u00f4-c\u00f4-la kh\u00f4ng ch\u1ec9 ngon mi\u1ec7ng m\u00e0 c\u00f2n \u0111\u1ea1t ti\u00eau chu\u1ea9n ch\u1ea5t l\u01b0\u1ee3ng cao.<\/p>\n<p style=\"text-align: justify;\">Ngay t\u1eeb c\u00e1i nh\u00ecn \u0111\u1ea7u ti\u00ean, kem s\u00f4-c\u00f4-la Nh\u00e0 May M\u1eafn g\u00e2y \u1ea5n t\u01b0\u1ee3ng b\u1edfi m\u00e0u n\u00e2u s\u1eadm \u0111\u1eb7c tr\u01b0ng c\u1ee7a s\u00f4-c\u00f4-la nguy\u00ean ch\u1ea5t, g\u1ee3i l\u00ean c\u1ea3m gi\u00e1c t\u1ef1 nhi\u00ean v\u00e0 h\u1ea5p d\u1eabn. Khi m\u00fac m\u1ed9t mu\u1ed7ng kem \u0111\u1ea7u ti\u00ean, b\u1ea1n s\u1ebd c\u1ea3m nh\u1eadn \u0111\u01b0\u1ee3c s\u1ef1 m\u1ecbn m\u00e0ng tan ch\u1ea3y trong mi\u1ec7ng, h\u00f2a quy\u1ec7n gi\u1eefa v\u1ecb ng\u1ecdt nh\u1eb9, v\u1ecb b\u00e9o v\u00e0 h\u01b0\u01a1ng s\u00f4-c\u00f4-la \u0111\u1eadm \u0111\u00e0.<\/p>\n<p style=\"text-align: justify;\">Th\u1ef1c kh\u00e1ch th\u01b0\u1eddng chia s\u1ebb r\u1eb1ng h\u1ecd y\u00eau th\u00edch c\u00e1ch m\u00e0 kem gi\u1eef \u0111\u01b0\u1ee3c s\u1ef1 c\u00e2n b\u1eb1ng ho\u00e0n h\u1ea3o \u2013 kh\u00f4ng qu\u00e1 ng\u1ecdt, kh\u00f4ng qu\u00e1 b\u00e9o, m\u00e0 l\u1ea1i r\u1ea5t th\u01a1m ngon. \u0110\u1eb7c bi\u1ec7t, k\u1ebft c\u1ea5u m\u1ec1m m\u1ecbn c\u1ee7a kem gi\u00fap t\u1ea1o c\u1ea3m gi\u00e1c d\u1ec5 ch\u1ecbu khi \u0103n, kh\u00f4ng b\u1ecb d\u0103m \u0111\u00e1 hay qu\u00e1 \u0111\u1eb7c. V\u1edbi nh\u1eefng ng\u01b0\u1eddi y\u00eau th\u00edch s\u00f4-c\u00f4-la, \u0111\u00e2y ch\u00ednh l\u00e0 l\u1ef1a ch\u1ecdn tuy\u1ec7t v\u1eddi \u0111\u1ec3 th\u1ecfa m\u00e3n v\u1ecb gi\u00e1c v\u00e0 xua tan c\u00e1i n\u00f3ng ng\u00e0y h\u00e8.<\/p>\n<p style=\"text-align: justify;\">Kh\u00f4ng ch\u1ec9 l\u00e0 m\u00f3n tr\u00e1ng mi\u1ec7ng, kem s\u00f4-c\u00f4-la Nh\u00e0 May M\u1eafn c\u00f2n c\u00f3 th\u1ec3 k\u1ebft h\u1ee3p v\u1edbi b\u00e1nh waffle, b\u00e1nh brownie ho\u1eb7c tr\u00e1i c\u00e2y, t\u1ea1o ra nh\u1eefng m\u00f3n \u0103n h\u1ea5p d\u1eabn v\u00e0 \u0111\u1ea7y s\u00e1ng t\u1ea1o cho gia \u0111\u00ecnh v\u00e0 b\u1ea1n b\u00e8.<\/p>\n<p style=\"text-align: justify;\">T\u1ea1i sao b\u1ea1n n\u00ean ch\u1ecdn kem s\u00f4-c\u00f4-la Nh\u00e0 May M\u1eafn?<\/p>\n<p style=\"text-align: justify;\">Ch\u1ea5t l\u01b0\u1ee3ng \u0111\u1ea3m b\u1ea3o: S\u1ea3n ph\u1ea9m \u0111\u01b0\u1ee3c ch\u1ebf bi\u1ebfn t\u1eeb nguy\u00ean li\u1ec7u cao c\u1ea5p, c\u00f4ng th\u1ee9c chuy\u00ean nghi\u1ec7p v\u00e0 quy tr\u00ecnh s\u1ea3n xu\u1ea5t \u0111\u01b0\u1ee3c gi\u00e1m s\u00e1t ch\u1eb7t ch\u1ebd.<\/p>\n<p style=\"text-align: justify;\">H\u01b0\u01a1ng v\u1ecb \u0111\u1ed9c \u0111\u00e1o: Kem s\u00f4-c\u00f4-la Nh\u00e0 May M\u1eafn mang \u0111\u1ebfn h\u01b0\u01a1ng v\u1ecb t\u1ef1 nhi\u00ean, \u0111\u1eadm \u0111\u00e0 v\u00e0 tinh t\u1ebf, ph\u00f9 h\u1ee3p v\u1edbi kh\u1ea9u v\u1ecb c\u1ee7a c\u1ea3 ng\u01b0\u1eddi l\u1edbn l\u1eabn tr\u1ebb nh\u1ecf.<\/p>\n<p style=\"text-align: justify;\">Bao b\u00ec ti\u1ec7n d\u1ee5ng: V\u1edbi hai k\u00edch c\u1ee1 300g v\u00e0 500g, s\u1ea3n ph\u1ea9m r\u1ea5t ti\u1ec7n cho vi\u1ec7c s\u1eed d\u1ee5ng c\u00e1 nh\u00e2n ho\u1eb7c gia \u0111\u00ecnh.<\/p>\n<p style=\"text-align: justify;\">N\u1ebfu b\u1ea1n \u0111ang t\u00ecm ki\u1ebfm m\u1ed9t s\u1ea3n ph\u1ea9m kem s\u00f4-c\u00f4-la nguy\u00ean ch\u1ea5t, th\u01a1m ngon v\u00e0 \u0111\u1ea7y \u00fd ngh\u0129a, h\u00e3y ch\u1ecdn kem s\u00f4-c\u00f4-la <a href=\"https:\/\/maison-chance.org\/shop\">Nh\u00e0 May M\u1eafn<\/a>. M\u1ed7i h\u1ed9p kem kh\u00f4ng ch\u1ec9 l\u00e0 m\u00f3n qu\u00e0 d\u00e0nh cho v\u1ecb gi\u00e1c, m\u00e0 c\u00f2n l\u00e0 s\u1ef1 \u1ee7ng h\u1ed9 \u0111\u1ea7y \u00fd ngh\u0129a cho c\u00e1c s\u1ea3n ph\u1ea9m ch\u1ea5t l\u01b0\u1ee3ng cao t\u1eeb Nh\u00e0 May M\u1eafn.<\/p>\n","protected":false},"excerpt":{"rendered":"<p style=\"text-align: justify;\">S\u1ea3n ph\u1ea9m kem t\u01b0\u01a1i \u0111\u01b0\u1ee3c l\u00e0m t\u1eeb c\u00e1c b\u1ea1n tr\u1ebb m\u1ed3 c\u00f4i hi\u1ec7n \u0111ang \u0111\u01b0\u1ee3c Nh\u00e0 May M\u1eafn \u2013 Maison Chance nu\u00f4i d\u01b0\u1ee1ng. K\u00ednh mong nh\u1eadn \u0111\u01b0\u1ee3c s\u1ef1 \u1ee7ng h\u1ed9 c\u1ee7a Qu\u00fd kh\u00e1ch!<\/p>\n<p style=\"text-align: justify;\">H\u1ed9p nh\u1ecf 300gr:\u00a0<span style=\"font-size: 115%; color: #ed1c24;\"><strong>79.000 vn\u0111<\/strong><\/span><\/p>\n<p style=\"text-align: justify;\">H\u1ed9p l\u1edbn 500gr:\u00a0<span style=\"font-size: 115%; color: #ed1c24;\"><strong>99.000 vn\u0111<\/strong><\/span><\/p>\n<p style=\"text-align: justify;\">Hotline :\u00a0<span style=\"font-size: 115%; color: #ed1c24;\"><strong>090 906 2528<\/strong><\/span><\/p>\n","protected":false},"featured_media":30620,"template":"","meta":[],"product_brand":[],"product_cat":[156,150],"product_tag":[],"class_list":{"0":"post-30615","1":"product","2":"type-product","3":"status-publish","4":"has-post-thumbnail","6":"product_cat-kem-tuoi","7":"product_cat-phong-banh","9":"first","10":"instock","11":"shipping-taxable","12":"product-type-simple"},"yoast_head":"<!-- This site is optimized with the Yoast SEO Premium plugin v22.7 (Yoast SEO v25.3.1) - https:\/\/yoast.com\/wordpress\/plugins\/seo\/ -->\n<title>Kem s\u00f4-c\u00f4-la - Nh\u00e0 May M\u1eafn - Maison Chance<\/title>\n<meta name=\"description\" content=\"Kem s\u00f4-c\u00f4-la kh\u00f4ng ch\u1ec9 l\u00e0 m\u00f3n tr\u00e1ng mi\u1ec7ng quen thu\u1ed9c, m\u00e0 c\u00f2n l\u00e0 s\u1ef1 k\u1ebft h\u1ee3p ho\u00e0n h\u1ea3o c\u1ee7a v\u1ecb ng\u1ecdt v\u00e0 b\u00e9o, mang \u0111\u1ebfn c\u1ea3m gi\u00e1c s\u1ea3ng kho\u00e1i cho m\u1ecdi th\u1ef1c kh\u00e1ch.\" \/>\n<meta name=\"robots\" content=\"index, follow, max-snippet:-1, max-image-preview:large, max-video-preview:-1\" \/>\n<link rel=\"canonical\" href=\"https:\/\/maison-chance.org\/shop\/san-pham\/kem-so-co-la\" \/>\n<meta property=\"og:locale\" content=\"vi_VN\" \/>\n<meta property=\"og:type\" content=\"article\" \/>\n<meta property=\"og:title\" content=\"Kem s\u00f4-c\u00f4-la\" \/>\n<meta property=\"og:description\" content=\"Kem s\u00f4-c\u00f4-la kh\u00f4ng ch\u1ec9 l\u00e0 m\u00f3n tr\u00e1ng mi\u1ec7ng quen thu\u1ed9c, m\u00e0 c\u00f2n l\u00e0 s\u1ef1 k\u1ebft h\u1ee3p ho\u00e0n h\u1ea3o c\u1ee7a v\u1ecb ng\u1ecdt v\u00e0 b\u00e9o, mang \u0111\u1ebfn c\u1ea3m gi\u00e1c s\u1ea3ng kho\u00e1i cho m\u1ecdi th\u1ef1c kh\u00e1ch.\" \/>\n<meta property=\"og:url\" content=\"https:\/\/maison-chance.org\/shop\/san-pham\/kem-so-co-la\" \/>\n<meta property=\"og:site_name\" content=\"Nh\u00e0 May M\u1eafn - Maison Chance\" \/>\n<meta property=\"article:publisher\" content=\"https:\/\/www.facebook.com\/dnxh.nhamayman\/\" \/>\n<meta property=\"article:modified_time\" content=\"2024-11-21T04:12:05+00:00\" \/>\n<meta property=\"og:image\" content=\"https:\/\/maison-chance.org\/shop\/wp-content\/uploads\/2024\/03\/kem-socola-xong-1.jpg\" \/>\n\t<meta property=\"og:image:width\" content=\"600\" \/>\n\t<meta property=\"og:image:height\" content=\"600\" \/>\n\t<meta property=\"og:image:type\" content=\"image\/jpeg\" \/>\n<meta name=\"twitter:card\" content=\"summary_large_image\" \/>\n<meta name=\"twitter:label1\" content=\"Gi\u00e1\" \/>\n\t<meta name=\"twitter:data1\" content=\"\" \/>\n\t<meta name=\"twitter:label2\" content=\"Availability\" \/>\n\t<meta name=\"twitter:data2\" content=\"In stock\" \/>\n<script type=\"application\/ld+json\" class=\"yoast-schema-graph\">{\"@context\":\"https:\/\/schema.org\",\"@graph\":[{\"@type\":\"WebPage\",\"@id\":\"https:\/\/maison-chance.org\/shop\/san-pham\/kem-so-co-la\",\"url\":\"https:\/\/maison-chance.org\/shop\/san-pham\/kem-so-co-la\",\"name\":\"Kem s\u00f4-c\u00f4-la - Nh\u00e0 May M\u1eafn - Maison Chance\",\"isPartOf\":{\"@id\":\"https:\/\/maison-chance.org\/shop\/#website\"},\"primaryImageOfPage\":{\"@id\":\"https:\/\/maison-chance.org\/shop\/san-pham\/kem-so-co-la#primaryimage\"},\"image\":{\"@id\":\"https:\/\/maison-chance.org\/shop\/san-pham\/kem-so-co-la#primaryimage\"},\"thumbnailUrl\":\"https:\/\/maison-chance.org\/shop\/wp-content\/uploads\/2024\/03\/kem-socola-xong-1.jpg\",\"datePublished\":\"2024-11-21T00:00:16+00:00\",\"dateModified\":\"2024-11-21T04:12:05+00:00\",\"description\":\"Kem s\u00f4-c\u00f4-la kh\u00f4ng ch\u1ec9 l\u00e0 m\u00f3n tr\u00e1ng mi\u1ec7ng quen thu\u1ed9c, m\u00e0 c\u00f2n l\u00e0 s\u1ef1 k\u1ebft h\u1ee3p ho\u00e0n h\u1ea3o c\u1ee7a v\u1ecb ng\u1ecdt v\u00e0 b\u00e9o, mang \u0111\u1ebfn c\u1ea3m gi\u00e1c s\u1ea3ng kho\u00e1i cho m\u1ecdi th\u1ef1c kh\u00e1ch.\",\"breadcrumb\":{\"@id\":\"https:\/\/maison-chance.org\/shop\/san-pham\/kem-so-co-la#breadcrumb\"},\"inLanguage\":\"vi-VN\",\"potentialAction\":[{\"@type\":\"ReadAction\",\"target\":[\"https:\/\/maison-chance.org\/shop\/san-pham\/kem-so-co-la\"]}]},{\"@type\":\"ImageObject\",\"inLanguage\":\"vi-VN\",\"@id\":\"https:\/\/maison-chance.org\/shop\/san-pham\/kem-so-co-la#primaryimage\",\"url\":\"https:\/\/maison-chance.org\/shop\/wp-content\/uploads\/2024\/03\/kem-socola-xong-1.jpg\",\"contentUrl\":\"https:\/\/maison-chance.org\/shop\/wp-content\/uploads\/2024\/03\/kem-socola-xong-1.jpg\",\"width\":600,\"height\":600,\"caption\":\"Kem s\u00f4-c\u00f4-la\"},{\"@type\":\"BreadcrumbList\",\"@id\":\"https:\/\/maison-chance.org\/shop\/san-pham\/kem-so-co-la#breadcrumb\",\"itemListElement\":[{\"@type\":\"ListItem\",\"position\":1,\"name\":\"Trang ch\u1ee7\",\"item\":\"https:\/\/maison-chance.org\/shop\/\"},{\"@type\":\"ListItem\",\"position\":2,\"name\":\"Shop\",\"item\":\"https:\/\/maison-chance.org\/shop\/shop\"},{\"@type\":\"ListItem\",\"position\":3,\"name\":\"Kem s\u00f4-c\u00f4-la\"}]},{\"@type\":\"WebSite\",\"@id\":\"https:\/\/maison-chance.org\/shop\/#website\",\"url\":\"https:\/\/maison-chance.org\/shop\/\",\"name\":\"Nh\u00e0 May M\u1eafn - Maison Chance\",\"description\":\"M\u1ecdi l\u1ee3i nhu\u1eadn thu v\u1ec1 t\u1eeb vi\u1ec7c b\u00e1n h\u00e0ng s\u1ebd tr\u00edch m\u1ed9t ph\u1ea7n \u0111\u1ec3 ch\u0103m lo cho \u0111\u1eddi s\u1ed1ng c\u00e1c b\u1ea1n khuy\u1ebft t\u1eadt v\u00e0 tr\u1ebb m\u1ed3 c\u00f4i \u1edf \u0111\u00e2y\",\"publisher\":{\"@id\":\"https:\/\/maison-chance.org\/shop\/#organization\"},\"potentialAction\":[{\"@type\":\"SearchAction\",\"target\":{\"@type\":\"EntryPoint\",\"urlTemplate\":\"https:\/\/maison-chance.org\/shop\/?s={search_term_string}\"},\"query-input\":{\"@type\":\"PropertyValueSpecification\",\"valueRequired\":true,\"valueName\":\"search_term_string\"}}],\"inLanguage\":\"vi-VN\"},{\"@type\":\"Organization\",\"@id\":\"https:\/\/maison-chance.org\/shop\/#organization\",\"name\":\"Nh\u00e0 May M\u1eafn - Maison Chance\",\"url\":\"https:\/\/maison-chance.org\/shop\/\",\"logo\":{\"@type\":\"ImageObject\",\"inLanguage\":\"vi-VN\",\"@id\":\"https:\/\/maison-chance.org\/shop\/#\/schema\/logo\/image\/\",\"url\":\"https:\/\/maison-chance.org\/shop\/wp-content\/uploads\/2024\/03\/cropped-Logo_DNXH.png\",\"contentUrl\":\"https:\/\/maison-chance.org\/shop\/wp-content\/uploads\/2024\/03\/cropped-Logo_DNXH.png\",\"width\":512,\"height\":512,\"caption\":\"Nh\u00e0 May M\u1eafn - Maison Chance\"},\"image\":{\"@id\":\"https:\/\/maison-chance.org\/shop\/#\/schema\/logo\/image\/\"},\"sameAs\":[\"https:\/\/www.facebook.com\/dnxh.nhamayman\/\"]}]}<\/script>\n<meta property=\"product:price:amount\" content=\"0.00\" \/>\n<meta property=\"product:price:currency\" content=\"USD\" \/>\n<meta property=\"og:availability\" content=\"instock\" \/>\n<meta property=\"product:availability\" content=\"instock\" \/>\n<meta property=\"product:condition\" content=\"new\" \/>\n<!-- \/ Yoast SEO Premium plugin. -->","yoast_head_json":{"title":"Kem s\u00f4-c\u00f4-la - Nh\u00e0 May M\u1eafn - Maison Chance","description":"Kem s\u00f4-c\u00f4-la kh\u00f4ng ch\u1ec9 l\u00e0 m\u00f3n tr\u00e1ng mi\u1ec7ng quen thu\u1ed9c, m\u00e0 c\u00f2n l\u00e0 s\u1ef1 k\u1ebft h\u1ee3p ho\u00e0n h\u1ea3o c\u1ee7a v\u1ecb ng\u1ecdt v\u00e0 b\u00e9o, mang \u0111\u1ebfn c\u1ea3m gi\u00e1c s\u1ea3ng kho\u00e1i cho m\u1ecdi th\u1ef1c kh\u00e1ch.","robots":{"index":"index","follow":"follow","max-snippet":"max-snippet:-1","max-image-preview":"max-image-preview:large","max-video-preview":"max-video-preview:-1"},"canonical":"https:\/\/maison-chance.org\/shop\/san-pham\/kem-so-co-la","og_locale":"vi_VN","og_type":"article","og_title":"Kem s\u00f4-c\u00f4-la","og_description":"Kem s\u00f4-c\u00f4-la kh\u00f4ng ch\u1ec9 l\u00e0 m\u00f3n tr\u00e1ng mi\u1ec7ng quen thu\u1ed9c, m\u00e0 c\u00f2n l\u00e0 s\u1ef1 k\u1ebft h\u1ee3p ho\u00e0n h\u1ea3o c\u1ee7a v\u1ecb ng\u1ecdt v\u00e0 b\u00e9o, mang \u0111\u1ebfn c\u1ea3m gi\u00e1c s\u1ea3ng kho\u00e1i cho m\u1ecdi th\u1ef1c kh\u00e1ch.","og_url":"https:\/\/maison-chance.org\/shop\/san-pham\/kem-so-co-la","og_site_name":"Nh\u00e0 May M\u1eafn - Maison Chance","article_publisher":"https:\/\/www.facebook.com\/dnxh.nhamayman\/","article_modified_time":"2024-11-21T04:12:05+00:00","og_image":[{"width":600,"height":600,"url":"https:\/\/maison-chance.org\/shop\/wp-content\/uploads\/2024\/03\/kem-socola-xong-1.jpg","type":"image\/jpeg"}],"twitter_card":"summary_large_image","twitter_misc":{"Gi\u00e1":"","Availability":"In stock"},"schema":{"@context":"https:\/\/schema.org","@graph":[{"@type":"WebPage","@id":"https:\/\/maison-chance.org\/shop\/san-pham\/kem-so-co-la","url":"https:\/\/maison-chance.org\/shop\/san-pham\/kem-so-co-la","name":"Kem s\u00f4-c\u00f4-la - Nh\u00e0 May M\u1eafn - Maison Chance","isPartOf":{"@id":"https:\/\/maison-chance.org\/shop\/#website"},"primaryImageOfPage":{"@id":"https:\/\/maison-chance.org\/shop\/san-pham\/kem-so-co-la#primaryimage"},"image":{"@id":"https:\/\/maison-chance.org\/shop\/san-pham\/kem-so-co-la#primaryimage"},"thumbnailUrl":"https:\/\/maison-chance.org\/shop\/wp-content\/uploads\/2024\/03\/kem-socola-xong-1.jpg","datePublished":"2024-11-21T00:00:16+00:00","dateModified":"2024-11-21T04:12:05+00:00","description":"Kem s\u00f4-c\u00f4-la kh\u00f4ng ch\u1ec9 l\u00e0 m\u00f3n tr\u00e1ng mi\u1ec7ng quen thu\u1ed9c, m\u00e0 c\u00f2n l\u00e0 s\u1ef1 k\u1ebft h\u1ee3p ho\u00e0n h\u1ea3o c\u1ee7a v\u1ecb ng\u1ecdt v\u00e0 b\u00e9o, mang \u0111\u1ebfn c\u1ea3m gi\u00e1c s\u1ea3ng kho\u00e1i cho m\u1ecdi th\u1ef1c kh\u00e1ch.","breadcrumb":{"@id":"https:\/\/maison-chance.org\/shop\/san-pham\/kem-so-co-la#breadcrumb"},"inLanguage":"vi-VN","potentialAction":[{"@type":"ReadAction","target":["https:\/\/maison-chance.org\/shop\/san-pham\/kem-so-co-la"]}]},{"@type":"ImageObject","inLanguage":"vi-VN","@id":"https:\/\/maison-chance.org\/shop\/san-pham\/kem-so-co-la#primaryimage","url":"https:\/\/maison-chance.org\/shop\/wp-content\/uploads\/2024\/03\/kem-socola-xong-1.jpg","contentUrl":"https:\/\/maison-chance.org\/shop\/wp-content\/uploads\/2024\/03\/kem-socola-xong-1.jpg","width":600,"height":600,"caption":"Kem s\u00f4-c\u00f4-la"},{"@type":"BreadcrumbList","@id":"https:\/\/maison-chance.org\/shop\/san-pham\/kem-so-co-la#breadcrumb","itemListElement":[{"@type":"ListItem","position":1,"name":"Trang ch\u1ee7","item":"https:\/\/maison-chance.org\/shop\/"},{"@type":"ListItem","position":2,"name":"Shop","item":"https:\/\/maison-chance.org\/shop\/shop"},{"@type":"ListItem","position":3,"name":"Kem s\u00f4-c\u00f4-la"}]},{"@type":"WebSite","@id":"https:\/\/maison-chance.org\/shop\/#website","url":"https:\/\/maison-chance.org\/shop\/","name":"Nh\u00e0 May M\u1eafn - Maison Chance","description":"M\u1ecdi l\u1ee3i nhu\u1eadn thu v\u1ec1 t\u1eeb vi\u1ec7c b\u00e1n h\u00e0ng s\u1ebd tr\u00edch m\u1ed9t ph\u1ea7n \u0111\u1ec3 ch\u0103m lo cho \u0111\u1eddi s\u1ed1ng c\u00e1c b\u1ea1n khuy\u1ebft t\u1eadt v\u00e0 tr\u1ebb m\u1ed3 c\u00f4i \u1edf \u0111\u00e2y","publisher":{"@id":"https:\/\/maison-chance.org\/shop\/#organization"},"potentialAction":[{"@type":"SearchAction","target":{"@type":"EntryPoint","urlTemplate":"https:\/\/maison-chance.org\/shop\/?s={search_term_string}"},"query-input":{"@type":"PropertyValueSpecification","valueRequired":true,"valueName":"search_term_string"}}],"inLanguage":"vi-VN"},{"@type":"Organization","@id":"https:\/\/maison-chance.org\/shop\/#organization","name":"Nh\u00e0 May M\u1eafn - Maison Chance","url":"https:\/\/maison-chance.org\/shop\/","logo":{"@type":"ImageObject","inLanguage":"vi-VN","@id":"https:\/\/maison-chance.org\/shop\/#\/schema\/logo\/image\/","url":"https:\/\/maison-chance.org\/shop\/wp-content\/uploads\/2024\/03\/cropped-Logo_DNXH.png","contentUrl":"https:\/\/maison-chance.org\/shop\/wp-content\/uploads\/2024\/03\/cropped-Logo_DNXH.png","width":512,"height":512,"caption":"Nh\u00e0 May M\u1eafn - Maison Chance"},"image":{"@id":"https:\/\/maison-chance.org\/shop\/#\/schema\/logo\/image\/"},"sameAs":["https:\/\/www.facebook.com\/dnxh.nhamayman\/"]}]},"product_price_amount":"0.00","product_price_currency":"USD","og_availability":"instock","product_availability":"instock","product_condition":"new"},"_links":{"self":[{"href":"https:\/\/maison-chance.org\/shop\/wp-json\/wp\/v2\/product\/30615","targetHints":{"allow":["GET"]}}],"collection":[{"href":"https:\/\/maison-chance.org\/shop\/wp-json\/wp\/v2\/product"}],"about":[{"href":"https:\/\/maison-chance.org\/shop\/wp-json\/wp\/v2\/types\/product"}],"wp:featuredmedia":[{"embeddable":true,"href":"https:\/\/maison-chance.org\/shop\/wp-json\/wp\/v2\/media\/30620"}],"wp:attachment":[{"href":"https:\/\/maison-chance.org\/shop\/wp-json\/wp\/v2\/media?parent=30615"}],"wp:term":[{"taxonomy":"product_brand","embeddable":true,"href":"https:\/\/maison-chance.org\/shop\/wp-json\/wp\/v2\/product_brand?post=30615"},{"taxonomy":"product_cat","embeddable":true,"href":"https:\/\/maison-chance.org\/shop\/wp-json\/wp\/v2\/product_cat?post=30615"},{"taxonomy":"product_tag","embeddable":true,"href":"https:\/\/maison-chance.org\/shop\/wp-json\/wp\/v2\/product_tag?post=30615"}],"curies":[{"name":"wp","href":"https:\/\/api.w.org\/{rel}","templated":true}]}}