{"id":30655,"date":"2024-03-09T00:18:58","date_gmt":"2024-03-08T17:18:58","guid":{"rendered":"https:\/\/maison-chance.org\/shop\/?post_type=product&#038;p=30655"},"modified":"2025-07-26T10:27:26","modified_gmt":"2025-07-26T03:27:26","slug":"bap-nu-hoang-do-dak-nong","status":"publish","type":"product","link":"https:\/\/maison-chance.org\/shop\/san-pham\/bap-nu-hoang-do-dak-nong","title":{"rendered":"B\u1eafp N\u1eef Ho\u00e0ng \u0111\u1ecf \u0110\u1eafk N\u00f4ng"},"content":{"rendered":"<p><span style=\"color: #ff0000; font-size: 120%;\">Th\u00f4ng b\u00e1o : B\u1eafp N\u1eef Ho\u00e0ng \u0111\u1ecf \u0110\u1eafk N\u00f4ng c\u1ee7a Nh\u00e0 May M\u1eafn ch\u1ec9 b\u00e1n theo v\u1ee5 m\u00f9a v\u00e0 ch\u1ec9 b\u00e1n \u1edf th\u1ecb tr\u01b0\u1eddng Vi\u1ec7t Nam!<\/span><\/p>\n<p style=\"text-align: justify;\">B\u1eafp N\u1eef Ho\u00e0ng \u0111\u1ecf \u0110\u1eafk N\u00f4ng l\u00e0 g\u00ec? C\u00e1ch \u0103n ra sao, n\u01a1i mua b\u1eafp N\u1eef Ho\u1ea3ng v\u00e0 gi\u00e1 th\u00e0nh c\u1ee7a b\u1eafp N\u1eef Ho\u00e0ng l\u00e0 bao nhi\u00eau<\/p>\n<p style=\"text-align: justify;\">B\u1eafp N\u1eef Ho\u00e0ng \u0111\u1ecf \u0110\u1eafk N\u00f4ng c\u00f3 m\u00e0u s\u1eafc b\u1eaft m\u1eaft kh\u00e1ch ti\u00eau d\u00f9ng v\u00e0 h\u01b0\u01a1ng v\u1ecb \u0111\u1eb7c bi\u1ec7t ngon, gi\u00f2n ng\u1ecdt thanh thanh h\u01a1n so v\u1edbi lo\u1ea1i b\u1eafp (ng\u00f4) m\u00e0 ch\u00fang ta th\u01b0\u1eddng \u0103n. V\u1eady h\u00e3y c\u00f9ng Nh\u00e0 May M\u1eafn ch\u00fang em t\u00ecm hi\u1ec3u nhi\u1ec1u h\u01a1n v\u1ec1 B\u1eafp N\u1eef Ho\u00e0ng \u0111\u1ecf \u0110\u1eafk N\u00f4ng l\u00e0 g\u00ec? C\u00e1ch \u0103n, n\u01a1i mua v\u00e0 gi\u00e1 th\u00e0nh c\u1ee7a b\u1eafp N\u1eef Ho\u00e0ng \u0111\u1ecf tr\u00ean th\u1ecb tr\u01b0\u1eddng n\u00f3i chung v\u00e0 t\u1ea1i Nh\u00e0 May M\u1eafn \u0110\u1eafk N\u00f4ng ra sao nh\u00e9!<\/p>\n<h2 id=\"bap-nu-hoang-do-la-gi\">B\u1eafp n\u1eef ho\u00e0ng \u0111\u1ecf \u0110\u1eafk N\u00f4ng l\u00e0 g\u00ec?<\/h2>\n<p style=\"text-align: justify;\">B\u1eafp N\u1eef Ho\u00e0ng l\u00e0 gi\u1ed1ng b\u1eafp ng\u1ecdt, tr\u00e1i to \u0111\u1ec1u, c\u00f3 ngu\u1ed3n g\u1ed1c t\u1eeb Th\u00e1i Lan, \u0111\u01b0\u1ee3c b\u00e0 con n\u00f4ng d\u00e2n m\u00ecnh nh\u1eadp v\u1ec1 Vi\u1ec7t Nam v\u00e0 tr\u1ed3ng nhi\u1ec1u \u1edf khu v\u1ef1c \u0110\u00f4ng Nam B\u1ed9 c\u00f9ng v\u1edbi v\u00f9ng \u0111\u1ed3ng b\u1eb1ng s\u00f4ng C\u1eedu Long. V\u00e0 nay \u0111\u00e3 \u0111\u01b0\u1ee3c Nh\u00e0 May M\u1eafn ch\u00fang em \u0111em v\u1ec1 tr\u1ed3ng t\u1ea1i \u0110\u1eafk N\u00f4ng, m\u1ed1t v\u00f9ng \u0111\u1ea5t m\u00e0u m\u1ee1, kh\u00f4ng kh\u00ed trong l\u00e0nh<\/p>\n<p style=\"text-align: justify;\">H\u00ecnh d\u00e1ng c\u1ee7a b\u1eafp N\u1eef Ho\u00e0ng \u0111\u1ecf tr\u00f4ng gi\u1ed1ng nh\u01b0 b\u1eafp M\u1ef9, b\u1eafp m\u00e0 ch\u00fang ta th\u01b0\u1eddng d\u1ec5 th\u1ea5y \u1edf ch\u1ee3 v\u00e0 trong si\u00eau th\u1ecb nh\u01b0ng c\u00e1c h\u1ea1t b\u00ean trong b\u1eafp c\u00f3 m\u00e0u \u0111\u1ecf s\u1eabm v\u00e0 xen l\u1eabn v\u00e0i h\u1ea1t c\u00f3 m\u00e0u \u00e1nh t\u00edm. V\u1ecf b\u00ean ngo\u00e0i th\u01b0\u1eddng c\u00f3 m\u00e0u xanh nh\u01b0ng l\u1edbp v\u1ecf c\u00e0ng v\u00e0o s\u00e2u b\u00ean trong th\u00ec xu\u1ea5t hi\u1ec7n nh\u1eefng \u0111\u01b0\u1eddng v\u00e2n m\u00e0u \u0111\u1ecf t\u00edm \u0111\u1eadm. R\u00e2u b\u1eafp c\u00f3 m\u00e0u \u0111\u1ecf.<\/p>\n<p>S\u1ef1 kh\u00e1c bi\u1ec7t \u0111\u01a1n gi\u1ea3n d\u1ec5 \u0111\u1ec3 ph\u00e2n bi\u1ec7t b\u1eafp N\u1eef Ho\u00e0ng th\u1eadt hay gi\u1ea3 l\u00e0 khi ta b\u1ebb \u0111\u00f4i tr\u00e1i b\u1eafp, b\u1eafp N\u1eef Ho\u00e0ng s\u1ebd c\u00f3 ru\u1ed9t r\u1ed7ng v\u00e0 c\u00f3 1 c\u1ed9ng &#8220;r\u00e2u&#8221; \u1edf gi\u1eefa l\u00f5i<\/p>\n<p><img decoding=\"async\" class=\"size-full wp-image-35570 aligncenter\" src=\"https:\/\/maison-chance.org\/shop\/wp-content\/uploads\/2024\/03\/Bap-nu-hoang-01.jpg\" alt=\"B\u1eafp N\u1eef Ho\u00e0ng \u0111\u1ecf \u0110\u1eafk N\u00f4ng\" width=\"600\" height=\"268\" srcset=\"https:\/\/maison-chance.org\/shop\/wp-content\/uploads\/2024\/03\/Bap-nu-hoang-01.jpg 600w, https:\/\/maison-chance.org\/shop\/wp-content\/uploads\/2024\/03\/Bap-nu-hoang-01-510x228.jpg 510w\" sizes=\"(max-width: 600px) 100vw, 600px\" \/><\/p>\n<p style=\"text-align: center;\"><em>B\u1eafp n\u1ebfp \u0111\u1ecf (b\u00ean tr\u00e1i) c\u00f3 ru\u1ed9t \u0111\u1eb7c, b\u1ebb \u0111\u00f4i kh\u00f4ng &#8220;r\u00e2u&#8221;; b\u1eafp ng\u1ecdt N\u1eef Ho\u00e0ng \u0110\u1ecf (b\u00ean ph\u1ea3i) ru\u1ed9t r\u1ed7ng, b\u1ebb \u0111\u00f4i c\u00f3 s\u1ee3i &#8220;r\u00e2u&#8221;<\/em><\/p>\n<p>Theo l\u1eddi \u00f4ng Nguy\u1ec5n Qu\u1ed1c L\u00fd, hi\u1ec7n \u0111ang l\u00e0 Gi\u00e1m \u0111\u1ed1c Trung t\u00e2m kh\u1ea3o ki\u1ec3m nghi\u1ec7m gi\u1ed1ng, s\u1ea3n ph\u1ea9m c\u00e2y tr\u1ed3ng v\u00f9ng Nam B\u1ed9, \u0111\u00e3 chia s\u1ebb v\u1ec1 ngu\u1ed3n g\u1ed1c c\u1ee7a gi\u1ed1ng b\u1eafp N\u1eef Ho\u00e0ng nh\u01b0 sau: th\u1ef1c ch\u1ea5t, h\u1ea1t gi\u1ed1ng b\u1eafp n\u00e0y kh\u00f4ng ph\u1ea3i do b\u1ecb bi\u1ebfn \u0111\u1ed5i gen, m\u00e0 n\u00f3 \u0111\u01b0\u1ee3c lai t\u1ea1o theo c\u00f4ng th\u1ee9c v\u00e0 \u0111\u00e3 \u0111\u01b0\u1ee3c ki\u1ec3m tra ngu\u1ed3n g\u1ed1c tr\u01b0\u1edbc khi \u0111\u01b0\u1ee3c tr\u1ed3ng r\u1ed9ng r\u00e3i.<\/p>\n<p><img decoding=\"async\" class=\"size-full wp-image-35574 aligncenter\" src=\"https:\/\/maison-chance.org\/shop\/wp-content\/uploads\/2024\/03\/Bap-nu-hoang-02.jpg\" alt=\"B\u1eafp N\u1eef Ho\u00e0ng \u0111\u1ecf \u0110\u1eafk N\u00f4ng\" width=\"600\" height=\"338\" srcset=\"https:\/\/maison-chance.org\/shop\/wp-content\/uploads\/2024\/03\/Bap-nu-hoang-02.jpg 600w, https:\/\/maison-chance.org\/shop\/wp-content\/uploads\/2024\/03\/Bap-nu-hoang-02-510x287.jpg 510w\" sizes=\"(max-width: 600px) 100vw, 600px\" \/><\/p>\n<h2 id=\"bap-nu-hoang-do-dak-nong-an-nhu-thu-nao\">B\u1eafp N\u1eef Ho\u00e0ng \u0111\u1ecf \u0110\u1eafk N\u00f4ng \u0103n nh\u01b0 th\u1ebf n\u00e0o?<\/h2>\n<p style=\"text-align: justify;\">B\u1eafp n\u1eef ho\u00e0ng \u0111\u1ecf c\u00f3 c\u00e1ch \u0103n kh\u00e1 \u0111\u1ed9c \u0111\u00e1o, l\u1ea1 mi\u1ec7ng, v\u00ec \u0111\u00e2y l\u00e0 gi\u1ed1ng b\u1eafp \u0111\u1ea7u ti\u00ean t\u1ea1i Vi\u1ec7t Nam m\u00e0 ta c\u00f3 th\u1ec3 \u0103n s\u1ed1ng v\u00ec kh\u00f4ng c\u1ea7n ph\u1ea3i h\u1ea5p hay lu\u1ed9c ch\u00edn nh\u01b0 c\u00e1c gi\u1ed1ng b\u1eafp kh\u00e1c. Khi chu1g ta \u0103n s\u1ed1ng, ch\u00fang ta ch\u1ec9 c\u1ea7n r\u1eeda s\u1ea1ch, s\u1ebd ngon h\u01a1n khi \u0111\u01b0\u1ee3c l\u00e0m l\u00e0nh, ng\u00e2m n\u01b0\u1edbc \u0111\u00e1 v\u00e0 khi \u0103n s\u1ebd c\u1ea3m nh\u1eadn \u0111\u01b0\u1ee3c h\u01b0\u01a1ng v\u1ecb th\u01a1m, gi\u00f2n ng\u1ecdt v\u00e0 thanh m\u00e1t v\u1ed1n c\u00f3 c\u1ee7a b\u1eafp N\u1eef Ho\u00e0ng \u0111\u1ecf.<\/p>\n<p style=\"text-align: justify;\">Ngo\u00e0i ra, ch\u00fang ta v\u1eabn c\u00f3 th\u1ec3 d\u00f9ng b\u1eafp \u0111\u1ec3 ch\u1ebf bi\u1ebfn th\u00e0nh nhi\u1ec1u m\u00f3n \u0103n kh\u00e1c nh\u01b0 m\u00f3n salad, s\u00fap, ch\u00e8 v\u00e0 sinh t\u1ed1&#8230;.<\/p>\n<p style=\"text-align: justify;\">Tuy nhi\u00ean, vi\u1ec7c \u0103n s\u1ed1ng b\u1eafp N\u1eef Ho\u00e0ng \u0111\u1ecf s\u1ebd gi\u1eef \u0111\u01b0\u1ee3c h\u01b0\u01a1ng v\u1ecb v\u00e0 h\u00e0m l\u01b0\u1ee3ng ch\u1ea5t dinh d\u01b0\u1ee1ng v\u1ed1n c\u00f3 c\u1ee7a b\u1eafp m\u00e0 kh\u00f4ng b\u1ecb m\u1ea5t \u0111i so v\u1edbi vi\u1ec7c l\u00e0m ch\u00edn n\u00f3 tr\u01b0\u1edbc khi \u0103n. Ch\u00fang ta c\u0169ng c\u00f3 th\u1ec3 ch\u1ec9 n\u00ean h\u1ea5p c\u00e1ch th\u1ee7y d\u01b0\u1edbi kho\u1ea3ng 20 ph\u00fat ho\u1eb7c n\u01b0\u1edbng trong l\u00f2 vi s\u00f3ng t\u1ea7m 3 &#8211; 4 ph\u00fat tr\u01b0\u1edbc khi d\u00f9ng, tr\u00e1nh l\u00e0m b\u1eafp ch\u00edn qu\u00e1 v\u00ec s\u1ebd b\u1ecb gi\u1ea3m ch\u1ea5t dinh d\u01b0\u1ee1ng c\u00f3 trong b\u1eafp n\u1eef ho\u00e0ng \u0111\u1ecf nh\u00e9!<\/p>\n<p><img decoding=\"async\" class=\"size-medium wp-image-35578 aligncenter\" src=\"https:\/\/maison-chance.org\/shop\/wp-content\/uploads\/2024\/03\/Bap-nu-hoang-03-533x400.jpg\" alt=\"B\u1eafp N\u1eef Ho\u00e0ng \u0111\u1ecf \u0110\u1eafk N\u00f4ng\" width=\"533\" height=\"400\" srcset=\"https:\/\/maison-chance.org\/shop\/wp-content\/uploads\/2024\/03\/Bap-nu-hoang-03-533x400.jpg 533w, https:\/\/maison-chance.org\/shop\/wp-content\/uploads\/2024\/03\/Bap-nu-hoang-03-510x383.jpg 510w, https:\/\/maison-chance.org\/shop\/wp-content\/uploads\/2024\/03\/Bap-nu-hoang-03.jpg 600w\" sizes=\"(max-width: 533px) 100vw, 533px\" \/><\/p>\n<h2 id=\"bap-nu-hoang-do-dak-nong-mua-o-dau\">B\u1eafp n\u1eef ho\u00e0ng \u0111\u1ecf \u0110\u1eafk N\u00f4ng mua \u1edf \u0111\u00e2u?<\/h2>\n<p style=\"text-align: justify;\">B\u1eafp n\u1eef ho\u00e0ng \u0111\u1ecf l\u00e0 gi\u1ed1ng b\u1eafp m\u1edbi n\u00ean b\u1ea1n c\u00f3 th\u1ec3 t\u00ecm mua \u0111\u01b0\u1ee3c \u1edf m\u1ed9t s\u1ed1 ch\u1ee3 v\u00e0 si\u00eau th\u1ecb (t\u00f9y theo th\u1eddi \u0111i\u1ec3m). Tuy nhi\u00ean, b\u1ea1n c\u00f3 th\u1ec3 \u0111\u1eb7t mua online ho\u1eb7c mua tr\u1ef1c ti\u1ebfp t\u1ea1i Nh\u00e0 May M\u1eafn \u0110\u1eafk N\u00f4ng c\u1ee7a ch\u00fang t\u00f4i.<\/p>\n<p style=\"text-align: justify;\">\u0110\u1ecba ch\u1ec9 t\u1ea1i \u00d0\u1eafk N\u00f4ng: TTBTXH Nh\u00e0 May M\u1eafn Th\u00f4n \u0110\u1ee9c L\u1eadp, X\u00e3 \u0110\u1eafk S\u00f4r, Huy\u1ec7n Kr\u00f4ng N\u00f4, T\u1ec9nh \u0110\u1eafk N\u00f4ng<\/p>\n<p style=\"text-align: justify;\">C\u0169ng t\u1ea1i n\u01a1i \u0111\u00e2y ch\u00fang t\u00f4i \u0111ang nu\u00f4i d\u1ea1y c\u00e1c tr\u1ebb m\u1ed3 c\u00f4i, tr\u1ebb c\u00f3 gia \u0111\u00ecnh kh\u00f3 kh\u0103n v\u00e0 ng\u01b0\u1eddi khuy\u1ebft t\u1eadt v\u1eadn \u0111\u1ed9ng. V\u1edbi h\u01a1n 150 th\u00e0nh vi\u00ean \u0111ang sinh s\u1ed1ng t\u1ea1i n\u01a1i \u0111\u00e2y.<\/p>\n<p><img decoding=\"async\" class=\"size-full wp-image-35582 aligncenter\" src=\"https:\/\/maison-chance.org\/shop\/wp-content\/uploads\/2024\/03\/Bap-nu-hoang-04.jpg\" alt=\"B\u1eafp N\u1eef Ho\u00e0ng \u0111\u1ecf \u0110\u1eafk N\u00f4ng\" width=\"600\" height=\"338\" srcset=\"https:\/\/maison-chance.org\/shop\/wp-content\/uploads\/2024\/03\/Bap-nu-hoang-04.jpg 600w, https:\/\/maison-chance.org\/shop\/wp-content\/uploads\/2024\/03\/Bap-nu-hoang-04-510x287.jpg 510w\" sizes=\"(max-width: 600px) 100vw, 600px\" \/><\/p>\n<h2 id=\"bap-nu-hoang-do-dak-nong-gia-bao-nhieu\">B\u1eafp n\u1eef ho\u00e0ng \u0111\u1ecf \u0110\u1eafk N\u00f4ng gi\u00e1 bao nhi\u00eau?<\/h2>\n<p style=\"text-align: justify;\">Gi\u1ed1ng b\u1eafp N\u1eef Ho\u00e0ng \u0111\u1ecf \u0111\u01b0\u1ee3c tr\u1ed3ng kh\u00f4ng nhi\u1ec1u v\u00ec gi\u00e1 th\u00e0nh kh\u00e1 cao, kh\u00f3 tr\u1ed3ng, dao \u0111\u1ed9ng t\u1eeb 25.000 &#8211; 50.000VND\/tr\u00e1i tr\u00ean th\u1ecb tr\u01b0\u1eddng ri\u00eang Nh\u00e0 May M\u1eafn ch\u00fang em ch\u1ec9 b\u00e1n gi\u00e1 <strong><span style=\"color: #ff0000;\">20.000 vn\u0111<\/span><\/strong>, \u0111\u00e1p \u1ee9ng nhu c\u1ea7u th\u01b0\u1edfng th\u1ee9c c\u1ee7a m\u1ed9t s\u1ed1 th\u1ef1c kh\u00e1ch mu\u1ed1n tr\u1ea3i nghi\u1ec7m v\u1ec1 h\u01b0\u01a1ng v\u1ecb m\u1edbi l\u1ea1 t\u1eeb gi\u1ed1ng b\u1eafp n\u00e0y, c\u0169ng l\u00e0 ngu\u1ed3n kinh ph\u00ed \u0111\u1ec3 ch\u00fang t\u00f4i ti\u1ebfp t\u1ee5c v\u1eadn h\u00e0nh t\u1ed5 ch\u1ee9c thi\u1ec7n nguy\u1ec7n nu\u00f4i d\u1ea1y tr\u1ebb m\u1ed3 c\u00f4i v\u00e0 ng\u01b0\u1eddi khuy\u1ebft t\u1eadt c\u1ee7a ch\u00fang t\u00f4i.<\/p>\n<p style=\"text-align: justify;\">Ngo\u00e0i n\u00f4ng s\u1ea3n t\u01b0\u01a1i b\u1eafp N\u1eef Ho\u00e0ng tr\u00ean, ch\u00fang t\u00f4i c\u00f2n h\u00e2n h\u1ea1nh ph\u1ee5c v\u1ee5 Qu\u00fd kh\u00e1ch c\u00e1c lo\u1ea1i n\u00f4ng s\u1ea3n kh\u00f4 nh\u01b0 : h\u1ea1t m\u1eafc ca n\u1ee9c v\u1ecf, h\u1ea1t \u0111i\u1ec1u rang mu\u1ed1i, vi\u00ean tinh b\u1ed9t ngh\u1ec7 hoa c\u00e0 ph\u00ea, tinh b\u1ed9t ngh\u1ec7 nguy\u00ean ch\u1ea5t, m\u1eadt ong hoa c\u00e0 ph\u00ea r\u1ea5t mong nh\u1eadn \u0111\u01b0\u1ee3c s\u1ef1 \u1ee7ng h\u1ed9 c\u1ee7a Qu\u00fd nh\u00e0 h\u1ea3o t\u00e2m!<\/p>\n","protected":false},"excerpt":{"rendered":"<p>B\u1eafp N\u1eef Ho\u00e0ng l\u00e0 m\u1ed9t trong nh\u1eefng th\u1ef1c ph\u1ea9m \u0111ang nh\u1eadn \u0111\u01b0\u1ee3c s\u1ef1 \u01b0a chu\u1ed9ng v\u00e0 y\u00eau th\u00edch c\u1ee7a r\u1ea5t nhi\u1ec1u ng\u01b0\u1eddi ti\u00eau d\u00f9ng trong giai \u0111o\u1ea1n hi\u1ec7n nay.<\/p>\n<p style=\"text-align: justify;\">V\u1ec1 \u0111\u1eb7c \u0111i\u1ec3m h\u00ecnh d\u00e1ng, b\u1eafp N\u1eef Ho\u00e0ng \u0111\u1ecf t\u01b0\u01a1ng t\u1ef1 nh\u01b0 c\u00e1c lo\u1ea1i b\u1eafp ng\u00f4 th\u00f4ng th\u01b0\u1eddng kh\u00e1c. Tuy nhi\u00ean, v\u1ec1 m\u00e0u s\u1eafc, \u0111\u00fang nh\u01b0 t\u00ean g\u1ecdi c\u1ee7a n\u00f3, ng\u00f4 \u0111\u1ecf c\u00f3 m\u00e0u \u00e1nh t\u00edm xem v\u1edbi \u0111\u1ecf th\u1eabm. Ph\u1ea7n r\u00e2u c\u1ee7a ng\u00f4 c\u00f9ng c\u00f3 m\u00e0u t\u01b0\u01a1ng t\u1ef1 nh\u01b0 h\u1ea1t b\u1eafp.<\/p>\n<p style=\"text-align: justify;\">Hotline : <span style=\"font-size: 20px;\"><strong><span style=\"color: #ff0000;\">090 906 2528<\/span><\/strong><\/span><\/p>\n","protected":false},"featured_media":30656,"template":"","meta":[],"product_brand":[],"product_cat":[164,166],"product_tag":[],"class_list":{"0":"post-30655","1":"product","2":"type-product","3":"status-publish","4":"has-post-thumbnail","6":"product_cat-nong-san-dak-nong","7":"product_cat-nong-san-tuoi","9":"first","10":"outofstock","11":"shipping-taxable","12":"purchasable","13":"product-type-simple"},"yoast_head":"<!-- This site is optimized with the Yoast SEO Premium plugin v22.7 (Yoast SEO v25.3.1) - https:\/\/yoast.com\/wordpress\/plugins\/seo\/ -->\n<title>B\u1eafp N\u1eef Ho\u00e0ng \u0111\u1ecf \u0110\u1eafk N\u00f4ng - Nh\u00e0 May M\u1eafn - Maison Chance<\/title>\n<meta name=\"description\" content=\"B\u1eafp N\u1eef Ho\u00e0ng \u0111\u1ecf \u0110\u1eafk N\u00f4ng c\u00f3 m\u00e0u s\u1eafc b\u1eaft m\u1eaft kh\u00e1ch ti\u00eau d\u00f9ng v\u00e0 h\u01b0\u01a1ng v\u1ecb \u0111\u1eb7c bi\u1ec7t ngon, gi\u00f2n ng\u1ecdt thanh thanh h\u01a1n so v\u1edbi lo\u1ea1i b\u1eafp (ng\u00f4) m\u00e0 ch\u00fang ta th\u01b0\u1eddng \u0103n\" \/>\n<meta name=\"robots\" content=\"index, follow, max-snippet:-1, max-image-preview:large, max-video-preview:-1\" \/>\n<link rel=\"canonical\" href=\"https:\/\/maison-chance.org\/shop\/san-pham\/bap-nu-hoang-do-dak-nong\" \/>\n<meta property=\"og:locale\" content=\"vi_VN\" \/>\n<meta property=\"og:type\" content=\"article\" \/>\n<meta property=\"og:title\" content=\"B\u1eafp N\u1eef Ho\u00e0ng \u0111\u1ecf \u0110\u1eafk N\u00f4ng\" \/>\n<meta property=\"og:description\" content=\"B\u1eafp N\u1eef Ho\u00e0ng \u0111\u1ecf \u0110\u1eafk N\u00f4ng c\u00f3 m\u00e0u s\u1eafc b\u1eaft m\u1eaft kh\u00e1ch ti\u00eau d\u00f9ng v\u00e0 h\u01b0\u01a1ng v\u1ecb \u0111\u1eb7c bi\u1ec7t ngon, gi\u00f2n ng\u1ecdt thanh thanh h\u01a1n so v\u1edbi lo\u1ea1i b\u1eafp (ng\u00f4) m\u00e0 ch\u00fang ta th\u01b0\u1eddng \u0103n\" \/>\n<meta property=\"og:url\" content=\"https:\/\/maison-chance.org\/shop\/san-pham\/bap-nu-hoang-do-dak-nong\" \/>\n<meta property=\"og:site_name\" content=\"Nh\u00e0 May M\u1eafn - Maison Chance\" \/>\n<meta property=\"article:publisher\" content=\"https:\/\/www.facebook.com\/dnxh.nhamayman\/\" \/>\n<meta property=\"article:modified_time\" content=\"2025-07-26T03:27:26+00:00\" \/>\n<meta property=\"og:image\" content=\"https:\/\/maison-chance.org\/shop\/wp-content\/uploads\/2024\/03\/bap-nu-hoang.jpg\" \/>\n\t<meta property=\"og:image:width\" content=\"1000\" \/>\n\t<meta property=\"og:image:height\" content=\"1000\" \/>\n\t<meta property=\"og:image:type\" content=\"image\/jpeg\" \/>\n<meta name=\"twitter:card\" content=\"summary_large_image\" \/>\n<meta name=\"twitter:label1\" content=\"Gi\u00e1\" \/>\n\t<meta name=\"twitter:data1\" content=\"1.00&nbsp;&#036;\" \/>\n\t<meta name=\"twitter:label2\" content=\"Availability\" \/>\n\t<meta name=\"twitter:data2\" content=\"Out of stock\" \/>\n<script type=\"application\/ld+json\" class=\"yoast-schema-graph\">{\"@context\":\"https:\/\/schema.org\",\"@graph\":[{\"@type\":\"WebPage\",\"@id\":\"https:\/\/maison-chance.org\/shop\/san-pham\/bap-nu-hoang-do-dak-nong\",\"url\":\"https:\/\/maison-chance.org\/shop\/san-pham\/bap-nu-hoang-do-dak-nong\",\"name\":\"B\u1eafp N\u1eef Ho\u00e0ng \u0111\u1ecf \u0110\u1eafk N\u00f4ng - Nh\u00e0 May M\u1eafn - Maison Chance\",\"isPartOf\":{\"@id\":\"https:\/\/maison-chance.org\/shop\/#website\"},\"primaryImageOfPage\":{\"@id\":\"https:\/\/maison-chance.org\/shop\/san-pham\/bap-nu-hoang-do-dak-nong#primaryimage\"},\"image\":{\"@id\":\"https:\/\/maison-chance.org\/shop\/san-pham\/bap-nu-hoang-do-dak-nong#primaryimage\"},\"thumbnailUrl\":\"https:\/\/maison-chance.org\/shop\/wp-content\/uploads\/2024\/03\/bap-nu-hoang.jpg\",\"datePublished\":\"2024-03-08T17:18:58+00:00\",\"dateModified\":\"2025-07-26T03:27:26+00:00\",\"description\":\"B\u1eafp N\u1eef Ho\u00e0ng \u0111\u1ecf \u0110\u1eafk N\u00f4ng c\u00f3 m\u00e0u s\u1eafc b\u1eaft m\u1eaft kh\u00e1ch ti\u00eau d\u00f9ng v\u00e0 h\u01b0\u01a1ng v\u1ecb \u0111\u1eb7c bi\u1ec7t ngon, gi\u00f2n ng\u1ecdt thanh thanh h\u01a1n so v\u1edbi lo\u1ea1i b\u1eafp (ng\u00f4) m\u00e0 ch\u00fang ta th\u01b0\u1eddng \u0103n\",\"breadcrumb\":{\"@id\":\"https:\/\/maison-chance.org\/shop\/san-pham\/bap-nu-hoang-do-dak-nong#breadcrumb\"},\"inLanguage\":\"vi-VN\",\"potentialAction\":[{\"@type\":\"ReadAction\",\"target\":[\"https:\/\/maison-chance.org\/shop\/san-pham\/bap-nu-hoang-do-dak-nong\"]}]},{\"@type\":\"ImageObject\",\"inLanguage\":\"vi-VN\",\"@id\":\"https:\/\/maison-chance.org\/shop\/san-pham\/bap-nu-hoang-do-dak-nong#primaryimage\",\"url\":\"https:\/\/maison-chance.org\/shop\/wp-content\/uploads\/2024\/03\/bap-nu-hoang.jpg\",\"contentUrl\":\"https:\/\/maison-chance.org\/shop\/wp-content\/uploads\/2024\/03\/bap-nu-hoang.jpg\",\"width\":1000,\"height\":1000,\"caption\":\"B\u1eafp N\u1eef Ho\u00e0ng \u0111\u1ecf \u0110\u1eafk N\u00f4ng\"},{\"@type\":\"BreadcrumbList\",\"@id\":\"https:\/\/maison-chance.org\/shop\/san-pham\/bap-nu-hoang-do-dak-nong#breadcrumb\",\"itemListElement\":[{\"@type\":\"ListItem\",\"position\":1,\"name\":\"Trang ch\u1ee7\",\"item\":\"https:\/\/maison-chance.org\/shop\/\"},{\"@type\":\"ListItem\",\"position\":2,\"name\":\"Shop\",\"item\":\"https:\/\/maison-chance.org\/shop\/shop\"},{\"@type\":\"ListItem\",\"position\":3,\"name\":\"B\u1eafp N\u1eef Ho\u00e0ng \u0111\u1ecf \u0110\u1eafk N\u00f4ng\"}]},{\"@type\":\"WebSite\",\"@id\":\"https:\/\/maison-chance.org\/shop\/#website\",\"url\":\"https:\/\/maison-chance.org\/shop\/\",\"name\":\"Nh\u00e0 May M\u1eafn - Maison Chance\",\"description\":\"M\u1ecdi l\u1ee3i nhu\u1eadn thu v\u1ec1 t\u1eeb vi\u1ec7c b\u00e1n h\u00e0ng s\u1ebd tr\u00edch m\u1ed9t ph\u1ea7n \u0111\u1ec3 ch\u0103m lo cho \u0111\u1eddi s\u1ed1ng c\u00e1c b\u1ea1n khuy\u1ebft t\u1eadt v\u00e0 tr\u1ebb m\u1ed3 c\u00f4i \u1edf \u0111\u00e2y\",\"publisher\":{\"@id\":\"https:\/\/maison-chance.org\/shop\/#organization\"},\"potentialAction\":[{\"@type\":\"SearchAction\",\"target\":{\"@type\":\"EntryPoint\",\"urlTemplate\":\"https:\/\/maison-chance.org\/shop\/?s={search_term_string}\"},\"query-input\":{\"@type\":\"PropertyValueSpecification\",\"valueRequired\":true,\"valueName\":\"search_term_string\"}}],\"inLanguage\":\"vi-VN\"},{\"@type\":\"Organization\",\"@id\":\"https:\/\/maison-chance.org\/shop\/#organization\",\"name\":\"Nh\u00e0 May M\u1eafn - Maison Chance\",\"url\":\"https:\/\/maison-chance.org\/shop\/\",\"logo\":{\"@type\":\"ImageObject\",\"inLanguage\":\"vi-VN\",\"@id\":\"https:\/\/maison-chance.org\/shop\/#\/schema\/logo\/image\/\",\"url\":\"https:\/\/maison-chance.org\/shop\/wp-content\/uploads\/2024\/03\/cropped-Logo_DNXH.png\",\"contentUrl\":\"https:\/\/maison-chance.org\/shop\/wp-content\/uploads\/2024\/03\/cropped-Logo_DNXH.png\",\"width\":512,\"height\":512,\"caption\":\"Nh\u00e0 May M\u1eafn - Maison Chance\"},\"image\":{\"@id\":\"https:\/\/maison-chance.org\/shop\/#\/schema\/logo\/image\/\"},\"sameAs\":[\"https:\/\/www.facebook.com\/dnxh.nhamayman\/\"]}]}<\/script>\n<meta property=\"product:price:amount\" content=\"1.00\" \/>\n<meta property=\"product:price:currency\" content=\"USD\" \/>\n<meta property=\"og:availability\" content=\"out of stock\" \/>\n<meta property=\"product:availability\" content=\"out of stock\" \/>\n<meta property=\"product:condition\" content=\"new\" \/>\n<!-- \/ Yoast SEO Premium plugin. -->","yoast_head_json":{"title":"B\u1eafp N\u1eef Ho\u00e0ng \u0111\u1ecf \u0110\u1eafk N\u00f4ng - Nh\u00e0 May M\u1eafn - Maison Chance","description":"B\u1eafp N\u1eef Ho\u00e0ng \u0111\u1ecf \u0110\u1eafk N\u00f4ng c\u00f3 m\u00e0u s\u1eafc b\u1eaft m\u1eaft kh\u00e1ch ti\u00eau d\u00f9ng v\u00e0 h\u01b0\u01a1ng v\u1ecb \u0111\u1eb7c bi\u1ec7t ngon, gi\u00f2n ng\u1ecdt thanh thanh h\u01a1n so v\u1edbi lo\u1ea1i b\u1eafp (ng\u00f4) m\u00e0 ch\u00fang ta th\u01b0\u1eddng \u0103n","robots":{"index":"index","follow":"follow","max-snippet":"max-snippet:-1","max-image-preview":"max-image-preview:large","max-video-preview":"max-video-preview:-1"},"canonical":"https:\/\/maison-chance.org\/shop\/san-pham\/bap-nu-hoang-do-dak-nong","og_locale":"vi_VN","og_type":"article","og_title":"B\u1eafp N\u1eef Ho\u00e0ng \u0111\u1ecf \u0110\u1eafk N\u00f4ng","og_description":"B\u1eafp N\u1eef Ho\u00e0ng \u0111\u1ecf \u0110\u1eafk N\u00f4ng c\u00f3 m\u00e0u s\u1eafc b\u1eaft m\u1eaft kh\u00e1ch ti\u00eau d\u00f9ng v\u00e0 h\u01b0\u01a1ng v\u1ecb \u0111\u1eb7c bi\u1ec7t ngon, gi\u00f2n ng\u1ecdt thanh thanh h\u01a1n so v\u1edbi lo\u1ea1i b\u1eafp (ng\u00f4) m\u00e0 ch\u00fang ta th\u01b0\u1eddng \u0103n","og_url":"https:\/\/maison-chance.org\/shop\/san-pham\/bap-nu-hoang-do-dak-nong","og_site_name":"Nh\u00e0 May M\u1eafn - Maison Chance","article_publisher":"https:\/\/www.facebook.com\/dnxh.nhamayman\/","article_modified_time":"2025-07-26T03:27:26+00:00","og_image":[{"width":1000,"height":1000,"url":"https:\/\/maison-chance.org\/shop\/wp-content\/uploads\/2024\/03\/bap-nu-hoang.jpg","type":"image\/jpeg"}],"twitter_card":"summary_large_image","twitter_misc":{"Gi\u00e1":"1.00&nbsp;&#36;","Availability":"Out of stock"},"schema":{"@context":"https:\/\/schema.org","@graph":[{"@type":"WebPage","@id":"https:\/\/maison-chance.org\/shop\/san-pham\/bap-nu-hoang-do-dak-nong","url":"https:\/\/maison-chance.org\/shop\/san-pham\/bap-nu-hoang-do-dak-nong","name":"B\u1eafp N\u1eef Ho\u00e0ng \u0111\u1ecf \u0110\u1eafk N\u00f4ng - Nh\u00e0 May M\u1eafn - Maison Chance","isPartOf":{"@id":"https:\/\/maison-chance.org\/shop\/#website"},"primaryImageOfPage":{"@id":"https:\/\/maison-chance.org\/shop\/san-pham\/bap-nu-hoang-do-dak-nong#primaryimage"},"image":{"@id":"https:\/\/maison-chance.org\/shop\/san-pham\/bap-nu-hoang-do-dak-nong#primaryimage"},"thumbnailUrl":"https:\/\/maison-chance.org\/shop\/wp-content\/uploads\/2024\/03\/bap-nu-hoang.jpg","datePublished":"2024-03-08T17:18:58+00:00","dateModified":"2025-07-26T03:27:26+00:00","description":"B\u1eafp N\u1eef Ho\u00e0ng \u0111\u1ecf \u0110\u1eafk N\u00f4ng c\u00f3 m\u00e0u s\u1eafc b\u1eaft m\u1eaft kh\u00e1ch ti\u00eau d\u00f9ng v\u00e0 h\u01b0\u01a1ng v\u1ecb \u0111\u1eb7c bi\u1ec7t ngon, gi\u00f2n ng\u1ecdt thanh thanh h\u01a1n so v\u1edbi lo\u1ea1i b\u1eafp (ng\u00f4) m\u00e0 ch\u00fang ta th\u01b0\u1eddng \u0103n","breadcrumb":{"@id":"https:\/\/maison-chance.org\/shop\/san-pham\/bap-nu-hoang-do-dak-nong#breadcrumb"},"inLanguage":"vi-VN","potentialAction":[{"@type":"ReadAction","target":["https:\/\/maison-chance.org\/shop\/san-pham\/bap-nu-hoang-do-dak-nong"]}]},{"@type":"ImageObject","inLanguage":"vi-VN","@id":"https:\/\/maison-chance.org\/shop\/san-pham\/bap-nu-hoang-do-dak-nong#primaryimage","url":"https:\/\/maison-chance.org\/shop\/wp-content\/uploads\/2024\/03\/bap-nu-hoang.jpg","contentUrl":"https:\/\/maison-chance.org\/shop\/wp-content\/uploads\/2024\/03\/bap-nu-hoang.jpg","width":1000,"height":1000,"caption":"B\u1eafp N\u1eef Ho\u00e0ng \u0111\u1ecf \u0110\u1eafk N\u00f4ng"},{"@type":"BreadcrumbList","@id":"https:\/\/maison-chance.org\/shop\/san-pham\/bap-nu-hoang-do-dak-nong#breadcrumb","itemListElement":[{"@type":"ListItem","position":1,"name":"Trang ch\u1ee7","item":"https:\/\/maison-chance.org\/shop\/"},{"@type":"ListItem","position":2,"name":"Shop","item":"https:\/\/maison-chance.org\/shop\/shop"},{"@type":"ListItem","position":3,"name":"B\u1eafp N\u1eef Ho\u00e0ng \u0111\u1ecf \u0110\u1eafk N\u00f4ng"}]},{"@type":"WebSite","@id":"https:\/\/maison-chance.org\/shop\/#website","url":"https:\/\/maison-chance.org\/shop\/","name":"Nh\u00e0 May M\u1eafn - Maison Chance","description":"M\u1ecdi l\u1ee3i nhu\u1eadn thu v\u1ec1 t\u1eeb vi\u1ec7c b\u00e1n h\u00e0ng s\u1ebd tr\u00edch m\u1ed9t ph\u1ea7n \u0111\u1ec3 ch\u0103m lo cho \u0111\u1eddi s\u1ed1ng c\u00e1c b\u1ea1n khuy\u1ebft t\u1eadt v\u00e0 tr\u1ebb m\u1ed3 c\u00f4i \u1edf \u0111\u00e2y","publisher":{"@id":"https:\/\/maison-chance.org\/shop\/#organization"},"potentialAction":[{"@type":"SearchAction","target":{"@type":"EntryPoint","urlTemplate":"https:\/\/maison-chance.org\/shop\/?s={search_term_string}"},"query-input":{"@type":"PropertyValueSpecification","valueRequired":true,"valueName":"search_term_string"}}],"inLanguage":"vi-VN"},{"@type":"Organization","@id":"https:\/\/maison-chance.org\/shop\/#organization","name":"Nh\u00e0 May M\u1eafn - Maison Chance","url":"https:\/\/maison-chance.org\/shop\/","logo":{"@type":"ImageObject","inLanguage":"vi-VN","@id":"https:\/\/maison-chance.org\/shop\/#\/schema\/logo\/image\/","url":"https:\/\/maison-chance.org\/shop\/wp-content\/uploads\/2024\/03\/cropped-Logo_DNXH.png","contentUrl":"https:\/\/maison-chance.org\/shop\/wp-content\/uploads\/2024\/03\/cropped-Logo_DNXH.png","width":512,"height":512,"caption":"Nh\u00e0 May M\u1eafn - Maison Chance"},"image":{"@id":"https:\/\/maison-chance.org\/shop\/#\/schema\/logo\/image\/"},"sameAs":["https:\/\/www.facebook.com\/dnxh.nhamayman\/"]}]},"product_price_amount":"1.00","product_price_currency":"USD","og_availability":"out of stock","product_availability":"out of stock","product_condition":"new"},"_links":{"self":[{"href":"https:\/\/maison-chance.org\/shop\/wp-json\/wp\/v2\/product\/30655","targetHints":{"allow":["GET"]}}],"collection":[{"href":"https:\/\/maison-chance.org\/shop\/wp-json\/wp\/v2\/product"}],"about":[{"href":"https:\/\/maison-chance.org\/shop\/wp-json\/wp\/v2\/types\/product"}],"wp:featuredmedia":[{"embeddable":true,"href":"https:\/\/maison-chance.org\/shop\/wp-json\/wp\/v2\/media\/30656"}],"wp:attachment":[{"href":"https:\/\/maison-chance.org\/shop\/wp-json\/wp\/v2\/media?parent=30655"}],"wp:term":[{"taxonomy":"product_brand","embeddable":true,"href":"https:\/\/maison-chance.org\/shop\/wp-json\/wp\/v2\/product_brand?post=30655"},{"taxonomy":"product_cat","embeddable":true,"href":"https:\/\/maison-chance.org\/shop\/wp-json\/wp\/v2\/product_cat?post=30655"},{"taxonomy":"product_tag","embeddable":true,"href":"https:\/\/maison-chance.org\/shop\/wp-json\/wp\/v2\/product_tag?post=30655"}],"curies":[{"name":"wp","href":"https:\/\/api.w.org\/{rel}","templated":true}]}}