{"id":30667,"date":"2024-03-09T11:58:19","date_gmt":"2024-03-09T04:58:19","guid":{"rendered":"https:\/\/maison-chance.org\/shop\/?post_type=product&#038;p=30667"},"modified":"2025-07-14T11:36:25","modified_gmt":"2025-07-14T04:36:25","slug":"de-lot-ly-bang-da","status":"publish","type":"product","link":"https:\/\/maison-chance.org\/shop\/san-pham\/de-lot-ly-bang-da","title":{"rendered":"\u0110\u1ebf l\u00f3t ly b\u1eb1ng \u0111\u00e1"},"content":{"rendered":"<p><span data-sheets-root=\"1\">M\u1ed7i chi\u1ebfc \u0111\u1ebf l\u00f3t ly l\u00e0 m\u1ed9t l\u00e1t c\u1eaft t\u1eeb \u0111\u00e1 Serpentine \u2013 lo\u1ea1i \u0111\u00e1 t\u1ef1 nhi\u00ean c\u00f3 m\u00e0u s\u1eafc v\u00e0 v\u00e2n \u0111\u00e1 ri\u00eang bi\u1ec7t. \u0110\u01b0\u1ee3c ch\u1ebf t\u00e1c ho\u00e0n to\u00e0n b\u1eb1ng tay b\u1edfi ng\u01b0\u1eddi khuy\u1ebft t\u1eadt t\u1ea1i x\u01b0\u1edfng \u0111\u00e1 Nh\u00e0 May M\u1eafn, s\u1ea3n ph\u1ea9m kh\u00f4ng ch\u1ec9 mang v\u1ebb \u0111\u1eb9p m\u1ed9c m\u1ea1c m\u00e0 c\u00f2n ch\u1ee9a \u0111\u1ef1ng gi\u00e1 tr\u1ecb nh\u00e2n v\u0103n s\u00e2u s\u1eafc.<\/p>\n<p>V\u1edbi thi\u1ebft k\u1ebf h\u00ecnh l\u1ee5c gi\u00e1c \u0111\u1ed9c \u0111\u00e1o, b\u1ec1 m\u1eb7t m\u00e0i nh\u1eb5n, \u0111\u1ebf l\u00f3t ly b\u1eb1ng \u0111\u00e1 gi\u00fap gi\u1eef nhi\u1ec7t t\u1ed1t h\u01a1n cho \u0111\u1ed3 u\u1ed1ng, \u0111\u1ed3ng th\u1eddi b\u1ea3o v\u1ec7 m\u1eb7t b\u00e0n kh\u1ecfi v\u1ebft n\u01b0\u1edbc v\u00e0 nhi\u1ec7t. M\u1ed7i b\u1ed9 g\u1ed3m 2 chi\u1ebfc, nh\u1ecf g\u1ecdn, ti\u1ec7n d\u00f9ng trong nhi\u1ec1u kh\u00f4ng gian \u2013 t\u1eeb ph\u00f2ng l\u00e0m vi\u1ec7c, ph\u00f2ng kh\u00e1ch, \u0111\u1ebfn qu\u00e1n c\u00e0 ph\u00ea hay l\u00e0m qu\u00e0 t\u1eb7ng tinh t\u1ebf.<\/p>\n<p>L\u01b0u \u00fd:<br \/>\n&#8211; S\u1ea3n ph\u1ea9m ch\u1ec9 \u0111\u01b0\u1ee3c s\u1ea3n xu\u1ea5t theo \u0111\u01a1n \u0111\u1eb7t h\u00e0ng t\u1eeb 50 b\u1ed9 tr\u1edf l\u00ean. Th\u1eddi gian s\u1ea3n xu\u1ea5t linh ho\u1ea1t, t\u00f9y theo s\u1ed1 l\u01b0\u1ee3ng \u0111\u1eb7t.<br \/>\n&#8211; V\u00ec l\u00e0m th\u1ee7 c\u00f4ng t\u1eeb \u0111\u00e1 t\u1ef1 nhi\u00ean, m\u1ed7i chi\u1ebfc c\u00f3 th\u1ec3 c\u00f3 m\u00e0u s\u1eafc v\u00e0 \u0111\u01b0\u1eddng v\u00e2n kh\u00e1c nhau \u2013 \u0111\u00f3 c\u0169ng ch\u00ednh l\u00e0 n\u00e9t \u0111\u1ed9c \u0111\u00e1o kh\u00f4ng tr\u00f9ng l\u1eb7p c\u1ee7a s\u1ea3n ph\u1ea9m.<\/span><\/p>\n","protected":false},"excerpt":{"rendered":"<p>Ch\u1ea5t li\u1ec7u: \u0111\u00e1 Serpentine<br \/>\nTr\u1ecdng l\u01b0\u1ee3ng: 125 gr<br \/>\nK\u00edch th\u01b0\u1edbc: 10 x 9 cm<br \/>\nCode: TU14<\/p>\n<p>Hotline : <span style=\"font-size: 20px;\"><strong><span style=\"color: #ff0000;\">090 906 2528<\/span><\/strong><\/span><\/p>\n<p>N\u1ebfu b\u1ea1n \u1edf Vi\u1ec7t Nam vui l\u00f2ng li\u00ean h\u1ec7 ch\u00fang t\u00f4i theo s\u1ed1 hotline ho\u1eb7c fanpage doanh nghi\u1ec7p Nh\u00e0 May M\u1eafn ch\u00fang t\u00f4i \u0111\u1ec3 bi\u1ebft gi\u00e1 b\u00e1n t\u1ea1i Vi\u1ec7t Nam.<\/p>\n","protected":false},"featured_media":30668,"template":"","meta":[],"product_brand":[],"product_cat":[157,163],"product_tag":[],"class_list":{"0":"post-30667","1":"product","2":"type-product","3":"status-publish","4":"has-post-thumbnail","6":"product_cat-phong-da-my-nghe","7":"product_cat-san-pham-khac","9":"first","10":"instock","11":"shipping-taxable","12":"purchasable","13":"product-type-simple"},"yoast_head":"<!-- This site is optimized with the Yoast SEO Premium plugin v22.7 (Yoast SEO v25.3.1) - https:\/\/yoast.com\/wordpress\/plugins\/seo\/ -->\n<title>\u0110\u1ebf l\u00f3t ly b\u1eb1ng \u0111\u00e1 - Nh\u00e0 May M\u1eafn - Maison Chance<\/title>\n<meta name=\"description\" content=\"Nh\u00e0 May M\u1eafn - Maison Chance xin gi\u1edbi thi\u1ec7u b\u1ed9 \u0111\u1ebf l\u00f3t ly l\u00e0m t\u1eeb \u0111\u00e1, m\u1ed9t s\u1ea3n ph\u1ea9m th\u1ee7 c\u00f4ng \u0111\u1ed9c \u0111\u00e1o v\u00e0 mang \u00fd ngh\u0129a nh\u00e2n v\u0103n, \u0111\u01b0\u1ee3c ch\u1ebf t\u00e1c b\u1edfi nh\u1eefng ng\u01b0\u1eddi khuy\u1ebft t\u1eadt trong c\u1ed9ng \u0111\u1ed3ng Nh\u00e0 May M\u1eafn\" \/>\n<meta name=\"robots\" content=\"index, follow, max-snippet:-1, max-image-preview:large, max-video-preview:-1\" \/>\n<link rel=\"canonical\" href=\"https:\/\/maison-chance.org\/shop\/san-pham\/de-lot-ly-bang-da\" \/>\n<meta property=\"og:locale\" content=\"vi_VN\" \/>\n<meta property=\"og:type\" content=\"article\" \/>\n<meta property=\"og:title\" content=\"\u0110\u1ebf l\u00f3t ly b\u1eb1ng \u0111\u00e1\" \/>\n<meta property=\"og:description\" content=\"Nh\u00e0 May M\u1eafn - Maison Chance xin gi\u1edbi thi\u1ec7u b\u1ed9 \u0111\u1ebf l\u00f3t ly l\u00e0m t\u1eeb \u0111\u00e1, m\u1ed9t s\u1ea3n ph\u1ea9m th\u1ee7 c\u00f4ng \u0111\u1ed9c \u0111\u00e1o v\u00e0 mang \u00fd ngh\u0129a nh\u00e2n v\u0103n, \u0111\u01b0\u1ee3c ch\u1ebf t\u00e1c b\u1edfi nh\u1eefng ng\u01b0\u1eddi khuy\u1ebft t\u1eadt trong c\u1ed9ng \u0111\u1ed3ng Nh\u00e0 May M\u1eafn\" \/>\n<meta property=\"og:url\" content=\"https:\/\/maison-chance.org\/shop\/san-pham\/de-lot-ly-bang-da\" \/>\n<meta property=\"og:site_name\" content=\"Nh\u00e0 May M\u1eafn - Maison Chance\" \/>\n<meta property=\"article:publisher\" content=\"https:\/\/www.facebook.com\/dnxh.nhamayman\/\" \/>\n<meta property=\"article:modified_time\" content=\"2025-07-14T04:36:25+00:00\" \/>\n<meta property=\"og:image\" content=\"https:\/\/maison-chance.org\/shop\/wp-content\/uploads\/2024\/03\/de-lot-ly-01.jpg\" \/>\n\t<meta property=\"og:image:width\" content=\"600\" \/>\n\t<meta property=\"og:image:height\" content=\"600\" \/>\n\t<meta property=\"og:image:type\" content=\"image\/jpeg\" \/>\n<meta name=\"twitter:card\" content=\"summary_large_image\" \/>\n<meta name=\"twitter:label1\" content=\"Gi\u00e1\" \/>\n\t<meta name=\"twitter:data1\" content=\"18.20&nbsp;&#036;\" \/>\n\t<meta name=\"twitter:label2\" content=\"Availability\" \/>\n\t<meta name=\"twitter:data2\" content=\"In stock\" \/>\n<script type=\"application\/ld+json\" class=\"yoast-schema-graph\">{\"@context\":\"https:\/\/schema.org\",\"@graph\":[{\"@type\":\"WebPage\",\"@id\":\"https:\/\/maison-chance.org\/shop\/san-pham\/de-lot-ly-bang-da\",\"url\":\"https:\/\/maison-chance.org\/shop\/san-pham\/de-lot-ly-bang-da\",\"name\":\"\u0110\u1ebf l\u00f3t ly b\u1eb1ng \u0111\u00e1 - Nh\u00e0 May M\u1eafn - Maison Chance\",\"isPartOf\":{\"@id\":\"https:\/\/maison-chance.org\/shop\/#website\"},\"primaryImageOfPage\":{\"@id\":\"https:\/\/maison-chance.org\/shop\/san-pham\/de-lot-ly-bang-da#primaryimage\"},\"image\":{\"@id\":\"https:\/\/maison-chance.org\/shop\/san-pham\/de-lot-ly-bang-da#primaryimage\"},\"thumbnailUrl\":\"https:\/\/maison-chance.org\/shop\/wp-content\/uploads\/2024\/03\/de-lot-ly-01.jpg\",\"datePublished\":\"2024-03-09T04:58:19+00:00\",\"dateModified\":\"2025-07-14T04:36:25+00:00\",\"description\":\"Nh\u00e0 May M\u1eafn - Maison Chance xin gi\u1edbi thi\u1ec7u b\u1ed9 \u0111\u1ebf l\u00f3t ly l\u00e0m t\u1eeb \u0111\u00e1, m\u1ed9t s\u1ea3n ph\u1ea9m th\u1ee7 c\u00f4ng \u0111\u1ed9c \u0111\u00e1o v\u00e0 mang \u00fd ngh\u0129a nh\u00e2n v\u0103n, \u0111\u01b0\u1ee3c ch\u1ebf t\u00e1c b\u1edfi nh\u1eefng ng\u01b0\u1eddi khuy\u1ebft t\u1eadt trong c\u1ed9ng \u0111\u1ed3ng Nh\u00e0 May M\u1eafn\",\"breadcrumb\":{\"@id\":\"https:\/\/maison-chance.org\/shop\/san-pham\/de-lot-ly-bang-da#breadcrumb\"},\"inLanguage\":\"vi-VN\",\"potentialAction\":[{\"@type\":\"ReadAction\",\"target\":[\"https:\/\/maison-chance.org\/shop\/san-pham\/de-lot-ly-bang-da\"]}]},{\"@type\":\"ImageObject\",\"inLanguage\":\"vi-VN\",\"@id\":\"https:\/\/maison-chance.org\/shop\/san-pham\/de-lot-ly-bang-da#primaryimage\",\"url\":\"https:\/\/maison-chance.org\/shop\/wp-content\/uploads\/2024\/03\/de-lot-ly-01.jpg\",\"contentUrl\":\"https:\/\/maison-chance.org\/shop\/wp-content\/uploads\/2024\/03\/de-lot-ly-01.jpg\",\"width\":600,\"height\":600,\"caption\":\"\u0110\u1ebf l\u00f3t ly b\u1eb1ng \u0111\u00e1\"},{\"@type\":\"BreadcrumbList\",\"@id\":\"https:\/\/maison-chance.org\/shop\/san-pham\/de-lot-ly-bang-da#breadcrumb\",\"itemListElement\":[{\"@type\":\"ListItem\",\"position\":1,\"name\":\"Trang ch\u1ee7\",\"item\":\"https:\/\/maison-chance.org\/shop\/\"},{\"@type\":\"ListItem\",\"position\":2,\"name\":\"Shop\",\"item\":\"https:\/\/maison-chance.org\/shop\/shop\"},{\"@type\":\"ListItem\",\"position\":3,\"name\":\"\u0110\u1ebf l\u00f3t ly b\u1eb1ng \u0111\u00e1\"}]},{\"@type\":\"WebSite\",\"@id\":\"https:\/\/maison-chance.org\/shop\/#website\",\"url\":\"https:\/\/maison-chance.org\/shop\/\",\"name\":\"Nh\u00e0 May M\u1eafn - Maison Chance\",\"description\":\"M\u1ecdi l\u1ee3i nhu\u1eadn thu v\u1ec1 t\u1eeb vi\u1ec7c b\u00e1n h\u00e0ng s\u1ebd tr\u00edch m\u1ed9t ph\u1ea7n \u0111\u1ec3 ch\u0103m lo cho \u0111\u1eddi s\u1ed1ng c\u00e1c b\u1ea1n khuy\u1ebft t\u1eadt v\u00e0 tr\u1ebb m\u1ed3 c\u00f4i \u1edf \u0111\u00e2y\",\"publisher\":{\"@id\":\"https:\/\/maison-chance.org\/shop\/#organization\"},\"potentialAction\":[{\"@type\":\"SearchAction\",\"target\":{\"@type\":\"EntryPoint\",\"urlTemplate\":\"https:\/\/maison-chance.org\/shop\/?s={search_term_string}\"},\"query-input\":{\"@type\":\"PropertyValueSpecification\",\"valueRequired\":true,\"valueName\":\"search_term_string\"}}],\"inLanguage\":\"vi-VN\"},{\"@type\":\"Organization\",\"@id\":\"https:\/\/maison-chance.org\/shop\/#organization\",\"name\":\"Nh\u00e0 May M\u1eafn - Maison Chance\",\"url\":\"https:\/\/maison-chance.org\/shop\/\",\"logo\":{\"@type\":\"ImageObject\",\"inLanguage\":\"vi-VN\",\"@id\":\"https:\/\/maison-chance.org\/shop\/#\/schema\/logo\/image\/\",\"url\":\"https:\/\/maison-chance.org\/shop\/wp-content\/uploads\/2024\/03\/cropped-Logo_DNXH.png\",\"contentUrl\":\"https:\/\/maison-chance.org\/shop\/wp-content\/uploads\/2024\/03\/cropped-Logo_DNXH.png\",\"width\":512,\"height\":512,\"caption\":\"Nh\u00e0 May M\u1eafn - Maison Chance\"},\"image\":{\"@id\":\"https:\/\/maison-chance.org\/shop\/#\/schema\/logo\/image\/\"},\"sameAs\":[\"https:\/\/www.facebook.com\/dnxh.nhamayman\/\"]}]}<\/script>\n<meta property=\"product:price:amount\" content=\"18.20\" \/>\n<meta property=\"product:price:currency\" content=\"USD\" \/>\n<meta property=\"og:availability\" content=\"instock\" \/>\n<meta property=\"product:availability\" content=\"instock\" \/>\n<meta property=\"product:condition\" content=\"new\" \/>\n<!-- \/ Yoast SEO Premium plugin. -->","yoast_head_json":{"title":"\u0110\u1ebf l\u00f3t ly b\u1eb1ng \u0111\u00e1 - Nh\u00e0 May M\u1eafn - Maison Chance","description":"Nh\u00e0 May M\u1eafn - Maison Chance xin gi\u1edbi thi\u1ec7u b\u1ed9 \u0111\u1ebf l\u00f3t ly l\u00e0m t\u1eeb \u0111\u00e1, m\u1ed9t s\u1ea3n ph\u1ea9m th\u1ee7 c\u00f4ng \u0111\u1ed9c \u0111\u00e1o v\u00e0 mang \u00fd ngh\u0129a nh\u00e2n v\u0103n, \u0111\u01b0\u1ee3c ch\u1ebf t\u00e1c b\u1edfi nh\u1eefng ng\u01b0\u1eddi khuy\u1ebft t\u1eadt trong c\u1ed9ng \u0111\u1ed3ng Nh\u00e0 May M\u1eafn","robots":{"index":"index","follow":"follow","max-snippet":"max-snippet:-1","max-image-preview":"max-image-preview:large","max-video-preview":"max-video-preview:-1"},"canonical":"https:\/\/maison-chance.org\/shop\/san-pham\/de-lot-ly-bang-da","og_locale":"vi_VN","og_type":"article","og_title":"\u0110\u1ebf l\u00f3t ly b\u1eb1ng \u0111\u00e1","og_description":"Nh\u00e0 May M\u1eafn - Maison Chance xin gi\u1edbi thi\u1ec7u b\u1ed9 \u0111\u1ebf l\u00f3t ly l\u00e0m t\u1eeb \u0111\u00e1, m\u1ed9t s\u1ea3n ph\u1ea9m th\u1ee7 c\u00f4ng \u0111\u1ed9c \u0111\u00e1o v\u00e0 mang \u00fd ngh\u0129a nh\u00e2n v\u0103n, \u0111\u01b0\u1ee3c ch\u1ebf t\u00e1c b\u1edfi nh\u1eefng ng\u01b0\u1eddi khuy\u1ebft t\u1eadt trong c\u1ed9ng \u0111\u1ed3ng Nh\u00e0 May M\u1eafn","og_url":"https:\/\/maison-chance.org\/shop\/san-pham\/de-lot-ly-bang-da","og_site_name":"Nh\u00e0 May M\u1eafn - Maison Chance","article_publisher":"https:\/\/www.facebook.com\/dnxh.nhamayman\/","article_modified_time":"2025-07-14T04:36:25+00:00","og_image":[{"width":600,"height":600,"url":"https:\/\/maison-chance.org\/shop\/wp-content\/uploads\/2024\/03\/de-lot-ly-01.jpg","type":"image\/jpeg"}],"twitter_card":"summary_large_image","twitter_misc":{"Gi\u00e1":"18.20&nbsp;&#36;","Availability":"In stock"},"schema":{"@context":"https:\/\/schema.org","@graph":[{"@type":"WebPage","@id":"https:\/\/maison-chance.org\/shop\/san-pham\/de-lot-ly-bang-da","url":"https:\/\/maison-chance.org\/shop\/san-pham\/de-lot-ly-bang-da","name":"\u0110\u1ebf l\u00f3t ly b\u1eb1ng \u0111\u00e1 - Nh\u00e0 May M\u1eafn - Maison Chance","isPartOf":{"@id":"https:\/\/maison-chance.org\/shop\/#website"},"primaryImageOfPage":{"@id":"https:\/\/maison-chance.org\/shop\/san-pham\/de-lot-ly-bang-da#primaryimage"},"image":{"@id":"https:\/\/maison-chance.org\/shop\/san-pham\/de-lot-ly-bang-da#primaryimage"},"thumbnailUrl":"https:\/\/maison-chance.org\/shop\/wp-content\/uploads\/2024\/03\/de-lot-ly-01.jpg","datePublished":"2024-03-09T04:58:19+00:00","dateModified":"2025-07-14T04:36:25+00:00","description":"Nh\u00e0 May M\u1eafn - Maison Chance xin gi\u1edbi thi\u1ec7u b\u1ed9 \u0111\u1ebf l\u00f3t ly l\u00e0m t\u1eeb \u0111\u00e1, m\u1ed9t s\u1ea3n ph\u1ea9m th\u1ee7 c\u00f4ng \u0111\u1ed9c \u0111\u00e1o v\u00e0 mang \u00fd ngh\u0129a nh\u00e2n v\u0103n, \u0111\u01b0\u1ee3c ch\u1ebf t\u00e1c b\u1edfi nh\u1eefng ng\u01b0\u1eddi khuy\u1ebft t\u1eadt trong c\u1ed9ng \u0111\u1ed3ng Nh\u00e0 May M\u1eafn","breadcrumb":{"@id":"https:\/\/maison-chance.org\/shop\/san-pham\/de-lot-ly-bang-da#breadcrumb"},"inLanguage":"vi-VN","potentialAction":[{"@type":"ReadAction","target":["https:\/\/maison-chance.org\/shop\/san-pham\/de-lot-ly-bang-da"]}]},{"@type":"ImageObject","inLanguage":"vi-VN","@id":"https:\/\/maison-chance.org\/shop\/san-pham\/de-lot-ly-bang-da#primaryimage","url":"https:\/\/maison-chance.org\/shop\/wp-content\/uploads\/2024\/03\/de-lot-ly-01.jpg","contentUrl":"https:\/\/maison-chance.org\/shop\/wp-content\/uploads\/2024\/03\/de-lot-ly-01.jpg","width":600,"height":600,"caption":"\u0110\u1ebf l\u00f3t ly b\u1eb1ng \u0111\u00e1"},{"@type":"BreadcrumbList","@id":"https:\/\/maison-chance.org\/shop\/san-pham\/de-lot-ly-bang-da#breadcrumb","itemListElement":[{"@type":"ListItem","position":1,"name":"Trang ch\u1ee7","item":"https:\/\/maison-chance.org\/shop\/"},{"@type":"ListItem","position":2,"name":"Shop","item":"https:\/\/maison-chance.org\/shop\/shop"},{"@type":"ListItem","position":3,"name":"\u0110\u1ebf l\u00f3t ly b\u1eb1ng \u0111\u00e1"}]},{"@type":"WebSite","@id":"https:\/\/maison-chance.org\/shop\/#website","url":"https:\/\/maison-chance.org\/shop\/","name":"Nh\u00e0 May M\u1eafn - Maison Chance","description":"M\u1ecdi l\u1ee3i nhu\u1eadn thu v\u1ec1 t\u1eeb vi\u1ec7c b\u00e1n h\u00e0ng s\u1ebd tr\u00edch m\u1ed9t ph\u1ea7n \u0111\u1ec3 ch\u0103m lo cho \u0111\u1eddi s\u1ed1ng c\u00e1c b\u1ea1n khuy\u1ebft t\u1eadt v\u00e0 tr\u1ebb m\u1ed3 c\u00f4i \u1edf \u0111\u00e2y","publisher":{"@id":"https:\/\/maison-chance.org\/shop\/#organization"},"potentialAction":[{"@type":"SearchAction","target":{"@type":"EntryPoint","urlTemplate":"https:\/\/maison-chance.org\/shop\/?s={search_term_string}"},"query-input":{"@type":"PropertyValueSpecification","valueRequired":true,"valueName":"search_term_string"}}],"inLanguage":"vi-VN"},{"@type":"Organization","@id":"https:\/\/maison-chance.org\/shop\/#organization","name":"Nh\u00e0 May M\u1eafn - Maison Chance","url":"https:\/\/maison-chance.org\/shop\/","logo":{"@type":"ImageObject","inLanguage":"vi-VN","@id":"https:\/\/maison-chance.org\/shop\/#\/schema\/logo\/image\/","url":"https:\/\/maison-chance.org\/shop\/wp-content\/uploads\/2024\/03\/cropped-Logo_DNXH.png","contentUrl":"https:\/\/maison-chance.org\/shop\/wp-content\/uploads\/2024\/03\/cropped-Logo_DNXH.png","width":512,"height":512,"caption":"Nh\u00e0 May M\u1eafn - Maison Chance"},"image":{"@id":"https:\/\/maison-chance.org\/shop\/#\/schema\/logo\/image\/"},"sameAs":["https:\/\/www.facebook.com\/dnxh.nhamayman\/"]}]},"product_price_amount":"18.20","product_price_currency":"USD","og_availability":"instock","product_availability":"instock","product_condition":"new"},"_links":{"self":[{"href":"https:\/\/maison-chance.org\/shop\/wp-json\/wp\/v2\/product\/30667","targetHints":{"allow":["GET"]}}],"collection":[{"href":"https:\/\/maison-chance.org\/shop\/wp-json\/wp\/v2\/product"}],"about":[{"href":"https:\/\/maison-chance.org\/shop\/wp-json\/wp\/v2\/types\/product"}],"wp:featuredmedia":[{"embeddable":true,"href":"https:\/\/maison-chance.org\/shop\/wp-json\/wp\/v2\/media\/30668"}],"wp:attachment":[{"href":"https:\/\/maison-chance.org\/shop\/wp-json\/wp\/v2\/media?parent=30667"}],"wp:term":[{"taxonomy":"product_brand","embeddable":true,"href":"https:\/\/maison-chance.org\/shop\/wp-json\/wp\/v2\/product_brand?post=30667"},{"taxonomy":"product_cat","embeddable":true,"href":"https:\/\/maison-chance.org\/shop\/wp-json\/wp\/v2\/product_cat?post=30667"},{"taxonomy":"product_tag","embeddable":true,"href":"https:\/\/maison-chance.org\/shop\/wp-json\/wp\/v2\/product_tag?post=30667"}],"curies":[{"name":"wp","href":"https:\/\/api.w.org\/{rel}","templated":true}]}}