{"id":31502,"date":"2024-03-27T17:44:03","date_gmt":"2024-03-27T10:44:03","guid":{"rendered":"https:\/\/maison-chance.org\/shop\/?post_type=product&#038;p=31502"},"modified":"2025-07-25T14:22:51","modified_gmt":"2025-07-25T07:22:51","slug":"hat-mac-ca-nuc-vo","status":"publish","type":"product","link":"https:\/\/maison-chance.org\/shop\/san-pham\/hat-mac-ca-nuc-vo","title":{"rendered":"H\u1ea1t m\u1eafc ca n\u1ee9c v\u1ecf"},"content":{"rendered":"<h2 style=\"text-align: justify;\">H\u1ea1t Macca hay \u0111\u01b0\u1ee3c g\u1ecdi l\u00e0 m\u1eafc ca l\u00e0 g\u00ec?<\/h2>\n<p style=\"text-align: justify;\">H\u1ea1t Macca hay m\u1eafc ca l\u00e0 h\u1ea1t c\u1ee7a c\u00e2y Macadamia, m\u1ed9t lo\u1ea1i c\u00e2y ph\u1ed5 bi\u1ebfn c\u00f3 xu\u1ea5t x\u1ee9 t\u1eeb n\u01b0\u1edbc \u00dac. L\u00e0 lo\u1ea1i h\u1ea1t c\u00f3 v\u1ecf c\u1ee9ng m\u00e0u n\u00e2u, c\u00f3 nh\u00e2n to t\u1ea7m 3cm, m\u00e0u tr\u1eafng s\u1eefa, v\u1ecb ng\u1ecdt b\u00f9i. Ng\u00e0y nay \u0111\u00e3 \u0111\u01b0\u1ee3c nh\u1eadp v\u1ec1, th\u1eed nghi\u1ec7m tr\u1ed3ng \u1edf c\u00e1c qu\u1ed1c gia, Vi\u1ec7t Nam c\u0169ng l\u00e0 m\u1ed9t trong s\u1ed1 \u0111\u00f3.<\/p>\n<p style=\"text-align: justify;\">\u0110\u00e2y l\u00e0 lo\u1ea1i h\u1ea1t ch\u1ee9a nhi\u1ec1u ch\u1ea5t b\u00e9o t\u1ed1t c\u1ea7n \u0111\u1ec3 gi\u1ea3m cholesterol x\u1ea5u, t\u0103ng l\u01b0\u1ee3ng cholesterol t\u1ed1t gi\u00fap cho h\u1ec7 th\u1ed1ng tim m\u1ea1ch kh\u1ecfe m\u1ea1nh, ng\u0103n c\u1ea3n t\u1eafc ngh\u1ebdn x\u01a1 v\u1eefa \u0111\u1ed9ng m\u1ea1ch<\/p>\n<p style=\"text-align: justify;\">H\u1ea1t macca c\u0169ng l\u00e0 lo\u1ea1i h\u1ea1t duy nh\u1ea5t ch\u1ee9a axit palmitoleic gi\u00fap \u0111\u1ed1t ch\u00e1y ch\u1ea5t b\u00e9o v\u00e0 ki\u1ec3m so\u00e1t s\u1ef1 th\u00e8m \u0103n. Gi\u00fap b\u1ea1n b\u1edbt th\u00e8m \u0103n, h\u1ed7 tr\u1ee3 gi\u1ea3m c\u00e2n hi\u1ec7u qu\u1ea3. Macca c\u00f2n ch\u1ee9a nhi\u1ec1u h\u1ee3p ch\u1ea5t ch\u1ed1ng oxy h\u00f3a, nguy\u00ean t\u1ed1 kho\u00e1ng c\u1ea7n thi\u1ebft cho s\u1ef1 trao \u0111\u1ed5i ch\u1ea5t, gi\u00fap c\u1ea3i thi\u1ec7n tr\u00ed nh\u1edb, l\u00e0n da c\u1ee7a b\u1ea1n. Ngo\u00e0i ra macca c\u00f2n r\u1ea5t t\u1ed1t cho b\u00e0 b\u1ea7u n\u1eefa \u0111\u1ea5y.<\/p>\n<h2 style=\"text-align: justify;\">H\u1ea1t m\u1eafc ca b\u1ea3o v\u1ec7 v\u00e0 t\u0103ng c\u01b0\u1eddng s\u1ee9c kh\u1ecfe tim m\u1ea1ch<\/h2>\n<p style=\"text-align: justify;\">C\u00e1c ch\u1ea5t b\u00e9o kh\u00f4ng b\u00e3o h\u00f2a c\u00f3 trong h\u1ea1t m\u1eafc ca l\u00e0 ch\u1ea5t b\u00e9o t\u1ed1t \u0111\u00e3 \u0111\u01b0\u1ee3c ch\u1ee9ng minh gi\u00fap c\u1ea3i thi\u1ec7n s\u1ee9c kh\u1ecfe tim m\u1ea1ch, l\u00e0m gi\u1ea3m cholesterol x\u1ea5u, t\u0103ng cholesterol t\u1ed1t.<\/p>\n<p style=\"text-align: justify;\">H\u1ea1t macca \u00dac nh\u1eadp kh\u1ea9u ho\u00e0n to\u00e0n kh\u00f4ng c\u00f3 cholesterol. H\u00e0m l\u01b0\u1ee3ng Protein trong nh\u00e2n c\u00f3 t\u1edbi 9,2%, g\u1ed3m 20 lo\u1ea1i Axit Amin trong \u0111\u00f3 c\u00f3 8 lo\u1ea1i Axit Amin c\u1ea7n thi\u1ebft cho c\u01a1 th\u1ec3 con ng\u01b0\u1eddi.<\/p>\n<p style=\"text-align: justify;\">Nh\u1eefng ch\u1ea5t tr\u00ean gi\u00fap ph\u00f2ng tr\u00e1nh \u0111\u01b0\u1ee3c ch\u1ee9ng t\u1eafc ngh\u1ebdn \u0111\u1ed9ng m\u1ea1ch g\u00e2y n\u00ean nh\u1eefng nguy c\u01a1 v\u1ec1 \u0111\u1ed9t qu\u1ecb.<\/p>\n<p style=\"text-align: justify;\">Trong m\u1eafc ca c\u00f2n c\u00f3 ch\u1ee9a m\u1ed9t lo\u1ea1i amino acid t\u00ean l\u00e0 arginine \u2013 ch\u1ea5t n\u00e0y gi\u00fap c\u00e1c th\u00e0nh m\u1ea1ch m\u00e1u linh ho\u1ea1t. C\u00e1c ch\u1ea5t ch\u1ed1ng oxi h\u00f3a trong m\u1eafc ca c\u0169ng mang l\u1ea1i nhi\u1ec1u l\u1ee3i \u00edch cho h\u1ec7 tim m\u1ea1ch c\u1ee7a b\u1ea1n.<\/p>\n<p style=\"text-align: justify;\">Th\u1ef1c t\u1ebf, n\u1ebfu 1 ng\u01b0\u1eddi s\u1eed d\u1ee5ng h\u1ea1t m\u1eafc ca t\u1eeb 10 \u2013 15 h\u1ea1t m\u1ed7i ng\u00e0y c\u00f3 th\u1ec3 gi\u1ea3m 50% nguy c\u01a1 tim m\u1ea1ch. Con s\u1ed1 n\u00e0y th\u1eadt \u0111\u00e1ng k\u1ec3 b\u1edfi n\u00f3 s\u1ebd gi\u00fap b\u1ea1n tho\u00e1t kh\u1ecfi n\u1ed7i lo v\u1ec1 c\u0103n b\u1ec7nh th\u1eddi \u0111\u1ea1i n\u00e0y.<\/p>\n<h2 style=\"text-align: justify;\">H\u1ea1t m\u1eafc ca t\u1ed1t cho ph\u1ee5 n\u1eef v\u00e0 tr\u1ebb em<\/h2>\n<p style=\"text-align: justify;\">Nh\u01b0 \u0111\u00e3 n\u00f3i \u1edf tr\u00ean, th\u00e0nh ph\u1ea7n chi\u1ebfm nhi\u1ec1u nh\u1ea5t trong macca l\u00e0 ch\u1ea5t b\u00e9o kh\u00f4ng b\u00e3o h\u00f2a \u2013 nhi\u1ec1u nh\u1ea5t l\u00e0 Omega 3 m\u1ed9t lo\u1ea1i axit b\u00e9o c\u1ef1c k\u00ec quan tr\u1ecdng cho s\u1ef1 ph\u00e1t tri\u1ec3n tr\u00ed n\u00e3o c\u1ee7a tr\u1ebb nh\u1ecf c\u0169ng nh\u01b0 c\u1ea7n thi\u1ebft cho nhi\u1ec1u ho\u1ea1t \u0111\u1ed9ng c\u1ee7a c\u01a1 th\u1ec3.<\/p>\n<p style=\"text-align: justify;\">Kh\u00f4ng ch\u1ec9 nhi\u1ec1u Omga 3, h\u1ea1t m\u1eafc ca c\u00f2n ch\u1ee9a nhi\u1ec1u vitamin, c\u00e1c nguy\u00ean t\u1ed1 kho\u00e1ng vi l\u01b0\u1ee3ng quan tr\u1ecdng nh\u01b0 \u0111\u1ed3ng, s\u1eaft, Mangan\u2026 r\u1ea5t c\u1ea7n thi\u1ebft cho s\u1ef1 ph\u00e1t tri\u1ec3n c\u1ee7a b\u00e0 b\u1ea7u v\u00e0 tr\u1ebb em.<\/p>\n<p style=\"text-align: justify;\">H\u1ea1t m\u1eafc ca ch\u1ee9a nhi\u1ec1u Protein v\u00e0 ch\u1ea5t x\u01a1 gi\u00fap cung c\u1ea5p ngu\u1ed3n n\u0103ng l\u01b0\u1ee3ng d\u1ed3i d\u00e0o v\u1edbi h\u00e0m l\u01b0\u1ee3ng calo cao g\u1ea5p \u0111\u00f4i so v\u1edbi c\u00e1c lo\u1ea1i h\u1ea1t kh\u00e1c \u0111i\u1ec1u n\u00e0y s\u1ebd \u0111\u1ea3m b\u1ea3o cho c\u00e1c b\u00e0 m\u1eb9 mang thai lu\u00f4n c\u00f3 c\u1ea3m gi\u00e1c \u0111\u1ea7y \u0111\u1ee7 nh\u1edd \u0111\u01b0\u1ee3c b\u1ed5 sung \u0111\u1ee7 ch\u1ea5t tr\u00e1nh c\u1ea3m gi\u00e1c th\u00e8m \u0103n nh\u1eefng m\u00f3n \u0103n v\u1eb7t kh\u00f4ng l\u00e0nh m\u1ea1nh.<\/p>\n<p style=\"text-align: justify;\">B\u00e0 b\u1ea7u \u0103n h\u1ea1t m\u1eafc ca s\u1ebd gi\u1ea3m nguy c\u01a1 t\u00e1o b\u00f3n trong thai k\u00ec m\u00e0 v\u1eabn gi\u00fap cho kh\u1ea9u ph\u1ea7n \u0103n c\u1ee7a m\u00ecnh th\u00eam phong ph\u00fa v\u00e0 g\u00f3p ph\u1ea7n t\u00edch l\u0169y n\u0103ng l\u01b0\u1ee3ng cho thai nhi.<\/p>\n<h2 style=\"text-align: justify;\">H\u1ea1t m\u1eafc ca t\u1ed1t cho ng\u01b0\u1eddi b\u1ecb b\u1ec7nh ti\u1ec3u \u0111\u01b0\u1eddng<\/h2>\n<p style=\"text-align: justify;\">H\u1ea1t m\u1eafc ca \u0111\u01b0\u1ee3c \u0111\u00e1nh gi\u00e1 l\u00e0 lo\u1ea1i th\u1ef1c ph\u1ea9m c\u00f3 ch\u1ec9 s\u1ed1 GI ( ch\u1ec9 s\u1ed1 \u0111\u01b0\u1eddng huy\u1ebft) th\u1ea5p \u0111i\u1ec1u n\u00e0y c\u00f3 ngh\u0129a l\u00e0 khi \u0103n h\u1ea1t macca t\u1ed1c \u0111\u1ed9 l\u00e0m t\u0103ng \u0111\u01b0\u1eddng huy\u1ebft m\u00e1u c\u1ee7a h\u1ea1t macca r\u1ea5t ch\u1eadm so v\u1edbi c\u00e1c lo\u1ea1i th\u1ef1c ph\u1ea9m kh\u00e1c, \u0111\u00f3 l\u00e0 t\u00edn hi\u1ec7u t\u00edch c\u1ef1c cho ng\u01b0\u1eddi ti\u1ec3u \u0111\u01b0\u1eddng c\u00f3 th\u1ec3 an t\u00e2m \u0103n h\u1ea1t macca<\/p>\n<p style=\"text-align: justify;\">Protein, ch\u1ea5t x\u01a1 v\u00e0 ch\u1ea5t b\u00e9o c\u00f3 nhi\u1ec1u trong h\u1ea1t m\u1eafc ca gi\u00fap t\u1ea1o ra c\u1ea3m gi\u00e1c no khi\u1ebfn cho ng\u01b0\u1eddi ti\u1ec3u \u0111\u01b0\u1eddng tr\u00e1nh \u0111\u01b0\u1ee3c c\u1ea3m gi\u00e1c th\u00e8m \u0103n v\u1eb7t, nh\u1ea5t l\u00e0 th\u00e8m ng\u1ecdt l\u00e0m t\u0103ng nguy c\u01a1 x\u1ea5u cho b\u1ec7nh ti\u1ec3u \u0111\u01b0\u1eddng.<\/p>\n<h2 style=\"text-align: justify;\">H\u1ea1t m\u1eafc ca th\u00edch h\u1ee3p cho ng\u01b0\u1eddi \u0103n ki\u00eang<\/h2>\n<p style=\"text-align: justify;\">H\u1ea1t macca cung c\u1ea5p l\u01b0\u1ee3ng carb th\u1ea5p \u0111\u1ed3ng th\u1eddi ch\u1ee9a nhi\u1ec1u axit palmitoleic, ch\u1ea5t b\u00e9o Omega 7 gi\u00fap ki\u1ec3m so\u00e1t vi\u1ec7c \u0111\u1ed1t ch\u00e1y ch\u1ea5t b\u00e9o v\u00e0 t\u00edch tr\u1eef m\u1ee1 c\u1ee7a c\u01a1 th\u1ec3.<\/p>\n<p style=\"text-align: justify;\">L\u01b0\u1ee3ng Protein v\u00e0 ch\u1ea5t x\u01a1 cao c\u00f3 kh\u1ea3 n\u0103ng h\u1ea1n ch\u1ebf s\u1ef1 th\u00e8m \u0103n t\u1ea1o ra c\u1ea3m gi\u00e1c no \u0111\u1ee7 v\u00ec th\u1ebf n\u00f3 r\u1ea5t th\u00edch h\u1ee3p cho ng\u01b0\u1eddi \u0103n ki\u00eang.<\/p>\n<h2 style=\"text-align: justify;\">H\u1ea1t m\u1eafc ca cung c\u1ea5p l\u01b0\u1ee3ng ch\u1ea5t x\u01a1 d\u1ed3i d\u00e0o<\/h2>\n<p style=\"text-align: justify;\">Ch\u1ea5t x\u01a1 l\u00e0 m\u1ed9t thu\u1eadt ng\u1eef cho carbohydrate c\u00f3 kh\u1ea3 n\u0103ng kh\u00e1ng enzyme ti\u00eau h\u00f3a trong d\u1ea1 d\u00e0y v\u00e0 do \u0111\u00f3 \u0111i v\u00e0o \u0111\u01b0\u1eddng ti\u00eau h\u00f3a, n\u01a1i ch\u00fang th\u00fac \u0111\u1ea9y c\u00e1c vi khu\u1ea9n \u0111\u01b0\u1eddng ru\u1ed9t v\u00e0 qu\u00e1 tr\u00ecnh sinh l\u00fd c\u00f3 l\u1ee3i.<\/p>\n<p style=\"text-align: justify;\">C\u00e1c ch\u1ea5t x\u01a1 \u0111\u01b0\u1ee3c t\u00ecm th\u1ea5y trong m\u1eafc ca v\u1ec1 c\u01a1 b\u1ea3n l\u00e0 th\u00e0nh t\u1ebf b\u00e0o b\u00ean trong nh\u00e2n, 100g m\u1eafc ca cung c\u1ea5p 8.6g ho\u1eb7c 23% m\u1ee9c \u0111\u1ec1 ngh\u1ecb h\u00e0ng ng\u00e0y c\u1ee7a nhu c\u1ea7u ch\u1ea5t x\u01a1.<\/p>\n<h2 style=\"text-align: justify;\">H\u1ea1t m\u1eafc ca c\u00f3 t\u00e1c d\u1ee5ng l\u00e0m \u0111\u1eb9p da<\/h2>\n<p style=\"text-align: justify;\">B\u00ean c\u1ea1nh nh\u1eefng \u0111\u00f3ng g\u00f3p to l\u1edbn trong \u1ea9m th\u1ef1c, m\u1eafc-ca c\u00f2n l\u00e0 m\u1ed9t s\u1ea3n ph\u1ea9m l\u00e0m \u0111\u1eb9p cao c\u1ea5p v\u1edbi h\u00e0m l\u01b0\u1ee3ng ch\u1ea5t ch\u1ed1ng oxy h\u00f3a phong ph\u00fa.<\/p>\n<p style=\"text-align: justify;\">H\u1ea1t m\u1eafc ca c\u00f3 h\u00e0m l\u01b0\u1ee3ng cao axit b\u00e9o Palmitoleic r\u1ea5t t\u1ed1t cho da, ch\u1ee9a kho\u1ea3ng 22% c\u00e1c axit omega-7 palmitoleic,<\/p>\n<p style=\"text-align: justify;\">Tu\u1ed5i c\u00e0ng cao th\u00ec axit b\u00e9o Palmitoleic trong c\u01a1 th\u1ec3 c\u00e0ng c\u1ea1n ki\u1ec7t. \u0102n m\u1eafc ca ch\u00ednh l\u00e0 c\u00e1ch \u0111\u1ec3 b\u1ed5 sung Palmitoleic t\u1ef1 nhi\u00ean v\u00e0 c\u00e1c ch\u1ea5t ch\u1ed1ng oxy h\u00f3a gi\u00fap l\u00e0m ch\u1eadm s\u1ef1 l\u00e3o h\u00f3a, duy tr\u00ec \u0111\u01b0\u1ee3c n\u00e9t t\u01b0\u01a1i tr\u1ebb c\u1ee7a l\u00e0n da, t\u00f3c v\u00e0 m\u00f3ng tay.<\/p>\n<h2 style=\"text-align: justify;\">H\u1ea1t macca l\u00e0m phong ph\u00fa th\u00eam h\u01b0\u01a1ng v\u1ecb trong \u1ea9m th\u1ef1c<\/h2>\n<p style=\"text-align: justify;\">V\u1edbi danh hi\u1ec7u n\u1eef ho\u00e0ng c\u1ee7a c\u00e1c lo\u1ea1i qu\u1ea3 h\u1ea1t kh\u00f4, h\u1ea1t macca \u0111\u01b0\u1ee3c \u01b0u \u00e1i s\u1eed d\u1ee5ng nhi\u1ec1u trong \u1ea9m th\u1ef1c \u0111\u1ec3 l\u00e0m phong ph\u00fa th\u00eam h\u01b0\u01a1ng v\u1ecb cho c\u00e1c m\u00f3n \u0103n, \u0111\u1eb7c bi\u1ec7t l\u00e0 c\u00e1c m\u00f3n b\u00e1nh ng\u1ecdt, salat \u1edf ph\u01b0\u01a1ng t\u00e2y.<\/p>\n<p style=\"text-align: justify;\">Kh\u1edfi ngu\u1ed3n t\u1eeb n\u01b0\u1edbc \u00dac sau \u0111\u00f3 lan truy\u1ec1n sang c\u00e1c n\u01b0\u1edbc ph\u01b0\u01a1ng t\u00e2y, h\u1ea1t m\u1eafc ca nhanh ch\u00f3ng \u0111\u01b0\u1ee3c \u01b0u \u00e1i tr\u00ean b\u00e0n \u0103n c\u1ee7a c\u00e1c gia \u0111\u00ecnh qu\u00ed t\u1ed9c, \u0111\u01b0\u1ee3c s\u1eed d\u1ee5ng trong c\u00e1c b\u1eefa \u0103n sang tr\u1ecdng b\u1edfi v\u00ec v\u1ecb b\u00f9i b\u00e9o, gi\u00f2n tan m\u00ea ho\u1eb7c ng\u01b0\u1eddi \u0103n.<\/p>\n<p style=\"text-align: justify;\">Kh\u00f4ng ch\u1ec9 h\u1ea5p d\u1eabn khi \u0103n h\u1ea1t th\u00f4, macca ch\u1ebf bi\u1ebfn l\u00ean c\u00e1c m\u00f3n nh\u01b0 chi\u00ean n\u01b0\u1edbng, t\u1ea9m m\u1eadt ong, k\u1ebft h\u1ee3p c\u00e1c m\u00f3n sup \u0111\u1ec1u t\u1ea1o n\u00ean nh\u1eefng h\u01b0\u01a1ng v\u1ecb h\u1ea5p d\u1eabn m\u1edbi l\u1ea1 l\u00e0m t\u0103ng gi\u00e1 tr\u1ecb cho m\u00f3n \u0103n.<\/p>\n<p style=\"text-align: justify;\">D\u1ea7u h\u1ea1t macca nh\u01b0 \u0111\u00e3 n\u00f3i \u1edf tr\u00ean ngo\u00e0i t\u00e1c d\u1ee5ng d\u01b0\u1ee1ng da l\u00e0m \u0111\u1eb9p c\u00f2n \u0111\u01b0\u1ee3c s\u1eed d\u1ee5ng nhi\u1ec1u b\u1edfi c\u00e1c \u0111\u1ea7u b\u1ebfp n\u1ed5i ti\u1ebfng tr\u00ean th\u1ebf gi\u1edbi. C\u00f3 \u0111i\u1ec3m s\u00f4i cao, gi\u00e0u ch\u1ea5t ch\u1ed1ng oxy h\u00f3a, d\u1ea7u macca x\u1ee9ng \u0111\u00e1ng l\u00e0 lo\u1ea1i d\u1ea7u \u0103n h\u1ea3o h\u1ea1ng t\u1ed1t cho s\u1ee9c kh\u1ecfe ng\u01b0\u1eddi d\u00f9ng.<\/p>\n<p style=\"text-align: justify;\">Ngo\u00e0i t\u1ea5t c\u1ea3 c\u00e1c l\u00fd do tr\u00ean, h\u1ea1t m\u1eafc ca \u0111\u1eaft c\u00f2n b\u1edfi v\u00ec n\u0103ng su\u1ea5t c\u1ee7a c\u00e2y m\u1eafc ca r\u1ea5t th\u1ea5p, ch\u1ec9 b\u1eb1ng kho\u1ea3ng 1\/3 n\u0103ng su\u1ea5t c\u1ee7a c\u00e1c lo\u1ea1i c\u00e2y tr\u1ed3ng cho qu\u1ea3 h\u1ea1nh kh\u00e1c.<\/p>\n<p style=\"text-align: justify;\">T\u1ea1i Vi\u1ec7t Nam \u0111\u00e3 tr\u1ed3ng \u0111\u01b0\u1ee3c nh\u01b0ng n\u0103ng su\u1ea5t th\u1ea5p v\u00e0 ch\u1ea5t l\u01b0\u1ee3ng kh\u00f4ng \u0111\u1ed3ng \u0111\u1ec1u, ph\u1ea3i m\u1ea5t 5-7 n\u0103m c\u00e2y m\u1edbi cho thu ho\u1ea1ch l\u1ee9a \u0111\u1ea7u ch\u00ednh v\u00ec th\u1ebf h\u1ea1t macca tr\u1edf th\u00e0nh lo\u1ea1i h\u1ea1t \u0111\u1eaft \u0111\u1ecf nh\u01b0ng v\u1eabn lu\u00f4n \u0111\u01b0\u1ee3c \u01b0a chu\u1ed9ng.<\/p>\n<p style=\"text-align: justify;\">Tuy nhi\u00ean, n\u1ebfu n\u1ebfm th\u1eed h\u1ea1t m\u1eafc ca 1 l\u1ea7n, b\u1ea1n s\u1ebd th\u1ea5y \u0111\u00e2y l\u00e0 lo\u1ea1i th\u1ef1c ph\u1ea9m tuy\u1ec7t v\u1eddi, r\u1ea5t \u0111\u00e1ng \u201c\u0111\u1ed3ng ti\u1ec1n b\u00e1t g\u1ea1o\u201d.<\/p>\n","protected":false},"excerpt":{"rendered":"<p style=\"text-align: justify;\">&#8211; Kh\u1ed1i l\u01b0\u1ee3ng t\u1ecbnh: 500 gr<br \/>\n&#8211; Lo\u1ea1i: H\u1ea1t m\u1eafc ca n\u1ee9t v\u1ecf<br \/>\n&#8211; H\u1ea1n s\u1eed d\u1ee5ng: 6 th\u00e1ng<br \/>\n&#8211; B\u1ea3o qu\u1ea3n: D\u00f9ng xong \u0111\u1eady k\u00edn chai l\u1ecd, \u0111\u1ec3 n\u01a1i tho\u00e1ng m\u00e1t, nhi\u1ec7t \u0111\u1ed9 th\u1ea5p.<br \/>\n&#8211; H\u1ea1t m\u1eafc ca n\u1ee9c v\u1ecf ch\u1ee7 y\u1ebfu \u0111\u01b0\u1ee3c d\u00f9ng l\u00e0m th\u1ef1c ph\u1ea9m, \u0103n tr\u1ef1c ti\u1ebfp ho\u1eb7c k\u1ebft h\u1ee3p v\u1edbi c\u00e1c m\u00f3n b\u00e1nh ng\u1ecdt, salat. M\u1eafc ca c\u0169ng \u0111\u01b0\u1ee3c \u1ee9ng d\u1ee5ng v\u00e0o l\u00e0m \u0111\u1eb9p b\u1edfi ch\u1ee9a nhi\u1ec1u ch\u1ea5t ch\u1ed1ng oxy h\u00f3a qu\u00ed gi\u00e1 v\u00e0 gi\u1ea3m c\u00e2n.<\/p>\n<p style=\"text-align: justify;\">Hotline : <span style=\"font-size: 20px;\"><strong><span style=\"color: #ff0000;\">0909 06 25 28<\/span><\/strong><\/span><\/p>\n","protected":false},"featured_media":31503,"template":"","meta":[],"product_brand":[],"product_cat":[164,165],"product_tag":[],"class_list":{"0":"post-31502","1":"product","2":"type-product","3":"status-publish","4":"has-post-thumbnail","6":"product_cat-nong-san-dak-nong","7":"product_cat-nong-san-say-kho","9":"first","10":"outofstock","11":"shipping-taxable","12":"purchasable","13":"product-type-simple"},"yoast_head":"<!-- This site is optimized with the Yoast SEO Premium plugin v22.7 (Yoast SEO v25.3.1) - https:\/\/yoast.com\/wordpress\/plugins\/seo\/ -->\n<title>H\u1ea1t m\u1eafc ca n\u1ee9c v\u1ecf - Nh\u00e0 May M\u1eafn - Maison Chance<\/title>\n<meta name=\"description\" content=\"DNXH Nh\u00e0 May M\u1eafn hi\u1ec7n \u0111ang cung c\u1ea5p c\u00e1c lo\u1ea1i n\u00f4ng s\u1ea3n h\u1ea1t m\u1eafc ca n\u1ee9c v\u1ecf c\u00f3 xu\u1ea5t s\u1ee9 t\u1ea1i \u0110\u1eafk N\u00f4ng Vi\u1ec7t Nam. \u0110\u1ea3m b\u1ea3o an to\u00e0n v\u1ec7 sinh th\u1ef1c ph\u1ea9m.\" \/>\n<meta name=\"robots\" content=\"index, follow, max-snippet:-1, max-image-preview:large, max-video-preview:-1\" \/>\n<link rel=\"canonical\" href=\"https:\/\/maison-chance.org\/shop\/san-pham\/hat-mac-ca-nuc-vo\" \/>\n<meta property=\"og:locale\" content=\"vi_VN\" \/>\n<meta property=\"og:type\" content=\"article\" \/>\n<meta property=\"og:title\" content=\"H\u1ea1t m\u1eafc ca n\u1ee9c v\u1ecf\" \/>\n<meta property=\"og:description\" content=\"DNXH Nh\u00e0 May M\u1eafn hi\u1ec7n \u0111ang cung c\u1ea5p c\u00e1c lo\u1ea1i n\u00f4ng s\u1ea3n h\u1ea1t m\u1eafc ca n\u1ee9c v\u1ecf c\u00f3 xu\u1ea5t s\u1ee9 t\u1ea1i \u0110\u1eafk N\u00f4ng Vi\u1ec7t Nam. \u0110\u1ea3m b\u1ea3o an to\u00e0n v\u1ec7 sinh th\u1ef1c ph\u1ea9m.\" \/>\n<meta property=\"og:url\" content=\"https:\/\/maison-chance.org\/shop\/san-pham\/hat-mac-ca-nuc-vo\" \/>\n<meta property=\"og:site_name\" content=\"Nh\u00e0 May M\u1eafn - Maison Chance\" \/>\n<meta property=\"article:publisher\" content=\"https:\/\/www.facebook.com\/dnxh.nhamayman\/\" \/>\n<meta property=\"article:modified_time\" content=\"2025-07-25T07:22:51+00:00\" \/>\n<meta property=\"og:image\" content=\"https:\/\/maison-chance.org\/shop\/wp-content\/uploads\/2024\/03\/hat-mac-ca.jpg\" \/>\n\t<meta property=\"og:image:width\" content=\"1000\" \/>\n\t<meta property=\"og:image:height\" content=\"1000\" \/>\n\t<meta property=\"og:image:type\" content=\"image\/jpeg\" \/>\n<meta name=\"twitter:card\" content=\"summary_large_image\" \/>\n<meta name=\"twitter:label1\" content=\"Gi\u00e1\" \/>\n\t<meta name=\"twitter:data1\" content=\"9.40&nbsp;&#036;\" \/>\n\t<meta name=\"twitter:label2\" content=\"Availability\" \/>\n\t<meta name=\"twitter:data2\" content=\"Out of stock\" \/>\n<script type=\"application\/ld+json\" class=\"yoast-schema-graph\">{\"@context\":\"https:\/\/schema.org\",\"@graph\":[{\"@type\":\"WebPage\",\"@id\":\"https:\/\/maison-chance.org\/shop\/san-pham\/hat-mac-ca-nuc-vo\",\"url\":\"https:\/\/maison-chance.org\/shop\/san-pham\/hat-mac-ca-nuc-vo\",\"name\":\"H\u1ea1t m\u1eafc ca n\u1ee9c v\u1ecf - Nh\u00e0 May M\u1eafn - Maison Chance\",\"isPartOf\":{\"@id\":\"https:\/\/maison-chance.org\/shop\/#website\"},\"primaryImageOfPage\":{\"@id\":\"https:\/\/maison-chance.org\/shop\/san-pham\/hat-mac-ca-nuc-vo#primaryimage\"},\"image\":{\"@id\":\"https:\/\/maison-chance.org\/shop\/san-pham\/hat-mac-ca-nuc-vo#primaryimage\"},\"thumbnailUrl\":\"https:\/\/maison-chance.org\/shop\/wp-content\/uploads\/2024\/03\/hat-mac-ca.jpg\",\"datePublished\":\"2024-03-27T10:44:03+00:00\",\"dateModified\":\"2025-07-25T07:22:51+00:00\",\"description\":\"DNXH Nh\u00e0 May M\u1eafn hi\u1ec7n \u0111ang cung c\u1ea5p c\u00e1c lo\u1ea1i n\u00f4ng s\u1ea3n h\u1ea1t m\u1eafc ca n\u1ee9c v\u1ecf c\u00f3 xu\u1ea5t s\u1ee9 t\u1ea1i \u0110\u1eafk N\u00f4ng Vi\u1ec7t Nam. \u0110\u1ea3m b\u1ea3o an to\u00e0n v\u1ec7 sinh th\u1ef1c ph\u1ea9m.\",\"breadcrumb\":{\"@id\":\"https:\/\/maison-chance.org\/shop\/san-pham\/hat-mac-ca-nuc-vo#breadcrumb\"},\"inLanguage\":\"vi-VN\",\"potentialAction\":[{\"@type\":\"ReadAction\",\"target\":[\"https:\/\/maison-chance.org\/shop\/san-pham\/hat-mac-ca-nuc-vo\"]}]},{\"@type\":\"ImageObject\",\"inLanguage\":\"vi-VN\",\"@id\":\"https:\/\/maison-chance.org\/shop\/san-pham\/hat-mac-ca-nuc-vo#primaryimage\",\"url\":\"https:\/\/maison-chance.org\/shop\/wp-content\/uploads\/2024\/03\/hat-mac-ca.jpg\",\"contentUrl\":\"https:\/\/maison-chance.org\/shop\/wp-content\/uploads\/2024\/03\/hat-mac-ca.jpg\",\"width\":1000,\"height\":1000,\"caption\":\"H\u1ea1t m\u1eafc ca n\u1ee9c v\u1ecf\"},{\"@type\":\"BreadcrumbList\",\"@id\":\"https:\/\/maison-chance.org\/shop\/san-pham\/hat-mac-ca-nuc-vo#breadcrumb\",\"itemListElement\":[{\"@type\":\"ListItem\",\"position\":1,\"name\":\"Trang ch\u1ee7\",\"item\":\"https:\/\/maison-chance.org\/shop\/\"},{\"@type\":\"ListItem\",\"position\":2,\"name\":\"Shop\",\"item\":\"https:\/\/maison-chance.org\/shop\/shop\"},{\"@type\":\"ListItem\",\"position\":3,\"name\":\"H\u1ea1t m\u1eafc ca n\u1ee9c v\u1ecf\"}]},{\"@type\":\"WebSite\",\"@id\":\"https:\/\/maison-chance.org\/shop\/#website\",\"url\":\"https:\/\/maison-chance.org\/shop\/\",\"name\":\"Nh\u00e0 May M\u1eafn - Maison Chance\",\"description\":\"M\u1ecdi l\u1ee3i nhu\u1eadn thu v\u1ec1 t\u1eeb vi\u1ec7c b\u00e1n h\u00e0ng s\u1ebd tr\u00edch m\u1ed9t ph\u1ea7n \u0111\u1ec3 ch\u0103m lo cho \u0111\u1eddi s\u1ed1ng c\u00e1c b\u1ea1n khuy\u1ebft t\u1eadt v\u00e0 tr\u1ebb m\u1ed3 c\u00f4i \u1edf \u0111\u00e2y\",\"publisher\":{\"@id\":\"https:\/\/maison-chance.org\/shop\/#organization\"},\"potentialAction\":[{\"@type\":\"SearchAction\",\"target\":{\"@type\":\"EntryPoint\",\"urlTemplate\":\"https:\/\/maison-chance.org\/shop\/?s={search_term_string}\"},\"query-input\":{\"@type\":\"PropertyValueSpecification\",\"valueRequired\":true,\"valueName\":\"search_term_string\"}}],\"inLanguage\":\"vi-VN\"},{\"@type\":\"Organization\",\"@id\":\"https:\/\/maison-chance.org\/shop\/#organization\",\"name\":\"Nh\u00e0 May M\u1eafn - Maison Chance\",\"url\":\"https:\/\/maison-chance.org\/shop\/\",\"logo\":{\"@type\":\"ImageObject\",\"inLanguage\":\"vi-VN\",\"@id\":\"https:\/\/maison-chance.org\/shop\/#\/schema\/logo\/image\/\",\"url\":\"https:\/\/maison-chance.org\/shop\/wp-content\/uploads\/2024\/03\/cropped-Logo_DNXH.png\",\"contentUrl\":\"https:\/\/maison-chance.org\/shop\/wp-content\/uploads\/2024\/03\/cropped-Logo_DNXH.png\",\"width\":512,\"height\":512,\"caption\":\"Nh\u00e0 May M\u1eafn - Maison Chance\"},\"image\":{\"@id\":\"https:\/\/maison-chance.org\/shop\/#\/schema\/logo\/image\/\"},\"sameAs\":[\"https:\/\/www.facebook.com\/dnxh.nhamayman\/\"]}]}<\/script>\n<meta property=\"product:price:amount\" content=\"9.40\" \/>\n<meta property=\"product:price:currency\" content=\"USD\" \/>\n<meta property=\"og:availability\" content=\"out of stock\" \/>\n<meta property=\"product:availability\" content=\"out of stock\" \/>\n<meta property=\"product:condition\" content=\"new\" \/>\n<!-- \/ Yoast SEO Premium plugin. -->","yoast_head_json":{"title":"H\u1ea1t m\u1eafc ca n\u1ee9c v\u1ecf - Nh\u00e0 May M\u1eafn - Maison Chance","description":"DNXH Nh\u00e0 May M\u1eafn hi\u1ec7n \u0111ang cung c\u1ea5p c\u00e1c lo\u1ea1i n\u00f4ng s\u1ea3n h\u1ea1t m\u1eafc ca n\u1ee9c v\u1ecf c\u00f3 xu\u1ea5t s\u1ee9 t\u1ea1i \u0110\u1eafk N\u00f4ng Vi\u1ec7t Nam. \u0110\u1ea3m b\u1ea3o an to\u00e0n v\u1ec7 sinh th\u1ef1c ph\u1ea9m.","robots":{"index":"index","follow":"follow","max-snippet":"max-snippet:-1","max-image-preview":"max-image-preview:large","max-video-preview":"max-video-preview:-1"},"canonical":"https:\/\/maison-chance.org\/shop\/san-pham\/hat-mac-ca-nuc-vo","og_locale":"vi_VN","og_type":"article","og_title":"H\u1ea1t m\u1eafc ca n\u1ee9c v\u1ecf","og_description":"DNXH Nh\u00e0 May M\u1eafn hi\u1ec7n \u0111ang cung c\u1ea5p c\u00e1c lo\u1ea1i n\u00f4ng s\u1ea3n h\u1ea1t m\u1eafc ca n\u1ee9c v\u1ecf c\u00f3 xu\u1ea5t s\u1ee9 t\u1ea1i \u0110\u1eafk N\u00f4ng Vi\u1ec7t Nam. \u0110\u1ea3m b\u1ea3o an to\u00e0n v\u1ec7 sinh th\u1ef1c ph\u1ea9m.","og_url":"https:\/\/maison-chance.org\/shop\/san-pham\/hat-mac-ca-nuc-vo","og_site_name":"Nh\u00e0 May M\u1eafn - Maison Chance","article_publisher":"https:\/\/www.facebook.com\/dnxh.nhamayman\/","article_modified_time":"2025-07-25T07:22:51+00:00","og_image":[{"width":1000,"height":1000,"url":"https:\/\/maison-chance.org\/shop\/wp-content\/uploads\/2024\/03\/hat-mac-ca.jpg","type":"image\/jpeg"}],"twitter_card":"summary_large_image","twitter_misc":{"Gi\u00e1":"9.40&nbsp;&#36;","Availability":"Out of stock"},"schema":{"@context":"https:\/\/schema.org","@graph":[{"@type":"WebPage","@id":"https:\/\/maison-chance.org\/shop\/san-pham\/hat-mac-ca-nuc-vo","url":"https:\/\/maison-chance.org\/shop\/san-pham\/hat-mac-ca-nuc-vo","name":"H\u1ea1t m\u1eafc ca n\u1ee9c v\u1ecf - Nh\u00e0 May M\u1eafn - Maison Chance","isPartOf":{"@id":"https:\/\/maison-chance.org\/shop\/#website"},"primaryImageOfPage":{"@id":"https:\/\/maison-chance.org\/shop\/san-pham\/hat-mac-ca-nuc-vo#primaryimage"},"image":{"@id":"https:\/\/maison-chance.org\/shop\/san-pham\/hat-mac-ca-nuc-vo#primaryimage"},"thumbnailUrl":"https:\/\/maison-chance.org\/shop\/wp-content\/uploads\/2024\/03\/hat-mac-ca.jpg","datePublished":"2024-03-27T10:44:03+00:00","dateModified":"2025-07-25T07:22:51+00:00","description":"DNXH Nh\u00e0 May M\u1eafn hi\u1ec7n \u0111ang cung c\u1ea5p c\u00e1c lo\u1ea1i n\u00f4ng s\u1ea3n h\u1ea1t m\u1eafc ca n\u1ee9c v\u1ecf c\u00f3 xu\u1ea5t s\u1ee9 t\u1ea1i \u0110\u1eafk N\u00f4ng Vi\u1ec7t Nam. \u0110\u1ea3m b\u1ea3o an to\u00e0n v\u1ec7 sinh th\u1ef1c ph\u1ea9m.","breadcrumb":{"@id":"https:\/\/maison-chance.org\/shop\/san-pham\/hat-mac-ca-nuc-vo#breadcrumb"},"inLanguage":"vi-VN","potentialAction":[{"@type":"ReadAction","target":["https:\/\/maison-chance.org\/shop\/san-pham\/hat-mac-ca-nuc-vo"]}]},{"@type":"ImageObject","inLanguage":"vi-VN","@id":"https:\/\/maison-chance.org\/shop\/san-pham\/hat-mac-ca-nuc-vo#primaryimage","url":"https:\/\/maison-chance.org\/shop\/wp-content\/uploads\/2024\/03\/hat-mac-ca.jpg","contentUrl":"https:\/\/maison-chance.org\/shop\/wp-content\/uploads\/2024\/03\/hat-mac-ca.jpg","width":1000,"height":1000,"caption":"H\u1ea1t m\u1eafc ca n\u1ee9c v\u1ecf"},{"@type":"BreadcrumbList","@id":"https:\/\/maison-chance.org\/shop\/san-pham\/hat-mac-ca-nuc-vo#breadcrumb","itemListElement":[{"@type":"ListItem","position":1,"name":"Trang ch\u1ee7","item":"https:\/\/maison-chance.org\/shop\/"},{"@type":"ListItem","position":2,"name":"Shop","item":"https:\/\/maison-chance.org\/shop\/shop"},{"@type":"ListItem","position":3,"name":"H\u1ea1t m\u1eafc ca n\u1ee9c v\u1ecf"}]},{"@type":"WebSite","@id":"https:\/\/maison-chance.org\/shop\/#website","url":"https:\/\/maison-chance.org\/shop\/","name":"Nh\u00e0 May M\u1eafn - Maison Chance","description":"M\u1ecdi l\u1ee3i nhu\u1eadn thu v\u1ec1 t\u1eeb vi\u1ec7c b\u00e1n h\u00e0ng s\u1ebd tr\u00edch m\u1ed9t ph\u1ea7n \u0111\u1ec3 ch\u0103m lo cho \u0111\u1eddi s\u1ed1ng c\u00e1c b\u1ea1n khuy\u1ebft t\u1eadt v\u00e0 tr\u1ebb m\u1ed3 c\u00f4i \u1edf \u0111\u00e2y","publisher":{"@id":"https:\/\/maison-chance.org\/shop\/#organization"},"potentialAction":[{"@type":"SearchAction","target":{"@type":"EntryPoint","urlTemplate":"https:\/\/maison-chance.org\/shop\/?s={search_term_string}"},"query-input":{"@type":"PropertyValueSpecification","valueRequired":true,"valueName":"search_term_string"}}],"inLanguage":"vi-VN"},{"@type":"Organization","@id":"https:\/\/maison-chance.org\/shop\/#organization","name":"Nh\u00e0 May M\u1eafn - Maison Chance","url":"https:\/\/maison-chance.org\/shop\/","logo":{"@type":"ImageObject","inLanguage":"vi-VN","@id":"https:\/\/maison-chance.org\/shop\/#\/schema\/logo\/image\/","url":"https:\/\/maison-chance.org\/shop\/wp-content\/uploads\/2024\/03\/cropped-Logo_DNXH.png","contentUrl":"https:\/\/maison-chance.org\/shop\/wp-content\/uploads\/2024\/03\/cropped-Logo_DNXH.png","width":512,"height":512,"caption":"Nh\u00e0 May M\u1eafn - Maison Chance"},"image":{"@id":"https:\/\/maison-chance.org\/shop\/#\/schema\/logo\/image\/"},"sameAs":["https:\/\/www.facebook.com\/dnxh.nhamayman\/"]}]},"product_price_amount":"9.40","product_price_currency":"USD","og_availability":"out of stock","product_availability":"out of stock","product_condition":"new"},"_links":{"self":[{"href":"https:\/\/maison-chance.org\/shop\/wp-json\/wp\/v2\/product\/31502","targetHints":{"allow":["GET"]}}],"collection":[{"href":"https:\/\/maison-chance.org\/shop\/wp-json\/wp\/v2\/product"}],"about":[{"href":"https:\/\/maison-chance.org\/shop\/wp-json\/wp\/v2\/types\/product"}],"wp:featuredmedia":[{"embeddable":true,"href":"https:\/\/maison-chance.org\/shop\/wp-json\/wp\/v2\/media\/31503"}],"wp:attachment":[{"href":"https:\/\/maison-chance.org\/shop\/wp-json\/wp\/v2\/media?parent=31502"}],"wp:term":[{"taxonomy":"product_brand","embeddable":true,"href":"https:\/\/maison-chance.org\/shop\/wp-json\/wp\/v2\/product_brand?post=31502"},{"taxonomy":"product_cat","embeddable":true,"href":"https:\/\/maison-chance.org\/shop\/wp-json\/wp\/v2\/product_cat?post=31502"},{"taxonomy":"product_tag","embeddable":true,"href":"https:\/\/maison-chance.org\/shop\/wp-json\/wp\/v2\/product_tag?post=31502"}],"curies":[{"name":"wp","href":"https:\/\/api.w.org\/{rel}","templated":true}]}}