{"id":35741,"date":"2024-03-27T21:02:43","date_gmt":"2024-03-27T14:02:43","guid":{"rendered":"https:\/\/maison-chance.org\/shop\/?post_type=product&#038;p=35741"},"modified":"2026-01-31T11:11:30","modified_gmt":"2026-01-31T04:11:30","slug":"mat-ong-hoa-ca-phe","status":"publish","type":"product","link":"https:\/\/maison-chance.org\/shop\/san-pham\/mat-ong-hoa-ca-phe","title":{"rendered":"M\u1eadt ong hoa c\u00e0 ph\u00ea"},"content":{"rendered":"<p>M\u1eadt ong hoa c\u00e0 ph\u00ea c\u00f3 m\u00e0u v\u00e0ng s\u00e1ng, \u0111\u1ed9 s\u00e1nh t\u1ef1 nhi\u00ean v\u00e0 h\u01b0\u01a1ng th\u01a1m nh\u1eb9. V\u1ecb ng\u1ecdt thanh, kh\u00f4ng g\u1eaft, d\u1ec5 d\u00f9ng h\u1eb1ng ng\u00e0y m\u00e0 kh\u00f4ng b\u1ecb ng\u00e1n. M\u1eadt tan \u0111\u1ec1u khi pha v\u1edbi n\u01b0\u1edbc \u1ea5m, \u0111\u1ed3ng th\u1eddi c\u0169ng ph\u00f9 h\u1ee3p \u0111\u1ec3 d\u00f9ng tr\u1ef1c ti\u1ebfp ho\u1eb7c l\u00e0m nguy\u00ean li\u1ec7u trong n\u1ea5u \u0103n v\u00e0 l\u00e0m b\u00e1nh.<\/p>\n<p>S\u1ea3n ph\u1ea9m th\u00edch h\u1ee3p cho ng\u01b0\u1eddi y\u00eau th\u00edch m\u1eadt ong c\u00f3 v\u1ecb nh\u1eb9, d\u1ec5 u\u1ed1ng. C\u00f3 th\u1ec3 s\u1eed d\u1ee5ng v\u00e0o bu\u1ed5i s\u00e1ng, d\u00f9ng k\u00e8m tr\u00e0, b\u00e1nh m\u00ec, s\u1eefa chua ho\u1eb7c pha ch\u1ebf theo kh\u1ea9u v\u1ecb ri\u00eang<\/p>\n","protected":false},"excerpt":{"rendered":"<p style=\"text-align: justify;\">T\u00ean s\u1ea3n ph\u1ea9m: M\u1eadt ong hoa c\u00e0 ph\u00ea<br \/>\n&#8211; Th\u00e0nh ph\u1ea7n: 100% m\u1eadt ong hoa c\u00e0 ph\u00ea<br \/>\n&#8211; Tr\u1ea1ng th\u00e1i: D\u1ea1ng l\u1ecfng, c\u00f3 th\u1ec3 k\u1ebft tinh t\u1ef1 nhi\u00ean theo th\u1eddi gian<br \/>\n&#8211; Dung t\u00edch: 500ml<br \/>\n&#8211; B\u1ea3o qu\u1ea3n: \u0110\u1ec3 n\u01a1i kh\u00f4 r\u00e1o, tho\u00e1ng m\u00e1t, \u0111\u1eady k\u00edn n\u1eafp sau khi s\u1eed d\u1ee5ng<\/p>\n","protected":false},"featured_media":42098,"template":"","meta":[],"product_brand":[],"product_cat":[164,166],"product_tag":[],"class_list":{"0":"post-35741","1":"product","2":"type-product","3":"status-publish","4":"has-post-thumbnail","6":"product_cat-nong-san-dak-nong","7":"product_cat-nong-san-tuoi","9":"first","10":"instock","11":"shipping-taxable","12":"purchasable","13":"product-type-simple"},"yoast_head":"<!-- This site is optimized with the Yoast SEO Premium plugin v22.7 (Yoast SEO v25.3.1) - https:\/\/yoast.com\/wordpress\/plugins\/seo\/ -->\n<title>M\u1eadt ong hoa c\u00e0 ph\u00ea - Nh\u00e0 May M\u1eafn - Maison Chance<\/title>\n<meta name=\"description\" content=\"M\u1eadt ong hoa c\u00e0 ph\u00ea l\u00e0 m\u1ed9t trong nh\u1eefng lo\u1ea1i m\u1eadt ong nguy\u00ean ch\u1ea5t \u0111\u01b0\u1ee3c ng\u01b0\u1eddi ti\u00eau d\u00f9ng \u01b0a chu\u1ed9ng v\u00ec v\u1ecb ng\u1ecdt \u0111\u1eadm nh\u01b0ng kh\u00f4ng g\u1eaft, m\u00e0u c\u00e1nh gi\u00e1n t\u1ef1 nhi\u00ean v\u00e0 h\u01b0\u01a1ng th\u01a1m \u0111\u1eb7c tr\u01b0ng kh\u00f4ng l\u1eabn v\u00e0o lo\u1ea1i m\u1eadt n\u00e0o kh\u00e1c \u0111\u01b0\u1ee3c\" \/>\n<meta name=\"robots\" content=\"index, follow, max-snippet:-1, max-image-preview:large, max-video-preview:-1\" \/>\n<link rel=\"canonical\" href=\"https:\/\/maison-chance.org\/shop\/san-pham\/mat-ong-hoa-ca-phe\" \/>\n<meta property=\"og:locale\" content=\"vi_VN\" \/>\n<meta property=\"og:type\" content=\"article\" \/>\n<meta property=\"og:title\" content=\"M\u1eadt ong hoa c\u00e0 ph\u00ea\" \/>\n<meta property=\"og:description\" content=\"M\u1eadt ong hoa c\u00e0 ph\u00ea l\u00e0 m\u1ed9t trong nh\u1eefng lo\u1ea1i m\u1eadt ong nguy\u00ean ch\u1ea5t \u0111\u01b0\u1ee3c ng\u01b0\u1eddi ti\u00eau d\u00f9ng \u01b0a chu\u1ed9ng v\u00ec v\u1ecb ng\u1ecdt \u0111\u1eadm nh\u01b0ng kh\u00f4ng g\u1eaft, m\u00e0u c\u00e1nh gi\u00e1n t\u1ef1 nhi\u00ean v\u00e0 h\u01b0\u01a1ng th\u01a1m \u0111\u1eb7c tr\u01b0ng kh\u00f4ng l\u1eabn v\u00e0o lo\u1ea1i m\u1eadt n\u00e0o kh\u00e1c \u0111\u01b0\u1ee3c\" \/>\n<meta property=\"og:url\" content=\"https:\/\/maison-chance.org\/shop\/san-pham\/mat-ong-hoa-ca-phe\" \/>\n<meta property=\"og:site_name\" content=\"Nh\u00e0 May M\u1eafn - Maison Chance\" \/>\n<meta property=\"article:publisher\" content=\"https:\/\/www.facebook.com\/dnxh.nhamayman\/\" \/>\n<meta property=\"article:modified_time\" content=\"2026-01-31T04:11:30+00:00\" \/>\n<meta property=\"og:image\" content=\"https:\/\/maison-chance.org\/shop\/wp-content\/uploads\/2026\/01\/mat-ong-web.png\" \/>\n\t<meta property=\"og:image:width\" content=\"1080\" \/>\n\t<meta property=\"og:image:height\" content=\"1080\" \/>\n\t<meta property=\"og:image:type\" content=\"image\/png\" \/>\n<meta name=\"twitter:card\" content=\"summary_large_image\" \/>\n<meta name=\"twitter:label1\" content=\"Gi\u00e1\" \/>\n\t<meta name=\"twitter:data1\" content=\"5.30&nbsp;&#036;\" \/>\n\t<meta name=\"twitter:label2\" content=\"Availability\" \/>\n\t<meta name=\"twitter:data2\" content=\"In stock\" \/>\n<script type=\"application\/ld+json\" class=\"yoast-schema-graph\">{\"@context\":\"https:\/\/schema.org\",\"@graph\":[{\"@type\":\"WebPage\",\"@id\":\"https:\/\/maison-chance.org\/shop\/san-pham\/mat-ong-hoa-ca-phe\",\"url\":\"https:\/\/maison-chance.org\/shop\/san-pham\/mat-ong-hoa-ca-phe\",\"name\":\"M\u1eadt ong hoa c\u00e0 ph\u00ea - Nh\u00e0 May M\u1eafn - Maison Chance\",\"isPartOf\":{\"@id\":\"https:\/\/maison-chance.org\/shop\/#website\"},\"primaryImageOfPage\":{\"@id\":\"https:\/\/maison-chance.org\/shop\/san-pham\/mat-ong-hoa-ca-phe#primaryimage\"},\"image\":{\"@id\":\"https:\/\/maison-chance.org\/shop\/san-pham\/mat-ong-hoa-ca-phe#primaryimage\"},\"thumbnailUrl\":\"https:\/\/maison-chance.org\/shop\/wp-content\/uploads\/2026\/01\/mat-ong-web.png\",\"datePublished\":\"2024-03-27T14:02:43+00:00\",\"dateModified\":\"2026-01-31T04:11:30+00:00\",\"description\":\"M\u1eadt ong hoa c\u00e0 ph\u00ea l\u00e0 m\u1ed9t trong nh\u1eefng lo\u1ea1i m\u1eadt ong nguy\u00ean ch\u1ea5t \u0111\u01b0\u1ee3c ng\u01b0\u1eddi ti\u00eau d\u00f9ng \u01b0a chu\u1ed9ng v\u00ec v\u1ecb ng\u1ecdt \u0111\u1eadm nh\u01b0ng kh\u00f4ng g\u1eaft, m\u00e0u c\u00e1nh gi\u00e1n t\u1ef1 nhi\u00ean v\u00e0 h\u01b0\u01a1ng th\u01a1m \u0111\u1eb7c tr\u01b0ng kh\u00f4ng l\u1eabn v\u00e0o lo\u1ea1i m\u1eadt n\u00e0o kh\u00e1c \u0111\u01b0\u1ee3c\",\"breadcrumb\":{\"@id\":\"https:\/\/maison-chance.org\/shop\/san-pham\/mat-ong-hoa-ca-phe#breadcrumb\"},\"inLanguage\":\"vi-VN\",\"potentialAction\":[{\"@type\":\"ReadAction\",\"target\":[\"https:\/\/maison-chance.org\/shop\/san-pham\/mat-ong-hoa-ca-phe\"]}]},{\"@type\":\"ImageObject\",\"inLanguage\":\"vi-VN\",\"@id\":\"https:\/\/maison-chance.org\/shop\/san-pham\/mat-ong-hoa-ca-phe#primaryimage\",\"url\":\"https:\/\/maison-chance.org\/shop\/wp-content\/uploads\/2026\/01\/mat-ong-web.png\",\"contentUrl\":\"https:\/\/maison-chance.org\/shop\/wp-content\/uploads\/2026\/01\/mat-ong-web.png\",\"width\":1080,\"height\":1080},{\"@type\":\"BreadcrumbList\",\"@id\":\"https:\/\/maison-chance.org\/shop\/san-pham\/mat-ong-hoa-ca-phe#breadcrumb\",\"itemListElement\":[{\"@type\":\"ListItem\",\"position\":1,\"name\":\"Trang ch\u1ee7\",\"item\":\"https:\/\/maison-chance.org\/shop\/\"},{\"@type\":\"ListItem\",\"position\":2,\"name\":\"Shop\",\"item\":\"https:\/\/maison-chance.org\/shop\/shop\"},{\"@type\":\"ListItem\",\"position\":3,\"name\":\"M\u1eadt ong hoa c\u00e0 ph\u00ea\"}]},{\"@type\":\"WebSite\",\"@id\":\"https:\/\/maison-chance.org\/shop\/#website\",\"url\":\"https:\/\/maison-chance.org\/shop\/\",\"name\":\"Nh\u00e0 May M\u1eafn - Maison Chance\",\"description\":\"M\u1ecdi l\u1ee3i nhu\u1eadn thu v\u1ec1 t\u1eeb vi\u1ec7c b\u00e1n h\u00e0ng s\u1ebd tr\u00edch m\u1ed9t ph\u1ea7n \u0111\u1ec3 ch\u0103m lo cho \u0111\u1eddi s\u1ed1ng c\u00e1c b\u1ea1n khuy\u1ebft t\u1eadt v\u00e0 tr\u1ebb m\u1ed3 c\u00f4i \u1edf \u0111\u00e2y\",\"publisher\":{\"@id\":\"https:\/\/maison-chance.org\/shop\/#organization\"},\"potentialAction\":[{\"@type\":\"SearchAction\",\"target\":{\"@type\":\"EntryPoint\",\"urlTemplate\":\"https:\/\/maison-chance.org\/shop\/?s={search_term_string}\"},\"query-input\":{\"@type\":\"PropertyValueSpecification\",\"valueRequired\":true,\"valueName\":\"search_term_string\"}}],\"inLanguage\":\"vi-VN\"},{\"@type\":\"Organization\",\"@id\":\"https:\/\/maison-chance.org\/shop\/#organization\",\"name\":\"Nh\u00e0 May M\u1eafn - Maison Chance\",\"url\":\"https:\/\/maison-chance.org\/shop\/\",\"logo\":{\"@type\":\"ImageObject\",\"inLanguage\":\"vi-VN\",\"@id\":\"https:\/\/maison-chance.org\/shop\/#\/schema\/logo\/image\/\",\"url\":\"https:\/\/maison-chance.org\/shop\/wp-content\/uploads\/2024\/03\/cropped-Logo_DNXH.png\",\"contentUrl\":\"https:\/\/maison-chance.org\/shop\/wp-content\/uploads\/2024\/03\/cropped-Logo_DNXH.png\",\"width\":512,\"height\":512,\"caption\":\"Nh\u00e0 May M\u1eafn - Maison Chance\"},\"image\":{\"@id\":\"https:\/\/maison-chance.org\/shop\/#\/schema\/logo\/image\/\"},\"sameAs\":[\"https:\/\/www.facebook.com\/dnxh.nhamayman\/\"]}]}<\/script>\n<meta property=\"product:price:amount\" content=\"5.30\" \/>\n<meta property=\"product:price:currency\" content=\"USD\" \/>\n<meta property=\"og:availability\" content=\"instock\" \/>\n<meta property=\"product:availability\" content=\"instock\" \/>\n<meta property=\"product:condition\" content=\"new\" \/>\n<!-- \/ Yoast SEO Premium plugin. -->","yoast_head_json":{"title":"M\u1eadt ong hoa c\u00e0 ph\u00ea - Nh\u00e0 May M\u1eafn - Maison Chance","description":"M\u1eadt ong hoa c\u00e0 ph\u00ea l\u00e0 m\u1ed9t trong nh\u1eefng lo\u1ea1i m\u1eadt ong nguy\u00ean ch\u1ea5t \u0111\u01b0\u1ee3c ng\u01b0\u1eddi ti\u00eau d\u00f9ng \u01b0a chu\u1ed9ng v\u00ec v\u1ecb ng\u1ecdt \u0111\u1eadm nh\u01b0ng kh\u00f4ng g\u1eaft, m\u00e0u c\u00e1nh gi\u00e1n t\u1ef1 nhi\u00ean v\u00e0 h\u01b0\u01a1ng th\u01a1m \u0111\u1eb7c tr\u01b0ng kh\u00f4ng l\u1eabn v\u00e0o lo\u1ea1i m\u1eadt n\u00e0o kh\u00e1c \u0111\u01b0\u1ee3c","robots":{"index":"index","follow":"follow","max-snippet":"max-snippet:-1","max-image-preview":"max-image-preview:large","max-video-preview":"max-video-preview:-1"},"canonical":"https:\/\/maison-chance.org\/shop\/san-pham\/mat-ong-hoa-ca-phe","og_locale":"vi_VN","og_type":"article","og_title":"M\u1eadt ong hoa c\u00e0 ph\u00ea","og_description":"M\u1eadt ong hoa c\u00e0 ph\u00ea l\u00e0 m\u1ed9t trong nh\u1eefng lo\u1ea1i m\u1eadt ong nguy\u00ean ch\u1ea5t \u0111\u01b0\u1ee3c ng\u01b0\u1eddi ti\u00eau d\u00f9ng \u01b0a chu\u1ed9ng v\u00ec v\u1ecb ng\u1ecdt \u0111\u1eadm nh\u01b0ng kh\u00f4ng g\u1eaft, m\u00e0u c\u00e1nh gi\u00e1n t\u1ef1 nhi\u00ean v\u00e0 h\u01b0\u01a1ng th\u01a1m \u0111\u1eb7c tr\u01b0ng kh\u00f4ng l\u1eabn v\u00e0o lo\u1ea1i m\u1eadt n\u00e0o kh\u00e1c \u0111\u01b0\u1ee3c","og_url":"https:\/\/maison-chance.org\/shop\/san-pham\/mat-ong-hoa-ca-phe","og_site_name":"Nh\u00e0 May M\u1eafn - Maison Chance","article_publisher":"https:\/\/www.facebook.com\/dnxh.nhamayman\/","article_modified_time":"2026-01-31T04:11:30+00:00","og_image":[{"width":1080,"height":1080,"url":"https:\/\/maison-chance.org\/shop\/wp-content\/uploads\/2026\/01\/mat-ong-web.png","type":"image\/png"}],"twitter_card":"summary_large_image","twitter_misc":{"Gi\u00e1":"5.30&nbsp;&#36;","Availability":"In stock"},"schema":{"@context":"https:\/\/schema.org","@graph":[{"@type":"WebPage","@id":"https:\/\/maison-chance.org\/shop\/san-pham\/mat-ong-hoa-ca-phe","url":"https:\/\/maison-chance.org\/shop\/san-pham\/mat-ong-hoa-ca-phe","name":"M\u1eadt ong hoa c\u00e0 ph\u00ea - Nh\u00e0 May M\u1eafn - Maison Chance","isPartOf":{"@id":"https:\/\/maison-chance.org\/shop\/#website"},"primaryImageOfPage":{"@id":"https:\/\/maison-chance.org\/shop\/san-pham\/mat-ong-hoa-ca-phe#primaryimage"},"image":{"@id":"https:\/\/maison-chance.org\/shop\/san-pham\/mat-ong-hoa-ca-phe#primaryimage"},"thumbnailUrl":"https:\/\/maison-chance.org\/shop\/wp-content\/uploads\/2026\/01\/mat-ong-web.png","datePublished":"2024-03-27T14:02:43+00:00","dateModified":"2026-01-31T04:11:30+00:00","description":"M\u1eadt ong hoa c\u00e0 ph\u00ea l\u00e0 m\u1ed9t trong nh\u1eefng lo\u1ea1i m\u1eadt ong nguy\u00ean ch\u1ea5t \u0111\u01b0\u1ee3c ng\u01b0\u1eddi ti\u00eau d\u00f9ng \u01b0a chu\u1ed9ng v\u00ec v\u1ecb ng\u1ecdt \u0111\u1eadm nh\u01b0ng kh\u00f4ng g\u1eaft, m\u00e0u c\u00e1nh gi\u00e1n t\u1ef1 nhi\u00ean v\u00e0 h\u01b0\u01a1ng th\u01a1m \u0111\u1eb7c tr\u01b0ng kh\u00f4ng l\u1eabn v\u00e0o lo\u1ea1i m\u1eadt n\u00e0o kh\u00e1c \u0111\u01b0\u1ee3c","breadcrumb":{"@id":"https:\/\/maison-chance.org\/shop\/san-pham\/mat-ong-hoa-ca-phe#breadcrumb"},"inLanguage":"vi-VN","potentialAction":[{"@type":"ReadAction","target":["https:\/\/maison-chance.org\/shop\/san-pham\/mat-ong-hoa-ca-phe"]}]},{"@type":"ImageObject","inLanguage":"vi-VN","@id":"https:\/\/maison-chance.org\/shop\/san-pham\/mat-ong-hoa-ca-phe#primaryimage","url":"https:\/\/maison-chance.org\/shop\/wp-content\/uploads\/2026\/01\/mat-ong-web.png","contentUrl":"https:\/\/maison-chance.org\/shop\/wp-content\/uploads\/2026\/01\/mat-ong-web.png","width":1080,"height":1080},{"@type":"BreadcrumbList","@id":"https:\/\/maison-chance.org\/shop\/san-pham\/mat-ong-hoa-ca-phe#breadcrumb","itemListElement":[{"@type":"ListItem","position":1,"name":"Trang ch\u1ee7","item":"https:\/\/maison-chance.org\/shop\/"},{"@type":"ListItem","position":2,"name":"Shop","item":"https:\/\/maison-chance.org\/shop\/shop"},{"@type":"ListItem","position":3,"name":"M\u1eadt ong hoa c\u00e0 ph\u00ea"}]},{"@type":"WebSite","@id":"https:\/\/maison-chance.org\/shop\/#website","url":"https:\/\/maison-chance.org\/shop\/","name":"Nh\u00e0 May M\u1eafn - Maison Chance","description":"M\u1ecdi l\u1ee3i nhu\u1eadn thu v\u1ec1 t\u1eeb vi\u1ec7c b\u00e1n h\u00e0ng s\u1ebd tr\u00edch m\u1ed9t ph\u1ea7n \u0111\u1ec3 ch\u0103m lo cho \u0111\u1eddi s\u1ed1ng c\u00e1c b\u1ea1n khuy\u1ebft t\u1eadt v\u00e0 tr\u1ebb m\u1ed3 c\u00f4i \u1edf \u0111\u00e2y","publisher":{"@id":"https:\/\/maison-chance.org\/shop\/#organization"},"potentialAction":[{"@type":"SearchAction","target":{"@type":"EntryPoint","urlTemplate":"https:\/\/maison-chance.org\/shop\/?s={search_term_string}"},"query-input":{"@type":"PropertyValueSpecification","valueRequired":true,"valueName":"search_term_string"}}],"inLanguage":"vi-VN"},{"@type":"Organization","@id":"https:\/\/maison-chance.org\/shop\/#organization","name":"Nh\u00e0 May M\u1eafn - Maison Chance","url":"https:\/\/maison-chance.org\/shop\/","logo":{"@type":"ImageObject","inLanguage":"vi-VN","@id":"https:\/\/maison-chance.org\/shop\/#\/schema\/logo\/image\/","url":"https:\/\/maison-chance.org\/shop\/wp-content\/uploads\/2024\/03\/cropped-Logo_DNXH.png","contentUrl":"https:\/\/maison-chance.org\/shop\/wp-content\/uploads\/2024\/03\/cropped-Logo_DNXH.png","width":512,"height":512,"caption":"Nh\u00e0 May M\u1eafn - Maison Chance"},"image":{"@id":"https:\/\/maison-chance.org\/shop\/#\/schema\/logo\/image\/"},"sameAs":["https:\/\/www.facebook.com\/dnxh.nhamayman\/"]}]},"product_price_amount":"5.30","product_price_currency":"USD","og_availability":"instock","product_availability":"instock","product_condition":"new"},"_links":{"self":[{"href":"https:\/\/maison-chance.org\/shop\/wp-json\/wp\/v2\/product\/35741","targetHints":{"allow":["GET"]}}],"collection":[{"href":"https:\/\/maison-chance.org\/shop\/wp-json\/wp\/v2\/product"}],"about":[{"href":"https:\/\/maison-chance.org\/shop\/wp-json\/wp\/v2\/types\/product"}],"wp:featuredmedia":[{"embeddable":true,"href":"https:\/\/maison-chance.org\/shop\/wp-json\/wp\/v2\/media\/42098"}],"wp:attachment":[{"href":"https:\/\/maison-chance.org\/shop\/wp-json\/wp\/v2\/media?parent=35741"}],"wp:term":[{"taxonomy":"product_brand","embeddable":true,"href":"https:\/\/maison-chance.org\/shop\/wp-json\/wp\/v2\/product_brand?post=35741"},{"taxonomy":"product_cat","embeddable":true,"href":"https:\/\/maison-chance.org\/shop\/wp-json\/wp\/v2\/product_cat?post=35741"},{"taxonomy":"product_tag","embeddable":true,"href":"https:\/\/maison-chance.org\/shop\/wp-json\/wp\/v2\/product_tag?post=35741"}],"curies":[{"name":"wp","href":"https:\/\/api.w.org\/{rel}","templated":true}]}}