{"id":35750,"date":"2024-03-27T21:12:08","date_gmt":"2024-03-27T14:12:08","guid":{"rendered":"https:\/\/maison-chance.org\/shop\/?post_type=product&#038;p=35750"},"modified":"2026-01-31T11:09:52","modified_gmt":"2026-01-31T04:09:52","slug":"hat-dieu-say-nha-may-man-dak-nong","status":"publish","type":"product","link":"https:\/\/maison-chance.org\/shop\/san-pham\/hat-dieu-say-nha-may-man-dak-nong","title":{"rendered":"H\u1ea1t \u0111i\u1ec1u s\u1ea5y nguy\u00ean v\u1ecb"},"content":{"rendered":"<p>H\u1ea1t \u0111i\u1ec1u s\u1ea5y nguy\u00ean v\u1ecb t\u1ea1i Nh\u00e0 May M\u1eafn \u0111\u01b0\u1ee3c l\u00e0m t\u1eeb nh\u1eefng h\u1ea1t \u0111i\u1ec1u tuy\u1ec3n ch\u1ecdn, gi\u1eef nguy\u00ean h\u01b0\u01a1ng v\u1ecb t\u1ef1 nhi\u00ean v\u1ed1n c\u00f3. Kh\u00f4ng t\u1ea9m \u01b0\u1edbp, kh\u00f4ng th\u00eam mu\u1ed1i hay gia v\u1ecb, t\u1eebng h\u1ea1t \u0111i\u1ec1u mang v\u1ecb b\u00e9o nh\u1eb9, b\u00f9i v\u00e0 gi\u00f2n v\u1eeba \u0111\u1ee7 \u2013 gi\u1ea3n d\u1ecb nh\u01b0ng d\u1ec5 \u0103n, ph\u00f9 h\u1ee3p cho c\u1ea3 tr\u1ebb nh\u1ecf l\u1eabn ng\u01b0\u1eddi l\u1edbn tu\u1ed5i.<\/p>\n<p>S\u1ea3n ph\u1ea9m \u0111\u01b0\u1ee3c s\u1ea5y v\u00e0 \u0111\u00f3ng g\u00f3i th\u1ee7 c\u00f4ng, c\u1ea9n th\u1eadn trong t\u1eebng c\u00f4ng \u0111o\u1ea1n. \u0110\u00e2y l\u00e0 l\u1ef1a ch\u1ecdn nh\u1eb9 nh\u00e0ng cho nh\u1eefng ai y\u00eau th\u00edch h\u1ea1t \u0111i\u1ec1u thu\u1ea7n v\u1ecb, mu\u1ed1n th\u01b0\u1edfng th\u1ee9c tr\u1ecdn v\u1eb9n v\u1ecb ngon t\u1ef1 nhi\u00ean c\u1ee7a h\u1ea1t.<\/p>\n","protected":false},"excerpt":{"rendered":"<p>T\u00ean s\u1ea3n ph\u1ea9m: H\u1ea1t \u0111i\u1ec1u s\u1ea5y nguy\u00ean v\u1ecb<br \/>\n&#8211; Th\u00e0nh ph\u1ea7n: 100% h\u1ea1t \u0111i\u1ec1u<br \/>\n&#8211; Kh\u1ed1i l\u01b0\u1ee3ng: 200gr<br \/>\n&#8211; B\u1ea3o qu\u1ea3n: \u0110\u1ec3 n\u01a1i kh\u00f4 r\u00e1o, tr\u00e1nh \u00e1nh n\u1eafng tr\u1ef1c ti\u1ebfp. \u0110\u00f3ng k\u00edn mi\u1ec7ng t\u00fai sau khi s\u1eed d\u1ee5ng<\/p>\n","protected":false},"featured_media":42094,"template":"","meta":[],"product_brand":[],"product_cat":[164,165],"product_tag":[],"class_list":{"0":"post-35750","1":"product","2":"type-product","3":"status-publish","4":"has-post-thumbnail","6":"product_cat-nong-san-dak-nong","7":"product_cat-nong-san-say-kho","9":"first","10":"instock","11":"shipping-taxable","12":"purchasable","13":"product-type-simple"},"yoast_head":"<!-- This site is optimized with the Yoast SEO Premium plugin v22.7 (Yoast SEO v25.3.1) - https:\/\/yoast.com\/wordpress\/plugins\/seo\/ -->\n<title>H\u1ea1t \u0111i\u1ec1u s\u1ea5y nguy\u00ean v\u1ecb - Nh\u00e0 May M\u1eafn - Maison Chance<\/title>\n<meta name=\"description\" content=\"H\u1ea1t \u0111i\u1ec1u s\u1ea5y Nh\u00e0 May M\u1eafn \u0110\u1eafk N\u00f4ng l\u00e0 m\u1ed9t trong c\u00e1c lo\u1ea1i h\u1ea1t dinh d\u01b0\u1ee1ng r\u1ea5t t\u1ed1t cho s\u1ee9c kh\u1ecfe. C\u00e1c anh ch\u1ecb khuy\u1ebft t\u1eadt \u1edf \u0111\u00e2y \u0111\u00e3 li\u00ean t\u1ee5c l\u1ecdc th\u1eadt k\u1ef9 t\u1eeb 4,5KG \u0111i\u1ec1u th\u00f4 sau khi \u0111\u00e3 \u0111\u01b0\u1ee3c l\u1ef1a ch\u1ecdn k\u1ef9 c\u00e0ng \u0111\u1ec3 cho ra 1KG h\u1ea1t \u0111i\u1ec1u th\u00e0nh ph\u1ea9m, s\u1ea1ch s\u1ebd, \u0111\u1eb9p m\u1eaft v\u00e0 th\u01a1m ngon.\" \/>\n<meta name=\"robots\" content=\"index, follow, max-snippet:-1, max-image-preview:large, max-video-preview:-1\" \/>\n<link rel=\"canonical\" href=\"https:\/\/maison-chance.org\/shop\/san-pham\/hat-dieu-say-nha-may-man-dak-nong\" \/>\n<meta property=\"og:locale\" content=\"vi_VN\" \/>\n<meta property=\"og:type\" content=\"article\" \/>\n<meta property=\"og:title\" content=\"H\u1ea1t \u0111i\u1ec1u s\u1ea5y nguy\u00ean v\u1ecb\" \/>\n<meta property=\"og:description\" content=\"H\u1ea1t \u0111i\u1ec1u s\u1ea5y Nh\u00e0 May M\u1eafn \u0110\u1eafk N\u00f4ng l\u00e0 m\u1ed9t trong c\u00e1c lo\u1ea1i h\u1ea1t dinh d\u01b0\u1ee1ng r\u1ea5t t\u1ed1t cho s\u1ee9c kh\u1ecfe. C\u00e1c anh ch\u1ecb khuy\u1ebft t\u1eadt \u1edf \u0111\u00e2y \u0111\u00e3 li\u00ean t\u1ee5c l\u1ecdc th\u1eadt k\u1ef9 t\u1eeb 4,5KG \u0111i\u1ec1u th\u00f4 sau khi \u0111\u00e3 \u0111\u01b0\u1ee3c l\u1ef1a ch\u1ecdn k\u1ef9 c\u00e0ng \u0111\u1ec3 cho ra 1KG h\u1ea1t \u0111i\u1ec1u th\u00e0nh ph\u1ea9m, s\u1ea1ch s\u1ebd, \u0111\u1eb9p m\u1eaft v\u00e0 th\u01a1m ngon.\" \/>\n<meta property=\"og:url\" content=\"https:\/\/maison-chance.org\/shop\/san-pham\/hat-dieu-say-nha-may-man-dak-nong\" \/>\n<meta property=\"og:site_name\" content=\"Nh\u00e0 May M\u1eafn - Maison Chance\" \/>\n<meta property=\"article:publisher\" content=\"https:\/\/www.facebook.com\/dnxh.nhamayman\/\" \/>\n<meta property=\"article:modified_time\" content=\"2026-01-31T04:09:52+00:00\" \/>\n<meta property=\"og:image\" content=\"https:\/\/maison-chance.org\/shop\/wp-content\/uploads\/2026\/01\/hat-dieu-say-web.png\" \/>\n\t<meta property=\"og:image:width\" content=\"1080\" \/>\n\t<meta property=\"og:image:height\" content=\"1080\" \/>\n\t<meta property=\"og:image:type\" content=\"image\/png\" \/>\n<meta name=\"twitter:card\" content=\"summary_large_image\" \/>\n<meta name=\"twitter:label1\" content=\"Gi\u00e1\" \/>\n\t<meta name=\"twitter:data1\" content=\"3.70&nbsp;&#036;\" \/>\n\t<meta name=\"twitter:label2\" content=\"Availability\" \/>\n\t<meta name=\"twitter:data2\" content=\"In stock\" \/>\n<script type=\"application\/ld+json\" class=\"yoast-schema-graph\">{\"@context\":\"https:\/\/schema.org\",\"@graph\":[{\"@type\":\"WebPage\",\"@id\":\"https:\/\/maison-chance.org\/shop\/san-pham\/hat-dieu-say-nha-may-man-dak-nong\",\"url\":\"https:\/\/maison-chance.org\/shop\/san-pham\/hat-dieu-say-nha-may-man-dak-nong\",\"name\":\"H\u1ea1t \u0111i\u1ec1u s\u1ea5y nguy\u00ean v\u1ecb - Nh\u00e0 May M\u1eafn - Maison Chance\",\"isPartOf\":{\"@id\":\"https:\/\/maison-chance.org\/shop\/#website\"},\"primaryImageOfPage\":{\"@id\":\"https:\/\/maison-chance.org\/shop\/san-pham\/hat-dieu-say-nha-may-man-dak-nong#primaryimage\"},\"image\":{\"@id\":\"https:\/\/maison-chance.org\/shop\/san-pham\/hat-dieu-say-nha-may-man-dak-nong#primaryimage\"},\"thumbnailUrl\":\"https:\/\/maison-chance.org\/shop\/wp-content\/uploads\/2026\/01\/hat-dieu-say-web.png\",\"datePublished\":\"2024-03-27T14:12:08+00:00\",\"dateModified\":\"2026-01-31T04:09:52+00:00\",\"description\":\"H\u1ea1t \u0111i\u1ec1u s\u1ea5y Nh\u00e0 May M\u1eafn \u0110\u1eafk N\u00f4ng l\u00e0 m\u1ed9t trong c\u00e1c lo\u1ea1i h\u1ea1t dinh d\u01b0\u1ee1ng r\u1ea5t t\u1ed1t cho s\u1ee9c kh\u1ecfe. C\u00e1c anh ch\u1ecb khuy\u1ebft t\u1eadt \u1edf \u0111\u00e2y \u0111\u00e3 li\u00ean t\u1ee5c l\u1ecdc th\u1eadt k\u1ef9 t\u1eeb 4,5KG \u0111i\u1ec1u th\u00f4 sau khi \u0111\u00e3 \u0111\u01b0\u1ee3c l\u1ef1a ch\u1ecdn k\u1ef9 c\u00e0ng \u0111\u1ec3 cho ra 1KG h\u1ea1t \u0111i\u1ec1u th\u00e0nh ph\u1ea9m, s\u1ea1ch s\u1ebd, \u0111\u1eb9p m\u1eaft v\u00e0 th\u01a1m ngon.\",\"breadcrumb\":{\"@id\":\"https:\/\/maison-chance.org\/shop\/san-pham\/hat-dieu-say-nha-may-man-dak-nong#breadcrumb\"},\"inLanguage\":\"vi-VN\",\"potentialAction\":[{\"@type\":\"ReadAction\",\"target\":[\"https:\/\/maison-chance.org\/shop\/san-pham\/hat-dieu-say-nha-may-man-dak-nong\"]}]},{\"@type\":\"ImageObject\",\"inLanguage\":\"vi-VN\",\"@id\":\"https:\/\/maison-chance.org\/shop\/san-pham\/hat-dieu-say-nha-may-man-dak-nong#primaryimage\",\"url\":\"https:\/\/maison-chance.org\/shop\/wp-content\/uploads\/2026\/01\/hat-dieu-say-web.png\",\"contentUrl\":\"https:\/\/maison-chance.org\/shop\/wp-content\/uploads\/2026\/01\/hat-dieu-say-web.png\",\"width\":1080,\"height\":1080},{\"@type\":\"BreadcrumbList\",\"@id\":\"https:\/\/maison-chance.org\/shop\/san-pham\/hat-dieu-say-nha-may-man-dak-nong#breadcrumb\",\"itemListElement\":[{\"@type\":\"ListItem\",\"position\":1,\"name\":\"Trang ch\u1ee7\",\"item\":\"https:\/\/maison-chance.org\/shop\/\"},{\"@type\":\"ListItem\",\"position\":2,\"name\":\"Shop\",\"item\":\"https:\/\/maison-chance.org\/shop\/shop\"},{\"@type\":\"ListItem\",\"position\":3,\"name\":\"H\u1ea1t \u0111i\u1ec1u s\u1ea5y nguy\u00ean v\u1ecb\"}]},{\"@type\":\"WebSite\",\"@id\":\"https:\/\/maison-chance.org\/shop\/#website\",\"url\":\"https:\/\/maison-chance.org\/shop\/\",\"name\":\"Nh\u00e0 May M\u1eafn - Maison Chance\",\"description\":\"M\u1ecdi l\u1ee3i nhu\u1eadn thu v\u1ec1 t\u1eeb vi\u1ec7c b\u00e1n h\u00e0ng s\u1ebd tr\u00edch m\u1ed9t ph\u1ea7n \u0111\u1ec3 ch\u0103m lo cho \u0111\u1eddi s\u1ed1ng c\u00e1c b\u1ea1n khuy\u1ebft t\u1eadt v\u00e0 tr\u1ebb m\u1ed3 c\u00f4i \u1edf \u0111\u00e2y\",\"publisher\":{\"@id\":\"https:\/\/maison-chance.org\/shop\/#organization\"},\"potentialAction\":[{\"@type\":\"SearchAction\",\"target\":{\"@type\":\"EntryPoint\",\"urlTemplate\":\"https:\/\/maison-chance.org\/shop\/?s={search_term_string}\"},\"query-input\":{\"@type\":\"PropertyValueSpecification\",\"valueRequired\":true,\"valueName\":\"search_term_string\"}}],\"inLanguage\":\"vi-VN\"},{\"@type\":\"Organization\",\"@id\":\"https:\/\/maison-chance.org\/shop\/#organization\",\"name\":\"Nh\u00e0 May M\u1eafn - Maison Chance\",\"url\":\"https:\/\/maison-chance.org\/shop\/\",\"logo\":{\"@type\":\"ImageObject\",\"inLanguage\":\"vi-VN\",\"@id\":\"https:\/\/maison-chance.org\/shop\/#\/schema\/logo\/image\/\",\"url\":\"https:\/\/maison-chance.org\/shop\/wp-content\/uploads\/2024\/03\/cropped-Logo_DNXH.png\",\"contentUrl\":\"https:\/\/maison-chance.org\/shop\/wp-content\/uploads\/2024\/03\/cropped-Logo_DNXH.png\",\"width\":512,\"height\":512,\"caption\":\"Nh\u00e0 May M\u1eafn - Maison Chance\"},\"image\":{\"@id\":\"https:\/\/maison-chance.org\/shop\/#\/schema\/logo\/image\/\"},\"sameAs\":[\"https:\/\/www.facebook.com\/dnxh.nhamayman\/\"]}]}<\/script>\n<meta property=\"product:price:amount\" content=\"3.70\" \/>\n<meta property=\"product:price:currency\" content=\"USD\" \/>\n<meta property=\"og:availability\" content=\"instock\" \/>\n<meta property=\"product:availability\" content=\"instock\" \/>\n<meta property=\"product:condition\" content=\"new\" \/>\n<!-- \/ Yoast SEO Premium plugin. -->","yoast_head_json":{"title":"H\u1ea1t \u0111i\u1ec1u s\u1ea5y nguy\u00ean v\u1ecb - Nh\u00e0 May M\u1eafn - Maison Chance","description":"H\u1ea1t \u0111i\u1ec1u s\u1ea5y Nh\u00e0 May M\u1eafn \u0110\u1eafk N\u00f4ng l\u00e0 m\u1ed9t trong c\u00e1c lo\u1ea1i h\u1ea1t dinh d\u01b0\u1ee1ng r\u1ea5t t\u1ed1t cho s\u1ee9c kh\u1ecfe. C\u00e1c anh ch\u1ecb khuy\u1ebft t\u1eadt \u1edf \u0111\u00e2y \u0111\u00e3 li\u00ean t\u1ee5c l\u1ecdc th\u1eadt k\u1ef9 t\u1eeb 4,5KG \u0111i\u1ec1u th\u00f4 sau khi \u0111\u00e3 \u0111\u01b0\u1ee3c l\u1ef1a ch\u1ecdn k\u1ef9 c\u00e0ng \u0111\u1ec3 cho ra 1KG h\u1ea1t \u0111i\u1ec1u th\u00e0nh ph\u1ea9m, s\u1ea1ch s\u1ebd, \u0111\u1eb9p m\u1eaft v\u00e0 th\u01a1m ngon.","robots":{"index":"index","follow":"follow","max-snippet":"max-snippet:-1","max-image-preview":"max-image-preview:large","max-video-preview":"max-video-preview:-1"},"canonical":"https:\/\/maison-chance.org\/shop\/san-pham\/hat-dieu-say-nha-may-man-dak-nong","og_locale":"vi_VN","og_type":"article","og_title":"H\u1ea1t \u0111i\u1ec1u s\u1ea5y nguy\u00ean v\u1ecb","og_description":"H\u1ea1t \u0111i\u1ec1u s\u1ea5y Nh\u00e0 May M\u1eafn \u0110\u1eafk N\u00f4ng l\u00e0 m\u1ed9t trong c\u00e1c lo\u1ea1i h\u1ea1t dinh d\u01b0\u1ee1ng r\u1ea5t t\u1ed1t cho s\u1ee9c kh\u1ecfe. C\u00e1c anh ch\u1ecb khuy\u1ebft t\u1eadt \u1edf \u0111\u00e2y \u0111\u00e3 li\u00ean t\u1ee5c l\u1ecdc th\u1eadt k\u1ef9 t\u1eeb 4,5KG \u0111i\u1ec1u th\u00f4 sau khi \u0111\u00e3 \u0111\u01b0\u1ee3c l\u1ef1a ch\u1ecdn k\u1ef9 c\u00e0ng \u0111\u1ec3 cho ra 1KG h\u1ea1t \u0111i\u1ec1u th\u00e0nh ph\u1ea9m, s\u1ea1ch s\u1ebd, \u0111\u1eb9p m\u1eaft v\u00e0 th\u01a1m ngon.","og_url":"https:\/\/maison-chance.org\/shop\/san-pham\/hat-dieu-say-nha-may-man-dak-nong","og_site_name":"Nh\u00e0 May M\u1eafn - Maison Chance","article_publisher":"https:\/\/www.facebook.com\/dnxh.nhamayman\/","article_modified_time":"2026-01-31T04:09:52+00:00","og_image":[{"width":1080,"height":1080,"url":"https:\/\/maison-chance.org\/shop\/wp-content\/uploads\/2026\/01\/hat-dieu-say-web.png","type":"image\/png"}],"twitter_card":"summary_large_image","twitter_misc":{"Gi\u00e1":"3.70&nbsp;&#36;","Availability":"In stock"},"schema":{"@context":"https:\/\/schema.org","@graph":[{"@type":"WebPage","@id":"https:\/\/maison-chance.org\/shop\/san-pham\/hat-dieu-say-nha-may-man-dak-nong","url":"https:\/\/maison-chance.org\/shop\/san-pham\/hat-dieu-say-nha-may-man-dak-nong","name":"H\u1ea1t \u0111i\u1ec1u s\u1ea5y nguy\u00ean v\u1ecb - Nh\u00e0 May M\u1eafn - Maison Chance","isPartOf":{"@id":"https:\/\/maison-chance.org\/shop\/#website"},"primaryImageOfPage":{"@id":"https:\/\/maison-chance.org\/shop\/san-pham\/hat-dieu-say-nha-may-man-dak-nong#primaryimage"},"image":{"@id":"https:\/\/maison-chance.org\/shop\/san-pham\/hat-dieu-say-nha-may-man-dak-nong#primaryimage"},"thumbnailUrl":"https:\/\/maison-chance.org\/shop\/wp-content\/uploads\/2026\/01\/hat-dieu-say-web.png","datePublished":"2024-03-27T14:12:08+00:00","dateModified":"2026-01-31T04:09:52+00:00","description":"H\u1ea1t \u0111i\u1ec1u s\u1ea5y Nh\u00e0 May M\u1eafn \u0110\u1eafk N\u00f4ng l\u00e0 m\u1ed9t trong c\u00e1c lo\u1ea1i h\u1ea1t dinh d\u01b0\u1ee1ng r\u1ea5t t\u1ed1t cho s\u1ee9c kh\u1ecfe. C\u00e1c anh ch\u1ecb khuy\u1ebft t\u1eadt \u1edf \u0111\u00e2y \u0111\u00e3 li\u00ean t\u1ee5c l\u1ecdc th\u1eadt k\u1ef9 t\u1eeb 4,5KG \u0111i\u1ec1u th\u00f4 sau khi \u0111\u00e3 \u0111\u01b0\u1ee3c l\u1ef1a ch\u1ecdn k\u1ef9 c\u00e0ng \u0111\u1ec3 cho ra 1KG h\u1ea1t \u0111i\u1ec1u th\u00e0nh ph\u1ea9m, s\u1ea1ch s\u1ebd, \u0111\u1eb9p m\u1eaft v\u00e0 th\u01a1m ngon.","breadcrumb":{"@id":"https:\/\/maison-chance.org\/shop\/san-pham\/hat-dieu-say-nha-may-man-dak-nong#breadcrumb"},"inLanguage":"vi-VN","potentialAction":[{"@type":"ReadAction","target":["https:\/\/maison-chance.org\/shop\/san-pham\/hat-dieu-say-nha-may-man-dak-nong"]}]},{"@type":"ImageObject","inLanguage":"vi-VN","@id":"https:\/\/maison-chance.org\/shop\/san-pham\/hat-dieu-say-nha-may-man-dak-nong#primaryimage","url":"https:\/\/maison-chance.org\/shop\/wp-content\/uploads\/2026\/01\/hat-dieu-say-web.png","contentUrl":"https:\/\/maison-chance.org\/shop\/wp-content\/uploads\/2026\/01\/hat-dieu-say-web.png","width":1080,"height":1080},{"@type":"BreadcrumbList","@id":"https:\/\/maison-chance.org\/shop\/san-pham\/hat-dieu-say-nha-may-man-dak-nong#breadcrumb","itemListElement":[{"@type":"ListItem","position":1,"name":"Trang ch\u1ee7","item":"https:\/\/maison-chance.org\/shop\/"},{"@type":"ListItem","position":2,"name":"Shop","item":"https:\/\/maison-chance.org\/shop\/shop"},{"@type":"ListItem","position":3,"name":"H\u1ea1t \u0111i\u1ec1u s\u1ea5y nguy\u00ean v\u1ecb"}]},{"@type":"WebSite","@id":"https:\/\/maison-chance.org\/shop\/#website","url":"https:\/\/maison-chance.org\/shop\/","name":"Nh\u00e0 May M\u1eafn - Maison Chance","description":"M\u1ecdi l\u1ee3i nhu\u1eadn thu v\u1ec1 t\u1eeb vi\u1ec7c b\u00e1n h\u00e0ng s\u1ebd tr\u00edch m\u1ed9t ph\u1ea7n \u0111\u1ec3 ch\u0103m lo cho \u0111\u1eddi s\u1ed1ng c\u00e1c b\u1ea1n khuy\u1ebft t\u1eadt v\u00e0 tr\u1ebb m\u1ed3 c\u00f4i \u1edf \u0111\u00e2y","publisher":{"@id":"https:\/\/maison-chance.org\/shop\/#organization"},"potentialAction":[{"@type":"SearchAction","target":{"@type":"EntryPoint","urlTemplate":"https:\/\/maison-chance.org\/shop\/?s={search_term_string}"},"query-input":{"@type":"PropertyValueSpecification","valueRequired":true,"valueName":"search_term_string"}}],"inLanguage":"vi-VN"},{"@type":"Organization","@id":"https:\/\/maison-chance.org\/shop\/#organization","name":"Nh\u00e0 May M\u1eafn - Maison Chance","url":"https:\/\/maison-chance.org\/shop\/","logo":{"@type":"ImageObject","inLanguage":"vi-VN","@id":"https:\/\/maison-chance.org\/shop\/#\/schema\/logo\/image\/","url":"https:\/\/maison-chance.org\/shop\/wp-content\/uploads\/2024\/03\/cropped-Logo_DNXH.png","contentUrl":"https:\/\/maison-chance.org\/shop\/wp-content\/uploads\/2024\/03\/cropped-Logo_DNXH.png","width":512,"height":512,"caption":"Nh\u00e0 May M\u1eafn - Maison Chance"},"image":{"@id":"https:\/\/maison-chance.org\/shop\/#\/schema\/logo\/image\/"},"sameAs":["https:\/\/www.facebook.com\/dnxh.nhamayman\/"]}]},"product_price_amount":"3.70","product_price_currency":"USD","og_availability":"instock","product_availability":"instock","product_condition":"new"},"_links":{"self":[{"href":"https:\/\/maison-chance.org\/shop\/wp-json\/wp\/v2\/product\/35750","targetHints":{"allow":["GET"]}}],"collection":[{"href":"https:\/\/maison-chance.org\/shop\/wp-json\/wp\/v2\/product"}],"about":[{"href":"https:\/\/maison-chance.org\/shop\/wp-json\/wp\/v2\/types\/product"}],"wp:featuredmedia":[{"embeddable":true,"href":"https:\/\/maison-chance.org\/shop\/wp-json\/wp\/v2\/media\/42094"}],"wp:attachment":[{"href":"https:\/\/maison-chance.org\/shop\/wp-json\/wp\/v2\/media?parent=35750"}],"wp:term":[{"taxonomy":"product_brand","embeddable":true,"href":"https:\/\/maison-chance.org\/shop\/wp-json\/wp\/v2\/product_brand?post=35750"},{"taxonomy":"product_cat","embeddable":true,"href":"https:\/\/maison-chance.org\/shop\/wp-json\/wp\/v2\/product_cat?post=35750"},{"taxonomy":"product_tag","embeddable":true,"href":"https:\/\/maison-chance.org\/shop\/wp-json\/wp\/v2\/product_tag?post=35750"}],"curies":[{"name":"wp","href":"https:\/\/api.w.org\/{rel}","templated":true}]}}