{"id":35759,"date":"2024-03-27T21:21:02","date_gmt":"2024-03-27T14:21:02","guid":{"rendered":"https:\/\/maison-chance.org\/shop\/?post_type=product&#038;p=35759"},"modified":"2024-07-24T10:44:53","modified_gmt":"2024-07-24T03:44:53","slug":"de-lot-muong-dua-bang-da","status":"publish","type":"product","link":"https:\/\/maison-chance.org\/shop\/san-pham\/de-lot-muong-dua-bang-da","title":{"rendered":"\u0110\u1ebf l\u00f3t mu\u1ed7ng \u0111\u0169a b\u1eb1ng \u0111\u00e1"},"content":{"rendered":"<p style=\"text-align: justify;\">B\u1ea1n \u0111\u00e3 t\u1eebng nghe v\u1ec1 <a href=\"https:\/\/maison-chance.org\/shop\/san-pham\/de-lot-muong-dua-bang-da\">\u0111\u1ebf l\u00f3t mu\u1ed7ng \u0111\u0169a b\u1eb1ng \u0111\u00e1<\/a> Serpentine &#8211; m\u1ed9t s\u1ea3n ph\u1ea9m kh\u00f4ng ch\u1ec9 ti\u1ec7n d\u1ee5ng m\u00e0 c\u00f2n h\u1ed7 tr\u1ee3 cho c\u1ed9ng \u0111\u1ed3ng ng\u01b0\u1eddi khuy\u1ebft t\u1eadt? H\u00f4m nay, ch\u00fang t\u00f4i r\u1ea5t h\u00e2n h\u1ea1nh gi\u1edbi thi\u1ec7u s\u1ea3n ph\u1ea9m n\u00e0y, v\u1edbi hy v\u1ecdng k\u00eau g\u1ecdi s\u1ef1 \u1ee7ng h\u1ed9 t\u1eeb m\u1ecdi ng\u01b0\u1eddi \u0111\u1ec3 c\u00f9ng nhau x\u00e2y d\u1ef1ng m\u1ed9t x\u00e3 h\u1ed9i v\u0103n minh, nh\u00e2n \u00e1i v\u00e0 bao dung.<\/p>\n<p style=\"text-align: justify;\">1. \u0110\u1eb7c \u0111i\u1ec3m n\u1ed5i b\u1eadt c\u1ee7a \u0111\u1ebf l\u00f3t mu\u1ed7ng \u0111\u0169a b\u1eb1ng \u0111\u00e1 Serpentine:<\/p>\n<p style=\"text-align: justify;\">a. Ch\u1ea5t li\u1ec7u t\u1ef1 nhi\u00ean: \u0110\u00e1 Serpentine l\u00e0 lo\u1ea1i \u0111\u00e1 t\u1ef1 nhi\u00ean c\u00f3 kh\u1ea3 n\u0103ng ch\u1ed1ng tr\u01b0\u1ee3t v\u00e0 ch\u1ecbu nhi\u1ec7t xu\u1ea5t s\u1eafc, mang l\u1ea1i s\u1ef1 an t\u00e2m trong qu\u00e1 tr\u00ecnh s\u1eed d\u1ee5ng.<\/p>\n<p style=\"text-align: justify;\">b. Thi\u1ebft k\u1ebf thanh l\u1ecbch: V\u1edbi h\u00ecnh d\u00e1ng vu\u00f4ng v\u1eafn v\u00e0 m\u00e0u s\u1eafc t\u1ef1 nhi\u00ean c\u1ee7a \u0111\u00e1, s\u1ea3n ph\u1ea9m th\u00eam ph\u1ea7n t\u00f4n l\u00ean v\u1ebb sang tr\u1ecdng cho kh\u00f4ng gian \u1ea9m th\u1ef1c c\u1ee7a b\u1ea1n.<\/p>\n<p style=\"text-align: justify;\">c. K\u00edch th\u01b0\u1edbc ti\u1ec7n d\u1ee5ng: V\u1edbi k\u00edch th\u01b0\u1edbc 7.5 x 6.5 cm, \u0111\u1ebf l\u00f3t mu\u1ed7ng \u0111\u0169a b\u1eb1ng \u0111\u00e1 Serpentine ph\u00f9 h\u1ee3p v\u1edbi m\u1ecdi lo\u1ea1i mu\u1ed7ng, \u0111\u0169a th\u00f4ng d\u1ee5ng.<\/p>\n<p style=\"text-align: justify;\">2. L\u1ee3i \u00edch khi s\u1eed d\u1ee5ng \u0111\u1ebf l\u00f3t mu\u1ed7ng \u0111\u0169a b\u1eb1ng \u0111\u00e1 Serpentine:<\/p>\n<p style=\"text-align: justify;\">a. B\u1ea3o v\u1ec7 b\u00e0n \u0103n: \u0110\u1ebf l\u00f3t gi\u00fap ng\u0103n ng\u1eeba tr\u1ea7y x\u01b0\u1edbc v\u00e0 h\u01b0 h\u1ecfng b\u1ec1 m\u1eb7t b\u00e0n, gi\u1eef cho kh\u00f4ng gian \u1ea9m th\u1ef1c lu\u00f4n t\u01b0\u01a1m t\u1ea5t v\u00e0 m\u1edbi m\u1ebb.<\/p>\n<p style=\"text-align: justify;\">b. Ch\u1ed1ng tr\u01b0\u1ee3t: T\u00ednh n\u0103ng ch\u1ed1ng tr\u01b0\u1ee3t c\u1ee7a \u0111\u00e1 Serpentine gi\u00fap \u1ed5n \u0111\u1ecbnh mu\u1ed7ng, \u0111\u0169a khi s\u1eed d\u1ee5ng, tr\u00e1nh nh\u1eefng r\u1ee7i ro kh\u00f4ng mong mu\u1ed1n.<\/p>\n<p style=\"text-align: justify;\">c. D\u1ec5 d\u00e0ng v\u1ec7 sinh: \u0110\u00e1 Serpentine kh\u00f4ng th\u1ea5m n\u01b0\u1edbc v\u00e0 d\u1ec5 lau ch\u00f9i, ti\u1ebft ki\u1ec7m th\u1eddi gian v\u1ec7 sinh sau khi s\u1eed d\u1ee5ng.<\/p>\n<p style=\"text-align: justify;\"><a href=\"https:\/\/maison-chance.org\/shop\/phong-da-my-nghe\">\u0110\u1ebf l\u00f3t mu\u1ed7ng \u0111\u0169a b\u1eb1ng \u0111\u00e1 Serpentine<\/a> kh\u00f4ng ch\u1ec9 mang l\u1ea1i nh\u1eefng ti\u1ec7n \u00edch v\u01b0\u1ee3t tr\u1ed9i m\u00e0 c\u00f2n c\u00f3 \u00fd ngh\u0129a x\u00e3 h\u1ed9i s\u00e2u s\u1eafc. S\u1ea3n ph\u1ea9m n\u00e0y \u0111\u01b0\u1ee3c ch\u1ebf t\u00e1c b\u1edfi nh\u1eefng ng\u01b0\u1eddi khuy\u1ebft t\u1eadt t\u1ea1i Nh\u00e0 May M\u1eafn &#8211; Maison Chance, n\u01a1i h\u1ecd c\u00f3 c\u01a1 h\u1ed9i ph\u00e1t tri\u1ec3n k\u1ef9 n\u0103ng v\u00e0 ki\u1ebfm s\u1ed1ng. Khi mua s\u1ea3n ph\u1ea9m n\u00e0y, b\u1ea1n kh\u00f4ng ch\u1ec9 s\u1edf h\u1eefu m\u1ed9t m\u00f3n \u0111\u1ed3 ch\u1ea5t l\u01b0\u1ee3ng m\u00e0 c\u00f2n g\u00f3p ph\u1ea7n gi\u00fap \u0111\u1ee1 nh\u1eefng ng\u01b0\u1eddi khuy\u1ebft t\u1eadt c\u00f3 cu\u1ed9c s\u1ed1ng t\u1ed1t \u0111\u1eb9p h\u01a1n.<\/p>\n","protected":false},"excerpt":{"rendered":"<p>Ch\u1ea5t li\u1ec7u: \u0111\u00e1 Serpentine<br \/>\nTr\u1ecdng l\u01b0\u1ee3ng: 86 gr<br \/>\nK\u00edch th\u01b0\u1edbc: 7.5 x 6.5 cm<br \/>\nCode: TU13<\/p>\n<p>Hotline : <span style=\"font-size: 20px;\"><strong><span style=\"color: #ff0000;\">0909 06 25 28<\/span><\/strong><\/span><\/p>\n","protected":false},"featured_media":35760,"template":"","meta":[],"product_brand":[],"product_cat":[157,163],"product_tag":[],"class_list":{"0":"post-35759","1":"product","2":"type-product","3":"status-publish","4":"has-post-thumbnail","6":"product_cat-phong-da-my-nghe","7":"product_cat-san-pham-khac","9":"first","10":"instock","11":"shipping-taxable","12":"purchasable","13":"product-type-simple"},"yoast_head":"<!-- This site is optimized with the Yoast SEO Premium plugin v22.7 (Yoast SEO v25.3.1) - https:\/\/yoast.com\/wordpress\/plugins\/seo\/ -->\n<title>\u0110\u1ebf l\u00f3t mu\u1ed7ng \u0111\u0169a b\u1eb1ng \u0111\u00e1 - Nh\u00e0 May M\u1eafn - Maison Chance<\/title>\n<meta name=\"description\" content=\"\u0110\u1ebf l\u00f3t mu\u1ed7ng \u0111\u0169a b\u1eb1ng \u0111\u00e1 Serpentine - s\u1ea3n ph\u1ea9m t\u1ef1 nhi\u00ean, ch\u1ed1ng tr\u01b0\u1ee3t v\u00e0 ch\u1ecbu nhi\u1ec7t. B\u1ea3o v\u1ec7 b\u00e0n \u0103n, tr\u00e1nh tr\u1ea7y x\u01b0\u1edbc v\u00e0 h\u01b0 h\u1ecfng. Mua s\u1ea3n ph\u1ea9m n\u00e0y c\u00f2n gi\u00fap h\u1ed7 tr\u1ee3 ng\u01b0\u1eddi khuy\u1ebft t\u1eadt.\" \/>\n<meta name=\"robots\" content=\"index, follow, max-snippet:-1, max-image-preview:large, max-video-preview:-1\" \/>\n<link rel=\"canonical\" href=\"https:\/\/maison-chance.org\/shop\/san-pham\/de-lot-muong-dua-bang-da\" \/>\n<meta property=\"og:locale\" content=\"vi_VN\" \/>\n<meta property=\"og:type\" content=\"article\" \/>\n<meta property=\"og:title\" content=\"\u0110\u1ebf l\u00f3t mu\u1ed7ng \u0111\u0169a b\u1eb1ng \u0111\u00e1\" \/>\n<meta property=\"og:description\" content=\"\u0110\u1ebf l\u00f3t mu\u1ed7ng \u0111\u0169a b\u1eb1ng \u0111\u00e1 Serpentine - s\u1ea3n ph\u1ea9m t\u1ef1 nhi\u00ean, ch\u1ed1ng tr\u01b0\u1ee3t v\u00e0 ch\u1ecbu nhi\u1ec7t. B\u1ea3o v\u1ec7 b\u00e0n \u0103n, tr\u00e1nh tr\u1ea7y x\u01b0\u1edbc v\u00e0 h\u01b0 h\u1ecfng. Mua s\u1ea3n ph\u1ea9m n\u00e0y c\u00f2n gi\u00fap h\u1ed7 tr\u1ee3 ng\u01b0\u1eddi khuy\u1ebft t\u1eadt.\" \/>\n<meta property=\"og:url\" content=\"https:\/\/maison-chance.org\/shop\/san-pham\/de-lot-muong-dua-bang-da\" \/>\n<meta property=\"og:site_name\" content=\"Nh\u00e0 May M\u1eafn - Maison Chance\" \/>\n<meta property=\"article:publisher\" content=\"https:\/\/www.facebook.com\/dnxh.nhamayman\/\" \/>\n<meta property=\"article:modified_time\" content=\"2024-07-24T03:44:53+00:00\" \/>\n<meta property=\"og:image\" content=\"https:\/\/maison-chance.org\/shop\/wp-content\/uploads\/2024\/03\/de-lot-muong.jpg\" \/>\n\t<meta property=\"og:image:width\" content=\"600\" \/>\n\t<meta property=\"og:image:height\" content=\"600\" \/>\n\t<meta property=\"og:image:type\" content=\"image\/jpeg\" \/>\n<meta name=\"twitter:card\" content=\"summary_large_image\" \/>\n<meta name=\"twitter:label1\" content=\"Gi\u00e1\" \/>\n\t<meta name=\"twitter:data1\" content=\"30.00&nbsp;&#036;\" \/>\n\t<meta name=\"twitter:label2\" content=\"Availability\" \/>\n\t<meta name=\"twitter:data2\" content=\"In stock\" \/>\n<script type=\"application\/ld+json\" class=\"yoast-schema-graph\">{\"@context\":\"https:\/\/schema.org\",\"@graph\":[{\"@type\":\"WebPage\",\"@id\":\"https:\/\/maison-chance.org\/shop\/san-pham\/de-lot-muong-dua-bang-da\",\"url\":\"https:\/\/maison-chance.org\/shop\/san-pham\/de-lot-muong-dua-bang-da\",\"name\":\"\u0110\u1ebf l\u00f3t mu\u1ed7ng \u0111\u0169a b\u1eb1ng \u0111\u00e1 - Nh\u00e0 May M\u1eafn - Maison Chance\",\"isPartOf\":{\"@id\":\"https:\/\/maison-chance.org\/shop\/#website\"},\"primaryImageOfPage\":{\"@id\":\"https:\/\/maison-chance.org\/shop\/san-pham\/de-lot-muong-dua-bang-da#primaryimage\"},\"image\":{\"@id\":\"https:\/\/maison-chance.org\/shop\/san-pham\/de-lot-muong-dua-bang-da#primaryimage\"},\"thumbnailUrl\":\"https:\/\/maison-chance.org\/shop\/wp-content\/uploads\/2024\/03\/de-lot-muong.jpg\",\"datePublished\":\"2024-03-27T14:21:02+00:00\",\"dateModified\":\"2024-07-24T03:44:53+00:00\",\"description\":\"\u0110\u1ebf l\u00f3t mu\u1ed7ng \u0111\u0169a b\u1eb1ng \u0111\u00e1 Serpentine - s\u1ea3n ph\u1ea9m t\u1ef1 nhi\u00ean, ch\u1ed1ng tr\u01b0\u1ee3t v\u00e0 ch\u1ecbu nhi\u1ec7t. B\u1ea3o v\u1ec7 b\u00e0n \u0103n, tr\u00e1nh tr\u1ea7y x\u01b0\u1edbc v\u00e0 h\u01b0 h\u1ecfng. Mua s\u1ea3n ph\u1ea9m n\u00e0y c\u00f2n gi\u00fap h\u1ed7 tr\u1ee3 ng\u01b0\u1eddi khuy\u1ebft t\u1eadt.\",\"breadcrumb\":{\"@id\":\"https:\/\/maison-chance.org\/shop\/san-pham\/de-lot-muong-dua-bang-da#breadcrumb\"},\"inLanguage\":\"vi-VN\",\"potentialAction\":[{\"@type\":\"ReadAction\",\"target\":[\"https:\/\/maison-chance.org\/shop\/san-pham\/de-lot-muong-dua-bang-da\"]}]},{\"@type\":\"ImageObject\",\"inLanguage\":\"vi-VN\",\"@id\":\"https:\/\/maison-chance.org\/shop\/san-pham\/de-lot-muong-dua-bang-da#primaryimage\",\"url\":\"https:\/\/maison-chance.org\/shop\/wp-content\/uploads\/2024\/03\/de-lot-muong.jpg\",\"contentUrl\":\"https:\/\/maison-chance.org\/shop\/wp-content\/uploads\/2024\/03\/de-lot-muong.jpg\",\"width\":600,\"height\":600,\"caption\":\"\u0110\u1ebf l\u00f3t mu\u1ed7ng \u0111\u0169a b\u1eb1ng \u0111\u00e1\"},{\"@type\":\"BreadcrumbList\",\"@id\":\"https:\/\/maison-chance.org\/shop\/san-pham\/de-lot-muong-dua-bang-da#breadcrumb\",\"itemListElement\":[{\"@type\":\"ListItem\",\"position\":1,\"name\":\"Trang ch\u1ee7\",\"item\":\"https:\/\/maison-chance.org\/shop\/\"},{\"@type\":\"ListItem\",\"position\":2,\"name\":\"Shop\",\"item\":\"https:\/\/maison-chance.org\/shop\/shop\"},{\"@type\":\"ListItem\",\"position\":3,\"name\":\"\u0110\u1ebf l\u00f3t mu\u1ed7ng \u0111\u0169a b\u1eb1ng \u0111\u00e1\"}]},{\"@type\":\"WebSite\",\"@id\":\"https:\/\/maison-chance.org\/shop\/#website\",\"url\":\"https:\/\/maison-chance.org\/shop\/\",\"name\":\"Nh\u00e0 May M\u1eafn - Maison Chance\",\"description\":\"M\u1ecdi l\u1ee3i nhu\u1eadn thu v\u1ec1 t\u1eeb vi\u1ec7c b\u00e1n h\u00e0ng s\u1ebd tr\u00edch m\u1ed9t ph\u1ea7n \u0111\u1ec3 ch\u0103m lo cho \u0111\u1eddi s\u1ed1ng c\u00e1c b\u1ea1n khuy\u1ebft t\u1eadt v\u00e0 tr\u1ebb m\u1ed3 c\u00f4i \u1edf \u0111\u00e2y\",\"publisher\":{\"@id\":\"https:\/\/maison-chance.org\/shop\/#organization\"},\"potentialAction\":[{\"@type\":\"SearchAction\",\"target\":{\"@type\":\"EntryPoint\",\"urlTemplate\":\"https:\/\/maison-chance.org\/shop\/?s={search_term_string}\"},\"query-input\":{\"@type\":\"PropertyValueSpecification\",\"valueRequired\":true,\"valueName\":\"search_term_string\"}}],\"inLanguage\":\"vi-VN\"},{\"@type\":\"Organization\",\"@id\":\"https:\/\/maison-chance.org\/shop\/#organization\",\"name\":\"Nh\u00e0 May M\u1eafn - Maison Chance\",\"url\":\"https:\/\/maison-chance.org\/shop\/\",\"logo\":{\"@type\":\"ImageObject\",\"inLanguage\":\"vi-VN\",\"@id\":\"https:\/\/maison-chance.org\/shop\/#\/schema\/logo\/image\/\",\"url\":\"https:\/\/maison-chance.org\/shop\/wp-content\/uploads\/2024\/03\/cropped-Logo_DNXH.png\",\"contentUrl\":\"https:\/\/maison-chance.org\/shop\/wp-content\/uploads\/2024\/03\/cropped-Logo_DNXH.png\",\"width\":512,\"height\":512,\"caption\":\"Nh\u00e0 May M\u1eafn - Maison Chance\"},\"image\":{\"@id\":\"https:\/\/maison-chance.org\/shop\/#\/schema\/logo\/image\/\"},\"sameAs\":[\"https:\/\/www.facebook.com\/dnxh.nhamayman\/\"]}]}<\/script>\n<meta property=\"product:price:amount\" content=\"30.00\" \/>\n<meta property=\"product:price:currency\" content=\"USD\" \/>\n<meta property=\"og:availability\" content=\"instock\" \/>\n<meta property=\"product:availability\" content=\"instock\" \/>\n<meta property=\"product:condition\" content=\"new\" \/>\n<!-- \/ Yoast SEO Premium plugin. -->","yoast_head_json":{"title":"\u0110\u1ebf l\u00f3t mu\u1ed7ng \u0111\u0169a b\u1eb1ng \u0111\u00e1 - Nh\u00e0 May M\u1eafn - Maison Chance","description":"\u0110\u1ebf l\u00f3t mu\u1ed7ng \u0111\u0169a b\u1eb1ng \u0111\u00e1 Serpentine - s\u1ea3n ph\u1ea9m t\u1ef1 nhi\u00ean, ch\u1ed1ng tr\u01b0\u1ee3t v\u00e0 ch\u1ecbu nhi\u1ec7t. B\u1ea3o v\u1ec7 b\u00e0n \u0103n, tr\u00e1nh tr\u1ea7y x\u01b0\u1edbc v\u00e0 h\u01b0 h\u1ecfng. Mua s\u1ea3n ph\u1ea9m n\u00e0y c\u00f2n gi\u00fap h\u1ed7 tr\u1ee3 ng\u01b0\u1eddi khuy\u1ebft t\u1eadt.","robots":{"index":"index","follow":"follow","max-snippet":"max-snippet:-1","max-image-preview":"max-image-preview:large","max-video-preview":"max-video-preview:-1"},"canonical":"https:\/\/maison-chance.org\/shop\/san-pham\/de-lot-muong-dua-bang-da","og_locale":"vi_VN","og_type":"article","og_title":"\u0110\u1ebf l\u00f3t mu\u1ed7ng \u0111\u0169a b\u1eb1ng \u0111\u00e1","og_description":"\u0110\u1ebf l\u00f3t mu\u1ed7ng \u0111\u0169a b\u1eb1ng \u0111\u00e1 Serpentine - s\u1ea3n ph\u1ea9m t\u1ef1 nhi\u00ean, ch\u1ed1ng tr\u01b0\u1ee3t v\u00e0 ch\u1ecbu nhi\u1ec7t. B\u1ea3o v\u1ec7 b\u00e0n \u0103n, tr\u00e1nh tr\u1ea7y x\u01b0\u1edbc v\u00e0 h\u01b0 h\u1ecfng. Mua s\u1ea3n ph\u1ea9m n\u00e0y c\u00f2n gi\u00fap h\u1ed7 tr\u1ee3 ng\u01b0\u1eddi khuy\u1ebft t\u1eadt.","og_url":"https:\/\/maison-chance.org\/shop\/san-pham\/de-lot-muong-dua-bang-da","og_site_name":"Nh\u00e0 May M\u1eafn - Maison Chance","article_publisher":"https:\/\/www.facebook.com\/dnxh.nhamayman\/","article_modified_time":"2024-07-24T03:44:53+00:00","og_image":[{"width":600,"height":600,"url":"https:\/\/maison-chance.org\/shop\/wp-content\/uploads\/2024\/03\/de-lot-muong.jpg","type":"image\/jpeg"}],"twitter_card":"summary_large_image","twitter_misc":{"Gi\u00e1":"30.00&nbsp;&#36;","Availability":"In stock"},"schema":{"@context":"https:\/\/schema.org","@graph":[{"@type":"WebPage","@id":"https:\/\/maison-chance.org\/shop\/san-pham\/de-lot-muong-dua-bang-da","url":"https:\/\/maison-chance.org\/shop\/san-pham\/de-lot-muong-dua-bang-da","name":"\u0110\u1ebf l\u00f3t mu\u1ed7ng \u0111\u0169a b\u1eb1ng \u0111\u00e1 - Nh\u00e0 May M\u1eafn - Maison Chance","isPartOf":{"@id":"https:\/\/maison-chance.org\/shop\/#website"},"primaryImageOfPage":{"@id":"https:\/\/maison-chance.org\/shop\/san-pham\/de-lot-muong-dua-bang-da#primaryimage"},"image":{"@id":"https:\/\/maison-chance.org\/shop\/san-pham\/de-lot-muong-dua-bang-da#primaryimage"},"thumbnailUrl":"https:\/\/maison-chance.org\/shop\/wp-content\/uploads\/2024\/03\/de-lot-muong.jpg","datePublished":"2024-03-27T14:21:02+00:00","dateModified":"2024-07-24T03:44:53+00:00","description":"\u0110\u1ebf l\u00f3t mu\u1ed7ng \u0111\u0169a b\u1eb1ng \u0111\u00e1 Serpentine - s\u1ea3n ph\u1ea9m t\u1ef1 nhi\u00ean, ch\u1ed1ng tr\u01b0\u1ee3t v\u00e0 ch\u1ecbu nhi\u1ec7t. B\u1ea3o v\u1ec7 b\u00e0n \u0103n, tr\u00e1nh tr\u1ea7y x\u01b0\u1edbc v\u00e0 h\u01b0 h\u1ecfng. Mua s\u1ea3n ph\u1ea9m n\u00e0y c\u00f2n gi\u00fap h\u1ed7 tr\u1ee3 ng\u01b0\u1eddi khuy\u1ebft t\u1eadt.","breadcrumb":{"@id":"https:\/\/maison-chance.org\/shop\/san-pham\/de-lot-muong-dua-bang-da#breadcrumb"},"inLanguage":"vi-VN","potentialAction":[{"@type":"ReadAction","target":["https:\/\/maison-chance.org\/shop\/san-pham\/de-lot-muong-dua-bang-da"]}]},{"@type":"ImageObject","inLanguage":"vi-VN","@id":"https:\/\/maison-chance.org\/shop\/san-pham\/de-lot-muong-dua-bang-da#primaryimage","url":"https:\/\/maison-chance.org\/shop\/wp-content\/uploads\/2024\/03\/de-lot-muong.jpg","contentUrl":"https:\/\/maison-chance.org\/shop\/wp-content\/uploads\/2024\/03\/de-lot-muong.jpg","width":600,"height":600,"caption":"\u0110\u1ebf l\u00f3t mu\u1ed7ng \u0111\u0169a b\u1eb1ng \u0111\u00e1"},{"@type":"BreadcrumbList","@id":"https:\/\/maison-chance.org\/shop\/san-pham\/de-lot-muong-dua-bang-da#breadcrumb","itemListElement":[{"@type":"ListItem","position":1,"name":"Trang ch\u1ee7","item":"https:\/\/maison-chance.org\/shop\/"},{"@type":"ListItem","position":2,"name":"Shop","item":"https:\/\/maison-chance.org\/shop\/shop"},{"@type":"ListItem","position":3,"name":"\u0110\u1ebf l\u00f3t mu\u1ed7ng \u0111\u0169a b\u1eb1ng \u0111\u00e1"}]},{"@type":"WebSite","@id":"https:\/\/maison-chance.org\/shop\/#website","url":"https:\/\/maison-chance.org\/shop\/","name":"Nh\u00e0 May M\u1eafn - Maison Chance","description":"M\u1ecdi l\u1ee3i nhu\u1eadn thu v\u1ec1 t\u1eeb vi\u1ec7c b\u00e1n h\u00e0ng s\u1ebd tr\u00edch m\u1ed9t ph\u1ea7n \u0111\u1ec3 ch\u0103m lo cho \u0111\u1eddi s\u1ed1ng c\u00e1c b\u1ea1n khuy\u1ebft t\u1eadt v\u00e0 tr\u1ebb m\u1ed3 c\u00f4i \u1edf \u0111\u00e2y","publisher":{"@id":"https:\/\/maison-chance.org\/shop\/#organization"},"potentialAction":[{"@type":"SearchAction","target":{"@type":"EntryPoint","urlTemplate":"https:\/\/maison-chance.org\/shop\/?s={search_term_string}"},"query-input":{"@type":"PropertyValueSpecification","valueRequired":true,"valueName":"search_term_string"}}],"inLanguage":"vi-VN"},{"@type":"Organization","@id":"https:\/\/maison-chance.org\/shop\/#organization","name":"Nh\u00e0 May M\u1eafn - Maison Chance","url":"https:\/\/maison-chance.org\/shop\/","logo":{"@type":"ImageObject","inLanguage":"vi-VN","@id":"https:\/\/maison-chance.org\/shop\/#\/schema\/logo\/image\/","url":"https:\/\/maison-chance.org\/shop\/wp-content\/uploads\/2024\/03\/cropped-Logo_DNXH.png","contentUrl":"https:\/\/maison-chance.org\/shop\/wp-content\/uploads\/2024\/03\/cropped-Logo_DNXH.png","width":512,"height":512,"caption":"Nh\u00e0 May M\u1eafn - Maison Chance"},"image":{"@id":"https:\/\/maison-chance.org\/shop\/#\/schema\/logo\/image\/"},"sameAs":["https:\/\/www.facebook.com\/dnxh.nhamayman\/"]}]},"product_price_amount":"30.00","product_price_currency":"USD","og_availability":"instock","product_availability":"instock","product_condition":"new"},"_links":{"self":[{"href":"https:\/\/maison-chance.org\/shop\/wp-json\/wp\/v2\/product\/35759","targetHints":{"allow":["GET"]}}],"collection":[{"href":"https:\/\/maison-chance.org\/shop\/wp-json\/wp\/v2\/product"}],"about":[{"href":"https:\/\/maison-chance.org\/shop\/wp-json\/wp\/v2\/types\/product"}],"wp:featuredmedia":[{"embeddable":true,"href":"https:\/\/maison-chance.org\/shop\/wp-json\/wp\/v2\/media\/35760"}],"wp:attachment":[{"href":"https:\/\/maison-chance.org\/shop\/wp-json\/wp\/v2\/media?parent=35759"}],"wp:term":[{"taxonomy":"product_brand","embeddable":true,"href":"https:\/\/maison-chance.org\/shop\/wp-json\/wp\/v2\/product_brand?post=35759"},{"taxonomy":"product_cat","embeddable":true,"href":"https:\/\/maison-chance.org\/shop\/wp-json\/wp\/v2\/product_cat?post=35759"},{"taxonomy":"product_tag","embeddable":true,"href":"https:\/\/maison-chance.org\/shop\/wp-json\/wp\/v2\/product_tag?post=35759"}],"curies":[{"name":"wp","href":"https:\/\/api.w.org\/{rel}","templated":true}]}}