{"id":36518,"date":"2024-10-23T07:05:29","date_gmt":"2024-10-23T00:05:29","guid":{"rendered":"https:\/\/maison-chance.org\/shop\/?post_type=product&#038;p=36518"},"modified":"2025-03-05T11:52:02","modified_gmt":"2025-03-05T04:52:02","slug":"thu-nhoi-bong-hinh-con-voi-vai-tho-cam","status":"publish","type":"product","link":"https:\/\/maison-chance.org\/shop\/san-pham\/thu-nhoi-bong-hinh-con-voi-vai-tho-cam","title":{"rendered":"Con voi"},"content":{"rendered":"<p style=\"text-align: justify\">Gi\u1eefa nh\u1ecbp s\u1ed1ng hi\u1ec7n \u0111\u1ea1i ng\u00e0y nay, nh\u1eefng s\u1ea3n ph\u1ea9m <a href=\"https:\/\/maison-chance.org\/shop\/thu-nhoi-bong\">th\u00fa nh\u1ed3i b\u00f4ng th\u1ee7 c\u00f4ng<\/a> truy\u1ec1n th\u1ed1ng v\u1eabn lu\u00f4n c\u00f3 s\u1ee9c h\u00fat \u0111\u1eb7c bi\u1ec7t. T\u1ea1i Nh\u00e0 May M\u1eafn, c\u00e1c th\u1ee3 may khuy\u1ebft t\u1eadt \u0111ang ng\u00e0y \u0111\u00eam mi\u1ec7t m\u00e0i v\u1edbi t\u1eebng \u0111\u01b0\u1eddng kim m\u0169i ch\u1ec9 \u0111\u1ec3 t\u1ea1o n\u00ean nh\u1eefng con voi nh\u1ed3i b\u00f4ng th\u1ed5 c\u1ea9m \u0111\u1ed9c \u0111\u00e1o. M\u1ed7i s\u1ea3n ph\u1ea9m kh\u00f4ng ch\u1ec9 l\u00e0 m\u00f3n \u0111\u1ed3 trang tr\u00ed \u0111\u01a1n thu\u1ea7n m\u00e0 c\u00f2n l\u00e0 c\u00e2u chuy\u1ec7n \u0111\u1ea7y c\u1ea3m h\u1ee9ng v\u1ec1 ngh\u1ecb l\u1ef1c v\u00e0 \u0111am m\u00ea.<\/p>\n<p style=\"text-align: justify\"><a href=\"https:\/\/maison-chance.org\/shop\/san-pham\/thu-nhoi-bong-hinh-con-voi-vai-tho-cam\">Con voi v\u1ea3i th\u1ed5 c\u1ea9m<\/a> m\u00e3 TC15TB \u0111\u01b0\u1ee3c may ho\u00e0n to\u00e0n b\u1eb1ng tay v\u1edbi ch\u1ea5t li\u1ec7u v\u1ea3i th\u1ed5 c\u1ea9m cao c\u1ea5p, mang \u0111\u1ebfn v\u1ebb \u0111\u1eb9p v\u1eeba m\u1ed9c m\u1ea1c v\u1eeba tinh t\u1ebf. S\u1ea3n ph\u1ea9m c\u00f3 4 k\u00edch th\u01b0\u1edbc kh\u00e1c nhau, t\u1eeb nh\u1ecf xinh 7x12cm \u0111\u1ebfn size l\u1edbn 15x24cm, \u0111\u00e1p \u1ee9ng \u0111a d\u1ea1ng nhu c\u1ea7u s\u1eed d\u1ee5ng. V\u1edbi gam m\u00e0u h\u1ed3ng pastel ng\u1ecdt ng\u00e0o, \u0111i\u1ec3m xuy\u1ebft hoa v\u0103n h\u00ecnh h\u1ecdc truy\u1ec1n th\u1ed1ng, m\u1ed7i ch\u00fa voi kh\u00f4ng ch\u1ec9 l\u00e0 m\u1ed9t s\u1ea3n ph\u1ea9m m\u00e0 c\u00f2n l\u00e0 m\u1ed9t c\u00e2u chuy\u1ec7n v\u0103n h\u00f3a \u0111\u01b0\u1ee3c k\u1ec3 b\u1eb1ng v\u1ea3i v\u00e0 ch\u1ec9.<\/p>\n<p style=\"text-align: justify\">V\u1ec1 kh\u00eda c\u1ea1nh trang tr\u00ed, con voi th\u1ed5 c\u1ea9m c\u00f3 th\u1ec3 l\u00e0m s\u1ed1ng \u0111\u1ed9ng m\u1ecdi kh\u00f4ng gian s\u1ed1ng. Trong ph\u00f2ng kh\u00e1ch, n\u00f3 tr\u1edf th\u00e0nh \u0111i\u1ec3m nh\u1ea5n duy\u00ean d\u00e1ng tr\u00ean k\u1ec7 t\u1ee7 hay b\u00e0n tr\u00e0. \u0110\u1eb7t trong ph\u00f2ng ng\u1ee7, nh\u1eefng ch\u00fa voi nh\u1ecf s\u1ebd t\u1ea1o n\u00ean g\u00f3c decor \u1ea5m \u00e1p, g\u1ea7n g\u0169i. \u0110\u1eb7c bi\u1ec7t, trong ph\u00f2ng tr\u1ebb em, s\u1ea3n ph\u1ea9m v\u1eeba l\u00e0 m\u00f3n \u0111\u1ed3 ch\u01a1i an to\u00e0n v\u1eeba gi\u00fap c\u00e1c b\u00e9 l\u00e0m quen v\u1edbi v\u0103n h\u00f3a d\u00e2n t\u1ed9c m\u1ed9t c\u00e1ch t\u1ef1 nhi\u00ean.<\/p>\n<p>Kh\u00f4ng ch\u1ec9 l\u00e0 m\u00f3n \u0111\u1ed3 trang tr\u00ed, voi v\u1ea3i th\u1ed5 c\u1ea9m c\u00f2n l\u00e0 qu\u00e0 t\u1eb7ng ho\u00e0n h\u1ea3o:<\/p>\n<ul>\n<li><strong data-start=\"1321\" data-end=\"1343\">Cho b\u1ea1n b\u00e8 qu\u1ed1c t\u1ebf<\/strong> \u2013 M\u1ed9t m\u00f3n qu\u00e0 l\u01b0u ni\u1ec7m \u0111\u1eadm b\u1ea3n s\u1eafc Vi\u1ec7t, tinh t\u1ebf v\u00e0 \u0111\u1ea7y \u00fd ngh\u0129a.<\/li>\n<li><strong data-start=\"1417\" data-end=\"1443\">Cho ng\u01b0\u1eddi th\u00e2n, b\u1ea1n b\u00e8<\/strong> \u2013 Nh\u01b0 m\u1ed9t l\u1eddi ch\u00fac v\u1ec1 s\u1ef1 v\u1eefng v\u00e0ng, may m\u1eafn v\u00e0 b\u00ecnh an.<\/li>\n<li><strong data-start=\"1508\" data-end=\"1525\">Cho ch\u00ednh b\u1ea1n<\/strong> \u2013 M\u1ed9t ch\u00fat b\u00ecnh y\u00ean gi\u1eefa nh\u1ecbp s\u1ed1ng t\u1ea5t b\u1eadt, m\u1ed9t s\u1ea3n ph\u1ea9m mang l\u1ea1i ni\u1ec1m vui v\u00e0 an y\u00ean.<\/li>\n<\/ul>\n<p style=\"text-align: justify\">M\u1ed7i con voi \u0111\u01b0\u1ee3c ho\u00e0n thi\u1ec7n \u0111\u1ec1u tr\u1ea3i qua qu\u00e1 tr\u00ecnh ki\u1ec3m tra ch\u1ea5t l\u01b0\u1ee3ng nghi\u00eam ng\u1eb7t. T\u1eeb vi\u1ec7c l\u1ef1a ch\u1ecdn v\u1ea3i, ph\u1ed1i m\u00e0u \u0111\u1ebfn t\u1eebng m\u0169i may \u0111\u1ec1u \u0111\u01b0\u1ee3c th\u1ef1c hi\u1ec7n t\u1ec9 m\u1ec9, chu \u0111\u00e1o b\u1edfi \u0111\u00f4i tay kh\u00e9o l\u00e9o c\u1ee7a c\u00e1c th\u1ee3 may t\u1ea1i Nh\u00e0 May M\u1eafn. \u0110i\u1ec1u n\u00e0y kh\u00f4ng ch\u1ec9 \u0111\u1ea3m b\u1ea3o t\u00ednh th\u1ea9m m\u1ef9 m\u00e0 c\u00f2n t\u1ea1o n\u00ean gi\u00e1 tr\u1ecb \u0111\u00edch th\u1ef1c c\u1ee7a s\u1ea3n ph\u1ea9m th\u1ee7 c\u00f4ng.<\/p>\n<p style=\"text-align: justify\">Khi mua s\u1ea3n ph\u1ea9m t\u1eeb Nh\u00e0 May M\u1eafn, b\u1ea1n kh\u00f4ng ch\u1ec9 s\u1edf h\u1eefu m\u1ed9t m\u00f3n \u0111\u1ed3 trang tr\u00ed \u0111\u1ed9c \u0111\u00e1o m\u00e0 c\u00f2n g\u00f3p ph\u1ea7n t\u1ea1o vi\u1ec7c l\u00e0m \u00fd ngh\u0129a cho nh\u1eefng ng\u01b0\u1eddi th\u1ee3 may khuy\u1ebft t\u1eadt. H\u1ecd kh\u00f4ng ch\u1ec9 may v\u00e1 v\u1ea3i v\u00f3c, m\u00e0 c\u00f2n d\u1ec7t n\u00ean nh\u1eefng \u01b0\u1edbc m\u01a1 v\u1ec1 m\u1ed9t t\u01b0\u01a1ng lai v\u1eefng v\u00e0ng. T\u1eebng m\u0169i ch\u1ec9 nh\u1ecf b\u00e9 k\u1ebft th\u00e0nh nh\u1eefng b\u1ee9c tranh r\u1ef1c r\u1ee1, mang theo c\u00e2u chuy\u1ec7n c\u1ee7a nh\u1eefng con ng\u01b0\u1eddi t\u01b0\u1edfng nh\u01b0 y\u1ebfu \u0111u\u1ed1i nh\u01b0ng l\u1ea1i m\u1ea1nh m\u1ebd h\u01a1n b\u1ea5t k\u1ef3 ai.<\/p>\n<p style=\"text-align: justify\">H\u00e3y \u0111\u1ebfn v\u1edbi <a href=\"https:\/\/maison-chance.org\/shop\">Nh\u00e0 May M\u1eafn<\/a> \u0111\u1ec3 mang v\u1ec1 nh\u1eefng ch\u00fa voi th\u1ed5 c\u1ea9m xinh x\u1eafn, v\u1eeba l\u00e0m \u0111\u1eb9p kh\u00f4ng gian s\u1ed1ng, v\u1eeba lan t\u1ecfa y\u00eau th\u01b0\u01a1ng \u0111\u1ebfn c\u1ed9ng \u0111\u1ed3ng. M\u1ed7i s\u1ea3n ph\u1ea9m l\u00e0 m\u1ed9t t\u00e1c ph\u1ea9m ngh\u1ec7 thu\u1eadt \u0111\u1ed9c nh\u1ea5t, \u0111\u01b0\u1ee3c ch\u1ebf t\u00e1c t\u1eeb tr\u00e1i tim v\u00e0 \u0111\u00f4i tay t\u00e0i hoa c\u1ee7a nh\u1eefng ng\u01b0\u1eddi th\u1ee3 may \u0111\u1eb7c bi\u1ec7t. Li\u00ean h\u1ec7 ngay v\u1edbi ch\u00fang t\u00f4i \u0111\u1ec3 s\u1edf h\u1eefu nh\u1eefng s\u1ea3n ph\u1ea9m \u00fd ngh\u0129a n\u00e0y v\u00e0 c\u00f9ng chung tay x\u00e2y d\u1ef1ng m\u1ed9t c\u1ed9ng \u0111\u1ed3ng nh\u00e2n \u00e1i, t\u1ed1t \u0111\u1eb9p h\u01a1n.<\/p>\n","protected":false},"excerpt":{"rendered":"<p style=\"text-align: justify\">S\u1ea3n ph\u1ea9m do c\u00e1c b\u1ea1n khuy\u1ebft t\u1eadt k\u00e9m may m\u1eafn s\u1ea3n xu\u1ea5t th\u1ee7 c\u00f4ng k\u00ednh mong nh\u1eadn \u0111\u01b0\u1ee3c s\u1ef1 \u1ee7ng h\u1ed9 c\u1ee7a Qu\u00fd kh\u00e1ch h\u00e0ng.<\/p>\n<p>Ch\u1ea5t li\u1ec7u: V\u1ea3i th\u1ed5 c\u1ea9m<\/p>\n<p>Code: TC15TB<\/p>\n<p>Hotline : <span style=\"font-size: 20px\"><strong><span style=\"color: #ff0000\">0909 06 25 28<\/span><\/strong><\/span><\/p>\n<p style=\"text-align: justify\">N\u1ebfu b\u1ea1n \u1edf Vi\u1ec7t Nam vui l\u00f2ng li\u00ean h\u1ec7 ch\u00fang t\u00f4i theo s\u1ed1 hotline ho\u1eb7c fanpage doanh nghi\u1ec7p Nh\u00e0 May M\u1eafn ch\u00fang t\u00f4i \u0111\u1ec3 bi\u1ebft gi\u00e1 b\u00e1n t\u1ea1i Vi\u1ec7t Nam.<\/p>\n","protected":false},"featured_media":36519,"template":"","meta":[],"product_brand":[],"product_cat":[137,138],"product_tag":[],"class_list":{"0":"post-36518","1":"product","2":"type-product","3":"status-publish","4":"has-post-thumbnail","6":"product_cat-phong-may","7":"product_cat-thu-nhoi-bong","9":"first","10":"instock","11":"shipping-taxable","12":"purchasable","13":"product-type-variable"},"yoast_head":"<!-- This site is optimized with the Yoast SEO Premium plugin v22.7 (Yoast SEO v25.3.1) - https:\/\/yoast.com\/wordpress\/plugins\/seo\/ -->\n<title>Con voi - th\u00fa nh\u1ed3i b\u00f4ng v\u1ea3i th\u1ed5 c\u1ea9m - Nh\u00e0 May M\u1eafn - Maison Chance<\/title>\n<meta name=\"description\" content=\"Th\u00fa nh\u1ed3i b\u00f4ng h\u00ecnh con voi v\u1ea3i th\u1ed5 c\u1ea9m \u0111\u01b0\u1ee3c may ho\u00e0n to\u00e0n b\u1eb1ng tay v\u1edbi ch\u1ea5t li\u1ec7u v\u1ea3i th\u1ed5 c\u1ea9m cao c\u1ea5p, mang \u0111\u1ebfn v\u1ebb \u0111\u1eb9p v\u1eeba m\u1ed9c m\u1ea1c v\u1eeba tinh t\u1ebf.\" \/>\n<meta name=\"robots\" content=\"index, follow, max-snippet:-1, max-image-preview:large, max-video-preview:-1\" \/>\n<link rel=\"canonical\" href=\"https:\/\/maison-chance.org\/shop\/san-pham\/thu-nhoi-bong-hinh-con-voi-vai-tho-cam\" \/>\n<meta property=\"og:locale\" content=\"vi_VN\" \/>\n<meta property=\"og:type\" content=\"article\" \/>\n<meta property=\"og:title\" content=\"Con voi\" \/>\n<meta property=\"og:description\" content=\"Th\u00fa nh\u1ed3i b\u00f4ng h\u00ecnh con voi v\u1ea3i th\u1ed5 c\u1ea9m \u0111\u01b0\u1ee3c may ho\u00e0n to\u00e0n b\u1eb1ng tay v\u1edbi ch\u1ea5t li\u1ec7u v\u1ea3i th\u1ed5 c\u1ea9m cao c\u1ea5p, mang \u0111\u1ebfn v\u1ebb \u0111\u1eb9p v\u1eeba m\u1ed9c m\u1ea1c v\u1eeba tinh t\u1ebf.\" \/>\n<meta property=\"og:url\" content=\"https:\/\/maison-chance.org\/shop\/san-pham\/thu-nhoi-bong-hinh-con-voi-vai-tho-cam\" \/>\n<meta property=\"og:site_name\" content=\"Nh\u00e0 May M\u1eafn - Maison Chance\" \/>\n<meta property=\"article:publisher\" content=\"https:\/\/www.facebook.com\/dnxh.nhamayman\/\" \/>\n<meta property=\"article:modified_time\" content=\"2025-03-05T04:52:02+00:00\" \/>\n<meta property=\"og:image\" content=\"https:\/\/maison-chance.org\/shop\/wp-content\/uploads\/2024\/03\/thu-nhoi-bong-hinh-con-voi-vai-tho-cam-1.jpg\" \/>\n\t<meta property=\"og:image:width\" content=\"600\" \/>\n\t<meta property=\"og:image:height\" content=\"600\" \/>\n\t<meta property=\"og:image:type\" content=\"image\/jpeg\" \/>\n<meta name=\"twitter:card\" content=\"summary_large_image\" \/>\n<meta name=\"twitter:label1\" content=\"Availability\" \/>\n\t<meta name=\"twitter:data1\" content=\"In stock\" \/>\n<script type=\"application\/ld+json\" class=\"yoast-schema-graph\">{\"@context\":\"https:\/\/schema.org\",\"@graph\":[{\"@type\":\"WebPage\",\"@id\":\"https:\/\/maison-chance.org\/shop\/san-pham\/thu-nhoi-bong-hinh-con-voi-vai-tho-cam\",\"url\":\"https:\/\/maison-chance.org\/shop\/san-pham\/thu-nhoi-bong-hinh-con-voi-vai-tho-cam\",\"name\":\"Con voi - th\u00fa nh\u1ed3i b\u00f4ng v\u1ea3i th\u1ed5 c\u1ea9m - Nh\u00e0 May M\u1eafn - Maison Chance\",\"isPartOf\":{\"@id\":\"https:\/\/maison-chance.org\/shop\/#website\"},\"primaryImageOfPage\":{\"@id\":\"https:\/\/maison-chance.org\/shop\/san-pham\/thu-nhoi-bong-hinh-con-voi-vai-tho-cam#primaryimage\"},\"image\":{\"@id\":\"https:\/\/maison-chance.org\/shop\/san-pham\/thu-nhoi-bong-hinh-con-voi-vai-tho-cam#primaryimage\"},\"thumbnailUrl\":\"https:\/\/maison-chance.org\/shop\/wp-content\/uploads\/2024\/03\/thu-nhoi-bong-hinh-con-voi-vai-tho-cam-1.jpg\",\"datePublished\":\"2024-10-23T00:05:29+00:00\",\"dateModified\":\"2025-03-05T04:52:02+00:00\",\"description\":\"Th\u00fa nh\u1ed3i b\u00f4ng h\u00ecnh con voi v\u1ea3i th\u1ed5 c\u1ea9m \u0111\u01b0\u1ee3c may ho\u00e0n to\u00e0n b\u1eb1ng tay v\u1edbi ch\u1ea5t li\u1ec7u v\u1ea3i th\u1ed5 c\u1ea9m cao c\u1ea5p, mang \u0111\u1ebfn v\u1ebb \u0111\u1eb9p v\u1eeba m\u1ed9c m\u1ea1c v\u1eeba tinh t\u1ebf.\",\"breadcrumb\":{\"@id\":\"https:\/\/maison-chance.org\/shop\/san-pham\/thu-nhoi-bong-hinh-con-voi-vai-tho-cam#breadcrumb\"},\"inLanguage\":\"vi-VN\",\"potentialAction\":[{\"@type\":\"ReadAction\",\"target\":[\"https:\/\/maison-chance.org\/shop\/san-pham\/thu-nhoi-bong-hinh-con-voi-vai-tho-cam\"]}]},{\"@type\":\"ImageObject\",\"inLanguage\":\"vi-VN\",\"@id\":\"https:\/\/maison-chance.org\/shop\/san-pham\/thu-nhoi-bong-hinh-con-voi-vai-tho-cam#primaryimage\",\"url\":\"https:\/\/maison-chance.org\/shop\/wp-content\/uploads\/2024\/03\/thu-nhoi-bong-hinh-con-voi-vai-tho-cam-1.jpg\",\"contentUrl\":\"https:\/\/maison-chance.org\/shop\/wp-content\/uploads\/2024\/03\/thu-nhoi-bong-hinh-con-voi-vai-tho-cam-1.jpg\",\"width\":600,\"height\":600,\"caption\":\"Th\u00fa nh\u1ed3i b\u00f4ng h\u00ecnh con Voi v\u1ea3i th\u1ed5 c\u1ea9m\"},{\"@type\":\"BreadcrumbList\",\"@id\":\"https:\/\/maison-chance.org\/shop\/san-pham\/thu-nhoi-bong-hinh-con-voi-vai-tho-cam#breadcrumb\",\"itemListElement\":[{\"@type\":\"ListItem\",\"position\":1,\"name\":\"Trang ch\u1ee7\",\"item\":\"https:\/\/maison-chance.org\/shop\/\"},{\"@type\":\"ListItem\",\"position\":2,\"name\":\"Shop\",\"item\":\"https:\/\/maison-chance.org\/shop\/shop\"},{\"@type\":\"ListItem\",\"position\":3,\"name\":\"Con voi\"}]},{\"@type\":\"WebSite\",\"@id\":\"https:\/\/maison-chance.org\/shop\/#website\",\"url\":\"https:\/\/maison-chance.org\/shop\/\",\"name\":\"Nh\u00e0 May M\u1eafn - Maison Chance\",\"description\":\"M\u1ecdi l\u1ee3i nhu\u1eadn thu v\u1ec1 t\u1eeb vi\u1ec7c b\u00e1n h\u00e0ng s\u1ebd tr\u00edch m\u1ed9t ph\u1ea7n \u0111\u1ec3 ch\u0103m lo cho \u0111\u1eddi s\u1ed1ng c\u00e1c b\u1ea1n khuy\u1ebft t\u1eadt v\u00e0 tr\u1ebb m\u1ed3 c\u00f4i \u1edf \u0111\u00e2y\",\"publisher\":{\"@id\":\"https:\/\/maison-chance.org\/shop\/#organization\"},\"potentialAction\":[{\"@type\":\"SearchAction\",\"target\":{\"@type\":\"EntryPoint\",\"urlTemplate\":\"https:\/\/maison-chance.org\/shop\/?s={search_term_string}\"},\"query-input\":{\"@type\":\"PropertyValueSpecification\",\"valueRequired\":true,\"valueName\":\"search_term_string\"}}],\"inLanguage\":\"vi-VN\"},{\"@type\":\"Organization\",\"@id\":\"https:\/\/maison-chance.org\/shop\/#organization\",\"name\":\"Nh\u00e0 May M\u1eafn - Maison Chance\",\"url\":\"https:\/\/maison-chance.org\/shop\/\",\"logo\":{\"@type\":\"ImageObject\",\"inLanguage\":\"vi-VN\",\"@id\":\"https:\/\/maison-chance.org\/shop\/#\/schema\/logo\/image\/\",\"url\":\"https:\/\/maison-chance.org\/shop\/wp-content\/uploads\/2024\/03\/cropped-Logo_DNXH.png\",\"contentUrl\":\"https:\/\/maison-chance.org\/shop\/wp-content\/uploads\/2024\/03\/cropped-Logo_DNXH.png\",\"width\":512,\"height\":512,\"caption\":\"Nh\u00e0 May M\u1eafn - Maison Chance\"},\"image\":{\"@id\":\"https:\/\/maison-chance.org\/shop\/#\/schema\/logo\/image\/\"},\"sameAs\":[\"https:\/\/www.facebook.com\/dnxh.nhamayman\/\"]}]}<\/script>\n<meta property=\"og:availability\" content=\"instock\" \/>\n<meta property=\"product:availability\" content=\"instock\" \/>\n<meta property=\"product:condition\" content=\"new\" \/>\n<!-- \/ Yoast SEO Premium plugin. -->","yoast_head_json":{"title":"Con voi - th\u00fa nh\u1ed3i b\u00f4ng v\u1ea3i th\u1ed5 c\u1ea9m - Nh\u00e0 May M\u1eafn - Maison Chance","description":"Th\u00fa nh\u1ed3i b\u00f4ng h\u00ecnh con voi v\u1ea3i th\u1ed5 c\u1ea9m \u0111\u01b0\u1ee3c may ho\u00e0n to\u00e0n b\u1eb1ng tay v\u1edbi ch\u1ea5t li\u1ec7u v\u1ea3i th\u1ed5 c\u1ea9m cao c\u1ea5p, mang \u0111\u1ebfn v\u1ebb \u0111\u1eb9p v\u1eeba m\u1ed9c m\u1ea1c v\u1eeba tinh t\u1ebf.","robots":{"index":"index","follow":"follow","max-snippet":"max-snippet:-1","max-image-preview":"max-image-preview:large","max-video-preview":"max-video-preview:-1"},"canonical":"https:\/\/maison-chance.org\/shop\/san-pham\/thu-nhoi-bong-hinh-con-voi-vai-tho-cam","og_locale":"vi_VN","og_type":"article","og_title":"Con voi","og_description":"Th\u00fa nh\u1ed3i b\u00f4ng h\u00ecnh con voi v\u1ea3i th\u1ed5 c\u1ea9m \u0111\u01b0\u1ee3c may ho\u00e0n to\u00e0n b\u1eb1ng tay v\u1edbi ch\u1ea5t li\u1ec7u v\u1ea3i th\u1ed5 c\u1ea9m cao c\u1ea5p, mang \u0111\u1ebfn v\u1ebb \u0111\u1eb9p v\u1eeba m\u1ed9c m\u1ea1c v\u1eeba tinh t\u1ebf.","og_url":"https:\/\/maison-chance.org\/shop\/san-pham\/thu-nhoi-bong-hinh-con-voi-vai-tho-cam","og_site_name":"Nh\u00e0 May M\u1eafn - Maison Chance","article_publisher":"https:\/\/www.facebook.com\/dnxh.nhamayman\/","article_modified_time":"2025-03-05T04:52:02+00:00","og_image":[{"width":600,"height":600,"url":"https:\/\/maison-chance.org\/shop\/wp-content\/uploads\/2024\/03\/thu-nhoi-bong-hinh-con-voi-vai-tho-cam-1.jpg","type":"image\/jpeg"}],"twitter_card":"summary_large_image","twitter_misc":{"Availability":"In stock"},"schema":{"@context":"https:\/\/schema.org","@graph":[{"@type":"WebPage","@id":"https:\/\/maison-chance.org\/shop\/san-pham\/thu-nhoi-bong-hinh-con-voi-vai-tho-cam","url":"https:\/\/maison-chance.org\/shop\/san-pham\/thu-nhoi-bong-hinh-con-voi-vai-tho-cam","name":"Con voi - th\u00fa nh\u1ed3i b\u00f4ng v\u1ea3i th\u1ed5 c\u1ea9m - Nh\u00e0 May M\u1eafn - Maison Chance","isPartOf":{"@id":"https:\/\/maison-chance.org\/shop\/#website"},"primaryImageOfPage":{"@id":"https:\/\/maison-chance.org\/shop\/san-pham\/thu-nhoi-bong-hinh-con-voi-vai-tho-cam#primaryimage"},"image":{"@id":"https:\/\/maison-chance.org\/shop\/san-pham\/thu-nhoi-bong-hinh-con-voi-vai-tho-cam#primaryimage"},"thumbnailUrl":"https:\/\/maison-chance.org\/shop\/wp-content\/uploads\/2024\/03\/thu-nhoi-bong-hinh-con-voi-vai-tho-cam-1.jpg","datePublished":"2024-10-23T00:05:29+00:00","dateModified":"2025-03-05T04:52:02+00:00","description":"Th\u00fa nh\u1ed3i b\u00f4ng h\u00ecnh con voi v\u1ea3i th\u1ed5 c\u1ea9m \u0111\u01b0\u1ee3c may ho\u00e0n to\u00e0n b\u1eb1ng tay v\u1edbi ch\u1ea5t li\u1ec7u v\u1ea3i th\u1ed5 c\u1ea9m cao c\u1ea5p, mang \u0111\u1ebfn v\u1ebb \u0111\u1eb9p v\u1eeba m\u1ed9c m\u1ea1c v\u1eeba tinh t\u1ebf.","breadcrumb":{"@id":"https:\/\/maison-chance.org\/shop\/san-pham\/thu-nhoi-bong-hinh-con-voi-vai-tho-cam#breadcrumb"},"inLanguage":"vi-VN","potentialAction":[{"@type":"ReadAction","target":["https:\/\/maison-chance.org\/shop\/san-pham\/thu-nhoi-bong-hinh-con-voi-vai-tho-cam"]}]},{"@type":"ImageObject","inLanguage":"vi-VN","@id":"https:\/\/maison-chance.org\/shop\/san-pham\/thu-nhoi-bong-hinh-con-voi-vai-tho-cam#primaryimage","url":"https:\/\/maison-chance.org\/shop\/wp-content\/uploads\/2024\/03\/thu-nhoi-bong-hinh-con-voi-vai-tho-cam-1.jpg","contentUrl":"https:\/\/maison-chance.org\/shop\/wp-content\/uploads\/2024\/03\/thu-nhoi-bong-hinh-con-voi-vai-tho-cam-1.jpg","width":600,"height":600,"caption":"Th\u00fa nh\u1ed3i b\u00f4ng h\u00ecnh con Voi v\u1ea3i th\u1ed5 c\u1ea9m"},{"@type":"BreadcrumbList","@id":"https:\/\/maison-chance.org\/shop\/san-pham\/thu-nhoi-bong-hinh-con-voi-vai-tho-cam#breadcrumb","itemListElement":[{"@type":"ListItem","position":1,"name":"Trang ch\u1ee7","item":"https:\/\/maison-chance.org\/shop\/"},{"@type":"ListItem","position":2,"name":"Shop","item":"https:\/\/maison-chance.org\/shop\/shop"},{"@type":"ListItem","position":3,"name":"Con voi"}]},{"@type":"WebSite","@id":"https:\/\/maison-chance.org\/shop\/#website","url":"https:\/\/maison-chance.org\/shop\/","name":"Nh\u00e0 May M\u1eafn - Maison Chance","description":"M\u1ecdi l\u1ee3i nhu\u1eadn thu v\u1ec1 t\u1eeb vi\u1ec7c b\u00e1n h\u00e0ng s\u1ebd tr\u00edch m\u1ed9t ph\u1ea7n \u0111\u1ec3 ch\u0103m lo cho \u0111\u1eddi s\u1ed1ng c\u00e1c b\u1ea1n khuy\u1ebft t\u1eadt v\u00e0 tr\u1ebb m\u1ed3 c\u00f4i \u1edf \u0111\u00e2y","publisher":{"@id":"https:\/\/maison-chance.org\/shop\/#organization"},"potentialAction":[{"@type":"SearchAction","target":{"@type":"EntryPoint","urlTemplate":"https:\/\/maison-chance.org\/shop\/?s={search_term_string}"},"query-input":{"@type":"PropertyValueSpecification","valueRequired":true,"valueName":"search_term_string"}}],"inLanguage":"vi-VN"},{"@type":"Organization","@id":"https:\/\/maison-chance.org\/shop\/#organization","name":"Nh\u00e0 May M\u1eafn - Maison Chance","url":"https:\/\/maison-chance.org\/shop\/","logo":{"@type":"ImageObject","inLanguage":"vi-VN","@id":"https:\/\/maison-chance.org\/shop\/#\/schema\/logo\/image\/","url":"https:\/\/maison-chance.org\/shop\/wp-content\/uploads\/2024\/03\/cropped-Logo_DNXH.png","contentUrl":"https:\/\/maison-chance.org\/shop\/wp-content\/uploads\/2024\/03\/cropped-Logo_DNXH.png","width":512,"height":512,"caption":"Nh\u00e0 May M\u1eafn - Maison Chance"},"image":{"@id":"https:\/\/maison-chance.org\/shop\/#\/schema\/logo\/image\/"},"sameAs":["https:\/\/www.facebook.com\/dnxh.nhamayman\/"]}]},"og_availability":"instock","product_availability":"instock","product_condition":"new"},"_links":{"self":[{"href":"https:\/\/maison-chance.org\/shop\/wp-json\/wp\/v2\/product\/36518","targetHints":{"allow":["GET"]}}],"collection":[{"href":"https:\/\/maison-chance.org\/shop\/wp-json\/wp\/v2\/product"}],"about":[{"href":"https:\/\/maison-chance.org\/shop\/wp-json\/wp\/v2\/types\/product"}],"wp:featuredmedia":[{"embeddable":true,"href":"https:\/\/maison-chance.org\/shop\/wp-json\/wp\/v2\/media\/36519"}],"wp:attachment":[{"href":"https:\/\/maison-chance.org\/shop\/wp-json\/wp\/v2\/media?parent=36518"}],"wp:term":[{"taxonomy":"product_brand","embeddable":true,"href":"https:\/\/maison-chance.org\/shop\/wp-json\/wp\/v2\/product_brand?post=36518"},{"taxonomy":"product_cat","embeddable":true,"href":"https:\/\/maison-chance.org\/shop\/wp-json\/wp\/v2\/product_cat?post=36518"},{"taxonomy":"product_tag","embeddable":true,"href":"https:\/\/maison-chance.org\/shop\/wp-json\/wp\/v2\/product_tag?post=36518"}],"curies":[{"name":"wp","href":"https:\/\/api.w.org\/{rel}","templated":true}]}}