{"id":36551,"date":"2024-10-22T07:10:19","date_gmt":"2024-10-22T00:10:19","guid":{"rendered":"https:\/\/maison-chance.org\/shop\/?post_type=product&#038;p=36551"},"modified":"2025-03-05T10:11:00","modified_gmt":"2025-03-05T03:11:00","slug":"thu-nhoi-bong-hinh-con-rua-vai-thai","status":"publish","type":"product","link":"https:\/\/maison-chance.org\/shop\/san-pham\/thu-nhoi-bong-hinh-con-rua-vai-thai","title":{"rendered":"Con r\u00f9a"},"content":{"rendered":"<p style=\"text-align: justify\">B\u1ea1n c\u00f3 bi\u1ebft r\u00f9a l\u00e0 bi\u1ec3u t\u01b0\u1ee3ng c\u1ee7a s\u1ef1 tr\u01b0\u1eddng th\u1ecd, b\u00ecnh an v\u00e0 v\u1eefng ch\u00e3i? Gi\u1edd \u0111\u00e2y, h\u00ecnh \u1ea3nh \u0111\u00f3 \u0111\u01b0\u1ee3c t\u00e1i hi\u1ec7n m\u1ed9t c\u00e1ch \u0111\u1ea7y m\u00e0u s\u1eafc v\u00e0 \u0111\u00e1ng y\u00eau v\u1edbi r\u00f9a b\u00f4ng th\u1ed5 c\u1ea9m \u2013 m\u1ed9t m\u00f3n qu\u00e0 v\u1eeba xinh x\u1eafn, v\u1eeba \u00fd ngh\u0129a, ph\u00f9 h\u1ee3p cho m\u1ecdi kh\u00f4ng gian!<\/p>\n<p style=\"text-align: justify\"><strong data-start=\"357\" data-end=\"410\">M\u1ed9t chi\u1ebfc mai nh\u1ecf \u2013 C\u1ea3 th\u1ebf gi\u1edbi r\u1ef1c r\u1ee1 b\u00ean trong!<\/strong><br data-start=\"410\" data-end=\"413\" \/>L\u1ea5y c\u1ea3m h\u1ee9ng t\u1eeb ch\u00fa r\u00f9a hi\u1ec1n h\u00f2a trong thi\u00ean nhi\u00ean, s\u1ea3n ph\u1ea9m \u0111\u01b0\u1ee3c thi\u1ebft k\u1ebf v\u1edbi mai tr\u00f2n ch\u1eafc ch\u1eafn, b\u1ed1n ch\u00e2n nh\u1ecf nh\u1eafn v\u00e0 \u0111\u00f4i m\u1eaft long lanh \u0111\u1ea7y thi\u1ec7n c\u1ea3m. Th\u00e2n r\u00f9a m\u1ec1m m\u1ea1i, \u00f4m c\u1ef1c th\u00edch, mang l\u1ea1i c\u1ea3m gi\u00e1c th\u01b0 gi\u00e3n v\u00e0 \u1ea5m \u00e1p m\u1ed7i khi ch\u1ea1m v\u00e0o.<\/p>\n<p style=\"text-align: justify\"><strong data-start=\"620\" data-end=\"654\">Ch\u00fa r\u00f9a nh\u1ecf nh\u01b0ng \u00fd ngh\u0129a l\u1edbn!<\/strong><br data-start=\"654\" data-end=\"657\" \/>Ai c\u0169ng bi\u1ebft r\u00f9a l\u00e0 bi\u1ec3u t\u01b0\u1ee3ng c\u1ee7a s\u1ef1 b\u1ec1n b\u1ec9, may m\u1eafn v\u00e0 b\u00ecnh an. \u0110\u1eb7t m\u1ed9t b\u00e9 r\u00f9a nh\u1ed3i b\u00f4ng tr\u00ean b\u00e0n l\u00e0m vi\u1ec7c, k\u1ec7 s\u00e1ch hay gi\u01b0\u1eddng ng\u1ee7, b\u1ea1n s\u1ebd lu\u00f4n \u0111\u01b0\u1ee3c nh\u1eafc nh\u1edf r\u1eb1ng ch\u1eadm m\u00e0 ch\u1eafc \u2013 th\u00e0nh c\u00f4ng r\u1ed3i s\u1ebd \u0111\u1ebfn!<\/p>\n<p style=\"text-align: justify\">M\u1ed7i s\u1ea3n ph\u1ea9m con r\u00f9a nh\u1ed3i b\u00f4ng kh\u00f4ng ch\u1ec9 l\u00e0 m\u1ed9t m\u00f3n \u0111\u1ed3 ch\u01a1i, m\u00e0 c\u00f2n mang theo th\u00f4ng \u0111i\u1ec7p y\u00eau th\u01b0\u01a1ng v\u00e0 hy v\u1ecdng. Nh\u1eefng <a href=\"https:\/\/maison-chance.org\/shop\/phong-may\">th\u1ee3 may khuy\u1ebft t\u1eadt<\/a> \u0111\u00e3 v\u01b0\u1ee3t qua kh\u00f3 kh\u0103n \u0111\u1ec3 t\u1ea1o ra nh\u1eefng s\u1ea3n ph\u1ea9m n\u00e0y, cho th\u1ea5y r\u1eb1ng s\u1ef1 n\u1ed7 l\u1ef1c v\u00e0 \u0111am m\u00ea c\u00f3 th\u1ec3 l\u00e0m thay \u0111\u1ed5i cu\u1ed9c s\u1ed1ng. Khi b\u1ea1n s\u1edf h\u1eefu m\u1ed9t chi\u1ebfc con r\u00f9a, b\u1ea1n kh\u00f4ng ch\u1ec9 mua m\u1ed9t m\u00f3n \u0111\u1ed3, m\u00e0 c\u00f2n tr\u1edf th\u00e0nh m\u1ed9t ph\u1ea7n trong h\u00e0nh tr\u00ecnh gi\u00fap \u0111\u1ee1 v\u00e0 kh\u00edch l\u1ec7 nh\u1eefng ng\u01b0\u1eddi khuy\u1ebft t\u1eadt.<\/p>\n<p style=\"text-align: justify\">H\u00e3y \u0111\u1ec3 con r\u00f9a nh\u1ed3i b\u00f4ng t\u1eeb <a href=\"https:\/\/maison-chance.org\/shop\">Nh\u00e0 May M\u1eafn<\/a> tr\u1edf th\u00e0nh m\u1ed9t ph\u1ea7n trong kh\u00f4ng gian s\u1ed1ng c\u1ee7a b\u1ea1n! Mua s\u1ea3n ph\u1ea9m n\u00e0y kh\u00f4ng ch\u1ec9 l\u00e0 m\u1ed9t l\u1ef1a ch\u1ecdn th\u00f4ng minh cho gia \u0111\u00ecnh m\u00e0 c\u00f2n l\u00e0 h\u00e0nh \u0111\u1ed9ng \u0111\u1ea7y \u00fd ngh\u0129a, h\u1ed7 tr\u1ee3 nh\u1eefng th\u1ee3 may l\u00e0 ng\u01b0\u1eddi khuy\u1ebft t\u1eadt. H\u00e3y t\u1ea1o n\u00ean s\u1ef1 kh\u00e1c bi\u1ec7t v\u00e0 mang l\u1ea1i ni\u1ec1m vui cho nh\u1eefng ng\u01b0\u1eddi \u0111ang n\u1ed7 l\u1ef1c t\u1eebng ng\u00e0y. \u0110\u1eb7t h\u00e0ng ngay h\u00f4m nay \u0111\u1ec3 kh\u00f4ng ch\u1ec9 s\u1edf h\u1eefu m\u1ed9t s\u1ea3n ph\u1ea9m d\u1ec5 th\u01b0\u01a1ng m\u00e0 c\u00f2n g\u00f3p ph\u1ea7n v\u00e0o s\u1ee9 m\u1ec7nh cao c\u1ea3 c\u1ee7a x\u00e3 h\u1ed9i!<\/p>\n<p><em>Nh\u1ecf b\u00e9 nh\u01b0ng \u00fd ngh\u0129a, \u0111\u01a1n gi\u1ea3n nh\u01b0ng \u0111\u1ea7y c\u1ea3m h\u1ee9ng \u2013 \u0111\u00e2y ch\u00ednh l\u00e0 m\u00f3n qu\u00e0 m\u00e0 ai c\u0169ng mu\u1ed1n c\u00f3!<\/em><\/p>\n","protected":false},"excerpt":{"rendered":"<p style=\"text-align: justify\">S\u1ea3n ph\u1ea9m do c\u00e1c b\u1ea1n khuy\u1ebft t\u1eadt k\u00e9m may m\u1eafn s\u1ea3n xu\u1ea5t th\u1ee7 c\u00f4ng k\u00ednh mong nh\u1eadn \u0111\u01b0\u1ee3c s\u1ef1 \u1ee7ng h\u1ed9 c\u1ee7a Qu\u00fd kh\u00e1ch h\u00e0ng.<\/p>\n<p>Ch\u1ea5t li\u1ec7u: V\u1ea3i th\u1ed5 c\u1ea9m<\/p>\n<p>Code: TC18TB<\/p>\n<p>Hotline : <span style=\"font-size: 20px\"><strong><span style=\"color: #ff0000\">0909 06 25 28<\/span><\/strong><\/span><\/p>\n<p style=\"text-align: justify\">N\u1ebfu b\u1ea1n \u1edf Vi\u1ec7t Nam vui l\u00f2ng li\u00ean h\u1ec7 ch\u00fang t\u00f4i theo s\u1ed1 hotline ho\u1eb7c fanpage doanh nghi\u1ec7p Nh\u00e0 May M\u1eafn ch\u00fang t\u00f4i \u0111\u1ec3 bi\u1ebft gi\u00e1 b\u00e1n t\u1ea1i Vi\u1ec7t Nam.<\/p>\n","protected":false},"featured_media":36552,"template":"","meta":[],"product_brand":[],"product_cat":[137,138],"product_tag":[],"class_list":{"0":"post-36551","1":"product","2":"type-product","3":"status-publish","4":"has-post-thumbnail","6":"product_cat-phong-may","7":"product_cat-thu-nhoi-bong","9":"first","10":"instock","11":"shipping-taxable","12":"purchasable","13":"product-type-variable"},"yoast_head":"<!-- This site is optimized with the Yoast SEO Premium plugin v22.7 (Yoast SEO v25.3.1) - https:\/\/yoast.com\/wordpress\/plugins\/seo\/ -->\n<title>Con r\u00f9a - th\u00fa nh\u1ed3i b\u00f4ng v\u1ea3i th\u1ed5 c\u1ea9m - Nh\u00e0 May M\u1eafn - Maison Chance<\/title>\n<meta name=\"description\" content=\"Con r\u00f9a nh\u1ed3i b\u00f4ng v\u1ea3i th\u1ed5 c\u1ea9m kh\u00f4ng ch\u1ec9 \u0111\u01a1n thu\u1ea7n l\u00e0 m\u1ed9t m\u00f3n \u0111\u1ed3 ch\u01a1i, m\u00e0 c\u00f2n l\u00e0 m\u1ed9t ph\u1ea7n kh\u00f4ng th\u1ec3 thi\u1ebfu trong vi\u1ec7c trang tr\u00ed kh\u00f4ng gian s\u1ed1ng c\u1ee7a b\u1ea1n.\" \/>\n<meta name=\"robots\" content=\"index, follow, max-snippet:-1, max-image-preview:large, max-video-preview:-1\" \/>\n<link rel=\"canonical\" href=\"https:\/\/maison-chance.org\/shop\/san-pham\/thu-nhoi-bong-hinh-con-rua-vai-thai\" \/>\n<meta property=\"og:locale\" content=\"vi_VN\" \/>\n<meta property=\"og:type\" content=\"article\" \/>\n<meta property=\"og:title\" content=\"Con r\u00f9a\" \/>\n<meta property=\"og:description\" content=\"Con r\u00f9a nh\u1ed3i b\u00f4ng v\u1ea3i th\u1ed5 c\u1ea9m kh\u00f4ng ch\u1ec9 \u0111\u01a1n thu\u1ea7n l\u00e0 m\u1ed9t m\u00f3n \u0111\u1ed3 ch\u01a1i, m\u00e0 c\u00f2n l\u00e0 m\u1ed9t ph\u1ea7n kh\u00f4ng th\u1ec3 thi\u1ebfu trong vi\u1ec7c trang tr\u00ed kh\u00f4ng gian s\u1ed1ng c\u1ee7a b\u1ea1n.\" \/>\n<meta property=\"og:url\" content=\"https:\/\/maison-chance.org\/shop\/san-pham\/thu-nhoi-bong-hinh-con-rua-vai-thai\" \/>\n<meta property=\"og:site_name\" content=\"Nh\u00e0 May M\u1eafn - Maison Chance\" \/>\n<meta property=\"article:publisher\" content=\"https:\/\/www.facebook.com\/dnxh.nhamayman\/\" \/>\n<meta property=\"article:modified_time\" content=\"2025-03-05T03:11:00+00:00\" \/>\n<meta property=\"og:image\" content=\"https:\/\/maison-chance.org\/shop\/wp-content\/uploads\/2024\/03\/thu-nhoi-bong-hinh-con-rua-vai-thai-1.jpg\" \/>\n\t<meta property=\"og:image:width\" content=\"600\" \/>\n\t<meta property=\"og:image:height\" content=\"600\" \/>\n\t<meta property=\"og:image:type\" content=\"image\/jpeg\" \/>\n<meta name=\"twitter:card\" content=\"summary_large_image\" \/>\n<meta name=\"twitter:label1\" content=\"Availability\" \/>\n\t<meta name=\"twitter:data1\" content=\"In stock\" \/>\n<script type=\"application\/ld+json\" class=\"yoast-schema-graph\">{\"@context\":\"https:\/\/schema.org\",\"@graph\":[{\"@type\":\"WebPage\",\"@id\":\"https:\/\/maison-chance.org\/shop\/san-pham\/thu-nhoi-bong-hinh-con-rua-vai-thai\",\"url\":\"https:\/\/maison-chance.org\/shop\/san-pham\/thu-nhoi-bong-hinh-con-rua-vai-thai\",\"name\":\"Con r\u00f9a - th\u00fa nh\u1ed3i b\u00f4ng v\u1ea3i th\u1ed5 c\u1ea9m - Nh\u00e0 May M\u1eafn - Maison Chance\",\"isPartOf\":{\"@id\":\"https:\/\/maison-chance.org\/shop\/#website\"},\"primaryImageOfPage\":{\"@id\":\"https:\/\/maison-chance.org\/shop\/san-pham\/thu-nhoi-bong-hinh-con-rua-vai-thai#primaryimage\"},\"image\":{\"@id\":\"https:\/\/maison-chance.org\/shop\/san-pham\/thu-nhoi-bong-hinh-con-rua-vai-thai#primaryimage\"},\"thumbnailUrl\":\"https:\/\/maison-chance.org\/shop\/wp-content\/uploads\/2024\/03\/thu-nhoi-bong-hinh-con-rua-vai-thai-1.jpg\",\"datePublished\":\"2024-10-22T00:10:19+00:00\",\"dateModified\":\"2025-03-05T03:11:00+00:00\",\"description\":\"Con r\u00f9a nh\u1ed3i b\u00f4ng v\u1ea3i th\u1ed5 c\u1ea9m kh\u00f4ng ch\u1ec9 \u0111\u01a1n thu\u1ea7n l\u00e0 m\u1ed9t m\u00f3n \u0111\u1ed3 ch\u01a1i, m\u00e0 c\u00f2n l\u00e0 m\u1ed9t ph\u1ea7n kh\u00f4ng th\u1ec3 thi\u1ebfu trong vi\u1ec7c trang tr\u00ed kh\u00f4ng gian s\u1ed1ng c\u1ee7a b\u1ea1n.\",\"breadcrumb\":{\"@id\":\"https:\/\/maison-chance.org\/shop\/san-pham\/thu-nhoi-bong-hinh-con-rua-vai-thai#breadcrumb\"},\"inLanguage\":\"vi-VN\",\"potentialAction\":[{\"@type\":\"ReadAction\",\"target\":[\"https:\/\/maison-chance.org\/shop\/san-pham\/thu-nhoi-bong-hinh-con-rua-vai-thai\"]}]},{\"@type\":\"ImageObject\",\"inLanguage\":\"vi-VN\",\"@id\":\"https:\/\/maison-chance.org\/shop\/san-pham\/thu-nhoi-bong-hinh-con-rua-vai-thai#primaryimage\",\"url\":\"https:\/\/maison-chance.org\/shop\/wp-content\/uploads\/2024\/03\/thu-nhoi-bong-hinh-con-rua-vai-thai-1.jpg\",\"contentUrl\":\"https:\/\/maison-chance.org\/shop\/wp-content\/uploads\/2024\/03\/thu-nhoi-bong-hinh-con-rua-vai-thai-1.jpg\",\"width\":600,\"height\":600,\"caption\":\"Th\u00fa nh\u1ed3i b\u00f4ng h\u00ecnh con R\u00f9a v\u1ea3i Th\u00e1i\"},{\"@type\":\"BreadcrumbList\",\"@id\":\"https:\/\/maison-chance.org\/shop\/san-pham\/thu-nhoi-bong-hinh-con-rua-vai-thai#breadcrumb\",\"itemListElement\":[{\"@type\":\"ListItem\",\"position\":1,\"name\":\"Trang ch\u1ee7\",\"item\":\"https:\/\/maison-chance.org\/shop\/\"},{\"@type\":\"ListItem\",\"position\":2,\"name\":\"Shop\",\"item\":\"https:\/\/maison-chance.org\/shop\/shop\"},{\"@type\":\"ListItem\",\"position\":3,\"name\":\"Con r\u00f9a\"}]},{\"@type\":\"WebSite\",\"@id\":\"https:\/\/maison-chance.org\/shop\/#website\",\"url\":\"https:\/\/maison-chance.org\/shop\/\",\"name\":\"Nh\u00e0 May M\u1eafn - Maison Chance\",\"description\":\"M\u1ecdi l\u1ee3i nhu\u1eadn thu v\u1ec1 t\u1eeb vi\u1ec7c b\u00e1n h\u00e0ng s\u1ebd tr\u00edch m\u1ed9t ph\u1ea7n \u0111\u1ec3 ch\u0103m lo cho \u0111\u1eddi s\u1ed1ng c\u00e1c b\u1ea1n khuy\u1ebft t\u1eadt v\u00e0 tr\u1ebb m\u1ed3 c\u00f4i \u1edf \u0111\u00e2y\",\"publisher\":{\"@id\":\"https:\/\/maison-chance.org\/shop\/#organization\"},\"potentialAction\":[{\"@type\":\"SearchAction\",\"target\":{\"@type\":\"EntryPoint\",\"urlTemplate\":\"https:\/\/maison-chance.org\/shop\/?s={search_term_string}\"},\"query-input\":{\"@type\":\"PropertyValueSpecification\",\"valueRequired\":true,\"valueName\":\"search_term_string\"}}],\"inLanguage\":\"vi-VN\"},{\"@type\":\"Organization\",\"@id\":\"https:\/\/maison-chance.org\/shop\/#organization\",\"name\":\"Nh\u00e0 May M\u1eafn - Maison Chance\",\"url\":\"https:\/\/maison-chance.org\/shop\/\",\"logo\":{\"@type\":\"ImageObject\",\"inLanguage\":\"vi-VN\",\"@id\":\"https:\/\/maison-chance.org\/shop\/#\/schema\/logo\/image\/\",\"url\":\"https:\/\/maison-chance.org\/shop\/wp-content\/uploads\/2024\/03\/cropped-Logo_DNXH.png\",\"contentUrl\":\"https:\/\/maison-chance.org\/shop\/wp-content\/uploads\/2024\/03\/cropped-Logo_DNXH.png\",\"width\":512,\"height\":512,\"caption\":\"Nh\u00e0 May M\u1eafn - Maison Chance\"},\"image\":{\"@id\":\"https:\/\/maison-chance.org\/shop\/#\/schema\/logo\/image\/\"},\"sameAs\":[\"https:\/\/www.facebook.com\/dnxh.nhamayman\/\"]}]}<\/script>\n<meta property=\"og:availability\" content=\"instock\" \/>\n<meta property=\"product:availability\" content=\"instock\" \/>\n<meta property=\"product:condition\" content=\"new\" \/>\n<!-- \/ Yoast SEO Premium plugin. -->","yoast_head_json":{"title":"Con r\u00f9a - th\u00fa nh\u1ed3i b\u00f4ng v\u1ea3i th\u1ed5 c\u1ea9m - Nh\u00e0 May M\u1eafn - Maison Chance","description":"Con r\u00f9a nh\u1ed3i b\u00f4ng v\u1ea3i th\u1ed5 c\u1ea9m kh\u00f4ng ch\u1ec9 \u0111\u01a1n thu\u1ea7n l\u00e0 m\u1ed9t m\u00f3n \u0111\u1ed3 ch\u01a1i, m\u00e0 c\u00f2n l\u00e0 m\u1ed9t ph\u1ea7n kh\u00f4ng th\u1ec3 thi\u1ebfu trong vi\u1ec7c trang tr\u00ed kh\u00f4ng gian s\u1ed1ng c\u1ee7a b\u1ea1n.","robots":{"index":"index","follow":"follow","max-snippet":"max-snippet:-1","max-image-preview":"max-image-preview:large","max-video-preview":"max-video-preview:-1"},"canonical":"https:\/\/maison-chance.org\/shop\/san-pham\/thu-nhoi-bong-hinh-con-rua-vai-thai","og_locale":"vi_VN","og_type":"article","og_title":"Con r\u00f9a","og_description":"Con r\u00f9a nh\u1ed3i b\u00f4ng v\u1ea3i th\u1ed5 c\u1ea9m kh\u00f4ng ch\u1ec9 \u0111\u01a1n thu\u1ea7n l\u00e0 m\u1ed9t m\u00f3n \u0111\u1ed3 ch\u01a1i, m\u00e0 c\u00f2n l\u00e0 m\u1ed9t ph\u1ea7n kh\u00f4ng th\u1ec3 thi\u1ebfu trong vi\u1ec7c trang tr\u00ed kh\u00f4ng gian s\u1ed1ng c\u1ee7a b\u1ea1n.","og_url":"https:\/\/maison-chance.org\/shop\/san-pham\/thu-nhoi-bong-hinh-con-rua-vai-thai","og_site_name":"Nh\u00e0 May M\u1eafn - Maison Chance","article_publisher":"https:\/\/www.facebook.com\/dnxh.nhamayman\/","article_modified_time":"2025-03-05T03:11:00+00:00","og_image":[{"width":600,"height":600,"url":"https:\/\/maison-chance.org\/shop\/wp-content\/uploads\/2024\/03\/thu-nhoi-bong-hinh-con-rua-vai-thai-1.jpg","type":"image\/jpeg"}],"twitter_card":"summary_large_image","twitter_misc":{"Availability":"In stock"},"schema":{"@context":"https:\/\/schema.org","@graph":[{"@type":"WebPage","@id":"https:\/\/maison-chance.org\/shop\/san-pham\/thu-nhoi-bong-hinh-con-rua-vai-thai","url":"https:\/\/maison-chance.org\/shop\/san-pham\/thu-nhoi-bong-hinh-con-rua-vai-thai","name":"Con r\u00f9a - th\u00fa nh\u1ed3i b\u00f4ng v\u1ea3i th\u1ed5 c\u1ea9m - Nh\u00e0 May M\u1eafn - Maison Chance","isPartOf":{"@id":"https:\/\/maison-chance.org\/shop\/#website"},"primaryImageOfPage":{"@id":"https:\/\/maison-chance.org\/shop\/san-pham\/thu-nhoi-bong-hinh-con-rua-vai-thai#primaryimage"},"image":{"@id":"https:\/\/maison-chance.org\/shop\/san-pham\/thu-nhoi-bong-hinh-con-rua-vai-thai#primaryimage"},"thumbnailUrl":"https:\/\/maison-chance.org\/shop\/wp-content\/uploads\/2024\/03\/thu-nhoi-bong-hinh-con-rua-vai-thai-1.jpg","datePublished":"2024-10-22T00:10:19+00:00","dateModified":"2025-03-05T03:11:00+00:00","description":"Con r\u00f9a nh\u1ed3i b\u00f4ng v\u1ea3i th\u1ed5 c\u1ea9m kh\u00f4ng ch\u1ec9 \u0111\u01a1n thu\u1ea7n l\u00e0 m\u1ed9t m\u00f3n \u0111\u1ed3 ch\u01a1i, m\u00e0 c\u00f2n l\u00e0 m\u1ed9t ph\u1ea7n kh\u00f4ng th\u1ec3 thi\u1ebfu trong vi\u1ec7c trang tr\u00ed kh\u00f4ng gian s\u1ed1ng c\u1ee7a b\u1ea1n.","breadcrumb":{"@id":"https:\/\/maison-chance.org\/shop\/san-pham\/thu-nhoi-bong-hinh-con-rua-vai-thai#breadcrumb"},"inLanguage":"vi-VN","potentialAction":[{"@type":"ReadAction","target":["https:\/\/maison-chance.org\/shop\/san-pham\/thu-nhoi-bong-hinh-con-rua-vai-thai"]}]},{"@type":"ImageObject","inLanguage":"vi-VN","@id":"https:\/\/maison-chance.org\/shop\/san-pham\/thu-nhoi-bong-hinh-con-rua-vai-thai#primaryimage","url":"https:\/\/maison-chance.org\/shop\/wp-content\/uploads\/2024\/03\/thu-nhoi-bong-hinh-con-rua-vai-thai-1.jpg","contentUrl":"https:\/\/maison-chance.org\/shop\/wp-content\/uploads\/2024\/03\/thu-nhoi-bong-hinh-con-rua-vai-thai-1.jpg","width":600,"height":600,"caption":"Th\u00fa nh\u1ed3i b\u00f4ng h\u00ecnh con R\u00f9a v\u1ea3i Th\u00e1i"},{"@type":"BreadcrumbList","@id":"https:\/\/maison-chance.org\/shop\/san-pham\/thu-nhoi-bong-hinh-con-rua-vai-thai#breadcrumb","itemListElement":[{"@type":"ListItem","position":1,"name":"Trang ch\u1ee7","item":"https:\/\/maison-chance.org\/shop\/"},{"@type":"ListItem","position":2,"name":"Shop","item":"https:\/\/maison-chance.org\/shop\/shop"},{"@type":"ListItem","position":3,"name":"Con r\u00f9a"}]},{"@type":"WebSite","@id":"https:\/\/maison-chance.org\/shop\/#website","url":"https:\/\/maison-chance.org\/shop\/","name":"Nh\u00e0 May M\u1eafn - Maison Chance","description":"M\u1ecdi l\u1ee3i nhu\u1eadn thu v\u1ec1 t\u1eeb vi\u1ec7c b\u00e1n h\u00e0ng s\u1ebd tr\u00edch m\u1ed9t ph\u1ea7n \u0111\u1ec3 ch\u0103m lo cho \u0111\u1eddi s\u1ed1ng c\u00e1c b\u1ea1n khuy\u1ebft t\u1eadt v\u00e0 tr\u1ebb m\u1ed3 c\u00f4i \u1edf \u0111\u00e2y","publisher":{"@id":"https:\/\/maison-chance.org\/shop\/#organization"},"potentialAction":[{"@type":"SearchAction","target":{"@type":"EntryPoint","urlTemplate":"https:\/\/maison-chance.org\/shop\/?s={search_term_string}"},"query-input":{"@type":"PropertyValueSpecification","valueRequired":true,"valueName":"search_term_string"}}],"inLanguage":"vi-VN"},{"@type":"Organization","@id":"https:\/\/maison-chance.org\/shop\/#organization","name":"Nh\u00e0 May M\u1eafn - Maison Chance","url":"https:\/\/maison-chance.org\/shop\/","logo":{"@type":"ImageObject","inLanguage":"vi-VN","@id":"https:\/\/maison-chance.org\/shop\/#\/schema\/logo\/image\/","url":"https:\/\/maison-chance.org\/shop\/wp-content\/uploads\/2024\/03\/cropped-Logo_DNXH.png","contentUrl":"https:\/\/maison-chance.org\/shop\/wp-content\/uploads\/2024\/03\/cropped-Logo_DNXH.png","width":512,"height":512,"caption":"Nh\u00e0 May M\u1eafn - Maison Chance"},"image":{"@id":"https:\/\/maison-chance.org\/shop\/#\/schema\/logo\/image\/"},"sameAs":["https:\/\/www.facebook.com\/dnxh.nhamayman\/"]}]},"og_availability":"instock","product_availability":"instock","product_condition":"new"},"_links":{"self":[{"href":"https:\/\/maison-chance.org\/shop\/wp-json\/wp\/v2\/product\/36551","targetHints":{"allow":["GET"]}}],"collection":[{"href":"https:\/\/maison-chance.org\/shop\/wp-json\/wp\/v2\/product"}],"about":[{"href":"https:\/\/maison-chance.org\/shop\/wp-json\/wp\/v2\/types\/product"}],"wp:featuredmedia":[{"embeddable":true,"href":"https:\/\/maison-chance.org\/shop\/wp-json\/wp\/v2\/media\/36552"}],"wp:attachment":[{"href":"https:\/\/maison-chance.org\/shop\/wp-json\/wp\/v2\/media?parent=36551"}],"wp:term":[{"taxonomy":"product_brand","embeddable":true,"href":"https:\/\/maison-chance.org\/shop\/wp-json\/wp\/v2\/product_brand?post=36551"},{"taxonomy":"product_cat","embeddable":true,"href":"https:\/\/maison-chance.org\/shop\/wp-json\/wp\/v2\/product_cat?post=36551"},{"taxonomy":"product_tag","embeddable":true,"href":"https:\/\/maison-chance.org\/shop\/wp-json\/wp\/v2\/product_tag?post=36551"}],"curies":[{"name":"wp","href":"https:\/\/api.w.org\/{rel}","templated":true}]}}