{"id":36561,"date":"2024-10-16T07:06:01","date_gmt":"2024-10-16T00:06:01","guid":{"rendered":"https:\/\/maison-chance.org\/shop\/?post_type=product&#038;p=36561"},"modified":"2025-02-25T10:37:26","modified_gmt":"2025-02-25T03:37:26","slug":"thu-nhoi-bong-hinh-con-cua-vai-tho-cam","status":"publish","type":"product","link":"https:\/\/maison-chance.org\/shop\/san-pham\/thu-nhoi-bong-hinh-con-cua-vai-tho-cam","title":{"rendered":"Con cua"},"content":{"rendered":"<p>Ch\u00e0o c\u1ea3 nh\u00e0! B\u1ea1n \u0111\u00e3 bao gi\u1edd ngh\u0129 m\u00ecnh s\u1ebd \u201crinh\u201d m\u1ed9t ch\u00fa cua v\u1ec1 nh\u00e0 m\u00e0 kh\u00f4ng c\u1ea7n lo\u2026 n\u1ea5u n\u01b0\u1edbng ch\u01b0a?<br data-start=\"173\" data-end=\"176\" \/>Con cua v\u1ea3i th\u1ed5 c\u1ea9m TC21TB s\u1ebd khi\u1ebfn b\u1ea1n \u201c\u0111\u1ed5 \u0111\u1ee9 \u0111\u1eeb\u201d ngay t\u1eeb c\u00e1i nh\u00ecn \u0111\u1ea7u ti\u00ean!<\/p>\n<p style=\"text-align: justify\">T\u1eeb nh\u1eefng t\u1ea5m v\u1ea3i th\u1ed5 c\u1ea9m truy\u1ec1n th\u1ed1ng \u0111\u1ea7y m\u00e0u s\u1eafc, nh\u1eefng \u0111\u00f4i b\u00e0n tay kh\u00e9o l\u00e9o c\u1ee7a c\u00e1c th\u1ee3 may khuy\u1ebft t\u1eadt t\u1ea1i Nh\u00e0 May M\u1eafn \u0111\u00e3 t\u1ea1o n\u00ean m\u00f3n \u0111\u1ed3 trang tr\u00ed <a href=\"https:\/\/maison-chance.org\/shop\/san-pham\/thu-nhoi-bong-hinh-con-cua-vai-tho-cam\">con cua v\u1ea3i th\u1ed5 c\u1ea9m<\/a> (m\u00e3 TC21TB) v\u00f4 c\u00f9ng s\u00e1ng t\u1ea1o v\u00e0 kh\u00f4ng k\u00e9m ph\u1ea7n \u0111\u00e1ng y\u00eau. V\u1ea3i th\u1ed5 c\u1ea9m truy\u1ec1n th\u1ed1ng \u0111\u01b0\u1ee3c ph\u1ed1i tinh t\u1ebf \u0111\u1ea7y m\u00e0u s\u1eafc t\u1eeb cam, \u0111\u1ecf, xanh d\u01b0\u01a1ng k\u1ebft h\u1ee3p kh\u00e9o l\u00e9o v\u1edbi hai m\u00e0u \u0111en tr\u1eafng \u0111\u00e3 t\u1ea1o n\u00ean m\u1ed9t t\u1ed5ng th\u1ec3 sinh \u0111\u1ed9ng, cu\u1ed1n h\u00fat &#8211; nh\u00ecn l\u00e0 m\u00ea, \u0111\u1eb7t \u0111\u00e2u c\u0169ng n\u1ed5i b\u1ea7n b\u1eadt!<\/p>\n<p style=\"text-align: justify\"><a href=\"https:\/\/maison-chance.org\/shop\/thu-nhoi-bong\">Th\u00fa nh\u1ed3i b\u00f4ng h\u00ecnh con cua v\u1ea3i th\u1ed5 c\u1ea9m<\/a> s\u1edf h\u1eefu h\u00ecnh d\u00e1ng \u0111\u00e1ng y\u00eau v\u1edbi th\u00e2n tr\u00f2n tr\u1ecba v\u00e0 nh\u1eefng c\u00e0ng kh\u00e9o l\u00e9o v\u01b0\u01a1n ra xung quanh. T\u1eebng \u0111\u01b0\u1eddng kim m\u0169i ch\u1ec9 \u0111\u01b0\u1ee3c may c\u1ea9n th\u1eadn, t\u1ea1o n\u00ean v\u1ebb \u0111\u1eb9p s\u1ed1ng \u0111\u1ed9ng v\u1edbi nh\u1eefng \u0111\u01b0\u1eddng n\u00e9t u\u1ed1n l\u01b0\u1ee3n m\u1ec1m m\u1ea1i.\u00a0S\u1ea3n ph\u1ea9m c\u00f3 3 k\u00edch c\u1ee1 t\u1eeb 12x16cm \u0111\u1ebfn 23x35cm, \u0111\u00e1p \u1ee9ng m\u1ecdi kh\u00f4ng gian trang tr\u00ed. K\u00edch th\u01b0\u1edbc nh\u1ecf xinh x\u1eafn c\u00f3 th\u1ec3 \u0111\u1eb7t tr\u00ean b\u00e0n l\u00e0m vi\u1ec7c, k\u1ec7 s\u00e1ch hay trong xe \u00f4 t\u00f4. K\u00edch c\u1ee1 l\u1edbn h\u01a1n s\u1ebd tr\u1edf th\u00e0nh \u0111i\u1ec3m nh\u1ea5n n\u1ed5i b\u1eadt khi trang tr\u00ed tr\u00ean k\u1ec7 t\u1ee7, b\u00e0n tr\u00e0 hay g\u00f3c \u0111\u1ecdc s\u00e1ch.<\/p>\n<p style=\"text-align: justify\">\u0110i\u1ec1u \u0111\u1eb7c bi\u1ec7t l\u00e0m n\u00ean gi\u00e1 tr\u1ecb c\u1ee7a con cua v\u1ea3i th\u1ed5 c\u1ea9m TC21TB l\u00e0 n\u00f3 ho\u00e0n to\u00e0n do b\u00e0n tay c\u1ee7a c\u00e1c th\u1ee3 may khuy\u1ebft t\u1eadt Nh\u00e0 May M\u1eafn th\u1ef1c hi\u1ec7n. \u0110\u1eb1ng sau m\u1ed7i s\u1ea3n ph\u1ea9m kh\u00f4ng ch\u1ec9 l\u00e0 m\u1ed9t m\u00f3n \u0111\u1ed3 trang tr\u00ed m\u00e0 c\u00f2n l\u00e0 ni\u1ec1m t\u1ef1 h\u00e0o, l\u00e0 ngu\u1ed3n thu nh\u1eadp quan tr\u1ecdng gi\u00fap c\u00e1c th\u1ee3 may v\u01b0\u1ee3t l\u00ean ho\u00e0n c\u1ea3nh c\u1ee7a m\u00ecnh. S\u1edf h\u1eefu m\u1ed9t con cua th\u1ed5 c\u1ea9m, b\u1ea1n \u0111\u00e3 g\u00f3p ph\u1ea7n lan t\u1ecfa tinh th\u1ea7n l\u1ea1c quan, ngh\u1ecb l\u1ef1c v\u01b0\u01a1n l\u00ean c\u1ee7a nh\u1eefng con ng\u01b0\u1eddi \u0111\u1eb7c bi\u1ec7t n\u00e0y.<\/p>\n<p style=\"text-align: justify\">H\u00e3y ch\u1ecdn con cua v\u1ea3i th\u1ed5 c\u1ea9m TC21TB l\u00e0m m\u00f3n qu\u00e0 trang tr\u00ed \u00fd ngh\u0129a t\u1ea1i nh\u00e0, v\u0103n ph\u00f2ng hay \u00f4 t\u00f4. \u0110\u1ed3ng th\u1eddi, b\u1ea1n c\u0169ng \u0111ang chia s\u1ebb t\u00ecnh y\u00eau th\u01b0\u01a1ng v\u1edbi c\u1ed9ng \u0111\u1ed3ng <a href=\"https:\/\/maison-chance.org\/shop\/phong-may\">th\u1ee3 may khuy\u1ebft t\u1eadt<\/a> Nh\u00e0 May M\u1eafn. S\u1ea3n ph\u1ea9m ch\u00ednh h\u00e3ng, \u0111\u1ea3m b\u1ea3o ch\u1ea5t l\u01b0\u1ee3ng v\u00e0 c\u00f3 nhi\u1ec1u m\u1eabu m\u00e3, k\u00edch c\u1ee1 \u0111\u1ec3 l\u1ef1a ch\u1ecdn ph\u00f9 h\u1ee3p. H\u00e3y \u0111\u1eb7t h\u00e0ng ngay h\u00f4m nay \u0111\u1ec3 nh\u1eadn \u01b0u \u0111\u00e3i h\u1ea5p d\u1eabn t\u1eeb Nh\u00e0 May M\u1eafn!<\/p>\n<p><em>Cua \u201cB\u00f2\u201d \u0110\u1ebfn \u0110\u00e2u, Ni\u1ec1m Vui Lan T\u1ecfa \u0110\u1ebfn \u0110\u00f3!<\/em><\/p>\n","protected":false},"excerpt":{"rendered":"<p style=\"text-align: justify\">S\u1ea3n ph\u1ea9m do c\u00e1c b\u1ea1n khuy\u1ebft t\u1eadt k\u00e9m may m\u1eafn s\u1ea3n xu\u1ea5t th\u1ee7 c\u00f4ng k\u00ednh mong nh\u1eadn \u0111\u01b0\u1ee3c s\u1ef1 \u1ee7ng h\u1ed9 c\u1ee7a Qu\u00fd kh\u00e1ch h\u00e0ng.<\/p>\n<p>Ch\u1ea5t li\u1ec7u: V\u1ea3i th\u1ed5 c\u1ea9m<\/p>\n<p>Code: TC21TB<\/p>\n<p>Hotline : <span style=\"font-size: 20px\"><strong><span style=\"color: #ff0000\">0909 06 25 28<\/span><\/strong><\/span><\/p>\n<p style=\"text-align: justify\">N\u1ebfu b\u1ea1n \u1edf Vi\u1ec7t Nam vui l\u00f2ng li\u00ean h\u1ec7 ch\u00fang t\u00f4i theo s\u1ed1 hotline ho\u1eb7c fanpage doanh nghi\u1ec7p Nh\u00e0 May M\u1eafn ch\u00fang t\u00f4i \u0111\u1ec3 bi\u1ebft gi\u00e1 b\u00e1n t\u1ea1i Vi\u1ec7t Nam.<\/p>\n","protected":false},"featured_media":36562,"template":"","meta":[],"product_brand":[],"product_cat":[137,138],"product_tag":[],"class_list":{"0":"post-36561","1":"product","2":"type-product","3":"status-publish","4":"has-post-thumbnail","6":"product_cat-phong-may","7":"product_cat-thu-nhoi-bong","9":"first","10":"instock","11":"shipping-taxable","12":"purchasable","13":"product-type-variable"},"yoast_head":"<!-- This site is optimized with the Yoast SEO Premium plugin v22.7 (Yoast SEO v25.3.1) - https:\/\/yoast.com\/wordpress\/plugins\/seo\/ -->\n<title>Con cua - th\u00fa nh\u1ed3i b\u00f4ng v\u1ea3i th\u1ed5 c\u1ea9m - Nh\u00e0 May M\u1eafn - Maison Chance<\/title>\n<meta name=\"description\" content=\"Th\u00fa nh\u1ed3i b\u00f4ng h\u00ecnh con cua v\u1ea3i th\u1ed5 c\u1ea9m s\u1edf h\u1eefu h\u00ecnh d\u00e1ng \u0111\u00e1ng y\u00eau v\u1edbi th\u00e2n tr\u00f2n tr\u1ecba v\u00e0 nh\u1eefng c\u00e0ng kh\u00e9o l\u00e9o v\u01b0\u01a1n ra xung quanh. T\u1eebng \u0111\u01b0\u1eddng kim m\u0169i ch\u1ec9 \u0111\u01b0\u1ee3c may c\u1ea9n th\u1eadn\" \/>\n<meta name=\"robots\" content=\"index, follow, max-snippet:-1, max-image-preview:large, max-video-preview:-1\" \/>\n<link rel=\"canonical\" href=\"https:\/\/maison-chance.org\/shop\/san-pham\/thu-nhoi-bong-hinh-con-cua-vai-tho-cam\" \/>\n<meta property=\"og:locale\" content=\"vi_VN\" \/>\n<meta property=\"og:type\" content=\"article\" \/>\n<meta property=\"og:title\" content=\"Con cua\" \/>\n<meta property=\"og:description\" content=\"Th\u00fa nh\u1ed3i b\u00f4ng h\u00ecnh con cua v\u1ea3i th\u1ed5 c\u1ea9m s\u1edf h\u1eefu h\u00ecnh d\u00e1ng \u0111\u00e1ng y\u00eau v\u1edbi th\u00e2n tr\u00f2n tr\u1ecba v\u00e0 nh\u1eefng c\u00e0ng kh\u00e9o l\u00e9o v\u01b0\u01a1n ra xung quanh. T\u1eebng \u0111\u01b0\u1eddng kim m\u0169i ch\u1ec9 \u0111\u01b0\u1ee3c may c\u1ea9n th\u1eadn\" \/>\n<meta property=\"og:url\" content=\"https:\/\/maison-chance.org\/shop\/san-pham\/thu-nhoi-bong-hinh-con-cua-vai-tho-cam\" \/>\n<meta property=\"og:site_name\" content=\"Nh\u00e0 May M\u1eafn - Maison Chance\" \/>\n<meta property=\"article:publisher\" content=\"https:\/\/www.facebook.com\/dnxh.nhamayman\/\" \/>\n<meta property=\"article:modified_time\" content=\"2025-02-25T03:37:26+00:00\" \/>\n<meta property=\"og:image\" content=\"https:\/\/maison-chance.org\/shop\/wp-content\/uploads\/2024\/03\/thu-nhoi-bong-hinh-con-cua-vai-tho-cam-1.jpg\" \/>\n\t<meta property=\"og:image:width\" content=\"600\" \/>\n\t<meta property=\"og:image:height\" content=\"600\" \/>\n\t<meta property=\"og:image:type\" content=\"image\/jpeg\" \/>\n<meta name=\"twitter:card\" content=\"summary_large_image\" \/>\n<meta name=\"twitter:label1\" content=\"Availability\" \/>\n\t<meta name=\"twitter:data1\" content=\"In stock\" \/>\n<script type=\"application\/ld+json\" class=\"yoast-schema-graph\">{\"@context\":\"https:\/\/schema.org\",\"@graph\":[{\"@type\":\"WebPage\",\"@id\":\"https:\/\/maison-chance.org\/shop\/san-pham\/thu-nhoi-bong-hinh-con-cua-vai-tho-cam\",\"url\":\"https:\/\/maison-chance.org\/shop\/san-pham\/thu-nhoi-bong-hinh-con-cua-vai-tho-cam\",\"name\":\"Con cua - th\u00fa nh\u1ed3i b\u00f4ng v\u1ea3i th\u1ed5 c\u1ea9m - Nh\u00e0 May M\u1eafn - Maison Chance\",\"isPartOf\":{\"@id\":\"https:\/\/maison-chance.org\/shop\/#website\"},\"primaryImageOfPage\":{\"@id\":\"https:\/\/maison-chance.org\/shop\/san-pham\/thu-nhoi-bong-hinh-con-cua-vai-tho-cam#primaryimage\"},\"image\":{\"@id\":\"https:\/\/maison-chance.org\/shop\/san-pham\/thu-nhoi-bong-hinh-con-cua-vai-tho-cam#primaryimage\"},\"thumbnailUrl\":\"https:\/\/maison-chance.org\/shop\/wp-content\/uploads\/2024\/03\/thu-nhoi-bong-hinh-con-cua-vai-tho-cam-1.jpg\",\"datePublished\":\"2024-10-16T00:06:01+00:00\",\"dateModified\":\"2025-02-25T03:37:26+00:00\",\"description\":\"Th\u00fa nh\u1ed3i b\u00f4ng h\u00ecnh con cua v\u1ea3i th\u1ed5 c\u1ea9m s\u1edf h\u1eefu h\u00ecnh d\u00e1ng \u0111\u00e1ng y\u00eau v\u1edbi th\u00e2n tr\u00f2n tr\u1ecba v\u00e0 nh\u1eefng c\u00e0ng kh\u00e9o l\u00e9o v\u01b0\u01a1n ra xung quanh. T\u1eebng \u0111\u01b0\u1eddng kim m\u0169i ch\u1ec9 \u0111\u01b0\u1ee3c may c\u1ea9n th\u1eadn\",\"breadcrumb\":{\"@id\":\"https:\/\/maison-chance.org\/shop\/san-pham\/thu-nhoi-bong-hinh-con-cua-vai-tho-cam#breadcrumb\"},\"inLanguage\":\"vi-VN\",\"potentialAction\":[{\"@type\":\"ReadAction\",\"target\":[\"https:\/\/maison-chance.org\/shop\/san-pham\/thu-nhoi-bong-hinh-con-cua-vai-tho-cam\"]}]},{\"@type\":\"ImageObject\",\"inLanguage\":\"vi-VN\",\"@id\":\"https:\/\/maison-chance.org\/shop\/san-pham\/thu-nhoi-bong-hinh-con-cua-vai-tho-cam#primaryimage\",\"url\":\"https:\/\/maison-chance.org\/shop\/wp-content\/uploads\/2024\/03\/thu-nhoi-bong-hinh-con-cua-vai-tho-cam-1.jpg\",\"contentUrl\":\"https:\/\/maison-chance.org\/shop\/wp-content\/uploads\/2024\/03\/thu-nhoi-bong-hinh-con-cua-vai-tho-cam-1.jpg\",\"width\":600,\"height\":600,\"caption\":\"Th\u00fa nh\u1ed3i b\u00f4ng h\u00ecnh con Cua v\u1ea3i th\u1ed5 c\u1ea9m\"},{\"@type\":\"BreadcrumbList\",\"@id\":\"https:\/\/maison-chance.org\/shop\/san-pham\/thu-nhoi-bong-hinh-con-cua-vai-tho-cam#breadcrumb\",\"itemListElement\":[{\"@type\":\"ListItem\",\"position\":1,\"name\":\"Trang ch\u1ee7\",\"item\":\"https:\/\/maison-chance.org\/shop\/\"},{\"@type\":\"ListItem\",\"position\":2,\"name\":\"Shop\",\"item\":\"https:\/\/maison-chance.org\/shop\/shop\"},{\"@type\":\"ListItem\",\"position\":3,\"name\":\"Con cua\"}]},{\"@type\":\"WebSite\",\"@id\":\"https:\/\/maison-chance.org\/shop\/#website\",\"url\":\"https:\/\/maison-chance.org\/shop\/\",\"name\":\"Nh\u00e0 May M\u1eafn - Maison Chance\",\"description\":\"M\u1ecdi l\u1ee3i nhu\u1eadn thu v\u1ec1 t\u1eeb vi\u1ec7c b\u00e1n h\u00e0ng s\u1ebd tr\u00edch m\u1ed9t ph\u1ea7n \u0111\u1ec3 ch\u0103m lo cho \u0111\u1eddi s\u1ed1ng c\u00e1c b\u1ea1n khuy\u1ebft t\u1eadt v\u00e0 tr\u1ebb m\u1ed3 c\u00f4i \u1edf \u0111\u00e2y\",\"publisher\":{\"@id\":\"https:\/\/maison-chance.org\/shop\/#organization\"},\"potentialAction\":[{\"@type\":\"SearchAction\",\"target\":{\"@type\":\"EntryPoint\",\"urlTemplate\":\"https:\/\/maison-chance.org\/shop\/?s={search_term_string}\"},\"query-input\":{\"@type\":\"PropertyValueSpecification\",\"valueRequired\":true,\"valueName\":\"search_term_string\"}}],\"inLanguage\":\"vi-VN\"},{\"@type\":\"Organization\",\"@id\":\"https:\/\/maison-chance.org\/shop\/#organization\",\"name\":\"Nh\u00e0 May M\u1eafn - Maison Chance\",\"url\":\"https:\/\/maison-chance.org\/shop\/\",\"logo\":{\"@type\":\"ImageObject\",\"inLanguage\":\"vi-VN\",\"@id\":\"https:\/\/maison-chance.org\/shop\/#\/schema\/logo\/image\/\",\"url\":\"https:\/\/maison-chance.org\/shop\/wp-content\/uploads\/2024\/03\/cropped-Logo_DNXH.png\",\"contentUrl\":\"https:\/\/maison-chance.org\/shop\/wp-content\/uploads\/2024\/03\/cropped-Logo_DNXH.png\",\"width\":512,\"height\":512,\"caption\":\"Nh\u00e0 May M\u1eafn - Maison Chance\"},\"image\":{\"@id\":\"https:\/\/maison-chance.org\/shop\/#\/schema\/logo\/image\/\"},\"sameAs\":[\"https:\/\/www.facebook.com\/dnxh.nhamayman\/\"]}]}<\/script>\n<meta property=\"og:availability\" content=\"instock\" \/>\n<meta property=\"product:availability\" content=\"instock\" \/>\n<meta property=\"product:condition\" content=\"new\" \/>\n<!-- \/ Yoast SEO Premium plugin. -->","yoast_head_json":{"title":"Con cua - th\u00fa nh\u1ed3i b\u00f4ng v\u1ea3i th\u1ed5 c\u1ea9m - Nh\u00e0 May M\u1eafn - Maison Chance","description":"Th\u00fa nh\u1ed3i b\u00f4ng h\u00ecnh con cua v\u1ea3i th\u1ed5 c\u1ea9m s\u1edf h\u1eefu h\u00ecnh d\u00e1ng \u0111\u00e1ng y\u00eau v\u1edbi th\u00e2n tr\u00f2n tr\u1ecba v\u00e0 nh\u1eefng c\u00e0ng kh\u00e9o l\u00e9o v\u01b0\u01a1n ra xung quanh. T\u1eebng \u0111\u01b0\u1eddng kim m\u0169i ch\u1ec9 \u0111\u01b0\u1ee3c may c\u1ea9n th\u1eadn","robots":{"index":"index","follow":"follow","max-snippet":"max-snippet:-1","max-image-preview":"max-image-preview:large","max-video-preview":"max-video-preview:-1"},"canonical":"https:\/\/maison-chance.org\/shop\/san-pham\/thu-nhoi-bong-hinh-con-cua-vai-tho-cam","og_locale":"vi_VN","og_type":"article","og_title":"Con cua","og_description":"Th\u00fa nh\u1ed3i b\u00f4ng h\u00ecnh con cua v\u1ea3i th\u1ed5 c\u1ea9m s\u1edf h\u1eefu h\u00ecnh d\u00e1ng \u0111\u00e1ng y\u00eau v\u1edbi th\u00e2n tr\u00f2n tr\u1ecba v\u00e0 nh\u1eefng c\u00e0ng kh\u00e9o l\u00e9o v\u01b0\u01a1n ra xung quanh. T\u1eebng \u0111\u01b0\u1eddng kim m\u0169i ch\u1ec9 \u0111\u01b0\u1ee3c may c\u1ea9n th\u1eadn","og_url":"https:\/\/maison-chance.org\/shop\/san-pham\/thu-nhoi-bong-hinh-con-cua-vai-tho-cam","og_site_name":"Nh\u00e0 May M\u1eafn - Maison Chance","article_publisher":"https:\/\/www.facebook.com\/dnxh.nhamayman\/","article_modified_time":"2025-02-25T03:37:26+00:00","og_image":[{"width":600,"height":600,"url":"https:\/\/maison-chance.org\/shop\/wp-content\/uploads\/2024\/03\/thu-nhoi-bong-hinh-con-cua-vai-tho-cam-1.jpg","type":"image\/jpeg"}],"twitter_card":"summary_large_image","twitter_misc":{"Availability":"In stock"},"schema":{"@context":"https:\/\/schema.org","@graph":[{"@type":"WebPage","@id":"https:\/\/maison-chance.org\/shop\/san-pham\/thu-nhoi-bong-hinh-con-cua-vai-tho-cam","url":"https:\/\/maison-chance.org\/shop\/san-pham\/thu-nhoi-bong-hinh-con-cua-vai-tho-cam","name":"Con cua - th\u00fa nh\u1ed3i b\u00f4ng v\u1ea3i th\u1ed5 c\u1ea9m - Nh\u00e0 May M\u1eafn - Maison Chance","isPartOf":{"@id":"https:\/\/maison-chance.org\/shop\/#website"},"primaryImageOfPage":{"@id":"https:\/\/maison-chance.org\/shop\/san-pham\/thu-nhoi-bong-hinh-con-cua-vai-tho-cam#primaryimage"},"image":{"@id":"https:\/\/maison-chance.org\/shop\/san-pham\/thu-nhoi-bong-hinh-con-cua-vai-tho-cam#primaryimage"},"thumbnailUrl":"https:\/\/maison-chance.org\/shop\/wp-content\/uploads\/2024\/03\/thu-nhoi-bong-hinh-con-cua-vai-tho-cam-1.jpg","datePublished":"2024-10-16T00:06:01+00:00","dateModified":"2025-02-25T03:37:26+00:00","description":"Th\u00fa nh\u1ed3i b\u00f4ng h\u00ecnh con cua v\u1ea3i th\u1ed5 c\u1ea9m s\u1edf h\u1eefu h\u00ecnh d\u00e1ng \u0111\u00e1ng y\u00eau v\u1edbi th\u00e2n tr\u00f2n tr\u1ecba v\u00e0 nh\u1eefng c\u00e0ng kh\u00e9o l\u00e9o v\u01b0\u01a1n ra xung quanh. T\u1eebng \u0111\u01b0\u1eddng kim m\u0169i ch\u1ec9 \u0111\u01b0\u1ee3c may c\u1ea9n th\u1eadn","breadcrumb":{"@id":"https:\/\/maison-chance.org\/shop\/san-pham\/thu-nhoi-bong-hinh-con-cua-vai-tho-cam#breadcrumb"},"inLanguage":"vi-VN","potentialAction":[{"@type":"ReadAction","target":["https:\/\/maison-chance.org\/shop\/san-pham\/thu-nhoi-bong-hinh-con-cua-vai-tho-cam"]}]},{"@type":"ImageObject","inLanguage":"vi-VN","@id":"https:\/\/maison-chance.org\/shop\/san-pham\/thu-nhoi-bong-hinh-con-cua-vai-tho-cam#primaryimage","url":"https:\/\/maison-chance.org\/shop\/wp-content\/uploads\/2024\/03\/thu-nhoi-bong-hinh-con-cua-vai-tho-cam-1.jpg","contentUrl":"https:\/\/maison-chance.org\/shop\/wp-content\/uploads\/2024\/03\/thu-nhoi-bong-hinh-con-cua-vai-tho-cam-1.jpg","width":600,"height":600,"caption":"Th\u00fa nh\u1ed3i b\u00f4ng h\u00ecnh con Cua v\u1ea3i th\u1ed5 c\u1ea9m"},{"@type":"BreadcrumbList","@id":"https:\/\/maison-chance.org\/shop\/san-pham\/thu-nhoi-bong-hinh-con-cua-vai-tho-cam#breadcrumb","itemListElement":[{"@type":"ListItem","position":1,"name":"Trang ch\u1ee7","item":"https:\/\/maison-chance.org\/shop\/"},{"@type":"ListItem","position":2,"name":"Shop","item":"https:\/\/maison-chance.org\/shop\/shop"},{"@type":"ListItem","position":3,"name":"Con cua"}]},{"@type":"WebSite","@id":"https:\/\/maison-chance.org\/shop\/#website","url":"https:\/\/maison-chance.org\/shop\/","name":"Nh\u00e0 May M\u1eafn - Maison Chance","description":"M\u1ecdi l\u1ee3i nhu\u1eadn thu v\u1ec1 t\u1eeb vi\u1ec7c b\u00e1n h\u00e0ng s\u1ebd tr\u00edch m\u1ed9t ph\u1ea7n \u0111\u1ec3 ch\u0103m lo cho \u0111\u1eddi s\u1ed1ng c\u00e1c b\u1ea1n khuy\u1ebft t\u1eadt v\u00e0 tr\u1ebb m\u1ed3 c\u00f4i \u1edf \u0111\u00e2y","publisher":{"@id":"https:\/\/maison-chance.org\/shop\/#organization"},"potentialAction":[{"@type":"SearchAction","target":{"@type":"EntryPoint","urlTemplate":"https:\/\/maison-chance.org\/shop\/?s={search_term_string}"},"query-input":{"@type":"PropertyValueSpecification","valueRequired":true,"valueName":"search_term_string"}}],"inLanguage":"vi-VN"},{"@type":"Organization","@id":"https:\/\/maison-chance.org\/shop\/#organization","name":"Nh\u00e0 May M\u1eafn - Maison Chance","url":"https:\/\/maison-chance.org\/shop\/","logo":{"@type":"ImageObject","inLanguage":"vi-VN","@id":"https:\/\/maison-chance.org\/shop\/#\/schema\/logo\/image\/","url":"https:\/\/maison-chance.org\/shop\/wp-content\/uploads\/2024\/03\/cropped-Logo_DNXH.png","contentUrl":"https:\/\/maison-chance.org\/shop\/wp-content\/uploads\/2024\/03\/cropped-Logo_DNXH.png","width":512,"height":512,"caption":"Nh\u00e0 May M\u1eafn - Maison Chance"},"image":{"@id":"https:\/\/maison-chance.org\/shop\/#\/schema\/logo\/image\/"},"sameAs":["https:\/\/www.facebook.com\/dnxh.nhamayman\/"]}]},"og_availability":"instock","product_availability":"instock","product_condition":"new"},"_links":{"self":[{"href":"https:\/\/maison-chance.org\/shop\/wp-json\/wp\/v2\/product\/36561","targetHints":{"allow":["GET"]}}],"collection":[{"href":"https:\/\/maison-chance.org\/shop\/wp-json\/wp\/v2\/product"}],"about":[{"href":"https:\/\/maison-chance.org\/shop\/wp-json\/wp\/v2\/types\/product"}],"wp:featuredmedia":[{"embeddable":true,"href":"https:\/\/maison-chance.org\/shop\/wp-json\/wp\/v2\/media\/36562"}],"wp:attachment":[{"href":"https:\/\/maison-chance.org\/shop\/wp-json\/wp\/v2\/media?parent=36561"}],"wp:term":[{"taxonomy":"product_brand","embeddable":true,"href":"https:\/\/maison-chance.org\/shop\/wp-json\/wp\/v2\/product_brand?post=36561"},{"taxonomy":"product_cat","embeddable":true,"href":"https:\/\/maison-chance.org\/shop\/wp-json\/wp\/v2\/product_cat?post=36561"},{"taxonomy":"product_tag","embeddable":true,"href":"https:\/\/maison-chance.org\/shop\/wp-json\/wp\/v2\/product_tag?post=36561"}],"curies":[{"name":"wp","href":"https:\/\/api.w.org\/{rel}","templated":true}]}}