{"id":36569,"date":"2024-10-16T07:05:32","date_gmt":"2024-10-16T00:05:32","guid":{"rendered":"https:\/\/maison-chance.org\/shop\/?post_type=product&#038;p=36569"},"modified":"2025-02-25T10:01:06","modified_gmt":"2025-02-25T03:01:06","slug":"thu-nhoi-bong-hinh-con-than-lan-vai-tho-cam","status":"publish","type":"product","link":"https:\/\/maison-chance.org\/shop\/san-pham\/thu-nhoi-bong-hinh-con-than-lan-vai-tho-cam","title":{"rendered":"Con th\u1eb1n l\u1eb1n"},"content":{"rendered":"<p>B\u1ea1n \u0111\u00e3 bao gi\u1edd th\u1ea5y th\u1eb1n l\u1eb1n m\u00e0 l\u1ea1i mu\u1ed1n \u00f4m ngay ch\u01b0a? Ch\u1eafc ch\u1eafn l\u00e0 ch\u01b0a \u2013 tr\u1eeb khi b\u1ea1n g\u1eb7p nh\u1eefng em th\u1eb1n l\u1eb1n nh\u1ed3i b\u00f4ng \u0111\u00e1ng y\u00eau v\u00f4 \u0111\u1ed1i n\u00e0y! <a href=\"https:\/\/maison-chance.org\/shop\/san-pham\/thu-nhoi-bong-hinh-con-than-lan-vai-tho-cam\">Con th\u1eb1n l\u1eb1n v\u1ea3i th\u1ed5 c\u1ea9m<\/a> n\u00e0y l\u00e0 s\u1ef1 k\u1ebft h\u1ee3p ho\u00e0n h\u1ea3o gi\u1eefa ngh\u1ec7 thu\u1eadt truy\u1ec1n th\u1ed1ng v\u00e0 k\u1ef9 thu\u1eadt may hi\u1ec7n \u0111\u1ea1i. \u0110\u01b0\u1ee3c l\u00e0m t\u1eeb ch\u1ea5t li\u1ec7u v\u1ea3i th\u1ed5 c\u1ea9m \u0111\u1eb7c tr\u01b0ng, m\u1ed7i con th\u1eb1n l\u1eb1n mang trong m\u00ecnh nh\u1eefng h\u1ecda ti\u1ebft \u0111\u1ed9c \u0111\u00e1o v\u00e0 m\u00e0u s\u1eafc r\u1ef1c r\u1ee1 c\u1ee7a v\u0103n h\u00f3a d\u00e2n t\u1ed9c. Thi\u1ebft k\u1ebf ng\u1ed9 ngh\u0129nh v\u1edbi h\u00ecnh \u1ea3nh chi\u1ebfc b\u1ee5ng b\u1ef1 si\u00eau y\u00eau c\u00f9ng t\u01b0 th\u1ebf b\u00f2 tr\u01b0\u1eddn h\u00e0i h\u01b0\u1edbc, ch\u1eafc ch\u1eafn s\u1ebd khi\u1ebfn b\u1ea1n ph\u1ea3i b\u1ea5t ng\u1edd v\u00ec \u0111\u1ed9 \u0111\u00e1ng y\u00eau c\u1ee7a em n\u00f3 \u0111\u1ea5y!<\/p>\n<p data-start=\"637\" data-end=\"673\"><strong>Ba K\u00edch Th\u01b0\u1edbc \u2013 T\u00f9y \u00dd B\u00e0i Tr\u00ed!<\/strong><\/p>\n<p data-start=\"674\" data-end=\"806\">S\u1ea3n ph\u1ea9m c\u00f3 m\u00e3 TC22TB, v\u1edbi ba k\u00edch th\u01b0\u1edbc kh\u00e1c nhau \u0111\u1ec3 ph\u00f9 h\u1ee3p v\u1edbi nhi\u1ec1u kh\u00f4ng gian v\u00e0 m\u1ee5c \u0111\u00edch s\u1eed d\u1ee5ng:<\/p>\n<ul data-start=\"807\" data-end=\"1062\">\n<li data-start=\"807\" data-end=\"890\"><strong data-start=\"809\" data-end=\"823\">7 x 15 cm:<\/strong> Nh\u1ecf xinh, d\u1ec5 th\u01b0\u01a1ng \u2013 \u0111\u1eb7t tr\u00ean b\u00e0n l\u00e0m vi\u1ec7c hay k\u1ec7 s\u00e1ch \u0111\u1ec1u \u0111\u1eb9p.<\/li>\n<li data-start=\"891\" data-end=\"977\"><strong data-start=\"893\" data-end=\"907\">9 x 22 cm:<\/strong> V\u1eeba v\u1eb7n \u0111\u1ec3 trang tr\u00ed sofa, b\u00e0n tr\u00e0 hay l\u00e0m g\u1ed1i \u00f4m mini c\u1ef1c d\u1ec5 c\u01b0ng.<\/li>\n<li data-start=\"978\" data-end=\"1062\"><strong data-start=\"980\" data-end=\"995\">11 x 27 cm:<\/strong> \u0110i\u1ec3m nh\u1ea5n \u1ea5n t\u01b0\u1ee3ng tr\u00ean gh\u1ebf, gi\u01b0\u1eddng ng\u1ee7 hay g\u00f3c chill trong nh\u00e0.<\/li>\n<\/ul>\n<p style=\"text-align: justify\">Kh\u00f4ng ch\u1ec9 l\u00e0 m\u1ed9t m\u00f3n \u0111\u1ed3 trang tr\u00ed, con th\u1eb1n l\u1eb1n v\u1ea3i th\u1ed5 c\u1ea9m c\u00f2n mang trong m\u00ecnh c\u00e2u chuy\u1ec7n \u0111\u1ea7y \u00fd ngh\u0129a. M\u1ed7i s\u1ea3n ph\u1ea9m l\u00e0 k\u1ebft qu\u1ea3 c\u1ee7a s\u1ef1 n\u1ed7 l\u1ef1c v\u00e0 \u0111am m\u00ea c\u1ee7a c\u00e1c th\u1ee3 may khuy\u1ebft t\u1eadt t\u1ea1i Nh\u00e0 May M\u1eafn. H\u1ecd \u0111\u00e3 v\u01b0\u1ee3t qua nh\u1eefng kh\u00f3 kh\u0103n trong cu\u1ed9c s\u1ed1ng \u0111\u1ec3 t\u1ea1o ra nh\u1eefng t\u00e1c ph\u1ea9m \u0111\u1ed9c \u0111\u00e1o, g\u00f3p ph\u1ea7n b\u1ea3o t\u1ed3n v\u00e0 ph\u00e1t huy gi\u00e1 tr\u1ecb v\u0103n h\u00f3a truy\u1ec1n th\u1ed1ng c\u1ee7a d\u00e2n t\u1ed9c.<\/p>\n<p style=\"text-align: justify\">Khi s\u1edf h\u1eefu m\u1ed9t con th\u1eb1n l\u1eb1n v\u1ea3i th\u1ed5 c\u1ea9m, b\u1ea1n kh\u00f4ng ch\u1ec9 c\u00f3 m\u1ed9t m\u00f3n \u0111\u1ed3 trang tr\u00ed \u0111\u1eb9p m\u1eaft m\u00e0 c\u00f2n \u0111ang \u1ee7ng h\u1ed9 cho c\u00f4ng vi\u1ec7c \u00fd ngh\u0129a c\u1ee7a nh\u1eefng <a href=\"https:\/\/maison-chance.org\/shop\/phong-may\">ng\u01b0\u1eddi th\u1ee3 may khuy\u1ebft t\u1eadt<\/a> t\u00e0i n\u0103ng. M\u1ed7i s\u1ea3n ph\u1ea9m \u0111\u01b0\u1ee3c b\u00e1n ra l\u00e0 m\u1ed9t c\u01a1 h\u1ed9i \u0111\u1ec3 h\u1ecd kh\u1eb3ng \u0111\u1ecbnh gi\u00e1 tr\u1ecb b\u1ea3n th\u00e2n v\u00e0 h\u00f2a nh\u1eadp v\u1edbi c\u1ed9ng \u0111\u1ed3ng. \u0110\u00e2y l\u00e0 c\u00e1ch thi\u1ebft th\u1ef1c \u0111\u1ec3 ch\u00fang ta g\u00f3p ph\u1ea7n x\u00e2y d\u1ef1ng m\u1ed9t x\u00e3 h\u1ed9i b\u00ecnh \u0111\u1eb3ng v\u00e0 nh\u00e2n \u00e1i h\u01a1n.<\/p>\n<p data-start=\"1675\" data-end=\"1716\"><strong>Ch\u1ed1t \u0110\u01a1n Ngay \u2013 S\u1ed1 L\u01b0\u1ee3ng C\u00f3 H\u1ea1n!<\/strong><\/p>\n<p data-start=\"1717\" data-end=\"1852\" data-is-last-node=\"\" data-is-only-node=\"\">\u0110\u1eebng \u0111\u1ec3 ch\u00fa th\u1eb1n l\u1eb1n \u0111\u00e1ng y\u00eau n\u00e0y b\u00f2 \u0111i m\u1ea5t! Nhanh tay ch\u1ed1t \u0111\u01a1n \u0111\u1ec3 \u201cb\u1eaft\u201d ngay m\u1ed9t em v\u1ec1 nh\u00e0!<br data-start=\"1813\" data-end=\"1816\" \/><em>Mua ngay \u2013 \u00d4m ngay \u2013 Y\u00eau ngay!<\/em><\/p>\n","protected":false},"excerpt":{"rendered":"<p style=\"text-align: justify\">S\u1ea3n ph\u1ea9m do c\u00e1c b\u1ea1n khuy\u1ebft t\u1eadt k\u00e9m may m\u1eafn s\u1ea3n xu\u1ea5t th\u1ee7 c\u00f4ng k\u00ednh mong nh\u1eadn \u0111\u01b0\u1ee3c s\u1ef1 \u1ee7ng h\u1ed9 c\u1ee7a Qu\u00fd kh\u00e1ch h\u00e0ng.<\/p>\n<p>Ch\u1ea5t li\u1ec7u: V\u1ea3i th\u1ed5 c\u1ea9m<\/p>\n<p>Code: TC22TB<\/p>\n<p>Hotline : <span style=\"font-size: 20px\"><strong><span style=\"color: #ff0000\">0909 06 25 28<\/span><\/strong><\/span><\/p>\n<p style=\"text-align: justify\">N\u1ebfu b\u1ea1n \u1edf Vi\u1ec7t Nam vui l\u00f2ng li\u00ean h\u1ec7 ch\u00fang t\u00f4i theo s\u1ed1 hotline ho\u1eb7c fanpage doanh nghi\u1ec7p Nh\u00e0 May M\u1eafn ch\u00fang t\u00f4i \u0111\u1ec3 bi\u1ebft gi\u00e1 b\u00e1n t\u1ea1i Vi\u1ec7t Nam.<\/p>\n","protected":false},"featured_media":36570,"template":"","meta":[],"product_brand":[],"product_cat":[137,138],"product_tag":[],"class_list":{"0":"post-36569","1":"product","2":"type-product","3":"status-publish","4":"has-post-thumbnail","6":"product_cat-phong-may","7":"product_cat-thu-nhoi-bong","9":"first","10":"instock","11":"shipping-taxable","12":"purchasable","13":"product-type-variable"},"yoast_head":"<!-- This site is optimized with the Yoast SEO Premium plugin v22.7 (Yoast SEO v25.3.1) - https:\/\/yoast.com\/wordpress\/plugins\/seo\/ -->\n<title>Con th\u1eb1n l\u1eb1n - th\u00fa nh\u1ed3i b\u00f4ng v\u1ea3i th\u1ed5 c\u1ea9m - Nh\u00e0 May M\u1eafn - Maison Chance<\/title>\n<meta name=\"description\" content=\"Th\u00fa nh\u1ed3i b\u00f4ng h\u00ecnh con th\u1eb1n l\u1eb1n v\u1ea3i th\u1ed5 c\u1ea9m l\u00e0 s\u1ef1 k\u1ebft h\u1ee3p ho\u00e0n h\u1ea3o gi\u1eefa ngh\u1ec7 thu\u1eadt truy\u1ec1n th\u1ed1ng v\u00e0 k\u1ef9 thu\u1eadt may hi\u1ec7n \u0111\u1ea1i. \u0110\u01b0\u1ee3c l\u00e0m t\u1eeb ch\u1ea5t li\u1ec7u v\u1ea3i th\u1ed5 c\u1ea9m \u0111\u1eb7c tr\u01b0ng\" \/>\n<meta name=\"robots\" content=\"index, follow, max-snippet:-1, max-image-preview:large, max-video-preview:-1\" \/>\n<link rel=\"canonical\" href=\"https:\/\/maison-chance.org\/shop\/san-pham\/thu-nhoi-bong-hinh-con-than-lan-vai-tho-cam\" \/>\n<meta property=\"og:locale\" content=\"vi_VN\" \/>\n<meta property=\"og:type\" content=\"article\" \/>\n<meta property=\"og:title\" content=\"Con th\u1eb1n l\u1eb1n\" \/>\n<meta property=\"og:description\" content=\"Th\u00fa nh\u1ed3i b\u00f4ng h\u00ecnh con th\u1eb1n l\u1eb1n v\u1ea3i th\u1ed5 c\u1ea9m l\u00e0 s\u1ef1 k\u1ebft h\u1ee3p ho\u00e0n h\u1ea3o gi\u1eefa ngh\u1ec7 thu\u1eadt truy\u1ec1n th\u1ed1ng v\u00e0 k\u1ef9 thu\u1eadt may hi\u1ec7n \u0111\u1ea1i. \u0110\u01b0\u1ee3c l\u00e0m t\u1eeb ch\u1ea5t li\u1ec7u v\u1ea3i th\u1ed5 c\u1ea9m \u0111\u1eb7c tr\u01b0ng\" \/>\n<meta property=\"og:url\" content=\"https:\/\/maison-chance.org\/shop\/san-pham\/thu-nhoi-bong-hinh-con-than-lan-vai-tho-cam\" \/>\n<meta property=\"og:site_name\" content=\"Nh\u00e0 May M\u1eafn - Maison Chance\" \/>\n<meta property=\"article:publisher\" content=\"https:\/\/www.facebook.com\/dnxh.nhamayman\/\" \/>\n<meta property=\"article:modified_time\" content=\"2025-02-25T03:01:06+00:00\" \/>\n<meta property=\"og:image\" content=\"https:\/\/maison-chance.org\/shop\/wp-content\/uploads\/2024\/03\/thu-nhoi-bong-hinh-con-than-lan-vai-tho-cam-1.jpg\" \/>\n\t<meta property=\"og:image:width\" content=\"600\" \/>\n\t<meta property=\"og:image:height\" content=\"600\" \/>\n\t<meta property=\"og:image:type\" content=\"image\/jpeg\" \/>\n<meta name=\"twitter:card\" content=\"summary_large_image\" \/>\n<meta name=\"twitter:label1\" content=\"Availability\" \/>\n\t<meta name=\"twitter:data1\" content=\"In stock\" \/>\n<script type=\"application\/ld+json\" class=\"yoast-schema-graph\">{\"@context\":\"https:\/\/schema.org\",\"@graph\":[{\"@type\":\"WebPage\",\"@id\":\"https:\/\/maison-chance.org\/shop\/san-pham\/thu-nhoi-bong-hinh-con-than-lan-vai-tho-cam\",\"url\":\"https:\/\/maison-chance.org\/shop\/san-pham\/thu-nhoi-bong-hinh-con-than-lan-vai-tho-cam\",\"name\":\"Con th\u1eb1n l\u1eb1n - th\u00fa nh\u1ed3i b\u00f4ng v\u1ea3i th\u1ed5 c\u1ea9m - Nh\u00e0 May M\u1eafn - Maison Chance\",\"isPartOf\":{\"@id\":\"https:\/\/maison-chance.org\/shop\/#website\"},\"primaryImageOfPage\":{\"@id\":\"https:\/\/maison-chance.org\/shop\/san-pham\/thu-nhoi-bong-hinh-con-than-lan-vai-tho-cam#primaryimage\"},\"image\":{\"@id\":\"https:\/\/maison-chance.org\/shop\/san-pham\/thu-nhoi-bong-hinh-con-than-lan-vai-tho-cam#primaryimage\"},\"thumbnailUrl\":\"https:\/\/maison-chance.org\/shop\/wp-content\/uploads\/2024\/03\/thu-nhoi-bong-hinh-con-than-lan-vai-tho-cam-1.jpg\",\"datePublished\":\"2024-10-16T00:05:32+00:00\",\"dateModified\":\"2025-02-25T03:01:06+00:00\",\"description\":\"Th\u00fa nh\u1ed3i b\u00f4ng h\u00ecnh con th\u1eb1n l\u1eb1n v\u1ea3i th\u1ed5 c\u1ea9m l\u00e0 s\u1ef1 k\u1ebft h\u1ee3p ho\u00e0n h\u1ea3o gi\u1eefa ngh\u1ec7 thu\u1eadt truy\u1ec1n th\u1ed1ng v\u00e0 k\u1ef9 thu\u1eadt may hi\u1ec7n \u0111\u1ea1i. \u0110\u01b0\u1ee3c l\u00e0m t\u1eeb ch\u1ea5t li\u1ec7u v\u1ea3i th\u1ed5 c\u1ea9m \u0111\u1eb7c tr\u01b0ng\",\"breadcrumb\":{\"@id\":\"https:\/\/maison-chance.org\/shop\/san-pham\/thu-nhoi-bong-hinh-con-than-lan-vai-tho-cam#breadcrumb\"},\"inLanguage\":\"vi-VN\",\"potentialAction\":[{\"@type\":\"ReadAction\",\"target\":[\"https:\/\/maison-chance.org\/shop\/san-pham\/thu-nhoi-bong-hinh-con-than-lan-vai-tho-cam\"]}]},{\"@type\":\"ImageObject\",\"inLanguage\":\"vi-VN\",\"@id\":\"https:\/\/maison-chance.org\/shop\/san-pham\/thu-nhoi-bong-hinh-con-than-lan-vai-tho-cam#primaryimage\",\"url\":\"https:\/\/maison-chance.org\/shop\/wp-content\/uploads\/2024\/03\/thu-nhoi-bong-hinh-con-than-lan-vai-tho-cam-1.jpg\",\"contentUrl\":\"https:\/\/maison-chance.org\/shop\/wp-content\/uploads\/2024\/03\/thu-nhoi-bong-hinh-con-than-lan-vai-tho-cam-1.jpg\",\"width\":600,\"height\":600,\"caption\":\"Th\u00fa nh\u1ed3i b\u00f4ng h\u00ecnh con Th\u1eb1n L\u1eb1n v\u1ea3i th\u1ed5 c\u1ea9m\"},{\"@type\":\"BreadcrumbList\",\"@id\":\"https:\/\/maison-chance.org\/shop\/san-pham\/thu-nhoi-bong-hinh-con-than-lan-vai-tho-cam#breadcrumb\",\"itemListElement\":[{\"@type\":\"ListItem\",\"position\":1,\"name\":\"Trang ch\u1ee7\",\"item\":\"https:\/\/maison-chance.org\/shop\/\"},{\"@type\":\"ListItem\",\"position\":2,\"name\":\"Shop\",\"item\":\"https:\/\/maison-chance.org\/shop\/shop\"},{\"@type\":\"ListItem\",\"position\":3,\"name\":\"Con th\u1eb1n l\u1eb1n\"}]},{\"@type\":\"WebSite\",\"@id\":\"https:\/\/maison-chance.org\/shop\/#website\",\"url\":\"https:\/\/maison-chance.org\/shop\/\",\"name\":\"Nh\u00e0 May M\u1eafn - Maison Chance\",\"description\":\"M\u1ecdi l\u1ee3i nhu\u1eadn thu v\u1ec1 t\u1eeb vi\u1ec7c b\u00e1n h\u00e0ng s\u1ebd tr\u00edch m\u1ed9t ph\u1ea7n \u0111\u1ec3 ch\u0103m lo cho \u0111\u1eddi s\u1ed1ng c\u00e1c b\u1ea1n khuy\u1ebft t\u1eadt v\u00e0 tr\u1ebb m\u1ed3 c\u00f4i \u1edf \u0111\u00e2y\",\"publisher\":{\"@id\":\"https:\/\/maison-chance.org\/shop\/#organization\"},\"potentialAction\":[{\"@type\":\"SearchAction\",\"target\":{\"@type\":\"EntryPoint\",\"urlTemplate\":\"https:\/\/maison-chance.org\/shop\/?s={search_term_string}\"},\"query-input\":{\"@type\":\"PropertyValueSpecification\",\"valueRequired\":true,\"valueName\":\"search_term_string\"}}],\"inLanguage\":\"vi-VN\"},{\"@type\":\"Organization\",\"@id\":\"https:\/\/maison-chance.org\/shop\/#organization\",\"name\":\"Nh\u00e0 May M\u1eafn - Maison Chance\",\"url\":\"https:\/\/maison-chance.org\/shop\/\",\"logo\":{\"@type\":\"ImageObject\",\"inLanguage\":\"vi-VN\",\"@id\":\"https:\/\/maison-chance.org\/shop\/#\/schema\/logo\/image\/\",\"url\":\"https:\/\/maison-chance.org\/shop\/wp-content\/uploads\/2024\/03\/cropped-Logo_DNXH.png\",\"contentUrl\":\"https:\/\/maison-chance.org\/shop\/wp-content\/uploads\/2024\/03\/cropped-Logo_DNXH.png\",\"width\":512,\"height\":512,\"caption\":\"Nh\u00e0 May M\u1eafn - Maison Chance\"},\"image\":{\"@id\":\"https:\/\/maison-chance.org\/shop\/#\/schema\/logo\/image\/\"},\"sameAs\":[\"https:\/\/www.facebook.com\/dnxh.nhamayman\/\"]}]}<\/script>\n<meta property=\"og:availability\" content=\"instock\" \/>\n<meta property=\"product:availability\" content=\"instock\" \/>\n<meta property=\"product:condition\" content=\"new\" \/>\n<!-- \/ Yoast SEO Premium plugin. -->","yoast_head_json":{"title":"Con th\u1eb1n l\u1eb1n - th\u00fa nh\u1ed3i b\u00f4ng v\u1ea3i th\u1ed5 c\u1ea9m - Nh\u00e0 May M\u1eafn - Maison Chance","description":"Th\u00fa nh\u1ed3i b\u00f4ng h\u00ecnh con th\u1eb1n l\u1eb1n v\u1ea3i th\u1ed5 c\u1ea9m l\u00e0 s\u1ef1 k\u1ebft h\u1ee3p ho\u00e0n h\u1ea3o gi\u1eefa ngh\u1ec7 thu\u1eadt truy\u1ec1n th\u1ed1ng v\u00e0 k\u1ef9 thu\u1eadt may hi\u1ec7n \u0111\u1ea1i. \u0110\u01b0\u1ee3c l\u00e0m t\u1eeb ch\u1ea5t li\u1ec7u v\u1ea3i th\u1ed5 c\u1ea9m \u0111\u1eb7c tr\u01b0ng","robots":{"index":"index","follow":"follow","max-snippet":"max-snippet:-1","max-image-preview":"max-image-preview:large","max-video-preview":"max-video-preview:-1"},"canonical":"https:\/\/maison-chance.org\/shop\/san-pham\/thu-nhoi-bong-hinh-con-than-lan-vai-tho-cam","og_locale":"vi_VN","og_type":"article","og_title":"Con th\u1eb1n l\u1eb1n","og_description":"Th\u00fa nh\u1ed3i b\u00f4ng h\u00ecnh con th\u1eb1n l\u1eb1n v\u1ea3i th\u1ed5 c\u1ea9m l\u00e0 s\u1ef1 k\u1ebft h\u1ee3p ho\u00e0n h\u1ea3o gi\u1eefa ngh\u1ec7 thu\u1eadt truy\u1ec1n th\u1ed1ng v\u00e0 k\u1ef9 thu\u1eadt may hi\u1ec7n \u0111\u1ea1i. \u0110\u01b0\u1ee3c l\u00e0m t\u1eeb ch\u1ea5t li\u1ec7u v\u1ea3i th\u1ed5 c\u1ea9m \u0111\u1eb7c tr\u01b0ng","og_url":"https:\/\/maison-chance.org\/shop\/san-pham\/thu-nhoi-bong-hinh-con-than-lan-vai-tho-cam","og_site_name":"Nh\u00e0 May M\u1eafn - Maison Chance","article_publisher":"https:\/\/www.facebook.com\/dnxh.nhamayman\/","article_modified_time":"2025-02-25T03:01:06+00:00","og_image":[{"width":600,"height":600,"url":"https:\/\/maison-chance.org\/shop\/wp-content\/uploads\/2024\/03\/thu-nhoi-bong-hinh-con-than-lan-vai-tho-cam-1.jpg","type":"image\/jpeg"}],"twitter_card":"summary_large_image","twitter_misc":{"Availability":"In stock"},"schema":{"@context":"https:\/\/schema.org","@graph":[{"@type":"WebPage","@id":"https:\/\/maison-chance.org\/shop\/san-pham\/thu-nhoi-bong-hinh-con-than-lan-vai-tho-cam","url":"https:\/\/maison-chance.org\/shop\/san-pham\/thu-nhoi-bong-hinh-con-than-lan-vai-tho-cam","name":"Con th\u1eb1n l\u1eb1n - th\u00fa nh\u1ed3i b\u00f4ng v\u1ea3i th\u1ed5 c\u1ea9m - Nh\u00e0 May M\u1eafn - Maison Chance","isPartOf":{"@id":"https:\/\/maison-chance.org\/shop\/#website"},"primaryImageOfPage":{"@id":"https:\/\/maison-chance.org\/shop\/san-pham\/thu-nhoi-bong-hinh-con-than-lan-vai-tho-cam#primaryimage"},"image":{"@id":"https:\/\/maison-chance.org\/shop\/san-pham\/thu-nhoi-bong-hinh-con-than-lan-vai-tho-cam#primaryimage"},"thumbnailUrl":"https:\/\/maison-chance.org\/shop\/wp-content\/uploads\/2024\/03\/thu-nhoi-bong-hinh-con-than-lan-vai-tho-cam-1.jpg","datePublished":"2024-10-16T00:05:32+00:00","dateModified":"2025-02-25T03:01:06+00:00","description":"Th\u00fa nh\u1ed3i b\u00f4ng h\u00ecnh con th\u1eb1n l\u1eb1n v\u1ea3i th\u1ed5 c\u1ea9m l\u00e0 s\u1ef1 k\u1ebft h\u1ee3p ho\u00e0n h\u1ea3o gi\u1eefa ngh\u1ec7 thu\u1eadt truy\u1ec1n th\u1ed1ng v\u00e0 k\u1ef9 thu\u1eadt may hi\u1ec7n \u0111\u1ea1i. \u0110\u01b0\u1ee3c l\u00e0m t\u1eeb ch\u1ea5t li\u1ec7u v\u1ea3i th\u1ed5 c\u1ea9m \u0111\u1eb7c tr\u01b0ng","breadcrumb":{"@id":"https:\/\/maison-chance.org\/shop\/san-pham\/thu-nhoi-bong-hinh-con-than-lan-vai-tho-cam#breadcrumb"},"inLanguage":"vi-VN","potentialAction":[{"@type":"ReadAction","target":["https:\/\/maison-chance.org\/shop\/san-pham\/thu-nhoi-bong-hinh-con-than-lan-vai-tho-cam"]}]},{"@type":"ImageObject","inLanguage":"vi-VN","@id":"https:\/\/maison-chance.org\/shop\/san-pham\/thu-nhoi-bong-hinh-con-than-lan-vai-tho-cam#primaryimage","url":"https:\/\/maison-chance.org\/shop\/wp-content\/uploads\/2024\/03\/thu-nhoi-bong-hinh-con-than-lan-vai-tho-cam-1.jpg","contentUrl":"https:\/\/maison-chance.org\/shop\/wp-content\/uploads\/2024\/03\/thu-nhoi-bong-hinh-con-than-lan-vai-tho-cam-1.jpg","width":600,"height":600,"caption":"Th\u00fa nh\u1ed3i b\u00f4ng h\u00ecnh con Th\u1eb1n L\u1eb1n v\u1ea3i th\u1ed5 c\u1ea9m"},{"@type":"BreadcrumbList","@id":"https:\/\/maison-chance.org\/shop\/san-pham\/thu-nhoi-bong-hinh-con-than-lan-vai-tho-cam#breadcrumb","itemListElement":[{"@type":"ListItem","position":1,"name":"Trang ch\u1ee7","item":"https:\/\/maison-chance.org\/shop\/"},{"@type":"ListItem","position":2,"name":"Shop","item":"https:\/\/maison-chance.org\/shop\/shop"},{"@type":"ListItem","position":3,"name":"Con th\u1eb1n l\u1eb1n"}]},{"@type":"WebSite","@id":"https:\/\/maison-chance.org\/shop\/#website","url":"https:\/\/maison-chance.org\/shop\/","name":"Nh\u00e0 May M\u1eafn - Maison Chance","description":"M\u1ecdi l\u1ee3i nhu\u1eadn thu v\u1ec1 t\u1eeb vi\u1ec7c b\u00e1n h\u00e0ng s\u1ebd tr\u00edch m\u1ed9t ph\u1ea7n \u0111\u1ec3 ch\u0103m lo cho \u0111\u1eddi s\u1ed1ng c\u00e1c b\u1ea1n khuy\u1ebft t\u1eadt v\u00e0 tr\u1ebb m\u1ed3 c\u00f4i \u1edf \u0111\u00e2y","publisher":{"@id":"https:\/\/maison-chance.org\/shop\/#organization"},"potentialAction":[{"@type":"SearchAction","target":{"@type":"EntryPoint","urlTemplate":"https:\/\/maison-chance.org\/shop\/?s={search_term_string}"},"query-input":{"@type":"PropertyValueSpecification","valueRequired":true,"valueName":"search_term_string"}}],"inLanguage":"vi-VN"},{"@type":"Organization","@id":"https:\/\/maison-chance.org\/shop\/#organization","name":"Nh\u00e0 May M\u1eafn - Maison Chance","url":"https:\/\/maison-chance.org\/shop\/","logo":{"@type":"ImageObject","inLanguage":"vi-VN","@id":"https:\/\/maison-chance.org\/shop\/#\/schema\/logo\/image\/","url":"https:\/\/maison-chance.org\/shop\/wp-content\/uploads\/2024\/03\/cropped-Logo_DNXH.png","contentUrl":"https:\/\/maison-chance.org\/shop\/wp-content\/uploads\/2024\/03\/cropped-Logo_DNXH.png","width":512,"height":512,"caption":"Nh\u00e0 May M\u1eafn - Maison Chance"},"image":{"@id":"https:\/\/maison-chance.org\/shop\/#\/schema\/logo\/image\/"},"sameAs":["https:\/\/www.facebook.com\/dnxh.nhamayman\/"]}]},"og_availability":"instock","product_availability":"instock","product_condition":"new"},"_links":{"self":[{"href":"https:\/\/maison-chance.org\/shop\/wp-json\/wp\/v2\/product\/36569","targetHints":{"allow":["GET"]}}],"collection":[{"href":"https:\/\/maison-chance.org\/shop\/wp-json\/wp\/v2\/product"}],"about":[{"href":"https:\/\/maison-chance.org\/shop\/wp-json\/wp\/v2\/types\/product"}],"wp:featuredmedia":[{"embeddable":true,"href":"https:\/\/maison-chance.org\/shop\/wp-json\/wp\/v2\/media\/36570"}],"wp:attachment":[{"href":"https:\/\/maison-chance.org\/shop\/wp-json\/wp\/v2\/media?parent=36569"}],"wp:term":[{"taxonomy":"product_brand","embeddable":true,"href":"https:\/\/maison-chance.org\/shop\/wp-json\/wp\/v2\/product_brand?post=36569"},{"taxonomy":"product_cat","embeddable":true,"href":"https:\/\/maison-chance.org\/shop\/wp-json\/wp\/v2\/product_cat?post=36569"},{"taxonomy":"product_tag","embeddable":true,"href":"https:\/\/maison-chance.org\/shop\/wp-json\/wp\/v2\/product_tag?post=36569"}],"curies":[{"name":"wp","href":"https:\/\/api.w.org\/{rel}","templated":true}]}}