{"id":36585,"date":"2024-10-21T07:00:35","date_gmt":"2024-10-21T00:00:35","guid":{"rendered":"https:\/\/maison-chance.org\/shop\/?post_type=product&#038;p=36585"},"modified":"2025-02-25T12:46:47","modified_gmt":"2025-02-25T05:46:47","slug":"thu-nhoi-bong-hinh-con-ca-vai-tho-cam","status":"publish","type":"product","link":"https:\/\/maison-chance.org\/shop\/san-pham\/thu-nhoi-bong-hinh-con-ca-vai-tho-cam","title":{"rendered":"Con c\u00e1"},"content":{"rendered":"<p style=\"text-align: justify\">N\u1ebfu b\u1ea1n ngh\u0129 c\u00e1 ch\u1ec9 h\u1ee3p s\u1ed1ng d\u01b0\u1edbi n\u01b0\u1edbc, th\u00ec h\u00e3y chu\u1ea9n b\u1ecb &#8220;wow&#8221; v\u1edbi con c\u00e1 nh\u1ed3i b\u00f4ng th\u1ed5 c\u1ea9m c\u1ee7a Nh\u00e0 May M\u1eafn nh\u00e9! Kh\u00f4ng c\u1ea7n b\u1ec3, kh\u00f4ng c\u1ea7n n\u01b0\u1edbc, em c\u00e1 n\u00e0y ch\u1ec9 c\u1ea7n m\u1ed9t g\u00f3c nh\u1ecf trong ng\u00f4i nh\u00e0 c\u1ee7a b\u1ea1n \u0111\u1ec3 &#8220;b\u01a1i l\u1ed9i&#8221; v\u00e0 lan t\u1ecfa s\u1ef1 d\u1ec5 th\u01b0\u01a1ng!<\/p>\n<p style=\"text-align: justify\"><a href=\"https:\/\/maison-chance.org\/shop\/san-pham\/thu-nhoi-bong-hinh-con-ca-vai-tho-cam\">C\u00e1 nh\u1ed3i b\u00f4ng v\u1ea3i th\u1ed5 c\u1ea9m<\/a> kh\u00f4ng ch\u1ec9 \u0111\u01a1n thu\u1ea7n l\u00e0 m\u00f3n \u0111\u1ed3 ch\u01a1i hay qu\u00e0 t\u1eb7ng, m\u00e0 c\u00f2n l\u00e0 s\u1ea3n ph\u1ea9m trang tr\u00ed \u0111\u1ed9c \u0111\u00e1o cho kh\u00f4ng gian s\u1ed1ng c\u1ee7a b\u1ea1n. V\u1edbi nhi\u1ec1u k\u00edch th\u01b0\u1edbc kh\u00e1c nhau (12 x 21 cm, 19 x 31 cm, 25 x 50 cm), b\u1ea1n c\u00f3 th\u1ec3 d\u1ec5 d\u00e0ng l\u1ef1a ch\u1ecdn \u0111\u1ec3 ph\u00f9 h\u1ee3p v\u1edbi t\u1eebng kh\u00f4ng gian trong ng\u00f4i nh\u00e0.<\/p>\n<ul>\n<li data-start=\"413\" data-end=\"473\">Th\u00e2n c\u00e1 m\u1ec1m m\u1ea1i, tr\u00f2n tr\u0129nh \u2013 mu\u1ed1n \u00f4m ngay v\u00e0o l\u00f2ng!<\/li>\n<li data-start=\"474\" data-end=\"572\">V\u00e2y x\u00f2e tinh t\u1ebf, \u0111u\u00f4i cong uy\u1ec3n chuy\u1ec3n \u2013 y nh\u01b0 \u0111ang b\u01a1i tung t\u0103ng trong \u0111\u1ea1i d\u01b0\u01a1ng s\u1eafc m\u00e0u.<\/li>\n<li data-start=\"573\" data-end=\"741\">M\u00e0u s\u1eafc r\u1ef1c r\u1ee1 t\u1eeb cam, \u0111\u1ecf, xanh d\u01b0\u01a1ng \u0111\u1ebfn v\u00e0ng, h\u1ed3ng, k\u1ebft h\u1ee3p kh\u00e9o l\u00e9o c\u00f9ng h\u1ecda ti\u1ebft th\u1ed5 c\u1ea9m truy\u1ec1n th\u1ed1ng \u2013 n\u1ed5i b\u1eadt nh\u01b0ng v\u1eabn tinh t\u1ebf, b\u1eaft tr\u1ecdn m\u1ecdi \u00e1nh nh\u00ecn.<\/li>\n<\/ul>\n<p>Theo quan ni\u1ec7m d\u00e2n gian, c\u00e1 t\u01b0\u1ee3ng tr\u01b0ng cho t\u00e0i l\u1ed9c v\u00e0 may m\u1eafn. \u0110\u1eb7c bi\u1ec7t, nh\u1eefng ch\u00fa c\u00e1 n\u00e0y l\u1ea1i c\u00e0ng \u00fd ngh\u0129a h\u01a1n khi \u0111\u01b0\u1ee3c l\u00e0m t\u1eeb \u0111\u00f4i tay t\u00e0i hoa c\u1ee7a c\u00e1c th\u1ee3 may khuy\u1ebft t\u1eadt t\u1ea1i Nh\u00e0 May M\u1eafn. M\u1ed7i ch\u00fa c\u00e1 l\u00e0 m\u1ed9t c\u00e2u chuy\u1ec7n c\u1ee7a ngh\u1ecb l\u1ef1c v\u00e0 hy v\u1ecdng, mang theo t\u00ecnh y\u00eau v\u00e0 ni\u1ec1m tin v\u00e0o cu\u1ed9c s\u1ed1ng<\/p>\n<p><strong data-start=\"1525\" data-end=\"1565\">Mang C\u00e1 V\u1ec1 Nh\u00e0 \u2013 Mang C\u1ea3 Y\u00eau Th\u01b0\u01a1ng!<\/strong><br data-start=\"1565\" data-end=\"1568\" \/>H\u00e3y \u0111\u1ec3 ch\u00fa c\u00e1 \u0111\u00e1ng y\u00eau n\u00e0y\u00a0&#8220;b\u01a1i&#8221; v\u00e0o kh\u00f4ng gian c\u1ee7a b\u1ea1n, mang theo nh\u1eefng n\u0103ng l\u01b0\u1ee3ng t\u00edch c\u1ef1c v\u00e0 tinh th\u1ea7n s\u1ebb chia. M\u1ed7i s\u1ea3n ph\u1ea9m b\u1ea1n s\u1edf h\u1eefu kh\u00f4ng ch\u1ec9 l\u00e0m \u0111\u1eb9p ng\u00f4i nh\u00e0 m\u00e0 c\u00f2n l\u00e0 c\u00e1ch b\u1ea1n lan t\u1ecfa y\u00eau th\u01b0\u01a1ng \u0111\u1ebfn c\u1ed9ng \u0111\u1ed3ng khuy\u1ebft t\u1eadt t\u1ea1i Nh\u00e0 May M\u1eafn.<\/p>\n<p><em>C\u00e1 th\u1eadt th\u00ec b\u01a1i d\u01b0\u1edbi n\u01b0\u1edbc, c\u00f2n c\u00e1 th\u1ed5 c\u1ea9m th\u00ec \u201cb\u01a1i\u201d v\u00e0o tim v\u00e0 \u201cb\u01a1i\u201d th\u1eb3ng v\u1ec1 nh\u00e0 b\u1ea1n!<\/em><\/p>\n","protected":false},"excerpt":{"rendered":"<p style=\"text-align: justify\">S\u1ea3n ph\u1ea9m do c\u00e1c b\u1ea1n khuy\u1ebft t\u1eadt k\u00e9m may m\u1eafn s\u1ea3n xu\u1ea5t th\u1ee7 c\u00f4ng k\u00ednh mong nh\u1eadn \u0111\u01b0\u1ee3c s\u1ef1 \u1ee7ng h\u1ed9 c\u1ee7a Qu\u00fd kh\u00e1ch h\u00e0ng.<\/p>\n<p>Ch\u1ea5t li\u1ec7u: V\u1ea3i th\u1ed5 c\u1ea9m<\/p>\n<p>Code: TC20TB<\/p>\n<p>Hotline : <span style=\"font-size: 20px\"><strong><span style=\"color: #ff0000\">0909 06 25 28<\/span><\/strong><\/span><\/p>\n<p style=\"text-align: justify\">N\u1ebfu b\u1ea1n \u1edf Vi\u1ec7t Nam vui l\u00f2ng li\u00ean h\u1ec7 ch\u00fang t\u00f4i theo s\u1ed1 hotline ho\u1eb7c fanpage doanh nghi\u1ec7p Nh\u00e0 May M\u1eafn ch\u00fang t\u00f4i \u0111\u1ec3 bi\u1ebft gi\u00e1 b\u00e1n t\u1ea1i Vi\u1ec7t Nam.<\/p>\n","protected":false},"featured_media":36586,"template":"","meta":[],"product_brand":[],"product_cat":[137,138],"product_tag":[],"class_list":{"0":"post-36585","1":"product","2":"type-product","3":"status-publish","4":"has-post-thumbnail","6":"product_cat-phong-may","7":"product_cat-thu-nhoi-bong","9":"first","10":"instock","11":"shipping-taxable","12":"purchasable","13":"product-type-variable"},"yoast_head":"<!-- This site is optimized with the Yoast SEO Premium plugin v22.7 (Yoast SEO v25.3.1) - https:\/\/yoast.com\/wordpress\/plugins\/seo\/ -->\n<title>Con c\u00e1 - th\u00fa nh\u1ed3i b\u00f4ng v\u1ea3i th\u1ed5 c\u1ea9m - Nh\u00e0 May M\u1eafn - Maison Chance<\/title>\n<meta name=\"description\" content=\"Th\u00fa nh\u1ed3i b\u00f4ng h\u00ecnh con c\u00e1 v\u1ea3i th\u1ed5 c\u1ea9m kh\u00f4ng ch\u1ec9 \u0111\u01a1n thu\u1ea7n l\u00e0 m\u00f3n \u0111\u1ed3 ch\u01a1i hay qu\u00e0 t\u1eb7ng, m\u00e0 c\u00f2n l\u00e0 s\u1ea3n ph\u1ea9m trang tr\u00ed \u0111\u1ed9c \u0111\u00e1o cho kh\u00f4ng gian s\u1ed1ng c\u1ee7a b\u1ea1n.\" \/>\n<meta name=\"robots\" content=\"index, follow, max-snippet:-1, max-image-preview:large, max-video-preview:-1\" \/>\n<link rel=\"canonical\" href=\"https:\/\/maison-chance.org\/shop\/san-pham\/thu-nhoi-bong-hinh-con-ca-vai-tho-cam\" \/>\n<meta property=\"og:locale\" content=\"vi_VN\" \/>\n<meta property=\"og:type\" content=\"article\" \/>\n<meta property=\"og:title\" content=\"Con c\u00e1\" \/>\n<meta property=\"og:description\" content=\"Th\u00fa nh\u1ed3i b\u00f4ng h\u00ecnh con c\u00e1 v\u1ea3i th\u1ed5 c\u1ea9m kh\u00f4ng ch\u1ec9 \u0111\u01a1n thu\u1ea7n l\u00e0 m\u00f3n \u0111\u1ed3 ch\u01a1i hay qu\u00e0 t\u1eb7ng, m\u00e0 c\u00f2n l\u00e0 s\u1ea3n ph\u1ea9m trang tr\u00ed \u0111\u1ed9c \u0111\u00e1o cho kh\u00f4ng gian s\u1ed1ng c\u1ee7a b\u1ea1n.\" \/>\n<meta property=\"og:url\" content=\"https:\/\/maison-chance.org\/shop\/san-pham\/thu-nhoi-bong-hinh-con-ca-vai-tho-cam\" \/>\n<meta property=\"og:site_name\" content=\"Nh\u00e0 May M\u1eafn - Maison Chance\" \/>\n<meta property=\"article:publisher\" content=\"https:\/\/www.facebook.com\/dnxh.nhamayman\/\" \/>\n<meta property=\"article:modified_time\" content=\"2025-02-25T05:46:47+00:00\" \/>\n<meta property=\"og:image\" content=\"https:\/\/maison-chance.org\/shop\/wp-content\/uploads\/2024\/03\/thu-nhoi-bong-hinh-con-ca-vai-tho-cam-1.jpg\" \/>\n\t<meta property=\"og:image:width\" content=\"600\" \/>\n\t<meta property=\"og:image:height\" content=\"600\" \/>\n\t<meta property=\"og:image:type\" content=\"image\/jpeg\" \/>\n<meta name=\"twitter:card\" content=\"summary_large_image\" \/>\n<meta name=\"twitter:label1\" content=\"Availability\" \/>\n\t<meta name=\"twitter:data1\" content=\"In stock\" \/>\n<script type=\"application\/ld+json\" class=\"yoast-schema-graph\">{\"@context\":\"https:\/\/schema.org\",\"@graph\":[{\"@type\":\"WebPage\",\"@id\":\"https:\/\/maison-chance.org\/shop\/san-pham\/thu-nhoi-bong-hinh-con-ca-vai-tho-cam\",\"url\":\"https:\/\/maison-chance.org\/shop\/san-pham\/thu-nhoi-bong-hinh-con-ca-vai-tho-cam\",\"name\":\"Con c\u00e1 - th\u00fa nh\u1ed3i b\u00f4ng v\u1ea3i th\u1ed5 c\u1ea9m - Nh\u00e0 May M\u1eafn - Maison Chance\",\"isPartOf\":{\"@id\":\"https:\/\/maison-chance.org\/shop\/#website\"},\"primaryImageOfPage\":{\"@id\":\"https:\/\/maison-chance.org\/shop\/san-pham\/thu-nhoi-bong-hinh-con-ca-vai-tho-cam#primaryimage\"},\"image\":{\"@id\":\"https:\/\/maison-chance.org\/shop\/san-pham\/thu-nhoi-bong-hinh-con-ca-vai-tho-cam#primaryimage\"},\"thumbnailUrl\":\"https:\/\/maison-chance.org\/shop\/wp-content\/uploads\/2024\/03\/thu-nhoi-bong-hinh-con-ca-vai-tho-cam-1.jpg\",\"datePublished\":\"2024-10-21T00:00:35+00:00\",\"dateModified\":\"2025-02-25T05:46:47+00:00\",\"description\":\"Th\u00fa nh\u1ed3i b\u00f4ng h\u00ecnh con c\u00e1 v\u1ea3i th\u1ed5 c\u1ea9m kh\u00f4ng ch\u1ec9 \u0111\u01a1n thu\u1ea7n l\u00e0 m\u00f3n \u0111\u1ed3 ch\u01a1i hay qu\u00e0 t\u1eb7ng, m\u00e0 c\u00f2n l\u00e0 s\u1ea3n ph\u1ea9m trang tr\u00ed \u0111\u1ed9c \u0111\u00e1o cho kh\u00f4ng gian s\u1ed1ng c\u1ee7a b\u1ea1n.\",\"breadcrumb\":{\"@id\":\"https:\/\/maison-chance.org\/shop\/san-pham\/thu-nhoi-bong-hinh-con-ca-vai-tho-cam#breadcrumb\"},\"inLanguage\":\"vi-VN\",\"potentialAction\":[{\"@type\":\"ReadAction\",\"target\":[\"https:\/\/maison-chance.org\/shop\/san-pham\/thu-nhoi-bong-hinh-con-ca-vai-tho-cam\"]}]},{\"@type\":\"ImageObject\",\"inLanguage\":\"vi-VN\",\"@id\":\"https:\/\/maison-chance.org\/shop\/san-pham\/thu-nhoi-bong-hinh-con-ca-vai-tho-cam#primaryimage\",\"url\":\"https:\/\/maison-chance.org\/shop\/wp-content\/uploads\/2024\/03\/thu-nhoi-bong-hinh-con-ca-vai-tho-cam-1.jpg\",\"contentUrl\":\"https:\/\/maison-chance.org\/shop\/wp-content\/uploads\/2024\/03\/thu-nhoi-bong-hinh-con-ca-vai-tho-cam-1.jpg\",\"width\":600,\"height\":600,\"caption\":\"Th\u00fa nh\u1ed3i b\u00f4ng h\u00ecnh con C\u00e1 v\u1ea3i th\u1ed5 c\u1ea9m\"},{\"@type\":\"BreadcrumbList\",\"@id\":\"https:\/\/maison-chance.org\/shop\/san-pham\/thu-nhoi-bong-hinh-con-ca-vai-tho-cam#breadcrumb\",\"itemListElement\":[{\"@type\":\"ListItem\",\"position\":1,\"name\":\"Trang ch\u1ee7\",\"item\":\"https:\/\/maison-chance.org\/shop\/\"},{\"@type\":\"ListItem\",\"position\":2,\"name\":\"Shop\",\"item\":\"https:\/\/maison-chance.org\/shop\/shop\"},{\"@type\":\"ListItem\",\"position\":3,\"name\":\"Con c\u00e1\"}]},{\"@type\":\"WebSite\",\"@id\":\"https:\/\/maison-chance.org\/shop\/#website\",\"url\":\"https:\/\/maison-chance.org\/shop\/\",\"name\":\"Nh\u00e0 May M\u1eafn - Maison Chance\",\"description\":\"M\u1ecdi l\u1ee3i nhu\u1eadn thu v\u1ec1 t\u1eeb vi\u1ec7c b\u00e1n h\u00e0ng s\u1ebd tr\u00edch m\u1ed9t ph\u1ea7n \u0111\u1ec3 ch\u0103m lo cho \u0111\u1eddi s\u1ed1ng c\u00e1c b\u1ea1n khuy\u1ebft t\u1eadt v\u00e0 tr\u1ebb m\u1ed3 c\u00f4i \u1edf \u0111\u00e2y\",\"publisher\":{\"@id\":\"https:\/\/maison-chance.org\/shop\/#organization\"},\"potentialAction\":[{\"@type\":\"SearchAction\",\"target\":{\"@type\":\"EntryPoint\",\"urlTemplate\":\"https:\/\/maison-chance.org\/shop\/?s={search_term_string}\"},\"query-input\":{\"@type\":\"PropertyValueSpecification\",\"valueRequired\":true,\"valueName\":\"search_term_string\"}}],\"inLanguage\":\"vi-VN\"},{\"@type\":\"Organization\",\"@id\":\"https:\/\/maison-chance.org\/shop\/#organization\",\"name\":\"Nh\u00e0 May M\u1eafn - Maison Chance\",\"url\":\"https:\/\/maison-chance.org\/shop\/\",\"logo\":{\"@type\":\"ImageObject\",\"inLanguage\":\"vi-VN\",\"@id\":\"https:\/\/maison-chance.org\/shop\/#\/schema\/logo\/image\/\",\"url\":\"https:\/\/maison-chance.org\/shop\/wp-content\/uploads\/2024\/03\/cropped-Logo_DNXH.png\",\"contentUrl\":\"https:\/\/maison-chance.org\/shop\/wp-content\/uploads\/2024\/03\/cropped-Logo_DNXH.png\",\"width\":512,\"height\":512,\"caption\":\"Nh\u00e0 May M\u1eafn - Maison Chance\"},\"image\":{\"@id\":\"https:\/\/maison-chance.org\/shop\/#\/schema\/logo\/image\/\"},\"sameAs\":[\"https:\/\/www.facebook.com\/dnxh.nhamayman\/\"]}]}<\/script>\n<meta property=\"og:availability\" content=\"instock\" \/>\n<meta property=\"product:availability\" content=\"instock\" \/>\n<meta property=\"product:condition\" content=\"new\" \/>\n<!-- \/ Yoast SEO Premium plugin. -->","yoast_head_json":{"title":"Con c\u00e1 - th\u00fa nh\u1ed3i b\u00f4ng v\u1ea3i th\u1ed5 c\u1ea9m - Nh\u00e0 May M\u1eafn - Maison Chance","description":"Th\u00fa nh\u1ed3i b\u00f4ng h\u00ecnh con c\u00e1 v\u1ea3i th\u1ed5 c\u1ea9m kh\u00f4ng ch\u1ec9 \u0111\u01a1n thu\u1ea7n l\u00e0 m\u00f3n \u0111\u1ed3 ch\u01a1i hay qu\u00e0 t\u1eb7ng, m\u00e0 c\u00f2n l\u00e0 s\u1ea3n ph\u1ea9m trang tr\u00ed \u0111\u1ed9c \u0111\u00e1o cho kh\u00f4ng gian s\u1ed1ng c\u1ee7a b\u1ea1n.","robots":{"index":"index","follow":"follow","max-snippet":"max-snippet:-1","max-image-preview":"max-image-preview:large","max-video-preview":"max-video-preview:-1"},"canonical":"https:\/\/maison-chance.org\/shop\/san-pham\/thu-nhoi-bong-hinh-con-ca-vai-tho-cam","og_locale":"vi_VN","og_type":"article","og_title":"Con c\u00e1","og_description":"Th\u00fa nh\u1ed3i b\u00f4ng h\u00ecnh con c\u00e1 v\u1ea3i th\u1ed5 c\u1ea9m kh\u00f4ng ch\u1ec9 \u0111\u01a1n thu\u1ea7n l\u00e0 m\u00f3n \u0111\u1ed3 ch\u01a1i hay qu\u00e0 t\u1eb7ng, m\u00e0 c\u00f2n l\u00e0 s\u1ea3n ph\u1ea9m trang tr\u00ed \u0111\u1ed9c \u0111\u00e1o cho kh\u00f4ng gian s\u1ed1ng c\u1ee7a b\u1ea1n.","og_url":"https:\/\/maison-chance.org\/shop\/san-pham\/thu-nhoi-bong-hinh-con-ca-vai-tho-cam","og_site_name":"Nh\u00e0 May M\u1eafn - Maison Chance","article_publisher":"https:\/\/www.facebook.com\/dnxh.nhamayman\/","article_modified_time":"2025-02-25T05:46:47+00:00","og_image":[{"width":600,"height":600,"url":"https:\/\/maison-chance.org\/shop\/wp-content\/uploads\/2024\/03\/thu-nhoi-bong-hinh-con-ca-vai-tho-cam-1.jpg","type":"image\/jpeg"}],"twitter_card":"summary_large_image","twitter_misc":{"Availability":"In stock"},"schema":{"@context":"https:\/\/schema.org","@graph":[{"@type":"WebPage","@id":"https:\/\/maison-chance.org\/shop\/san-pham\/thu-nhoi-bong-hinh-con-ca-vai-tho-cam","url":"https:\/\/maison-chance.org\/shop\/san-pham\/thu-nhoi-bong-hinh-con-ca-vai-tho-cam","name":"Con c\u00e1 - th\u00fa nh\u1ed3i b\u00f4ng v\u1ea3i th\u1ed5 c\u1ea9m - Nh\u00e0 May M\u1eafn - Maison Chance","isPartOf":{"@id":"https:\/\/maison-chance.org\/shop\/#website"},"primaryImageOfPage":{"@id":"https:\/\/maison-chance.org\/shop\/san-pham\/thu-nhoi-bong-hinh-con-ca-vai-tho-cam#primaryimage"},"image":{"@id":"https:\/\/maison-chance.org\/shop\/san-pham\/thu-nhoi-bong-hinh-con-ca-vai-tho-cam#primaryimage"},"thumbnailUrl":"https:\/\/maison-chance.org\/shop\/wp-content\/uploads\/2024\/03\/thu-nhoi-bong-hinh-con-ca-vai-tho-cam-1.jpg","datePublished":"2024-10-21T00:00:35+00:00","dateModified":"2025-02-25T05:46:47+00:00","description":"Th\u00fa nh\u1ed3i b\u00f4ng h\u00ecnh con c\u00e1 v\u1ea3i th\u1ed5 c\u1ea9m kh\u00f4ng ch\u1ec9 \u0111\u01a1n thu\u1ea7n l\u00e0 m\u00f3n \u0111\u1ed3 ch\u01a1i hay qu\u00e0 t\u1eb7ng, m\u00e0 c\u00f2n l\u00e0 s\u1ea3n ph\u1ea9m trang tr\u00ed \u0111\u1ed9c \u0111\u00e1o cho kh\u00f4ng gian s\u1ed1ng c\u1ee7a b\u1ea1n.","breadcrumb":{"@id":"https:\/\/maison-chance.org\/shop\/san-pham\/thu-nhoi-bong-hinh-con-ca-vai-tho-cam#breadcrumb"},"inLanguage":"vi-VN","potentialAction":[{"@type":"ReadAction","target":["https:\/\/maison-chance.org\/shop\/san-pham\/thu-nhoi-bong-hinh-con-ca-vai-tho-cam"]}]},{"@type":"ImageObject","inLanguage":"vi-VN","@id":"https:\/\/maison-chance.org\/shop\/san-pham\/thu-nhoi-bong-hinh-con-ca-vai-tho-cam#primaryimage","url":"https:\/\/maison-chance.org\/shop\/wp-content\/uploads\/2024\/03\/thu-nhoi-bong-hinh-con-ca-vai-tho-cam-1.jpg","contentUrl":"https:\/\/maison-chance.org\/shop\/wp-content\/uploads\/2024\/03\/thu-nhoi-bong-hinh-con-ca-vai-tho-cam-1.jpg","width":600,"height":600,"caption":"Th\u00fa nh\u1ed3i b\u00f4ng h\u00ecnh con C\u00e1 v\u1ea3i th\u1ed5 c\u1ea9m"},{"@type":"BreadcrumbList","@id":"https:\/\/maison-chance.org\/shop\/san-pham\/thu-nhoi-bong-hinh-con-ca-vai-tho-cam#breadcrumb","itemListElement":[{"@type":"ListItem","position":1,"name":"Trang ch\u1ee7","item":"https:\/\/maison-chance.org\/shop\/"},{"@type":"ListItem","position":2,"name":"Shop","item":"https:\/\/maison-chance.org\/shop\/shop"},{"@type":"ListItem","position":3,"name":"Con c\u00e1"}]},{"@type":"WebSite","@id":"https:\/\/maison-chance.org\/shop\/#website","url":"https:\/\/maison-chance.org\/shop\/","name":"Nh\u00e0 May M\u1eafn - Maison Chance","description":"M\u1ecdi l\u1ee3i nhu\u1eadn thu v\u1ec1 t\u1eeb vi\u1ec7c b\u00e1n h\u00e0ng s\u1ebd tr\u00edch m\u1ed9t ph\u1ea7n \u0111\u1ec3 ch\u0103m lo cho \u0111\u1eddi s\u1ed1ng c\u00e1c b\u1ea1n khuy\u1ebft t\u1eadt v\u00e0 tr\u1ebb m\u1ed3 c\u00f4i \u1edf \u0111\u00e2y","publisher":{"@id":"https:\/\/maison-chance.org\/shop\/#organization"},"potentialAction":[{"@type":"SearchAction","target":{"@type":"EntryPoint","urlTemplate":"https:\/\/maison-chance.org\/shop\/?s={search_term_string}"},"query-input":{"@type":"PropertyValueSpecification","valueRequired":true,"valueName":"search_term_string"}}],"inLanguage":"vi-VN"},{"@type":"Organization","@id":"https:\/\/maison-chance.org\/shop\/#organization","name":"Nh\u00e0 May M\u1eafn - Maison Chance","url":"https:\/\/maison-chance.org\/shop\/","logo":{"@type":"ImageObject","inLanguage":"vi-VN","@id":"https:\/\/maison-chance.org\/shop\/#\/schema\/logo\/image\/","url":"https:\/\/maison-chance.org\/shop\/wp-content\/uploads\/2024\/03\/cropped-Logo_DNXH.png","contentUrl":"https:\/\/maison-chance.org\/shop\/wp-content\/uploads\/2024\/03\/cropped-Logo_DNXH.png","width":512,"height":512,"caption":"Nh\u00e0 May M\u1eafn - Maison Chance"},"image":{"@id":"https:\/\/maison-chance.org\/shop\/#\/schema\/logo\/image\/"},"sameAs":["https:\/\/www.facebook.com\/dnxh.nhamayman\/"]}]},"og_availability":"instock","product_availability":"instock","product_condition":"new"},"_links":{"self":[{"href":"https:\/\/maison-chance.org\/shop\/wp-json\/wp\/v2\/product\/36585","targetHints":{"allow":["GET"]}}],"collection":[{"href":"https:\/\/maison-chance.org\/shop\/wp-json\/wp\/v2\/product"}],"about":[{"href":"https:\/\/maison-chance.org\/shop\/wp-json\/wp\/v2\/types\/product"}],"wp:featuredmedia":[{"embeddable":true,"href":"https:\/\/maison-chance.org\/shop\/wp-json\/wp\/v2\/media\/36586"}],"wp:attachment":[{"href":"https:\/\/maison-chance.org\/shop\/wp-json\/wp\/v2\/media?parent=36585"}],"wp:term":[{"taxonomy":"product_brand","embeddable":true,"href":"https:\/\/maison-chance.org\/shop\/wp-json\/wp\/v2\/product_brand?post=36585"},{"taxonomy":"product_cat","embeddable":true,"href":"https:\/\/maison-chance.org\/shop\/wp-json\/wp\/v2\/product_cat?post=36585"},{"taxonomy":"product_tag","embeddable":true,"href":"https:\/\/maison-chance.org\/shop\/wp-json\/wp\/v2\/product_tag?post=36585"}],"curies":[{"name":"wp","href":"https:\/\/api.w.org\/{rel}","templated":true}]}}