{"id":36740,"date":"2024-10-23T07:20:01","date_gmt":"2024-10-23T00:20:01","guid":{"rendered":"https:\/\/maison-chance.org\/shop\/?post_type=product&#038;p=36740"},"modified":"2025-03-11T10:15:26","modified_gmt":"2025-03-11T03:15:26","slug":"thu-nhoi-bong-hinh-con-heo-vai-tho-cam","status":"publish","type":"product","link":"https:\/\/maison-chance.org\/shop\/san-pham\/thu-nhoi-bong-hinh-con-heo-vai-tho-cam","title":{"rendered":"Con heo"},"content":{"rendered":"<p style=\"text-align: justify\">B\u1ea1n c\u00f3 bi\u1ebft kh\u00f4ng? Heo t\u1eeb l\u00e2u \u0111\u00e3 l\u00e0 bi\u1ec3u t\u01b0\u1ee3ng c\u1ee7a \u1ea5m no, sung t\u00fac v\u00e0 h\u1ea1nh ph\u00fac. M\u1ed9t ch\u00fa heo nh\u1ed3i b\u00f4ng kh\u00f4ng ch\u1ec9 \u0111\u01a1n thu\u1ea7n l\u00e0 m\u1ed9t m\u00f3n \u0111\u1ed3 trang tr\u00ed hay th\u00fa nh\u1ed3i b\u00f4ng, m\u00e0 c\u00f2n mang theo nh\u1eefng th\u00f4ng \u0111i\u1ec7p s\u00e2u s\u1eafc v\u1ec1 t\u00ecnh y\u00eau th\u01b0\u01a1ng v\u00e0 s\u1ef1 b\u00ecnh an. \u0110\u01b0\u1ee3c t\u1ea1o ra b\u1edfi \u0111\u00f4i tay kh\u00e9o l\u00e9o c\u1ee7a c\u00e1c th\u1ee3 may khuy\u1ebft t\u1eadt, m\u1ed7i s\u1ea3n ph\u1ea9m l\u00e0 m\u1ed9t t\u00e1c ph\u1ea9m \u0111\u1ed9c b\u1ea3n, n\u01a1i h\u1ed9i t\u1ee5 gi\u1eefa n\u00e9t \u0111\u1eb9p truy\u1ec1n th\u1ed1ng c\u1ee7a v\u1ea3i th\u1ed5 c\u1ea9m v\u00e0 h\u01a1i th\u1edf hi\u1ec7n \u0111\u1ea1i trong thi\u1ebft k\u1ebf.<\/p>\n<p style=\"text-align: justify\">\u0110i\u1ec1u \u0111\u1eb7c bi\u1ec7t c\u1ee7a con <a href=\"https:\/\/maison-chance.org\/shop\/thu-nhoi-bong\">heo nh\u1ed3i b\u00f4ng th\u1ed5 c\u1ea9m<\/a> TC13TB kh\u00f4ng ch\u1ec9 n\u1eb1m \u1edf thi\u1ebft k\u1ebf \u0111\u00e1ng y\u00eau m\u00e0 c\u00f2n \u1edf s\u1ef1 \u0111a d\u1ea1ng k\u00edch th\u01b0\u1edbc, \u0111\u00e1p \u1ee9ng m\u1ecdi nhu c\u1ea7u s\u1eed d\u1ee5ng. Ba phi\u00ean b\u1ea3n size t\u1eeb nh\u1ecf \u0111\u1ebfn l\u1edbn mang \u0111\u1ebfn s\u1ef1 l\u1ef1a ch\u1ecdn phong ph\u00fa cho ng\u01b0\u1eddi d\u00f9ng. M\u00e0u s\u1eafc h\u00e0i h\u00f2a gi\u1eefa \u0111\u1ecf bordeaux sang tr\u1ecdng v\u00e0 xanh mint t\u01b0\u01a1i m\u00e1t, \u0111i\u1ec3m xuy\u1ebft h\u1ecda ti\u1ebft geometric tr\u1eafng tinh t\u1ebf, t\u1ea1o n\u00ean m\u1ed9t t\u1ed5ng th\u1ec3 thu h\u00fat v\u00e0 \u0111\u1ed9c \u0111\u00e1o.<\/p>\n<p><strong>M\u00f3n qu\u00e0 mang \u00fd ngh\u0129a \u0111\u1eb7c bi\u1ec7t<\/strong><\/p>\n<ul>\n<li data-start=\"792\" data-end=\"862\">T\u1eb7ng ng\u01b0\u1eddi th\u00e2n \u2013 nh\u01b0 m\u1ed9t l\u1eddi ch\u00fac v\u1ec1 b\u00ecnh an v\u00e0 sung t\u00fac.<\/li>\n<li data-start=\"863\" data-end=\"929\">T\u1eb7ng b\u1ea1n b\u00e8 \u2013 g\u1eedi g\u1eafm th\u00f4ng \u0111i\u1ec7p h\u1ea1nh ph\u00fac v\u00e0 may m\u1eafn.<\/li>\n<li data-start=\"930\" data-end=\"1024\">T\u1ef1 d\u00e0nh t\u1eb7ng ch\u00ednh m\u00ecnh \u2013 \u0111\u1ec3 lu\u00f4n nh\u1eafc nh\u1edf r\u1eb1ng cu\u1ed9c s\u1ed1ng n\u00e0y x\u1ee9ng \u0111\u00e1ng \u0111\u1ec3 y\u00eau th\u01b0\u01a1ng!<\/li>\n<\/ul>\n<p><strong data-start=\"1003\" data-end=\"1046\">G\u1eedi trao y\u00eau th\u01b0\u01a1ng qua t\u1eebng k\u00edch th\u01b0\u1edbc<\/strong><br data-start=\"1046\" data-end=\"1049\" \/><strong data-start=\"1051\" data-end=\"1061\">_8x13cm<\/strong> \u2013 Nh\u1ecf xinh, d\u1ec5 mang theo nh\u01b0 m\u1ed9t ng\u01b0\u1eddi b\u1ea1n \u0111\u1ed3ng h\u00e0nh may m\u1eafn.<br data-start=\"1123\" data-end=\"1126\" \/><strong data-start=\"1128\" data-end=\"1139\">_10x15cm<\/strong> \u2013 V\u1eeba v\u1eb7n \u0111\u1ec3 \u00f4m, nh\u1eafc nh\u1edf b\u1ea1n lu\u00f4n c\u00f3 y\u00eau th\u01b0\u01a1ng quanh m\u00ecnh.<br data-start=\"1200\" data-end=\"1203\" data-is-only-node=\"\" \/><strong data-start=\"1205\" data-end=\"1216\">_11x17cm<\/strong> \u2013 To h\u01a1n, \u1ea5n t\u01b0\u1ee3ng h\u01a1n, nh\u01b0 m\u1ed9t m\u00f3n qu\u00e0 ch\u1ee9a \u0111\u1ea7y t\u00ecnh c\u1ea3m.<\/p>\n<p style=\"text-align: justify\">M\u1ed7i \u0111\u01b0\u1eddng kim m\u0169i ch\u1ec9 tr\u00ean s\u1ea3n ph\u1ea9m \u0111\u1ec1u \u0111\u01b0\u1ee3c th\u1ef1c hi\u1ec7n t\u1ec9 m\u1ec9, th\u1ec3 hi\u1ec7n s\u1ef1 chuy\u00ean nghi\u1ec7p v\u00e0 t\u00e2m huy\u1ebft c\u1ee7a c\u00e1c <a href=\"https:\/\/maison-chance.org\/shop\/phong-may\">th\u1ee3 may khuy\u1ebft t\u1eadt<\/a> t\u1ea1i Nh\u00e0 May M\u1eafn. Ch\u1ea5t li\u1ec7u v\u1ea3i th\u1ed5 c\u1ea9m cao c\u1ea5p kh\u00f4ng ch\u1ec9 \u0111\u1ea3m b\u1ea3o \u0111\u1ed9 b\u1ec1n m\u00e0 c\u00f2n mang \u0111\u1ebfn v\u1ebb \u0111\u1eb9p \u0111\u1eb7c tr\u01b0ng c\u1ee7a v\u0103n h\u00f3a d\u00e2n t\u1ed9c, t\u1ea1o n\u00ean m\u00f3n \u0111\u1ed3 trang tr\u00ed \u0111\u1ed9c \u0111\u00e1o cho kh\u00f4ng gian hi\u1ec7n \u0111\u1ea1i.<\/p>\n<p style=\"text-align: justify\">Khi l\u1ef1a ch\u1ecdn con heo b\u00f4ng th\u1ed5 c\u1ea9m, b\u1ea1n kh\u00f4ng \u0111\u01a1n thu\u1ea7n s\u1edf h\u1eefu m\u1ed9t m\u00f3n \u0111\u1ed3 trang tr\u00ed &#8211; b\u1ea1n \u0111ang n\u1eafm gi\u1eef c\u00e2u chuy\u1ec7n v\u1ec1 ngh\u1ecb l\u1ef1c v\u00e0 kh\u00e1t v\u1ecdng v\u01b0\u01a1n l\u00ean c\u1ee7a nh\u1eefng th\u1ee3 may \u0111\u1eb7c bi\u1ec7t. M\u1ed7i s\u1ea3n ph\u1ea9m \u0111\u01b0\u1ee3c b\u00e1n ra kh\u00f4ng ch\u1ec9 mang l\u1ea1i ni\u1ec1m vui cho ng\u01b0\u1eddi s\u1eed d\u1ee5ng m\u00e0 c\u00f2n t\u1ea1o c\u01a1 h\u1ed9i vi\u1ec7c l\u00e0m, thu nh\u1eadp \u1ed5n \u0111\u1ecbnh cho c\u00e1c th\u1ee3 may khuy\u1ebft t\u1eadt, gi\u00fap h\u1ecd t\u1ef1 tin h\u00f2a nh\u1eadp c\u1ed9ng \u0111\u1ed3ng.<\/p>\n<p style=\"text-align: justify\"><strong data-start=\"1284\" data-end=\"1452\">C\u00f3 m\u1ed9t ch\u00fa heo nh\u01b0 th\u1ebf, \u0111\u1ec3 y\u00eau, \u0111\u1ec3 \u00f4m, \u0111\u1ec3 nh\u1eafc nh\u1edf r\u1eb1ng cu\u1ed9c s\u1ed1ng lu\u00f4n c\u00f3 nh\u1eefng \u0111i\u1ec1u nh\u1ecf b\u00e9 nh\u01b0ng v\u00f4 c\u00f9ng \u00fd ngh\u0129a. B\u1ea1n c\u00f3 mu\u1ed1n mang m\u1ed9t b\u00e9 heo th\u1ed5 c\u1ea9m v\u1ec1 nh\u00e0 kh\u00f4ng?<\/strong><\/p>\n","protected":false},"excerpt":{"rendered":"<p style=\"text-align: justify\">S\u1ea3n ph\u1ea9m do c\u00e1c b\u1ea1n khuy\u1ebft t\u1eadt k\u00e9m may m\u1eafn s\u1ea3n xu\u1ea5t th\u1ee7 c\u00f4ng k\u00ednh mong nh\u1eadn \u0111\u01b0\u1ee3c s\u1ef1 \u1ee7ng h\u1ed9 c\u1ee7a Qu\u00fd kh\u00e1ch h\u00e0ng.<\/p>\n<p>Ch\u1ea5t li\u1ec7u: V\u1ea3i th\u1ed5 c\u1ea9m<\/p>\n<p>Code: TC13TB<\/p>\n<p>Hotline : <span style=\"font-size: 20px\"><strong><span style=\"color: #ff0000\">0909 06 25 28<\/span><\/strong><\/span><\/p>\n<p style=\"text-align: justify\">N\u1ebfu b\u1ea1n \u1edf Vi\u1ec7t Nam vui l\u00f2ng li\u00ean h\u1ec7 ch\u00fang t\u00f4i theo s\u1ed1 hotline ho\u1eb7c fanpage doanh nghi\u1ec7p Nh\u00e0 May M\u1eafn ch\u00fang t\u00f4i \u0111\u1ec3 bi\u1ebft gi\u00e1 b\u00e1n t\u1ea1i Vi\u1ec7t Nam.<\/p>\n","protected":false},"featured_media":36748,"template":"","meta":[],"product_brand":[],"product_cat":[137,138],"product_tag":[],"class_list":{"0":"post-36740","1":"product","2":"type-product","3":"status-publish","4":"has-post-thumbnail","6":"product_cat-phong-may","7":"product_cat-thu-nhoi-bong","9":"first","10":"instock","11":"shipping-taxable","12":"purchasable","13":"product-type-variable"},"yoast_head":"<!-- This site is optimized with the Yoast SEO Premium plugin v22.7 (Yoast SEO v25.3.1) - https:\/\/yoast.com\/wordpress\/plugins\/seo\/ -->\n<title>Con heo- th\u00fa nh\u1ed3i b\u00f4ng v\u1ea3i th\u1ed5 c\u1ea9m - Nh\u00e0 May M\u1eafn - Maison Chance<\/title>\n<meta name=\"description\" content=\"Th\u00fa nh\u1ed3i b\u00f4ng h\u00ecnh con heo v\u1ea3i th\u1ed5 c\u1ea9m Nh\u00e0 May M\u1eafn n\u1ed5i b\u1eadt v\u1edbi v\u1ebb \u0111\u1eb9p tinh t\u1ebf v\u00e0 \u00fd ngh\u0129a nh\u00e2n v\u0103n s\u00e2u s\u1eafc. \u0110\u01b0\u1ee3c t\u1ea1o ra b\u1edfi \u0111\u00f4i tay kh\u00e9o l\u00e9o c\u1ee7a c\u00e1c th\u1ee3 may khuy\u1ebft t\u1eadt\" \/>\n<meta name=\"robots\" content=\"index, follow, max-snippet:-1, max-image-preview:large, max-video-preview:-1\" \/>\n<link rel=\"canonical\" href=\"https:\/\/maison-chance.org\/shop\/san-pham\/thu-nhoi-bong-hinh-con-heo-vai-tho-cam\" \/>\n<meta property=\"og:locale\" content=\"vi_VN\" \/>\n<meta property=\"og:type\" content=\"article\" \/>\n<meta property=\"og:title\" content=\"Con heo\" \/>\n<meta property=\"og:description\" content=\"Th\u00fa nh\u1ed3i b\u00f4ng h\u00ecnh con heo v\u1ea3i th\u1ed5 c\u1ea9m Nh\u00e0 May M\u1eafn n\u1ed5i b\u1eadt v\u1edbi v\u1ebb \u0111\u1eb9p tinh t\u1ebf v\u00e0 \u00fd ngh\u0129a nh\u00e2n v\u0103n s\u00e2u s\u1eafc. \u0110\u01b0\u1ee3c t\u1ea1o ra b\u1edfi \u0111\u00f4i tay kh\u00e9o l\u00e9o c\u1ee7a c\u00e1c th\u1ee3 may khuy\u1ebft t\u1eadt\" \/>\n<meta property=\"og:url\" content=\"https:\/\/maison-chance.org\/shop\/san-pham\/thu-nhoi-bong-hinh-con-heo-vai-tho-cam\" \/>\n<meta property=\"og:site_name\" content=\"Nh\u00e0 May M\u1eafn - Maison Chance\" \/>\n<meta property=\"article:publisher\" content=\"https:\/\/www.facebook.com\/dnxh.nhamayman\/\" \/>\n<meta property=\"article:modified_time\" content=\"2025-03-11T03:15:26+00:00\" \/>\n<meta property=\"og:image\" content=\"https:\/\/maison-chance.org\/shop\/wp-content\/uploads\/2024\/04\/thu-nhoi-bong-hinh-con-heo-vai-tho-cam-1.jpg\" \/>\n\t<meta property=\"og:image:width\" content=\"600\" \/>\n\t<meta property=\"og:image:height\" content=\"600\" \/>\n\t<meta property=\"og:image:type\" content=\"image\/jpeg\" \/>\n<meta name=\"twitter:card\" content=\"summary_large_image\" \/>\n<meta name=\"twitter:label1\" content=\"Availability\" \/>\n\t<meta name=\"twitter:data1\" content=\"In stock\" \/>\n<script type=\"application\/ld+json\" class=\"yoast-schema-graph\">{\"@context\":\"https:\/\/schema.org\",\"@graph\":[{\"@type\":\"WebPage\",\"@id\":\"https:\/\/maison-chance.org\/shop\/san-pham\/thu-nhoi-bong-hinh-con-heo-vai-tho-cam\",\"url\":\"https:\/\/maison-chance.org\/shop\/san-pham\/thu-nhoi-bong-hinh-con-heo-vai-tho-cam\",\"name\":\"Con heo- th\u00fa nh\u1ed3i b\u00f4ng v\u1ea3i th\u1ed5 c\u1ea9m - Nh\u00e0 May M\u1eafn - Maison Chance\",\"isPartOf\":{\"@id\":\"https:\/\/maison-chance.org\/shop\/#website\"},\"primaryImageOfPage\":{\"@id\":\"https:\/\/maison-chance.org\/shop\/san-pham\/thu-nhoi-bong-hinh-con-heo-vai-tho-cam#primaryimage\"},\"image\":{\"@id\":\"https:\/\/maison-chance.org\/shop\/san-pham\/thu-nhoi-bong-hinh-con-heo-vai-tho-cam#primaryimage\"},\"thumbnailUrl\":\"https:\/\/maison-chance.org\/shop\/wp-content\/uploads\/2024\/04\/thu-nhoi-bong-hinh-con-heo-vai-tho-cam-1.jpg\",\"datePublished\":\"2024-10-23T00:20:01+00:00\",\"dateModified\":\"2025-03-11T03:15:26+00:00\",\"description\":\"Th\u00fa nh\u1ed3i b\u00f4ng h\u00ecnh con heo v\u1ea3i th\u1ed5 c\u1ea9m Nh\u00e0 May M\u1eafn n\u1ed5i b\u1eadt v\u1edbi v\u1ebb \u0111\u1eb9p tinh t\u1ebf v\u00e0 \u00fd ngh\u0129a nh\u00e2n v\u0103n s\u00e2u s\u1eafc. \u0110\u01b0\u1ee3c t\u1ea1o ra b\u1edfi \u0111\u00f4i tay kh\u00e9o l\u00e9o c\u1ee7a c\u00e1c th\u1ee3 may khuy\u1ebft t\u1eadt\",\"breadcrumb\":{\"@id\":\"https:\/\/maison-chance.org\/shop\/san-pham\/thu-nhoi-bong-hinh-con-heo-vai-tho-cam#breadcrumb\"},\"inLanguage\":\"vi-VN\",\"potentialAction\":[{\"@type\":\"ReadAction\",\"target\":[\"https:\/\/maison-chance.org\/shop\/san-pham\/thu-nhoi-bong-hinh-con-heo-vai-tho-cam\"]}]},{\"@type\":\"ImageObject\",\"inLanguage\":\"vi-VN\",\"@id\":\"https:\/\/maison-chance.org\/shop\/san-pham\/thu-nhoi-bong-hinh-con-heo-vai-tho-cam#primaryimage\",\"url\":\"https:\/\/maison-chance.org\/shop\/wp-content\/uploads\/2024\/04\/thu-nhoi-bong-hinh-con-heo-vai-tho-cam-1.jpg\",\"contentUrl\":\"https:\/\/maison-chance.org\/shop\/wp-content\/uploads\/2024\/04\/thu-nhoi-bong-hinh-con-heo-vai-tho-cam-1.jpg\",\"width\":600,\"height\":600,\"caption\":\"Th\u00fa nh\u1ed3i b\u00f4ng h\u00ecnh con Heo v\u1ea3i th\u1ed5 c\u1ea9m\"},{\"@type\":\"BreadcrumbList\",\"@id\":\"https:\/\/maison-chance.org\/shop\/san-pham\/thu-nhoi-bong-hinh-con-heo-vai-tho-cam#breadcrumb\",\"itemListElement\":[{\"@type\":\"ListItem\",\"position\":1,\"name\":\"Trang ch\u1ee7\",\"item\":\"https:\/\/maison-chance.org\/shop\/\"},{\"@type\":\"ListItem\",\"position\":2,\"name\":\"Shop\",\"item\":\"https:\/\/maison-chance.org\/shop\/shop\"},{\"@type\":\"ListItem\",\"position\":3,\"name\":\"Con heo\"}]},{\"@type\":\"WebSite\",\"@id\":\"https:\/\/maison-chance.org\/shop\/#website\",\"url\":\"https:\/\/maison-chance.org\/shop\/\",\"name\":\"Nh\u00e0 May M\u1eafn - Maison Chance\",\"description\":\"M\u1ecdi l\u1ee3i nhu\u1eadn thu v\u1ec1 t\u1eeb vi\u1ec7c b\u00e1n h\u00e0ng s\u1ebd tr\u00edch m\u1ed9t ph\u1ea7n \u0111\u1ec3 ch\u0103m lo cho \u0111\u1eddi s\u1ed1ng c\u00e1c b\u1ea1n khuy\u1ebft t\u1eadt v\u00e0 tr\u1ebb m\u1ed3 c\u00f4i \u1edf \u0111\u00e2y\",\"publisher\":{\"@id\":\"https:\/\/maison-chance.org\/shop\/#organization\"},\"potentialAction\":[{\"@type\":\"SearchAction\",\"target\":{\"@type\":\"EntryPoint\",\"urlTemplate\":\"https:\/\/maison-chance.org\/shop\/?s={search_term_string}\"},\"query-input\":{\"@type\":\"PropertyValueSpecification\",\"valueRequired\":true,\"valueName\":\"search_term_string\"}}],\"inLanguage\":\"vi-VN\"},{\"@type\":\"Organization\",\"@id\":\"https:\/\/maison-chance.org\/shop\/#organization\",\"name\":\"Nh\u00e0 May M\u1eafn - Maison Chance\",\"url\":\"https:\/\/maison-chance.org\/shop\/\",\"logo\":{\"@type\":\"ImageObject\",\"inLanguage\":\"vi-VN\",\"@id\":\"https:\/\/maison-chance.org\/shop\/#\/schema\/logo\/image\/\",\"url\":\"https:\/\/maison-chance.org\/shop\/wp-content\/uploads\/2024\/03\/cropped-Logo_DNXH.png\",\"contentUrl\":\"https:\/\/maison-chance.org\/shop\/wp-content\/uploads\/2024\/03\/cropped-Logo_DNXH.png\",\"width\":512,\"height\":512,\"caption\":\"Nh\u00e0 May M\u1eafn - Maison Chance\"},\"image\":{\"@id\":\"https:\/\/maison-chance.org\/shop\/#\/schema\/logo\/image\/\"},\"sameAs\":[\"https:\/\/www.facebook.com\/dnxh.nhamayman\/\"]}]}<\/script>\n<meta property=\"og:availability\" content=\"instock\" \/>\n<meta property=\"product:availability\" content=\"instock\" \/>\n<meta property=\"product:condition\" content=\"new\" \/>\n<!-- \/ Yoast SEO Premium plugin. -->","yoast_head_json":{"title":"Con heo- th\u00fa nh\u1ed3i b\u00f4ng v\u1ea3i th\u1ed5 c\u1ea9m - Nh\u00e0 May M\u1eafn - Maison Chance","description":"Th\u00fa nh\u1ed3i b\u00f4ng h\u00ecnh con heo v\u1ea3i th\u1ed5 c\u1ea9m Nh\u00e0 May M\u1eafn n\u1ed5i b\u1eadt v\u1edbi v\u1ebb \u0111\u1eb9p tinh t\u1ebf v\u00e0 \u00fd ngh\u0129a nh\u00e2n v\u0103n s\u00e2u s\u1eafc. \u0110\u01b0\u1ee3c t\u1ea1o ra b\u1edfi \u0111\u00f4i tay kh\u00e9o l\u00e9o c\u1ee7a c\u00e1c th\u1ee3 may khuy\u1ebft t\u1eadt","robots":{"index":"index","follow":"follow","max-snippet":"max-snippet:-1","max-image-preview":"max-image-preview:large","max-video-preview":"max-video-preview:-1"},"canonical":"https:\/\/maison-chance.org\/shop\/san-pham\/thu-nhoi-bong-hinh-con-heo-vai-tho-cam","og_locale":"vi_VN","og_type":"article","og_title":"Con heo","og_description":"Th\u00fa nh\u1ed3i b\u00f4ng h\u00ecnh con heo v\u1ea3i th\u1ed5 c\u1ea9m Nh\u00e0 May M\u1eafn n\u1ed5i b\u1eadt v\u1edbi v\u1ebb \u0111\u1eb9p tinh t\u1ebf v\u00e0 \u00fd ngh\u0129a nh\u00e2n v\u0103n s\u00e2u s\u1eafc. \u0110\u01b0\u1ee3c t\u1ea1o ra b\u1edfi \u0111\u00f4i tay kh\u00e9o l\u00e9o c\u1ee7a c\u00e1c th\u1ee3 may khuy\u1ebft t\u1eadt","og_url":"https:\/\/maison-chance.org\/shop\/san-pham\/thu-nhoi-bong-hinh-con-heo-vai-tho-cam","og_site_name":"Nh\u00e0 May M\u1eafn - Maison Chance","article_publisher":"https:\/\/www.facebook.com\/dnxh.nhamayman\/","article_modified_time":"2025-03-11T03:15:26+00:00","og_image":[{"width":600,"height":600,"url":"https:\/\/maison-chance.org\/shop\/wp-content\/uploads\/2024\/04\/thu-nhoi-bong-hinh-con-heo-vai-tho-cam-1.jpg","type":"image\/jpeg"}],"twitter_card":"summary_large_image","twitter_misc":{"Availability":"In stock"},"schema":{"@context":"https:\/\/schema.org","@graph":[{"@type":"WebPage","@id":"https:\/\/maison-chance.org\/shop\/san-pham\/thu-nhoi-bong-hinh-con-heo-vai-tho-cam","url":"https:\/\/maison-chance.org\/shop\/san-pham\/thu-nhoi-bong-hinh-con-heo-vai-tho-cam","name":"Con heo- th\u00fa nh\u1ed3i b\u00f4ng v\u1ea3i th\u1ed5 c\u1ea9m - Nh\u00e0 May M\u1eafn - Maison Chance","isPartOf":{"@id":"https:\/\/maison-chance.org\/shop\/#website"},"primaryImageOfPage":{"@id":"https:\/\/maison-chance.org\/shop\/san-pham\/thu-nhoi-bong-hinh-con-heo-vai-tho-cam#primaryimage"},"image":{"@id":"https:\/\/maison-chance.org\/shop\/san-pham\/thu-nhoi-bong-hinh-con-heo-vai-tho-cam#primaryimage"},"thumbnailUrl":"https:\/\/maison-chance.org\/shop\/wp-content\/uploads\/2024\/04\/thu-nhoi-bong-hinh-con-heo-vai-tho-cam-1.jpg","datePublished":"2024-10-23T00:20:01+00:00","dateModified":"2025-03-11T03:15:26+00:00","description":"Th\u00fa nh\u1ed3i b\u00f4ng h\u00ecnh con heo v\u1ea3i th\u1ed5 c\u1ea9m Nh\u00e0 May M\u1eafn n\u1ed5i b\u1eadt v\u1edbi v\u1ebb \u0111\u1eb9p tinh t\u1ebf v\u00e0 \u00fd ngh\u0129a nh\u00e2n v\u0103n s\u00e2u s\u1eafc. \u0110\u01b0\u1ee3c t\u1ea1o ra b\u1edfi \u0111\u00f4i tay kh\u00e9o l\u00e9o c\u1ee7a c\u00e1c th\u1ee3 may khuy\u1ebft t\u1eadt","breadcrumb":{"@id":"https:\/\/maison-chance.org\/shop\/san-pham\/thu-nhoi-bong-hinh-con-heo-vai-tho-cam#breadcrumb"},"inLanguage":"vi-VN","potentialAction":[{"@type":"ReadAction","target":["https:\/\/maison-chance.org\/shop\/san-pham\/thu-nhoi-bong-hinh-con-heo-vai-tho-cam"]}]},{"@type":"ImageObject","inLanguage":"vi-VN","@id":"https:\/\/maison-chance.org\/shop\/san-pham\/thu-nhoi-bong-hinh-con-heo-vai-tho-cam#primaryimage","url":"https:\/\/maison-chance.org\/shop\/wp-content\/uploads\/2024\/04\/thu-nhoi-bong-hinh-con-heo-vai-tho-cam-1.jpg","contentUrl":"https:\/\/maison-chance.org\/shop\/wp-content\/uploads\/2024\/04\/thu-nhoi-bong-hinh-con-heo-vai-tho-cam-1.jpg","width":600,"height":600,"caption":"Th\u00fa nh\u1ed3i b\u00f4ng h\u00ecnh con Heo v\u1ea3i th\u1ed5 c\u1ea9m"},{"@type":"BreadcrumbList","@id":"https:\/\/maison-chance.org\/shop\/san-pham\/thu-nhoi-bong-hinh-con-heo-vai-tho-cam#breadcrumb","itemListElement":[{"@type":"ListItem","position":1,"name":"Trang ch\u1ee7","item":"https:\/\/maison-chance.org\/shop\/"},{"@type":"ListItem","position":2,"name":"Shop","item":"https:\/\/maison-chance.org\/shop\/shop"},{"@type":"ListItem","position":3,"name":"Con heo"}]},{"@type":"WebSite","@id":"https:\/\/maison-chance.org\/shop\/#website","url":"https:\/\/maison-chance.org\/shop\/","name":"Nh\u00e0 May M\u1eafn - Maison Chance","description":"M\u1ecdi l\u1ee3i nhu\u1eadn thu v\u1ec1 t\u1eeb vi\u1ec7c b\u00e1n h\u00e0ng s\u1ebd tr\u00edch m\u1ed9t ph\u1ea7n \u0111\u1ec3 ch\u0103m lo cho \u0111\u1eddi s\u1ed1ng c\u00e1c b\u1ea1n khuy\u1ebft t\u1eadt v\u00e0 tr\u1ebb m\u1ed3 c\u00f4i \u1edf \u0111\u00e2y","publisher":{"@id":"https:\/\/maison-chance.org\/shop\/#organization"},"potentialAction":[{"@type":"SearchAction","target":{"@type":"EntryPoint","urlTemplate":"https:\/\/maison-chance.org\/shop\/?s={search_term_string}"},"query-input":{"@type":"PropertyValueSpecification","valueRequired":true,"valueName":"search_term_string"}}],"inLanguage":"vi-VN"},{"@type":"Organization","@id":"https:\/\/maison-chance.org\/shop\/#organization","name":"Nh\u00e0 May M\u1eafn - Maison Chance","url":"https:\/\/maison-chance.org\/shop\/","logo":{"@type":"ImageObject","inLanguage":"vi-VN","@id":"https:\/\/maison-chance.org\/shop\/#\/schema\/logo\/image\/","url":"https:\/\/maison-chance.org\/shop\/wp-content\/uploads\/2024\/03\/cropped-Logo_DNXH.png","contentUrl":"https:\/\/maison-chance.org\/shop\/wp-content\/uploads\/2024\/03\/cropped-Logo_DNXH.png","width":512,"height":512,"caption":"Nh\u00e0 May M\u1eafn - Maison Chance"},"image":{"@id":"https:\/\/maison-chance.org\/shop\/#\/schema\/logo\/image\/"},"sameAs":["https:\/\/www.facebook.com\/dnxh.nhamayman\/"]}]},"og_availability":"instock","product_availability":"instock","product_condition":"new"},"_links":{"self":[{"href":"https:\/\/maison-chance.org\/shop\/wp-json\/wp\/v2\/product\/36740","targetHints":{"allow":["GET"]}}],"collection":[{"href":"https:\/\/maison-chance.org\/shop\/wp-json\/wp\/v2\/product"}],"about":[{"href":"https:\/\/maison-chance.org\/shop\/wp-json\/wp\/v2\/types\/product"}],"wp:featuredmedia":[{"embeddable":true,"href":"https:\/\/maison-chance.org\/shop\/wp-json\/wp\/v2\/media\/36748"}],"wp:attachment":[{"href":"https:\/\/maison-chance.org\/shop\/wp-json\/wp\/v2\/media?parent=36740"}],"wp:term":[{"taxonomy":"product_brand","embeddable":true,"href":"https:\/\/maison-chance.org\/shop\/wp-json\/wp\/v2\/product_brand?post=36740"},{"taxonomy":"product_cat","embeddable":true,"href":"https:\/\/maison-chance.org\/shop\/wp-json\/wp\/v2\/product_cat?post=36740"},{"taxonomy":"product_tag","embeddable":true,"href":"https:\/\/maison-chance.org\/shop\/wp-json\/wp\/v2\/product_tag?post=36740"}],"curies":[{"name":"wp","href":"https:\/\/api.w.org\/{rel}","templated":true}]}}