{"id":36756,"date":"2024-11-11T07:00:00","date_gmt":"2024-11-11T00:00:00","guid":{"rendered":"https:\/\/maison-chance.org\/shop\/?post_type=product&#038;p=36756"},"modified":"2025-03-15T12:57:09","modified_gmt":"2025-03-15T05:57:09","slug":"thu-nhoi-bong-hinh-con-trau-vai-tho-cam","status":"publish","type":"product","link":"https:\/\/maison-chance.org\/shop\/san-pham\/thu-nhoi-bong-hinh-con-trau-vai-tho-cam","title":{"rendered":"Con tr\u00e2u"},"content":{"rendered":"<p data-start=\"59\" data-end=\"191\">B\u1ea1n c\u00f3 bi\u1ebft tr\u00e2u kh\u00f4ng ch\u1ec9 l\u00e0 con v\u1eadt g\u1eafn li\u1ec1n v\u1edbi l\u00e0ng qu\u00ea Vi\u1ec7t Nam m\u00e0 c\u00f2n mang \u00fd ngh\u0129a s\u00e2u s\u1eafc trong phong th\u1ee7y v\u00e0 t\u00e2m linh?<\/p>\n<p data-start=\"193\" data-end=\"529\">T\u1eeb xa x\u01b0a, h\u00ecnh t\u01b0\u1ee3ng tr\u00e2u \u0111\u00e3 g\u1eafn li\u1ec1n v\u1edbi s\u1ef1 ch\u0103m ch\u1ec9, ki\u00ean tr\u00ec v\u00e0 th\u1ecbnh v\u01b0\u1ee3ng. Trong phong th\u1ee7y, tr\u00e2u t\u01b0\u1ee3ng tr\u01b0ng cho s\u1ee9c m\u1ea1nh n\u1ed9i t\u1ea1i, s\u1ef1 b\u1ec1n b\u1ec9 v\u00e0 t\u00e0i l\u1ed9c d\u1ed3i d\u00e0o. Ng\u01b0\u1eddi ta tin r\u1eb1ng \u0111\u1eb7t m\u1ed9t linh v\u1eadt tr\u00e2u trong nh\u00e0 ho\u1eb7c n\u01a1i l\u00e0m vi\u1ec7c s\u1ebd gi\u00fap gia ch\u1ee7 g\u1eb7p nhi\u1ec1u may m\u1eafn, l\u00e0m \u0103n thu\u1eadn l\u1ee3i v\u00e0 gi\u1eef g\u00ecn h\u1ea1nh ph\u00fac gia \u0111\u00ecnh.<\/p>\n<p data-start=\"531\" data-end=\"716\">Gi\u1edd \u0111\u00e2y, tinh th\u1ea7n \u1ea5y \u0111\u01b0\u1ee3c th\u1ed5i h\u1ed3n v\u00e0o Tr\u00e2u Th\u1ed5 C\u1ea9m (m\u00e3 TC02TB) \u2013 m\u1ed9t t\u00e1c ph\u1ea9m th\u1ee7 c\u00f4ng \u0111\u1ed9c \u0111\u00e1o, mang s\u1eafc \u0111\u1ecf \u1ea5m \u00e1p v\u1edbi nh\u1eefng \u0111\u01b0\u1eddng n\u00e9t tr\u1eafng tinh t\u1ebf, n\u1ed5i b\u1eadt, \u0111\u1ea7y ngh\u1ec7 thu\u1eadt.<\/p>\n<p data-start=\"531\" data-end=\"716\"><strong>V\u1ec0 EM \u1ea4Y:<\/strong><\/p>\n<p data-start=\"765\" data-end=\"793\">\ud83d\udc03 <strong data-start=\"768\" data-end=\"791\">K\u00edch th\u01b0\u1edbc \u0111a d\u1ea1ng:<\/strong><\/p>\n<ul data-start=\"794\" data-end=\"1074\">\n<li data-start=\"794\" data-end=\"875\">14 \u00d7 16 cm \u2013 G\u1ecdn nh\u1eb9, th\u00edch h\u1ee3p l\u00e0m qu\u00e0 t\u1eb7ng ho\u1eb7c trang tr\u00ed b\u00e0n l\u00e0m vi\u1ec7c.<\/li>\n<li data-start=\"876\" data-end=\"948\">15 \u00d7 22 cm \u2013 K\u00edch th\u01b0\u1edbc trung b\u00ecnh, d\u1ec5 d\u00e0ng tr\u01b0ng b\u00e0y trong nh\u00e0.<\/li>\n<li data-start=\"949\" data-end=\"1074\">23 \u00d7 25 cm \u2013 Phi\u00ean b\u1ea3n l\u1edbn, ph\u00f9 h\u1ee3p \u0111\u1ec3 \u0111\u1eb7t t\u1ea1i ph\u00f2ng kh\u00e1ch, kh\u00f4ng gian l\u00e0m vi\u1ec7c ho\u1eb7c l\u00e0m qu\u00e0 t\u1eb7ng phong th\u1ee7y \u00fd ngh\u0129a.<\/li>\n<\/ul>\n<p data-start=\"1076\" data-end=\"1104\">\ud83d\udc03 <strong data-start=\"1079\" data-end=\"1102\">M\u00e0u s\u1eafc &amp; thi\u1ebft k\u1ebf:<\/strong><\/p>\n<ul data-start=\"1105\" data-end=\"1370\">\n<li data-start=\"1105\" data-end=\"1180\">S\u1eafc \u0111\u1ecf ch\u1ee7 \u0111\u1ea1o \u2013 T\u01b0\u1ee3ng tr\u01b0ng cho may m\u1eafn, t\u00e0i l\u1ed9c v\u00e0 h\u1ea1nh ph\u00fac.<\/li>\n<li data-start=\"1181\" data-end=\"1267\">\u0110\u01b0\u1eddng n\u00e9t tr\u1eafng t\u01b0\u01a1ng ph\u1ea3n \u2013 L\u00e0m n\u1ed5i b\u1eadt s\u1ef1 m\u1ea1nh m\u1ebd, b\u1ec1n b\u1ec9 c\u1ee7a linh v\u1eadt tr\u00e2u.<\/li>\n<li data-start=\"1268\" data-end=\"1370\">\u0110\u01b0\u1ee3c l\u00e0m t\u1eeb v\u1ea3i th\u1ed5 c\u1ea9m th\u1ee7 c\u00f4ng, mang \u0111\u1eadm h\u01a1i th\u1edf truy\u1ec1n th\u1ed1ng, v\u1eeba g\u1ea7n g\u0169i, v\u1eeba tinh t\u1ebf.<\/li>\n<\/ul>\n<p data-start=\"1372\" data-end=\"1400\">\ud83d\udc03 <strong data-start=\"1375\" data-end=\"1398\">\u00dd ngh\u0129a phong th\u1ee7y:<\/strong><\/p>\n<ul data-start=\"1401\" data-end=\"1601\">\n<li data-start=\"1401\" data-end=\"1481\">Mang \u0111\u1ebfn s\u1ef1 ki\u00ean tr\u00ec, b\u1ec1n v\u1eefng v\u00e0 th\u00e0nh c\u00f4ng trong c\u00f4ng vi\u1ec7c, s\u1ef1 nghi\u1ec7p.<\/li>\n<li data-start=\"1482\" data-end=\"1540\">Gi\u00fap xua tan kh\u00f3 kh\u0103n, thu h\u00fat may m\u1eafn v\u00e0 t\u00e0i l\u1ed9c.<\/li>\n<li data-start=\"1541\" data-end=\"1601\">L\u00e0 bi\u1ec3u t\u01b0\u1ee3ng c\u1ee7a s\u1ee9c kh\u1ecfe, s\u1ef1 sung t\u00fac v\u00e0 an nhi\u00ean.<\/li>\n<\/ul>\n<p data-start=\"1603\" data-end=\"1646\">\ud83d\udc03 <strong data-start=\"1606\" data-end=\"1644\">M\u00f3n qu\u00e0 \u0111\u1eb7c bi\u1ec7t cho m\u1ecdi l\u1ee9a tu\u1ed5i:<\/strong><\/p>\n<ul data-start=\"1647\" data-end=\"1932\">\n<li data-start=\"1647\" data-end=\"1748\">Ng\u01b0\u1eddi \u0111i l\u00e0m: \u0110\u1eb7t tr\u00ean b\u00e0n l\u00e0m vi\u1ec7c \u0111\u1ec3 thu h\u00fat n\u0103ng l\u01b0\u1ee3ng t\u00edch c\u1ef1c, gi\u00fap c\u00f4ng vi\u1ec7c thu\u1eadn l\u1ee3i.<\/li>\n<li data-start=\"1749\" data-end=\"1841\">Ng\u01b0\u1eddi cao tu\u1ed5i: M\u1ed9t m\u00f3n qu\u00e0 mang \u00fd ngh\u0129a an nh\u00e0n, h\u1ea1nh ph\u00fac v\u00e0 s\u1ee9c kh\u1ecfe d\u1ed3i d\u00e0o.<\/li>\n<li data-start=\"1842\" data-end=\"1932\">Tr\u1ebb em: M\u1ed9t ng\u01b0\u1eddi b\u1ea1n nh\u1ecf \u0111\u00e1ng y\u00eau, gi\u00fap b\u00e9 hi\u1ec3u th\u00eam v\u1ec1 n\u00e9t \u0111\u1eb9p v\u0103n h\u00f3a d\u00e2n gian.<\/li>\n<\/ul>\n<p style=\"text-align: justify\">M\u1ed7i m\u0169i ch\u1ec9 tr\u00ean s\u1ea3n ph\u1ea9m kh\u00f4ng ch\u1ec9 l\u00e0 k\u1ef9 thu\u1eadt may, m\u00e0 c\u00f2n ch\u1ee9a \u0111\u1ef1ng c\u00e2u chuy\u1ec7n v\u1ec1 ngh\u1ecb l\u1ef1c v\u00e0 kh\u00e1t v\u1ecdng v\u01b0\u01a1n l\u00ean. Khi s\u1edf h\u1eefu m\u1ed9t con tr\u00e2u v\u1ea3i th\u1ed5 c\u1ea9m, b\u1ea1n \u0111ang g\u00f3p ph\u1ea7n t\u1ea1o \u0111\u1ed9ng l\u1ef1c cho c\u00e1c th\u1ee3 may khuy\u1ebft t\u1eadt t\u1ea1i <a href=\"https:\/\/maison-chance.org\/shop\/\">Nh\u00e0 May M\u1eafn<\/a> ti\u1ebfp t\u1ee5c theo \u0111u\u1ed5i \u0111am m\u00ea v\u00e0 kh\u1eb3ng \u0111\u1ecbnh gi\u00e1 tr\u1ecb b\u1ea3n th\u00e2n.\u00a0H\u1ecd \u0111ang t\u1eebng ng\u00e0y n\u1ed7 l\u1ef1c s\u00e1ng t\u1ea1o nh\u1eefng s\u1ea3n ph\u1ea9m handmade ch\u1ea5t l\u01b0\u1ee3ng, g\u00f3p ph\u1ea7n l\u00e0m \u0111\u1eb9p cu\u1ed9c s\u1ed1ng v\u00e0 g\u00ecn gi\u1eef n\u00e9t v\u0103n h\u00f3a truy\u1ec1n th\u1ed1ng.<\/p>\n<p><em><strong>Tr\u00e2u Th\u1ed5 C\u1ea9m \u2013 Ki\u00ean C\u01b0\u1eddng V\u1eefng B\u01b0\u1edbc, Sung T\u00fac B\u1ec1n L\u00e2u!<\/strong><\/em><\/p>\n","protected":false},"excerpt":{"rendered":"<p style=\"text-align: justify\">S\u1ea3n ph\u1ea9m do c\u00e1c b\u1ea1n khuy\u1ebft t\u1eadt k\u00e9m may m\u1eafn s\u1ea3n xu\u1ea5t th\u1ee7 c\u00f4ng k\u00ednh mong nh\u1eadn \u0111\u01b0\u1ee3c s\u1ef1 \u1ee7ng h\u1ed9 c\u1ee7a Qu\u00fd kh\u00e1ch h\u00e0ng.<\/p>\n<p>Ch\u1ea5t li\u1ec7u: V\u1ea3i th\u1ed5 c\u1ea9m<\/p>\n<p>Code: TC02TB<\/p>\n<p>Hotline : <span style=\"font-size: 20px\"><strong><span style=\"color: #ff0000\">0909 06 25 28<\/span><\/strong><\/span><\/p>\n<p style=\"text-align: justify\">N\u1ebfu b\u1ea1n \u1edf Vi\u1ec7t Nam vui l\u00f2ng li\u00ean h\u1ec7 ch\u00fang t\u00f4i theo s\u1ed1 hotline ho\u1eb7c fanpage doanh nghi\u1ec7p Nh\u00e0 May M\u1eafn ch\u00fang t\u00f4i \u0111\u1ec3 bi\u1ebft gi\u00e1 b\u00e1n t\u1ea1i Vi\u1ec7t Nam.<\/p>\n","protected":false},"featured_media":36757,"template":"","meta":[],"product_brand":[],"product_cat":[137,138],"product_tag":[],"class_list":{"0":"post-36756","1":"product","2":"type-product","3":"status-publish","4":"has-post-thumbnail","6":"product_cat-phong-may","7":"product_cat-thu-nhoi-bong","9":"first","10":"instock","11":"shipping-taxable","12":"purchasable","13":"product-type-variable"},"yoast_head":"<!-- This site is optimized with the Yoast SEO Premium plugin v22.7 (Yoast SEO v25.3.1) - https:\/\/yoast.com\/wordpress\/plugins\/seo\/ -->\n<title>Con tr\u00e2u- th\u00fa nh\u1ed3i b\u00f4ng v\u1ea3i th\u1ed5 c\u1ea9m - Nh\u00e0 May M\u1eafn - Maison Chance<\/title>\n<meta name=\"description\" content=\"Con tr\u00e2u v\u1ea3i th\u1ed5 c\u1ea9m t\u1eeb Nh\u00e0 May M\u1eafn n\u1ed5i b\u1eadt v\u1edbi v\u1ebb \u0111\u1eb9p m\u1ed9c m\u1ea1c v\u00e0 \u00fd ngh\u0129a nh\u00e2n v\u0103n s\u00e2u s\u1eafc. M\u1ed7i s\u1ea3n ph\u1ea9m l\u00e0 k\u1ebft tinh t\u1eeb \u0111\u00f4i b\u00e0n tay kh\u00e9o l\u00e9o c\u1ee7a nh\u1eefng th\u1ee3 may khuy\u1ebft t\u1eadt\" \/>\n<meta name=\"robots\" content=\"index, follow, max-snippet:-1, max-image-preview:large, max-video-preview:-1\" \/>\n<link rel=\"canonical\" href=\"https:\/\/maison-chance.org\/shop\/san-pham\/thu-nhoi-bong-hinh-con-trau-vai-tho-cam\" \/>\n<meta property=\"og:locale\" content=\"vi_VN\" \/>\n<meta property=\"og:type\" content=\"article\" \/>\n<meta property=\"og:title\" content=\"Con tr\u00e2u\" \/>\n<meta property=\"og:description\" content=\"Con tr\u00e2u v\u1ea3i th\u1ed5 c\u1ea9m t\u1eeb Nh\u00e0 May M\u1eafn n\u1ed5i b\u1eadt v\u1edbi v\u1ebb \u0111\u1eb9p m\u1ed9c m\u1ea1c v\u00e0 \u00fd ngh\u0129a nh\u00e2n v\u0103n s\u00e2u s\u1eafc. M\u1ed7i s\u1ea3n ph\u1ea9m l\u00e0 k\u1ebft tinh t\u1eeb \u0111\u00f4i b\u00e0n tay kh\u00e9o l\u00e9o c\u1ee7a nh\u1eefng th\u1ee3 may khuy\u1ebft t\u1eadt\" \/>\n<meta property=\"og:url\" content=\"https:\/\/maison-chance.org\/shop\/san-pham\/thu-nhoi-bong-hinh-con-trau-vai-tho-cam\" \/>\n<meta property=\"og:site_name\" content=\"Nh\u00e0 May M\u1eafn - Maison Chance\" \/>\n<meta property=\"article:publisher\" content=\"https:\/\/www.facebook.com\/dnxh.nhamayman\/\" \/>\n<meta property=\"article:modified_time\" content=\"2025-03-15T05:57:09+00:00\" \/>\n<meta property=\"og:image\" content=\"https:\/\/maison-chance.org\/shop\/wp-content\/uploads\/2024\/04\/thu-nhoi-bong-hinh-con-trau-vai-tho-cam-1.jpg\" \/>\n\t<meta property=\"og:image:width\" content=\"600\" \/>\n\t<meta property=\"og:image:height\" content=\"600\" \/>\n\t<meta property=\"og:image:type\" content=\"image\/jpeg\" \/>\n<meta name=\"twitter:card\" content=\"summary_large_image\" \/>\n<meta name=\"twitter:label1\" content=\"Availability\" \/>\n\t<meta name=\"twitter:data1\" content=\"In stock\" \/>\n<script type=\"application\/ld+json\" class=\"yoast-schema-graph\">{\"@context\":\"https:\/\/schema.org\",\"@graph\":[{\"@type\":\"WebPage\",\"@id\":\"https:\/\/maison-chance.org\/shop\/san-pham\/thu-nhoi-bong-hinh-con-trau-vai-tho-cam\",\"url\":\"https:\/\/maison-chance.org\/shop\/san-pham\/thu-nhoi-bong-hinh-con-trau-vai-tho-cam\",\"name\":\"Con tr\u00e2u- th\u00fa nh\u1ed3i b\u00f4ng v\u1ea3i th\u1ed5 c\u1ea9m - Nh\u00e0 May M\u1eafn - Maison Chance\",\"isPartOf\":{\"@id\":\"https:\/\/maison-chance.org\/shop\/#website\"},\"primaryImageOfPage\":{\"@id\":\"https:\/\/maison-chance.org\/shop\/san-pham\/thu-nhoi-bong-hinh-con-trau-vai-tho-cam#primaryimage\"},\"image\":{\"@id\":\"https:\/\/maison-chance.org\/shop\/san-pham\/thu-nhoi-bong-hinh-con-trau-vai-tho-cam#primaryimage\"},\"thumbnailUrl\":\"https:\/\/maison-chance.org\/shop\/wp-content\/uploads\/2024\/04\/thu-nhoi-bong-hinh-con-trau-vai-tho-cam-1.jpg\",\"datePublished\":\"2024-11-11T00:00:00+00:00\",\"dateModified\":\"2025-03-15T05:57:09+00:00\",\"description\":\"Con tr\u00e2u v\u1ea3i th\u1ed5 c\u1ea9m t\u1eeb Nh\u00e0 May M\u1eafn n\u1ed5i b\u1eadt v\u1edbi v\u1ebb \u0111\u1eb9p m\u1ed9c m\u1ea1c v\u00e0 \u00fd ngh\u0129a nh\u00e2n v\u0103n s\u00e2u s\u1eafc. M\u1ed7i s\u1ea3n ph\u1ea9m l\u00e0 k\u1ebft tinh t\u1eeb \u0111\u00f4i b\u00e0n tay kh\u00e9o l\u00e9o c\u1ee7a nh\u1eefng th\u1ee3 may khuy\u1ebft t\u1eadt\",\"breadcrumb\":{\"@id\":\"https:\/\/maison-chance.org\/shop\/san-pham\/thu-nhoi-bong-hinh-con-trau-vai-tho-cam#breadcrumb\"},\"inLanguage\":\"vi-VN\",\"potentialAction\":[{\"@type\":\"ReadAction\",\"target\":[\"https:\/\/maison-chance.org\/shop\/san-pham\/thu-nhoi-bong-hinh-con-trau-vai-tho-cam\"]}]},{\"@type\":\"ImageObject\",\"inLanguage\":\"vi-VN\",\"@id\":\"https:\/\/maison-chance.org\/shop\/san-pham\/thu-nhoi-bong-hinh-con-trau-vai-tho-cam#primaryimage\",\"url\":\"https:\/\/maison-chance.org\/shop\/wp-content\/uploads\/2024\/04\/thu-nhoi-bong-hinh-con-trau-vai-tho-cam-1.jpg\",\"contentUrl\":\"https:\/\/maison-chance.org\/shop\/wp-content\/uploads\/2024\/04\/thu-nhoi-bong-hinh-con-trau-vai-tho-cam-1.jpg\",\"width\":600,\"height\":600,\"caption\":\"Th\u00fa nh\u1ed3i b\u00f4ng h\u00ecnh con Tr\u00e2u v\u1ea3i th\u1ed5 c\u1ea9m\"},{\"@type\":\"BreadcrumbList\",\"@id\":\"https:\/\/maison-chance.org\/shop\/san-pham\/thu-nhoi-bong-hinh-con-trau-vai-tho-cam#breadcrumb\",\"itemListElement\":[{\"@type\":\"ListItem\",\"position\":1,\"name\":\"Trang ch\u1ee7\",\"item\":\"https:\/\/maison-chance.org\/shop\/\"},{\"@type\":\"ListItem\",\"position\":2,\"name\":\"Shop\",\"item\":\"https:\/\/maison-chance.org\/shop\/shop\"},{\"@type\":\"ListItem\",\"position\":3,\"name\":\"Con tr\u00e2u\"}]},{\"@type\":\"WebSite\",\"@id\":\"https:\/\/maison-chance.org\/shop\/#website\",\"url\":\"https:\/\/maison-chance.org\/shop\/\",\"name\":\"Nh\u00e0 May M\u1eafn - Maison Chance\",\"description\":\"M\u1ecdi l\u1ee3i nhu\u1eadn thu v\u1ec1 t\u1eeb vi\u1ec7c b\u00e1n h\u00e0ng s\u1ebd tr\u00edch m\u1ed9t ph\u1ea7n \u0111\u1ec3 ch\u0103m lo cho \u0111\u1eddi s\u1ed1ng c\u00e1c b\u1ea1n khuy\u1ebft t\u1eadt v\u00e0 tr\u1ebb m\u1ed3 c\u00f4i \u1edf \u0111\u00e2y\",\"publisher\":{\"@id\":\"https:\/\/maison-chance.org\/shop\/#organization\"},\"potentialAction\":[{\"@type\":\"SearchAction\",\"target\":{\"@type\":\"EntryPoint\",\"urlTemplate\":\"https:\/\/maison-chance.org\/shop\/?s={search_term_string}\"},\"query-input\":{\"@type\":\"PropertyValueSpecification\",\"valueRequired\":true,\"valueName\":\"search_term_string\"}}],\"inLanguage\":\"vi-VN\"},{\"@type\":\"Organization\",\"@id\":\"https:\/\/maison-chance.org\/shop\/#organization\",\"name\":\"Nh\u00e0 May M\u1eafn - Maison Chance\",\"url\":\"https:\/\/maison-chance.org\/shop\/\",\"logo\":{\"@type\":\"ImageObject\",\"inLanguage\":\"vi-VN\",\"@id\":\"https:\/\/maison-chance.org\/shop\/#\/schema\/logo\/image\/\",\"url\":\"https:\/\/maison-chance.org\/shop\/wp-content\/uploads\/2024\/03\/cropped-Logo_DNXH.png\",\"contentUrl\":\"https:\/\/maison-chance.org\/shop\/wp-content\/uploads\/2024\/03\/cropped-Logo_DNXH.png\",\"width\":512,\"height\":512,\"caption\":\"Nh\u00e0 May M\u1eafn - Maison Chance\"},\"image\":{\"@id\":\"https:\/\/maison-chance.org\/shop\/#\/schema\/logo\/image\/\"},\"sameAs\":[\"https:\/\/www.facebook.com\/dnxh.nhamayman\/\"]}]}<\/script>\n<meta property=\"og:availability\" content=\"instock\" \/>\n<meta property=\"product:availability\" content=\"instock\" \/>\n<meta property=\"product:condition\" content=\"new\" \/>\n<!-- \/ Yoast SEO Premium plugin. -->","yoast_head_json":{"title":"Con tr\u00e2u- th\u00fa nh\u1ed3i b\u00f4ng v\u1ea3i th\u1ed5 c\u1ea9m - Nh\u00e0 May M\u1eafn - Maison Chance","description":"Con tr\u00e2u v\u1ea3i th\u1ed5 c\u1ea9m t\u1eeb Nh\u00e0 May M\u1eafn n\u1ed5i b\u1eadt v\u1edbi v\u1ebb \u0111\u1eb9p m\u1ed9c m\u1ea1c v\u00e0 \u00fd ngh\u0129a nh\u00e2n v\u0103n s\u00e2u s\u1eafc. M\u1ed7i s\u1ea3n ph\u1ea9m l\u00e0 k\u1ebft tinh t\u1eeb \u0111\u00f4i b\u00e0n tay kh\u00e9o l\u00e9o c\u1ee7a nh\u1eefng th\u1ee3 may khuy\u1ebft t\u1eadt","robots":{"index":"index","follow":"follow","max-snippet":"max-snippet:-1","max-image-preview":"max-image-preview:large","max-video-preview":"max-video-preview:-1"},"canonical":"https:\/\/maison-chance.org\/shop\/san-pham\/thu-nhoi-bong-hinh-con-trau-vai-tho-cam","og_locale":"vi_VN","og_type":"article","og_title":"Con tr\u00e2u","og_description":"Con tr\u00e2u v\u1ea3i th\u1ed5 c\u1ea9m t\u1eeb Nh\u00e0 May M\u1eafn n\u1ed5i b\u1eadt v\u1edbi v\u1ebb \u0111\u1eb9p m\u1ed9c m\u1ea1c v\u00e0 \u00fd ngh\u0129a nh\u00e2n v\u0103n s\u00e2u s\u1eafc. M\u1ed7i s\u1ea3n ph\u1ea9m l\u00e0 k\u1ebft tinh t\u1eeb \u0111\u00f4i b\u00e0n tay kh\u00e9o l\u00e9o c\u1ee7a nh\u1eefng th\u1ee3 may khuy\u1ebft t\u1eadt","og_url":"https:\/\/maison-chance.org\/shop\/san-pham\/thu-nhoi-bong-hinh-con-trau-vai-tho-cam","og_site_name":"Nh\u00e0 May M\u1eafn - Maison Chance","article_publisher":"https:\/\/www.facebook.com\/dnxh.nhamayman\/","article_modified_time":"2025-03-15T05:57:09+00:00","og_image":[{"width":600,"height":600,"url":"https:\/\/maison-chance.org\/shop\/wp-content\/uploads\/2024\/04\/thu-nhoi-bong-hinh-con-trau-vai-tho-cam-1.jpg","type":"image\/jpeg"}],"twitter_card":"summary_large_image","twitter_misc":{"Availability":"In stock"},"schema":{"@context":"https:\/\/schema.org","@graph":[{"@type":"WebPage","@id":"https:\/\/maison-chance.org\/shop\/san-pham\/thu-nhoi-bong-hinh-con-trau-vai-tho-cam","url":"https:\/\/maison-chance.org\/shop\/san-pham\/thu-nhoi-bong-hinh-con-trau-vai-tho-cam","name":"Con tr\u00e2u- th\u00fa nh\u1ed3i b\u00f4ng v\u1ea3i th\u1ed5 c\u1ea9m - Nh\u00e0 May M\u1eafn - Maison Chance","isPartOf":{"@id":"https:\/\/maison-chance.org\/shop\/#website"},"primaryImageOfPage":{"@id":"https:\/\/maison-chance.org\/shop\/san-pham\/thu-nhoi-bong-hinh-con-trau-vai-tho-cam#primaryimage"},"image":{"@id":"https:\/\/maison-chance.org\/shop\/san-pham\/thu-nhoi-bong-hinh-con-trau-vai-tho-cam#primaryimage"},"thumbnailUrl":"https:\/\/maison-chance.org\/shop\/wp-content\/uploads\/2024\/04\/thu-nhoi-bong-hinh-con-trau-vai-tho-cam-1.jpg","datePublished":"2024-11-11T00:00:00+00:00","dateModified":"2025-03-15T05:57:09+00:00","description":"Con tr\u00e2u v\u1ea3i th\u1ed5 c\u1ea9m t\u1eeb Nh\u00e0 May M\u1eafn n\u1ed5i b\u1eadt v\u1edbi v\u1ebb \u0111\u1eb9p m\u1ed9c m\u1ea1c v\u00e0 \u00fd ngh\u0129a nh\u00e2n v\u0103n s\u00e2u s\u1eafc. M\u1ed7i s\u1ea3n ph\u1ea9m l\u00e0 k\u1ebft tinh t\u1eeb \u0111\u00f4i b\u00e0n tay kh\u00e9o l\u00e9o c\u1ee7a nh\u1eefng th\u1ee3 may khuy\u1ebft t\u1eadt","breadcrumb":{"@id":"https:\/\/maison-chance.org\/shop\/san-pham\/thu-nhoi-bong-hinh-con-trau-vai-tho-cam#breadcrumb"},"inLanguage":"vi-VN","potentialAction":[{"@type":"ReadAction","target":["https:\/\/maison-chance.org\/shop\/san-pham\/thu-nhoi-bong-hinh-con-trau-vai-tho-cam"]}]},{"@type":"ImageObject","inLanguage":"vi-VN","@id":"https:\/\/maison-chance.org\/shop\/san-pham\/thu-nhoi-bong-hinh-con-trau-vai-tho-cam#primaryimage","url":"https:\/\/maison-chance.org\/shop\/wp-content\/uploads\/2024\/04\/thu-nhoi-bong-hinh-con-trau-vai-tho-cam-1.jpg","contentUrl":"https:\/\/maison-chance.org\/shop\/wp-content\/uploads\/2024\/04\/thu-nhoi-bong-hinh-con-trau-vai-tho-cam-1.jpg","width":600,"height":600,"caption":"Th\u00fa nh\u1ed3i b\u00f4ng h\u00ecnh con Tr\u00e2u v\u1ea3i th\u1ed5 c\u1ea9m"},{"@type":"BreadcrumbList","@id":"https:\/\/maison-chance.org\/shop\/san-pham\/thu-nhoi-bong-hinh-con-trau-vai-tho-cam#breadcrumb","itemListElement":[{"@type":"ListItem","position":1,"name":"Trang ch\u1ee7","item":"https:\/\/maison-chance.org\/shop\/"},{"@type":"ListItem","position":2,"name":"Shop","item":"https:\/\/maison-chance.org\/shop\/shop"},{"@type":"ListItem","position":3,"name":"Con tr\u00e2u"}]},{"@type":"WebSite","@id":"https:\/\/maison-chance.org\/shop\/#website","url":"https:\/\/maison-chance.org\/shop\/","name":"Nh\u00e0 May M\u1eafn - Maison Chance","description":"M\u1ecdi l\u1ee3i nhu\u1eadn thu v\u1ec1 t\u1eeb vi\u1ec7c b\u00e1n h\u00e0ng s\u1ebd tr\u00edch m\u1ed9t ph\u1ea7n \u0111\u1ec3 ch\u0103m lo cho \u0111\u1eddi s\u1ed1ng c\u00e1c b\u1ea1n khuy\u1ebft t\u1eadt v\u00e0 tr\u1ebb m\u1ed3 c\u00f4i \u1edf \u0111\u00e2y","publisher":{"@id":"https:\/\/maison-chance.org\/shop\/#organization"},"potentialAction":[{"@type":"SearchAction","target":{"@type":"EntryPoint","urlTemplate":"https:\/\/maison-chance.org\/shop\/?s={search_term_string}"},"query-input":{"@type":"PropertyValueSpecification","valueRequired":true,"valueName":"search_term_string"}}],"inLanguage":"vi-VN"},{"@type":"Organization","@id":"https:\/\/maison-chance.org\/shop\/#organization","name":"Nh\u00e0 May M\u1eafn - Maison Chance","url":"https:\/\/maison-chance.org\/shop\/","logo":{"@type":"ImageObject","inLanguage":"vi-VN","@id":"https:\/\/maison-chance.org\/shop\/#\/schema\/logo\/image\/","url":"https:\/\/maison-chance.org\/shop\/wp-content\/uploads\/2024\/03\/cropped-Logo_DNXH.png","contentUrl":"https:\/\/maison-chance.org\/shop\/wp-content\/uploads\/2024\/03\/cropped-Logo_DNXH.png","width":512,"height":512,"caption":"Nh\u00e0 May M\u1eafn - Maison Chance"},"image":{"@id":"https:\/\/maison-chance.org\/shop\/#\/schema\/logo\/image\/"},"sameAs":["https:\/\/www.facebook.com\/dnxh.nhamayman\/"]}]},"og_availability":"instock","product_availability":"instock","product_condition":"new"},"_links":{"self":[{"href":"https:\/\/maison-chance.org\/shop\/wp-json\/wp\/v2\/product\/36756","targetHints":{"allow":["GET"]}}],"collection":[{"href":"https:\/\/maison-chance.org\/shop\/wp-json\/wp\/v2\/product"}],"about":[{"href":"https:\/\/maison-chance.org\/shop\/wp-json\/wp\/v2\/types\/product"}],"wp:featuredmedia":[{"embeddable":true,"href":"https:\/\/maison-chance.org\/shop\/wp-json\/wp\/v2\/media\/36757"}],"wp:attachment":[{"href":"https:\/\/maison-chance.org\/shop\/wp-json\/wp\/v2\/media?parent=36756"}],"wp:term":[{"taxonomy":"product_brand","embeddable":true,"href":"https:\/\/maison-chance.org\/shop\/wp-json\/wp\/v2\/product_brand?post=36756"},{"taxonomy":"product_cat","embeddable":true,"href":"https:\/\/maison-chance.org\/shop\/wp-json\/wp\/v2\/product_cat?post=36756"},{"taxonomy":"product_tag","embeddable":true,"href":"https:\/\/maison-chance.org\/shop\/wp-json\/wp\/v2\/product_tag?post=36756"}],"curies":[{"name":"wp","href":"https:\/\/api.w.org\/{rel}","templated":true}]}}