{"id":36764,"date":"2024-11-05T07:00:15","date_gmt":"2024-11-05T00:00:15","guid":{"rendered":"https:\/\/maison-chance.org\/shop\/?post_type=product&#038;p=36764"},"modified":"2025-03-12T11:49:59","modified_gmt":"2025-03-12T04:49:59","slug":"thu-nhoi-bong-hinh-con-ngua-vai-tho-cam","status":"publish","type":"product","link":"https:\/\/maison-chance.org\/shop\/san-pham\/thu-nhoi-bong-hinh-con-ngua-vai-tho-cam","title":{"rendered":"Con ng\u1ef1a"},"content":{"rendered":"<p style=\"text-align: justify\">Trong kh\u00f4ng gian \u1ea5m \u00e1p c\u1ee7a Nh\u00e0 May M\u1eafn, nh\u1eefng <a href=\"https:\/\/maison-chance.org\/shop\/phong-may\">th\u1ee3 may khuy\u1ebft t\u1eadt<\/a> \u0111ang mi\u1ec7t m\u00e0i t\u1ea1o n\u00ean nh\u1eefng s\u1ea3n ph\u1ea9m th\u1ee7 c\u00f4ng \u0111\u1ed9c \u0111\u00e1o, v\u00e0 m\u1ed9t trong s\u1ed1 \u0111\u00f3 l\u00e0 nh\u1eefng ch\u00fa ng\u1ef1a v\u1ea3i th\u1ed5 c\u1ea9m \u0111\u00e1ng y\u00eau n\u00e0y. H\u00e3y l\u00e0m quen ngay v\u1edbi &#8220;Ng\u1ef1a Nh\u1ed3i B\u00f4ng Th\u1ed5 C\u1ea9m&#8221; \u2013 ch\u00fa ng\u1ef1a nh\u1ecf nh\u01b0ng mang tinh th\u1ea7n m\u1ea1nh m\u1ebd, gi\u00fap b\u1ea1n b\u1ee9t ph\u00e1 m\u1ecdi gi\u1edbi h\u1ea1n, ti\u1ebfn v\u1ec1 ph\u00eda tr\u01b0\u1edbc nh\u01b0 m\u1ed9t &#8220;chi\u1ebfn m\u00e3&#8221; th\u1ef1c th\u1ee5!<\/p>\n<p><strong>THI\u1ebeT K\u1ebe CHU\u1ea8N NG\u1ef0A PHONG TH\u1ee6Y &#8211; \u0110\u1eb8P \u0110\u1ebeN T\u1eeaNG CHI TI\u1ebeT!<\/strong><\/p>\n<ul>\n<li>B\u1eddm v\u00e0 \u0111u\u00f4i t\u1eeb s\u1ee3i tr\u1eafng m\u1ec1m m\u1ea1i \u2013 B\u1ed3ng b\u1ec1nh nh\u01b0 \u00e1ng m\u00e2y, t\u00f4 \u0111i\u1ec3m th\u00eam n\u00e9t thanh tho\u00e1t cho ch\u00fa ng\u1ef1a.<\/li>\n<li>B\u1ed1n ch\u00e2n \u0111en nh\u1ecf xinh \u2013 \u0110\u1ee9ng v\u1eefng tr\u00ean m\u1ecdi m\u1eb7t tr\u1eadn, s\u1eb5n s\u00e0ng &#8220;phi n\u01b0\u1edbc \u0111\u1ea1i&#8221; c\u00f9ng b\u1ea1n!<\/li>\n<li>V\u1ea3i th\u1ed5 c\u1ea9m \u0111\u1ed9c \u0111\u00e1o \u2013 K\u1ebft h\u1ee3p tinh t\u1ebf gi\u1eefa h\u1ecda ti\u1ebft truy\u1ec1n th\u1ed1ng v\u00e0 phong c\u00e1ch hi\u1ec7n \u0111\u1ea1i.<\/li>\n<li>M\u00e0u s\u1eafc r\u1ef1c r\u1ee1, h\u1ecda ti\u1ebft b\u1eaft m\u1eaft \u2013 Gi\u00fap ch\u00fa ng\u1ef1a n\u1ed5i b\u1eadt \u1edf b\u1ea5t c\u1ee9 \u0111\u00e2u, t\u1eeb b\u00e0n l\u00e0m vi\u1ec7c \u0111\u1ebfn k\u1ec7 tr\u01b0ng b\u00e0y.<\/li>\n<\/ul>\n<p style=\"text-align: justify\">V\u1edbi 3 k\u00edch th\u01b0\u1edbc \u0111a d\u1ea1ng (14x15cm, 15x21cm v\u00e0 22x24cm), <a href=\"https:\/\/maison-chance.org\/shop\/thu-nhoi-bong\">th\u00fa nh\u1ed3i b\u00f4ng<\/a> h\u00ecnh con ng\u1ef1a v\u1ea3i th\u1ed5 c\u1ea9m c\u00f3 th\u1ec3 ph\u00f9 h\u1ee3p v\u1edbi nhi\u1ec1u kh\u00f4ng gian trang tr\u00ed kh\u00e1c nhau. \u0110\u1eb7t tr\u00ean k\u1ec7 s\u00e1ch trong ph\u00f2ng h\u1ecdc c\u1ee7a tr\u1ebb nh\u1ecf, ch\u00fa ng\u1ef1a kh\u00f4ng ch\u1ec9 t\u1ea1o \u0111i\u1ec3m nh\u1ea5n \u0111\u00e1ng y\u00eau m\u00e0 c\u00f2n kh\u01a1i g\u1ee3i tr\u00ed t\u01b0\u1edfng t\u01b0\u1ee3ng c\u1ee7a c\u00e1c b\u00e9. Trong ph\u00f2ng kh\u00e1ch, s\u1ea3n ph\u1ea9m c\u00f3 th\u1ec3 \u0111\u01b0\u1ee3c b\u00e0i tr\u00ed tr\u00ean k\u1ec7 trang tr\u00ed c\u00f9ng nh\u1eefng m\u00f3n \u0111\u1ed3 handmade kh\u00e1c, t\u1ea1o n\u00ean g\u00f3c kh\u00f4ng gian \u0111\u1eadm ch\u1ea5t d\u00e2n t\u1ed9c v\u00e0 \u1ea5m c\u00fang.<\/p>\n<p style=\"text-align: justify\">Khi mang v\u1ec1 nh\u00e0 m\u1ed9t ch\u00fa ng\u1ef1a v\u1ea3i th\u1ed5 c\u1ea9m (m\u00e3 s\u1ea3n ph\u1ea9m TC08TB), b\u1ea1n kh\u00f4ng ch\u1ec9 s\u1edf h\u1eefu m\u1ed9t m\u00f3n \u0111\u1ed3 trang tr\u00ed \u0111\u1ed9c \u0111\u00e1o m\u00e0 c\u00f2n g\u00f3p ph\u1ea7n \u1ee7ng h\u1ed9 c\u00f4ng vi\u1ec7c \u00fd ngh\u0129a c\u1ee7a c\u00e1c th\u1ee3 may khuy\u1ebft t\u1eadt t\u1ea1i Nh\u00e0 May M\u1eafn. M\u1ed7i s\u1ea3n ph\u1ea9m \u0111\u01b0\u1ee3c b\u00e1n ra l\u00e0 m\u1ed9t c\u01a1 h\u1ed9i vi\u1ec7c l\u00e0m v\u00e0 ngu\u1ed3n thu nh\u1eadp qu\u00fd gi\u00e1, gi\u00fap h\u1ecd t\u1ef1 tin h\u01a1n trong cu\u1ed9c s\u1ed1ng v\u00e0 ti\u1ebfp t\u1ee5c theo \u0111u\u1ed5i \u0111am m\u00ea may v\u00e1 c\u1ee7a m\u00ecnh.<\/p>\n<p style=\"text-align: justify\">H\u00e3y m\u1edf r\u1ed9ng v\u00f2ng tay v\u00e0 \u0111\u00f3n nh\u1eadn nh\u1eefng m\u00f3n qu\u00e0 handmade \u00fd ngh\u0129a n\u00e0y. M\u1ed7i con ng\u1ef1a v\u1ea3i th\u1ed5 c\u1ea9m kh\u00f4ng ch\u1ec9 l\u00e0 m\u1ed9t t\u00e1c ph\u1ea9m ngh\u1ec7 thu\u1eadt th\u1ee7 c\u00f4ng m\u00e0 c\u00f2n l\u00e0 c\u1ea7u n\u1ed1i y\u00eau th\u01b0\u01a1ng, mang \u0111\u1ebfn ni\u1ec1m vui v\u00e0 hy v\u1ecdng cho nh\u1eefng th\u1ee3 may t\u1ea1i <a href=\"https:\/\/maison-chance.org\/shop\">Nh\u00e0 May M\u1eafn<\/a>. Li\u00ean h\u1ec7 ngay v\u1edbi ch\u00fang t\u00f4i \u0111\u1ec3 s\u1edf h\u1eefu nh\u1eefng ch\u00fa ng\u1ef1a v\u1ea3i th\u1ed5 c\u1ea9m \u0111\u00e1ng y\u00eau v\u00e0 g\u00f3p ph\u1ea7n lan t\u1ecfa nh\u1eefng gi\u00e1 tr\u1ecb t\u1ed1t \u0111\u1eb9p trong c\u1ed9ng \u0111\u1ed3ng.<\/p>\n<p><em><strong>NG\u1ef0A NH\u1ed2I B\u00d4NG TH\u1ed4 C\u1ea8M &#8211; TUNG HO\u00c0NH MAY M\u1eaeN, PHI N\u01af\u1edaC \u0110\u1ea0I T\u00c0I L\u1ed8C!<\/strong><\/em><\/p>\n","protected":false},"excerpt":{"rendered":"<p style=\"text-align: justify\">S\u1ea3n ph\u1ea9m do c\u00e1c b\u1ea1n khuy\u1ebft t\u1eadt k\u00e9m may m\u1eafn s\u1ea3n xu\u1ea5t th\u1ee7 c\u00f4ng k\u00ednh mong nh\u1eadn \u0111\u01b0\u1ee3c s\u1ef1 \u1ee7ng h\u1ed9 c\u1ee7a Qu\u00fd kh\u00e1ch h\u00e0ng.<\/p>\n<p>Ch\u1ea5t li\u1ec7u: V\u1ea3i th\u1ed5 c\u1ea9m<\/p>\n<p>Code: TC08TB<\/p>\n<p>Hotline : <span style=\"font-size: 20px\"><strong><span style=\"color: #ff0000\">0909 06 25 28<\/span><\/strong><\/span><\/p>\n<p style=\"text-align: justify\">N\u1ebfu b\u1ea1n \u1edf Vi\u1ec7t Nam vui l\u00f2ng li\u00ean h\u1ec7 ch\u00fang t\u00f4i theo s\u1ed1 hotline ho\u1eb7c fanpage doanh nghi\u1ec7p Nh\u00e0 May M\u1eafn ch\u00fang t\u00f4i \u0111\u1ec3 bi\u1ebft gi\u00e1 b\u00e1n t\u1ea1i Vi\u1ec7t Nam.<\/p>\n","protected":false},"featured_media":36768,"template":"","meta":[],"product_brand":[],"product_cat":[137,138],"product_tag":[],"class_list":{"0":"post-36764","1":"product","2":"type-product","3":"status-publish","4":"has-post-thumbnail","6":"product_cat-phong-may","7":"product_cat-thu-nhoi-bong","9":"first","10":"instock","11":"shipping-taxable","12":"purchasable","13":"product-type-variable"},"yoast_head":"<!-- This site is optimized with the Yoast SEO Premium plugin v22.7 (Yoast SEO v25.3.1) - https:\/\/yoast.com\/wordpress\/plugins\/seo\/ -->\n<title>Con ng\u1ef1a- th\u00fa nh\u1ed3i b\u00f4ng v\u1ea3i th\u1ed5 c\u1ea9m - Nh\u00e0 May M\u1eafn - Maison Chance<\/title>\n<meta name=\"description\" content=\"Th\u00fa nh\u1ed3i b\u00f4ng h\u00ecnh con Ng\u1ef1a v\u1ea3i th\u1ed5 c\u1ea9m \u0111\u01b0\u1ee3c may th\u1ee7 c\u00f4ng t\u1ec9 m\u1ec9 v\u1edbi c\u00e1c h\u1ecda ti\u1ebft truy\u1ec1n th\u1ed1ng \u0111\u1eb7c s\u1eafc, k\u1ebft h\u1ee3p nhi\u1ec1u t\u00f4ng m\u00e0u h\u00e0i h\u00f2a nh\u01b0 t\u00edm, xanh, \u0111\u1ecf v\u00e0 h\u1ed3ng.\" \/>\n<meta name=\"robots\" content=\"index, follow, max-snippet:-1, max-image-preview:large, max-video-preview:-1\" \/>\n<link rel=\"canonical\" href=\"https:\/\/maison-chance.org\/shop\/san-pham\/thu-nhoi-bong-hinh-con-ngua-vai-tho-cam\" \/>\n<meta property=\"og:locale\" content=\"vi_VN\" \/>\n<meta property=\"og:type\" content=\"article\" \/>\n<meta property=\"og:title\" content=\"Con ng\u1ef1a\" \/>\n<meta property=\"og:description\" content=\"Th\u00fa nh\u1ed3i b\u00f4ng h\u00ecnh con Ng\u1ef1a v\u1ea3i th\u1ed5 c\u1ea9m \u0111\u01b0\u1ee3c may th\u1ee7 c\u00f4ng t\u1ec9 m\u1ec9 v\u1edbi c\u00e1c h\u1ecda ti\u1ebft truy\u1ec1n th\u1ed1ng \u0111\u1eb7c s\u1eafc, k\u1ebft h\u1ee3p nhi\u1ec1u t\u00f4ng m\u00e0u h\u00e0i h\u00f2a nh\u01b0 t\u00edm, xanh, \u0111\u1ecf v\u00e0 h\u1ed3ng.\" \/>\n<meta property=\"og:url\" content=\"https:\/\/maison-chance.org\/shop\/san-pham\/thu-nhoi-bong-hinh-con-ngua-vai-tho-cam\" \/>\n<meta property=\"og:site_name\" content=\"Nh\u00e0 May M\u1eafn - Maison Chance\" \/>\n<meta property=\"article:publisher\" content=\"https:\/\/www.facebook.com\/dnxh.nhamayman\/\" \/>\n<meta property=\"article:modified_time\" content=\"2025-03-12T04:49:59+00:00\" \/>\n<meta property=\"og:image\" content=\"https:\/\/maison-chance.org\/shop\/wp-content\/uploads\/2024\/04\/thu-nhoi-bong-hinh-con-ngua-vai-tho-cam-1.jpg\" \/>\n\t<meta property=\"og:image:width\" content=\"600\" \/>\n\t<meta property=\"og:image:height\" content=\"600\" \/>\n\t<meta property=\"og:image:type\" content=\"image\/jpeg\" \/>\n<meta name=\"twitter:card\" content=\"summary_large_image\" \/>\n<meta name=\"twitter:label1\" content=\"Availability\" \/>\n\t<meta name=\"twitter:data1\" content=\"In stock\" \/>\n<script type=\"application\/ld+json\" class=\"yoast-schema-graph\">{\"@context\":\"https:\/\/schema.org\",\"@graph\":[{\"@type\":\"WebPage\",\"@id\":\"https:\/\/maison-chance.org\/shop\/san-pham\/thu-nhoi-bong-hinh-con-ngua-vai-tho-cam\",\"url\":\"https:\/\/maison-chance.org\/shop\/san-pham\/thu-nhoi-bong-hinh-con-ngua-vai-tho-cam\",\"name\":\"Con ng\u1ef1a- th\u00fa nh\u1ed3i b\u00f4ng v\u1ea3i th\u1ed5 c\u1ea9m - Nh\u00e0 May M\u1eafn - Maison Chance\",\"isPartOf\":{\"@id\":\"https:\/\/maison-chance.org\/shop\/#website\"},\"primaryImageOfPage\":{\"@id\":\"https:\/\/maison-chance.org\/shop\/san-pham\/thu-nhoi-bong-hinh-con-ngua-vai-tho-cam#primaryimage\"},\"image\":{\"@id\":\"https:\/\/maison-chance.org\/shop\/san-pham\/thu-nhoi-bong-hinh-con-ngua-vai-tho-cam#primaryimage\"},\"thumbnailUrl\":\"https:\/\/maison-chance.org\/shop\/wp-content\/uploads\/2024\/04\/thu-nhoi-bong-hinh-con-ngua-vai-tho-cam-1.jpg\",\"datePublished\":\"2024-11-05T00:00:15+00:00\",\"dateModified\":\"2025-03-12T04:49:59+00:00\",\"description\":\"Th\u00fa nh\u1ed3i b\u00f4ng h\u00ecnh con Ng\u1ef1a v\u1ea3i th\u1ed5 c\u1ea9m \u0111\u01b0\u1ee3c may th\u1ee7 c\u00f4ng t\u1ec9 m\u1ec9 v\u1edbi c\u00e1c h\u1ecda ti\u1ebft truy\u1ec1n th\u1ed1ng \u0111\u1eb7c s\u1eafc, k\u1ebft h\u1ee3p nhi\u1ec1u t\u00f4ng m\u00e0u h\u00e0i h\u00f2a nh\u01b0 t\u00edm, xanh, \u0111\u1ecf v\u00e0 h\u1ed3ng.\",\"breadcrumb\":{\"@id\":\"https:\/\/maison-chance.org\/shop\/san-pham\/thu-nhoi-bong-hinh-con-ngua-vai-tho-cam#breadcrumb\"},\"inLanguage\":\"vi-VN\",\"potentialAction\":[{\"@type\":\"ReadAction\",\"target\":[\"https:\/\/maison-chance.org\/shop\/san-pham\/thu-nhoi-bong-hinh-con-ngua-vai-tho-cam\"]}]},{\"@type\":\"ImageObject\",\"inLanguage\":\"vi-VN\",\"@id\":\"https:\/\/maison-chance.org\/shop\/san-pham\/thu-nhoi-bong-hinh-con-ngua-vai-tho-cam#primaryimage\",\"url\":\"https:\/\/maison-chance.org\/shop\/wp-content\/uploads\/2024\/04\/thu-nhoi-bong-hinh-con-ngua-vai-tho-cam-1.jpg\",\"contentUrl\":\"https:\/\/maison-chance.org\/shop\/wp-content\/uploads\/2024\/04\/thu-nhoi-bong-hinh-con-ngua-vai-tho-cam-1.jpg\",\"width\":600,\"height\":600,\"caption\":\"Th\u00fa nh\u1ed3i b\u00f4ng h\u00ecnh con Ng\u1ef1a v\u1ea3i th\u1ed5 c\u1ea9m\"},{\"@type\":\"BreadcrumbList\",\"@id\":\"https:\/\/maison-chance.org\/shop\/san-pham\/thu-nhoi-bong-hinh-con-ngua-vai-tho-cam#breadcrumb\",\"itemListElement\":[{\"@type\":\"ListItem\",\"position\":1,\"name\":\"Trang ch\u1ee7\",\"item\":\"https:\/\/maison-chance.org\/shop\/\"},{\"@type\":\"ListItem\",\"position\":2,\"name\":\"Shop\",\"item\":\"https:\/\/maison-chance.org\/shop\/shop\"},{\"@type\":\"ListItem\",\"position\":3,\"name\":\"Con ng\u1ef1a\"}]},{\"@type\":\"WebSite\",\"@id\":\"https:\/\/maison-chance.org\/shop\/#website\",\"url\":\"https:\/\/maison-chance.org\/shop\/\",\"name\":\"Nh\u00e0 May M\u1eafn - Maison Chance\",\"description\":\"M\u1ecdi l\u1ee3i nhu\u1eadn thu v\u1ec1 t\u1eeb vi\u1ec7c b\u00e1n h\u00e0ng s\u1ebd tr\u00edch m\u1ed9t ph\u1ea7n \u0111\u1ec3 ch\u0103m lo cho \u0111\u1eddi s\u1ed1ng c\u00e1c b\u1ea1n khuy\u1ebft t\u1eadt v\u00e0 tr\u1ebb m\u1ed3 c\u00f4i \u1edf \u0111\u00e2y\",\"publisher\":{\"@id\":\"https:\/\/maison-chance.org\/shop\/#organization\"},\"potentialAction\":[{\"@type\":\"SearchAction\",\"target\":{\"@type\":\"EntryPoint\",\"urlTemplate\":\"https:\/\/maison-chance.org\/shop\/?s={search_term_string}\"},\"query-input\":{\"@type\":\"PropertyValueSpecification\",\"valueRequired\":true,\"valueName\":\"search_term_string\"}}],\"inLanguage\":\"vi-VN\"},{\"@type\":\"Organization\",\"@id\":\"https:\/\/maison-chance.org\/shop\/#organization\",\"name\":\"Nh\u00e0 May M\u1eafn - Maison Chance\",\"url\":\"https:\/\/maison-chance.org\/shop\/\",\"logo\":{\"@type\":\"ImageObject\",\"inLanguage\":\"vi-VN\",\"@id\":\"https:\/\/maison-chance.org\/shop\/#\/schema\/logo\/image\/\",\"url\":\"https:\/\/maison-chance.org\/shop\/wp-content\/uploads\/2024\/03\/cropped-Logo_DNXH.png\",\"contentUrl\":\"https:\/\/maison-chance.org\/shop\/wp-content\/uploads\/2024\/03\/cropped-Logo_DNXH.png\",\"width\":512,\"height\":512,\"caption\":\"Nh\u00e0 May M\u1eafn - Maison Chance\"},\"image\":{\"@id\":\"https:\/\/maison-chance.org\/shop\/#\/schema\/logo\/image\/\"},\"sameAs\":[\"https:\/\/www.facebook.com\/dnxh.nhamayman\/\"]}]}<\/script>\n<meta property=\"og:availability\" content=\"instock\" \/>\n<meta property=\"product:availability\" content=\"instock\" \/>\n<meta property=\"product:condition\" content=\"new\" \/>\n<!-- \/ Yoast SEO Premium plugin. -->","yoast_head_json":{"title":"Con ng\u1ef1a- th\u00fa nh\u1ed3i b\u00f4ng v\u1ea3i th\u1ed5 c\u1ea9m - Nh\u00e0 May M\u1eafn - Maison Chance","description":"Th\u00fa nh\u1ed3i b\u00f4ng h\u00ecnh con Ng\u1ef1a v\u1ea3i th\u1ed5 c\u1ea9m \u0111\u01b0\u1ee3c may th\u1ee7 c\u00f4ng t\u1ec9 m\u1ec9 v\u1edbi c\u00e1c h\u1ecda ti\u1ebft truy\u1ec1n th\u1ed1ng \u0111\u1eb7c s\u1eafc, k\u1ebft h\u1ee3p nhi\u1ec1u t\u00f4ng m\u00e0u h\u00e0i h\u00f2a nh\u01b0 t\u00edm, xanh, \u0111\u1ecf v\u00e0 h\u1ed3ng.","robots":{"index":"index","follow":"follow","max-snippet":"max-snippet:-1","max-image-preview":"max-image-preview:large","max-video-preview":"max-video-preview:-1"},"canonical":"https:\/\/maison-chance.org\/shop\/san-pham\/thu-nhoi-bong-hinh-con-ngua-vai-tho-cam","og_locale":"vi_VN","og_type":"article","og_title":"Con ng\u1ef1a","og_description":"Th\u00fa nh\u1ed3i b\u00f4ng h\u00ecnh con Ng\u1ef1a v\u1ea3i th\u1ed5 c\u1ea9m \u0111\u01b0\u1ee3c may th\u1ee7 c\u00f4ng t\u1ec9 m\u1ec9 v\u1edbi c\u00e1c h\u1ecda ti\u1ebft truy\u1ec1n th\u1ed1ng \u0111\u1eb7c s\u1eafc, k\u1ebft h\u1ee3p nhi\u1ec1u t\u00f4ng m\u00e0u h\u00e0i h\u00f2a nh\u01b0 t\u00edm, xanh, \u0111\u1ecf v\u00e0 h\u1ed3ng.","og_url":"https:\/\/maison-chance.org\/shop\/san-pham\/thu-nhoi-bong-hinh-con-ngua-vai-tho-cam","og_site_name":"Nh\u00e0 May M\u1eafn - Maison Chance","article_publisher":"https:\/\/www.facebook.com\/dnxh.nhamayman\/","article_modified_time":"2025-03-12T04:49:59+00:00","og_image":[{"width":600,"height":600,"url":"https:\/\/maison-chance.org\/shop\/wp-content\/uploads\/2024\/04\/thu-nhoi-bong-hinh-con-ngua-vai-tho-cam-1.jpg","type":"image\/jpeg"}],"twitter_card":"summary_large_image","twitter_misc":{"Availability":"In stock"},"schema":{"@context":"https:\/\/schema.org","@graph":[{"@type":"WebPage","@id":"https:\/\/maison-chance.org\/shop\/san-pham\/thu-nhoi-bong-hinh-con-ngua-vai-tho-cam","url":"https:\/\/maison-chance.org\/shop\/san-pham\/thu-nhoi-bong-hinh-con-ngua-vai-tho-cam","name":"Con ng\u1ef1a- th\u00fa nh\u1ed3i b\u00f4ng v\u1ea3i th\u1ed5 c\u1ea9m - Nh\u00e0 May M\u1eafn - Maison Chance","isPartOf":{"@id":"https:\/\/maison-chance.org\/shop\/#website"},"primaryImageOfPage":{"@id":"https:\/\/maison-chance.org\/shop\/san-pham\/thu-nhoi-bong-hinh-con-ngua-vai-tho-cam#primaryimage"},"image":{"@id":"https:\/\/maison-chance.org\/shop\/san-pham\/thu-nhoi-bong-hinh-con-ngua-vai-tho-cam#primaryimage"},"thumbnailUrl":"https:\/\/maison-chance.org\/shop\/wp-content\/uploads\/2024\/04\/thu-nhoi-bong-hinh-con-ngua-vai-tho-cam-1.jpg","datePublished":"2024-11-05T00:00:15+00:00","dateModified":"2025-03-12T04:49:59+00:00","description":"Th\u00fa nh\u1ed3i b\u00f4ng h\u00ecnh con Ng\u1ef1a v\u1ea3i th\u1ed5 c\u1ea9m \u0111\u01b0\u1ee3c may th\u1ee7 c\u00f4ng t\u1ec9 m\u1ec9 v\u1edbi c\u00e1c h\u1ecda ti\u1ebft truy\u1ec1n th\u1ed1ng \u0111\u1eb7c s\u1eafc, k\u1ebft h\u1ee3p nhi\u1ec1u t\u00f4ng m\u00e0u h\u00e0i h\u00f2a nh\u01b0 t\u00edm, xanh, \u0111\u1ecf v\u00e0 h\u1ed3ng.","breadcrumb":{"@id":"https:\/\/maison-chance.org\/shop\/san-pham\/thu-nhoi-bong-hinh-con-ngua-vai-tho-cam#breadcrumb"},"inLanguage":"vi-VN","potentialAction":[{"@type":"ReadAction","target":["https:\/\/maison-chance.org\/shop\/san-pham\/thu-nhoi-bong-hinh-con-ngua-vai-tho-cam"]}]},{"@type":"ImageObject","inLanguage":"vi-VN","@id":"https:\/\/maison-chance.org\/shop\/san-pham\/thu-nhoi-bong-hinh-con-ngua-vai-tho-cam#primaryimage","url":"https:\/\/maison-chance.org\/shop\/wp-content\/uploads\/2024\/04\/thu-nhoi-bong-hinh-con-ngua-vai-tho-cam-1.jpg","contentUrl":"https:\/\/maison-chance.org\/shop\/wp-content\/uploads\/2024\/04\/thu-nhoi-bong-hinh-con-ngua-vai-tho-cam-1.jpg","width":600,"height":600,"caption":"Th\u00fa nh\u1ed3i b\u00f4ng h\u00ecnh con Ng\u1ef1a v\u1ea3i th\u1ed5 c\u1ea9m"},{"@type":"BreadcrumbList","@id":"https:\/\/maison-chance.org\/shop\/san-pham\/thu-nhoi-bong-hinh-con-ngua-vai-tho-cam#breadcrumb","itemListElement":[{"@type":"ListItem","position":1,"name":"Trang ch\u1ee7","item":"https:\/\/maison-chance.org\/shop\/"},{"@type":"ListItem","position":2,"name":"Shop","item":"https:\/\/maison-chance.org\/shop\/shop"},{"@type":"ListItem","position":3,"name":"Con ng\u1ef1a"}]},{"@type":"WebSite","@id":"https:\/\/maison-chance.org\/shop\/#website","url":"https:\/\/maison-chance.org\/shop\/","name":"Nh\u00e0 May M\u1eafn - Maison Chance","description":"M\u1ecdi l\u1ee3i nhu\u1eadn thu v\u1ec1 t\u1eeb vi\u1ec7c b\u00e1n h\u00e0ng s\u1ebd tr\u00edch m\u1ed9t ph\u1ea7n \u0111\u1ec3 ch\u0103m lo cho \u0111\u1eddi s\u1ed1ng c\u00e1c b\u1ea1n khuy\u1ebft t\u1eadt v\u00e0 tr\u1ebb m\u1ed3 c\u00f4i \u1edf \u0111\u00e2y","publisher":{"@id":"https:\/\/maison-chance.org\/shop\/#organization"},"potentialAction":[{"@type":"SearchAction","target":{"@type":"EntryPoint","urlTemplate":"https:\/\/maison-chance.org\/shop\/?s={search_term_string}"},"query-input":{"@type":"PropertyValueSpecification","valueRequired":true,"valueName":"search_term_string"}}],"inLanguage":"vi-VN"},{"@type":"Organization","@id":"https:\/\/maison-chance.org\/shop\/#organization","name":"Nh\u00e0 May M\u1eafn - Maison Chance","url":"https:\/\/maison-chance.org\/shop\/","logo":{"@type":"ImageObject","inLanguage":"vi-VN","@id":"https:\/\/maison-chance.org\/shop\/#\/schema\/logo\/image\/","url":"https:\/\/maison-chance.org\/shop\/wp-content\/uploads\/2024\/03\/cropped-Logo_DNXH.png","contentUrl":"https:\/\/maison-chance.org\/shop\/wp-content\/uploads\/2024\/03\/cropped-Logo_DNXH.png","width":512,"height":512,"caption":"Nh\u00e0 May M\u1eafn - Maison Chance"},"image":{"@id":"https:\/\/maison-chance.org\/shop\/#\/schema\/logo\/image\/"},"sameAs":["https:\/\/www.facebook.com\/dnxh.nhamayman\/"]}]},"og_availability":"instock","product_availability":"instock","product_condition":"new"},"_links":{"self":[{"href":"https:\/\/maison-chance.org\/shop\/wp-json\/wp\/v2\/product\/36764","targetHints":{"allow":["GET"]}}],"collection":[{"href":"https:\/\/maison-chance.org\/shop\/wp-json\/wp\/v2\/product"}],"about":[{"href":"https:\/\/maison-chance.org\/shop\/wp-json\/wp\/v2\/types\/product"}],"wp:featuredmedia":[{"embeddable":true,"href":"https:\/\/maison-chance.org\/shop\/wp-json\/wp\/v2\/media\/36768"}],"wp:attachment":[{"href":"https:\/\/maison-chance.org\/shop\/wp-json\/wp\/v2\/media?parent=36764"}],"wp:term":[{"taxonomy":"product_brand","embeddable":true,"href":"https:\/\/maison-chance.org\/shop\/wp-json\/wp\/v2\/product_brand?post=36764"},{"taxonomy":"product_cat","embeddable":true,"href":"https:\/\/maison-chance.org\/shop\/wp-json\/wp\/v2\/product_cat?post=36764"},{"taxonomy":"product_tag","embeddable":true,"href":"https:\/\/maison-chance.org\/shop\/wp-json\/wp\/v2\/product_tag?post=36764"}],"curies":[{"name":"wp","href":"https:\/\/api.w.org\/{rel}","templated":true}]}}