{"id":36777,"date":"2024-10-23T07:15:21","date_gmt":"2024-10-23T00:15:21","guid":{"rendered":"https:\/\/maison-chance.org\/shop\/?post_type=product&#038;p=36777"},"modified":"2025-03-11T09:58:02","modified_gmt":"2025-03-11T02:58:02","slug":"thu-nhoi-bong-hinh-con-lua-vai-tho-cam","status":"publish","type":"product","link":"https:\/\/maison-chance.org\/shop\/san-pham\/thu-nhoi-bong-hinh-con-lua-vai-tho-cam","title":{"rendered":"Con l\u1eeba"},"content":{"rendered":"<p data-start=\"78\" data-end=\"336\">B\u1ea1n th\u00edch m\u1ed9t m\u00f3n \u0111\u1ed3 v\u1eeba \u0111\u1ed9c \u0111\u00e1o, v\u1eeba \u0111\u00e1ng y\u00eau, l\u1ea1i c\u00f3 ch\u00fat tinh ngh\u1ecbch?<br data-start=\"165\" data-end=\"168\" \/>B\u1ea1n \u0111ang t\u00ecm m\u1ed9t m\u00f3n qu\u00e0 xinh x\u1eafn \u0111\u1ec3 t\u1eb7ng ng\u01b0\u1eddi th\u00e2n, b\u1ea1n b\u00e8?<br data-start=\"236\" data-end=\"239\" data-is-only-node=\"\" \/>Hay \u0111\u01a1n gi\u1ea3n l\u00e0 b\u1ea1n mu\u1ed1n m\u1ed9t ng\u01b0\u1eddi b\u1ea1n nh\u1ecf lu\u00f4n b\u00ean c\u1ea1nh, ti\u1ebfp th\u00eam n\u0103ng l\u01b0\u1ee3ng t\u00edch c\u1ef1c?<\/p>\n<p data-start=\"338\" data-end=\"428\"><strong data-start=\"340\" data-end=\"424\">Xin ch\u00fac m\u1eebng! Ch\u00fa l\u1eeba nh\u1ed3i b\u00f4ng th\u1ed5 c\u1ea9m c\u1ee7a ch\u00fang t\u00f4i ch\u00ednh l\u00e0 s\u1ef1 l\u1ef1a ch\u1ecdn ho\u00e0n h\u1ea3o!<\/strong><\/p>\n<p style=\"text-align: justify\">\u0110\u01b0\u1ee3c m\u00e3 h\u00f3a l\u00e0 TC14TB, m\u1ed7i <a href=\"https:\/\/maison-chance.org\/shop\/san-pham\/thu-nhoi-bong-hinh-con-lua-vai-tho-cam\">con l\u1eeba nh\u1ed3i b\u00f4ng v\u1ea3i th\u1ed5 c\u1ea9m<\/a> l\u00e0 m\u1ed9t t\u00e1c ph\u1ea9m ngh\u1ec7 thu\u1eadt thu nh\u1ecf v\u1edbi ba k\u00edch th\u01b0\u1edbc kh\u00e1c nhau: 14 x 15 cm, 15 x 21 cm v\u00e0 22 x 24 cm, \u0111\u00e1p \u1ee9ng \u0111a d\u1ea1ng nhu c\u1ea7u c\u1ee7a kh\u00e1ch h\u00e0ng. \u0110i\u1ec1u \u0111\u1eb7c bi\u1ec7t trong t\u1eebng s\u1ea3n ph\u1ea9m n\u1eb1m \u1edf s\u1ef1 k\u1ebft h\u1ee3p h\u00e0i h\u00f2a gi\u1eefa ch\u1ea5t li\u1ec7u th\u1ed5 c\u1ea9m truy\u1ec1n th\u1ed1ng v\u00e0 k\u1ef9 thu\u1eadt may hi\u1ec7n \u0111\u1ea1i, t\u1ea1o n\u00ean m\u1ed9t t\u1ed5ng th\u1ec3 ho\u00e0n h\u1ea3o t\u1eeb \u0111\u01b0\u1eddng n\u00e9t \u0111\u1ebfn m\u00e0u s\u1eafc.<\/p>\n<p style=\"text-align: justify\">H\u1ecda ti\u1ebft h\u00ecnh h\u1ecdc \u0111\u1eb7c tr\u01b0ng tr\u00ean n\u1ec1n v\u1ea3i th\u1ed5 c\u1ea9m \u0111\u01b0\u1ee3c ph\u1ed1i m\u00e0u tinh t\u1ebf. \u0110i\u1ec3m nh\u1ea5n \u0111\u1eb7c bi\u1ec7t ch\u00ednh l\u00e0 b\u1eddm v\u00e0 \u0111u\u00f4i l\u00e0m t\u1eeb s\u1ee3i len tr\u1eafng m\u1ec1m m\u1ea1i, b\u1ed3ng b\u1ec1nh nh\u01b0 nh\u1eefng \u00e1ng m\u00e2y nh\u1ecf, khi\u1ebfn ch\u00fa l\u1eeba c\u00e0ng th\u00eam ph\u1ea7n \u0111\u00e1ng y\u00eau. M\u1ed7i chi ti\u1ebft nh\u1ecf nh\u01b0 m\u1eaft, m\u0169i, tai \u0111\u1ec1u \u0111\u01b0\u1ee3c may t\u1ec9 m\u1ec9, th\u1ec3 hi\u1ec7n s\u1ef1 chuy\u00ean nghi\u1ec7p trong t\u1eebng \u0111\u01b0\u1eddng kim m\u0169i ch\u1ec9.<\/p>\n<p><strong data-start=\"971\" data-end=\"1035\">H\u00e0ng ng\u00e0n l\u00fd do \u0111\u1ec3 \u201crinh\u201d ngay m\u1ed9t b\u00e9 l\u1eeba v\u1ec1 nh\u00e0!<\/strong><br data-start=\"1035\" data-end=\"1038\" \/>_Trang tr\u00ed b\u00e0n l\u00e0m vi\u1ec7c, g\u00f3c h\u1ecdc t\u1eadp th\u00eam sinh \u0111\u1ed9ng.<br data-start=\"1091\" data-end=\"1094\" \/>_L\u00e0m g\u1ed1i \u00f4m mini, v\u1eeba m\u1ec1m v\u1eeba d\u1ec5 th\u01b0\u01a1ng.<br data-start=\"1135\" data-end=\"1138\" \/>_\u0110\u1ec3 trong xe, trong t\u00fai x\u00e1ch hay b\u00ean gi\u01b0\u1eddng ng\u1ee7 \u2013 l\u00fac n\u00e0o c\u0169ng c\u00f3 m\u1ed9t ng\u01b0\u1eddi b\u1ea1n \u0111\u1ed3ng h\u00e0nh!<\/p>\n<p><strong data-start=\"603\" data-end=\"623\">D\u00e0nh cho ai nh\u1ec9?<\/strong><br data-start=\"623\" data-end=\"626\" \/>\u2013 Nh\u1eefng ai y\u00eau th\u00edch \u0111\u1ed3 th\u1ee7 c\u00f4ng, v\u0103n h\u00f3a th\u1ed5 c\u1ea9m.<br data-start=\"680\" data-end=\"683\" \/>\u2013 Ai c\u1ea7n m\u1ed9t \u201cng\u01b0\u1eddi b\u1ea1n\u201d vui t\u01b0\u01a1i, ng\u1ed9 ngh\u0129nh \u0111\u1ec3 \u00f4m \u1ea5p m\u1ed7i ng\u00e0y.<br data-start=\"751\" data-end=\"754\" data-is-only-node=\"\" \/>\u2013 Nh\u1eefng ai mu\u1ed1n t\u1eb7ng qu\u00e0 th\u1eadt \u0111\u1eb7c bi\u1ec7t \u2013 nh\u1ecf g\u1ecdn nh\u01b0ng \u0111\u1ea7y \u00fd ngh\u0129a!<\/p>\n<p style=\"text-align: justify\">M\u1ed7i con l\u1eeba nh\u1ed3i b\u00f4ng kh\u00f4ng ch\u1ec9 l\u00e0 m\u1ed9t s\u1ea3n ph\u1ea9m trang tr\u00ed, m\u00e0 c\u00f2n l\u00e0 c\u00e2u chuy\u1ec7n c\u1ea3m \u0111\u1ed9ng v\u1ec1 ngh\u1ecb l\u1ef1c v\u00e0 \u0111am m\u00ea c\u1ee7a nh\u1eefng th\u1ee3 may khuy\u1ebft t\u1eadt. Qua t\u1eebng \u0111\u01b0\u1eddng may, h\u1ecd g\u1eedi g\u1eafm t\u00ecnh y\u00eau ngh\u1ec1 v\u00e0 kh\u00e1t v\u1ecdng h\u00f2a nh\u1eadp c\u1ed9ng \u0111\u1ed3ng. S\u1ea3n ph\u1ea9m c\u00f2n l\u00e0 m\u00f3n qu\u00e0 \u00fd ngh\u0129a, th\u1ec3 hi\u1ec7n s\u1ef1 \u1ee7ng h\u1ed9 v\u00e0 tr\u00e2n tr\u1ecdng \u0111\u1ed1i v\u1edbi nh\u1eefng n\u1ed7 l\u1ef1c kh\u00f4ng ng\u1eebng c\u1ee7a c\u1ed9ng \u0111\u1ed3ng ng\u01b0\u1eddi khuy\u1ebft t\u1eadt.<\/p>\n<p style=\"text-align: justify\">H\u00e3y m\u1edf r\u1ed9ng t\u1ea5m l\u00f2ng v\u00e0 chung tay \u1ee7ng h\u1ed9 nh\u1eefng s\u1ea3n ph\u1ea9m \u00fd ngh\u0129a t\u1eeb <a href=\"https:\/\/maison-chance.org\/shop\">Nh\u00e0 May M\u1eafn<\/a>. Con l\u1eeba nh\u1ed3i b\u00f4ng th\u1ed5 c\u1ea9m kh\u00f4ng ch\u1ec9 l\u00e0 m\u00f3n qu\u00e0 \u0111\u1ed9c \u0111\u00e1o m\u00e0 c\u00f2n l\u00e0 c\u1ea7u n\u1ed1i y\u00eau th\u01b0\u01a1ng, ti\u1ebfp th\u00eam ngh\u1ecb l\u1ef1c cho nh\u1eefng th\u1ee3 may khuy\u1ebft t\u1eadt v\u01b0\u1ee3t qua kh\u00f3 kh\u0103n, h\u00f2a nh\u1eadp c\u1ed9ng \u0111\u1ed3ng. M\u1ed7i s\u1ea3n ph\u1ea9m l\u00e0 m\u1ed9t c\u00e2u chuy\u1ec7n \u0111\u1eb9p v\u1ec1 ni\u1ec1m tin v\u00e0 hy v\u1ecdng, h\u00e3y c\u00f9ng ch\u00fang t\u00f4i lan t\u1ecfa nh\u1eefng gi\u00e1 tr\u1ecb t\u1ed1t \u0111\u1eb9p n\u00e0y \u0111\u1ebfn m\u1ecdi ng\u01b0\u1eddi.<\/p>\n","protected":false},"excerpt":{"rendered":"<p style=\"text-align: justify\">S\u1ea3n ph\u1ea9m do c\u00e1c b\u1ea1n khuy\u1ebft t\u1eadt k\u00e9m may m\u1eafn s\u1ea3n xu\u1ea5t th\u1ee7 c\u00f4ng k\u00ednh mong nh\u1eadn \u0111\u01b0\u1ee3c s\u1ef1 \u1ee7ng h\u1ed9 c\u1ee7a Qu\u00fd kh\u00e1ch h\u00e0ng.<\/p>\n<p>Ch\u1ea5t li\u1ec7u: V\u1ea3i th\u1ed5 c\u1ea9m<\/p>\n<p>Code: TC14TB<\/p>\n<p>Hotline : <span style=\"font-size: 20px\"><strong><span style=\"color: #ff0000\">0909 06 25 28<\/span><\/strong><\/span><\/p>\n<p style=\"text-align: justify\">N\u1ebfu b\u1ea1n \u1edf Vi\u1ec7t Nam vui l\u00f2ng li\u00ean h\u1ec7 ch\u00fang t\u00f4i theo s\u1ed1 hotline ho\u1eb7c fanpage doanh nghi\u1ec7p Nh\u00e0 May M\u1eafn ch\u00fang t\u00f4i \u0111\u1ec3 bi\u1ebft gi\u00e1 b\u00e1n t\u1ea1i Vi\u1ec7t Nam.<\/p>\n","protected":false},"featured_media":36778,"template":"","meta":[],"product_brand":[],"product_cat":[137,138],"product_tag":[],"class_list":{"0":"post-36777","1":"product","2":"type-product","3":"status-publish","4":"has-post-thumbnail","6":"product_cat-phong-may","7":"product_cat-thu-nhoi-bong","9":"first","10":"instock","11":"shipping-taxable","12":"purchasable","13":"product-type-variable"},"yoast_head":"<!-- This site is optimized with the Yoast SEO Premium plugin v22.7 (Yoast SEO v25.3.1) - https:\/\/yoast.com\/wordpress\/plugins\/seo\/ -->\n<title>Con l\u1eeba- th\u00fa nh\u1ed3i b\u00f4ng v\u1ea3i th\u1ed5 c\u1ea9m - Nh\u00e0 May M\u1eafn - Maison Chance<\/title>\n<meta name=\"description\" content=\"Th\u00fa nh\u1ed3i b\u00f4ng h\u00ecnh con l\u1eeba v\u1ea3i th\u1ed5 c\u1ea9m t\u1eeb Nh\u00e0 May M\u1eafn, \u0111\u01b0\u1ee3c may t\u1ec9 m\u1ec9 b\u1edfi nh\u1eefng th\u1ee3 may khuy\u1ebft t\u1eadt t\u00e0i n\u0103ng, l\u00e0 m\u00f3n qu\u00e0 \u00fd ngh\u0129a g\u00f3p ph\u1ea7n h\u1ed7 tr\u1ee3 c\u1ed9ng \u0111\u1ed3ng ng\u01b0\u1eddi khuy\u1ebft t\u1eadt h\u00f2a nh\u1eadp x\u00e3 h\u1ed9i\" \/>\n<meta name=\"robots\" content=\"index, follow, max-snippet:-1, max-image-preview:large, max-video-preview:-1\" \/>\n<link rel=\"canonical\" href=\"https:\/\/maison-chance.org\/shop\/san-pham\/thu-nhoi-bong-hinh-con-lua-vai-tho-cam\" \/>\n<meta property=\"og:locale\" content=\"vi_VN\" \/>\n<meta property=\"og:type\" content=\"article\" \/>\n<meta property=\"og:title\" content=\"Con l\u1eeba\" \/>\n<meta property=\"og:description\" content=\"Th\u00fa nh\u1ed3i b\u00f4ng h\u00ecnh con l\u1eeba v\u1ea3i th\u1ed5 c\u1ea9m t\u1eeb Nh\u00e0 May M\u1eafn, \u0111\u01b0\u1ee3c may t\u1ec9 m\u1ec9 b\u1edfi nh\u1eefng th\u1ee3 may khuy\u1ebft t\u1eadt t\u00e0i n\u0103ng, l\u00e0 m\u00f3n qu\u00e0 \u00fd ngh\u0129a g\u00f3p ph\u1ea7n h\u1ed7 tr\u1ee3 c\u1ed9ng \u0111\u1ed3ng ng\u01b0\u1eddi khuy\u1ebft t\u1eadt h\u00f2a nh\u1eadp x\u00e3 h\u1ed9i\" \/>\n<meta property=\"og:url\" content=\"https:\/\/maison-chance.org\/shop\/san-pham\/thu-nhoi-bong-hinh-con-lua-vai-tho-cam\" \/>\n<meta property=\"og:site_name\" content=\"Nh\u00e0 May M\u1eafn - Maison Chance\" \/>\n<meta property=\"article:publisher\" content=\"https:\/\/www.facebook.com\/dnxh.nhamayman\/\" \/>\n<meta property=\"article:modified_time\" content=\"2025-03-11T02:58:02+00:00\" \/>\n<meta property=\"og:image\" content=\"https:\/\/maison-chance.org\/shop\/wp-content\/uploads\/2024\/04\/thu-nhoi-bong-hinh-con-lua-vai-tho-cam-1.jpg\" \/>\n\t<meta property=\"og:image:width\" content=\"600\" \/>\n\t<meta property=\"og:image:height\" content=\"600\" \/>\n\t<meta property=\"og:image:type\" content=\"image\/jpeg\" \/>\n<meta name=\"twitter:card\" content=\"summary_large_image\" \/>\n<meta name=\"twitter:label1\" content=\"Availability\" \/>\n\t<meta name=\"twitter:data1\" content=\"In stock\" \/>\n<script type=\"application\/ld+json\" class=\"yoast-schema-graph\">{\"@context\":\"https:\/\/schema.org\",\"@graph\":[{\"@type\":\"WebPage\",\"@id\":\"https:\/\/maison-chance.org\/shop\/san-pham\/thu-nhoi-bong-hinh-con-lua-vai-tho-cam\",\"url\":\"https:\/\/maison-chance.org\/shop\/san-pham\/thu-nhoi-bong-hinh-con-lua-vai-tho-cam\",\"name\":\"Con l\u1eeba- th\u00fa nh\u1ed3i b\u00f4ng v\u1ea3i th\u1ed5 c\u1ea9m - Nh\u00e0 May M\u1eafn - Maison Chance\",\"isPartOf\":{\"@id\":\"https:\/\/maison-chance.org\/shop\/#website\"},\"primaryImageOfPage\":{\"@id\":\"https:\/\/maison-chance.org\/shop\/san-pham\/thu-nhoi-bong-hinh-con-lua-vai-tho-cam#primaryimage\"},\"image\":{\"@id\":\"https:\/\/maison-chance.org\/shop\/san-pham\/thu-nhoi-bong-hinh-con-lua-vai-tho-cam#primaryimage\"},\"thumbnailUrl\":\"https:\/\/maison-chance.org\/shop\/wp-content\/uploads\/2024\/04\/thu-nhoi-bong-hinh-con-lua-vai-tho-cam-1.jpg\",\"datePublished\":\"2024-10-23T00:15:21+00:00\",\"dateModified\":\"2025-03-11T02:58:02+00:00\",\"description\":\"Th\u00fa nh\u1ed3i b\u00f4ng h\u00ecnh con l\u1eeba v\u1ea3i th\u1ed5 c\u1ea9m t\u1eeb Nh\u00e0 May M\u1eafn, \u0111\u01b0\u1ee3c may t\u1ec9 m\u1ec9 b\u1edfi nh\u1eefng th\u1ee3 may khuy\u1ebft t\u1eadt t\u00e0i n\u0103ng, l\u00e0 m\u00f3n qu\u00e0 \u00fd ngh\u0129a g\u00f3p ph\u1ea7n h\u1ed7 tr\u1ee3 c\u1ed9ng \u0111\u1ed3ng ng\u01b0\u1eddi khuy\u1ebft t\u1eadt h\u00f2a nh\u1eadp x\u00e3 h\u1ed9i\",\"breadcrumb\":{\"@id\":\"https:\/\/maison-chance.org\/shop\/san-pham\/thu-nhoi-bong-hinh-con-lua-vai-tho-cam#breadcrumb\"},\"inLanguage\":\"vi-VN\",\"potentialAction\":[{\"@type\":\"ReadAction\",\"target\":[\"https:\/\/maison-chance.org\/shop\/san-pham\/thu-nhoi-bong-hinh-con-lua-vai-tho-cam\"]}]},{\"@type\":\"ImageObject\",\"inLanguage\":\"vi-VN\",\"@id\":\"https:\/\/maison-chance.org\/shop\/san-pham\/thu-nhoi-bong-hinh-con-lua-vai-tho-cam#primaryimage\",\"url\":\"https:\/\/maison-chance.org\/shop\/wp-content\/uploads\/2024\/04\/thu-nhoi-bong-hinh-con-lua-vai-tho-cam-1.jpg\",\"contentUrl\":\"https:\/\/maison-chance.org\/shop\/wp-content\/uploads\/2024\/04\/thu-nhoi-bong-hinh-con-lua-vai-tho-cam-1.jpg\",\"width\":600,\"height\":600,\"caption\":\"Th\u00fa nh\u1ed3i b\u00f4ng h\u00ecnh con L\u1eeba v\u1ea3i th\u1ed5 c\u1ea9m\"},{\"@type\":\"BreadcrumbList\",\"@id\":\"https:\/\/maison-chance.org\/shop\/san-pham\/thu-nhoi-bong-hinh-con-lua-vai-tho-cam#breadcrumb\",\"itemListElement\":[{\"@type\":\"ListItem\",\"position\":1,\"name\":\"Trang ch\u1ee7\",\"item\":\"https:\/\/maison-chance.org\/shop\/\"},{\"@type\":\"ListItem\",\"position\":2,\"name\":\"Shop\",\"item\":\"https:\/\/maison-chance.org\/shop\/shop\"},{\"@type\":\"ListItem\",\"position\":3,\"name\":\"Con l\u1eeba\"}]},{\"@type\":\"WebSite\",\"@id\":\"https:\/\/maison-chance.org\/shop\/#website\",\"url\":\"https:\/\/maison-chance.org\/shop\/\",\"name\":\"Nh\u00e0 May M\u1eafn - Maison Chance\",\"description\":\"M\u1ecdi l\u1ee3i nhu\u1eadn thu v\u1ec1 t\u1eeb vi\u1ec7c b\u00e1n h\u00e0ng s\u1ebd tr\u00edch m\u1ed9t ph\u1ea7n \u0111\u1ec3 ch\u0103m lo cho \u0111\u1eddi s\u1ed1ng c\u00e1c b\u1ea1n khuy\u1ebft t\u1eadt v\u00e0 tr\u1ebb m\u1ed3 c\u00f4i \u1edf \u0111\u00e2y\",\"publisher\":{\"@id\":\"https:\/\/maison-chance.org\/shop\/#organization\"},\"potentialAction\":[{\"@type\":\"SearchAction\",\"target\":{\"@type\":\"EntryPoint\",\"urlTemplate\":\"https:\/\/maison-chance.org\/shop\/?s={search_term_string}\"},\"query-input\":{\"@type\":\"PropertyValueSpecification\",\"valueRequired\":true,\"valueName\":\"search_term_string\"}}],\"inLanguage\":\"vi-VN\"},{\"@type\":\"Organization\",\"@id\":\"https:\/\/maison-chance.org\/shop\/#organization\",\"name\":\"Nh\u00e0 May M\u1eafn - Maison Chance\",\"url\":\"https:\/\/maison-chance.org\/shop\/\",\"logo\":{\"@type\":\"ImageObject\",\"inLanguage\":\"vi-VN\",\"@id\":\"https:\/\/maison-chance.org\/shop\/#\/schema\/logo\/image\/\",\"url\":\"https:\/\/maison-chance.org\/shop\/wp-content\/uploads\/2024\/03\/cropped-Logo_DNXH.png\",\"contentUrl\":\"https:\/\/maison-chance.org\/shop\/wp-content\/uploads\/2024\/03\/cropped-Logo_DNXH.png\",\"width\":512,\"height\":512,\"caption\":\"Nh\u00e0 May M\u1eafn - Maison Chance\"},\"image\":{\"@id\":\"https:\/\/maison-chance.org\/shop\/#\/schema\/logo\/image\/\"},\"sameAs\":[\"https:\/\/www.facebook.com\/dnxh.nhamayman\/\"]}]}<\/script>\n<meta property=\"og:availability\" content=\"instock\" \/>\n<meta property=\"product:availability\" content=\"instock\" \/>\n<meta property=\"product:condition\" content=\"new\" \/>\n<!-- \/ Yoast SEO Premium plugin. -->","yoast_head_json":{"title":"Con l\u1eeba- th\u00fa nh\u1ed3i b\u00f4ng v\u1ea3i th\u1ed5 c\u1ea9m - Nh\u00e0 May M\u1eafn - Maison Chance","description":"Th\u00fa nh\u1ed3i b\u00f4ng h\u00ecnh con l\u1eeba v\u1ea3i th\u1ed5 c\u1ea9m t\u1eeb Nh\u00e0 May M\u1eafn, \u0111\u01b0\u1ee3c may t\u1ec9 m\u1ec9 b\u1edfi nh\u1eefng th\u1ee3 may khuy\u1ebft t\u1eadt t\u00e0i n\u0103ng, l\u00e0 m\u00f3n qu\u00e0 \u00fd ngh\u0129a g\u00f3p ph\u1ea7n h\u1ed7 tr\u1ee3 c\u1ed9ng \u0111\u1ed3ng ng\u01b0\u1eddi khuy\u1ebft t\u1eadt h\u00f2a nh\u1eadp x\u00e3 h\u1ed9i","robots":{"index":"index","follow":"follow","max-snippet":"max-snippet:-1","max-image-preview":"max-image-preview:large","max-video-preview":"max-video-preview:-1"},"canonical":"https:\/\/maison-chance.org\/shop\/san-pham\/thu-nhoi-bong-hinh-con-lua-vai-tho-cam","og_locale":"vi_VN","og_type":"article","og_title":"Con l\u1eeba","og_description":"Th\u00fa nh\u1ed3i b\u00f4ng h\u00ecnh con l\u1eeba v\u1ea3i th\u1ed5 c\u1ea9m t\u1eeb Nh\u00e0 May M\u1eafn, \u0111\u01b0\u1ee3c may t\u1ec9 m\u1ec9 b\u1edfi nh\u1eefng th\u1ee3 may khuy\u1ebft t\u1eadt t\u00e0i n\u0103ng, l\u00e0 m\u00f3n qu\u00e0 \u00fd ngh\u0129a g\u00f3p ph\u1ea7n h\u1ed7 tr\u1ee3 c\u1ed9ng \u0111\u1ed3ng ng\u01b0\u1eddi khuy\u1ebft t\u1eadt h\u00f2a nh\u1eadp x\u00e3 h\u1ed9i","og_url":"https:\/\/maison-chance.org\/shop\/san-pham\/thu-nhoi-bong-hinh-con-lua-vai-tho-cam","og_site_name":"Nh\u00e0 May M\u1eafn - Maison Chance","article_publisher":"https:\/\/www.facebook.com\/dnxh.nhamayman\/","article_modified_time":"2025-03-11T02:58:02+00:00","og_image":[{"width":600,"height":600,"url":"https:\/\/maison-chance.org\/shop\/wp-content\/uploads\/2024\/04\/thu-nhoi-bong-hinh-con-lua-vai-tho-cam-1.jpg","type":"image\/jpeg"}],"twitter_card":"summary_large_image","twitter_misc":{"Availability":"In stock"},"schema":{"@context":"https:\/\/schema.org","@graph":[{"@type":"WebPage","@id":"https:\/\/maison-chance.org\/shop\/san-pham\/thu-nhoi-bong-hinh-con-lua-vai-tho-cam","url":"https:\/\/maison-chance.org\/shop\/san-pham\/thu-nhoi-bong-hinh-con-lua-vai-tho-cam","name":"Con l\u1eeba- th\u00fa nh\u1ed3i b\u00f4ng v\u1ea3i th\u1ed5 c\u1ea9m - Nh\u00e0 May M\u1eafn - Maison Chance","isPartOf":{"@id":"https:\/\/maison-chance.org\/shop\/#website"},"primaryImageOfPage":{"@id":"https:\/\/maison-chance.org\/shop\/san-pham\/thu-nhoi-bong-hinh-con-lua-vai-tho-cam#primaryimage"},"image":{"@id":"https:\/\/maison-chance.org\/shop\/san-pham\/thu-nhoi-bong-hinh-con-lua-vai-tho-cam#primaryimage"},"thumbnailUrl":"https:\/\/maison-chance.org\/shop\/wp-content\/uploads\/2024\/04\/thu-nhoi-bong-hinh-con-lua-vai-tho-cam-1.jpg","datePublished":"2024-10-23T00:15:21+00:00","dateModified":"2025-03-11T02:58:02+00:00","description":"Th\u00fa nh\u1ed3i b\u00f4ng h\u00ecnh con l\u1eeba v\u1ea3i th\u1ed5 c\u1ea9m t\u1eeb Nh\u00e0 May M\u1eafn, \u0111\u01b0\u1ee3c may t\u1ec9 m\u1ec9 b\u1edfi nh\u1eefng th\u1ee3 may khuy\u1ebft t\u1eadt t\u00e0i n\u0103ng, l\u00e0 m\u00f3n qu\u00e0 \u00fd ngh\u0129a g\u00f3p ph\u1ea7n h\u1ed7 tr\u1ee3 c\u1ed9ng \u0111\u1ed3ng ng\u01b0\u1eddi khuy\u1ebft t\u1eadt h\u00f2a nh\u1eadp x\u00e3 h\u1ed9i","breadcrumb":{"@id":"https:\/\/maison-chance.org\/shop\/san-pham\/thu-nhoi-bong-hinh-con-lua-vai-tho-cam#breadcrumb"},"inLanguage":"vi-VN","potentialAction":[{"@type":"ReadAction","target":["https:\/\/maison-chance.org\/shop\/san-pham\/thu-nhoi-bong-hinh-con-lua-vai-tho-cam"]}]},{"@type":"ImageObject","inLanguage":"vi-VN","@id":"https:\/\/maison-chance.org\/shop\/san-pham\/thu-nhoi-bong-hinh-con-lua-vai-tho-cam#primaryimage","url":"https:\/\/maison-chance.org\/shop\/wp-content\/uploads\/2024\/04\/thu-nhoi-bong-hinh-con-lua-vai-tho-cam-1.jpg","contentUrl":"https:\/\/maison-chance.org\/shop\/wp-content\/uploads\/2024\/04\/thu-nhoi-bong-hinh-con-lua-vai-tho-cam-1.jpg","width":600,"height":600,"caption":"Th\u00fa nh\u1ed3i b\u00f4ng h\u00ecnh con L\u1eeba v\u1ea3i th\u1ed5 c\u1ea9m"},{"@type":"BreadcrumbList","@id":"https:\/\/maison-chance.org\/shop\/san-pham\/thu-nhoi-bong-hinh-con-lua-vai-tho-cam#breadcrumb","itemListElement":[{"@type":"ListItem","position":1,"name":"Trang ch\u1ee7","item":"https:\/\/maison-chance.org\/shop\/"},{"@type":"ListItem","position":2,"name":"Shop","item":"https:\/\/maison-chance.org\/shop\/shop"},{"@type":"ListItem","position":3,"name":"Con l\u1eeba"}]},{"@type":"WebSite","@id":"https:\/\/maison-chance.org\/shop\/#website","url":"https:\/\/maison-chance.org\/shop\/","name":"Nh\u00e0 May M\u1eafn - Maison Chance","description":"M\u1ecdi l\u1ee3i nhu\u1eadn thu v\u1ec1 t\u1eeb vi\u1ec7c b\u00e1n h\u00e0ng s\u1ebd tr\u00edch m\u1ed9t ph\u1ea7n \u0111\u1ec3 ch\u0103m lo cho \u0111\u1eddi s\u1ed1ng c\u00e1c b\u1ea1n khuy\u1ebft t\u1eadt v\u00e0 tr\u1ebb m\u1ed3 c\u00f4i \u1edf \u0111\u00e2y","publisher":{"@id":"https:\/\/maison-chance.org\/shop\/#organization"},"potentialAction":[{"@type":"SearchAction","target":{"@type":"EntryPoint","urlTemplate":"https:\/\/maison-chance.org\/shop\/?s={search_term_string}"},"query-input":{"@type":"PropertyValueSpecification","valueRequired":true,"valueName":"search_term_string"}}],"inLanguage":"vi-VN"},{"@type":"Organization","@id":"https:\/\/maison-chance.org\/shop\/#organization","name":"Nh\u00e0 May M\u1eafn - Maison Chance","url":"https:\/\/maison-chance.org\/shop\/","logo":{"@type":"ImageObject","inLanguage":"vi-VN","@id":"https:\/\/maison-chance.org\/shop\/#\/schema\/logo\/image\/","url":"https:\/\/maison-chance.org\/shop\/wp-content\/uploads\/2024\/03\/cropped-Logo_DNXH.png","contentUrl":"https:\/\/maison-chance.org\/shop\/wp-content\/uploads\/2024\/03\/cropped-Logo_DNXH.png","width":512,"height":512,"caption":"Nh\u00e0 May M\u1eafn - Maison Chance"},"image":{"@id":"https:\/\/maison-chance.org\/shop\/#\/schema\/logo\/image\/"},"sameAs":["https:\/\/www.facebook.com\/dnxh.nhamayman\/"]}]},"og_availability":"instock","product_availability":"instock","product_condition":"new"},"_links":{"self":[{"href":"https:\/\/maison-chance.org\/shop\/wp-json\/wp\/v2\/product\/36777","targetHints":{"allow":["GET"]}}],"collection":[{"href":"https:\/\/maison-chance.org\/shop\/wp-json\/wp\/v2\/product"}],"about":[{"href":"https:\/\/maison-chance.org\/shop\/wp-json\/wp\/v2\/types\/product"}],"wp:featuredmedia":[{"embeddable":true,"href":"https:\/\/maison-chance.org\/shop\/wp-json\/wp\/v2\/media\/36778"}],"wp:attachment":[{"href":"https:\/\/maison-chance.org\/shop\/wp-json\/wp\/v2\/media?parent=36777"}],"wp:term":[{"taxonomy":"product_brand","embeddable":true,"href":"https:\/\/maison-chance.org\/shop\/wp-json\/wp\/v2\/product_brand?post=36777"},{"taxonomy":"product_cat","embeddable":true,"href":"https:\/\/maison-chance.org\/shop\/wp-json\/wp\/v2\/product_cat?post=36777"},{"taxonomy":"product_tag","embeddable":true,"href":"https:\/\/maison-chance.org\/shop\/wp-json\/wp\/v2\/product_tag?post=36777"}],"curies":[{"name":"wp","href":"https:\/\/api.w.org\/{rel}","templated":true}]}}