{"id":36808,"date":"2024-10-28T07:10:19","date_gmt":"2024-10-28T00:10:19","guid":{"rendered":"https:\/\/maison-chance.org\/shop\/?post_type=product&#038;p=36808"},"modified":"2025-03-12T09:28:56","modified_gmt":"2025-03-12T02:28:56","slug":"thu-nhoi-bong-hinh-con-khi-vai-tho-cam","status":"publish","type":"product","link":"https:\/\/maison-chance.org\/shop\/san-pham\/thu-nhoi-bong-hinh-con-khi-vai-tho-cam","title":{"rendered":"Con kh\u1ec9"},"content":{"rendered":"<p style=\"text-align: justify\">Gi\u1eefa nh\u1ecbp s\u1ed1ng hi\u1ec7n \u0111\u1ea1i ng\u00e0y nay, nh\u1eefng s\u1ea3n ph\u1ea9m th\u1ee7 c\u00f4ng lu\u00f4n mang m\u1ed9t gi\u00e1 tr\u1ecb tinh th\u1ea7n \u0111\u1eb7c bi\u1ec7t. T\u1ea1i Nh\u00e0 May M\u1eafn, <a href=\"https:\/\/maison-chance.org\/shop\/san-pham\/thu-nhoi-bong-hinh-con-khi-vai-tho-cam\">con kh\u1ec9 nh\u1ed3i b\u00f4ng th\u1ed5 c\u1ea9m<\/a> l\u00e0 k\u1ebft tinh c\u1ee7a t\u00ecnh y\u00eau th\u01b0\u01a1ng v\u00e0 s\u1ef1 s\u00e1ng t\u1ea1o kh\u00f4ng ng\u1eebng t\u1eeb \u0111\u00f4i tay kh\u00e9o l\u00e9o c\u1ee7a c\u00e1c <a href=\"https:\/\/maison-chance.org\/shop\/phong-may\">th\u1ee3 may khuy\u1ebft t\u1eadt<\/a>. M\u1ed7i s\u1ea3n ph\u1ea9m \u0111\u1ec1u l\u00e0 m\u1ed9t t\u00e1c ph\u1ea9m \u0111\u1ed9c nh\u1ea5t, \u0111\u01b0\u1ee3c may th\u1ee7 c\u00f4ng v\u1edbi s\u1ef1 t\u1ec9 m\u1ec9 v\u00e0 t\u00e2m huy\u1ebft.<\/p>\n<p style=\"text-align: justify\"><a href=\"https:\/\/maison-chance.org\/shop\/thu-nhoi-bong\">Con kh\u1ec9 nh\u1ed3i<\/a> b\u00f4ng th\u1ed5 c\u1ea9m mang m\u00e3 TC10TB l\u00e0 s\u1ef1 k\u1ebft h\u1ee3p tuy\u1ec7t v\u1eddi gi\u1eefa ch\u1ea5t li\u1ec7u truy\u1ec1n th\u1ed1ng v\u00e0 thi\u1ebft k\u1ebf hi\u1ec7n \u0111\u1ea1i. S\u1ea3n ph\u1ea9m \u0111\u01b0\u1ee3c may t\u1eeb v\u1ea3i th\u1ed5 c\u1ea9m cao c\u1ea5p, v\u1edbi ba k\u00edch th\u01b0\u1edbc linh ho\u1ea1t: nh\u1ecf xinh 4\u00d710cm, trung b\u00ecnh 5\u00d713cm v\u00e0 c\u1ee1 l\u1edbn 6\u00d715cm. \u0110i\u1ec1u n\u00e0y gi\u00fap kh\u00e1ch h\u00e0ng d\u1ec5 d\u00e0ng l\u1ef1a ch\u1ecdn size ph\u00f9 h\u1ee3p v\u1edbi nhu c\u1ea7u s\u1eed d\u1ee5ng v\u00e0 kh\u00f4ng gian tr\u01b0ng b\u00e0y. Ch\u00fa kh\u1ec9 n\u00e0y kh\u00f4ng ch\u1ec9 l\u00e0 m\u00f3n qu\u00e0 xinh x\u1eafn m\u00e0 c\u00f2n gi\u00fap k\u00edch ho\u1ea1t n\u0103ng l\u01b0\u1ee3ng t\u00edch c\u1ef1c trong cu\u1ed9c s\u1ed1ng c\u1ee7a b\u1ea1n.<\/p>\n<p><strong>\u0110I\u1ec2M \u0110\u1eb6C BI\u1ec6T L\u00c0M N\u00caN \u1ea4N T\u01af\u1ee2NG: <\/strong><\/p>\n<p>_G\u01b0\u01a1ng m\u1eb7t hi\u1ec1n l\u00e0nh, th\u00e2n thi\u1ec7n, \u0111\u00f4i m\u1eaft \u0111en tr\u00f2n long lanh nh\u01b0 bi\u1ebft c\u01b0\u1eddi, mang \u0111\u1ebfn c\u1ea3m gi\u00e1c vui v\u1ebb, t\u00edch c\u1ef1c.<br data-start=\"394\" data-end=\"397\" \/>_D\u00e1ng v\u1ebb nh\u1ecf nh\u1eafn, \u00f4m tr\u1ecdn trong l\u00f2ng b\u00e0n tay, \u0111\u00e1ng y\u00eau \u0111\u1ebfn m\u1ee9c ch\u1ec9 mu\u1ed1n n\u00e2ng niu m\u00e3i!<br data-start=\"488\" data-end=\"491\" \/>_Gam m\u00e0u ph\u1ed1i h\u1ee3p ho\u00e0n h\u1ea3o:<br data-start=\"523\" data-end=\"526\" \/>\u00a0 \u00a0 \u00a0 \u00a0 \u00a0 \u00a0 \u00a0 \u00a0 \u00a0 \u00a0+V\u00e0ng t\u01b0\u01a1i \u2013 Bi\u1ec3u t\u01b0\u1ee3ng c\u1ee7a t\u00e0i l\u1ed9c, \u1ea5m \u00e1p v\u00e0 n\u0103ng l\u01b0\u1ee3ng t\u00edch c\u1ef1c.<br data-start=\"600\" data-end=\"603\" \/>\u00a0 \u00a0 \u00a0 \u00a0 \u00a0 \u00a0 \u00a0 \u00a0 \u00a0 \u00a0+Xanh navy \u2013 Sang tr\u1ecdng, tinh t\u1ebf, \u0111\u1ea1i di\u1ec7n cho s\u1ef1 ph\u00e1t tri\u1ec3n v\u1eefng ch\u1eafc.<br data-start=\"682\" data-end=\"685\" \/>\u00a0 \u00a0 \u00a0 \u00a0 \u00a0 \u00a0 \u00a0 \u00a0 \u00a0 \u00a0+Tr\u1eafng ng\u00e0 \u2013 Thanh l\u1ecbch, nh\u1eb9 nh\u00e0ng, gi\u00fap c\u00e2n b\u1eb1ng n\u0103ng l\u01b0\u1ee3ng.<br data-start=\"753\" data-end=\"756\" \/>_H\u1ecda ti\u1ebft th\u1ed5 c\u1ea9m truy\u1ec1n th\u1ed1ng \u0111\u01b0\u1ee3c \u0111i\u1ec3m xuy\u1ebft tinh t\u1ebf, t\u00f4n vinh n\u00e9t \u0111\u1eb9p v\u0103n h\u00f3a v\u00e0 th\u1ee7 c\u00f4ng kh\u00e9o l\u00e9o.<\/p>\n<p><strong data-start=\"767\" data-end=\"816\">KH\u1ec8 \u2013 LINH V\u1eacT C\u1ee6A S\u1ef0 NHANH NH\u1eb8N &amp; TH\u0102NG TI\u1ebeN<\/strong><br data-start=\"816\" data-end=\"819\" \/>Trong phong th\u1ee7y, h\u00ecnh t\u01b0\u1ee3ng kh\u1ec9 th\u01b0\u1eddng g\u1eafn li\u1ec1n v\u1edbi quy\u1ec1n l\u1ef1c, danh v\u1ecdng v\u00e0 s\u1ef1 linh ho\u1ea1t trong c\u00f4ng vi\u1ec7c. \u0110\u1eb7t kh\u1ec9 nh\u1ed3i b\u00f4ng trong nh\u00e0 ho\u1eb7c v\u0103n ph\u00f2ng gi\u00fap:<\/p>\n<p>_T\u0103ng c\u01b0\u1eddng tr\u00ed tu\u1ec7, s\u00e1ng t\u1ea1o, gi\u00fap h\u1ecdc t\u1eadp v\u00e0 l\u00e0m vi\u1ec7c hi\u1ec7u qu\u1ea3 h\u01a1n.<br data-start=\"1055\" data-end=\"1058\" data-is-only-node=\"\" \/>_Thu h\u00fat qu\u00fd nh\u00e2n ph\u00f9 tr\u1ee3, h\u1ed7 tr\u1ee3 s\u1ef1 nghi\u1ec7p th\u0103ng hoa.<br data-start=\"1117\" data-end=\"1120\" \/>_Mang l\u1ea1i v\u1eadn may v\u00e0 t\u00e0i l\u1ed9c, nh\u1ea5t l\u00e0 v\u1edbi nh\u1eefng ai kinh doanh, bu\u00f4n b\u00e1n.<\/p>\n<p style=\"text-align: justify\">M\u1ed7i s\u1ea3n ph\u1ea9m \u0111\u1ec1u \u0111\u01b0\u1ee3c ki\u1ec3m tra ch\u1ea5t l\u01b0\u1ee3ng nghi\u00eam ng\u1eb7t, \u0111\u1ea3m b\u1ea3o an to\u00e0n tuy\u1ec7t \u0111\u1ed1i cho ng\u01b0\u1eddi s\u1eed d\u1ee5ng. Quy tr\u00ecnh s\u1ea3n xu\u1ea5t \u0111\u01b0\u1ee3c gi\u00e1m s\u00e1t ch\u1eb7t ch\u1ebd t\u1eeb kh\u00e2u ch\u1ecdn nguy\u00ean li\u1ec7u \u0111\u1ebfn ho\u00e0n thi\u1ec7n s\u1ea3n ph\u1ea9m cu\u1ed1i c\u00f9ng. Ch\u1ea5t li\u1ec7u cao c\u1ea5p, m\u1ec1m m\u1ea1i v\u00e0 an to\u00e0n. Kh\u00f4ng g\u00e2y k\u00edch \u1ee9ng da v\u00e0 ph\u00f9 h\u1ee3p v\u1edbi m\u1ecdi l\u1ee9a tu\u1ed5i. T\u1eebng \u0111\u01b0\u1eddng may t\u1ec9 m\u1ec9 gi\u00fap s\u1ea3n ph\u1ea9m gi\u1eef form l\u00e2u d\u00e0i, b\u1ec1n \u0111\u1eb9p theo th\u1eddi gian!<\/p>\n<p style=\"text-align: justify\">H\u00e3y \u0111\u1ebfn v\u1edbi <a href=\"https:\/\/maison-chance.org\/shop\">Nh\u00e0 May M\u1eafn<\/a> \u0111\u1ec3 mang v\u1ec1 nh\u1eefng con kh\u1ec9 b\u00f4ng th\u1ed5 c\u1ea9m \u0111\u00e1ng y\u00eau, v\u1eeba l\u00e0m m\u00f3n qu\u00e0 t\u1eb7ng \u00fd ngh\u0129a, v\u1eeba g\u00f3p ph\u1ea7n lan t\u1ecfa nh\u1eefng gi\u00e1 tr\u1ecb t\u1ed1t \u0111\u1eb9p trong c\u1ed9ng \u0111\u1ed3ng. B\u1edfi m\u1ed7i s\u1ea3n ph\u1ea9m kh\u00f4ng ch\u1ec9 l\u00e0 m\u1ed9t m\u00f3n \u0111\u1ed3 trang tr\u00ed \u0111\u01a1n thu\u1ea7n, m\u00e0 c\u00f2n l\u00e0 c\u1ea7u n\u1ed1i y\u00eau th\u01b0\u01a1ng, mang \u0111\u1ebfn ni\u1ec1m vui v\u00e0 h\u1ea1nh ph\u00fac cho nh\u1eefng ng\u01b0\u1eddi th\u1ee3 may \u0111\u1eb7c bi\u1ec7t t\u1ea1i Nh\u00e0 May M\u1eafn.<\/p>\n<p><em>Kh\u1ec9 nh\u1ecf xinh \u2013 Trao ni\u1ec1m tin, g\u1eedi y\u00eau th\u01b0\u01a1ng!<\/em><\/p>\n","protected":false},"excerpt":{"rendered":"<p style=\"text-align: justify\">S\u1ea3n ph\u1ea9m do c\u00e1c b\u1ea1n khuy\u1ebft t\u1eadt k\u00e9m may m\u1eafn s\u1ea3n xu\u1ea5t th\u1ee7 c\u00f4ng k\u00ednh mong nh\u1eadn \u0111\u01b0\u1ee3c s\u1ef1 \u1ee7ng h\u1ed9 c\u1ee7a Qu\u00fd kh\u00e1ch h\u00e0ng.<\/p>\n<p>Ch\u1ea5t li\u1ec7u: V\u1ea3i th\u1ed5 c\u1ea9m<\/p>\n<p>Code: TC10TB<\/p>\n<p>Hotline : <span style=\"font-size: 20px\"><strong><span style=\"color: #ff0000\">0909 06 25 28<\/span><\/strong><\/span><\/p>\n<p style=\"text-align: justify\">N\u1ebfu b\u1ea1n \u1edf Vi\u1ec7t Nam vui l\u00f2ng li\u00ean h\u1ec7 ch\u00fang t\u00f4i theo s\u1ed1 hotline ho\u1eb7c fanpage doanh nghi\u1ec7p Nh\u00e0 May M\u1eafn ch\u00fang t\u00f4i \u0111\u1ec3 bi\u1ebft gi\u00e1 b\u00e1n t\u1ea1i Vi\u1ec7t Nam.<\/p>\n","protected":false},"featured_media":40870,"template":"","meta":[],"product_brand":[],"product_cat":[137,138],"product_tag":[],"class_list":{"0":"post-36808","1":"product","2":"type-product","3":"status-publish","4":"has-post-thumbnail","6":"product_cat-phong-may","7":"product_cat-thu-nhoi-bong","9":"first","10":"instock","11":"shipping-taxable","12":"purchasable","13":"product-type-variable"},"yoast_head":"<!-- This site is optimized with the Yoast SEO Premium plugin v22.7 (Yoast SEO v25.3.1) - https:\/\/yoast.com\/wordpress\/plugins\/seo\/ -->\n<title>Con kh\u1ec9 - th\u00fa nh\u1ed3i b\u00f4ng v\u1ea3i th\u1ed5 c\u1ea9m - Nh\u00e0 May M\u1eafn - Maison Chance<\/title>\n<meta name=\"description\" content=\"Th\u00fa nh\u1ed3i b\u00f4ng h\u00ecnh con kh\u1ec9 v\u1ea3i th\u1ed5 c\u1ea9m l\u00e0 s\u1ef1 k\u1ebft h\u1ee3p tuy\u1ec7t v\u1eddi gi\u1eefa ch\u1ea5t li\u1ec7u truy\u1ec1n th\u1ed1ng v\u00e0 thi\u1ebft k\u1ebf hi\u1ec7n \u0111\u1ea1i. S\u1ea3n ph\u1ea9m \u0111\u01b0\u1ee3c may t\u1eeb v\u1ea3i th\u1ed5 c\u1ea9m cao c\u1ea5p, v\u1edbi ba k\u00edch th\u01b0\u1edbc linh ho\u1ea1t: nh\u1ecf xinh 4\u00d710cm, trung b\u00ecnh 5\u00d713cm v\u00e0 c\u1ee1 l\u1edbn 6\u00d715cm.\" \/>\n<meta name=\"robots\" content=\"index, follow, max-snippet:-1, max-image-preview:large, max-video-preview:-1\" \/>\n<link rel=\"canonical\" href=\"https:\/\/maison-chance.org\/shop\/san-pham\/thu-nhoi-bong-hinh-con-khi-vai-tho-cam\" \/>\n<meta property=\"og:locale\" content=\"vi_VN\" \/>\n<meta property=\"og:type\" content=\"article\" \/>\n<meta property=\"og:title\" content=\"Con kh\u1ec9\" \/>\n<meta property=\"og:description\" content=\"Th\u00fa nh\u1ed3i b\u00f4ng h\u00ecnh con kh\u1ec9 v\u1ea3i th\u1ed5 c\u1ea9m l\u00e0 s\u1ef1 k\u1ebft h\u1ee3p tuy\u1ec7t v\u1eddi gi\u1eefa ch\u1ea5t li\u1ec7u truy\u1ec1n th\u1ed1ng v\u00e0 thi\u1ebft k\u1ebf hi\u1ec7n \u0111\u1ea1i. S\u1ea3n ph\u1ea9m \u0111\u01b0\u1ee3c may t\u1eeb v\u1ea3i th\u1ed5 c\u1ea9m cao c\u1ea5p, v\u1edbi ba k\u00edch th\u01b0\u1edbc linh ho\u1ea1t: nh\u1ecf xinh 4\u00d710cm, trung b\u00ecnh 5\u00d713cm v\u00e0 c\u1ee1 l\u1edbn 6\u00d715cm.\" \/>\n<meta property=\"og:url\" content=\"https:\/\/maison-chance.org\/shop\/san-pham\/thu-nhoi-bong-hinh-con-khi-vai-tho-cam\" \/>\n<meta property=\"og:site_name\" content=\"Nh\u00e0 May M\u1eafn - Maison Chance\" \/>\n<meta property=\"article:publisher\" content=\"https:\/\/www.facebook.com\/dnxh.nhamayman\/\" \/>\n<meta property=\"article:modified_time\" content=\"2025-03-12T02:28:56+00:00\" \/>\n<meta property=\"og:image\" content=\"https:\/\/maison-chance.org\/shop\/wp-content\/uploads\/2024\/10\/thu-nhoi-bong-hinh-con-khi-vai-tho-cam-01.png\" \/>\n\t<meta property=\"og:image:width\" content=\"600\" \/>\n\t<meta property=\"og:image:height\" content=\"600\" \/>\n\t<meta property=\"og:image:type\" content=\"image\/png\" \/>\n<meta name=\"twitter:card\" content=\"summary_large_image\" \/>\n<meta name=\"twitter:label1\" content=\"Availability\" \/>\n\t<meta name=\"twitter:data1\" content=\"In stock\" \/>\n<script type=\"application\/ld+json\" class=\"yoast-schema-graph\">{\"@context\":\"https:\/\/schema.org\",\"@graph\":[{\"@type\":\"WebPage\",\"@id\":\"https:\/\/maison-chance.org\/shop\/san-pham\/thu-nhoi-bong-hinh-con-khi-vai-tho-cam\",\"url\":\"https:\/\/maison-chance.org\/shop\/san-pham\/thu-nhoi-bong-hinh-con-khi-vai-tho-cam\",\"name\":\"Con kh\u1ec9 - th\u00fa nh\u1ed3i b\u00f4ng v\u1ea3i th\u1ed5 c\u1ea9m - Nh\u00e0 May M\u1eafn - Maison Chance\",\"isPartOf\":{\"@id\":\"https:\/\/maison-chance.org\/shop\/#website\"},\"primaryImageOfPage\":{\"@id\":\"https:\/\/maison-chance.org\/shop\/san-pham\/thu-nhoi-bong-hinh-con-khi-vai-tho-cam#primaryimage\"},\"image\":{\"@id\":\"https:\/\/maison-chance.org\/shop\/san-pham\/thu-nhoi-bong-hinh-con-khi-vai-tho-cam#primaryimage\"},\"thumbnailUrl\":\"https:\/\/maison-chance.org\/shop\/wp-content\/uploads\/2024\/10\/thu-nhoi-bong-hinh-con-khi-vai-tho-cam-01.png\",\"datePublished\":\"2024-10-28T00:10:19+00:00\",\"dateModified\":\"2025-03-12T02:28:56+00:00\",\"description\":\"Th\u00fa nh\u1ed3i b\u00f4ng h\u00ecnh con kh\u1ec9 v\u1ea3i th\u1ed5 c\u1ea9m l\u00e0 s\u1ef1 k\u1ebft h\u1ee3p tuy\u1ec7t v\u1eddi gi\u1eefa ch\u1ea5t li\u1ec7u truy\u1ec1n th\u1ed1ng v\u00e0 thi\u1ebft k\u1ebf hi\u1ec7n \u0111\u1ea1i. S\u1ea3n ph\u1ea9m \u0111\u01b0\u1ee3c may t\u1eeb v\u1ea3i th\u1ed5 c\u1ea9m cao c\u1ea5p, v\u1edbi ba k\u00edch th\u01b0\u1edbc linh ho\u1ea1t: nh\u1ecf xinh 4\u00d710cm, trung b\u00ecnh 5\u00d713cm v\u00e0 c\u1ee1 l\u1edbn 6\u00d715cm.\",\"breadcrumb\":{\"@id\":\"https:\/\/maison-chance.org\/shop\/san-pham\/thu-nhoi-bong-hinh-con-khi-vai-tho-cam#breadcrumb\"},\"inLanguage\":\"vi-VN\",\"potentialAction\":[{\"@type\":\"ReadAction\",\"target\":[\"https:\/\/maison-chance.org\/shop\/san-pham\/thu-nhoi-bong-hinh-con-khi-vai-tho-cam\"]}]},{\"@type\":\"ImageObject\",\"inLanguage\":\"vi-VN\",\"@id\":\"https:\/\/maison-chance.org\/shop\/san-pham\/thu-nhoi-bong-hinh-con-khi-vai-tho-cam#primaryimage\",\"url\":\"https:\/\/maison-chance.org\/shop\/wp-content\/uploads\/2024\/10\/thu-nhoi-bong-hinh-con-khi-vai-tho-cam-01.png\",\"contentUrl\":\"https:\/\/maison-chance.org\/shop\/wp-content\/uploads\/2024\/10\/thu-nhoi-bong-hinh-con-khi-vai-tho-cam-01.png\",\"width\":600,\"height\":600,\"caption\":\"Th\u00fa nh\u1ed3i b\u00f4ng h\u00ecnh con Kh\u1ec9 v\u1ea3i th\u1ed5 c\u1ea9m\"},{\"@type\":\"BreadcrumbList\",\"@id\":\"https:\/\/maison-chance.org\/shop\/san-pham\/thu-nhoi-bong-hinh-con-khi-vai-tho-cam#breadcrumb\",\"itemListElement\":[{\"@type\":\"ListItem\",\"position\":1,\"name\":\"Trang ch\u1ee7\",\"item\":\"https:\/\/maison-chance.org\/shop\/\"},{\"@type\":\"ListItem\",\"position\":2,\"name\":\"Shop\",\"item\":\"https:\/\/maison-chance.org\/shop\/shop\"},{\"@type\":\"ListItem\",\"position\":3,\"name\":\"Con kh\u1ec9\"}]},{\"@type\":\"WebSite\",\"@id\":\"https:\/\/maison-chance.org\/shop\/#website\",\"url\":\"https:\/\/maison-chance.org\/shop\/\",\"name\":\"Nh\u00e0 May M\u1eafn - Maison Chance\",\"description\":\"M\u1ecdi l\u1ee3i nhu\u1eadn thu v\u1ec1 t\u1eeb vi\u1ec7c b\u00e1n h\u00e0ng s\u1ebd tr\u00edch m\u1ed9t ph\u1ea7n \u0111\u1ec3 ch\u0103m lo cho \u0111\u1eddi s\u1ed1ng c\u00e1c b\u1ea1n khuy\u1ebft t\u1eadt v\u00e0 tr\u1ebb m\u1ed3 c\u00f4i \u1edf \u0111\u00e2y\",\"publisher\":{\"@id\":\"https:\/\/maison-chance.org\/shop\/#organization\"},\"potentialAction\":[{\"@type\":\"SearchAction\",\"target\":{\"@type\":\"EntryPoint\",\"urlTemplate\":\"https:\/\/maison-chance.org\/shop\/?s={search_term_string}\"},\"query-input\":{\"@type\":\"PropertyValueSpecification\",\"valueRequired\":true,\"valueName\":\"search_term_string\"}}],\"inLanguage\":\"vi-VN\"},{\"@type\":\"Organization\",\"@id\":\"https:\/\/maison-chance.org\/shop\/#organization\",\"name\":\"Nh\u00e0 May M\u1eafn - Maison Chance\",\"url\":\"https:\/\/maison-chance.org\/shop\/\",\"logo\":{\"@type\":\"ImageObject\",\"inLanguage\":\"vi-VN\",\"@id\":\"https:\/\/maison-chance.org\/shop\/#\/schema\/logo\/image\/\",\"url\":\"https:\/\/maison-chance.org\/shop\/wp-content\/uploads\/2024\/03\/cropped-Logo_DNXH.png\",\"contentUrl\":\"https:\/\/maison-chance.org\/shop\/wp-content\/uploads\/2024\/03\/cropped-Logo_DNXH.png\",\"width\":512,\"height\":512,\"caption\":\"Nh\u00e0 May M\u1eafn - Maison Chance\"},\"image\":{\"@id\":\"https:\/\/maison-chance.org\/shop\/#\/schema\/logo\/image\/\"},\"sameAs\":[\"https:\/\/www.facebook.com\/dnxh.nhamayman\/\"]}]}<\/script>\n<meta property=\"og:availability\" content=\"instock\" \/>\n<meta property=\"product:availability\" content=\"instock\" \/>\n<meta property=\"product:condition\" content=\"new\" \/>\n<!-- \/ Yoast SEO Premium plugin. -->","yoast_head_json":{"title":"Con kh\u1ec9 - th\u00fa nh\u1ed3i b\u00f4ng v\u1ea3i th\u1ed5 c\u1ea9m - Nh\u00e0 May M\u1eafn - Maison Chance","description":"Th\u00fa nh\u1ed3i b\u00f4ng h\u00ecnh con kh\u1ec9 v\u1ea3i th\u1ed5 c\u1ea9m l\u00e0 s\u1ef1 k\u1ebft h\u1ee3p tuy\u1ec7t v\u1eddi gi\u1eefa ch\u1ea5t li\u1ec7u truy\u1ec1n th\u1ed1ng v\u00e0 thi\u1ebft k\u1ebf hi\u1ec7n \u0111\u1ea1i. S\u1ea3n ph\u1ea9m \u0111\u01b0\u1ee3c may t\u1eeb v\u1ea3i th\u1ed5 c\u1ea9m cao c\u1ea5p, v\u1edbi ba k\u00edch th\u01b0\u1edbc linh ho\u1ea1t: nh\u1ecf xinh 4\u00d710cm, trung b\u00ecnh 5\u00d713cm v\u00e0 c\u1ee1 l\u1edbn 6\u00d715cm.","robots":{"index":"index","follow":"follow","max-snippet":"max-snippet:-1","max-image-preview":"max-image-preview:large","max-video-preview":"max-video-preview:-1"},"canonical":"https:\/\/maison-chance.org\/shop\/san-pham\/thu-nhoi-bong-hinh-con-khi-vai-tho-cam","og_locale":"vi_VN","og_type":"article","og_title":"Con kh\u1ec9","og_description":"Th\u00fa nh\u1ed3i b\u00f4ng h\u00ecnh con kh\u1ec9 v\u1ea3i th\u1ed5 c\u1ea9m l\u00e0 s\u1ef1 k\u1ebft h\u1ee3p tuy\u1ec7t v\u1eddi gi\u1eefa ch\u1ea5t li\u1ec7u truy\u1ec1n th\u1ed1ng v\u00e0 thi\u1ebft k\u1ebf hi\u1ec7n \u0111\u1ea1i. S\u1ea3n ph\u1ea9m \u0111\u01b0\u1ee3c may t\u1eeb v\u1ea3i th\u1ed5 c\u1ea9m cao c\u1ea5p, v\u1edbi ba k\u00edch th\u01b0\u1edbc linh ho\u1ea1t: nh\u1ecf xinh 4\u00d710cm, trung b\u00ecnh 5\u00d713cm v\u00e0 c\u1ee1 l\u1edbn 6\u00d715cm.","og_url":"https:\/\/maison-chance.org\/shop\/san-pham\/thu-nhoi-bong-hinh-con-khi-vai-tho-cam","og_site_name":"Nh\u00e0 May M\u1eafn - Maison Chance","article_publisher":"https:\/\/www.facebook.com\/dnxh.nhamayman\/","article_modified_time":"2025-03-12T02:28:56+00:00","og_image":[{"width":600,"height":600,"url":"https:\/\/maison-chance.org\/shop\/wp-content\/uploads\/2024\/10\/thu-nhoi-bong-hinh-con-khi-vai-tho-cam-01.png","type":"image\/png"}],"twitter_card":"summary_large_image","twitter_misc":{"Availability":"In stock"},"schema":{"@context":"https:\/\/schema.org","@graph":[{"@type":"WebPage","@id":"https:\/\/maison-chance.org\/shop\/san-pham\/thu-nhoi-bong-hinh-con-khi-vai-tho-cam","url":"https:\/\/maison-chance.org\/shop\/san-pham\/thu-nhoi-bong-hinh-con-khi-vai-tho-cam","name":"Con kh\u1ec9 - th\u00fa nh\u1ed3i b\u00f4ng v\u1ea3i th\u1ed5 c\u1ea9m - Nh\u00e0 May M\u1eafn - Maison Chance","isPartOf":{"@id":"https:\/\/maison-chance.org\/shop\/#website"},"primaryImageOfPage":{"@id":"https:\/\/maison-chance.org\/shop\/san-pham\/thu-nhoi-bong-hinh-con-khi-vai-tho-cam#primaryimage"},"image":{"@id":"https:\/\/maison-chance.org\/shop\/san-pham\/thu-nhoi-bong-hinh-con-khi-vai-tho-cam#primaryimage"},"thumbnailUrl":"https:\/\/maison-chance.org\/shop\/wp-content\/uploads\/2024\/10\/thu-nhoi-bong-hinh-con-khi-vai-tho-cam-01.png","datePublished":"2024-10-28T00:10:19+00:00","dateModified":"2025-03-12T02:28:56+00:00","description":"Th\u00fa nh\u1ed3i b\u00f4ng h\u00ecnh con kh\u1ec9 v\u1ea3i th\u1ed5 c\u1ea9m l\u00e0 s\u1ef1 k\u1ebft h\u1ee3p tuy\u1ec7t v\u1eddi gi\u1eefa ch\u1ea5t li\u1ec7u truy\u1ec1n th\u1ed1ng v\u00e0 thi\u1ebft k\u1ebf hi\u1ec7n \u0111\u1ea1i. S\u1ea3n ph\u1ea9m \u0111\u01b0\u1ee3c may t\u1eeb v\u1ea3i th\u1ed5 c\u1ea9m cao c\u1ea5p, v\u1edbi ba k\u00edch th\u01b0\u1edbc linh ho\u1ea1t: nh\u1ecf xinh 4\u00d710cm, trung b\u00ecnh 5\u00d713cm v\u00e0 c\u1ee1 l\u1edbn 6\u00d715cm.","breadcrumb":{"@id":"https:\/\/maison-chance.org\/shop\/san-pham\/thu-nhoi-bong-hinh-con-khi-vai-tho-cam#breadcrumb"},"inLanguage":"vi-VN","potentialAction":[{"@type":"ReadAction","target":["https:\/\/maison-chance.org\/shop\/san-pham\/thu-nhoi-bong-hinh-con-khi-vai-tho-cam"]}]},{"@type":"ImageObject","inLanguage":"vi-VN","@id":"https:\/\/maison-chance.org\/shop\/san-pham\/thu-nhoi-bong-hinh-con-khi-vai-tho-cam#primaryimage","url":"https:\/\/maison-chance.org\/shop\/wp-content\/uploads\/2024\/10\/thu-nhoi-bong-hinh-con-khi-vai-tho-cam-01.png","contentUrl":"https:\/\/maison-chance.org\/shop\/wp-content\/uploads\/2024\/10\/thu-nhoi-bong-hinh-con-khi-vai-tho-cam-01.png","width":600,"height":600,"caption":"Th\u00fa nh\u1ed3i b\u00f4ng h\u00ecnh con Kh\u1ec9 v\u1ea3i th\u1ed5 c\u1ea9m"},{"@type":"BreadcrumbList","@id":"https:\/\/maison-chance.org\/shop\/san-pham\/thu-nhoi-bong-hinh-con-khi-vai-tho-cam#breadcrumb","itemListElement":[{"@type":"ListItem","position":1,"name":"Trang ch\u1ee7","item":"https:\/\/maison-chance.org\/shop\/"},{"@type":"ListItem","position":2,"name":"Shop","item":"https:\/\/maison-chance.org\/shop\/shop"},{"@type":"ListItem","position":3,"name":"Con kh\u1ec9"}]},{"@type":"WebSite","@id":"https:\/\/maison-chance.org\/shop\/#website","url":"https:\/\/maison-chance.org\/shop\/","name":"Nh\u00e0 May M\u1eafn - Maison Chance","description":"M\u1ecdi l\u1ee3i nhu\u1eadn thu v\u1ec1 t\u1eeb vi\u1ec7c b\u00e1n h\u00e0ng s\u1ebd tr\u00edch m\u1ed9t ph\u1ea7n \u0111\u1ec3 ch\u0103m lo cho \u0111\u1eddi s\u1ed1ng c\u00e1c b\u1ea1n khuy\u1ebft t\u1eadt v\u00e0 tr\u1ebb m\u1ed3 c\u00f4i \u1edf \u0111\u00e2y","publisher":{"@id":"https:\/\/maison-chance.org\/shop\/#organization"},"potentialAction":[{"@type":"SearchAction","target":{"@type":"EntryPoint","urlTemplate":"https:\/\/maison-chance.org\/shop\/?s={search_term_string}"},"query-input":{"@type":"PropertyValueSpecification","valueRequired":true,"valueName":"search_term_string"}}],"inLanguage":"vi-VN"},{"@type":"Organization","@id":"https:\/\/maison-chance.org\/shop\/#organization","name":"Nh\u00e0 May M\u1eafn - Maison Chance","url":"https:\/\/maison-chance.org\/shop\/","logo":{"@type":"ImageObject","inLanguage":"vi-VN","@id":"https:\/\/maison-chance.org\/shop\/#\/schema\/logo\/image\/","url":"https:\/\/maison-chance.org\/shop\/wp-content\/uploads\/2024\/03\/cropped-Logo_DNXH.png","contentUrl":"https:\/\/maison-chance.org\/shop\/wp-content\/uploads\/2024\/03\/cropped-Logo_DNXH.png","width":512,"height":512,"caption":"Nh\u00e0 May M\u1eafn - Maison Chance"},"image":{"@id":"https:\/\/maison-chance.org\/shop\/#\/schema\/logo\/image\/"},"sameAs":["https:\/\/www.facebook.com\/dnxh.nhamayman\/"]}]},"og_availability":"instock","product_availability":"instock","product_condition":"new"},"_links":{"self":[{"href":"https:\/\/maison-chance.org\/shop\/wp-json\/wp\/v2\/product\/36808","targetHints":{"allow":["GET"]}}],"collection":[{"href":"https:\/\/maison-chance.org\/shop\/wp-json\/wp\/v2\/product"}],"about":[{"href":"https:\/\/maison-chance.org\/shop\/wp-json\/wp\/v2\/types\/product"}],"wp:featuredmedia":[{"embeddable":true,"href":"https:\/\/maison-chance.org\/shop\/wp-json\/wp\/v2\/media\/40870"}],"wp:attachment":[{"href":"https:\/\/maison-chance.org\/shop\/wp-json\/wp\/v2\/media?parent=36808"}],"wp:term":[{"taxonomy":"product_brand","embeddable":true,"href":"https:\/\/maison-chance.org\/shop\/wp-json\/wp\/v2\/product_brand?post=36808"},{"taxonomy":"product_cat","embeddable":true,"href":"https:\/\/maison-chance.org\/shop\/wp-json\/wp\/v2\/product_cat?post=36808"},{"taxonomy":"product_tag","embeddable":true,"href":"https:\/\/maison-chance.org\/shop\/wp-json\/wp\/v2\/product_tag?post=36808"}],"curies":[{"name":"wp","href":"https:\/\/api.w.org\/{rel}","templated":true}]}}