{"id":36827,"date":"2024-11-07T07:05:28","date_gmt":"2024-11-07T00:05:28","guid":{"rendered":"https:\/\/maison-chance.org\/shop\/?post_type=product&#038;p=36827"},"modified":"2025-03-15T12:45:02","modified_gmt":"2025-03-15T05:45:02","slug":"thu-nhoi-bong-hinh-con-ho-vai-tho-cam","status":"publish","type":"product","link":"https:\/\/maison-chance.org\/shop\/san-pham\/thu-nhoi-bong-hinh-con-ho-vai-tho-cam","title":{"rendered":"Con h\u1ed5"},"content":{"rendered":"<p data-start=\"181\" data-end=\"475\"><strong>H\u1ed4 TH\u1ed4 C\u1ea8M \u2013 BI\u1ec2U T\u01af\u1ee2NG S\u1ee8C M\u1ea0NH, L\u00c1 B\u00d9A B\u00ccNH AN!<\/strong><\/p>\n<p data-start=\"181\" data-end=\"475\">B\u1ea1n \u0111\u00e3 t\u1eebng nghe c\u00e2u n\u00f3i <strong data-start=\"86\" data-end=\"122\">&#8220;H\u1ed5 xu\u1ed1ng n\u00fai, c\u00e1t kh\u00ed tr\u00e0n \u0111\u1ea7y&#8221;<\/strong> ch\u01b0a? T\u1eeb bao \u0111\u1eddi nay, h\u1ed5 kh\u00f4ng ch\u1ec9 l\u00e0 ch\u00faa t\u1ec3 r\u1eebng xanh m\u00e0 c\u00f2n l\u00e0 linh v\u1eadt t\u01b0\u1ee3ng tr\u01b0ng cho s\u1ee9c m\u1ea1nh, l\u00f2ng d\u0169ng c\u1ea3m v\u00e0 s\u1ef1 b\u1ea3o h\u1ed9. Trong v\u0103n h\u00f3a ph\u01b0\u01a1ng \u0110\u00f4ng, h\u1ed5 l\u00e0 hi\u1ec7n th\u00e2n c\u1ee7a \u00fd ch\u00ed ki\u00ean c\u01b0\u1eddng, kh\u1ea3 n\u0103ng tr\u1ea5n \u00e1p t\u00e0 kh\u00ed v\u00e0 mang l\u1ea1i may m\u1eafn, t\u00e0i l\u1ed9c. M\u1ed9t ch\u00fa h\u1ed5 trong nh\u00e0 ch\u00ednh l\u00e0 l\u00e1 b\u00f9a h\u1ed9 m\u1ec7nh, gi\u00fap gia ch\u1ee7 v\u1eefng v\u00e0ng tr\u01b0\u1edbc s\u00f3ng gi\u00f3, m\u1edf l\u1ed1i cho nh\u1eefng \u0111i\u1ec1u t\u1ed1t \u0111\u1eb9p.<\/p>\n<p data-start=\"477\" data-end=\"686\">V\u00e0 gi\u1edd \u0111\u00e2y, tinh th\u1ea7n \u1ea5y \u0111\u01b0\u1ee3c kh\u1eafc h\u1ecda trong t\u1eebng \u0111\u01b0\u1eddng kim, m\u0169i ch\u1ec9 c\u1ee7a nh\u1eefng ch\u00fa h\u1ed5 v\u1ea3i th\u1ed5 c\u1ea9m \u2013 m\u1ed9t s\u1ea3n ph\u1ea9m \u0111\u1ed9c \u0111\u00e1o, \u0111\u1ea7y \u00fd ngh\u0129a, \u0111\u01b0\u1ee3c t\u1ea1o ra b\u1edfi \u0111\u00f4i b\u00e0n tay kh\u00e9o l\u00e9o c\u1ee7a nh\u1eefng ng\u01b0\u1eddi khuy\u1ebft t\u1eadt t\u1ea1i Nh\u00e0 May M\u1eafn.<\/p>\n<p data-start=\"477\" data-end=\"686\"><strong>LINH V\u1eacT B\u1ea2O V\u1ec6, QU\u00c0 T\u1eb6NG T\u00c2M LINH!<\/strong><\/p>\n<p data-start=\"715\" data-end=\"743\"><strong data-start=\"718\" data-end=\"741\">\ud83d\udc2f K\u00edch th\u01b0\u1edbc \u0111a d\u1ea1ng:<\/strong><\/p>\n<ul data-start=\"744\" data-end=\"973\">\n<li data-start=\"744\" data-end=\"819\">4 \u00d7 8 cm \u2013 Nh\u1ecf g\u1ecdn, l\u00e0m m\u00f3c kh\u00f3a ho\u1eb7c treo tr\u00ean c\u1eb7p s\u00e1ch, t\u00fai x\u00e1ch.<\/li>\n<li data-start=\"820\" data-end=\"886\">6 \u00d7 11 cm \u2013 Trang tr\u00ed b\u00e0n l\u00e0m vi\u1ec7c, xe h\u01a1i ho\u1eb7c ph\u00f2ng ng\u1ee7.<\/li>\n<li data-start=\"887\" data-end=\"973\">8 \u00d7 15 cm \u2013 Linh v\u1eadt phong th\u1ee7y \u0111\u1eb7t t\u1ea1i nh\u00e0, gi\u00fap thu h\u00fat n\u0103ng l\u01b0\u1ee3ng t\u00edch c\u1ef1c.<\/li>\n<\/ul>\n<p data-start=\"975\" data-end=\"1003\">\ud83d\udc2f <strong data-start=\"978\" data-end=\"1001\">\u00dd ngh\u0129a phong th\u1ee7y:<\/strong><\/p>\n<ul data-start=\"1004\" data-end=\"1203\">\n<li data-start=\"1004\" data-end=\"1068\">T\u01b0\u1ee3ng tr\u01b0ng cho s\u1ef1 m\u1ea1nh m\u1ebd, ki\u00ean c\u01b0\u1eddng, tr\u00ed tu\u1ec7 s\u1eafc b\u00e9n.<\/li>\n<li data-start=\"1069\" data-end=\"1125\">Mang l\u1ea1i t\u00e0i l\u1ed9c, may m\u1eafn, tr\u1ea5n \u00e1p \u0111i\u1ec1u xui r\u1ee7i.<\/li>\n<li data-start=\"1126\" data-end=\"1203\">L\u00e0 linh v\u1eadt b\u1ea3o h\u1ed9, gi\u00fap ng\u01b0\u1eddi s\u1edf h\u1eefu lu\u00f4n v\u1eefng v\u00e0ng tr\u01b0\u1edbc m\u1ecdi th\u1eed th\u00e1ch.<\/li>\n<\/ul>\n<p data-start=\"1205\" data-end=\"1235\">\ud83d\udc2f <strong data-start=\"1208\" data-end=\"1233\">Ch\u1ea5t li\u1ec7u &amp; thi\u1ebft k\u1ebf:<\/strong><\/p>\n<ul data-start=\"1236\" data-end=\"1500\">\n<li data-start=\"1236\" data-end=\"1317\">\u0110\u01b0\u1ee3c l\u00e0m t\u1eeb v\u1ea3i th\u1ed5 c\u1ea9m truy\u1ec1n th\u1ed1ng, t\u1eebng \u0111\u01b0\u1eddng ch\u1ec9 th\u00eau t\u1ec9 m\u1ec9, s\u1eafc n\u00e9t.<\/li>\n<li data-start=\"1318\" data-end=\"1411\">M\u1ed7i m\u00e0u s\u1eafc mang m\u1ed9t n\u0103ng l\u01b0\u1ee3ng ri\u00eang, ph\u00f9 h\u1ee3p v\u1edbi s\u1edf th\u00edch v\u00e0 phong th\u1ee7y c\u1ee7a t\u1eebng ng\u01b0\u1eddi.<\/li>\n<li data-start=\"1412\" data-end=\"1500\">H\u1ecda ti\u1ebft trang tr\u00ed th\u1ee7 c\u00f4ng, v\u1eeba m\u1ed9c m\u1ea1c, v\u1eeba tinh t\u1ebf, mang \u0111\u1eadm b\u1ea3n s\u1eafc v\u0103n h\u00f3a.<\/li>\n<\/ul>\n<p data-start=\"1502\" data-end=\"1544\">\ud83d\udc2f <strong data-start=\"1505\" data-end=\"1542\">M\u00f3n qu\u00e0 \u00fd ngh\u0129a cho m\u1ecdi l\u1ee9a tu\u1ed5i:<\/strong><\/p>\n<ul data-start=\"1545\" data-end=\"1796\">\n<li data-start=\"1545\" data-end=\"1614\">Tr\u1ebb em: H\u00ecnh t\u01b0\u1ee3ng h\u1ed5 gi\u00fap tr\u1ebb t\u1ef1 tin, m\u1ea1nh m\u1ebd, d\u0169ng c\u1ea3m.<\/li>\n<li data-start=\"1615\" data-end=\"1720\">Ng\u01b0\u1eddi l\u1edbn: H\u1ed5 phong th\u1ee7y mang \u0111\u1ebfn n\u0103ng l\u01b0\u1ee3ng t\u00edch c\u1ef1c, b\u1ea3o v\u1ec7 v\u00e0 h\u1ed7 tr\u1ee3 c\u00f4ng danh, s\u1ef1 nghi\u1ec7p.<\/li>\n<li data-start=\"1721\" data-end=\"1796\">Ng\u01b0\u1eddi cao tu\u1ed5i: M\u1ed9t m\u00f3n qu\u00e0 mang \u00fd ngh\u0129a tr\u01b0\u1eddng th\u1ecd v\u00e0 b\u00ecnh an.<\/li>\n<\/ul>\n<p><strong>KH\u00d4NG CH\u1ec8 L\u00c0 M\u1ed8T M\u00d3N QU\u00c0 \u2013 L\u00c0 C\u1ea2 M\u1ed8T H\u00c0NH TR\u00ccNH Y\u00caU TH\u01af\u01a0NG!<\/strong><\/p>\n<p style=\"text-align: justify\">Khi ch\u1ecdn mua con h\u1ed5 v\u1ea3i th\u1ed5 c\u1ea9m, b\u1ea1n kh\u00f4ng ch\u1ec9 s\u1edf h\u1eefu m\u1ed9t linh v\u1eadt may m\u1eafn, m\u00e0 c\u00f2n g\u00f3p ph\u1ea7n ti\u1ebfp th\u00eam \u0111\u1ed9ng l\u1ef1c s\u1ed1ng cho nh\u1eefng ng\u01b0\u1eddi khuy\u1ebft t\u1eadt \u2013 nh\u1eefng ngh\u1ec7 nh\u00e2n th\u1ea7m l\u1eb7ng nh\u01b0ng ki\u00ean c\u01b0\u1eddng, \u0111ang t\u1eebng ng\u00e0y c\u1ed1 g\u1eafng v\u01b0\u1ee3t l\u00ean s\u1ed1 ph\u1eadn b\u1eb1ng ch\u00ednh \u0111\u00f4i tay c\u1ee7a m\u00ecnh.<\/p>\n<p style=\"text-align: justify\">H\u00e3y nhanh tay \u0111\u1eb7t ngay con h\u1ed5 v\u1ea3i th\u1ed5 c\u1ea9m \u0111\u1ec3 l\u00e0m phong ph\u00fa th\u00eam cho kh\u00f4ng gian s\u1ed1ng c\u1ee7a b\u1ea1n, \u0111\u1ed3ng th\u1eddi th\u1ec3 hi\u1ec7n s\u1ef1 tr\u00e2n tr\u1ecdng \u0111\u1ed1i v\u1edbi t\u00e0i n\u0103ng v\u00e0 c\u00f4ng s\u1ee9c c\u1ee7a nh\u1eefng th\u1ee3 may khuy\u1ebft t\u1eadt. \u0110\u00e2y kh\u00f4ng ch\u1ec9 l\u00e0 m\u1ed9t m\u00f3n \u0111\u1ed3 trang tr\u00ed m\u00e0 c\u00f2n l\u00e0 m\u1ed9t m\u00f3n qu\u00e0 \u00fd ngh\u0129a mang \u0111\u1eadm tinh th\u1ea7n s\u1ebb chia, lan t\u1ecfa t\u00ecnh y\u00eau th\u01b0\u01a1ng \u0111\u1ebfn c\u1ed9ng \u0111\u1ed3ng.<\/p>\n<p><em><strong>H\u1ed5 Th\u1ed5 C\u1ea9m \u2013 S\u1ee9c M\u1ea1nh Ch\u1edf Che, B\u00ecnh An \u0110\u1ed3ng H\u00e0nh!<\/strong><\/em><\/p>\n","protected":false},"excerpt":{"rendered":"<p style=\"text-align: justify\">S\u1ea3n ph\u1ea9m do c\u00e1c b\u1ea1n khuy\u1ebft t\u1eadt k\u00e9m may m\u1eafn s\u1ea3n xu\u1ea5t th\u1ee7 c\u00f4ng k\u00ednh mong nh\u1eadn \u0111\u01b0\u1ee3c s\u1ef1 \u1ee7ng h\u1ed9 c\u1ee7a Qu\u00fd kh\u00e1ch h\u00e0ng.<\/p>\n<p>Ch\u1ea5t li\u1ec7u: V\u1ea3i th\u1ed5 c\u1ea9m<\/p>\n<p>Code: TC03TB<\/p>\n<p>Hotline : <span style=\"font-size: 20px\"><strong><span style=\"color: #ff0000\">0909 06 25 28<\/span><\/strong><\/span><\/p>\n<p style=\"text-align: justify\">N\u1ebfu b\u1ea1n \u1edf Vi\u1ec7t Nam vui l\u00f2ng li\u00ean h\u1ec7 ch\u00fang t\u00f4i theo s\u1ed1 hotline ho\u1eb7c fanpage doanh nghi\u1ec7p Nh\u00e0 May M\u1eafn ch\u00fang t\u00f4i \u0111\u1ec3 bi\u1ebft gi\u00e1 b\u00e1n t\u1ea1i Vi\u1ec7t Nam.<\/p>\n","protected":false},"featured_media":36833,"template":"","meta":[],"product_brand":[],"product_cat":[137,138],"product_tag":[],"class_list":{"0":"post-36827","1":"product","2":"type-product","3":"status-publish","4":"has-post-thumbnail","6":"product_cat-phong-may","7":"product_cat-thu-nhoi-bong","9":"first","10":"instock","11":"shipping-taxable","12":"purchasable","13":"product-type-variable"},"yoast_head":"<!-- This site is optimized with the Yoast SEO Premium plugin v22.7 (Yoast SEO v25.3.1) - https:\/\/yoast.com\/wordpress\/plugins\/seo\/ -->\n<title>Con h\u1ed5 - th\u00fa nh\u1ed3i b\u00f4ng v\u1ea3i th\u1ed5 c\u1ea9m - Nh\u00e0 May M\u1eafn - Maison Chance<\/title>\n<meta name=\"description\" content=\"Th\u00fa nh\u1ed3i b\u00f4ng h\u00ecnh con H\u1ed5 v\u1ea3i th\u1ed5 c\u1ea9m kh\u00f4ng ch\u1ec9 l\u00e0 m\u1ed9t m\u00f3n \u0111\u1ed3 ch\u01a1i hay qu\u00e0 l\u01b0u ni\u1ec7m m\u00e0 c\u00f2n l\u00e0 m\u1ed9t ph\u1ee5 ki\u1ec7n trang tr\u00ed \u0111\u1ea7y phong c\u00e1ch. V\u1edbi ba k\u00edch th\u01b0\u1edbc linh ho\u1ea1t \u2013 4 \u00d7 8 cm, 6 \u00d7 11 cm v\u00e0 8 \u00d7 15 cm \u2013 b\u1ea1n c\u00f3 th\u1ec3 d\u1ec5 d\u00e0ng \u0111\u1eb7t s\u1ea3n ph\u1ea9m n\u00e0y \u1edf nhi\u1ec1u v\u1ecb tr\u00ed kh\u00e1c nhau trong ng\u00f4i nh\u00e0\" \/>\n<meta name=\"robots\" content=\"index, follow, max-snippet:-1, max-image-preview:large, max-video-preview:-1\" \/>\n<link rel=\"canonical\" href=\"https:\/\/maison-chance.org\/shop\/san-pham\/thu-nhoi-bong-hinh-con-ho-vai-tho-cam\" \/>\n<meta property=\"og:locale\" content=\"vi_VN\" \/>\n<meta property=\"og:type\" content=\"article\" \/>\n<meta property=\"og:title\" content=\"Con h\u1ed5\" \/>\n<meta property=\"og:description\" content=\"Th\u00fa nh\u1ed3i b\u00f4ng h\u00ecnh con H\u1ed5 v\u1ea3i th\u1ed5 c\u1ea9m kh\u00f4ng ch\u1ec9 l\u00e0 m\u1ed9t m\u00f3n \u0111\u1ed3 ch\u01a1i hay qu\u00e0 l\u01b0u ni\u1ec7m m\u00e0 c\u00f2n l\u00e0 m\u1ed9t ph\u1ee5 ki\u1ec7n trang tr\u00ed \u0111\u1ea7y phong c\u00e1ch. V\u1edbi ba k\u00edch th\u01b0\u1edbc linh ho\u1ea1t \u2013 4 \u00d7 8 cm, 6 \u00d7 11 cm v\u00e0 8 \u00d7 15 cm \u2013 b\u1ea1n c\u00f3 th\u1ec3 d\u1ec5 d\u00e0ng \u0111\u1eb7t s\u1ea3n ph\u1ea9m n\u00e0y \u1edf nhi\u1ec1u v\u1ecb tr\u00ed kh\u00e1c nhau trong ng\u00f4i nh\u00e0\" \/>\n<meta property=\"og:url\" content=\"https:\/\/maison-chance.org\/shop\/san-pham\/thu-nhoi-bong-hinh-con-ho-vai-tho-cam\" \/>\n<meta property=\"og:site_name\" content=\"Nh\u00e0 May M\u1eafn - Maison Chance\" \/>\n<meta property=\"article:publisher\" content=\"https:\/\/www.facebook.com\/dnxh.nhamayman\/\" \/>\n<meta property=\"article:modified_time\" content=\"2025-03-15T05:45:02+00:00\" \/>\n<meta property=\"og:image\" content=\"https:\/\/maison-chance.org\/shop\/wp-content\/uploads\/2024\/04\/thu-nhoi-bong-hinh-con-ho-vai-tho-cam-1.jpg\" \/>\n\t<meta property=\"og:image:width\" content=\"600\" \/>\n\t<meta property=\"og:image:height\" content=\"600\" \/>\n\t<meta property=\"og:image:type\" content=\"image\/jpeg\" \/>\n<meta name=\"twitter:card\" content=\"summary_large_image\" \/>\n<meta name=\"twitter:label1\" content=\"Availability\" \/>\n\t<meta name=\"twitter:data1\" content=\"In stock\" \/>\n<script type=\"application\/ld+json\" class=\"yoast-schema-graph\">{\"@context\":\"https:\/\/schema.org\",\"@graph\":[{\"@type\":\"WebPage\",\"@id\":\"https:\/\/maison-chance.org\/shop\/san-pham\/thu-nhoi-bong-hinh-con-ho-vai-tho-cam\",\"url\":\"https:\/\/maison-chance.org\/shop\/san-pham\/thu-nhoi-bong-hinh-con-ho-vai-tho-cam\",\"name\":\"Con h\u1ed5 - th\u00fa nh\u1ed3i b\u00f4ng v\u1ea3i th\u1ed5 c\u1ea9m - Nh\u00e0 May M\u1eafn - Maison Chance\",\"isPartOf\":{\"@id\":\"https:\/\/maison-chance.org\/shop\/#website\"},\"primaryImageOfPage\":{\"@id\":\"https:\/\/maison-chance.org\/shop\/san-pham\/thu-nhoi-bong-hinh-con-ho-vai-tho-cam#primaryimage\"},\"image\":{\"@id\":\"https:\/\/maison-chance.org\/shop\/san-pham\/thu-nhoi-bong-hinh-con-ho-vai-tho-cam#primaryimage\"},\"thumbnailUrl\":\"https:\/\/maison-chance.org\/shop\/wp-content\/uploads\/2024\/04\/thu-nhoi-bong-hinh-con-ho-vai-tho-cam-1.jpg\",\"datePublished\":\"2024-11-07T00:05:28+00:00\",\"dateModified\":\"2025-03-15T05:45:02+00:00\",\"description\":\"Th\u00fa nh\u1ed3i b\u00f4ng h\u00ecnh con H\u1ed5 v\u1ea3i th\u1ed5 c\u1ea9m kh\u00f4ng ch\u1ec9 l\u00e0 m\u1ed9t m\u00f3n \u0111\u1ed3 ch\u01a1i hay qu\u00e0 l\u01b0u ni\u1ec7m m\u00e0 c\u00f2n l\u00e0 m\u1ed9t ph\u1ee5 ki\u1ec7n trang tr\u00ed \u0111\u1ea7y phong c\u00e1ch. V\u1edbi ba k\u00edch th\u01b0\u1edbc linh ho\u1ea1t \u2013 4 \u00d7 8 cm, 6 \u00d7 11 cm v\u00e0 8 \u00d7 15 cm \u2013 b\u1ea1n c\u00f3 th\u1ec3 d\u1ec5 d\u00e0ng \u0111\u1eb7t s\u1ea3n ph\u1ea9m n\u00e0y \u1edf nhi\u1ec1u v\u1ecb tr\u00ed kh\u00e1c nhau trong ng\u00f4i nh\u00e0\",\"breadcrumb\":{\"@id\":\"https:\/\/maison-chance.org\/shop\/san-pham\/thu-nhoi-bong-hinh-con-ho-vai-tho-cam#breadcrumb\"},\"inLanguage\":\"vi-VN\",\"potentialAction\":[{\"@type\":\"ReadAction\",\"target\":[\"https:\/\/maison-chance.org\/shop\/san-pham\/thu-nhoi-bong-hinh-con-ho-vai-tho-cam\"]}]},{\"@type\":\"ImageObject\",\"inLanguage\":\"vi-VN\",\"@id\":\"https:\/\/maison-chance.org\/shop\/san-pham\/thu-nhoi-bong-hinh-con-ho-vai-tho-cam#primaryimage\",\"url\":\"https:\/\/maison-chance.org\/shop\/wp-content\/uploads\/2024\/04\/thu-nhoi-bong-hinh-con-ho-vai-tho-cam-1.jpg\",\"contentUrl\":\"https:\/\/maison-chance.org\/shop\/wp-content\/uploads\/2024\/04\/thu-nhoi-bong-hinh-con-ho-vai-tho-cam-1.jpg\",\"width\":600,\"height\":600,\"caption\":\"Th\u00fa nh\u1ed3i b\u00f4ng h\u00ecnh con H\u1ed5 v\u1ea3i th\u1ed5 c\u1ea9m\"},{\"@type\":\"BreadcrumbList\",\"@id\":\"https:\/\/maison-chance.org\/shop\/san-pham\/thu-nhoi-bong-hinh-con-ho-vai-tho-cam#breadcrumb\",\"itemListElement\":[{\"@type\":\"ListItem\",\"position\":1,\"name\":\"Trang ch\u1ee7\",\"item\":\"https:\/\/maison-chance.org\/shop\/\"},{\"@type\":\"ListItem\",\"position\":2,\"name\":\"Shop\",\"item\":\"https:\/\/maison-chance.org\/shop\/shop\"},{\"@type\":\"ListItem\",\"position\":3,\"name\":\"Con h\u1ed5\"}]},{\"@type\":\"WebSite\",\"@id\":\"https:\/\/maison-chance.org\/shop\/#website\",\"url\":\"https:\/\/maison-chance.org\/shop\/\",\"name\":\"Nh\u00e0 May M\u1eafn - Maison Chance\",\"description\":\"M\u1ecdi l\u1ee3i nhu\u1eadn thu v\u1ec1 t\u1eeb vi\u1ec7c b\u00e1n h\u00e0ng s\u1ebd tr\u00edch m\u1ed9t ph\u1ea7n \u0111\u1ec3 ch\u0103m lo cho \u0111\u1eddi s\u1ed1ng c\u00e1c b\u1ea1n khuy\u1ebft t\u1eadt v\u00e0 tr\u1ebb m\u1ed3 c\u00f4i \u1edf \u0111\u00e2y\",\"publisher\":{\"@id\":\"https:\/\/maison-chance.org\/shop\/#organization\"},\"potentialAction\":[{\"@type\":\"SearchAction\",\"target\":{\"@type\":\"EntryPoint\",\"urlTemplate\":\"https:\/\/maison-chance.org\/shop\/?s={search_term_string}\"},\"query-input\":{\"@type\":\"PropertyValueSpecification\",\"valueRequired\":true,\"valueName\":\"search_term_string\"}}],\"inLanguage\":\"vi-VN\"},{\"@type\":\"Organization\",\"@id\":\"https:\/\/maison-chance.org\/shop\/#organization\",\"name\":\"Nh\u00e0 May M\u1eafn - Maison Chance\",\"url\":\"https:\/\/maison-chance.org\/shop\/\",\"logo\":{\"@type\":\"ImageObject\",\"inLanguage\":\"vi-VN\",\"@id\":\"https:\/\/maison-chance.org\/shop\/#\/schema\/logo\/image\/\",\"url\":\"https:\/\/maison-chance.org\/shop\/wp-content\/uploads\/2024\/03\/cropped-Logo_DNXH.png\",\"contentUrl\":\"https:\/\/maison-chance.org\/shop\/wp-content\/uploads\/2024\/03\/cropped-Logo_DNXH.png\",\"width\":512,\"height\":512,\"caption\":\"Nh\u00e0 May M\u1eafn - Maison Chance\"},\"image\":{\"@id\":\"https:\/\/maison-chance.org\/shop\/#\/schema\/logo\/image\/\"},\"sameAs\":[\"https:\/\/www.facebook.com\/dnxh.nhamayman\/\"]}]}<\/script>\n<meta property=\"og:availability\" content=\"instock\" \/>\n<meta property=\"product:availability\" content=\"instock\" \/>\n<meta property=\"product:condition\" content=\"new\" \/>\n<!-- \/ Yoast SEO Premium plugin. -->","yoast_head_json":{"title":"Con h\u1ed5 - th\u00fa nh\u1ed3i b\u00f4ng v\u1ea3i th\u1ed5 c\u1ea9m - Nh\u00e0 May M\u1eafn - Maison Chance","description":"Th\u00fa nh\u1ed3i b\u00f4ng h\u00ecnh con H\u1ed5 v\u1ea3i th\u1ed5 c\u1ea9m kh\u00f4ng ch\u1ec9 l\u00e0 m\u1ed9t m\u00f3n \u0111\u1ed3 ch\u01a1i hay qu\u00e0 l\u01b0u ni\u1ec7m m\u00e0 c\u00f2n l\u00e0 m\u1ed9t ph\u1ee5 ki\u1ec7n trang tr\u00ed \u0111\u1ea7y phong c\u00e1ch. V\u1edbi ba k\u00edch th\u01b0\u1edbc linh ho\u1ea1t \u2013 4 \u00d7 8 cm, 6 \u00d7 11 cm v\u00e0 8 \u00d7 15 cm \u2013 b\u1ea1n c\u00f3 th\u1ec3 d\u1ec5 d\u00e0ng \u0111\u1eb7t s\u1ea3n ph\u1ea9m n\u00e0y \u1edf nhi\u1ec1u v\u1ecb tr\u00ed kh\u00e1c nhau trong ng\u00f4i nh\u00e0","robots":{"index":"index","follow":"follow","max-snippet":"max-snippet:-1","max-image-preview":"max-image-preview:large","max-video-preview":"max-video-preview:-1"},"canonical":"https:\/\/maison-chance.org\/shop\/san-pham\/thu-nhoi-bong-hinh-con-ho-vai-tho-cam","og_locale":"vi_VN","og_type":"article","og_title":"Con h\u1ed5","og_description":"Th\u00fa nh\u1ed3i b\u00f4ng h\u00ecnh con H\u1ed5 v\u1ea3i th\u1ed5 c\u1ea9m kh\u00f4ng ch\u1ec9 l\u00e0 m\u1ed9t m\u00f3n \u0111\u1ed3 ch\u01a1i hay qu\u00e0 l\u01b0u ni\u1ec7m m\u00e0 c\u00f2n l\u00e0 m\u1ed9t ph\u1ee5 ki\u1ec7n trang tr\u00ed \u0111\u1ea7y phong c\u00e1ch. V\u1edbi ba k\u00edch th\u01b0\u1edbc linh ho\u1ea1t \u2013 4 \u00d7 8 cm, 6 \u00d7 11 cm v\u00e0 8 \u00d7 15 cm \u2013 b\u1ea1n c\u00f3 th\u1ec3 d\u1ec5 d\u00e0ng \u0111\u1eb7t s\u1ea3n ph\u1ea9m n\u00e0y \u1edf nhi\u1ec1u v\u1ecb tr\u00ed kh\u00e1c nhau trong ng\u00f4i nh\u00e0","og_url":"https:\/\/maison-chance.org\/shop\/san-pham\/thu-nhoi-bong-hinh-con-ho-vai-tho-cam","og_site_name":"Nh\u00e0 May M\u1eafn - Maison Chance","article_publisher":"https:\/\/www.facebook.com\/dnxh.nhamayman\/","article_modified_time":"2025-03-15T05:45:02+00:00","og_image":[{"width":600,"height":600,"url":"https:\/\/maison-chance.org\/shop\/wp-content\/uploads\/2024\/04\/thu-nhoi-bong-hinh-con-ho-vai-tho-cam-1.jpg","type":"image\/jpeg"}],"twitter_card":"summary_large_image","twitter_misc":{"Availability":"In stock"},"schema":{"@context":"https:\/\/schema.org","@graph":[{"@type":"WebPage","@id":"https:\/\/maison-chance.org\/shop\/san-pham\/thu-nhoi-bong-hinh-con-ho-vai-tho-cam","url":"https:\/\/maison-chance.org\/shop\/san-pham\/thu-nhoi-bong-hinh-con-ho-vai-tho-cam","name":"Con h\u1ed5 - th\u00fa nh\u1ed3i b\u00f4ng v\u1ea3i th\u1ed5 c\u1ea9m - Nh\u00e0 May M\u1eafn - Maison Chance","isPartOf":{"@id":"https:\/\/maison-chance.org\/shop\/#website"},"primaryImageOfPage":{"@id":"https:\/\/maison-chance.org\/shop\/san-pham\/thu-nhoi-bong-hinh-con-ho-vai-tho-cam#primaryimage"},"image":{"@id":"https:\/\/maison-chance.org\/shop\/san-pham\/thu-nhoi-bong-hinh-con-ho-vai-tho-cam#primaryimage"},"thumbnailUrl":"https:\/\/maison-chance.org\/shop\/wp-content\/uploads\/2024\/04\/thu-nhoi-bong-hinh-con-ho-vai-tho-cam-1.jpg","datePublished":"2024-11-07T00:05:28+00:00","dateModified":"2025-03-15T05:45:02+00:00","description":"Th\u00fa nh\u1ed3i b\u00f4ng h\u00ecnh con H\u1ed5 v\u1ea3i th\u1ed5 c\u1ea9m kh\u00f4ng ch\u1ec9 l\u00e0 m\u1ed9t m\u00f3n \u0111\u1ed3 ch\u01a1i hay qu\u00e0 l\u01b0u ni\u1ec7m m\u00e0 c\u00f2n l\u00e0 m\u1ed9t ph\u1ee5 ki\u1ec7n trang tr\u00ed \u0111\u1ea7y phong c\u00e1ch. V\u1edbi ba k\u00edch th\u01b0\u1edbc linh ho\u1ea1t \u2013 4 \u00d7 8 cm, 6 \u00d7 11 cm v\u00e0 8 \u00d7 15 cm \u2013 b\u1ea1n c\u00f3 th\u1ec3 d\u1ec5 d\u00e0ng \u0111\u1eb7t s\u1ea3n ph\u1ea9m n\u00e0y \u1edf nhi\u1ec1u v\u1ecb tr\u00ed kh\u00e1c nhau trong ng\u00f4i nh\u00e0","breadcrumb":{"@id":"https:\/\/maison-chance.org\/shop\/san-pham\/thu-nhoi-bong-hinh-con-ho-vai-tho-cam#breadcrumb"},"inLanguage":"vi-VN","potentialAction":[{"@type":"ReadAction","target":["https:\/\/maison-chance.org\/shop\/san-pham\/thu-nhoi-bong-hinh-con-ho-vai-tho-cam"]}]},{"@type":"ImageObject","inLanguage":"vi-VN","@id":"https:\/\/maison-chance.org\/shop\/san-pham\/thu-nhoi-bong-hinh-con-ho-vai-tho-cam#primaryimage","url":"https:\/\/maison-chance.org\/shop\/wp-content\/uploads\/2024\/04\/thu-nhoi-bong-hinh-con-ho-vai-tho-cam-1.jpg","contentUrl":"https:\/\/maison-chance.org\/shop\/wp-content\/uploads\/2024\/04\/thu-nhoi-bong-hinh-con-ho-vai-tho-cam-1.jpg","width":600,"height":600,"caption":"Th\u00fa nh\u1ed3i b\u00f4ng h\u00ecnh con H\u1ed5 v\u1ea3i th\u1ed5 c\u1ea9m"},{"@type":"BreadcrumbList","@id":"https:\/\/maison-chance.org\/shop\/san-pham\/thu-nhoi-bong-hinh-con-ho-vai-tho-cam#breadcrumb","itemListElement":[{"@type":"ListItem","position":1,"name":"Trang ch\u1ee7","item":"https:\/\/maison-chance.org\/shop\/"},{"@type":"ListItem","position":2,"name":"Shop","item":"https:\/\/maison-chance.org\/shop\/shop"},{"@type":"ListItem","position":3,"name":"Con h\u1ed5"}]},{"@type":"WebSite","@id":"https:\/\/maison-chance.org\/shop\/#website","url":"https:\/\/maison-chance.org\/shop\/","name":"Nh\u00e0 May M\u1eafn - Maison Chance","description":"M\u1ecdi l\u1ee3i nhu\u1eadn thu v\u1ec1 t\u1eeb vi\u1ec7c b\u00e1n h\u00e0ng s\u1ebd tr\u00edch m\u1ed9t ph\u1ea7n \u0111\u1ec3 ch\u0103m lo cho \u0111\u1eddi s\u1ed1ng c\u00e1c b\u1ea1n khuy\u1ebft t\u1eadt v\u00e0 tr\u1ebb m\u1ed3 c\u00f4i \u1edf \u0111\u00e2y","publisher":{"@id":"https:\/\/maison-chance.org\/shop\/#organization"},"potentialAction":[{"@type":"SearchAction","target":{"@type":"EntryPoint","urlTemplate":"https:\/\/maison-chance.org\/shop\/?s={search_term_string}"},"query-input":{"@type":"PropertyValueSpecification","valueRequired":true,"valueName":"search_term_string"}}],"inLanguage":"vi-VN"},{"@type":"Organization","@id":"https:\/\/maison-chance.org\/shop\/#organization","name":"Nh\u00e0 May M\u1eafn - Maison Chance","url":"https:\/\/maison-chance.org\/shop\/","logo":{"@type":"ImageObject","inLanguage":"vi-VN","@id":"https:\/\/maison-chance.org\/shop\/#\/schema\/logo\/image\/","url":"https:\/\/maison-chance.org\/shop\/wp-content\/uploads\/2024\/03\/cropped-Logo_DNXH.png","contentUrl":"https:\/\/maison-chance.org\/shop\/wp-content\/uploads\/2024\/03\/cropped-Logo_DNXH.png","width":512,"height":512,"caption":"Nh\u00e0 May M\u1eafn - Maison Chance"},"image":{"@id":"https:\/\/maison-chance.org\/shop\/#\/schema\/logo\/image\/"},"sameAs":["https:\/\/www.facebook.com\/dnxh.nhamayman\/"]}]},"og_availability":"instock","product_availability":"instock","product_condition":"new"},"_links":{"self":[{"href":"https:\/\/maison-chance.org\/shop\/wp-json\/wp\/v2\/product\/36827","targetHints":{"allow":["GET"]}}],"collection":[{"href":"https:\/\/maison-chance.org\/shop\/wp-json\/wp\/v2\/product"}],"about":[{"href":"https:\/\/maison-chance.org\/shop\/wp-json\/wp\/v2\/types\/product"}],"wp:featuredmedia":[{"embeddable":true,"href":"https:\/\/maison-chance.org\/shop\/wp-json\/wp\/v2\/media\/36833"}],"wp:attachment":[{"href":"https:\/\/maison-chance.org\/shop\/wp-json\/wp\/v2\/media?parent=36827"}],"wp:term":[{"taxonomy":"product_brand","embeddable":true,"href":"https:\/\/maison-chance.org\/shop\/wp-json\/wp\/v2\/product_brand?post=36827"},{"taxonomy":"product_cat","embeddable":true,"href":"https:\/\/maison-chance.org\/shop\/wp-json\/wp\/v2\/product_cat?post=36827"},{"taxonomy":"product_tag","embeddable":true,"href":"https:\/\/maison-chance.org\/shop\/wp-json\/wp\/v2\/product_tag?post=36827"}],"curies":[{"name":"wp","href":"https:\/\/api.w.org\/{rel}","templated":true}]}}