{"id":36845,"date":"2024-11-06T07:05:28","date_gmt":"2024-11-06T00:05:28","guid":{"rendered":"https:\/\/maison-chance.org\/shop\/?post_type=product&#038;p=36845"},"modified":"2025-03-15T11:04:29","modified_gmt":"2025-03-15T04:04:29","slug":"thu-nhoi-bong-hinh-con-rong-vai-tho-cam","status":"publish","type":"product","link":"https:\/\/maison-chance.org\/shop\/san-pham\/thu-nhoi-bong-hinh-con-rong-vai-tho-cam","title":{"rendered":"Con r\u1ed3ng"},"content":{"rendered":"<p style=\"text-align: justify\">N\u1ebfu b\u1ea1n \u0111ang t\u00ecm ki\u1ebfm m\u1ed9t m\u00f3n qu\u00e0 v\u1eeba \u0111\u1ed9c \u0111\u00e1o, v\u1eeba mang \u00fd ngh\u0129a s\u00e2u s\u1eafc \u2013 th\u00ec \u0111\u00e2y ch\u00ednh l\u00e0 n\u00f3! M\u1ed9t ch\u00fa r\u1ed3ng nh\u1ecf nh\u1eafn nh\u01b0ng ch\u1ee9a \u0111\u1ef1ng s\u1ef1 uy nghi, m\u1ed9t m\u00f3n \u0111\u1ed3 trang tr\u00ed nh\u01b0ng l\u1ea1i mang s\u1ee9c m\u1ea1nh phong th\u1ee7y, v\u00e0 tr\u00ean h\u1ebft, l\u00e0 t\u00e2m huy\u1ebft c\u1ee7a nh\u1eefng ng\u01b0\u1eddi th\u1ee3 khuy\u1ebft t\u1eadt, t\u1eebng ng\u00e0y mi\u1ec7t m\u00e0i kh\u00e2u v\u00e1 b\u1eb1ng c\u1ea3 tr\u00e1i tim.<\/p>\n<p style=\"text-align: justify\">B\u1ea1n c\u00f3 bao gi\u1edd ch\u1ea1m tay v\u00e0o m\u1ed9t linh v\u1eadt mang c\u1ea3 h\u1ed3n thi\u00eang \u0111\u1ea5t tr\u1eddi?<\/p>\n<p data-start=\"1202\" data-end=\"1257\"><strong data-start=\"1207\" data-end=\"1255\">V\u1eba \u0110\u1eb8P HO\u00c0N M\u1ef8 \u2013 KHI TH\u1ed4 C\u1ea8M G\u1eb6P HUY\u1ec0N THO\u1ea0I<\/strong><\/p>\n<ul>\n<li data-start=\"1258\" data-end=\"1693\"><strong data-start=\"1261\" data-end=\"1295\">Ch\u1ea5t li\u1ec7u th\u1ed5 c\u1ea9m truy\u1ec1n th\u1ed1ng<\/strong> \u2013 Nh\u1eefng hoa v\u0103n h\u00ecnh h\u1ecdc tinh t\u1ebf, th\u1ec3 hi\u1ec7n n\u00e9t \u0111\u1eb9p v\u0103n h\u00f3a b\u1ea3n \u0111\u1ecba.<\/li>\n<li data-start=\"1258\" data-end=\"1693\"><strong data-start=\"1369\" data-end=\"1396\">Ph\u1ed1i m\u00e0u \u0111\u1ea7y ngh\u1ec7 thu\u1eadt<\/strong> \u2013 \u0110\u1ecf \u0111\u00f4 sang tr\u1ecdng, xanh ng\u1ecdc thanh tho\u00e1t, h\u00f2a quy\u1ec7n c\u00f9ng nh\u1eefng \u0111\u01b0\u1eddng h\u1ecda ti\u1ebft tr\u1eafng tinh kh\u00f4i, t\u1ea1o n\u00ean t\u1ed5ng th\u1ec3 cu\u1ed1n h\u00fat.<\/li>\n<li data-start=\"1258\" data-end=\"1693\"><strong data-start=\"1537\" data-end=\"1559\">Thi\u1ebft k\u1ebf s\u1ed1ng \u0111\u1ed9ng<\/strong> \u2013 S\u1eebng r\u1ed3ng oai v\u1ec7, m\u00f3ng vu\u1ed1t s\u1eafc n\u00e9t, t\u1eebng chi\u1ebfc gai l\u01b0ng \u0111\u01b0\u1ee3c may t\u1ec9 m\u1ec9, mang \u0111\u1ebfn th\u1ea7n th\u00e1i uy nghi c\u1ee7a linh v\u1eadt huy\u1ec1n tho\u1ea1i.<\/li>\n<\/ul>\n<p data-start=\"547\" data-end=\"602\"><strong data-start=\"553\" data-end=\"600\">R\u1ed2NG \u2013 LINH V\u1eacT QUY\u1ec0N N\u0102NG TRONG PHONG TH\u1ee6Y<\/strong><\/p>\n<p>Trong v\u0103n h\u00f3a ph\u01b0\u01a1ng \u0110\u00f4ng, r\u1ed3ng l\u00e0 bi\u1ec3u t\u01b0\u1ee3ng c\u1ee7a s\u1ee9c m\u1ea1nh, tr\u00ed tu\u1ec7 v\u00e0 ph\u00fa qu\u00fd.<\/p>\n<ul>\n<li data-start=\"603\" data-end=\"942\"><strong data-start=\"692\" data-end=\"722\">\u0110\u1eb7t r\u1ed3ng tr\u00ean b\u00e0n l\u00e0m vi\u1ec7c<\/strong> \u2013 Gia t\u0103ng may m\u1eafn, th\u0103ng ti\u1ebfn trong s\u1ef1 nghi\u1ec7p.<\/li>\n<li data-start=\"603\" data-end=\"942\"><strong data-start=\"776\" data-end=\"804\">Trang tr\u00ed r\u1ed3ng trong nh\u00e0<\/strong> \u2013 Thu h\u00fat t\u00e0i l\u1ed9c, b\u1ea3o v\u1ec7 gia \u0111\u00ecnh kh\u1ecfi v\u1eadn xui.<\/li>\n<li data-start=\"603\" data-end=\"942\"><strong data-start=\"859\" data-end=\"886\">Mang theo r\u1ed3ng b\u00ean m\u00ecnh<\/strong> \u2013 T\u0103ng c\u01b0\u1eddng n\u0103ng l\u01b0\u1ee3ng t\u00edch c\u1ef1c, s\u1ef1 t\u1ef1 tin v\u00e0 \u00fd ch\u00ed.<\/li>\n<\/ul>\n<p>K\u00edch th\u01b0\u1edbc \u0111a d\u1ea1ng:<\/p>\n<ul>\n<li data-start=\"603\" data-end=\"942\"><strong data-start=\"457\" data-end=\"476\">Nh\u1ecf (4 \u00d7 22 cm)<\/strong> \u2013 V\u1eeba tay, mang theo b\u00ean m\u00ecnh nh\u01b0 m\u1ed9t l\u00e1 b\u00f9a may m\u1eafn.<\/li>\n<li data-start=\"603\" data-end=\"942\"><strong data-start=\"535\" data-end=\"554\">V\u1eeba (5 \u00d7 26 cm)<\/strong> \u2013 Trang tr\u00ed g\u00f3c l\u00e0m vi\u1ec7c, thu h\u00fat t\u00e0i l\u1ed9c.<\/li>\n<li data-start=\"603\" data-end=\"942\"><strong data-start=\"602\" data-end=\"621\">L\u1edbn (6 \u00d7 30 cm)<\/strong> \u2013 \u0110i\u1ec3m nh\u1ea5n phong th\u1ee7y trong kh\u00f4ng gian s\u1ed1ng.<\/li>\n<\/ul>\n<p style=\"text-align: justify\">H\u00e3y \u0111\u1ec3 con r\u1ed3ng v\u1ea3i th\u1ed5 c\u1ea9m t\u1eeb Nh\u00e0 May M\u1eafn tr\u1edf th\u00e0nh m\u1ed9t ph\u1ea7n trong kh\u00f4ng gian s\u1ed1ng c\u1ee7a b\u1ea1n. M\u1ed7i s\u1ea3n ph\u1ea9m \u0111\u01b0\u1ee3c t\u1ea1o ra kh\u00f4ng ch\u1ec9 l\u00e0 m\u00f3n \u0111\u1ed3 trang tr\u00ed \u0111\u01a1n thu\u1ea7n, m\u00e0 c\u00f2n l\u00e0 c\u1ea7u n\u1ed1i y\u00eau th\u01b0\u01a1ng, l\u00e0 ni\u1ec1m tin v\u00e0 hy v\u1ecdng c\u1ee7a nh\u1eefng ng\u01b0\u1eddi <a href=\"https:\/\/maison-chance.org\/shop\/nong-san-dak-nong\">th\u1ee3 may khuy\u1ebft t\u1eadt<\/a>. B\u1eb1ng c\u00e1ch mua s\u1eafm v\u00e0 \u1ee7ng h\u1ed9 s\u1ea3n ph\u1ea9m c\u1ee7a Nh\u00e0 May M\u1eafn, b\u1ea1n \u0111ang g\u00f3p ph\u1ea7n t\u1ea1o n\u00ean nh\u1eefng \u0111i\u1ec1u k\u1ef3 di\u1ec7u trong cu\u1ed9c s\u1ed1ng c\u1ee7a nh\u1eefng con ng\u01b0\u1eddi \u0111\u1eb7c bi\u1ec7t n\u00e0y.<\/p>\n<p style=\"text-align: justify\">H\u00e3y li\u00ean h\u1ec7 ngay v\u1edbi <a href=\"https:\/\/maison-chance.org\/shop\">Nh\u00e0 May M\u1eafn<\/a> \u0111\u1ec3 s\u1edf h\u1eefu nh\u1eefng s\u1ea3n ph\u1ea9m con r\u1ed3ng v\u1ea3i th\u1ed5 c\u1ea9m \u0111\u1ed9c \u0111\u00e1o, g\u00f3p ph\u1ea7n lan t\u1ecfa y\u00eau th\u01b0\u01a1ng v\u00e0 ni\u1ec1m tin v\u00e0o cu\u1ed9c s\u1ed1ng. M\u1ed7i s\u1ea3n ph\u1ea9m b\u1ea1n mua l\u00e0 m\u1ed9t l\u1eddi \u0111\u1ed9ng vi\u00ean, l\u00e0 ngu\u1ed3n \u0111\u1ed9ng l\u1ef1c \u0111\u1ec3 c\u00e1c th\u1ee3 may khuy\u1ebft t\u1eadt ti\u1ebfp t\u1ee5c c\u1ed1ng hi\u1ebfn v\u00e0 s\u00e1ng t\u1ea1o nh\u1eefng t\u00e1c ph\u1ea9m th\u1ee7 c\u00f4ng tuy\u1ec7t v\u1eddi.<\/p>\n<p><strong><em>R\u1ed3ng th\u1ed5 c\u1ea9m \u2013 Quy\u1ec1n uy &amp; May m\u1eafn trong tay b\u1ea1n!<\/em><\/strong><\/p>\n","protected":false},"excerpt":{"rendered":"<p style=\"text-align: justify\">S\u1ea3n ph\u1ea9m do c\u00e1c b\u1ea1n khuy\u1ebft t\u1eadt k\u00e9m may m\u1eafn s\u1ea3n xu\u1ea5t th\u1ee7 c\u00f4ng k\u00ednh mong nh\u1eadn \u0111\u01b0\u1ee3c s\u1ef1 \u1ee7ng h\u1ed9 c\u1ee7a Qu\u00fd kh\u00e1ch h\u00e0ng.<\/p>\n<p>Ch\u1ea5t li\u1ec7u: V\u1ea3i th\u1ed5 c\u1ea9m<\/p>\n<p>Code: TC05TB<\/p>\n<p>Hotline : <span style=\"font-size: 20px\"><strong><span style=\"color: #ff0000\">0909 06 25 28<\/span><\/strong><\/span><\/p>\n<p style=\"text-align: justify\">N\u1ebfu b\u1ea1n \u1edf Vi\u1ec7t Nam vui l\u00f2ng li\u00ean h\u1ec7 ch\u00fang t\u00f4i theo s\u1ed1 hotline ho\u1eb7c fanpage doanh nghi\u1ec7p Nh\u00e0 May M\u1eafn ch\u00fang t\u00f4i \u0111\u1ec3 bi\u1ebft gi\u00e1 b\u00e1n t\u1ea1i Vi\u1ec7t Nam.<\/p>\n","protected":false},"featured_media":36851,"template":"","meta":[],"product_brand":[],"product_cat":[137,138],"product_tag":[],"class_list":{"0":"post-36845","1":"product","2":"type-product","3":"status-publish","4":"has-post-thumbnail","6":"product_cat-phong-may","7":"product_cat-thu-nhoi-bong","9":"first","10":"instock","11":"shipping-taxable","12":"purchasable","13":"product-type-variable"},"yoast_head":"<!-- This site is optimized with the Yoast SEO Premium plugin v22.7 (Yoast SEO v25.3.1) - https:\/\/yoast.com\/wordpress\/plugins\/seo\/ -->\n<title>Con r\u1ed3ng - th\u00fa nh\u1ed3i b\u00f4ng v\u1ea3i th\u1ed5 c\u1ea9m - Nh\u00e0 May M\u1eafn - Maison Chance<\/title>\n<meta name=\"description\" content=\"Th\u00fa nh\u1ed3i b\u00f4ng h\u00ecnh con R\u1ed3ng v\u1ea3i th\u1ed5 c\u1ea9m l\u00e0 l\u1ef1a ch\u1ecdn ho\u00e0n h\u1ea3o \u0111\u1ec3 trang tr\u00ed nhi\u1ec1u kh\u00f4ng gian kh\u00e1c nhau. Trong ph\u00f2ng kh\u00e1ch, n\u00f3 c\u00f3 th\u1ec3 \u0111\u01b0\u1ee3c \u0111\u1eb7t tr\u00ean k\u1ec7 s\u00e1ch hay b\u00e0n tr\u00e0 nh\u01b0 m\u1ed9t \u0111i\u1ec3m nh\u1ea5n \u0111\u1ed9c \u0111\u00e1o\" \/>\n<meta name=\"robots\" content=\"index, follow, max-snippet:-1, max-image-preview:large, max-video-preview:-1\" \/>\n<link rel=\"canonical\" href=\"https:\/\/maison-chance.org\/shop\/san-pham\/thu-nhoi-bong-hinh-con-rong-vai-tho-cam\" \/>\n<meta property=\"og:locale\" content=\"vi_VN\" \/>\n<meta property=\"og:type\" content=\"article\" \/>\n<meta property=\"og:title\" content=\"Con r\u1ed3ng\" \/>\n<meta property=\"og:description\" content=\"Th\u00fa nh\u1ed3i b\u00f4ng h\u00ecnh con R\u1ed3ng v\u1ea3i th\u1ed5 c\u1ea9m l\u00e0 l\u1ef1a ch\u1ecdn ho\u00e0n h\u1ea3o \u0111\u1ec3 trang tr\u00ed nhi\u1ec1u kh\u00f4ng gian kh\u00e1c nhau. Trong ph\u00f2ng kh\u00e1ch, n\u00f3 c\u00f3 th\u1ec3 \u0111\u01b0\u1ee3c \u0111\u1eb7t tr\u00ean k\u1ec7 s\u00e1ch hay b\u00e0n tr\u00e0 nh\u01b0 m\u1ed9t \u0111i\u1ec3m nh\u1ea5n \u0111\u1ed9c \u0111\u00e1o\" \/>\n<meta property=\"og:url\" content=\"https:\/\/maison-chance.org\/shop\/san-pham\/thu-nhoi-bong-hinh-con-rong-vai-tho-cam\" \/>\n<meta property=\"og:site_name\" content=\"Nh\u00e0 May M\u1eafn - Maison Chance\" \/>\n<meta property=\"article:publisher\" content=\"https:\/\/www.facebook.com\/dnxh.nhamayman\/\" \/>\n<meta property=\"article:modified_time\" content=\"2025-03-15T04:04:29+00:00\" \/>\n<meta property=\"og:image\" content=\"https:\/\/maison-chance.org\/shop\/wp-content\/uploads\/2024\/04\/moc-chia-khoa-hinh-con-rong-5.jpg\" \/>\n\t<meta property=\"og:image:width\" content=\"600\" \/>\n\t<meta property=\"og:image:height\" content=\"600\" \/>\n\t<meta property=\"og:image:type\" content=\"image\/jpeg\" \/>\n<meta name=\"twitter:card\" content=\"summary_large_image\" \/>\n<meta name=\"twitter:label1\" content=\"Availability\" \/>\n\t<meta name=\"twitter:data1\" content=\"In stock\" \/>\n<script type=\"application\/ld+json\" class=\"yoast-schema-graph\">{\"@context\":\"https:\/\/schema.org\",\"@graph\":[{\"@type\":\"WebPage\",\"@id\":\"https:\/\/maison-chance.org\/shop\/san-pham\/thu-nhoi-bong-hinh-con-rong-vai-tho-cam\",\"url\":\"https:\/\/maison-chance.org\/shop\/san-pham\/thu-nhoi-bong-hinh-con-rong-vai-tho-cam\",\"name\":\"Con r\u1ed3ng - th\u00fa nh\u1ed3i b\u00f4ng v\u1ea3i th\u1ed5 c\u1ea9m - Nh\u00e0 May M\u1eafn - Maison Chance\",\"isPartOf\":{\"@id\":\"https:\/\/maison-chance.org\/shop\/#website\"},\"primaryImageOfPage\":{\"@id\":\"https:\/\/maison-chance.org\/shop\/san-pham\/thu-nhoi-bong-hinh-con-rong-vai-tho-cam#primaryimage\"},\"image\":{\"@id\":\"https:\/\/maison-chance.org\/shop\/san-pham\/thu-nhoi-bong-hinh-con-rong-vai-tho-cam#primaryimage\"},\"thumbnailUrl\":\"https:\/\/maison-chance.org\/shop\/wp-content\/uploads\/2024\/04\/moc-chia-khoa-hinh-con-rong-5.jpg\",\"datePublished\":\"2024-11-06T00:05:28+00:00\",\"dateModified\":\"2025-03-15T04:04:29+00:00\",\"description\":\"Th\u00fa nh\u1ed3i b\u00f4ng h\u00ecnh con R\u1ed3ng v\u1ea3i th\u1ed5 c\u1ea9m l\u00e0 l\u1ef1a ch\u1ecdn ho\u00e0n h\u1ea3o \u0111\u1ec3 trang tr\u00ed nhi\u1ec1u kh\u00f4ng gian kh\u00e1c nhau. Trong ph\u00f2ng kh\u00e1ch, n\u00f3 c\u00f3 th\u1ec3 \u0111\u01b0\u1ee3c \u0111\u1eb7t tr\u00ean k\u1ec7 s\u00e1ch hay b\u00e0n tr\u00e0 nh\u01b0 m\u1ed9t \u0111i\u1ec3m nh\u1ea5n \u0111\u1ed9c \u0111\u00e1o\",\"breadcrumb\":{\"@id\":\"https:\/\/maison-chance.org\/shop\/san-pham\/thu-nhoi-bong-hinh-con-rong-vai-tho-cam#breadcrumb\"},\"inLanguage\":\"vi-VN\",\"potentialAction\":[{\"@type\":\"ReadAction\",\"target\":[\"https:\/\/maison-chance.org\/shop\/san-pham\/thu-nhoi-bong-hinh-con-rong-vai-tho-cam\"]}]},{\"@type\":\"ImageObject\",\"inLanguage\":\"vi-VN\",\"@id\":\"https:\/\/maison-chance.org\/shop\/san-pham\/thu-nhoi-bong-hinh-con-rong-vai-tho-cam#primaryimage\",\"url\":\"https:\/\/maison-chance.org\/shop\/wp-content\/uploads\/2024\/04\/moc-chia-khoa-hinh-con-rong-5.jpg\",\"contentUrl\":\"https:\/\/maison-chance.org\/shop\/wp-content\/uploads\/2024\/04\/moc-chia-khoa-hinh-con-rong-5.jpg\",\"width\":600,\"height\":600,\"caption\":\"Th\u00fa nh\u1ed3i b\u00f4ng h\u00ecnh con R\u1ed3ng v\u1ea3i th\u1ed5 c\u1ea9m\"},{\"@type\":\"BreadcrumbList\",\"@id\":\"https:\/\/maison-chance.org\/shop\/san-pham\/thu-nhoi-bong-hinh-con-rong-vai-tho-cam#breadcrumb\",\"itemListElement\":[{\"@type\":\"ListItem\",\"position\":1,\"name\":\"Trang ch\u1ee7\",\"item\":\"https:\/\/maison-chance.org\/shop\/\"},{\"@type\":\"ListItem\",\"position\":2,\"name\":\"Shop\",\"item\":\"https:\/\/maison-chance.org\/shop\/shop\"},{\"@type\":\"ListItem\",\"position\":3,\"name\":\"Con r\u1ed3ng\"}]},{\"@type\":\"WebSite\",\"@id\":\"https:\/\/maison-chance.org\/shop\/#website\",\"url\":\"https:\/\/maison-chance.org\/shop\/\",\"name\":\"Nh\u00e0 May M\u1eafn - Maison Chance\",\"description\":\"M\u1ecdi l\u1ee3i nhu\u1eadn thu v\u1ec1 t\u1eeb vi\u1ec7c b\u00e1n h\u00e0ng s\u1ebd tr\u00edch m\u1ed9t ph\u1ea7n \u0111\u1ec3 ch\u0103m lo cho \u0111\u1eddi s\u1ed1ng c\u00e1c b\u1ea1n khuy\u1ebft t\u1eadt v\u00e0 tr\u1ebb m\u1ed3 c\u00f4i \u1edf \u0111\u00e2y\",\"publisher\":{\"@id\":\"https:\/\/maison-chance.org\/shop\/#organization\"},\"potentialAction\":[{\"@type\":\"SearchAction\",\"target\":{\"@type\":\"EntryPoint\",\"urlTemplate\":\"https:\/\/maison-chance.org\/shop\/?s={search_term_string}\"},\"query-input\":{\"@type\":\"PropertyValueSpecification\",\"valueRequired\":true,\"valueName\":\"search_term_string\"}}],\"inLanguage\":\"vi-VN\"},{\"@type\":\"Organization\",\"@id\":\"https:\/\/maison-chance.org\/shop\/#organization\",\"name\":\"Nh\u00e0 May M\u1eafn - Maison Chance\",\"url\":\"https:\/\/maison-chance.org\/shop\/\",\"logo\":{\"@type\":\"ImageObject\",\"inLanguage\":\"vi-VN\",\"@id\":\"https:\/\/maison-chance.org\/shop\/#\/schema\/logo\/image\/\",\"url\":\"https:\/\/maison-chance.org\/shop\/wp-content\/uploads\/2024\/03\/cropped-Logo_DNXH.png\",\"contentUrl\":\"https:\/\/maison-chance.org\/shop\/wp-content\/uploads\/2024\/03\/cropped-Logo_DNXH.png\",\"width\":512,\"height\":512,\"caption\":\"Nh\u00e0 May M\u1eafn - Maison Chance\"},\"image\":{\"@id\":\"https:\/\/maison-chance.org\/shop\/#\/schema\/logo\/image\/\"},\"sameAs\":[\"https:\/\/www.facebook.com\/dnxh.nhamayman\/\"]}]}<\/script>\n<meta property=\"og:availability\" content=\"instock\" \/>\n<meta property=\"product:availability\" content=\"instock\" \/>\n<meta property=\"product:condition\" content=\"new\" \/>\n<!-- \/ Yoast SEO Premium plugin. -->","yoast_head_json":{"title":"Con r\u1ed3ng - th\u00fa nh\u1ed3i b\u00f4ng v\u1ea3i th\u1ed5 c\u1ea9m - Nh\u00e0 May M\u1eafn - Maison Chance","description":"Th\u00fa nh\u1ed3i b\u00f4ng h\u00ecnh con R\u1ed3ng v\u1ea3i th\u1ed5 c\u1ea9m l\u00e0 l\u1ef1a ch\u1ecdn ho\u00e0n h\u1ea3o \u0111\u1ec3 trang tr\u00ed nhi\u1ec1u kh\u00f4ng gian kh\u00e1c nhau. Trong ph\u00f2ng kh\u00e1ch, n\u00f3 c\u00f3 th\u1ec3 \u0111\u01b0\u1ee3c \u0111\u1eb7t tr\u00ean k\u1ec7 s\u00e1ch hay b\u00e0n tr\u00e0 nh\u01b0 m\u1ed9t \u0111i\u1ec3m nh\u1ea5n \u0111\u1ed9c \u0111\u00e1o","robots":{"index":"index","follow":"follow","max-snippet":"max-snippet:-1","max-image-preview":"max-image-preview:large","max-video-preview":"max-video-preview:-1"},"canonical":"https:\/\/maison-chance.org\/shop\/san-pham\/thu-nhoi-bong-hinh-con-rong-vai-tho-cam","og_locale":"vi_VN","og_type":"article","og_title":"Con r\u1ed3ng","og_description":"Th\u00fa nh\u1ed3i b\u00f4ng h\u00ecnh con R\u1ed3ng v\u1ea3i th\u1ed5 c\u1ea9m l\u00e0 l\u1ef1a ch\u1ecdn ho\u00e0n h\u1ea3o \u0111\u1ec3 trang tr\u00ed nhi\u1ec1u kh\u00f4ng gian kh\u00e1c nhau. Trong ph\u00f2ng kh\u00e1ch, n\u00f3 c\u00f3 th\u1ec3 \u0111\u01b0\u1ee3c \u0111\u1eb7t tr\u00ean k\u1ec7 s\u00e1ch hay b\u00e0n tr\u00e0 nh\u01b0 m\u1ed9t \u0111i\u1ec3m nh\u1ea5n \u0111\u1ed9c \u0111\u00e1o","og_url":"https:\/\/maison-chance.org\/shop\/san-pham\/thu-nhoi-bong-hinh-con-rong-vai-tho-cam","og_site_name":"Nh\u00e0 May M\u1eafn - Maison Chance","article_publisher":"https:\/\/www.facebook.com\/dnxh.nhamayman\/","article_modified_time":"2025-03-15T04:04:29+00:00","og_image":[{"width":600,"height":600,"url":"https:\/\/maison-chance.org\/shop\/wp-content\/uploads\/2024\/04\/moc-chia-khoa-hinh-con-rong-5.jpg","type":"image\/jpeg"}],"twitter_card":"summary_large_image","twitter_misc":{"Availability":"In stock"},"schema":{"@context":"https:\/\/schema.org","@graph":[{"@type":"WebPage","@id":"https:\/\/maison-chance.org\/shop\/san-pham\/thu-nhoi-bong-hinh-con-rong-vai-tho-cam","url":"https:\/\/maison-chance.org\/shop\/san-pham\/thu-nhoi-bong-hinh-con-rong-vai-tho-cam","name":"Con r\u1ed3ng - th\u00fa nh\u1ed3i b\u00f4ng v\u1ea3i th\u1ed5 c\u1ea9m - Nh\u00e0 May M\u1eafn - Maison Chance","isPartOf":{"@id":"https:\/\/maison-chance.org\/shop\/#website"},"primaryImageOfPage":{"@id":"https:\/\/maison-chance.org\/shop\/san-pham\/thu-nhoi-bong-hinh-con-rong-vai-tho-cam#primaryimage"},"image":{"@id":"https:\/\/maison-chance.org\/shop\/san-pham\/thu-nhoi-bong-hinh-con-rong-vai-tho-cam#primaryimage"},"thumbnailUrl":"https:\/\/maison-chance.org\/shop\/wp-content\/uploads\/2024\/04\/moc-chia-khoa-hinh-con-rong-5.jpg","datePublished":"2024-11-06T00:05:28+00:00","dateModified":"2025-03-15T04:04:29+00:00","description":"Th\u00fa nh\u1ed3i b\u00f4ng h\u00ecnh con R\u1ed3ng v\u1ea3i th\u1ed5 c\u1ea9m l\u00e0 l\u1ef1a ch\u1ecdn ho\u00e0n h\u1ea3o \u0111\u1ec3 trang tr\u00ed nhi\u1ec1u kh\u00f4ng gian kh\u00e1c nhau. Trong ph\u00f2ng kh\u00e1ch, n\u00f3 c\u00f3 th\u1ec3 \u0111\u01b0\u1ee3c \u0111\u1eb7t tr\u00ean k\u1ec7 s\u00e1ch hay b\u00e0n tr\u00e0 nh\u01b0 m\u1ed9t \u0111i\u1ec3m nh\u1ea5n \u0111\u1ed9c \u0111\u00e1o","breadcrumb":{"@id":"https:\/\/maison-chance.org\/shop\/san-pham\/thu-nhoi-bong-hinh-con-rong-vai-tho-cam#breadcrumb"},"inLanguage":"vi-VN","potentialAction":[{"@type":"ReadAction","target":["https:\/\/maison-chance.org\/shop\/san-pham\/thu-nhoi-bong-hinh-con-rong-vai-tho-cam"]}]},{"@type":"ImageObject","inLanguage":"vi-VN","@id":"https:\/\/maison-chance.org\/shop\/san-pham\/thu-nhoi-bong-hinh-con-rong-vai-tho-cam#primaryimage","url":"https:\/\/maison-chance.org\/shop\/wp-content\/uploads\/2024\/04\/moc-chia-khoa-hinh-con-rong-5.jpg","contentUrl":"https:\/\/maison-chance.org\/shop\/wp-content\/uploads\/2024\/04\/moc-chia-khoa-hinh-con-rong-5.jpg","width":600,"height":600,"caption":"Th\u00fa nh\u1ed3i b\u00f4ng h\u00ecnh con R\u1ed3ng v\u1ea3i th\u1ed5 c\u1ea9m"},{"@type":"BreadcrumbList","@id":"https:\/\/maison-chance.org\/shop\/san-pham\/thu-nhoi-bong-hinh-con-rong-vai-tho-cam#breadcrumb","itemListElement":[{"@type":"ListItem","position":1,"name":"Trang ch\u1ee7","item":"https:\/\/maison-chance.org\/shop\/"},{"@type":"ListItem","position":2,"name":"Shop","item":"https:\/\/maison-chance.org\/shop\/shop"},{"@type":"ListItem","position":3,"name":"Con r\u1ed3ng"}]},{"@type":"WebSite","@id":"https:\/\/maison-chance.org\/shop\/#website","url":"https:\/\/maison-chance.org\/shop\/","name":"Nh\u00e0 May M\u1eafn - Maison Chance","description":"M\u1ecdi l\u1ee3i nhu\u1eadn thu v\u1ec1 t\u1eeb vi\u1ec7c b\u00e1n h\u00e0ng s\u1ebd tr\u00edch m\u1ed9t ph\u1ea7n \u0111\u1ec3 ch\u0103m lo cho \u0111\u1eddi s\u1ed1ng c\u00e1c b\u1ea1n khuy\u1ebft t\u1eadt v\u00e0 tr\u1ebb m\u1ed3 c\u00f4i \u1edf \u0111\u00e2y","publisher":{"@id":"https:\/\/maison-chance.org\/shop\/#organization"},"potentialAction":[{"@type":"SearchAction","target":{"@type":"EntryPoint","urlTemplate":"https:\/\/maison-chance.org\/shop\/?s={search_term_string}"},"query-input":{"@type":"PropertyValueSpecification","valueRequired":true,"valueName":"search_term_string"}}],"inLanguage":"vi-VN"},{"@type":"Organization","@id":"https:\/\/maison-chance.org\/shop\/#organization","name":"Nh\u00e0 May M\u1eafn - Maison Chance","url":"https:\/\/maison-chance.org\/shop\/","logo":{"@type":"ImageObject","inLanguage":"vi-VN","@id":"https:\/\/maison-chance.org\/shop\/#\/schema\/logo\/image\/","url":"https:\/\/maison-chance.org\/shop\/wp-content\/uploads\/2024\/03\/cropped-Logo_DNXH.png","contentUrl":"https:\/\/maison-chance.org\/shop\/wp-content\/uploads\/2024\/03\/cropped-Logo_DNXH.png","width":512,"height":512,"caption":"Nh\u00e0 May M\u1eafn - Maison Chance"},"image":{"@id":"https:\/\/maison-chance.org\/shop\/#\/schema\/logo\/image\/"},"sameAs":["https:\/\/www.facebook.com\/dnxh.nhamayman\/"]}]},"og_availability":"instock","product_availability":"instock","product_condition":"new"},"_links":{"self":[{"href":"https:\/\/maison-chance.org\/shop\/wp-json\/wp\/v2\/product\/36845","targetHints":{"allow":["GET"]}}],"collection":[{"href":"https:\/\/maison-chance.org\/shop\/wp-json\/wp\/v2\/product"}],"about":[{"href":"https:\/\/maison-chance.org\/shop\/wp-json\/wp\/v2\/types\/product"}],"wp:featuredmedia":[{"embeddable":true,"href":"https:\/\/maison-chance.org\/shop\/wp-json\/wp\/v2\/media\/36851"}],"wp:attachment":[{"href":"https:\/\/maison-chance.org\/shop\/wp-json\/wp\/v2\/media?parent=36845"}],"wp:term":[{"taxonomy":"product_brand","embeddable":true,"href":"https:\/\/maison-chance.org\/shop\/wp-json\/wp\/v2\/product_brand?post=36845"},{"taxonomy":"product_cat","embeddable":true,"href":"https:\/\/maison-chance.org\/shop\/wp-json\/wp\/v2\/product_cat?post=36845"},{"taxonomy":"product_tag","embeddable":true,"href":"https:\/\/maison-chance.org\/shop\/wp-json\/wp\/v2\/product_tag?post=36845"}],"curies":[{"name":"wp","href":"https:\/\/api.w.org\/{rel}","templated":true}]}}