{"id":36864,"date":"2024-10-10T07:06:51","date_gmt":"2024-10-10T00:06:51","guid":{"rendered":"https:\/\/maison-chance.org\/shop\/?post_type=product&#038;p=36864"},"modified":"2025-02-20T14:30:19","modified_gmt":"2025-02-20T07:30:19","slug":"thu-nhoi-bong-hinh-con-nai-vai-tho-cam","status":"publish","type":"product","link":"https:\/\/maison-chance.org\/shop\/san-pham\/thu-nhoi-bong-hinh-con-nai-vai-tho-cam","title":{"rendered":"Con nai"},"content":{"rendered":"<p style=\"text-align: justify\">Nh\u00e0 May M\u1eafn &#8211; n\u01a1i \u01b0\u01a1m m\u1ea7m nh\u1eefng gi\u1ea5c m\u01a1 v\u00e0 kh\u01a1i d\u1eady t\u00e0i n\u0103ng c\u1ee7a nh\u1eefng ng\u01b0\u1eddi th\u1ee3 may khuy\u1ebft t\u1eadt, \u0111\u00e3 cho ra \u0111\u1eddi nh\u1eefng s\u1ea3n ph\u1ea9m th\u1ee7 c\u00f4ng \u0111\u1ed9c \u0111\u00e1o mang \u0111\u1eadm d\u1ea5u \u1ea5n v\u0103n h\u00f3a Vi\u1ec7t. M\u1ed7i s\u1ea3n ph\u1ea9m kh\u00f4ng ch\u1ec9 l\u00e0 k\u1ebft tinh c\u1ee7a s\u1ef1 kh\u00e9o l\u00e9o, t\u1ec9 m\u1ec9 m\u00e0 c\u00f2n l\u00e0 minh ch\u1ee9ng cho ngh\u1ecb l\u1ef1c phi th\u01b0\u1eddng, kh\u00e1t v\u1ecdng v\u01b0\u01a1n l\u00ean c\u1ee7a nh\u1eefng ng\u01b0\u1eddi th\u1ee3 may t\u00e0i n\u0103ng. Trong s\u1ed1 \u0111\u00f3, <a href=\"https:\/\/maison-chance.org\/shop\/san-pham\/thu-nhoi-bong-hinh-con-nai-vai-tho-cam\">th\u00fa nh\u1ed3i b\u00f4ng con nai v\u1ea3i th\u1ed5 c\u1ea9m<\/a> (TC26TB) n\u1ed5i b\u1eadt v\u1edbi v\u1ebb \u0111\u1eb9p m\u1ed9c m\u1ea1c, g\u1ea7n g\u0169i, h\u1ee9a h\u1eb9n s\u1ebd mang \u0111\u1ebfn m\u1ed9t l\u00e0n gi\u00f3 m\u1edbi cho kh\u00f4ng gian s\u1ed1ng c\u1ee7a b\u1ea1n.<\/p>\n<p style=\"text-align: justify\">\u0110\u01b0\u1ee3c l\u00e0m t\u1eeb ch\u1ea5t li\u1ec7u v\u1ea3i th\u1ed5 c\u1ea9m truy\u1ec1n th\u1ed1ng, con nai th\u1ed5 c\u1ea9m mang \u0111\u1ebfn c\u1ea3m gi\u00e1c \u1ea5m \u00e1p, th\u00e2n thu\u1ed9c, g\u1ee3i nh\u1edb v\u1ec1 v\u1ebb \u0111\u1eb9p hoang s\u01a1, h\u00f9ng v\u0129 c\u1ee7a n\u00fai r\u1eebng T\u00e2y B\u1eafc. V\u1ea3i th\u1ed5 c\u1ea9m \u0111\u01b0\u1ee3c d\u1ec7t th\u1ee7 c\u00f4ng v\u1edbi hoa v\u0103n tinh x\u1ea3o, t\u1ea1o n\u00ean nh\u1eefng h\u1ecda ti\u1ebft \u0111\u1ed9c \u0111\u00e1o, m\u00e0u s\u1eafc t\u01b0\u01a1i s\u00e1ng, b\u1ec1n \u0111\u1eb9p theo th\u1eddi gian.<\/p>\n<p style=\"text-align: justify\">V\u1edbi k\u00edch th\u01b0\u1edbc nh\u1ecf g\u1ecdn (8 x 16 cm), con nai th\u1ed5 c\u1ea9m d\u1ec5 d\u00e0ng th\u00edch nghi v\u1edbi nhi\u1ec1u kh\u00f4ng gian kh\u00e1c nhau. B\u1ea1n c\u00f3 th\u1ec3 \u0111\u1eb7t con nai tr\u00ean k\u1ec7 s\u00e1ch, b\u00e0n l\u00e0m vi\u1ec7c, g\u00f3c h\u1ecdc t\u1eadp \u0111\u1ec3 t\u1ea1o \u0111i\u1ec3m nh\u1ea5n sinh \u0111\u1ed9ng, kh\u01a1i ngu\u1ed3n c\u1ea3m h\u1ee9ng s\u00e1ng t\u1ea1o. Ho\u1eb7c b\u1ea1n c\u0169ng c\u00f3 th\u1ec3 s\u1eed d\u1ee5ng con nai nh\u01b0 m\u1ed9t m\u00f3n \u0111\u1ed3 trang tr\u00ed \u0111\u1ed9c \u0111\u00e1o tr\u00ean b\u00e0n tr\u00e0, k\u1ec7 t\u1ee7, gi\u00fap kh\u00f4ng gian th\u00eam ph\u1ea7n \u1ea5m c\u00fang, g\u1ea7n g\u0169i.<\/p>\n<p style=\"text-align: justify\">S\u1ef1 k\u1ebft h\u1ee3p h\u00e0i h\u00f2a gi\u1eefa c\u00e1c gam m\u00e0u r\u1ef1c r\u1ee1 nh\u01b0 \u0111\u1ecf, xanh l\u00e1, xanh d\u01b0\u01a1ng, v\u00e0ng\u2026 tr\u00ean n\u1ec1n v\u1ea3i th\u1ed5 c\u1ea9m t\u1ea1o n\u00ean m\u1ed9t t\u1ed5ng th\u1ec3 b\u1eaft m\u1eaft, thu h\u00fat m\u1ecdi \u00e1nh nh\u00ecn. <a href=\"https:\/\/maison-chance.org\/shop\/thu-nhoi-bong\">Con nai v\u1ea3i th\u1ed5 c\u1ea9m<\/a> kh\u00f4ng ch\u1ec9 l\u00e0 v\u1eadt trang tr\u00ed, h\u00ecnh \u1ea3nh con nai trong v\u0103n h\u00f3a d\u00e2n gian c\u00f2n bi\u1ec3u tr\u01b0ng cho s\u1ef1 may m\u1eafn, t\u00e0i l\u1ed9c v\u00e0 th\u1ecbnh v\u01b0\u1ee3ng. S\u1edf h\u1eefu con nai th\u1ed5 c\u1ea9m trong nh\u00e0 ch\u00ednh l\u00e0 mang v\u1ec1 ni\u1ec1m vui, s\u1ef1 b\u00ecnh an v\u00e0 l\u1eddi ch\u00fac t\u1ed1t \u0111\u1eb9p cho gia \u0111\u00ecnh b\u1ea1n, th\u1ec3 hi\u1ec7n gu th\u1ea9m m\u1ef9 tinh t\u1ebf c\u1ee7a gia ch\u1ee7.<\/p>\n<p style=\"text-align: justify\">H\u01a1n th\u1ebf n\u1eefa, khi l\u1ef1a ch\u1ecdn con nai th\u1ed5 c\u1ea9m c\u1ee7a Nh\u00e0 May M\u1eafn, b\u1ea1n c\u00f2n g\u00f3p ph\u1ea7n \u1ee7ng h\u1ed9, t\u1ea1o c\u00f4ng \u0103n vi\u1ec7c l\u00e0m cho nh\u1eefng ng\u01b0\u1eddi khuy\u1ebft t\u1eadt, gi\u00fap h\u1ecd c\u00f3 th\u00eam \u0111\u1ed9ng l\u1ef1c v\u01b0\u01a1n l\u00ean trong cu\u1ed9c s\u1ed1ng. M\u1ed7i s\u1ea3n ph\u1ea9m \u0111\u01b0\u1ee3c t\u1ea1o ra \u0111\u1ec1u l\u00e0 minh ch\u1ee9ng cho t\u00ecnh y\u00eau th\u01b0\u01a1ng, s\u1ef1 s\u1ebb chia v\u00e0 tinh th\u1ea7n l\u1ea1c quan c\u1ee7a nh\u1eefng ng\u01b0\u1eddi th\u1ee3 may.<\/p>\n<p style=\"text-align: justify\">\u0110\u1eebng b\u1ecf l\u1ee1 c\u01a1 h\u1ed9i s\u1edf h\u1eefu <a href=\"https:\/\/maison-chance.org\/shop\/phong-may\">con nai th\u1ed5 c\u1ea9m \u0111\u00e1ng y\u00eau<\/a> n\u00e0y. H\u00e3y li\u00ean h\u1ec7 ngay v\u1edbi <a href=\"https:\/\/maison-chance.org\/shop\">Nh\u00e0 May M\u1eafn<\/a> \u0111\u1ec3 \u0111\u1eb7t h\u00e0ng v\u00e0 c\u00f9ng chung tay lan t\u1ecfa y\u00eau th\u01b0\u01a1ng, s\u1ebb chia v\u1edbi nh\u1eefng ng\u01b0\u1eddi khuy\u1ebft t\u1eadt. M\u1ed7i s\u1ea3n ph\u1ea9m b\u1ea1n mua l\u00e0 m\u1ed9t h\u00e0nh \u0111\u1ed9ng \u00fd ngh\u0129a, c\u00f9ng chung tay ki\u1ebfn t\u1ea1o m\u1ed9t x\u00e3 h\u1ed9i nh\u00e2n \u00e1i, lan t\u1ecfa nh\u1eefng gi\u00e1 tr\u1ecb t\u1ed1t \u0111\u1eb9p \u0111\u1ebfn c\u1ed9ng \u0111\u1ed3ng.<\/p>\n","protected":false},"excerpt":{"rendered":"<p style=\"text-align: justify\">S\u1ea3n ph\u1ea9m do c\u00e1c b\u1ea1n khuy\u1ebft t\u1eadt k\u00e9m may m\u1eafn s\u1ea3n xu\u1ea5t th\u1ee7 c\u00f4ng k\u00ednh mong nh\u1eadn \u0111\u01b0\u1ee3c s\u1ef1 \u1ee7ng h\u1ed9 c\u1ee7a Qu\u00fd kh\u00e1ch h\u00e0ng.<\/p>\n<p>Ch\u1ea5t li\u1ec7u: V\u1ea3i th\u1ed5 c\u1ea9m<\/p>\n<p>Code: TC26TB<\/p>\n<p>Hotline : <span style=\"font-size: 20px\"><strong><span style=\"color: #ff0000\">0909 06 25 28<\/span><\/strong><\/span><\/p>\n<p style=\"text-align: justify\">N\u1ebfu b\u1ea1n \u1edf Vi\u1ec7t Nam vui l\u00f2ng li\u00ean h\u1ec7 ch\u00fang t\u00f4i theo s\u1ed1 hotline ho\u1eb7c fanpage doanh nghi\u1ec7p Nh\u00e0 May M\u1eafn ch\u00fang t\u00f4i \u0111\u1ec3 bi\u1ebft gi\u00e1 b\u00e1n t\u1ea1i Vi\u1ec7t Nam.<\/p>\n","protected":false},"featured_media":36865,"template":"","meta":[],"product_brand":[],"product_cat":[137,138],"product_tag":[],"class_list":{"0":"post-36864","1":"product","2":"type-product","3":"status-publish","4":"has-post-thumbnail","6":"product_cat-phong-may","7":"product_cat-thu-nhoi-bong","9":"first","10":"instock","11":"shipping-taxable","12":"purchasable","13":"product-type-simple"},"yoast_head":"<!-- This site is optimized with the Yoast SEO Premium plugin v22.7 (Yoast SEO v25.3.1) - https:\/\/yoast.com\/wordpress\/plugins\/seo\/ -->\n<title>Con nai - th\u00fa nh\u1ed3i b\u00f4ng v\u1ea3i th\u1ed5 c\u1ea9m - Nh\u00e0 May M\u1eafn - Maison Chance<\/title>\n<meta name=\"description\" content=\"Th\u00fa nh\u1ed3i b\u00f4ng Con Nai th\u1ed5 c\u1ea9m TC26TB \u0111\u01b0\u1ee3c l\u00e0m th\u1ee7 c\u00f4ng b\u1edfi c\u00e1c th\u1ee3 may khuy\u1ebft t\u1eadt t\u1ea1i Nh\u00e0 May M\u1eafn. S\u1ea3n ph\u1ea9m mang v\u1ebb \u0111\u1eb9p m\u1ed9c m\u1ea1c, ph\u00f9 h\u1ee3p trang tr\u00ed nh\u00e0 c\u1eeda, v\u0103n ph\u00f2ng.\" \/>\n<meta name=\"robots\" content=\"index, follow, max-snippet:-1, max-image-preview:large, max-video-preview:-1\" \/>\n<link rel=\"canonical\" href=\"https:\/\/maison-chance.org\/shop\/san-pham\/thu-nhoi-bong-hinh-con-nai-vai-tho-cam\" \/>\n<meta property=\"og:locale\" content=\"vi_VN\" \/>\n<meta property=\"og:type\" content=\"article\" \/>\n<meta property=\"og:title\" content=\"Con nai\" \/>\n<meta property=\"og:description\" content=\"Th\u00fa nh\u1ed3i b\u00f4ng Con Nai th\u1ed5 c\u1ea9m TC26TB \u0111\u01b0\u1ee3c l\u00e0m th\u1ee7 c\u00f4ng b\u1edfi c\u00e1c th\u1ee3 may khuy\u1ebft t\u1eadt t\u1ea1i Nh\u00e0 May M\u1eafn. S\u1ea3n ph\u1ea9m mang v\u1ebb \u0111\u1eb9p m\u1ed9c m\u1ea1c, ph\u00f9 h\u1ee3p trang tr\u00ed nh\u00e0 c\u1eeda, v\u0103n ph\u00f2ng.\" \/>\n<meta property=\"og:url\" content=\"https:\/\/maison-chance.org\/shop\/san-pham\/thu-nhoi-bong-hinh-con-nai-vai-tho-cam\" \/>\n<meta property=\"og:site_name\" content=\"Nh\u00e0 May M\u1eafn - Maison Chance\" \/>\n<meta property=\"article:publisher\" content=\"https:\/\/www.facebook.com\/dnxh.nhamayman\/\" \/>\n<meta property=\"article:modified_time\" content=\"2025-02-20T07:30:19+00:00\" \/>\n<meta property=\"og:image\" content=\"https:\/\/maison-chance.org\/shop\/wp-content\/uploads\/2024\/04\/thu-nhoi-bong-hinh-con-nai-vai-tho-cam-1.jpg\" \/>\n\t<meta property=\"og:image:width\" content=\"600\" \/>\n\t<meta property=\"og:image:height\" content=\"600\" \/>\n\t<meta property=\"og:image:type\" content=\"image\/jpeg\" \/>\n<meta name=\"twitter:card\" content=\"summary_large_image\" \/>\n<meta name=\"twitter:label1\" content=\"Gi\u00e1\" \/>\n\t<meta name=\"twitter:data1\" content=\"3.30&nbsp;&#036;\" \/>\n\t<meta name=\"twitter:label2\" content=\"Availability\" \/>\n\t<meta name=\"twitter:data2\" content=\"In stock\" \/>\n<script type=\"application\/ld+json\" class=\"yoast-schema-graph\">{\"@context\":\"https:\/\/schema.org\",\"@graph\":[{\"@type\":\"WebPage\",\"@id\":\"https:\/\/maison-chance.org\/shop\/san-pham\/thu-nhoi-bong-hinh-con-nai-vai-tho-cam\",\"url\":\"https:\/\/maison-chance.org\/shop\/san-pham\/thu-nhoi-bong-hinh-con-nai-vai-tho-cam\",\"name\":\"Con nai - th\u00fa nh\u1ed3i b\u00f4ng v\u1ea3i th\u1ed5 c\u1ea9m - Nh\u00e0 May M\u1eafn - Maison Chance\",\"isPartOf\":{\"@id\":\"https:\/\/maison-chance.org\/shop\/#website\"},\"primaryImageOfPage\":{\"@id\":\"https:\/\/maison-chance.org\/shop\/san-pham\/thu-nhoi-bong-hinh-con-nai-vai-tho-cam#primaryimage\"},\"image\":{\"@id\":\"https:\/\/maison-chance.org\/shop\/san-pham\/thu-nhoi-bong-hinh-con-nai-vai-tho-cam#primaryimage\"},\"thumbnailUrl\":\"https:\/\/maison-chance.org\/shop\/wp-content\/uploads\/2024\/04\/thu-nhoi-bong-hinh-con-nai-vai-tho-cam-1.jpg\",\"datePublished\":\"2024-10-10T00:06:51+00:00\",\"dateModified\":\"2025-02-20T07:30:19+00:00\",\"description\":\"Th\u00fa nh\u1ed3i b\u00f4ng Con Nai th\u1ed5 c\u1ea9m TC26TB \u0111\u01b0\u1ee3c l\u00e0m th\u1ee7 c\u00f4ng b\u1edfi c\u00e1c th\u1ee3 may khuy\u1ebft t\u1eadt t\u1ea1i Nh\u00e0 May M\u1eafn. S\u1ea3n ph\u1ea9m mang v\u1ebb \u0111\u1eb9p m\u1ed9c m\u1ea1c, ph\u00f9 h\u1ee3p trang tr\u00ed nh\u00e0 c\u1eeda, v\u0103n ph\u00f2ng.\",\"breadcrumb\":{\"@id\":\"https:\/\/maison-chance.org\/shop\/san-pham\/thu-nhoi-bong-hinh-con-nai-vai-tho-cam#breadcrumb\"},\"inLanguage\":\"vi-VN\",\"potentialAction\":[{\"@type\":\"ReadAction\",\"target\":[\"https:\/\/maison-chance.org\/shop\/san-pham\/thu-nhoi-bong-hinh-con-nai-vai-tho-cam\"]}]},{\"@type\":\"ImageObject\",\"inLanguage\":\"vi-VN\",\"@id\":\"https:\/\/maison-chance.org\/shop\/san-pham\/thu-nhoi-bong-hinh-con-nai-vai-tho-cam#primaryimage\",\"url\":\"https:\/\/maison-chance.org\/shop\/wp-content\/uploads\/2024\/04\/thu-nhoi-bong-hinh-con-nai-vai-tho-cam-1.jpg\",\"contentUrl\":\"https:\/\/maison-chance.org\/shop\/wp-content\/uploads\/2024\/04\/thu-nhoi-bong-hinh-con-nai-vai-tho-cam-1.jpg\",\"width\":600,\"height\":600,\"caption\":\"Th\u00fa nh\u1ed3i b\u00f4ng h\u00ecnh con Nai v\u1ea3i th\u1ed5 c\u1ea9m\"},{\"@type\":\"BreadcrumbList\",\"@id\":\"https:\/\/maison-chance.org\/shop\/san-pham\/thu-nhoi-bong-hinh-con-nai-vai-tho-cam#breadcrumb\",\"itemListElement\":[{\"@type\":\"ListItem\",\"position\":1,\"name\":\"Trang ch\u1ee7\",\"item\":\"https:\/\/maison-chance.org\/shop\/\"},{\"@type\":\"ListItem\",\"position\":2,\"name\":\"Shop\",\"item\":\"https:\/\/maison-chance.org\/shop\/shop\"},{\"@type\":\"ListItem\",\"position\":3,\"name\":\"Con nai\"}]},{\"@type\":\"WebSite\",\"@id\":\"https:\/\/maison-chance.org\/shop\/#website\",\"url\":\"https:\/\/maison-chance.org\/shop\/\",\"name\":\"Nh\u00e0 May M\u1eafn - Maison Chance\",\"description\":\"M\u1ecdi l\u1ee3i nhu\u1eadn thu v\u1ec1 t\u1eeb vi\u1ec7c b\u00e1n h\u00e0ng s\u1ebd tr\u00edch m\u1ed9t ph\u1ea7n \u0111\u1ec3 ch\u0103m lo cho \u0111\u1eddi s\u1ed1ng c\u00e1c b\u1ea1n khuy\u1ebft t\u1eadt v\u00e0 tr\u1ebb m\u1ed3 c\u00f4i \u1edf \u0111\u00e2y\",\"publisher\":{\"@id\":\"https:\/\/maison-chance.org\/shop\/#organization\"},\"potentialAction\":[{\"@type\":\"SearchAction\",\"target\":{\"@type\":\"EntryPoint\",\"urlTemplate\":\"https:\/\/maison-chance.org\/shop\/?s={search_term_string}\"},\"query-input\":{\"@type\":\"PropertyValueSpecification\",\"valueRequired\":true,\"valueName\":\"search_term_string\"}}],\"inLanguage\":\"vi-VN\"},{\"@type\":\"Organization\",\"@id\":\"https:\/\/maison-chance.org\/shop\/#organization\",\"name\":\"Nh\u00e0 May M\u1eafn - Maison Chance\",\"url\":\"https:\/\/maison-chance.org\/shop\/\",\"logo\":{\"@type\":\"ImageObject\",\"inLanguage\":\"vi-VN\",\"@id\":\"https:\/\/maison-chance.org\/shop\/#\/schema\/logo\/image\/\",\"url\":\"https:\/\/maison-chance.org\/shop\/wp-content\/uploads\/2024\/03\/cropped-Logo_DNXH.png\",\"contentUrl\":\"https:\/\/maison-chance.org\/shop\/wp-content\/uploads\/2024\/03\/cropped-Logo_DNXH.png\",\"width\":512,\"height\":512,\"caption\":\"Nh\u00e0 May M\u1eafn - Maison Chance\"},\"image\":{\"@id\":\"https:\/\/maison-chance.org\/shop\/#\/schema\/logo\/image\/\"},\"sameAs\":[\"https:\/\/www.facebook.com\/dnxh.nhamayman\/\"]}]}<\/script>\n<meta property=\"product:price:amount\" content=\"3.30\" \/>\n<meta property=\"product:price:currency\" content=\"USD\" \/>\n<meta property=\"og:availability\" content=\"instock\" \/>\n<meta property=\"product:availability\" content=\"instock\" \/>\n<meta property=\"product:condition\" content=\"new\" \/>\n<!-- \/ Yoast SEO Premium plugin. -->","yoast_head_json":{"title":"Con nai - th\u00fa nh\u1ed3i b\u00f4ng v\u1ea3i th\u1ed5 c\u1ea9m - Nh\u00e0 May M\u1eafn - Maison Chance","description":"Th\u00fa nh\u1ed3i b\u00f4ng Con Nai th\u1ed5 c\u1ea9m TC26TB \u0111\u01b0\u1ee3c l\u00e0m th\u1ee7 c\u00f4ng b\u1edfi c\u00e1c th\u1ee3 may khuy\u1ebft t\u1eadt t\u1ea1i Nh\u00e0 May M\u1eafn. S\u1ea3n ph\u1ea9m mang v\u1ebb \u0111\u1eb9p m\u1ed9c m\u1ea1c, ph\u00f9 h\u1ee3p trang tr\u00ed nh\u00e0 c\u1eeda, v\u0103n ph\u00f2ng.","robots":{"index":"index","follow":"follow","max-snippet":"max-snippet:-1","max-image-preview":"max-image-preview:large","max-video-preview":"max-video-preview:-1"},"canonical":"https:\/\/maison-chance.org\/shop\/san-pham\/thu-nhoi-bong-hinh-con-nai-vai-tho-cam","og_locale":"vi_VN","og_type":"article","og_title":"Con nai","og_description":"Th\u00fa nh\u1ed3i b\u00f4ng Con Nai th\u1ed5 c\u1ea9m TC26TB \u0111\u01b0\u1ee3c l\u00e0m th\u1ee7 c\u00f4ng b\u1edfi c\u00e1c th\u1ee3 may khuy\u1ebft t\u1eadt t\u1ea1i Nh\u00e0 May M\u1eafn. S\u1ea3n ph\u1ea9m mang v\u1ebb \u0111\u1eb9p m\u1ed9c m\u1ea1c, ph\u00f9 h\u1ee3p trang tr\u00ed nh\u00e0 c\u1eeda, v\u0103n ph\u00f2ng.","og_url":"https:\/\/maison-chance.org\/shop\/san-pham\/thu-nhoi-bong-hinh-con-nai-vai-tho-cam","og_site_name":"Nh\u00e0 May M\u1eafn - Maison Chance","article_publisher":"https:\/\/www.facebook.com\/dnxh.nhamayman\/","article_modified_time":"2025-02-20T07:30:19+00:00","og_image":[{"width":600,"height":600,"url":"https:\/\/maison-chance.org\/shop\/wp-content\/uploads\/2024\/04\/thu-nhoi-bong-hinh-con-nai-vai-tho-cam-1.jpg","type":"image\/jpeg"}],"twitter_card":"summary_large_image","twitter_misc":{"Gi\u00e1":"3.30&nbsp;&#36;","Availability":"In stock"},"schema":{"@context":"https:\/\/schema.org","@graph":[{"@type":"WebPage","@id":"https:\/\/maison-chance.org\/shop\/san-pham\/thu-nhoi-bong-hinh-con-nai-vai-tho-cam","url":"https:\/\/maison-chance.org\/shop\/san-pham\/thu-nhoi-bong-hinh-con-nai-vai-tho-cam","name":"Con nai - th\u00fa nh\u1ed3i b\u00f4ng v\u1ea3i th\u1ed5 c\u1ea9m - Nh\u00e0 May M\u1eafn - Maison Chance","isPartOf":{"@id":"https:\/\/maison-chance.org\/shop\/#website"},"primaryImageOfPage":{"@id":"https:\/\/maison-chance.org\/shop\/san-pham\/thu-nhoi-bong-hinh-con-nai-vai-tho-cam#primaryimage"},"image":{"@id":"https:\/\/maison-chance.org\/shop\/san-pham\/thu-nhoi-bong-hinh-con-nai-vai-tho-cam#primaryimage"},"thumbnailUrl":"https:\/\/maison-chance.org\/shop\/wp-content\/uploads\/2024\/04\/thu-nhoi-bong-hinh-con-nai-vai-tho-cam-1.jpg","datePublished":"2024-10-10T00:06:51+00:00","dateModified":"2025-02-20T07:30:19+00:00","description":"Th\u00fa nh\u1ed3i b\u00f4ng Con Nai th\u1ed5 c\u1ea9m TC26TB \u0111\u01b0\u1ee3c l\u00e0m th\u1ee7 c\u00f4ng b\u1edfi c\u00e1c th\u1ee3 may khuy\u1ebft t\u1eadt t\u1ea1i Nh\u00e0 May M\u1eafn. S\u1ea3n ph\u1ea9m mang v\u1ebb \u0111\u1eb9p m\u1ed9c m\u1ea1c, ph\u00f9 h\u1ee3p trang tr\u00ed nh\u00e0 c\u1eeda, v\u0103n ph\u00f2ng.","breadcrumb":{"@id":"https:\/\/maison-chance.org\/shop\/san-pham\/thu-nhoi-bong-hinh-con-nai-vai-tho-cam#breadcrumb"},"inLanguage":"vi-VN","potentialAction":[{"@type":"ReadAction","target":["https:\/\/maison-chance.org\/shop\/san-pham\/thu-nhoi-bong-hinh-con-nai-vai-tho-cam"]}]},{"@type":"ImageObject","inLanguage":"vi-VN","@id":"https:\/\/maison-chance.org\/shop\/san-pham\/thu-nhoi-bong-hinh-con-nai-vai-tho-cam#primaryimage","url":"https:\/\/maison-chance.org\/shop\/wp-content\/uploads\/2024\/04\/thu-nhoi-bong-hinh-con-nai-vai-tho-cam-1.jpg","contentUrl":"https:\/\/maison-chance.org\/shop\/wp-content\/uploads\/2024\/04\/thu-nhoi-bong-hinh-con-nai-vai-tho-cam-1.jpg","width":600,"height":600,"caption":"Th\u00fa nh\u1ed3i b\u00f4ng h\u00ecnh con Nai v\u1ea3i th\u1ed5 c\u1ea9m"},{"@type":"BreadcrumbList","@id":"https:\/\/maison-chance.org\/shop\/san-pham\/thu-nhoi-bong-hinh-con-nai-vai-tho-cam#breadcrumb","itemListElement":[{"@type":"ListItem","position":1,"name":"Trang ch\u1ee7","item":"https:\/\/maison-chance.org\/shop\/"},{"@type":"ListItem","position":2,"name":"Shop","item":"https:\/\/maison-chance.org\/shop\/shop"},{"@type":"ListItem","position":3,"name":"Con nai"}]},{"@type":"WebSite","@id":"https:\/\/maison-chance.org\/shop\/#website","url":"https:\/\/maison-chance.org\/shop\/","name":"Nh\u00e0 May M\u1eafn - Maison Chance","description":"M\u1ecdi l\u1ee3i nhu\u1eadn thu v\u1ec1 t\u1eeb vi\u1ec7c b\u00e1n h\u00e0ng s\u1ebd tr\u00edch m\u1ed9t ph\u1ea7n \u0111\u1ec3 ch\u0103m lo cho \u0111\u1eddi s\u1ed1ng c\u00e1c b\u1ea1n khuy\u1ebft t\u1eadt v\u00e0 tr\u1ebb m\u1ed3 c\u00f4i \u1edf \u0111\u00e2y","publisher":{"@id":"https:\/\/maison-chance.org\/shop\/#organization"},"potentialAction":[{"@type":"SearchAction","target":{"@type":"EntryPoint","urlTemplate":"https:\/\/maison-chance.org\/shop\/?s={search_term_string}"},"query-input":{"@type":"PropertyValueSpecification","valueRequired":true,"valueName":"search_term_string"}}],"inLanguage":"vi-VN"},{"@type":"Organization","@id":"https:\/\/maison-chance.org\/shop\/#organization","name":"Nh\u00e0 May M\u1eafn - Maison Chance","url":"https:\/\/maison-chance.org\/shop\/","logo":{"@type":"ImageObject","inLanguage":"vi-VN","@id":"https:\/\/maison-chance.org\/shop\/#\/schema\/logo\/image\/","url":"https:\/\/maison-chance.org\/shop\/wp-content\/uploads\/2024\/03\/cropped-Logo_DNXH.png","contentUrl":"https:\/\/maison-chance.org\/shop\/wp-content\/uploads\/2024\/03\/cropped-Logo_DNXH.png","width":512,"height":512,"caption":"Nh\u00e0 May M\u1eafn - Maison Chance"},"image":{"@id":"https:\/\/maison-chance.org\/shop\/#\/schema\/logo\/image\/"},"sameAs":["https:\/\/www.facebook.com\/dnxh.nhamayman\/"]}]},"product_price_amount":"3.30","product_price_currency":"USD","og_availability":"instock","product_availability":"instock","product_condition":"new"},"_links":{"self":[{"href":"https:\/\/maison-chance.org\/shop\/wp-json\/wp\/v2\/product\/36864","targetHints":{"allow":["GET"]}}],"collection":[{"href":"https:\/\/maison-chance.org\/shop\/wp-json\/wp\/v2\/product"}],"about":[{"href":"https:\/\/maison-chance.org\/shop\/wp-json\/wp\/v2\/types\/product"}],"wp:featuredmedia":[{"embeddable":true,"href":"https:\/\/maison-chance.org\/shop\/wp-json\/wp\/v2\/media\/36865"}],"wp:attachment":[{"href":"https:\/\/maison-chance.org\/shop\/wp-json\/wp\/v2\/media?parent=36864"}],"wp:term":[{"taxonomy":"product_brand","embeddable":true,"href":"https:\/\/maison-chance.org\/shop\/wp-json\/wp\/v2\/product_brand?post=36864"},{"taxonomy":"product_cat","embeddable":true,"href":"https:\/\/maison-chance.org\/shop\/wp-json\/wp\/v2\/product_cat?post=36864"},{"taxonomy":"product_tag","embeddable":true,"href":"https:\/\/maison-chance.org\/shop\/wp-json\/wp\/v2\/product_tag?post=36864"}],"curies":[{"name":"wp","href":"https:\/\/api.w.org\/{rel}","templated":true}]}}