{"id":36878,"date":"2024-10-01T07:01:30","date_gmt":"2024-10-01T00:01:30","guid":{"rendered":"https:\/\/maison-chance.org\/shop\/?post_type=product&#038;p=36878"},"modified":"2025-02-20T13:36:33","modified_gmt":"2025-02-20T06:36:33","slug":"thu-nhoi-bong-hinh-con-ca-sau-vai-tho-cam","status":"publish","type":"product","link":"https:\/\/maison-chance.org\/shop\/san-pham\/thu-nhoi-bong-hinh-con-ca-sau-vai-tho-cam","title":{"rendered":"Con c\u00e1 s\u1ea5u"},"content":{"rendered":"<p>Nh\u00e0 May M\u1eafn l\u00e0 m\u1ed9t t\u1ed5 ch\u1ee9c phi l\u1ee3i nhu\u1eadn chuy\u00ean gi\u00fap ng\u01b0\u1eddi khuy\u1ebft t\u1eadt t\u1ea1i Vi\u1ec7t Nam ph\u00e1t tri\u1ec3n k\u1ef9 n\u0103ng ngh\u1ec1 may v\u00e0 t\u1ea1o c\u01a1 h\u1ed9i vi\u1ec7c l\u00e0m cho h\u1ecd. C\u00e1c s\u1ea3n ph\u1ea9m may th\u1ee7 c\u00f4ng c\u1ee7a Nh\u00e0 May M\u1eafn kh\u00f4ng ch\u1ec9 mang gi\u00e1 tr\u1ecb th\u1ea9m m\u1ef9 cao m\u00e0 c\u00f2n th\u1ec3 hi\u1ec7n s\u1ef1 n\u1ed7 l\u1ef1c v\u00e0 t\u00e0i n\u0103ng c\u1ee7a nh\u1eefng ng\u01b0\u1eddi th\u1ee3 may khuy\u1ebft t\u1eadt. Trong s\u1ed1 \u0111\u00f3, <a href=\"https:\/\/maison-chance.org\/shop\/san-pham\/thu-nhoi-bong-hinh-con-ca-sau-vai-tho-cam\">con c\u00e1 s\u1ea5u v\u1ea3i th\u1ed5 c\u1ea9m<\/a> l\u00e0 m\u1ed9t trong nh\u1eefng s\u1ea3n ph\u1ea9m may th\u1ee7 c\u00f4ng ti\u00eau bi\u1ec3u c\u1ee7a Nh\u00e0 May M\u1eafn.<\/p>\n<p style=\"text-align: justify\">Ch\u00fa <a href=\"https:\/\/maison-chance.org\/shop\/thu-nhoi-bong\">c\u00e1 s\u1ea5u nh\u1ed3i b\u00f4ng v\u1ea3i th\u1ed5 c\u1ea9m<\/a> kho\u00e1c l\u00ean m\u00ecnh \u201cb\u1ed9 \u00e1o\u201d v\u1ea3i th\u1ed5 c\u1ea9m \u0111\u1ed9c \u0111\u00e1o, k\u1ebft h\u1ee3p h\u00e0i h\u00f2a gi\u1eefa n\u00e9t \u0111\u1eb9p v\u0103n h\u00f3a truy\u1ec1n th\u1ed1ng v\u00e0 s\u1ef1 tr\u1ebb trung, hi\u1ec7n \u0111\u1ea1i. V\u1edbi k\u00edch th\u01b0\u1edbc nh\u1ecf g\u1ecdn (6 x 16 cm) v\u00e0 m\u00e0u s\u1eafc \u0111a d\u1ea1ng, con c\u00e1 s\u1ea5u v\u1ea3i th\u1ed5 c\u1ea9m c\u00f3 th\u1ec3 \u0111\u01b0\u1ee3c s\u1eed d\u1ee5ng \u0111\u1ec3 trang tr\u00ed cho nhi\u1ec1u kh\u00f4ng gian kh\u00e1c nhau.<\/p>\n<p><strong data-start=\"605\" data-end=\"653\">Trang tr\u00ed g\u00f3c l\u00e0m vi\u1ec7c, k\u1ec7 s\u00e1ch hay b\u00e0n h\u1ecdc:<\/strong> Th\u00eam ch\u00fat s\u1eafc m\u00e0u v\u00e0 s\u1ef1 vui t\u01b0\u01a1i, gi\u00fap b\u1ea1n c\u00f3 th\u00eam c\u1ea3m h\u1ee9ng trong c\u00f4ng vi\u1ec7c v\u00e0 h\u1ecdc t\u1eadp.<\/p>\n<p><strong data-start=\"749\" data-end=\"790\">Bi\u1ebfn h\u00f3a th\u00e0nh m\u00f3c kh\u00f3a hay m\u00f3c balo:<\/strong> V\u1eeba g\u1ecdn g\u00e0ng, v\u1eeba t\u1ea1o \u0111i\u1ec3m nh\u1ea5n c\u00e1 t\u00ednh cho phong c\u00e1ch c\u1ee7a b\u1ea1n.<\/p>\n<p><strong data-start=\"862\" data-end=\"884\">Qu\u00e0 t\u1eb7ng xinh x\u1eafn:<\/strong> D\u00e0nh t\u1eb7ng cho b\u1ea1n b\u00e8, ng\u01b0\u1eddi th\u00e2n, hay th\u1eadm ch\u00ed l\u00e0 \u201cth\u01b0\u1edfng\u201d cho ch\u00ednh m\u00ecnh. M\u00f3n qu\u00e0 nh\u1ecf nh\u01b0ng ch\u1ee9a \u0111\u1ef1ng th\u1eadt nhi\u1ec1u t\u00ecnh c\u1ea3m.<\/p>\n<p>V\u1edbi \u0111\u00f4i m\u1eaft long lanh tinh ngh\u1ecbch c\u00f9ng n\u1ee5 c\u01b0\u1eddi toe to\u00e9t \u0111\u1ea7y th\u00e2n thi\u1ec7n v\u00e0 th\u00e2n h\u00ecnh m\u0169m m\u0129m \u0111\u00e1ng y\u00eau, ch\u00fa c\u00e1 s\u1ea5u nh\u1ecf nh\u1eafn n\u00e0y s\u1ebd \u201c\u0111\u1ed1n tim\u201d b\u1ea5t k\u1ef3 ai ngay t\u1eeb c\u00e1i nh\u00ecn \u0111\u1ea7u ti\u00ean. Kh\u00f4ng c\u00f2n l\u00e0 lo\u00e0i v\u1eadt d\u1eef t\u1ee3n nh\u01b0 b\u1ea1n ngh\u0129, phi\u00ean b\u1ea3n c\u00e1 s\u1ea5u th\u1ed5 c\u1ea9m n\u00e0y l\u1ea1i c\u1ef1c k\u1ef3 d\u1ec5 th\u01b0\u01a1ng v\u00e0 hi\u1ec1n l\u00e0nh!<\/p>\n<p style=\"text-align: justify\">Rinh ngay m\u1ed9t em c\u00e1 s\u1ea5u v\u1ec1 \u0111\u1ec3 t\u00f4 \u0111i\u1ec3m cho cu\u1ed9c s\u1ed1ng th\u00eam ph\u1ea7n r\u1ef1c r\u1ee1 th\u00f4i n\u00e0o! Mua h\u00e0ng t\u1ea1i Nh\u00e0 May M\u1eafn kh\u00f4ng ch\u1ec9 gi\u00fap b\u1ea1n s\u1edf h\u1eefu m\u1ed9t s\u1ea3n ph\u1ea9m may th\u1ee7 c\u00f4ng \u0111\u1ed9c \u0111\u00e1o m\u00e0 c\u00f2n gi\u00fap t\u1ea1o c\u01a1 h\u1ed9i vi\u1ec7c l\u00e0m cho nh\u1eefng ng\u01b0\u1eddi th\u1ee3 may khuy\u1ebft t\u1eadt. H\u00e3y \u1ee7ng h\u1ed9 v\u00e0 gi\u00fap \u0111\u1ee1 ng\u01b0\u1eddi khuy\u1ebft t\u1eadt t\u1ea1i <a href=\"https:\/\/maison-chance.org\/shop\">Nh\u00e0 May M\u1eafn<\/a> b\u1eb1ng c\u00e1ch mua h\u00e0ng t\u1ea1i \u0111\u00e2y.<\/p>\n","protected":false},"excerpt":{"rendered":"<p style=\"text-align: justify\">S\u1ea3n ph\u1ea9m do c\u00e1c b\u1ea1n khuy\u1ebft t\u1eadt k\u00e9m may m\u1eafn s\u1ea3n xu\u1ea5t th\u1ee7 c\u00f4ng k\u00ednh mong nh\u1eadn \u0111\u01b0\u1ee3c s\u1ef1 \u1ee7ng h\u1ed9 c\u1ee7a Qu\u00fd kh\u00e1ch h\u00e0ng.<\/p>\n<p>Ch\u1ea5t li\u1ec7u: V\u1ea3i th\u1ed5 c\u1ea9m<\/p>\n<p>Code: TC27TB<\/p>\n<p>Hotline : <span style=\"font-size: 20px\"><strong><span style=\"color: #ff0000\">0909 06 25 28<\/span><\/strong><\/span><\/p>\n<p style=\"text-align: justify\">N\u1ebfu b\u1ea1n \u1edf Vi\u1ec7t Nam vui l\u00f2ng li\u00ean h\u1ec7 ch\u00fang t\u00f4i theo s\u1ed1 hotline ho\u1eb7c fanpage doanh nghi\u1ec7p Nh\u00e0 May M\u1eafn ch\u00fang t\u00f4i \u0111\u1ec3 bi\u1ebft gi\u00e1 b\u00e1n t\u1ea1i Vi\u1ec7t Nam.<\/p>\n","protected":false},"featured_media":36897,"template":"","meta":[],"product_brand":[],"product_cat":[137,138],"product_tag":[],"class_list":{"0":"post-36878","1":"product","2":"type-product","3":"status-publish","4":"has-post-thumbnail","6":"product_cat-phong-may","7":"product_cat-thu-nhoi-bong","9":"first","10":"instock","11":"shipping-taxable","12":"purchasable","13":"product-type-simple"},"yoast_head":"<!-- This site is optimized with the Yoast SEO Premium plugin v22.7 (Yoast SEO v25.3.1) - https:\/\/yoast.com\/wordpress\/plugins\/seo\/ -->\n<title>Con c\u00e1 s\u1ea5u - th\u00fa nh\u1ed3i b\u00f4ng v\u1ea3i th\u1ed5 c\u1ea9m - Nh\u00e0 May M\u1eafn - Maison Chance<\/title>\n<meta name=\"description\" content=\"Con c\u00e1 s\u1ea5u nh\u1ed3i b\u00f4ng v\u1ea3i th\u1ed5 c\u1ea9m kh\u00f4ng ch\u1ec9 l\u00e0 m\u1ed9t m\u00f3n \u0111\u1ed3 ch\u01a1i \u0111\u01a1n gi\u1ea3n m\u00e0 c\u00f2n l\u00e0 m\u1ed9t v\u1eadt trang tr\u00ed \u0111\u1ed9c \u0111\u00e1o v\u00e0 \u1ea5n t\u01b0\u1ee3ng. V\u1edbi k\u00edch th\u01b0\u1edbc nh\u1ecf g\u1ecdn (6 x 16 cm) v\u00e0 m\u00e0u s\u1eafc \u0111a d\u1ea1ng,\" \/>\n<meta name=\"robots\" content=\"index, follow, max-snippet:-1, max-image-preview:large, max-video-preview:-1\" \/>\n<link rel=\"canonical\" href=\"https:\/\/maison-chance.org\/shop\/san-pham\/thu-nhoi-bong-hinh-con-ca-sau-vai-tho-cam\" \/>\n<meta property=\"og:locale\" content=\"vi_VN\" \/>\n<meta property=\"og:type\" content=\"article\" \/>\n<meta property=\"og:title\" content=\"Con c\u00e1 s\u1ea5u\" \/>\n<meta property=\"og:description\" content=\"Con c\u00e1 s\u1ea5u nh\u1ed3i b\u00f4ng v\u1ea3i th\u1ed5 c\u1ea9m kh\u00f4ng ch\u1ec9 l\u00e0 m\u1ed9t m\u00f3n \u0111\u1ed3 ch\u01a1i \u0111\u01a1n gi\u1ea3n m\u00e0 c\u00f2n l\u00e0 m\u1ed9t v\u1eadt trang tr\u00ed \u0111\u1ed9c \u0111\u00e1o v\u00e0 \u1ea5n t\u01b0\u1ee3ng. V\u1edbi k\u00edch th\u01b0\u1edbc nh\u1ecf g\u1ecdn (6 x 16 cm) v\u00e0 m\u00e0u s\u1eafc \u0111a d\u1ea1ng,\" \/>\n<meta property=\"og:url\" content=\"https:\/\/maison-chance.org\/shop\/san-pham\/thu-nhoi-bong-hinh-con-ca-sau-vai-tho-cam\" \/>\n<meta property=\"og:site_name\" content=\"Nh\u00e0 May M\u1eafn - Maison Chance\" \/>\n<meta property=\"article:publisher\" content=\"https:\/\/www.facebook.com\/dnxh.nhamayman\/\" \/>\n<meta property=\"article:modified_time\" content=\"2025-02-20T06:36:33+00:00\" \/>\n<meta property=\"og:image\" content=\"https:\/\/maison-chance.org\/shop\/wp-content\/uploads\/2024\/04\/thu-nhoi-bong-hinh-con-ca-sau-vai-tho-cam-1.jpg\" \/>\n\t<meta property=\"og:image:width\" content=\"600\" \/>\n\t<meta property=\"og:image:height\" content=\"600\" \/>\n\t<meta property=\"og:image:type\" content=\"image\/jpeg\" \/>\n<meta name=\"twitter:card\" content=\"summary_large_image\" \/>\n<meta name=\"twitter:label1\" content=\"Gi\u00e1\" \/>\n\t<meta name=\"twitter:data1\" content=\"3.30&nbsp;&#036;\" \/>\n\t<meta name=\"twitter:label2\" content=\"Availability\" \/>\n\t<meta name=\"twitter:data2\" content=\"In stock\" \/>\n<script type=\"application\/ld+json\" class=\"yoast-schema-graph\">{\"@context\":\"https:\/\/schema.org\",\"@graph\":[{\"@type\":\"WebPage\",\"@id\":\"https:\/\/maison-chance.org\/shop\/san-pham\/thu-nhoi-bong-hinh-con-ca-sau-vai-tho-cam\",\"url\":\"https:\/\/maison-chance.org\/shop\/san-pham\/thu-nhoi-bong-hinh-con-ca-sau-vai-tho-cam\",\"name\":\"Con c\u00e1 s\u1ea5u - th\u00fa nh\u1ed3i b\u00f4ng v\u1ea3i th\u1ed5 c\u1ea9m - Nh\u00e0 May M\u1eafn - Maison Chance\",\"isPartOf\":{\"@id\":\"https:\/\/maison-chance.org\/shop\/#website\"},\"primaryImageOfPage\":{\"@id\":\"https:\/\/maison-chance.org\/shop\/san-pham\/thu-nhoi-bong-hinh-con-ca-sau-vai-tho-cam#primaryimage\"},\"image\":{\"@id\":\"https:\/\/maison-chance.org\/shop\/san-pham\/thu-nhoi-bong-hinh-con-ca-sau-vai-tho-cam#primaryimage\"},\"thumbnailUrl\":\"https:\/\/maison-chance.org\/shop\/wp-content\/uploads\/2024\/04\/thu-nhoi-bong-hinh-con-ca-sau-vai-tho-cam-1.jpg\",\"datePublished\":\"2024-10-01T00:01:30+00:00\",\"dateModified\":\"2025-02-20T06:36:33+00:00\",\"description\":\"Con c\u00e1 s\u1ea5u nh\u1ed3i b\u00f4ng v\u1ea3i th\u1ed5 c\u1ea9m kh\u00f4ng ch\u1ec9 l\u00e0 m\u1ed9t m\u00f3n \u0111\u1ed3 ch\u01a1i \u0111\u01a1n gi\u1ea3n m\u00e0 c\u00f2n l\u00e0 m\u1ed9t v\u1eadt trang tr\u00ed \u0111\u1ed9c \u0111\u00e1o v\u00e0 \u1ea5n t\u01b0\u1ee3ng. V\u1edbi k\u00edch th\u01b0\u1edbc nh\u1ecf g\u1ecdn (6 x 16 cm) v\u00e0 m\u00e0u s\u1eafc \u0111a d\u1ea1ng,\",\"breadcrumb\":{\"@id\":\"https:\/\/maison-chance.org\/shop\/san-pham\/thu-nhoi-bong-hinh-con-ca-sau-vai-tho-cam#breadcrumb\"},\"inLanguage\":\"vi-VN\",\"potentialAction\":[{\"@type\":\"ReadAction\",\"target\":[\"https:\/\/maison-chance.org\/shop\/san-pham\/thu-nhoi-bong-hinh-con-ca-sau-vai-tho-cam\"]}]},{\"@type\":\"ImageObject\",\"inLanguage\":\"vi-VN\",\"@id\":\"https:\/\/maison-chance.org\/shop\/san-pham\/thu-nhoi-bong-hinh-con-ca-sau-vai-tho-cam#primaryimage\",\"url\":\"https:\/\/maison-chance.org\/shop\/wp-content\/uploads\/2024\/04\/thu-nhoi-bong-hinh-con-ca-sau-vai-tho-cam-1.jpg\",\"contentUrl\":\"https:\/\/maison-chance.org\/shop\/wp-content\/uploads\/2024\/04\/thu-nhoi-bong-hinh-con-ca-sau-vai-tho-cam-1.jpg\",\"width\":600,\"height\":600,\"caption\":\"Th\u00fa nh\u1ed3i b\u00f4ng h\u00ecnh con C\u00e1 S\u1ea5u v\u1ea3i th\u1ed5 c\u1ea9m\"},{\"@type\":\"BreadcrumbList\",\"@id\":\"https:\/\/maison-chance.org\/shop\/san-pham\/thu-nhoi-bong-hinh-con-ca-sau-vai-tho-cam#breadcrumb\",\"itemListElement\":[{\"@type\":\"ListItem\",\"position\":1,\"name\":\"Trang ch\u1ee7\",\"item\":\"https:\/\/maison-chance.org\/shop\/\"},{\"@type\":\"ListItem\",\"position\":2,\"name\":\"Shop\",\"item\":\"https:\/\/maison-chance.org\/shop\/shop\"},{\"@type\":\"ListItem\",\"position\":3,\"name\":\"Con c\u00e1 s\u1ea5u\"}]},{\"@type\":\"WebSite\",\"@id\":\"https:\/\/maison-chance.org\/shop\/#website\",\"url\":\"https:\/\/maison-chance.org\/shop\/\",\"name\":\"Nh\u00e0 May M\u1eafn - Maison Chance\",\"description\":\"M\u1ecdi l\u1ee3i nhu\u1eadn thu v\u1ec1 t\u1eeb vi\u1ec7c b\u00e1n h\u00e0ng s\u1ebd tr\u00edch m\u1ed9t ph\u1ea7n \u0111\u1ec3 ch\u0103m lo cho \u0111\u1eddi s\u1ed1ng c\u00e1c b\u1ea1n khuy\u1ebft t\u1eadt v\u00e0 tr\u1ebb m\u1ed3 c\u00f4i \u1edf \u0111\u00e2y\",\"publisher\":{\"@id\":\"https:\/\/maison-chance.org\/shop\/#organization\"},\"potentialAction\":[{\"@type\":\"SearchAction\",\"target\":{\"@type\":\"EntryPoint\",\"urlTemplate\":\"https:\/\/maison-chance.org\/shop\/?s={search_term_string}\"},\"query-input\":{\"@type\":\"PropertyValueSpecification\",\"valueRequired\":true,\"valueName\":\"search_term_string\"}}],\"inLanguage\":\"vi-VN\"},{\"@type\":\"Organization\",\"@id\":\"https:\/\/maison-chance.org\/shop\/#organization\",\"name\":\"Nh\u00e0 May M\u1eafn - Maison Chance\",\"url\":\"https:\/\/maison-chance.org\/shop\/\",\"logo\":{\"@type\":\"ImageObject\",\"inLanguage\":\"vi-VN\",\"@id\":\"https:\/\/maison-chance.org\/shop\/#\/schema\/logo\/image\/\",\"url\":\"https:\/\/maison-chance.org\/shop\/wp-content\/uploads\/2024\/03\/cropped-Logo_DNXH.png\",\"contentUrl\":\"https:\/\/maison-chance.org\/shop\/wp-content\/uploads\/2024\/03\/cropped-Logo_DNXH.png\",\"width\":512,\"height\":512,\"caption\":\"Nh\u00e0 May M\u1eafn - Maison Chance\"},\"image\":{\"@id\":\"https:\/\/maison-chance.org\/shop\/#\/schema\/logo\/image\/\"},\"sameAs\":[\"https:\/\/www.facebook.com\/dnxh.nhamayman\/\"]}]}<\/script>\n<meta property=\"product:price:amount\" content=\"3.30\" \/>\n<meta property=\"product:price:currency\" content=\"USD\" \/>\n<meta property=\"og:availability\" content=\"instock\" \/>\n<meta property=\"product:availability\" content=\"instock\" \/>\n<meta property=\"product:condition\" content=\"new\" \/>\n<!-- \/ Yoast SEO Premium plugin. -->","yoast_head_json":{"title":"Con c\u00e1 s\u1ea5u - th\u00fa nh\u1ed3i b\u00f4ng v\u1ea3i th\u1ed5 c\u1ea9m - Nh\u00e0 May M\u1eafn - Maison Chance","description":"Con c\u00e1 s\u1ea5u nh\u1ed3i b\u00f4ng v\u1ea3i th\u1ed5 c\u1ea9m kh\u00f4ng ch\u1ec9 l\u00e0 m\u1ed9t m\u00f3n \u0111\u1ed3 ch\u01a1i \u0111\u01a1n gi\u1ea3n m\u00e0 c\u00f2n l\u00e0 m\u1ed9t v\u1eadt trang tr\u00ed \u0111\u1ed9c \u0111\u00e1o v\u00e0 \u1ea5n t\u01b0\u1ee3ng. V\u1edbi k\u00edch th\u01b0\u1edbc nh\u1ecf g\u1ecdn (6 x 16 cm) v\u00e0 m\u00e0u s\u1eafc \u0111a d\u1ea1ng,","robots":{"index":"index","follow":"follow","max-snippet":"max-snippet:-1","max-image-preview":"max-image-preview:large","max-video-preview":"max-video-preview:-1"},"canonical":"https:\/\/maison-chance.org\/shop\/san-pham\/thu-nhoi-bong-hinh-con-ca-sau-vai-tho-cam","og_locale":"vi_VN","og_type":"article","og_title":"Con c\u00e1 s\u1ea5u","og_description":"Con c\u00e1 s\u1ea5u nh\u1ed3i b\u00f4ng v\u1ea3i th\u1ed5 c\u1ea9m kh\u00f4ng ch\u1ec9 l\u00e0 m\u1ed9t m\u00f3n \u0111\u1ed3 ch\u01a1i \u0111\u01a1n gi\u1ea3n m\u00e0 c\u00f2n l\u00e0 m\u1ed9t v\u1eadt trang tr\u00ed \u0111\u1ed9c \u0111\u00e1o v\u00e0 \u1ea5n t\u01b0\u1ee3ng. V\u1edbi k\u00edch th\u01b0\u1edbc nh\u1ecf g\u1ecdn (6 x 16 cm) v\u00e0 m\u00e0u s\u1eafc \u0111a d\u1ea1ng,","og_url":"https:\/\/maison-chance.org\/shop\/san-pham\/thu-nhoi-bong-hinh-con-ca-sau-vai-tho-cam","og_site_name":"Nh\u00e0 May M\u1eafn - Maison Chance","article_publisher":"https:\/\/www.facebook.com\/dnxh.nhamayman\/","article_modified_time":"2025-02-20T06:36:33+00:00","og_image":[{"width":600,"height":600,"url":"https:\/\/maison-chance.org\/shop\/wp-content\/uploads\/2024\/04\/thu-nhoi-bong-hinh-con-ca-sau-vai-tho-cam-1.jpg","type":"image\/jpeg"}],"twitter_card":"summary_large_image","twitter_misc":{"Gi\u00e1":"3.30&nbsp;&#36;","Availability":"In stock"},"schema":{"@context":"https:\/\/schema.org","@graph":[{"@type":"WebPage","@id":"https:\/\/maison-chance.org\/shop\/san-pham\/thu-nhoi-bong-hinh-con-ca-sau-vai-tho-cam","url":"https:\/\/maison-chance.org\/shop\/san-pham\/thu-nhoi-bong-hinh-con-ca-sau-vai-tho-cam","name":"Con c\u00e1 s\u1ea5u - th\u00fa nh\u1ed3i b\u00f4ng v\u1ea3i th\u1ed5 c\u1ea9m - Nh\u00e0 May M\u1eafn - Maison Chance","isPartOf":{"@id":"https:\/\/maison-chance.org\/shop\/#website"},"primaryImageOfPage":{"@id":"https:\/\/maison-chance.org\/shop\/san-pham\/thu-nhoi-bong-hinh-con-ca-sau-vai-tho-cam#primaryimage"},"image":{"@id":"https:\/\/maison-chance.org\/shop\/san-pham\/thu-nhoi-bong-hinh-con-ca-sau-vai-tho-cam#primaryimage"},"thumbnailUrl":"https:\/\/maison-chance.org\/shop\/wp-content\/uploads\/2024\/04\/thu-nhoi-bong-hinh-con-ca-sau-vai-tho-cam-1.jpg","datePublished":"2024-10-01T00:01:30+00:00","dateModified":"2025-02-20T06:36:33+00:00","description":"Con c\u00e1 s\u1ea5u nh\u1ed3i b\u00f4ng v\u1ea3i th\u1ed5 c\u1ea9m kh\u00f4ng ch\u1ec9 l\u00e0 m\u1ed9t m\u00f3n \u0111\u1ed3 ch\u01a1i \u0111\u01a1n gi\u1ea3n m\u00e0 c\u00f2n l\u00e0 m\u1ed9t v\u1eadt trang tr\u00ed \u0111\u1ed9c \u0111\u00e1o v\u00e0 \u1ea5n t\u01b0\u1ee3ng. V\u1edbi k\u00edch th\u01b0\u1edbc nh\u1ecf g\u1ecdn (6 x 16 cm) v\u00e0 m\u00e0u s\u1eafc \u0111a d\u1ea1ng,","breadcrumb":{"@id":"https:\/\/maison-chance.org\/shop\/san-pham\/thu-nhoi-bong-hinh-con-ca-sau-vai-tho-cam#breadcrumb"},"inLanguage":"vi-VN","potentialAction":[{"@type":"ReadAction","target":["https:\/\/maison-chance.org\/shop\/san-pham\/thu-nhoi-bong-hinh-con-ca-sau-vai-tho-cam"]}]},{"@type":"ImageObject","inLanguage":"vi-VN","@id":"https:\/\/maison-chance.org\/shop\/san-pham\/thu-nhoi-bong-hinh-con-ca-sau-vai-tho-cam#primaryimage","url":"https:\/\/maison-chance.org\/shop\/wp-content\/uploads\/2024\/04\/thu-nhoi-bong-hinh-con-ca-sau-vai-tho-cam-1.jpg","contentUrl":"https:\/\/maison-chance.org\/shop\/wp-content\/uploads\/2024\/04\/thu-nhoi-bong-hinh-con-ca-sau-vai-tho-cam-1.jpg","width":600,"height":600,"caption":"Th\u00fa nh\u1ed3i b\u00f4ng h\u00ecnh con C\u00e1 S\u1ea5u v\u1ea3i th\u1ed5 c\u1ea9m"},{"@type":"BreadcrumbList","@id":"https:\/\/maison-chance.org\/shop\/san-pham\/thu-nhoi-bong-hinh-con-ca-sau-vai-tho-cam#breadcrumb","itemListElement":[{"@type":"ListItem","position":1,"name":"Trang ch\u1ee7","item":"https:\/\/maison-chance.org\/shop\/"},{"@type":"ListItem","position":2,"name":"Shop","item":"https:\/\/maison-chance.org\/shop\/shop"},{"@type":"ListItem","position":3,"name":"Con c\u00e1 s\u1ea5u"}]},{"@type":"WebSite","@id":"https:\/\/maison-chance.org\/shop\/#website","url":"https:\/\/maison-chance.org\/shop\/","name":"Nh\u00e0 May M\u1eafn - Maison Chance","description":"M\u1ecdi l\u1ee3i nhu\u1eadn thu v\u1ec1 t\u1eeb vi\u1ec7c b\u00e1n h\u00e0ng s\u1ebd tr\u00edch m\u1ed9t ph\u1ea7n \u0111\u1ec3 ch\u0103m lo cho \u0111\u1eddi s\u1ed1ng c\u00e1c b\u1ea1n khuy\u1ebft t\u1eadt v\u00e0 tr\u1ebb m\u1ed3 c\u00f4i \u1edf \u0111\u00e2y","publisher":{"@id":"https:\/\/maison-chance.org\/shop\/#organization"},"potentialAction":[{"@type":"SearchAction","target":{"@type":"EntryPoint","urlTemplate":"https:\/\/maison-chance.org\/shop\/?s={search_term_string}"},"query-input":{"@type":"PropertyValueSpecification","valueRequired":true,"valueName":"search_term_string"}}],"inLanguage":"vi-VN"},{"@type":"Organization","@id":"https:\/\/maison-chance.org\/shop\/#organization","name":"Nh\u00e0 May M\u1eafn - Maison Chance","url":"https:\/\/maison-chance.org\/shop\/","logo":{"@type":"ImageObject","inLanguage":"vi-VN","@id":"https:\/\/maison-chance.org\/shop\/#\/schema\/logo\/image\/","url":"https:\/\/maison-chance.org\/shop\/wp-content\/uploads\/2024\/03\/cropped-Logo_DNXH.png","contentUrl":"https:\/\/maison-chance.org\/shop\/wp-content\/uploads\/2024\/03\/cropped-Logo_DNXH.png","width":512,"height":512,"caption":"Nh\u00e0 May M\u1eafn - Maison Chance"},"image":{"@id":"https:\/\/maison-chance.org\/shop\/#\/schema\/logo\/image\/"},"sameAs":["https:\/\/www.facebook.com\/dnxh.nhamayman\/"]}]},"product_price_amount":"3.30","product_price_currency":"USD","og_availability":"instock","product_availability":"instock","product_condition":"new"},"_links":{"self":[{"href":"https:\/\/maison-chance.org\/shop\/wp-json\/wp\/v2\/product\/36878","targetHints":{"allow":["GET"]}}],"collection":[{"href":"https:\/\/maison-chance.org\/shop\/wp-json\/wp\/v2\/product"}],"about":[{"href":"https:\/\/maison-chance.org\/shop\/wp-json\/wp\/v2\/types\/product"}],"wp:featuredmedia":[{"embeddable":true,"href":"https:\/\/maison-chance.org\/shop\/wp-json\/wp\/v2\/media\/36897"}],"wp:attachment":[{"href":"https:\/\/maison-chance.org\/shop\/wp-json\/wp\/v2\/media?parent=36878"}],"wp:term":[{"taxonomy":"product_brand","embeddable":true,"href":"https:\/\/maison-chance.org\/shop\/wp-json\/wp\/v2\/product_brand?post=36878"},{"taxonomy":"product_cat","embeddable":true,"href":"https:\/\/maison-chance.org\/shop\/wp-json\/wp\/v2\/product_cat?post=36878"},{"taxonomy":"product_tag","embeddable":true,"href":"https:\/\/maison-chance.org\/shop\/wp-json\/wp\/v2\/product_tag?post=36878"}],"curies":[{"name":"wp","href":"https:\/\/api.w.org\/{rel}","templated":true}]}}