{"id":36908,"date":"2024-10-22T07:20:40","date_gmt":"2024-10-22T00:20:40","guid":{"rendered":"https:\/\/maison-chance.org\/shop\/?post_type=product&#038;p=36908"},"modified":"2025-03-05T10:27:26","modified_gmt":"2025-03-05T03:27:26","slug":"thu-nhoi-bong-hinh-con-rua-vai-tho-cam","status":"publish","type":"product","link":"https:\/\/maison-chance.org\/shop\/san-pham\/thu-nhoi-bong-hinh-con-rua-vai-tho-cam","title":{"rendered":"Con r\u00f9a"},"content":{"rendered":"<p style=\"text-align: justify\">Ch\u1eadm m\u00e0 ch\u1eafc, hi\u1ec1n l\u00e0nh nh\u01b0ng \u0111\u1ea7y ngh\u1ecb l\u1ef1c \u2013 r\u00f9a t\u1eeb l\u00e2u \u0111\u00e3 l\u00e0 bi\u1ec3u t\u01b0\u1ee3ng c\u1ee7a s\u1ef1 b\u1ec1n b\u1ec9, b\u00ecnh an v\u00e0 may m\u1eafn. V\u00e0 gi\u1edd \u0111\u00e2y, b\u1ea1n c\u00f3 th\u1ec3 \u00f4m tr\u1ecdn may m\u1eafn \u1ea5y trong tay v\u1edbi r\u00f9a nh\u1ed3i b\u00f4ng th\u1ed5 c\u1ea9m \u2013 m\u1ed9t ng\u01b0\u1eddi b\u1ea1n nh\u1ecf \u0111\u00e1ng y\u00eau, m\u1ec1m m\u1ea1i v\u00e0 tr\u00e0n \u0111\u1ea7y s\u1eafc m\u00e0u!<\/p>\n<p>V\u1ebb ngo\u00e0i c\u01b0ng x\u1ec9u v\u1edbi chi\u1ebfc mai tr\u00f2n tr\u1ecba \u0111\u01b0\u1ee3c l\u00e0m t\u1eeb v\u1ea3i th\u1ed5 c\u1ea9m r\u1ef1c r\u1ee1, t\u1eebng ch\u00fa r\u00f9a kho\u00e1c l\u00ean m\u00ecnh nh\u1eefng h\u1ecda ti\u1ebft tinh t\u1ebf, \u0111\u1ed9c \u0111\u00e1o. \u0110\u00f4i m\u1eaft hi\u1ec1n l\u00e0nh, b\u1ed1n ch\u00e2n ng\u1eafn ng\u1ee7n tr\u00f2n tr\u0129nh \u2013 nh\u00ecn th\u00f4i l\u00e0 \u0111\u00e3 th\u1ea5y mu\u1ed1n n\u00e2ng niu r\u1ed3i! Ch\u00fang t\u00f4i c\u00f3 nhi\u1ec1u k\u00edch th\u01b0\u1edbc kh\u00e1c nhau t\u1eeb 9 x 12 cm \u0111\u1ebfn 23 x 34 cm gi\u00fap b\u1ea1n c\u00f3 th\u1ec3 b\u1ed1 tr\u00ed linh ho\u1ea1t \u1edf nhi\u1ec1u v\u1ecb tr\u00ed kh\u00e1c nhau, t\u1ea1o n\u00ean m\u1ed9t kh\u00f4ng gian \u1ea5m c\u00fang v\u00e0 sinh \u0111\u1ed9ng.<\/p>\n<p style=\"text-align: justify\">&#8211; \u0110\u1eb7t con r\u00f9a nh\u1ed3i b\u00f4ng tr\u00ean gi\u01b0\u1eddng ho\u1eb7c k\u1ec7 s\u00e1ch c\u1ee7a tr\u1ebb, s\u1ea3n ph\u1ea9m s\u1ebd tr\u1edf th\u00e0nh m\u1ed9t ng\u01b0\u1eddi b\u1ea1n \u0111\u1ed3ng h\u00e0nh \u0111\u00e1ng y\u00eau v\u00e0 an to\u00e0n. M\u00e0u s\u1eafc t\u01b0\u01a1i s\u00e1ng c\u00f9ng hoa v\u0103n th\u1ed5 c\u1ea9m s\u1ebd k\u00edch th\u00edch tr\u00ed t\u01b0\u1edfng t\u01b0\u1ee3ng v\u00e0 s\u1ef1 s\u00e1ng t\u1ea1o c\u1ee7a tr\u1ebb nh\u1ecf, t\u1ea1o ra nh\u1eefng gi\u1ea5c m\u01a1 \u0111\u1eb9p.<\/p>\n<p style=\"text-align: justify\">&#8211; Kh\u00f4ng ch\u1ec9 d\u1eebng l\u1ea1i \u1edf ph\u00f2ng ng\u1ee7, b\u1ea1n c\u00f2n c\u00f3 th\u1ec3 b\u00e0y tr\u00ed con r\u00f9a nh\u1ed3i b\u00f4ng tr\u00ean b\u00e0n l\u00e0m vi\u1ec7c, k\u1ec7 s\u00e1ch, hay b\u00e0n c\u00e0 ph\u00ea. S\u1ea3n ph\u1ea9m s\u1ebd l\u00e0m cho kh\u00f4ng gian tr\u1edf n\u00ean sinh \u0111\u1ed9ng v\u00e0 th\u1ec3 hi\u1ec7n phong c\u00e1ch s\u1ed1ng c\u1ee7a b\u1ea1n. H\u01a1n n\u1eefa, con r\u00f9a nh\u1ed3i b\u00f4ng c\u0169ng mang l\u1ea1i c\u1ea3m gi\u00e1c g\u1ea7n g\u0169i, \u1ea5m \u00e1p cho ng\u00f4i nh\u00e0 c\u1ee7a b\u1ea1n.<\/p>\n<p style=\"text-align: justify\">&#8211; N\u1ebfu b\u1ea1n \u0111ang t\u00ecm ki\u1ebfm m\u1ed9t m\u00f3n qu\u00e0 \u0111\u1eb7c bi\u1ec7t cho b\u1ea1n b\u00e8 ho\u1eb7c ng\u01b0\u1eddi th\u00e2n, <a href=\"https:\/\/maison-chance.org\/shop\/thu-nhoi-bong\">con r\u00f9a nh\u1ed3i b\u00f4ng<\/a> l\u00e0 l\u1ef1a ch\u1ecdn ho\u00e0n h\u1ea3o. \u0110\u00e2y kh\u00f4ng ch\u1ec9 l\u00e0 m\u1ed9t m\u00f3n qu\u00e0 d\u1ec5 th\u01b0\u01a1ng m\u00e0 c\u00f2n ch\u1ee9a \u0111\u1ef1ng th\u00f4ng \u0111i\u1ec7p v\u1ec1 l\u00f2ng nh\u00e2n \u00e1i v\u00e0 s\u1ef1 h\u1ed7 tr\u1ee3 d\u00e0nh cho nh\u1eefng th\u1ee3 may khuy\u1ebft t\u1eadt. M\u00f3n qu\u00e0 n\u00e0y s\u1ebd khi\u1ebfn ng\u01b0\u1eddi nh\u1eadn c\u1ea3m th\u1ea5y \u1ea5m l\u00f2ng v\u00e0 tr\u00e2n tr\u1ecdng.<\/p>\n<p style=\"text-align: justify\">H\u00e3y tr\u1edf th\u00e0nh m\u1ed9t ph\u1ea7n c\u1ee7a h\u00e0nh tr\u00ecnh \u00fd ngh\u0129a n\u00e0y b\u1eb1ng c\u00e1ch ch\u1ecdn mua con r\u00f9a nh\u1ed3i b\u00f4ng t\u1eeb Nh\u00e0 May M\u1eafn. M\u1ed7i s\u1ea3n ph\u1ea9m kh\u00f4ng ch\u1ec9 l\u00e0 m\u1ed9t m\u00f3n \u0111\u1ed3 trang tr\u00ed hay \u0111\u1ed3 ch\u01a1i m\u00e0 c\u00f2n l\u00e0 bi\u1ec3u t\u01b0\u1ee3ng c\u1ee7a s\u1ef1 n\u1ed7 l\u1ef1c kh\u00f4ng ng\u1eebng c\u1ee7a nh\u1eefng th\u1ee3 may khuy\u1ebft t\u1eadt. Khi b\u1ea1n l\u1ef1a ch\u1ecdn s\u1ea3n ph\u1ea9m n\u00e0y, b\u1ea1n kh\u00f4ng ch\u1ec9 mang v\u1ec1 cho m\u00ecnh m\u1ed9t m\u00f3n \u0111\u1ed3 \u0111\u1ed9c \u0111\u00e1o m\u00e0 c\u00f2n g\u00f3p ph\u1ea7n h\u1ed7 tr\u1ee3 v\u00e0 t\u1ea1o c\u01a1 h\u1ed9i cho nh\u1eefng ng\u01b0\u1eddi khuy\u1ebft t\u1eadt h\u00f2a nh\u1eadp v\u00e0 ph\u00e1t tri\u1ec3n trong cu\u1ed9c s\u1ed1ng. H\u00e3y gh\u00e9 th\u0103m <a href=\"https:\/\/maison-chance.org\/shop\">Nh\u00e0 May M\u1eafn<\/a> v\u00e0 mang v\u1ec1 cho m\u00ecnh m\u1ed9t s\u1ea3n ph\u1ea9m \u0111\u1ea7y \u00fd ngh\u0129a ngay h\u00f4m nay!<\/p>\n<p><em>R\u00f9a Nh\u1ed3i B\u00f4ng Th\u1ed5 C\u1ea9m \u2013 M\u1ed9t ch\u00fat truy\u1ec1n th\u1ed1ng, m\u1ed9t ch\u00fat y\u00eau th\u01b0\u01a1ng v\u00e0&#8230;r\u1ea5t nhi\u1ec1u may m\u1eafn!<\/em><\/p>\n","protected":false},"excerpt":{"rendered":"<p style=\"text-align: justify\">S\u1ea3n ph\u1ea9m do c\u00e1c b\u1ea1n khuy\u1ebft t\u1eadt k\u00e9m may m\u1eafn s\u1ea3n xu\u1ea5t th\u1ee7 c\u00f4ng k\u00ednh mong nh\u1eadn \u0111\u01b0\u1ee3c s\u1ef1 \u1ee7ng h\u1ed9 c\u1ee7a Qu\u00fd kh\u00e1ch h\u00e0ng.<\/p>\n<p>Ch\u1ea5t li\u1ec7u: V\u1ea3i th\u1ed5 c\u1ea9m<\/p>\n<p>Code: TC17TB<\/p>\n<p>Hotline : <span style=\"font-size: 20px\"><strong><span style=\"color: #ff0000\">0909 06 25 28<\/span><\/strong><\/span><\/p>\n<p style=\"text-align: justify\">N\u1ebfu b\u1ea1n \u1edf Vi\u1ec7t Nam vui l\u00f2ng li\u00ean h\u1ec7 ch\u00fang t\u00f4i theo s\u1ed1 hotline ho\u1eb7c fanpage doanh nghi\u1ec7p Nh\u00e0 May M\u1eafn ch\u00fang t\u00f4i \u0111\u1ec3 bi\u1ebft gi\u00e1 b\u00e1n t\u1ea1i Vi\u1ec7t Nam.<\/p>\n","protected":false},"featured_media":36909,"template":"","meta":[],"product_brand":[],"product_cat":[137,138],"product_tag":[],"class_list":{"0":"post-36908","1":"product","2":"type-product","3":"status-publish","4":"has-post-thumbnail","6":"product_cat-phong-may","7":"product_cat-thu-nhoi-bong","9":"first","10":"instock","11":"shipping-taxable","12":"purchasable","13":"product-type-variable"},"yoast_head":"<!-- This site is optimized with the Yoast SEO Premium plugin v22.7 (Yoast SEO v25.3.1) - https:\/\/yoast.com\/wordpress\/plugins\/seo\/ -->\n<title>Con r\u00f9a - th\u00fa nh\u1ed3i b\u00f4ng v\u1ea3i th\u1ed5 c\u1ea9m - Nh\u00e0 May M\u1eafn - Maison Chance<\/title>\n<meta name=\"description\" content=\"Th\u00fa nh\u1ed3i b\u00f4ng h\u00ecnh con R\u00f9a v\u1ea3i th\u1ed5 c\u1ea9m l\u00e0 m\u00f3n \u0111\u1ed3 ch\u01a1i, l\u00e0 m\u1ed9t \u0111i\u1ec3m nh\u1ea5n \u0111\u1ea7y s\u00e1ng t\u1ea1o trong kh\u00f4ng gian s\u1ed1ng c\u1ee7a b\u1ea1n. S\u1ea3n ph\u1ea9m c\u00f3 th\u1ec3 \u0111\u01b0\u1ee3c b\u1ed1 tr\u00ed linh ho\u1ea1t \u1edf nhi\u1ec1u v\u1ecb tr\u00ed kh\u00e1c nhau, gi\u00fap t\u1ea1o n\u00ean m\u1ed9t kh\u00f4ng gian \u1ea5m c\u00fang v\u00e0 sinh \u0111\u1ed9ng.\" \/>\n<meta name=\"robots\" content=\"index, follow, max-snippet:-1, max-image-preview:large, max-video-preview:-1\" \/>\n<link rel=\"canonical\" href=\"https:\/\/maison-chance.org\/shop\/san-pham\/thu-nhoi-bong-hinh-con-rua-vai-tho-cam\" \/>\n<meta property=\"og:locale\" content=\"vi_VN\" \/>\n<meta property=\"og:type\" content=\"article\" \/>\n<meta property=\"og:title\" content=\"Con r\u00f9a\" \/>\n<meta property=\"og:description\" content=\"Th\u00fa nh\u1ed3i b\u00f4ng h\u00ecnh con R\u00f9a v\u1ea3i th\u1ed5 c\u1ea9m l\u00e0 m\u00f3n \u0111\u1ed3 ch\u01a1i, l\u00e0 m\u1ed9t \u0111i\u1ec3m nh\u1ea5n \u0111\u1ea7y s\u00e1ng t\u1ea1o trong kh\u00f4ng gian s\u1ed1ng c\u1ee7a b\u1ea1n. S\u1ea3n ph\u1ea9m c\u00f3 th\u1ec3 \u0111\u01b0\u1ee3c b\u1ed1 tr\u00ed linh ho\u1ea1t \u1edf nhi\u1ec1u v\u1ecb tr\u00ed kh\u00e1c nhau, gi\u00fap t\u1ea1o n\u00ean m\u1ed9t kh\u00f4ng gian \u1ea5m c\u00fang v\u00e0 sinh \u0111\u1ed9ng.\" \/>\n<meta property=\"og:url\" content=\"https:\/\/maison-chance.org\/shop\/san-pham\/thu-nhoi-bong-hinh-con-rua-vai-tho-cam\" \/>\n<meta property=\"og:site_name\" content=\"Nh\u00e0 May M\u1eafn - Maison Chance\" \/>\n<meta property=\"article:publisher\" content=\"https:\/\/www.facebook.com\/dnxh.nhamayman\/\" \/>\n<meta property=\"article:modified_time\" content=\"2025-03-05T03:27:26+00:00\" \/>\n<meta property=\"og:image\" content=\"https:\/\/maison-chance.org\/shop\/wp-content\/uploads\/2024\/04\/thu-nhoi-bong-hinh-con-rua-vai-tho-cam-1.jpg\" \/>\n\t<meta property=\"og:image:width\" content=\"600\" \/>\n\t<meta property=\"og:image:height\" content=\"600\" \/>\n\t<meta property=\"og:image:type\" content=\"image\/jpeg\" \/>\n<meta name=\"twitter:card\" content=\"summary_large_image\" \/>\n<meta name=\"twitter:label1\" content=\"Availability\" \/>\n\t<meta name=\"twitter:data1\" content=\"In stock\" \/>\n<script type=\"application\/ld+json\" class=\"yoast-schema-graph\">{\"@context\":\"https:\/\/schema.org\",\"@graph\":[{\"@type\":\"WebPage\",\"@id\":\"https:\/\/maison-chance.org\/shop\/san-pham\/thu-nhoi-bong-hinh-con-rua-vai-tho-cam\",\"url\":\"https:\/\/maison-chance.org\/shop\/san-pham\/thu-nhoi-bong-hinh-con-rua-vai-tho-cam\",\"name\":\"Con r\u00f9a - th\u00fa nh\u1ed3i b\u00f4ng v\u1ea3i th\u1ed5 c\u1ea9m - Nh\u00e0 May M\u1eafn - Maison Chance\",\"isPartOf\":{\"@id\":\"https:\/\/maison-chance.org\/shop\/#website\"},\"primaryImageOfPage\":{\"@id\":\"https:\/\/maison-chance.org\/shop\/san-pham\/thu-nhoi-bong-hinh-con-rua-vai-tho-cam#primaryimage\"},\"image\":{\"@id\":\"https:\/\/maison-chance.org\/shop\/san-pham\/thu-nhoi-bong-hinh-con-rua-vai-tho-cam#primaryimage\"},\"thumbnailUrl\":\"https:\/\/maison-chance.org\/shop\/wp-content\/uploads\/2024\/04\/thu-nhoi-bong-hinh-con-rua-vai-tho-cam-1.jpg\",\"datePublished\":\"2024-10-22T00:20:40+00:00\",\"dateModified\":\"2025-03-05T03:27:26+00:00\",\"description\":\"Th\u00fa nh\u1ed3i b\u00f4ng h\u00ecnh con R\u00f9a v\u1ea3i th\u1ed5 c\u1ea9m l\u00e0 m\u00f3n \u0111\u1ed3 ch\u01a1i, l\u00e0 m\u1ed9t \u0111i\u1ec3m nh\u1ea5n \u0111\u1ea7y s\u00e1ng t\u1ea1o trong kh\u00f4ng gian s\u1ed1ng c\u1ee7a b\u1ea1n. S\u1ea3n ph\u1ea9m c\u00f3 th\u1ec3 \u0111\u01b0\u1ee3c b\u1ed1 tr\u00ed linh ho\u1ea1t \u1edf nhi\u1ec1u v\u1ecb tr\u00ed kh\u00e1c nhau, gi\u00fap t\u1ea1o n\u00ean m\u1ed9t kh\u00f4ng gian \u1ea5m c\u00fang v\u00e0 sinh \u0111\u1ed9ng.\",\"breadcrumb\":{\"@id\":\"https:\/\/maison-chance.org\/shop\/san-pham\/thu-nhoi-bong-hinh-con-rua-vai-tho-cam#breadcrumb\"},\"inLanguage\":\"vi-VN\",\"potentialAction\":[{\"@type\":\"ReadAction\",\"target\":[\"https:\/\/maison-chance.org\/shop\/san-pham\/thu-nhoi-bong-hinh-con-rua-vai-tho-cam\"]}]},{\"@type\":\"ImageObject\",\"inLanguage\":\"vi-VN\",\"@id\":\"https:\/\/maison-chance.org\/shop\/san-pham\/thu-nhoi-bong-hinh-con-rua-vai-tho-cam#primaryimage\",\"url\":\"https:\/\/maison-chance.org\/shop\/wp-content\/uploads\/2024\/04\/thu-nhoi-bong-hinh-con-rua-vai-tho-cam-1.jpg\",\"contentUrl\":\"https:\/\/maison-chance.org\/shop\/wp-content\/uploads\/2024\/04\/thu-nhoi-bong-hinh-con-rua-vai-tho-cam-1.jpg\",\"width\":600,\"height\":600,\"caption\":\"Th\u00fa nh\u1ed3i b\u00f4ng h\u00ecnh con R\u00f9a v\u1ea3i th\u1ed5 c\u1ea9m\"},{\"@type\":\"BreadcrumbList\",\"@id\":\"https:\/\/maison-chance.org\/shop\/san-pham\/thu-nhoi-bong-hinh-con-rua-vai-tho-cam#breadcrumb\",\"itemListElement\":[{\"@type\":\"ListItem\",\"position\":1,\"name\":\"Trang ch\u1ee7\",\"item\":\"https:\/\/maison-chance.org\/shop\/\"},{\"@type\":\"ListItem\",\"position\":2,\"name\":\"Shop\",\"item\":\"https:\/\/maison-chance.org\/shop\/shop\"},{\"@type\":\"ListItem\",\"position\":3,\"name\":\"Con r\u00f9a\"}]},{\"@type\":\"WebSite\",\"@id\":\"https:\/\/maison-chance.org\/shop\/#website\",\"url\":\"https:\/\/maison-chance.org\/shop\/\",\"name\":\"Nh\u00e0 May M\u1eafn - Maison Chance\",\"description\":\"M\u1ecdi l\u1ee3i nhu\u1eadn thu v\u1ec1 t\u1eeb vi\u1ec7c b\u00e1n h\u00e0ng s\u1ebd tr\u00edch m\u1ed9t ph\u1ea7n \u0111\u1ec3 ch\u0103m lo cho \u0111\u1eddi s\u1ed1ng c\u00e1c b\u1ea1n khuy\u1ebft t\u1eadt v\u00e0 tr\u1ebb m\u1ed3 c\u00f4i \u1edf \u0111\u00e2y\",\"publisher\":{\"@id\":\"https:\/\/maison-chance.org\/shop\/#organization\"},\"potentialAction\":[{\"@type\":\"SearchAction\",\"target\":{\"@type\":\"EntryPoint\",\"urlTemplate\":\"https:\/\/maison-chance.org\/shop\/?s={search_term_string}\"},\"query-input\":{\"@type\":\"PropertyValueSpecification\",\"valueRequired\":true,\"valueName\":\"search_term_string\"}}],\"inLanguage\":\"vi-VN\"},{\"@type\":\"Organization\",\"@id\":\"https:\/\/maison-chance.org\/shop\/#organization\",\"name\":\"Nh\u00e0 May M\u1eafn - Maison Chance\",\"url\":\"https:\/\/maison-chance.org\/shop\/\",\"logo\":{\"@type\":\"ImageObject\",\"inLanguage\":\"vi-VN\",\"@id\":\"https:\/\/maison-chance.org\/shop\/#\/schema\/logo\/image\/\",\"url\":\"https:\/\/maison-chance.org\/shop\/wp-content\/uploads\/2024\/03\/cropped-Logo_DNXH.png\",\"contentUrl\":\"https:\/\/maison-chance.org\/shop\/wp-content\/uploads\/2024\/03\/cropped-Logo_DNXH.png\",\"width\":512,\"height\":512,\"caption\":\"Nh\u00e0 May M\u1eafn - Maison Chance\"},\"image\":{\"@id\":\"https:\/\/maison-chance.org\/shop\/#\/schema\/logo\/image\/\"},\"sameAs\":[\"https:\/\/www.facebook.com\/dnxh.nhamayman\/\"]}]}<\/script>\n<meta property=\"og:availability\" content=\"instock\" \/>\n<meta property=\"product:availability\" content=\"instock\" \/>\n<meta property=\"product:condition\" content=\"new\" \/>\n<!-- \/ Yoast SEO Premium plugin. -->","yoast_head_json":{"title":"Con r\u00f9a - th\u00fa nh\u1ed3i b\u00f4ng v\u1ea3i th\u1ed5 c\u1ea9m - Nh\u00e0 May M\u1eafn - Maison Chance","description":"Th\u00fa nh\u1ed3i b\u00f4ng h\u00ecnh con R\u00f9a v\u1ea3i th\u1ed5 c\u1ea9m l\u00e0 m\u00f3n \u0111\u1ed3 ch\u01a1i, l\u00e0 m\u1ed9t \u0111i\u1ec3m nh\u1ea5n \u0111\u1ea7y s\u00e1ng t\u1ea1o trong kh\u00f4ng gian s\u1ed1ng c\u1ee7a b\u1ea1n. S\u1ea3n ph\u1ea9m c\u00f3 th\u1ec3 \u0111\u01b0\u1ee3c b\u1ed1 tr\u00ed linh ho\u1ea1t \u1edf nhi\u1ec1u v\u1ecb tr\u00ed kh\u00e1c nhau, gi\u00fap t\u1ea1o n\u00ean m\u1ed9t kh\u00f4ng gian \u1ea5m c\u00fang v\u00e0 sinh \u0111\u1ed9ng.","robots":{"index":"index","follow":"follow","max-snippet":"max-snippet:-1","max-image-preview":"max-image-preview:large","max-video-preview":"max-video-preview:-1"},"canonical":"https:\/\/maison-chance.org\/shop\/san-pham\/thu-nhoi-bong-hinh-con-rua-vai-tho-cam","og_locale":"vi_VN","og_type":"article","og_title":"Con r\u00f9a","og_description":"Th\u00fa nh\u1ed3i b\u00f4ng h\u00ecnh con R\u00f9a v\u1ea3i th\u1ed5 c\u1ea9m l\u00e0 m\u00f3n \u0111\u1ed3 ch\u01a1i, l\u00e0 m\u1ed9t \u0111i\u1ec3m nh\u1ea5n \u0111\u1ea7y s\u00e1ng t\u1ea1o trong kh\u00f4ng gian s\u1ed1ng c\u1ee7a b\u1ea1n. S\u1ea3n ph\u1ea9m c\u00f3 th\u1ec3 \u0111\u01b0\u1ee3c b\u1ed1 tr\u00ed linh ho\u1ea1t \u1edf nhi\u1ec1u v\u1ecb tr\u00ed kh\u00e1c nhau, gi\u00fap t\u1ea1o n\u00ean m\u1ed9t kh\u00f4ng gian \u1ea5m c\u00fang v\u00e0 sinh \u0111\u1ed9ng.","og_url":"https:\/\/maison-chance.org\/shop\/san-pham\/thu-nhoi-bong-hinh-con-rua-vai-tho-cam","og_site_name":"Nh\u00e0 May M\u1eafn - Maison Chance","article_publisher":"https:\/\/www.facebook.com\/dnxh.nhamayman\/","article_modified_time":"2025-03-05T03:27:26+00:00","og_image":[{"width":600,"height":600,"url":"https:\/\/maison-chance.org\/shop\/wp-content\/uploads\/2024\/04\/thu-nhoi-bong-hinh-con-rua-vai-tho-cam-1.jpg","type":"image\/jpeg"}],"twitter_card":"summary_large_image","twitter_misc":{"Availability":"In stock"},"schema":{"@context":"https:\/\/schema.org","@graph":[{"@type":"WebPage","@id":"https:\/\/maison-chance.org\/shop\/san-pham\/thu-nhoi-bong-hinh-con-rua-vai-tho-cam","url":"https:\/\/maison-chance.org\/shop\/san-pham\/thu-nhoi-bong-hinh-con-rua-vai-tho-cam","name":"Con r\u00f9a - th\u00fa nh\u1ed3i b\u00f4ng v\u1ea3i th\u1ed5 c\u1ea9m - Nh\u00e0 May M\u1eafn - Maison Chance","isPartOf":{"@id":"https:\/\/maison-chance.org\/shop\/#website"},"primaryImageOfPage":{"@id":"https:\/\/maison-chance.org\/shop\/san-pham\/thu-nhoi-bong-hinh-con-rua-vai-tho-cam#primaryimage"},"image":{"@id":"https:\/\/maison-chance.org\/shop\/san-pham\/thu-nhoi-bong-hinh-con-rua-vai-tho-cam#primaryimage"},"thumbnailUrl":"https:\/\/maison-chance.org\/shop\/wp-content\/uploads\/2024\/04\/thu-nhoi-bong-hinh-con-rua-vai-tho-cam-1.jpg","datePublished":"2024-10-22T00:20:40+00:00","dateModified":"2025-03-05T03:27:26+00:00","description":"Th\u00fa nh\u1ed3i b\u00f4ng h\u00ecnh con R\u00f9a v\u1ea3i th\u1ed5 c\u1ea9m l\u00e0 m\u00f3n \u0111\u1ed3 ch\u01a1i, l\u00e0 m\u1ed9t \u0111i\u1ec3m nh\u1ea5n \u0111\u1ea7y s\u00e1ng t\u1ea1o trong kh\u00f4ng gian s\u1ed1ng c\u1ee7a b\u1ea1n. S\u1ea3n ph\u1ea9m c\u00f3 th\u1ec3 \u0111\u01b0\u1ee3c b\u1ed1 tr\u00ed linh ho\u1ea1t \u1edf nhi\u1ec1u v\u1ecb tr\u00ed kh\u00e1c nhau, gi\u00fap t\u1ea1o n\u00ean m\u1ed9t kh\u00f4ng gian \u1ea5m c\u00fang v\u00e0 sinh \u0111\u1ed9ng.","breadcrumb":{"@id":"https:\/\/maison-chance.org\/shop\/san-pham\/thu-nhoi-bong-hinh-con-rua-vai-tho-cam#breadcrumb"},"inLanguage":"vi-VN","potentialAction":[{"@type":"ReadAction","target":["https:\/\/maison-chance.org\/shop\/san-pham\/thu-nhoi-bong-hinh-con-rua-vai-tho-cam"]}]},{"@type":"ImageObject","inLanguage":"vi-VN","@id":"https:\/\/maison-chance.org\/shop\/san-pham\/thu-nhoi-bong-hinh-con-rua-vai-tho-cam#primaryimage","url":"https:\/\/maison-chance.org\/shop\/wp-content\/uploads\/2024\/04\/thu-nhoi-bong-hinh-con-rua-vai-tho-cam-1.jpg","contentUrl":"https:\/\/maison-chance.org\/shop\/wp-content\/uploads\/2024\/04\/thu-nhoi-bong-hinh-con-rua-vai-tho-cam-1.jpg","width":600,"height":600,"caption":"Th\u00fa nh\u1ed3i b\u00f4ng h\u00ecnh con R\u00f9a v\u1ea3i th\u1ed5 c\u1ea9m"},{"@type":"BreadcrumbList","@id":"https:\/\/maison-chance.org\/shop\/san-pham\/thu-nhoi-bong-hinh-con-rua-vai-tho-cam#breadcrumb","itemListElement":[{"@type":"ListItem","position":1,"name":"Trang ch\u1ee7","item":"https:\/\/maison-chance.org\/shop\/"},{"@type":"ListItem","position":2,"name":"Shop","item":"https:\/\/maison-chance.org\/shop\/shop"},{"@type":"ListItem","position":3,"name":"Con r\u00f9a"}]},{"@type":"WebSite","@id":"https:\/\/maison-chance.org\/shop\/#website","url":"https:\/\/maison-chance.org\/shop\/","name":"Nh\u00e0 May M\u1eafn - Maison Chance","description":"M\u1ecdi l\u1ee3i nhu\u1eadn thu v\u1ec1 t\u1eeb vi\u1ec7c b\u00e1n h\u00e0ng s\u1ebd tr\u00edch m\u1ed9t ph\u1ea7n \u0111\u1ec3 ch\u0103m lo cho \u0111\u1eddi s\u1ed1ng c\u00e1c b\u1ea1n khuy\u1ebft t\u1eadt v\u00e0 tr\u1ebb m\u1ed3 c\u00f4i \u1edf \u0111\u00e2y","publisher":{"@id":"https:\/\/maison-chance.org\/shop\/#organization"},"potentialAction":[{"@type":"SearchAction","target":{"@type":"EntryPoint","urlTemplate":"https:\/\/maison-chance.org\/shop\/?s={search_term_string}"},"query-input":{"@type":"PropertyValueSpecification","valueRequired":true,"valueName":"search_term_string"}}],"inLanguage":"vi-VN"},{"@type":"Organization","@id":"https:\/\/maison-chance.org\/shop\/#organization","name":"Nh\u00e0 May M\u1eafn - Maison Chance","url":"https:\/\/maison-chance.org\/shop\/","logo":{"@type":"ImageObject","inLanguage":"vi-VN","@id":"https:\/\/maison-chance.org\/shop\/#\/schema\/logo\/image\/","url":"https:\/\/maison-chance.org\/shop\/wp-content\/uploads\/2024\/03\/cropped-Logo_DNXH.png","contentUrl":"https:\/\/maison-chance.org\/shop\/wp-content\/uploads\/2024\/03\/cropped-Logo_DNXH.png","width":512,"height":512,"caption":"Nh\u00e0 May M\u1eafn - Maison Chance"},"image":{"@id":"https:\/\/maison-chance.org\/shop\/#\/schema\/logo\/image\/"},"sameAs":["https:\/\/www.facebook.com\/dnxh.nhamayman\/"]}]},"og_availability":"instock","product_availability":"instock","product_condition":"new"},"_links":{"self":[{"href":"https:\/\/maison-chance.org\/shop\/wp-json\/wp\/v2\/product\/36908","targetHints":{"allow":["GET"]}}],"collection":[{"href":"https:\/\/maison-chance.org\/shop\/wp-json\/wp\/v2\/product"}],"about":[{"href":"https:\/\/maison-chance.org\/shop\/wp-json\/wp\/v2\/types\/product"}],"wp:featuredmedia":[{"embeddable":true,"href":"https:\/\/maison-chance.org\/shop\/wp-json\/wp\/v2\/media\/36909"}],"wp:attachment":[{"href":"https:\/\/maison-chance.org\/shop\/wp-json\/wp\/v2\/media?parent=36908"}],"wp:term":[{"taxonomy":"product_brand","embeddable":true,"href":"https:\/\/maison-chance.org\/shop\/wp-json\/wp\/v2\/product_brand?post=36908"},{"taxonomy":"product_cat","embeddable":true,"href":"https:\/\/maison-chance.org\/shop\/wp-json\/wp\/v2\/product_cat?post=36908"},{"taxonomy":"product_tag","embeddable":true,"href":"https:\/\/maison-chance.org\/shop\/wp-json\/wp\/v2\/product_tag?post=36908"}],"curies":[{"name":"wp","href":"https:\/\/api.w.org\/{rel}","templated":true}]}}