{"id":36918,"date":"2024-11-11T07:05:58","date_gmt":"2024-11-11T00:05:58","guid":{"rendered":"https:\/\/maison-chance.org\/shop\/?post_type=product&#038;p=36918"},"modified":"2025-03-15T13:05:58","modified_gmt":"2025-03-15T06:05:58","slug":"thu-nhoi-bong-hinh-con-chuot-vai-tho-cam","status":"publish","type":"product","link":"https:\/\/maison-chance.org\/shop\/san-pham\/thu-nhoi-bong-hinh-con-chuot-vai-tho-cam","title":{"rendered":"Con chu\u1ed9t"},"content":{"rendered":"<p>B\u1ea1n \u0111\u00e3 t\u00ecm \u0111\u01b0\u1ee3c linh v\u1eadt \u0111\u1ea1i di\u1ec7n cho n\u0103m tu\u1ed5i c\u1ee7a m\u00ecnh ch\u01b0a? Trong v\u00f2ng quay v\u1eadn m\u1ec7nh, chu\u1ed9t l\u00e0 con gi\u00e1p ti\u00ean phong, t\u01b0\u1ee3ng tr\u01b0ng cho tr\u00ed tu\u1ec7, s\u1ef1 nhanh nh\u1eb9n v\u00e0 t\u00e0i l\u1ed9c. D\u00f9 b\u1ea1n tu\u1ed5i g\u00ec, s\u1edf h\u1eefu m\u1ed9t ch\u00fa chu\u1ed9t c\u0169ng \u0111\u1ed3ng ngh\u0129a v\u1edbi vi\u1ec7c r\u01b0\u1edbc th\u00eam ph\u01b0\u1edbc l\u00e0nh v\u00e0 v\u1eadn may v\u00e0o nh\u00e0!<\/p>\n<p data-start=\"325\" data-end=\"378\"><strong data-start=\"328\" data-end=\"376\">V\u00ec sao b\u1ea1n kh\u00f4ng th\u1ec3 b\u1ecf l\u1ee1 ch\u00fa chu\u1ed9t n\u00e0y?<\/strong><\/p>\n<p data-start=\"380\" data-end=\"924\">\u2705 <strong data-start=\"382\" data-end=\"411\">Ch\u1ea5t li\u1ec7u th\u1ed5 c\u1ea9m \u0111\u1ed9c \u0111\u00e1o<\/strong> \u2013 t\u1eebng m\u1ea3nh v\u1ea3i mang h\u01a1i th\u1edf v\u0103n h\u00f3a truy\u1ec1n th\u1ed1ng, v\u1eeba g\u1ea7n g\u0169i, v\u1eeba tinh t\u1ebf.<br data-start=\"488\" data-end=\"492\" \/>\u2705 <strong data-start=\"494\" data-end=\"516\">Ho\u00e0n to\u00e0n th\u1ee7 c\u00f4ng<\/strong> \u2013 t\u1eebng \u0111\u01b0\u1eddng kim, m\u0169i ch\u1ec9 \u0111\u01b0\u1ee3c ch\u0103m ch\u00fat t\u1ec9 m\u1ec9 b\u1edfi b\u00e0n tay c\u1ee7a nh\u1eefng ngh\u1ec7 nh\u00e2n \u0111\u1eb7c bi\u1ec7t &#8211; nh\u1eefng ng\u01b0\u1eddi khuy\u1ebft t\u1eadt \u0111ang v\u01b0\u01a1n l\u00ean t\u1eebng ng\u00e0y.<br data-start=\"657\" data-end=\"660\" \/>\u2705 <strong data-start=\"662\" data-end=\"697\">M\u00f3n qu\u00e0 mang \u00fd ngh\u0129a phong th\u1ee7y<\/strong> \u2013 chu\u1ed9t l\u00e0 bi\u1ec3u t\u01b0\u1ee3ng c\u1ee7a s\u1ef1 kh\u1edfi \u0111\u1ea7u thu\u1eadn l\u1ee3i, gi\u00fap gia ch\u1ee7 h\u00fat t\u00e0i l\u1ed9c, g\u1eb7p nhi\u1ec1u may m\u1eafn.<br data-start=\"791\" data-end=\"794\" \/>\u2705 <strong data-start=\"796\" data-end=\"830\" data-is-only-node=\"\">Linh v\u1eadt cho m\u1ecdi tu\u1ed5i, m\u1ecdi nh\u00e0<\/strong> \u2013 d\u00f9 b\u1ea1n thu\u1ed9c con gi\u00e1p n\u00e0o, ch\u00fa chu\u1ed9t \u0111\u00e1ng y\u00eau n\u00e0y v\u1eabn l\u00e0 m\u1ed9t m\u00f3n qu\u00e0 tinh th\u1ea7n tuy\u1ec7t v\u1eddi!<\/p>\n<p>\u0110\u1ec3 ph\u1ee5c v\u1ee5 \u0111a d\u1ea1ng nhu c\u1ea7u s\u1eed d\u1ee5ng, s\u1ea3n ph\u1ea9m \u0111\u01b0\u1ee3c thi\u1ebft k\u1ebf v\u1edbi ba k\u00edch th\u01b0\u1edbc tinh t\u1ebf:<\/p>\n<p>&#8211; <strong>SIze 1 (6&#215;24 cm)<\/strong>: Nh\u1ecf g\u1ecdn, xinh x\u1eafn cho g\u00f3c l\u00e0m vi\u1ec7c<br \/>\n&#8211; <strong>SIze 2 (8&#215;28 cm)<\/strong>: C\u1ee1 v\u1eeba ph\u1ea3i, l\u00fd t\u01b0\u1edfng l\u00e0m qu\u00e0 t\u1eb7ng<br \/>\n&#8211; <strong>SIze 3 (10&#215;30 cm)<\/strong>: Size l\u1edbn \u1ea5n t\u01b0\u1ee3ng cho kh\u00f4ng gian r\u1ed9ng<\/p>\n<p>V\u1edbi ch\u1ea5t li\u1ec7u v\u1ea3i m\u1ec1m m\u1ea1i, \u0111\u01b0\u1eddng may ch\u1eafc ch\u1eafn, s\u1ea3n ph\u1ea9m tr\u1edf th\u00e0nh m\u00f3n \u0111\u1ed3 ch\u01a1i an to\u00e0n cho tr\u1ebb em. Kh\u00f4ng ch\u1ec9 k\u00edch th\u00edch tr\u00ed t\u01b0\u1edfng t\u01b0\u1ee3ng, nh\u1eefng h\u1ecda ti\u1ebft th\u1ed5 c\u1ea9m c\u00f2n gi\u00fap b\u00e9 ti\u1ebfp c\u1eadn v\u1edbi v\u1ebb \u0111\u1eb9p v\u0103n h\u00f3a truy\u1ec1n th\u1ed1ng m\u1ed9t c\u00e1ch t\u1ef1 nhi\u00ean.<\/p>\n<p>M\u1ed7i con chu\u1ed9t v\u1ea3i th\u1ed5 c\u1ea9m l\u00e0 k\u1ebft tinh c\u1ee7a s\u1ef1 ki\u00ean nh\u1eabn v\u00e0 \u0111am m\u00ea. \u0110\u01b0\u1ee3c t\u1ea1o ra b\u1edfi nh\u1eefng <a href=\"https:\/\/maison-chance.org\/shop\/phong-may\">th\u1ee3 may khuy\u1ebft t\u1eadt t\u1ea1i Nh\u00e0 May M\u1eafn<\/a>, s\u1ea3n ph\u1ea9m kh\u00f4ng ch\u1ec9 l\u00e0 m\u00f3n \u0111\u1ed3 trang tr\u00ed m\u00e0 c\u00f2n l\u00e0 bi\u1ec3u t\u01b0\u1ee3ng c\u1ee7a ni\u1ec1m hy v\u1ecdng v\u00e0 kh\u00e1t v\u1ecdng v\u01b0\u01a1n l\u00ean. M\u1ed7i \u0111\u01b0\u1eddng may l\u00e0 m\u1ed9t c\u00e2u chuy\u1ec7n, m\u1ed7i s\u1ea3n ph\u1ea9m l\u00e0 m\u1ed9t t\u00e1c ph\u1ea9m ngh\u1ec7 thu\u1eadt ch\u1ee9a \u0111\u1ef1ng t\u00ecnh y\u00eau v\u00e0 s\u1ef1 n\u1ed7 l\u1ef1c kh\u00f4ng ng\u1eebng.<\/p>\n<p>Khi b\u1ea1n ch\u1ecdn mua con chu\u1ed9t v\u1ea3i th\u1ed5 c\u1ea9m, b\u1ea1n kh\u00f4ng ch\u1ec9 s\u1edf h\u1eefu m\u1ed9t m\u00f3n \u0111\u1ed3 th\u1ee7 c\u00f4ng \u0111\u1ed9c \u0111\u00e1o m\u00e0 c\u00f2n \u0111ang ti\u1ebfp th\u00eam \u0111\u1ed9ng l\u1ef1c cho nh\u1eefng th\u1ee3 may \u0111\u1eb7c bi\u1ec7t t\u1ea1i <a href=\"https:\/\/maison-chance.org\/shop\">Nh\u00e0 May M\u1eafn<\/a>. M\u1ed7i s\u1ea3n ph\u1ea9m \u0111\u01b0\u1ee3c b\u00e1n \u0111i l\u00e0 m\u1ed9t c\u01a1 h\u1ed9i vi\u1ec7c l\u00e0m, m\u1ed9t ni\u1ec1m tin \u0111\u01b0\u1ee3c th\u1eafp s\u00e1ng, v\u00e0 m\u1ed9t \u01b0\u1edbc m\u01a1 \u0111\u01b0\u1ee3c nu\u00f4i d\u01b0\u1ee1ng. H\u00e3y c\u00f9ng ch\u00fang t\u00f4i lan t\u1ecfa y\u00eau th\u01b0\u01a1ng v\u00e0 ni\u1ec1m tin v\u00e0o cu\u1ed9c s\u1ed1ng th\u00f4ng qua nh\u1eefng s\u1ea3n ph\u1ea9m \u00fd ngh\u0129a n\u00e0y.<\/p>\n<p><strong><em>Chu\u1ed9t nh\u1ecf \u2013 L\u1ed9c to, trao tay y\u00eau th\u01b0\u01a1ng!<\/em><\/strong><\/p>\n","protected":false},"excerpt":{"rendered":"<p style=\"text-align: justify\">S\u1ea3n ph\u1ea9m do c\u00e1c b\u1ea1n khuy\u1ebft t\u1eadt k\u00e9m may m\u1eafn s\u1ea3n xu\u1ea5t th\u1ee7 c\u00f4ng k\u00ednh mong nh\u1eadn \u0111\u01b0\u1ee3c s\u1ef1 \u1ee7ng h\u1ed9 c\u1ee7a Qu\u00fd kh\u00e1ch h\u00e0ng.<\/p>\n<p>Ch\u1ea5t li\u1ec7u: V\u1ea3i th\u1ed5 c\u1ea9m<\/p>\n<p>Code: TC01TB<\/p>\n<p>Hotline : <span style=\"font-size: 20px\"><strong><span style=\"color: #ff0000\">0909 06 25 28<\/span><\/strong><\/span><\/p>\n<p style=\"text-align: justify\">N\u1ebfu b\u1ea1n \u1edf Vi\u1ec7t Nam vui l\u00f2ng li\u00ean h\u1ec7 ch\u00fang t\u00f4i theo s\u1ed1 hotline ho\u1eb7c fanpage doanh nghi\u1ec7p Nh\u00e0 May M\u1eafn ch\u00fang t\u00f4i \u0111\u1ec3 bi\u1ebft gi\u00e1 b\u00e1n t\u1ea1i Vi\u1ec7t Nam.<\/p>\n","protected":false},"featured_media":36920,"template":"","meta":[],"product_brand":[],"product_cat":[137,138],"product_tag":[],"class_list":{"0":"post-36918","1":"product","2":"type-product","3":"status-publish","4":"has-post-thumbnail","6":"product_cat-phong-may","7":"product_cat-thu-nhoi-bong","9":"first","10":"instock","11":"shipping-taxable","12":"purchasable","13":"product-type-variable"},"yoast_head":"<!-- This site is optimized with the Yoast SEO Premium plugin v22.7 (Yoast SEO v25.3.1) - https:\/\/yoast.com\/wordpress\/plugins\/seo\/ -->\n<title>Con chu\u1ed9t- th\u00fa nh\u1ed3i b\u00f4ng v\u1ea3i th\u1ed5 c\u1ea9m - Nh\u00e0 May M\u1eafn - Maison Chance<\/title>\n<meta name=\"description\" content=\"Th\u00fa nh\u1ed3i b\u00f4ng h\u00ecnh con Chu\u1ed9t v\u1ea3i th\u1ed5 c\u1ea9m l\u00e0 1 m\u00f3n \u0111\u1ed3 ch\u01a1i \u0111\u01b0\u1ee3c c\u00e1c b\u00e9 y\u00eau th\u00edch, \u0111\u01b0\u1ee3c may t\u1eeb ch\u1ea5t li\u1ec7u v\u1ea3i th\u1ed5 c\u1ea9m cao c\u1ea5p, m\u1ed7i s\u1ea3n ph\u1ea9m \u0111\u1ec1u mang nh\u1eefng h\u1ecda ti\u1ebft \u0111\u1ed9c \u0111\u00e1o, m\u00e0u ng\u1eabu nhi\u00ean\" \/>\n<meta name=\"robots\" content=\"index, follow, max-snippet:-1, max-image-preview:large, max-video-preview:-1\" \/>\n<link rel=\"canonical\" href=\"https:\/\/maison-chance.org\/shop\/san-pham\/thu-nhoi-bong-hinh-con-chuot-vai-tho-cam\" \/>\n<meta property=\"og:locale\" content=\"vi_VN\" \/>\n<meta property=\"og:type\" content=\"article\" \/>\n<meta property=\"og:title\" content=\"Con chu\u1ed9t\" \/>\n<meta property=\"og:description\" content=\"Th\u00fa nh\u1ed3i b\u00f4ng h\u00ecnh con Chu\u1ed9t v\u1ea3i th\u1ed5 c\u1ea9m l\u00e0 1 m\u00f3n \u0111\u1ed3 ch\u01a1i \u0111\u01b0\u1ee3c c\u00e1c b\u00e9 y\u00eau th\u00edch, \u0111\u01b0\u1ee3c may t\u1eeb ch\u1ea5t li\u1ec7u v\u1ea3i th\u1ed5 c\u1ea9m cao c\u1ea5p, m\u1ed7i s\u1ea3n ph\u1ea9m \u0111\u1ec1u mang nh\u1eefng h\u1ecda ti\u1ebft \u0111\u1ed9c \u0111\u00e1o, m\u00e0u ng\u1eabu nhi\u00ean\" \/>\n<meta property=\"og:url\" content=\"https:\/\/maison-chance.org\/shop\/san-pham\/thu-nhoi-bong-hinh-con-chuot-vai-tho-cam\" \/>\n<meta property=\"og:site_name\" content=\"Nh\u00e0 May M\u1eafn - Maison Chance\" \/>\n<meta property=\"article:publisher\" content=\"https:\/\/www.facebook.com\/dnxh.nhamayman\/\" \/>\n<meta property=\"article:modified_time\" content=\"2025-03-15T06:05:58+00:00\" \/>\n<meta property=\"og:image\" content=\"https:\/\/maison-chance.org\/shop\/wp-content\/uploads\/2024\/04\/thu-nhoi-bong-hinh-con-chuot-vai-tho-cam-1.jpg\" \/>\n\t<meta property=\"og:image:width\" content=\"600\" \/>\n\t<meta property=\"og:image:height\" content=\"600\" \/>\n\t<meta property=\"og:image:type\" content=\"image\/jpeg\" \/>\n<meta name=\"twitter:card\" content=\"summary_large_image\" \/>\n<meta name=\"twitter:label1\" content=\"Availability\" \/>\n\t<meta name=\"twitter:data1\" content=\"In stock\" \/>\n<script type=\"application\/ld+json\" class=\"yoast-schema-graph\">{\"@context\":\"https:\/\/schema.org\",\"@graph\":[{\"@type\":\"WebPage\",\"@id\":\"https:\/\/maison-chance.org\/shop\/san-pham\/thu-nhoi-bong-hinh-con-chuot-vai-tho-cam\",\"url\":\"https:\/\/maison-chance.org\/shop\/san-pham\/thu-nhoi-bong-hinh-con-chuot-vai-tho-cam\",\"name\":\"Con chu\u1ed9t- th\u00fa nh\u1ed3i b\u00f4ng v\u1ea3i th\u1ed5 c\u1ea9m - Nh\u00e0 May M\u1eafn - Maison Chance\",\"isPartOf\":{\"@id\":\"https:\/\/maison-chance.org\/shop\/#website\"},\"primaryImageOfPage\":{\"@id\":\"https:\/\/maison-chance.org\/shop\/san-pham\/thu-nhoi-bong-hinh-con-chuot-vai-tho-cam#primaryimage\"},\"image\":{\"@id\":\"https:\/\/maison-chance.org\/shop\/san-pham\/thu-nhoi-bong-hinh-con-chuot-vai-tho-cam#primaryimage\"},\"thumbnailUrl\":\"https:\/\/maison-chance.org\/shop\/wp-content\/uploads\/2024\/04\/thu-nhoi-bong-hinh-con-chuot-vai-tho-cam-1.jpg\",\"datePublished\":\"2024-11-11T00:05:58+00:00\",\"dateModified\":\"2025-03-15T06:05:58+00:00\",\"description\":\"Th\u00fa nh\u1ed3i b\u00f4ng h\u00ecnh con Chu\u1ed9t v\u1ea3i th\u1ed5 c\u1ea9m l\u00e0 1 m\u00f3n \u0111\u1ed3 ch\u01a1i \u0111\u01b0\u1ee3c c\u00e1c b\u00e9 y\u00eau th\u00edch, \u0111\u01b0\u1ee3c may t\u1eeb ch\u1ea5t li\u1ec7u v\u1ea3i th\u1ed5 c\u1ea9m cao c\u1ea5p, m\u1ed7i s\u1ea3n ph\u1ea9m \u0111\u1ec1u mang nh\u1eefng h\u1ecda ti\u1ebft \u0111\u1ed9c \u0111\u00e1o, m\u00e0u ng\u1eabu nhi\u00ean\",\"breadcrumb\":{\"@id\":\"https:\/\/maison-chance.org\/shop\/san-pham\/thu-nhoi-bong-hinh-con-chuot-vai-tho-cam#breadcrumb\"},\"inLanguage\":\"vi-VN\",\"potentialAction\":[{\"@type\":\"ReadAction\",\"target\":[\"https:\/\/maison-chance.org\/shop\/san-pham\/thu-nhoi-bong-hinh-con-chuot-vai-tho-cam\"]}]},{\"@type\":\"ImageObject\",\"inLanguage\":\"vi-VN\",\"@id\":\"https:\/\/maison-chance.org\/shop\/san-pham\/thu-nhoi-bong-hinh-con-chuot-vai-tho-cam#primaryimage\",\"url\":\"https:\/\/maison-chance.org\/shop\/wp-content\/uploads\/2024\/04\/thu-nhoi-bong-hinh-con-chuot-vai-tho-cam-1.jpg\",\"contentUrl\":\"https:\/\/maison-chance.org\/shop\/wp-content\/uploads\/2024\/04\/thu-nhoi-bong-hinh-con-chuot-vai-tho-cam-1.jpg\",\"width\":600,\"height\":600,\"caption\":\"Th\u00fa nh\u1ed3i b\u00f4ng h\u00ecnh con Chu\u1ed9t v\u1ea3i th\u1ed5 c\u1ea9m\"},{\"@type\":\"BreadcrumbList\",\"@id\":\"https:\/\/maison-chance.org\/shop\/san-pham\/thu-nhoi-bong-hinh-con-chuot-vai-tho-cam#breadcrumb\",\"itemListElement\":[{\"@type\":\"ListItem\",\"position\":1,\"name\":\"Trang ch\u1ee7\",\"item\":\"https:\/\/maison-chance.org\/shop\/\"},{\"@type\":\"ListItem\",\"position\":2,\"name\":\"Shop\",\"item\":\"https:\/\/maison-chance.org\/shop\/shop\"},{\"@type\":\"ListItem\",\"position\":3,\"name\":\"Con chu\u1ed9t\"}]},{\"@type\":\"WebSite\",\"@id\":\"https:\/\/maison-chance.org\/shop\/#website\",\"url\":\"https:\/\/maison-chance.org\/shop\/\",\"name\":\"Nh\u00e0 May M\u1eafn - Maison Chance\",\"description\":\"M\u1ecdi l\u1ee3i nhu\u1eadn thu v\u1ec1 t\u1eeb vi\u1ec7c b\u00e1n h\u00e0ng s\u1ebd tr\u00edch m\u1ed9t ph\u1ea7n \u0111\u1ec3 ch\u0103m lo cho \u0111\u1eddi s\u1ed1ng c\u00e1c b\u1ea1n khuy\u1ebft t\u1eadt v\u00e0 tr\u1ebb m\u1ed3 c\u00f4i \u1edf \u0111\u00e2y\",\"publisher\":{\"@id\":\"https:\/\/maison-chance.org\/shop\/#organization\"},\"potentialAction\":[{\"@type\":\"SearchAction\",\"target\":{\"@type\":\"EntryPoint\",\"urlTemplate\":\"https:\/\/maison-chance.org\/shop\/?s={search_term_string}\"},\"query-input\":{\"@type\":\"PropertyValueSpecification\",\"valueRequired\":true,\"valueName\":\"search_term_string\"}}],\"inLanguage\":\"vi-VN\"},{\"@type\":\"Organization\",\"@id\":\"https:\/\/maison-chance.org\/shop\/#organization\",\"name\":\"Nh\u00e0 May M\u1eafn - Maison Chance\",\"url\":\"https:\/\/maison-chance.org\/shop\/\",\"logo\":{\"@type\":\"ImageObject\",\"inLanguage\":\"vi-VN\",\"@id\":\"https:\/\/maison-chance.org\/shop\/#\/schema\/logo\/image\/\",\"url\":\"https:\/\/maison-chance.org\/shop\/wp-content\/uploads\/2024\/03\/cropped-Logo_DNXH.png\",\"contentUrl\":\"https:\/\/maison-chance.org\/shop\/wp-content\/uploads\/2024\/03\/cropped-Logo_DNXH.png\",\"width\":512,\"height\":512,\"caption\":\"Nh\u00e0 May M\u1eafn - Maison Chance\"},\"image\":{\"@id\":\"https:\/\/maison-chance.org\/shop\/#\/schema\/logo\/image\/\"},\"sameAs\":[\"https:\/\/www.facebook.com\/dnxh.nhamayman\/\"]}]}<\/script>\n<meta property=\"og:availability\" content=\"instock\" \/>\n<meta property=\"product:availability\" content=\"instock\" \/>\n<meta property=\"product:condition\" content=\"new\" \/>\n<!-- \/ Yoast SEO Premium plugin. -->","yoast_head_json":{"title":"Con chu\u1ed9t- th\u00fa nh\u1ed3i b\u00f4ng v\u1ea3i th\u1ed5 c\u1ea9m - Nh\u00e0 May M\u1eafn - Maison Chance","description":"Th\u00fa nh\u1ed3i b\u00f4ng h\u00ecnh con Chu\u1ed9t v\u1ea3i th\u1ed5 c\u1ea9m l\u00e0 1 m\u00f3n \u0111\u1ed3 ch\u01a1i \u0111\u01b0\u1ee3c c\u00e1c b\u00e9 y\u00eau th\u00edch, \u0111\u01b0\u1ee3c may t\u1eeb ch\u1ea5t li\u1ec7u v\u1ea3i th\u1ed5 c\u1ea9m cao c\u1ea5p, m\u1ed7i s\u1ea3n ph\u1ea9m \u0111\u1ec1u mang nh\u1eefng h\u1ecda ti\u1ebft \u0111\u1ed9c \u0111\u00e1o, m\u00e0u ng\u1eabu nhi\u00ean","robots":{"index":"index","follow":"follow","max-snippet":"max-snippet:-1","max-image-preview":"max-image-preview:large","max-video-preview":"max-video-preview:-1"},"canonical":"https:\/\/maison-chance.org\/shop\/san-pham\/thu-nhoi-bong-hinh-con-chuot-vai-tho-cam","og_locale":"vi_VN","og_type":"article","og_title":"Con chu\u1ed9t","og_description":"Th\u00fa nh\u1ed3i b\u00f4ng h\u00ecnh con Chu\u1ed9t v\u1ea3i th\u1ed5 c\u1ea9m l\u00e0 1 m\u00f3n \u0111\u1ed3 ch\u01a1i \u0111\u01b0\u1ee3c c\u00e1c b\u00e9 y\u00eau th\u00edch, \u0111\u01b0\u1ee3c may t\u1eeb ch\u1ea5t li\u1ec7u v\u1ea3i th\u1ed5 c\u1ea9m cao c\u1ea5p, m\u1ed7i s\u1ea3n ph\u1ea9m \u0111\u1ec1u mang nh\u1eefng h\u1ecda ti\u1ebft \u0111\u1ed9c \u0111\u00e1o, m\u00e0u ng\u1eabu nhi\u00ean","og_url":"https:\/\/maison-chance.org\/shop\/san-pham\/thu-nhoi-bong-hinh-con-chuot-vai-tho-cam","og_site_name":"Nh\u00e0 May M\u1eafn - Maison Chance","article_publisher":"https:\/\/www.facebook.com\/dnxh.nhamayman\/","article_modified_time":"2025-03-15T06:05:58+00:00","og_image":[{"width":600,"height":600,"url":"https:\/\/maison-chance.org\/shop\/wp-content\/uploads\/2024\/04\/thu-nhoi-bong-hinh-con-chuot-vai-tho-cam-1.jpg","type":"image\/jpeg"}],"twitter_card":"summary_large_image","twitter_misc":{"Availability":"In stock"},"schema":{"@context":"https:\/\/schema.org","@graph":[{"@type":"WebPage","@id":"https:\/\/maison-chance.org\/shop\/san-pham\/thu-nhoi-bong-hinh-con-chuot-vai-tho-cam","url":"https:\/\/maison-chance.org\/shop\/san-pham\/thu-nhoi-bong-hinh-con-chuot-vai-tho-cam","name":"Con chu\u1ed9t- th\u00fa nh\u1ed3i b\u00f4ng v\u1ea3i th\u1ed5 c\u1ea9m - Nh\u00e0 May M\u1eafn - Maison Chance","isPartOf":{"@id":"https:\/\/maison-chance.org\/shop\/#website"},"primaryImageOfPage":{"@id":"https:\/\/maison-chance.org\/shop\/san-pham\/thu-nhoi-bong-hinh-con-chuot-vai-tho-cam#primaryimage"},"image":{"@id":"https:\/\/maison-chance.org\/shop\/san-pham\/thu-nhoi-bong-hinh-con-chuot-vai-tho-cam#primaryimage"},"thumbnailUrl":"https:\/\/maison-chance.org\/shop\/wp-content\/uploads\/2024\/04\/thu-nhoi-bong-hinh-con-chuot-vai-tho-cam-1.jpg","datePublished":"2024-11-11T00:05:58+00:00","dateModified":"2025-03-15T06:05:58+00:00","description":"Th\u00fa nh\u1ed3i b\u00f4ng h\u00ecnh con Chu\u1ed9t v\u1ea3i th\u1ed5 c\u1ea9m l\u00e0 1 m\u00f3n \u0111\u1ed3 ch\u01a1i \u0111\u01b0\u1ee3c c\u00e1c b\u00e9 y\u00eau th\u00edch, \u0111\u01b0\u1ee3c may t\u1eeb ch\u1ea5t li\u1ec7u v\u1ea3i th\u1ed5 c\u1ea9m cao c\u1ea5p, m\u1ed7i s\u1ea3n ph\u1ea9m \u0111\u1ec1u mang nh\u1eefng h\u1ecda ti\u1ebft \u0111\u1ed9c \u0111\u00e1o, m\u00e0u ng\u1eabu nhi\u00ean","breadcrumb":{"@id":"https:\/\/maison-chance.org\/shop\/san-pham\/thu-nhoi-bong-hinh-con-chuot-vai-tho-cam#breadcrumb"},"inLanguage":"vi-VN","potentialAction":[{"@type":"ReadAction","target":["https:\/\/maison-chance.org\/shop\/san-pham\/thu-nhoi-bong-hinh-con-chuot-vai-tho-cam"]}]},{"@type":"ImageObject","inLanguage":"vi-VN","@id":"https:\/\/maison-chance.org\/shop\/san-pham\/thu-nhoi-bong-hinh-con-chuot-vai-tho-cam#primaryimage","url":"https:\/\/maison-chance.org\/shop\/wp-content\/uploads\/2024\/04\/thu-nhoi-bong-hinh-con-chuot-vai-tho-cam-1.jpg","contentUrl":"https:\/\/maison-chance.org\/shop\/wp-content\/uploads\/2024\/04\/thu-nhoi-bong-hinh-con-chuot-vai-tho-cam-1.jpg","width":600,"height":600,"caption":"Th\u00fa nh\u1ed3i b\u00f4ng h\u00ecnh con Chu\u1ed9t v\u1ea3i th\u1ed5 c\u1ea9m"},{"@type":"BreadcrumbList","@id":"https:\/\/maison-chance.org\/shop\/san-pham\/thu-nhoi-bong-hinh-con-chuot-vai-tho-cam#breadcrumb","itemListElement":[{"@type":"ListItem","position":1,"name":"Trang ch\u1ee7","item":"https:\/\/maison-chance.org\/shop\/"},{"@type":"ListItem","position":2,"name":"Shop","item":"https:\/\/maison-chance.org\/shop\/shop"},{"@type":"ListItem","position":3,"name":"Con chu\u1ed9t"}]},{"@type":"WebSite","@id":"https:\/\/maison-chance.org\/shop\/#website","url":"https:\/\/maison-chance.org\/shop\/","name":"Nh\u00e0 May M\u1eafn - Maison Chance","description":"M\u1ecdi l\u1ee3i nhu\u1eadn thu v\u1ec1 t\u1eeb vi\u1ec7c b\u00e1n h\u00e0ng s\u1ebd tr\u00edch m\u1ed9t ph\u1ea7n \u0111\u1ec3 ch\u0103m lo cho \u0111\u1eddi s\u1ed1ng c\u00e1c b\u1ea1n khuy\u1ebft t\u1eadt v\u00e0 tr\u1ebb m\u1ed3 c\u00f4i \u1edf \u0111\u00e2y","publisher":{"@id":"https:\/\/maison-chance.org\/shop\/#organization"},"potentialAction":[{"@type":"SearchAction","target":{"@type":"EntryPoint","urlTemplate":"https:\/\/maison-chance.org\/shop\/?s={search_term_string}"},"query-input":{"@type":"PropertyValueSpecification","valueRequired":true,"valueName":"search_term_string"}}],"inLanguage":"vi-VN"},{"@type":"Organization","@id":"https:\/\/maison-chance.org\/shop\/#organization","name":"Nh\u00e0 May M\u1eafn - Maison Chance","url":"https:\/\/maison-chance.org\/shop\/","logo":{"@type":"ImageObject","inLanguage":"vi-VN","@id":"https:\/\/maison-chance.org\/shop\/#\/schema\/logo\/image\/","url":"https:\/\/maison-chance.org\/shop\/wp-content\/uploads\/2024\/03\/cropped-Logo_DNXH.png","contentUrl":"https:\/\/maison-chance.org\/shop\/wp-content\/uploads\/2024\/03\/cropped-Logo_DNXH.png","width":512,"height":512,"caption":"Nh\u00e0 May M\u1eafn - Maison Chance"},"image":{"@id":"https:\/\/maison-chance.org\/shop\/#\/schema\/logo\/image\/"},"sameAs":["https:\/\/www.facebook.com\/dnxh.nhamayman\/"]}]},"og_availability":"instock","product_availability":"instock","product_condition":"new"},"_links":{"self":[{"href":"https:\/\/maison-chance.org\/shop\/wp-json\/wp\/v2\/product\/36918","targetHints":{"allow":["GET"]}}],"collection":[{"href":"https:\/\/maison-chance.org\/shop\/wp-json\/wp\/v2\/product"}],"about":[{"href":"https:\/\/maison-chance.org\/shop\/wp-json\/wp\/v2\/types\/product"}],"wp:featuredmedia":[{"embeddable":true,"href":"https:\/\/maison-chance.org\/shop\/wp-json\/wp\/v2\/media\/36920"}],"wp:attachment":[{"href":"https:\/\/maison-chance.org\/shop\/wp-json\/wp\/v2\/media?parent=36918"}],"wp:term":[{"taxonomy":"product_brand","embeddable":true,"href":"https:\/\/maison-chance.org\/shop\/wp-json\/wp\/v2\/product_brand?post=36918"},{"taxonomy":"product_cat","embeddable":true,"href":"https:\/\/maison-chance.org\/shop\/wp-json\/wp\/v2\/product_cat?post=36918"},{"taxonomy":"product_tag","embeddable":true,"href":"https:\/\/maison-chance.org\/shop\/wp-json\/wp\/v2\/product_tag?post=36918"}],"curies":[{"name":"wp","href":"https:\/\/api.w.org\/{rel}","templated":true}]}}