{"id":36927,"date":"2024-10-16T07:02:07","date_gmt":"2024-10-16T00:02:07","guid":{"rendered":"https:\/\/maison-chance.org\/shop\/?post_type=product&#038;p=36927"},"modified":"2025-02-24T09:10:22","modified_gmt":"2025-02-24T02:10:22","slug":"thu-nhoi-bong-hinh-con-bach-tuoc-vai-tho-cam","status":"publish","type":"product","link":"https:\/\/maison-chance.org\/shop\/san-pham\/thu-nhoi-bong-hinh-con-bach-tuoc-vai-tho-cam","title":{"rendered":"Con b\u1ea1ch tu\u1ed9c"},"content":{"rendered":"<p style=\"text-align: justify\">Nh\u00e0 May M\u1eafn l\u00e0 n\u01a1i h\u1ed9i t\u1ee5 nh\u1eefng <a href=\"https:\/\/maison-chance.org\/shop\/phong-may\">th\u1ee3 may khuy\u1ebft t\u1eadt<\/a> gi\u00e0u ngh\u1ecb l\u1ef1c, h\u1ecd g\u1eedi g\u1eafm tr\u1ecdn v\u1eb9n v\u00e0o t\u1eebng \u0111\u01b0\u1eddng kim m\u0169i ch\u1ec9 \u0111\u1ec3 t\u1ea1o ra nh\u1eefng s\u1ea3n ph\u1ea9m th\u1ee7 c\u00f4ng tinh x\u1ea3o v\u00e0 \u00fd ngh\u0129a. M\u1ed9t trong nh\u1eefng s\u1ea3n ph\u1ea9m \u0111\u00e1ng ch\u00fa \u00fd nh\u1ea5t l\u00e0 con b\u1ea1ch tu\u1ed9c v\u1ea3i th\u1ed5 c\u1ea9m \u2013 kh\u00f4ng ch\u1ec9 cu\u1ed1n h\u00fat b\u1edfi v\u1ebb \u0111\u1eb9p m\u1ed9c m\u1ea1c m\u00e0 c\u00f2n ch\u1ee9a \u0111\u1ef1ng c\u00e2u chuy\u1ec7n v\u1ec1 s\u1ef1 ki\u00ean tr\u00ec v\u00e0 ngh\u1ecb l\u1ef1c phi th\u01b0\u1eddng c\u1ee7a nh\u1eefng ng\u01b0\u1eddi l\u00e0m ra n\u00f3. V\u1edbi ch\u1ea5t li\u1ec7u v\u1ea3i th\u1ed5 c\u1ea9m mang \u0111\u1eadm h\u01a1i th\u1edf d\u00e2n t\u1ed9c, s\u1ea3n ph\u1ea9m kh\u00f4ng ch\u1ec9 l\u00e0 m\u00f3n qu\u00e0 trang tr\u00ed ho\u00e0n h\u1ea3o m\u00e0 c\u00f2n l\u00e0 minh ch\u1ee9ng cho s\u1ef1 s\u00e1ng t\u1ea1o v\u00e0 tay ngh\u1ec1 kh\u00e9o l\u00e9o c\u1ee7a c\u00e1c th\u1ee3 may t\u1ea1i \u0111\u00e2y.<\/p>\n<p style=\"text-align: justify\">Kh\u00f4ng ch\u1ec9 l\u00e0 m\u1ed9t s\u1ea3n ph\u1ea9m th\u1ee7 c\u00f4ng th\u00f4ng th\u01b0\u1eddng, <a href=\"https:\/\/maison-chance.org\/shop\/san-pham\/thu-nhoi-bong-hinh-con-bach-tuoc-vai-tho-cam\">con b\u1ea1ch tu\u1ed9c v\u1ea3i th\u1ed5 c\u1ea9m<\/a> c\u00f2n l\u00e0 m\u1ed9t ph\u1ee5 ki\u1ec7n trang tr\u00ed v\u00f4 c\u00f9ng \u0111\u1ed9c \u0111\u00e1o, mang \u0111\u1ebfn h\u01a1i th\u1edf m\u1edbi cho kh\u00f4ng gian s\u1ed1ng c\u1ee7a b\u1ea1n. V\u1ea3i th\u1ed5 c\u1ea9m v\u1edbi h\u1ecda ti\u1ebft \u0111\u1eb7c tr\u01b0ng t\u1ea1o n\u00ean s\u1ef1 kh\u00e1c bi\u1ec7t, mang l\u1ea1i v\u1ebb \u0111\u1eb9p m\u1ed9c m\u1ea1c nh\u01b0ng kh\u00f4ng k\u00e9m ph\u1ea7n sang tr\u1ecdng. V\u1eady s\u1ea3n ph\u1ea9m n\u00e0y n\u00ean \u0111\u01b0\u1ee3c \u0111\u1eb7t \u1edf \u0111\u00e2u \u0111\u1ec3 ph\u00e1t huy t\u1ed1i \u0111a gi\u00e1 tr\u1ecb th\u1ea9m m\u1ef9?<\/p>\n<p style=\"text-align: justify\"><strong>Ph\u00f2ng kh\u00e1ch:<\/strong> \u0110\u00e2y l\u00e0 n\u01a1i ch\u00fang ta th\u01b0\u1eddng ti\u1ebfp \u0111\u00f3n b\u1ea1n b\u00e8, ng\u01b0\u1eddi th\u00e2n n\u00ean kh\u00f4ng gian ph\u00f2ng kh\u00e1ch c\u1ea7n s\u1ef1 \u1ea5m c\u00fang v\u00e0 th\u00e2n thi\u1ec7n. \u0110\u1eb7t con b\u1ea1ch tu\u1ed9c v\u1ea3i th\u1ed5 c\u1ea9m tr\u00ean k\u1ec7 s\u00e1ch ho\u1eb7c b\u00e0n tr\u00e0 kh\u00f4ng ch\u1ec9 t\u1ea1o \u0111i\u1ec3m nh\u1ea5n cho kh\u00f4ng gian m\u00e0 c\u00f2n gi\u00fap kh\u00e1ch gh\u00e9 th\u0103m c\u00f3 \u1ea5n t\u01b0\u1ee3ng \u0111\u1eb7c bi\u1ec7t v\u1ec1 gu th\u1ea9m m\u1ef9 c\u1ee7a b\u1ea1n.<\/p>\n<p style=\"text-align: justify\"><strong>Ph\u00f2ng ng\u1ee7:<\/strong> V\u1edbi h\u00ecnh d\u00e1ng d\u1ec5 th\u01b0\u01a1ng v\u00e0 ch\u1ea5t li\u1ec7u m\u1ec1m m\u1ea1i, b\u1ea1n c\u00f3 th\u1ec3 \u0111\u1eb7t con b\u1ea1ch tu\u1ed9c tr\u00ean gi\u01b0\u1eddng ho\u1eb7c tr\u00ean b\u00e0n trang \u0111i\u1ec3m \u0111\u1ec3 t\u1ea1o c\u1ea3m gi\u00e1c nh\u1eb9 nh\u00e0ng, th\u01b0 gi\u00e3n. M\u1ed7i khi b\u1ea1n nh\u00ecn th\u1ea5y n\u00f3, b\u1ea1n s\u1ebd c\u1ea3m nh\u1eadn \u0111\u01b0\u1ee3c s\u1ef1 \u1ea5m \u00e1p v\u00e0 tho\u1ea3i m\u00e1i.<\/p>\n<p style=\"text-align: justify\"><strong>Ph\u00f2ng tr\u1ebb em:<\/strong> Tr\u1ebb nh\u1ecf s\u1ebd r\u1ea5t th\u00edch th\u00fa v\u1edbi m\u1ed9t ch\u00fa b\u1ea1ch tu\u1ed9c ng\u1ed9 ngh\u0129nh, an to\u00e0n, v\u00e0 m\u1ec1m m\u1ea1i. \u0110\u00e2y l\u00e0 m\u00f3n qu\u00e0 l\u00fd t\u01b0\u1edfng \u0111\u1ec3 l\u00e0m b\u1ea1n \u0111\u1ed3ng h\u00e0nh trong nh\u1eefng gi\u1ea5c ng\u1ee7 hay nh\u1eefng bu\u1ed5i ch\u01a1i \u0111\u00f9a c\u1ee7a c\u00e1c b\u00e9. Ngo\u00e0i ra, s\u1ea3n ph\u1ea9m c\u00f2n gi\u00fap ph\u00e1t tri\u1ec3n t\u01b0 duy s\u00e1ng t\u1ea1o c\u1ee7a tr\u1ebb khi b\u00e9 c\u00f3 th\u1ec3 t\u01b0\u1edfng t\u01b0\u1ee3ng v\u00e0 s\u00e1ng t\u1ea1o ra nh\u1eefng c\u00e2u chuy\u1ec7n th\u00fa v\u1ecb t\u1eeb m\u00f3n \u0111\u1ed3 ch\u01a1i n\u00e0y.<\/p>\n<p style=\"text-align: justify\"><strong>Kh\u00f4ng gian l\u00e0m vi\u1ec7c:<\/strong> N\u1ebfu b\u1ea1n y\u00eau th\u00edch s\u00e1ng t\u1ea1o, h\u00e3y \u0111\u1eb7t con b\u1ea1ch tu\u1ed9c v\u1ea3i th\u1ed5 c\u1ea9m tr\u00ean b\u00e0n l\u00e0m vi\u1ec7c. V\u1edbi s\u1ef1 k\u1ebft h\u1ee3p c\u1ee7a m\u00e0u s\u1eafc tinh t\u1ebf v\u00e0 h\u00ecnh d\u00e1ng \u0111\u00e1ng y\u00eau, n\u00f3 s\u1ebd l\u00e0 ngu\u1ed3n c\u1ea3m h\u1ee9ng m\u1ed7i ng\u00e0y, gi\u00fap b\u1ea1n tho\u1ea3i m\u00e1i v\u00e0 th\u01b0 gi\u00e3n trong c\u00f4ng vi\u1ec7c.<\/p>\n<p style=\"text-align: justify\"><a href=\"https:\/\/maison-chance.org\/shop\/san-pham\/thu-nhoi-bong-hinh-con-bach-tuoc-vai-tho-cam\">Th\u00fa nh\u1ed3i b\u00f4ng<\/a> con b\u1ea1ch tu\u1ed9c v\u1ea3i th\u1ed5 c\u1ea9m c\u00f3 ba k\u00edch th\u01b0\u1edbc kh\u00e1c nhau:<\/p>\n<ul data-start=\"1850\" data-end=\"1930\">\n<li data-start=\"1850\" data-end=\"1876\"><strong data-start=\"1852\" data-end=\"1864\">Nh\u1ecf g\u1ecdn:<\/strong> 6 x 12 cm<\/li>\n<li data-start=\"1877\" data-end=\"1906\"><strong data-start=\"1879\" data-end=\"1894\">Trung b\u00ecnh:<\/strong> 8 x 16 cm<\/li>\n<li data-start=\"1907\" data-end=\"1930\"><strong data-start=\"1909\" data-end=\"1917\">L\u1edbn:<\/strong> 14 x 28 cm<\/li>\n<\/ul>\n<p data-start=\"1932\" data-end=\"2041\">D\u00f9 l\u00e0 ph\u00f2ng kh\u00e1ch r\u1ed9ng r\u00e3i hay g\u00f3c l\u00e0m vi\u1ec7c nh\u1ecf xinh, b\u1ea1n \u0111\u1ec1u c\u00f3 th\u1ec3 ch\u1ecdn cho m\u00ecnh k\u00edch th\u01b0\u1edbc ph\u00f9 h\u1ee3p nh\u1ea5t.<\/p>\n<p style=\"text-align: justify\">Mua s\u1ea3n ph\u1ea9m th\u1ee7 c\u00f4ng t\u1eeb Nh\u00e0 May M\u1eafn kh\u00f4ng ch\u1ec9 l\u00e0 vi\u1ec7c b\u1ea1n s\u1edf h\u1eefu m\u1ed9t m\u00f3n \u0111\u1ed3 trang tr\u00ed \u0111\u1eb9p m\u1eaft m\u00e0 c\u00f2n l\u00e0 s\u1ef1 g\u00f3p ph\u1ea7n v\u00e0o vi\u1ec7c h\u1ed7 tr\u1ee3 nh\u1eefng th\u1ee3 may khuy\u1ebft t\u1eadt c\u00f3 c\u01a1 h\u1ed9i v\u01b0\u01a1n l\u00ean trong cu\u1ed9c s\u1ed1ng. Con b\u1ea1ch tu\u1ed9c v\u1ea3i th\u1ed5 c\u1ea9m l\u00e0 minh ch\u1ee9ng cho s\u1ef1 b\u1ec1n b\u1ec9 v\u00e0 tinh th\u1ea7n m\u1ea1nh m\u1ebd c\u1ee7a nh\u1eefng con ng\u01b0\u1eddi d\u1eabu g\u1eb7p kh\u00f3 kh\u0103n nh\u01b0ng kh\u00f4ng bao gi\u1edd t\u1eeb b\u1ecf hy v\u1ecdng. V\u1edbi t\u1eebng s\u1ea3n ph\u1ea9m \u0111\u01b0\u1ee3c b\u00e1n ra, b\u1ea1n kh\u00f4ng ch\u1ec9 mang l\u1ea1i ni\u1ec1m vui cho ch\u00ednh m\u00ecnh m\u00e0 c\u00f2n gi\u00fap nh\u1eefng th\u1ee3 may khuy\u1ebft t\u1eadt c\u00f3 th\u00eam \u0111\u1ed9ng l\u1ef1c, c\u00f3 th\u00eam thu nh\u1eadp \u0111\u1ec3 c\u1ea3i thi\u1ec7n cu\u1ed9c s\u1ed1ng.<\/p>\n<p style=\"text-align: justify\">H\u00e3y c\u00f9ng lan t\u1ecfa y\u00eau th\u01b0\u01a1ng, ch\u1ecdn con b\u1ea1ch tu\u1ed9c v\u1ea3i th\u1ed5 c\u1ea9m l\u00e0m m\u00f3n qu\u00e0 \u00fd ngh\u0129a cho ch\u00ednh b\u1ea1n v\u00e0 nh\u1eefng ng\u01b0\u1eddi th\u00e2n y\u00eau. M\u1ed7i s\u1ea3n ph\u1ea9m l\u00e0 m\u1ed9t ph\u1ea7n c\u00e2u chuy\u1ec7n, v\u00e0 b\u1ea1n s\u1ebd l\u00e0 ng\u01b0\u1eddi vi\u1ebft ti\u1ebfp c\u00e2u chuy\u1ec7n \u0111\u1eb9p \u0111\u1ebd \u1ea5y b\u1eb1ng ch\u00ednh s\u1ef1 \u1ee7ng h\u1ed9 ch\u00e2n th\u00e0nh c\u1ee7a m\u00ecnh.<\/p>\n","protected":false},"excerpt":{"rendered":"<p style=\"text-align: justify\">S\u1ea3n ph\u1ea9m do c\u00e1c b\u1ea1n khuy\u1ebft t\u1eadt k\u00e9m may m\u1eafn s\u1ea3n xu\u1ea5t th\u1ee7 c\u00f4ng k\u00ednh mong nh\u1eadn \u0111\u01b0\u1ee3c s\u1ef1 \u1ee7ng h\u1ed9 c\u1ee7a Qu\u00fd kh\u00e1ch h\u00e0ng.<\/p>\n<p>Ch\u1ea5t li\u1ec7u: V\u1ea3i th\u1ed5 c\u1ea9m<\/p>\n<p>Code: TC23TB<\/p>\n<p>Hotline : <span style=\"font-size: 20px\"><strong><span style=\"color: #ff0000\">0909 06 25 28<\/span><\/strong><\/span><\/p>\n<p style=\"text-align: justify\">N\u1ebfu b\u1ea1n \u1edf Vi\u1ec7t Nam vui l\u00f2ng li\u00ean h\u1ec7 ch\u00fang t\u00f4i theo s\u1ed1 hotline ho\u1eb7c fanpage doanh nghi\u1ec7p Nh\u00e0 May M\u1eafn ch\u00fang t\u00f4i \u0111\u1ec3 bi\u1ebft gi\u00e1 b\u00e1n t\u1ea1i Vi\u1ec7t Nam.<\/p>\n","protected":false},"featured_media":36928,"template":"","meta":[],"product_brand":[],"product_cat":[137,138],"product_tag":[],"class_list":{"0":"post-36927","1":"product","2":"type-product","3":"status-publish","4":"has-post-thumbnail","6":"product_cat-phong-may","7":"product_cat-thu-nhoi-bong","9":"first","10":"instock","11":"shipping-taxable","12":"purchasable","13":"product-type-variable"},"yoast_head":"<!-- This site is optimized with the Yoast SEO Premium plugin v22.7 (Yoast SEO v25.3.1) - https:\/\/yoast.com\/wordpress\/plugins\/seo\/ -->\n<title>Con b\u1ea1ch tu\u1ed9c - th\u00fa nh\u1ed3i b\u00f4ng v\u1ea3i th\u1ed5 c\u1ea9m - Nh\u00e0 May M\u1eafn - Maison Chance<\/title>\n<meta name=\"description\" content=\"Th\u00fa nh\u1ed3i b\u00f4ng h\u00ecnh con B\u1ea1ch Tu\u1ed9c v\u1ea3i th\u1ed5 c\u1ea9m th\u1ee7 c\u00f4ng t\u1eeb th\u1ee3 may khuy\u1ebft t\u1eadt Nh\u00e0 May M\u1eafn \u2013 S\u1ea3n ph\u1ea9m trang tr\u00ed \u0111\u1ed9c \u0111\u00e1o, gi\u00e0u \u00fd ngh\u0129a nh\u00e2n v\u0103n, mang l\u1ea1i v\u1ebb \u0111\u1eb9p cho kh\u00f4ng gian s\u1ed1ng.\" \/>\n<meta name=\"robots\" content=\"index, follow, max-snippet:-1, max-image-preview:large, max-video-preview:-1\" \/>\n<link rel=\"canonical\" href=\"https:\/\/maison-chance.org\/shop\/san-pham\/thu-nhoi-bong-hinh-con-bach-tuoc-vai-tho-cam\" \/>\n<meta property=\"og:locale\" content=\"vi_VN\" \/>\n<meta property=\"og:type\" content=\"article\" \/>\n<meta property=\"og:title\" content=\"Con b\u1ea1ch tu\u1ed9c\" \/>\n<meta property=\"og:description\" content=\"Th\u00fa nh\u1ed3i b\u00f4ng h\u00ecnh con B\u1ea1ch Tu\u1ed9c v\u1ea3i th\u1ed5 c\u1ea9m th\u1ee7 c\u00f4ng t\u1eeb th\u1ee3 may khuy\u1ebft t\u1eadt Nh\u00e0 May M\u1eafn \u2013 S\u1ea3n ph\u1ea9m trang tr\u00ed \u0111\u1ed9c \u0111\u00e1o, gi\u00e0u \u00fd ngh\u0129a nh\u00e2n v\u0103n, mang l\u1ea1i v\u1ebb \u0111\u1eb9p cho kh\u00f4ng gian s\u1ed1ng.\" \/>\n<meta property=\"og:url\" content=\"https:\/\/maison-chance.org\/shop\/san-pham\/thu-nhoi-bong-hinh-con-bach-tuoc-vai-tho-cam\" \/>\n<meta property=\"og:site_name\" content=\"Nh\u00e0 May M\u1eafn - Maison Chance\" \/>\n<meta property=\"article:publisher\" content=\"https:\/\/www.facebook.com\/dnxh.nhamayman\/\" \/>\n<meta property=\"article:modified_time\" content=\"2025-02-24T02:10:22+00:00\" \/>\n<meta property=\"og:image\" content=\"https:\/\/maison-chance.org\/shop\/wp-content\/uploads\/2024\/04\/thu-nhoi-bong-hinh-con-bach-tuoc-vai-tho-cam-1.jpg\" \/>\n\t<meta property=\"og:image:width\" content=\"600\" \/>\n\t<meta property=\"og:image:height\" content=\"600\" \/>\n\t<meta property=\"og:image:type\" content=\"image\/jpeg\" \/>\n<meta name=\"twitter:card\" content=\"summary_large_image\" \/>\n<meta name=\"twitter:label1\" content=\"Availability\" \/>\n\t<meta name=\"twitter:data1\" content=\"In stock\" \/>\n<script type=\"application\/ld+json\" class=\"yoast-schema-graph\">{\"@context\":\"https:\/\/schema.org\",\"@graph\":[{\"@type\":\"WebPage\",\"@id\":\"https:\/\/maison-chance.org\/shop\/san-pham\/thu-nhoi-bong-hinh-con-bach-tuoc-vai-tho-cam\",\"url\":\"https:\/\/maison-chance.org\/shop\/san-pham\/thu-nhoi-bong-hinh-con-bach-tuoc-vai-tho-cam\",\"name\":\"Con b\u1ea1ch tu\u1ed9c - th\u00fa nh\u1ed3i b\u00f4ng v\u1ea3i th\u1ed5 c\u1ea9m - Nh\u00e0 May M\u1eafn - Maison Chance\",\"isPartOf\":{\"@id\":\"https:\/\/maison-chance.org\/shop\/#website\"},\"primaryImageOfPage\":{\"@id\":\"https:\/\/maison-chance.org\/shop\/san-pham\/thu-nhoi-bong-hinh-con-bach-tuoc-vai-tho-cam#primaryimage\"},\"image\":{\"@id\":\"https:\/\/maison-chance.org\/shop\/san-pham\/thu-nhoi-bong-hinh-con-bach-tuoc-vai-tho-cam#primaryimage\"},\"thumbnailUrl\":\"https:\/\/maison-chance.org\/shop\/wp-content\/uploads\/2024\/04\/thu-nhoi-bong-hinh-con-bach-tuoc-vai-tho-cam-1.jpg\",\"datePublished\":\"2024-10-16T00:02:07+00:00\",\"dateModified\":\"2025-02-24T02:10:22+00:00\",\"description\":\"Th\u00fa nh\u1ed3i b\u00f4ng h\u00ecnh con B\u1ea1ch Tu\u1ed9c v\u1ea3i th\u1ed5 c\u1ea9m th\u1ee7 c\u00f4ng t\u1eeb th\u1ee3 may khuy\u1ebft t\u1eadt Nh\u00e0 May M\u1eafn \u2013 S\u1ea3n ph\u1ea9m trang tr\u00ed \u0111\u1ed9c \u0111\u00e1o, gi\u00e0u \u00fd ngh\u0129a nh\u00e2n v\u0103n, mang l\u1ea1i v\u1ebb \u0111\u1eb9p cho kh\u00f4ng gian s\u1ed1ng.\",\"breadcrumb\":{\"@id\":\"https:\/\/maison-chance.org\/shop\/san-pham\/thu-nhoi-bong-hinh-con-bach-tuoc-vai-tho-cam#breadcrumb\"},\"inLanguage\":\"vi-VN\",\"potentialAction\":[{\"@type\":\"ReadAction\",\"target\":[\"https:\/\/maison-chance.org\/shop\/san-pham\/thu-nhoi-bong-hinh-con-bach-tuoc-vai-tho-cam\"]}]},{\"@type\":\"ImageObject\",\"inLanguage\":\"vi-VN\",\"@id\":\"https:\/\/maison-chance.org\/shop\/san-pham\/thu-nhoi-bong-hinh-con-bach-tuoc-vai-tho-cam#primaryimage\",\"url\":\"https:\/\/maison-chance.org\/shop\/wp-content\/uploads\/2024\/04\/thu-nhoi-bong-hinh-con-bach-tuoc-vai-tho-cam-1.jpg\",\"contentUrl\":\"https:\/\/maison-chance.org\/shop\/wp-content\/uploads\/2024\/04\/thu-nhoi-bong-hinh-con-bach-tuoc-vai-tho-cam-1.jpg\",\"width\":600,\"height\":600,\"caption\":\"Th\u00fa nh\u1ed3i b\u00f4ng h\u00ecnh con B\u1ea1ch Tu\u1ed9c v\u1ea3i th\u1ed5 c\u1ea9m\"},{\"@type\":\"BreadcrumbList\",\"@id\":\"https:\/\/maison-chance.org\/shop\/san-pham\/thu-nhoi-bong-hinh-con-bach-tuoc-vai-tho-cam#breadcrumb\",\"itemListElement\":[{\"@type\":\"ListItem\",\"position\":1,\"name\":\"Trang ch\u1ee7\",\"item\":\"https:\/\/maison-chance.org\/shop\/\"},{\"@type\":\"ListItem\",\"position\":2,\"name\":\"Shop\",\"item\":\"https:\/\/maison-chance.org\/shop\/shop\"},{\"@type\":\"ListItem\",\"position\":3,\"name\":\"Con b\u1ea1ch tu\u1ed9c\"}]},{\"@type\":\"WebSite\",\"@id\":\"https:\/\/maison-chance.org\/shop\/#website\",\"url\":\"https:\/\/maison-chance.org\/shop\/\",\"name\":\"Nh\u00e0 May M\u1eafn - Maison Chance\",\"description\":\"M\u1ecdi l\u1ee3i nhu\u1eadn thu v\u1ec1 t\u1eeb vi\u1ec7c b\u00e1n h\u00e0ng s\u1ebd tr\u00edch m\u1ed9t ph\u1ea7n \u0111\u1ec3 ch\u0103m lo cho \u0111\u1eddi s\u1ed1ng c\u00e1c b\u1ea1n khuy\u1ebft t\u1eadt v\u00e0 tr\u1ebb m\u1ed3 c\u00f4i \u1edf \u0111\u00e2y\",\"publisher\":{\"@id\":\"https:\/\/maison-chance.org\/shop\/#organization\"},\"potentialAction\":[{\"@type\":\"SearchAction\",\"target\":{\"@type\":\"EntryPoint\",\"urlTemplate\":\"https:\/\/maison-chance.org\/shop\/?s={search_term_string}\"},\"query-input\":{\"@type\":\"PropertyValueSpecification\",\"valueRequired\":true,\"valueName\":\"search_term_string\"}}],\"inLanguage\":\"vi-VN\"},{\"@type\":\"Organization\",\"@id\":\"https:\/\/maison-chance.org\/shop\/#organization\",\"name\":\"Nh\u00e0 May M\u1eafn - Maison Chance\",\"url\":\"https:\/\/maison-chance.org\/shop\/\",\"logo\":{\"@type\":\"ImageObject\",\"inLanguage\":\"vi-VN\",\"@id\":\"https:\/\/maison-chance.org\/shop\/#\/schema\/logo\/image\/\",\"url\":\"https:\/\/maison-chance.org\/shop\/wp-content\/uploads\/2024\/03\/cropped-Logo_DNXH.png\",\"contentUrl\":\"https:\/\/maison-chance.org\/shop\/wp-content\/uploads\/2024\/03\/cropped-Logo_DNXH.png\",\"width\":512,\"height\":512,\"caption\":\"Nh\u00e0 May M\u1eafn - Maison Chance\"},\"image\":{\"@id\":\"https:\/\/maison-chance.org\/shop\/#\/schema\/logo\/image\/\"},\"sameAs\":[\"https:\/\/www.facebook.com\/dnxh.nhamayman\/\"]}]}<\/script>\n<meta property=\"og:availability\" content=\"instock\" \/>\n<meta property=\"product:availability\" content=\"instock\" \/>\n<meta property=\"product:condition\" content=\"new\" \/>\n<!-- \/ Yoast SEO Premium plugin. -->","yoast_head_json":{"title":"Con b\u1ea1ch tu\u1ed9c - th\u00fa nh\u1ed3i b\u00f4ng v\u1ea3i th\u1ed5 c\u1ea9m - Nh\u00e0 May M\u1eafn - Maison Chance","description":"Th\u00fa nh\u1ed3i b\u00f4ng h\u00ecnh con B\u1ea1ch Tu\u1ed9c v\u1ea3i th\u1ed5 c\u1ea9m th\u1ee7 c\u00f4ng t\u1eeb th\u1ee3 may khuy\u1ebft t\u1eadt Nh\u00e0 May M\u1eafn \u2013 S\u1ea3n ph\u1ea9m trang tr\u00ed \u0111\u1ed9c \u0111\u00e1o, gi\u00e0u \u00fd ngh\u0129a nh\u00e2n v\u0103n, mang l\u1ea1i v\u1ebb \u0111\u1eb9p cho kh\u00f4ng gian s\u1ed1ng.","robots":{"index":"index","follow":"follow","max-snippet":"max-snippet:-1","max-image-preview":"max-image-preview:large","max-video-preview":"max-video-preview:-1"},"canonical":"https:\/\/maison-chance.org\/shop\/san-pham\/thu-nhoi-bong-hinh-con-bach-tuoc-vai-tho-cam","og_locale":"vi_VN","og_type":"article","og_title":"Con b\u1ea1ch tu\u1ed9c","og_description":"Th\u00fa nh\u1ed3i b\u00f4ng h\u00ecnh con B\u1ea1ch Tu\u1ed9c v\u1ea3i th\u1ed5 c\u1ea9m th\u1ee7 c\u00f4ng t\u1eeb th\u1ee3 may khuy\u1ebft t\u1eadt Nh\u00e0 May M\u1eafn \u2013 S\u1ea3n ph\u1ea9m trang tr\u00ed \u0111\u1ed9c \u0111\u00e1o, gi\u00e0u \u00fd ngh\u0129a nh\u00e2n v\u0103n, mang l\u1ea1i v\u1ebb \u0111\u1eb9p cho kh\u00f4ng gian s\u1ed1ng.","og_url":"https:\/\/maison-chance.org\/shop\/san-pham\/thu-nhoi-bong-hinh-con-bach-tuoc-vai-tho-cam","og_site_name":"Nh\u00e0 May M\u1eafn - Maison Chance","article_publisher":"https:\/\/www.facebook.com\/dnxh.nhamayman\/","article_modified_time":"2025-02-24T02:10:22+00:00","og_image":[{"width":600,"height":600,"url":"https:\/\/maison-chance.org\/shop\/wp-content\/uploads\/2024\/04\/thu-nhoi-bong-hinh-con-bach-tuoc-vai-tho-cam-1.jpg","type":"image\/jpeg"}],"twitter_card":"summary_large_image","twitter_misc":{"Availability":"In stock"},"schema":{"@context":"https:\/\/schema.org","@graph":[{"@type":"WebPage","@id":"https:\/\/maison-chance.org\/shop\/san-pham\/thu-nhoi-bong-hinh-con-bach-tuoc-vai-tho-cam","url":"https:\/\/maison-chance.org\/shop\/san-pham\/thu-nhoi-bong-hinh-con-bach-tuoc-vai-tho-cam","name":"Con b\u1ea1ch tu\u1ed9c - th\u00fa nh\u1ed3i b\u00f4ng v\u1ea3i th\u1ed5 c\u1ea9m - Nh\u00e0 May M\u1eafn - Maison Chance","isPartOf":{"@id":"https:\/\/maison-chance.org\/shop\/#website"},"primaryImageOfPage":{"@id":"https:\/\/maison-chance.org\/shop\/san-pham\/thu-nhoi-bong-hinh-con-bach-tuoc-vai-tho-cam#primaryimage"},"image":{"@id":"https:\/\/maison-chance.org\/shop\/san-pham\/thu-nhoi-bong-hinh-con-bach-tuoc-vai-tho-cam#primaryimage"},"thumbnailUrl":"https:\/\/maison-chance.org\/shop\/wp-content\/uploads\/2024\/04\/thu-nhoi-bong-hinh-con-bach-tuoc-vai-tho-cam-1.jpg","datePublished":"2024-10-16T00:02:07+00:00","dateModified":"2025-02-24T02:10:22+00:00","description":"Th\u00fa nh\u1ed3i b\u00f4ng h\u00ecnh con B\u1ea1ch Tu\u1ed9c v\u1ea3i th\u1ed5 c\u1ea9m th\u1ee7 c\u00f4ng t\u1eeb th\u1ee3 may khuy\u1ebft t\u1eadt Nh\u00e0 May M\u1eafn \u2013 S\u1ea3n ph\u1ea9m trang tr\u00ed \u0111\u1ed9c \u0111\u00e1o, gi\u00e0u \u00fd ngh\u0129a nh\u00e2n v\u0103n, mang l\u1ea1i v\u1ebb \u0111\u1eb9p cho kh\u00f4ng gian s\u1ed1ng.","breadcrumb":{"@id":"https:\/\/maison-chance.org\/shop\/san-pham\/thu-nhoi-bong-hinh-con-bach-tuoc-vai-tho-cam#breadcrumb"},"inLanguage":"vi-VN","potentialAction":[{"@type":"ReadAction","target":["https:\/\/maison-chance.org\/shop\/san-pham\/thu-nhoi-bong-hinh-con-bach-tuoc-vai-tho-cam"]}]},{"@type":"ImageObject","inLanguage":"vi-VN","@id":"https:\/\/maison-chance.org\/shop\/san-pham\/thu-nhoi-bong-hinh-con-bach-tuoc-vai-tho-cam#primaryimage","url":"https:\/\/maison-chance.org\/shop\/wp-content\/uploads\/2024\/04\/thu-nhoi-bong-hinh-con-bach-tuoc-vai-tho-cam-1.jpg","contentUrl":"https:\/\/maison-chance.org\/shop\/wp-content\/uploads\/2024\/04\/thu-nhoi-bong-hinh-con-bach-tuoc-vai-tho-cam-1.jpg","width":600,"height":600,"caption":"Th\u00fa nh\u1ed3i b\u00f4ng h\u00ecnh con B\u1ea1ch Tu\u1ed9c v\u1ea3i th\u1ed5 c\u1ea9m"},{"@type":"BreadcrumbList","@id":"https:\/\/maison-chance.org\/shop\/san-pham\/thu-nhoi-bong-hinh-con-bach-tuoc-vai-tho-cam#breadcrumb","itemListElement":[{"@type":"ListItem","position":1,"name":"Trang ch\u1ee7","item":"https:\/\/maison-chance.org\/shop\/"},{"@type":"ListItem","position":2,"name":"Shop","item":"https:\/\/maison-chance.org\/shop\/shop"},{"@type":"ListItem","position":3,"name":"Con b\u1ea1ch tu\u1ed9c"}]},{"@type":"WebSite","@id":"https:\/\/maison-chance.org\/shop\/#website","url":"https:\/\/maison-chance.org\/shop\/","name":"Nh\u00e0 May M\u1eafn - Maison Chance","description":"M\u1ecdi l\u1ee3i nhu\u1eadn thu v\u1ec1 t\u1eeb vi\u1ec7c b\u00e1n h\u00e0ng s\u1ebd tr\u00edch m\u1ed9t ph\u1ea7n \u0111\u1ec3 ch\u0103m lo cho \u0111\u1eddi s\u1ed1ng c\u00e1c b\u1ea1n khuy\u1ebft t\u1eadt v\u00e0 tr\u1ebb m\u1ed3 c\u00f4i \u1edf \u0111\u00e2y","publisher":{"@id":"https:\/\/maison-chance.org\/shop\/#organization"},"potentialAction":[{"@type":"SearchAction","target":{"@type":"EntryPoint","urlTemplate":"https:\/\/maison-chance.org\/shop\/?s={search_term_string}"},"query-input":{"@type":"PropertyValueSpecification","valueRequired":true,"valueName":"search_term_string"}}],"inLanguage":"vi-VN"},{"@type":"Organization","@id":"https:\/\/maison-chance.org\/shop\/#organization","name":"Nh\u00e0 May M\u1eafn - Maison Chance","url":"https:\/\/maison-chance.org\/shop\/","logo":{"@type":"ImageObject","inLanguage":"vi-VN","@id":"https:\/\/maison-chance.org\/shop\/#\/schema\/logo\/image\/","url":"https:\/\/maison-chance.org\/shop\/wp-content\/uploads\/2024\/03\/cropped-Logo_DNXH.png","contentUrl":"https:\/\/maison-chance.org\/shop\/wp-content\/uploads\/2024\/03\/cropped-Logo_DNXH.png","width":512,"height":512,"caption":"Nh\u00e0 May M\u1eafn - Maison Chance"},"image":{"@id":"https:\/\/maison-chance.org\/shop\/#\/schema\/logo\/image\/"},"sameAs":["https:\/\/www.facebook.com\/dnxh.nhamayman\/"]}]},"og_availability":"instock","product_availability":"instock","product_condition":"new"},"_links":{"self":[{"href":"https:\/\/maison-chance.org\/shop\/wp-json\/wp\/v2\/product\/36927","targetHints":{"allow":["GET"]}}],"collection":[{"href":"https:\/\/maison-chance.org\/shop\/wp-json\/wp\/v2\/product"}],"about":[{"href":"https:\/\/maison-chance.org\/shop\/wp-json\/wp\/v2\/types\/product"}],"wp:featuredmedia":[{"embeddable":true,"href":"https:\/\/maison-chance.org\/shop\/wp-json\/wp\/v2\/media\/36928"}],"wp:attachment":[{"href":"https:\/\/maison-chance.org\/shop\/wp-json\/wp\/v2\/media?parent=36927"}],"wp:term":[{"taxonomy":"product_brand","embeddable":true,"href":"https:\/\/maison-chance.org\/shop\/wp-json\/wp\/v2\/product_brand?post=36927"},{"taxonomy":"product_cat","embeddable":true,"href":"https:\/\/maison-chance.org\/shop\/wp-json\/wp\/v2\/product_cat?post=36927"},{"taxonomy":"product_tag","embeddable":true,"href":"https:\/\/maison-chance.org\/shop\/wp-json\/wp\/v2\/product_tag?post=36927"}],"curies":[{"name":"wp","href":"https:\/\/api.w.org\/{rel}","templated":true}]}}