{"id":36944,"date":"2024-11-07T07:00:39","date_gmt":"2024-11-07T00:00:39","guid":{"rendered":"https:\/\/maison-chance.org\/shop\/?post_type=product&#038;p=36944"},"modified":"2025-03-15T12:12:55","modified_gmt":"2025-03-15T05:12:55","slug":"thu-nhoi-bong-hinh-con-meo-vai-tho-cam","status":"publish","type":"product","link":"https:\/\/maison-chance.org\/shop\/san-pham\/thu-nhoi-bong-hinh-con-meo-vai-tho-cam","title":{"rendered":"Con m\u00e8o"},"content":{"rendered":"<p style=\"text-align: justify\">B\u1ea1n c\u00f3 bi\u1ebft? Trong phong th\u1ee7y, m\u00e8o l\u00e0 bi\u1ec3u t\u01b0\u1ee3ng c\u1ee7a may m\u1eafn, t\u00e0i l\u1ed9c v\u00e0 b\u00ecnh an. Trong t\u00e2m linh, m\u00e8o mang \u0111\u1ebfn s\u1ef1 nh\u1ea1y b\u00e9n, b\u1ea3o v\u1ec7 ch\u1ee7 nh\u00e2n kh\u1ecfi n\u0103ng l\u01b0\u1ee3ng x\u1ea5u. V\u00e0 trong t\u00ecnh c\u1ea3m, m\u1ed9t ch\u00fa m\u00e8o nh\u1ecf xinh l\u1ea1i c\u00f3 th\u1ec3 thay b\u1ea1n g\u1eedi g\u1eafm y\u00eau th\u01b0\u01a1ng ch\u00e2n th\u00e0nh \u0111\u1ebfn ng\u01b0\u1eddi nh\u1eadn.<\/p>\n<p>Kh\u00f4ng ch\u1ec9 l\u00e0 m\u1ed9t m\u00f3n \u0111\u1ed3 th\u1ee7 c\u00f4ng, <a href=\"https:\/\/maison-chance.org\/shop\/san-pham\/thu-nhoi-bong-hinh-con-meo-vai-tho-cam\">con m\u00e8o v\u1ea3i th\u1ed5 c\u1ea9m<\/a> c\u00f2n mang theo h\u01a1i th\u1edf c\u1ee7a v\u0103n h\u00f3a v\u00e0 ni\u1ec1m tin t\u00e2m linh.\u00a0Theo quan ni\u1ec7m d\u00e2n gian, m\u00e8o mang \u0111\u1ebfn s\u1ef1 sung t\u00fac, gi\u00fap xua \u0111u\u1ed5i v\u1eadn r\u1ee7i v\u00e0 thu h\u00fat n\u0103ng l\u01b0\u1ee3ng t\u1ed1t l\u00e0nh. \u0110\u1eb7t m\u1ed9t ch\u00fa m\u00e8o v\u1ea3i trong nh\u00e0, tr\u00ean b\u00e0n l\u00e0m vi\u1ec7c hay mang theo b\u00ean m\u00ecnh, b\u1ea1n s\u1ebd c\u1ea3m nh\u1eadn \u0111\u01b0\u1ee3c s\u1ef1 an y\u00ean v\u00e0 t\u00edch c\u1ef1c m\u1ed7i ng\u00e0y.<\/p>\n<p>M\u1ed7i chi ti\u1ebft tr\u00ean s\u1ea3n ph\u1ea9m \u0111\u1ec1u \u0111\u01b0\u1ee3c may th\u1ee7 c\u00f4ng v\u1edbi \u0111\u1ed9 ch\u00ednh x\u00e1c cao, t\u1ea1o n\u00ean s\u1ef1 sinh \u0111\u1ed9ng v\u00e0 h\u1ea5p d\u1eabn. Ch\u1ea5t li\u1ec7u v\u1ea3i th\u1ed5 c\u1ea9m m\u1ec1m m\u1ea1i v\u00e0 tho\u00e1ng kh\u00ed, \u0111\u1ea3m b\u1ea3o s\u1ef1 tho\u1ea3i m\u00e1i khi c\u1ea7m n\u1eafm. V\u1edbi ba k\u00edch th\u01b0\u1edbc kh\u00e1c nhau (5 \u00d7 11 cm, 7 \u00d7 14 cm, 8 \u00d7 16 cm), b\u1ea1n c\u00f3 th\u1ec3 l\u1ef1a ch\u1ecdn k\u00edch th\u01b0\u1edbc ph\u00f9 h\u1ee3p v\u1edbi kh\u00f4ng gian c\u1ee7a m\u00ecnh.<\/p>\n<p data-start=\"463\" data-end=\"504\"><strong data-start=\"466\" data-end=\"502\">M\u00f3n qu\u00e0 \u00fd ngh\u0129a cho m\u1ecdi l\u1ee9a tu\u1ed5i<\/strong><\/p>\n<ul data-start=\"505\" data-end=\"674\">\n<li data-start=\"505\" data-end=\"560\">Tr\u1ebb em th\u00edch th\u00fa v\u1edbi ch\u00fa m\u00e8o \u0111\u1ea7y s\u1eafc m\u00e0u, \u0111\u00e1ng y\u00eau.<\/li>\n<li data-start=\"561\" data-end=\"618\">Ng\u01b0\u1eddi l\u1edbn tr\u00e2n qu\u00fd s\u1ef1 kh\u00e9o l\u00e9o v\u00e0 \u00fd ngh\u0129a phong th\u1ee7y.<\/li>\n<li data-start=\"619\" data-end=\"674\">M\u1ed9t m\u00f3n qu\u00e0 \u1ea5m \u00e1p d\u00e0nh cho nh\u1eefng ai b\u1ea1n y\u00eau th\u01b0\u01a1ng.<\/li>\n<\/ul>\n<p style=\"text-align: justify\">Kh\u00f4ng ph\u1ea3i l\u00e0 m\u00f3n \u0111\u1ed3 s\u1ea3n xu\u1ea5t h\u00e0ng lo\u1ea1t, m\u00e8o v\u1ea3i th\u1ed5 c\u1ea9m \u0111\u01b0\u1ee3c ng\u01b0\u1eddi khuy\u1ebft t\u1eadt t\u1ea1i Nh\u00e0 May M\u1eafn t\u1ec9 m\u1ec9 kh\u00e2u tay t\u1eebng \u0111\u01b0\u1eddng n\u00e9t, g\u1eedi g\u1eafm v\u00e0o \u0111\u00f3 s\u1ef1 ki\u00ean tr\u00ec, y\u00eau th\u01b0\u01a1ng v\u00e0 \u01b0\u1edbc m\u01a1 v\u1ec1 m\u1ed9t t\u01b0\u01a1ng lai t\u01b0\u01a1i s\u00e1ng. Khi b\u1ea1n s\u1edf h\u1eefu m\u1ed9t ch\u00fa m\u00e8o, b\u1ea1n kh\u00f4ng ch\u1ec9 r\u01b0\u1edbc may m\u1eafn v\u1ec1 nh\u00e0 m\u00e0 c\u00f2n trao \u0111i c\u01a1 h\u1ed9i cho nh\u1eefng ng\u01b0\u1eddi y\u1ebfu th\u1ebf trong x\u00e3 h\u1ed9i.<\/p>\n<p style=\"text-align: justify\">H\u00e3y mua ngay con m\u00e8o v\u1ea3i th\u1ed5 c\u1ea9m \u0111\u1ec3 trang tr\u00ed kh\u00f4ng gian s\u1ed1ng c\u1ee7a b\u1ea1n v\u00e0 \u1ee7ng h\u1ed9 nh\u1eefng th\u1ee3 may khuy\u1ebft t\u1eadt t\u1ea1i <a href=\"https:\/\/maison-chance.org\/shop\">Nh\u00e0 May M\u1eafn<\/a>. B\u1eb1ng c\u00e1ch mua s\u1ea3n ph\u1ea9m c\u1ee7a Nh\u00e0 May M\u1eafn, b\u1ea1n \u0111\u00e3 g\u00f3p ph\u1ea7n t\u1ea1o ra m\u1ed9t t\u01b0\u01a1ng lai t\u1ed1t \u0111\u1eb9p h\u01a1n cho nh\u1eefng ng\u01b0\u1eddi khuy\u1ebft t\u1eadt, gi\u00fap h\u1ecd c\u00f3 c\u01a1 h\u1ed9i ph\u00e1t tri\u1ec3n v\u00e0 t\u1ef1 l\u1eadp.<\/p>\n<p>H\u00e3y n\u00e2ng niu gi\u00e1 tr\u1ecb th\u1ee7 c\u00f4ng, lan t\u1ecfa y\u00eau th\u01b0\u01a1ng!<\/p>\n<p><strong><em>M\u00e8o nh\u1ecf &#8211; Duy\u00ean l\u1edbn, y\u00eau th\u01b0\u01a1ng v\u1eb9n tr\u00f2n!<\/em><\/strong><\/p>\n","protected":false},"excerpt":{"rendered":"<p style=\"text-align: justify\">S\u1ea3n ph\u1ea9m do c\u00e1c b\u1ea1n khuy\u1ebft t\u1eadt k\u00e9m may m\u1eafn s\u1ea3n xu\u1ea5t th\u1ee7 c\u00f4ng k\u00ednh mong nh\u1eadn \u0111\u01b0\u1ee3c s\u1ef1 \u1ee7ng h\u1ed9 c\u1ee7a Qu\u00fd kh\u00e1ch h\u00e0ng.<\/p>\n<p>Ch\u1ea5t li\u1ec7u: V\u1ea3i th\u1ed5 c\u1ea9m<\/p>\n<p>Code: TC04TB<\/p>\n<p>Hotline : <span style=\"font-size: 20px\"><strong><span style=\"color: #ff0000\">0909 06 25 28<\/span><\/strong><\/span><\/p>\n<p style=\"text-align: justify\">N\u1ebfu b\u1ea1n \u1edf Vi\u1ec7t Nam vui l\u00f2ng li\u00ean h\u1ec7 ch\u00fang t\u00f4i theo s\u1ed1 hotline ho\u1eb7c fanpage doanh nghi\u1ec7p Nh\u00e0 May M\u1eafn ch\u00fang t\u00f4i \u0111\u1ec3 bi\u1ebft gi\u00e1 b\u00e1n t\u1ea1i Vi\u1ec7t Nam.<\/p>\n","protected":false},"featured_media":36945,"template":"","meta":[],"product_brand":[],"product_cat":[137,138],"product_tag":[],"class_list":{"0":"post-36944","1":"product","2":"type-product","3":"status-publish","4":"has-post-thumbnail","6":"product_cat-phong-may","7":"product_cat-thu-nhoi-bong","9":"first","10":"instock","11":"shipping-taxable","12":"purchasable","13":"product-type-variable"},"yoast_head":"<!-- This site is optimized with the Yoast SEO Premium plugin v22.7 (Yoast SEO v25.3.1) - https:\/\/yoast.com\/wordpress\/plugins\/seo\/ -->\n<title>Con m\u00e8o- th\u00fa nh\u1ed3i b\u00f4ng v\u1ea3i th\u1ed5 c\u1ea9m - Nh\u00e0 May M\u1eafn - Maison Chance<\/title>\n<meta name=\"description\" content=\"H\u00e3y mua ngay Th\u00fa nh\u1ed3i b\u00f4ng h\u00ecnh con M\u00e8o v\u1ea3i th\u1ed5 c\u1ea9m \u0111\u1ec3 trang tr\u00ed kh\u00f4ng gian s\u1ed1ng c\u1ee7a b\u1ea1n v\u00e0 \u1ee7ng h\u1ed9 nh\u1eefng th\u1ee3 may khuy\u1ebft t\u1eadt t\u1ea1i Nh\u00e0 May M\u1eafn. M\u1ed7i s\u1ea3n ph\u1ea9m mang \u0111\u1ebfn kh\u00f4ng ch\u1ec9 l\u00e0 s\u1ef1 \u0111\u1eb9p m\u00e0 c\u00f2n l\u00e0 nh\u1eefng gi\u00e1 tr\u1ecb v\u1ec1 t\u00ecnh th\u01b0\u01a1ng v\u00e0 s\u1ef1 chia s\u1ebb\" \/>\n<meta name=\"robots\" content=\"index, follow, max-snippet:-1, max-image-preview:large, max-video-preview:-1\" \/>\n<link rel=\"canonical\" href=\"https:\/\/maison-chance.org\/shop\/san-pham\/thu-nhoi-bong-hinh-con-meo-vai-tho-cam\" \/>\n<meta property=\"og:locale\" content=\"vi_VN\" \/>\n<meta property=\"og:type\" content=\"article\" \/>\n<meta property=\"og:title\" content=\"Con m\u00e8o\" \/>\n<meta property=\"og:description\" content=\"H\u00e3y mua ngay Th\u00fa nh\u1ed3i b\u00f4ng h\u00ecnh con M\u00e8o v\u1ea3i th\u1ed5 c\u1ea9m \u0111\u1ec3 trang tr\u00ed kh\u00f4ng gian s\u1ed1ng c\u1ee7a b\u1ea1n v\u00e0 \u1ee7ng h\u1ed9 nh\u1eefng th\u1ee3 may khuy\u1ebft t\u1eadt t\u1ea1i Nh\u00e0 May M\u1eafn. M\u1ed7i s\u1ea3n ph\u1ea9m mang \u0111\u1ebfn kh\u00f4ng ch\u1ec9 l\u00e0 s\u1ef1 \u0111\u1eb9p m\u00e0 c\u00f2n l\u00e0 nh\u1eefng gi\u00e1 tr\u1ecb v\u1ec1 t\u00ecnh th\u01b0\u01a1ng v\u00e0 s\u1ef1 chia s\u1ebb\" \/>\n<meta property=\"og:url\" content=\"https:\/\/maison-chance.org\/shop\/san-pham\/thu-nhoi-bong-hinh-con-meo-vai-tho-cam\" \/>\n<meta property=\"og:site_name\" content=\"Nh\u00e0 May M\u1eafn - Maison Chance\" \/>\n<meta property=\"article:publisher\" content=\"https:\/\/www.facebook.com\/dnxh.nhamayman\/\" \/>\n<meta property=\"article:modified_time\" content=\"2025-03-15T05:12:55+00:00\" \/>\n<meta property=\"og:image\" content=\"https:\/\/maison-chance.org\/shop\/wp-content\/uploads\/2024\/04\/thu-nhoi-bong-hinh-con-meo-vai-tho-cam-1.jpg\" \/>\n\t<meta property=\"og:image:width\" content=\"600\" \/>\n\t<meta property=\"og:image:height\" content=\"600\" \/>\n\t<meta property=\"og:image:type\" content=\"image\/jpeg\" \/>\n<meta name=\"twitter:card\" content=\"summary_large_image\" \/>\n<meta name=\"twitter:label1\" content=\"Availability\" \/>\n\t<meta name=\"twitter:data1\" content=\"In stock\" \/>\n<script type=\"application\/ld+json\" class=\"yoast-schema-graph\">{\"@context\":\"https:\/\/schema.org\",\"@graph\":[{\"@type\":\"WebPage\",\"@id\":\"https:\/\/maison-chance.org\/shop\/san-pham\/thu-nhoi-bong-hinh-con-meo-vai-tho-cam\",\"url\":\"https:\/\/maison-chance.org\/shop\/san-pham\/thu-nhoi-bong-hinh-con-meo-vai-tho-cam\",\"name\":\"Con m\u00e8o- th\u00fa nh\u1ed3i b\u00f4ng v\u1ea3i th\u1ed5 c\u1ea9m - Nh\u00e0 May M\u1eafn - Maison Chance\",\"isPartOf\":{\"@id\":\"https:\/\/maison-chance.org\/shop\/#website\"},\"primaryImageOfPage\":{\"@id\":\"https:\/\/maison-chance.org\/shop\/san-pham\/thu-nhoi-bong-hinh-con-meo-vai-tho-cam#primaryimage\"},\"image\":{\"@id\":\"https:\/\/maison-chance.org\/shop\/san-pham\/thu-nhoi-bong-hinh-con-meo-vai-tho-cam#primaryimage\"},\"thumbnailUrl\":\"https:\/\/maison-chance.org\/shop\/wp-content\/uploads\/2024\/04\/thu-nhoi-bong-hinh-con-meo-vai-tho-cam-1.jpg\",\"datePublished\":\"2024-11-07T00:00:39+00:00\",\"dateModified\":\"2025-03-15T05:12:55+00:00\",\"description\":\"H\u00e3y mua ngay Th\u00fa nh\u1ed3i b\u00f4ng h\u00ecnh con M\u00e8o v\u1ea3i th\u1ed5 c\u1ea9m \u0111\u1ec3 trang tr\u00ed kh\u00f4ng gian s\u1ed1ng c\u1ee7a b\u1ea1n v\u00e0 \u1ee7ng h\u1ed9 nh\u1eefng th\u1ee3 may khuy\u1ebft t\u1eadt t\u1ea1i Nh\u00e0 May M\u1eafn. M\u1ed7i s\u1ea3n ph\u1ea9m mang \u0111\u1ebfn kh\u00f4ng ch\u1ec9 l\u00e0 s\u1ef1 \u0111\u1eb9p m\u00e0 c\u00f2n l\u00e0 nh\u1eefng gi\u00e1 tr\u1ecb v\u1ec1 t\u00ecnh th\u01b0\u01a1ng v\u00e0 s\u1ef1 chia s\u1ebb\",\"breadcrumb\":{\"@id\":\"https:\/\/maison-chance.org\/shop\/san-pham\/thu-nhoi-bong-hinh-con-meo-vai-tho-cam#breadcrumb\"},\"inLanguage\":\"vi-VN\",\"potentialAction\":[{\"@type\":\"ReadAction\",\"target\":[\"https:\/\/maison-chance.org\/shop\/san-pham\/thu-nhoi-bong-hinh-con-meo-vai-tho-cam\"]}]},{\"@type\":\"ImageObject\",\"inLanguage\":\"vi-VN\",\"@id\":\"https:\/\/maison-chance.org\/shop\/san-pham\/thu-nhoi-bong-hinh-con-meo-vai-tho-cam#primaryimage\",\"url\":\"https:\/\/maison-chance.org\/shop\/wp-content\/uploads\/2024\/04\/thu-nhoi-bong-hinh-con-meo-vai-tho-cam-1.jpg\",\"contentUrl\":\"https:\/\/maison-chance.org\/shop\/wp-content\/uploads\/2024\/04\/thu-nhoi-bong-hinh-con-meo-vai-tho-cam-1.jpg\",\"width\":600,\"height\":600,\"caption\":\"Th\u00fa nh\u1ed3i b\u00f4ng h\u00ecnh con M\u00e8o v\u1ea3i th\u1ed5 c\u1ea9m\"},{\"@type\":\"BreadcrumbList\",\"@id\":\"https:\/\/maison-chance.org\/shop\/san-pham\/thu-nhoi-bong-hinh-con-meo-vai-tho-cam#breadcrumb\",\"itemListElement\":[{\"@type\":\"ListItem\",\"position\":1,\"name\":\"Trang ch\u1ee7\",\"item\":\"https:\/\/maison-chance.org\/shop\/\"},{\"@type\":\"ListItem\",\"position\":2,\"name\":\"Shop\",\"item\":\"https:\/\/maison-chance.org\/shop\/shop\"},{\"@type\":\"ListItem\",\"position\":3,\"name\":\"Con m\u00e8o\"}]},{\"@type\":\"WebSite\",\"@id\":\"https:\/\/maison-chance.org\/shop\/#website\",\"url\":\"https:\/\/maison-chance.org\/shop\/\",\"name\":\"Nh\u00e0 May M\u1eafn - Maison Chance\",\"description\":\"M\u1ecdi l\u1ee3i nhu\u1eadn thu v\u1ec1 t\u1eeb vi\u1ec7c b\u00e1n h\u00e0ng s\u1ebd tr\u00edch m\u1ed9t ph\u1ea7n \u0111\u1ec3 ch\u0103m lo cho \u0111\u1eddi s\u1ed1ng c\u00e1c b\u1ea1n khuy\u1ebft t\u1eadt v\u00e0 tr\u1ebb m\u1ed3 c\u00f4i \u1edf \u0111\u00e2y\",\"publisher\":{\"@id\":\"https:\/\/maison-chance.org\/shop\/#organization\"},\"potentialAction\":[{\"@type\":\"SearchAction\",\"target\":{\"@type\":\"EntryPoint\",\"urlTemplate\":\"https:\/\/maison-chance.org\/shop\/?s={search_term_string}\"},\"query-input\":{\"@type\":\"PropertyValueSpecification\",\"valueRequired\":true,\"valueName\":\"search_term_string\"}}],\"inLanguage\":\"vi-VN\"},{\"@type\":\"Organization\",\"@id\":\"https:\/\/maison-chance.org\/shop\/#organization\",\"name\":\"Nh\u00e0 May M\u1eafn - Maison Chance\",\"url\":\"https:\/\/maison-chance.org\/shop\/\",\"logo\":{\"@type\":\"ImageObject\",\"inLanguage\":\"vi-VN\",\"@id\":\"https:\/\/maison-chance.org\/shop\/#\/schema\/logo\/image\/\",\"url\":\"https:\/\/maison-chance.org\/shop\/wp-content\/uploads\/2024\/03\/cropped-Logo_DNXH.png\",\"contentUrl\":\"https:\/\/maison-chance.org\/shop\/wp-content\/uploads\/2024\/03\/cropped-Logo_DNXH.png\",\"width\":512,\"height\":512,\"caption\":\"Nh\u00e0 May M\u1eafn - Maison Chance\"},\"image\":{\"@id\":\"https:\/\/maison-chance.org\/shop\/#\/schema\/logo\/image\/\"},\"sameAs\":[\"https:\/\/www.facebook.com\/dnxh.nhamayman\/\"]}]}<\/script>\n<meta property=\"og:availability\" content=\"instock\" \/>\n<meta property=\"product:availability\" content=\"instock\" \/>\n<meta property=\"product:condition\" content=\"new\" \/>\n<!-- \/ Yoast SEO Premium plugin. -->","yoast_head_json":{"title":"Con m\u00e8o- th\u00fa nh\u1ed3i b\u00f4ng v\u1ea3i th\u1ed5 c\u1ea9m - Nh\u00e0 May M\u1eafn - Maison Chance","description":"H\u00e3y mua ngay Th\u00fa nh\u1ed3i b\u00f4ng h\u00ecnh con M\u00e8o v\u1ea3i th\u1ed5 c\u1ea9m \u0111\u1ec3 trang tr\u00ed kh\u00f4ng gian s\u1ed1ng c\u1ee7a b\u1ea1n v\u00e0 \u1ee7ng h\u1ed9 nh\u1eefng th\u1ee3 may khuy\u1ebft t\u1eadt t\u1ea1i Nh\u00e0 May M\u1eafn. M\u1ed7i s\u1ea3n ph\u1ea9m mang \u0111\u1ebfn kh\u00f4ng ch\u1ec9 l\u00e0 s\u1ef1 \u0111\u1eb9p m\u00e0 c\u00f2n l\u00e0 nh\u1eefng gi\u00e1 tr\u1ecb v\u1ec1 t\u00ecnh th\u01b0\u01a1ng v\u00e0 s\u1ef1 chia s\u1ebb","robots":{"index":"index","follow":"follow","max-snippet":"max-snippet:-1","max-image-preview":"max-image-preview:large","max-video-preview":"max-video-preview:-1"},"canonical":"https:\/\/maison-chance.org\/shop\/san-pham\/thu-nhoi-bong-hinh-con-meo-vai-tho-cam","og_locale":"vi_VN","og_type":"article","og_title":"Con m\u00e8o","og_description":"H\u00e3y mua ngay Th\u00fa nh\u1ed3i b\u00f4ng h\u00ecnh con M\u00e8o v\u1ea3i th\u1ed5 c\u1ea9m \u0111\u1ec3 trang tr\u00ed kh\u00f4ng gian s\u1ed1ng c\u1ee7a b\u1ea1n v\u00e0 \u1ee7ng h\u1ed9 nh\u1eefng th\u1ee3 may khuy\u1ebft t\u1eadt t\u1ea1i Nh\u00e0 May M\u1eafn. M\u1ed7i s\u1ea3n ph\u1ea9m mang \u0111\u1ebfn kh\u00f4ng ch\u1ec9 l\u00e0 s\u1ef1 \u0111\u1eb9p m\u00e0 c\u00f2n l\u00e0 nh\u1eefng gi\u00e1 tr\u1ecb v\u1ec1 t\u00ecnh th\u01b0\u01a1ng v\u00e0 s\u1ef1 chia s\u1ebb","og_url":"https:\/\/maison-chance.org\/shop\/san-pham\/thu-nhoi-bong-hinh-con-meo-vai-tho-cam","og_site_name":"Nh\u00e0 May M\u1eafn - Maison Chance","article_publisher":"https:\/\/www.facebook.com\/dnxh.nhamayman\/","article_modified_time":"2025-03-15T05:12:55+00:00","og_image":[{"width":600,"height":600,"url":"https:\/\/maison-chance.org\/shop\/wp-content\/uploads\/2024\/04\/thu-nhoi-bong-hinh-con-meo-vai-tho-cam-1.jpg","type":"image\/jpeg"}],"twitter_card":"summary_large_image","twitter_misc":{"Availability":"In stock"},"schema":{"@context":"https:\/\/schema.org","@graph":[{"@type":"WebPage","@id":"https:\/\/maison-chance.org\/shop\/san-pham\/thu-nhoi-bong-hinh-con-meo-vai-tho-cam","url":"https:\/\/maison-chance.org\/shop\/san-pham\/thu-nhoi-bong-hinh-con-meo-vai-tho-cam","name":"Con m\u00e8o- th\u00fa nh\u1ed3i b\u00f4ng v\u1ea3i th\u1ed5 c\u1ea9m - Nh\u00e0 May M\u1eafn - Maison Chance","isPartOf":{"@id":"https:\/\/maison-chance.org\/shop\/#website"},"primaryImageOfPage":{"@id":"https:\/\/maison-chance.org\/shop\/san-pham\/thu-nhoi-bong-hinh-con-meo-vai-tho-cam#primaryimage"},"image":{"@id":"https:\/\/maison-chance.org\/shop\/san-pham\/thu-nhoi-bong-hinh-con-meo-vai-tho-cam#primaryimage"},"thumbnailUrl":"https:\/\/maison-chance.org\/shop\/wp-content\/uploads\/2024\/04\/thu-nhoi-bong-hinh-con-meo-vai-tho-cam-1.jpg","datePublished":"2024-11-07T00:00:39+00:00","dateModified":"2025-03-15T05:12:55+00:00","description":"H\u00e3y mua ngay Th\u00fa nh\u1ed3i b\u00f4ng h\u00ecnh con M\u00e8o v\u1ea3i th\u1ed5 c\u1ea9m \u0111\u1ec3 trang tr\u00ed kh\u00f4ng gian s\u1ed1ng c\u1ee7a b\u1ea1n v\u00e0 \u1ee7ng h\u1ed9 nh\u1eefng th\u1ee3 may khuy\u1ebft t\u1eadt t\u1ea1i Nh\u00e0 May M\u1eafn. M\u1ed7i s\u1ea3n ph\u1ea9m mang \u0111\u1ebfn kh\u00f4ng ch\u1ec9 l\u00e0 s\u1ef1 \u0111\u1eb9p m\u00e0 c\u00f2n l\u00e0 nh\u1eefng gi\u00e1 tr\u1ecb v\u1ec1 t\u00ecnh th\u01b0\u01a1ng v\u00e0 s\u1ef1 chia s\u1ebb","breadcrumb":{"@id":"https:\/\/maison-chance.org\/shop\/san-pham\/thu-nhoi-bong-hinh-con-meo-vai-tho-cam#breadcrumb"},"inLanguage":"vi-VN","potentialAction":[{"@type":"ReadAction","target":["https:\/\/maison-chance.org\/shop\/san-pham\/thu-nhoi-bong-hinh-con-meo-vai-tho-cam"]}]},{"@type":"ImageObject","inLanguage":"vi-VN","@id":"https:\/\/maison-chance.org\/shop\/san-pham\/thu-nhoi-bong-hinh-con-meo-vai-tho-cam#primaryimage","url":"https:\/\/maison-chance.org\/shop\/wp-content\/uploads\/2024\/04\/thu-nhoi-bong-hinh-con-meo-vai-tho-cam-1.jpg","contentUrl":"https:\/\/maison-chance.org\/shop\/wp-content\/uploads\/2024\/04\/thu-nhoi-bong-hinh-con-meo-vai-tho-cam-1.jpg","width":600,"height":600,"caption":"Th\u00fa nh\u1ed3i b\u00f4ng h\u00ecnh con M\u00e8o v\u1ea3i th\u1ed5 c\u1ea9m"},{"@type":"BreadcrumbList","@id":"https:\/\/maison-chance.org\/shop\/san-pham\/thu-nhoi-bong-hinh-con-meo-vai-tho-cam#breadcrumb","itemListElement":[{"@type":"ListItem","position":1,"name":"Trang ch\u1ee7","item":"https:\/\/maison-chance.org\/shop\/"},{"@type":"ListItem","position":2,"name":"Shop","item":"https:\/\/maison-chance.org\/shop\/shop"},{"@type":"ListItem","position":3,"name":"Con m\u00e8o"}]},{"@type":"WebSite","@id":"https:\/\/maison-chance.org\/shop\/#website","url":"https:\/\/maison-chance.org\/shop\/","name":"Nh\u00e0 May M\u1eafn - Maison Chance","description":"M\u1ecdi l\u1ee3i nhu\u1eadn thu v\u1ec1 t\u1eeb vi\u1ec7c b\u00e1n h\u00e0ng s\u1ebd tr\u00edch m\u1ed9t ph\u1ea7n \u0111\u1ec3 ch\u0103m lo cho \u0111\u1eddi s\u1ed1ng c\u00e1c b\u1ea1n khuy\u1ebft t\u1eadt v\u00e0 tr\u1ebb m\u1ed3 c\u00f4i \u1edf \u0111\u00e2y","publisher":{"@id":"https:\/\/maison-chance.org\/shop\/#organization"},"potentialAction":[{"@type":"SearchAction","target":{"@type":"EntryPoint","urlTemplate":"https:\/\/maison-chance.org\/shop\/?s={search_term_string}"},"query-input":{"@type":"PropertyValueSpecification","valueRequired":true,"valueName":"search_term_string"}}],"inLanguage":"vi-VN"},{"@type":"Organization","@id":"https:\/\/maison-chance.org\/shop\/#organization","name":"Nh\u00e0 May M\u1eafn - Maison Chance","url":"https:\/\/maison-chance.org\/shop\/","logo":{"@type":"ImageObject","inLanguage":"vi-VN","@id":"https:\/\/maison-chance.org\/shop\/#\/schema\/logo\/image\/","url":"https:\/\/maison-chance.org\/shop\/wp-content\/uploads\/2024\/03\/cropped-Logo_DNXH.png","contentUrl":"https:\/\/maison-chance.org\/shop\/wp-content\/uploads\/2024\/03\/cropped-Logo_DNXH.png","width":512,"height":512,"caption":"Nh\u00e0 May M\u1eafn - Maison Chance"},"image":{"@id":"https:\/\/maison-chance.org\/shop\/#\/schema\/logo\/image\/"},"sameAs":["https:\/\/www.facebook.com\/dnxh.nhamayman\/"]}]},"og_availability":"instock","product_availability":"instock","product_condition":"new"},"_links":{"self":[{"href":"https:\/\/maison-chance.org\/shop\/wp-json\/wp\/v2\/product\/36944","targetHints":{"allow":["GET"]}}],"collection":[{"href":"https:\/\/maison-chance.org\/shop\/wp-json\/wp\/v2\/product"}],"about":[{"href":"https:\/\/maison-chance.org\/shop\/wp-json\/wp\/v2\/types\/product"}],"wp:featuredmedia":[{"embeddable":true,"href":"https:\/\/maison-chance.org\/shop\/wp-json\/wp\/v2\/media\/36945"}],"wp:attachment":[{"href":"https:\/\/maison-chance.org\/shop\/wp-json\/wp\/v2\/media?parent=36944"}],"wp:term":[{"taxonomy":"product_brand","embeddable":true,"href":"https:\/\/maison-chance.org\/shop\/wp-json\/wp\/v2\/product_brand?post=36944"},{"taxonomy":"product_cat","embeddable":true,"href":"https:\/\/maison-chance.org\/shop\/wp-json\/wp\/v2\/product_cat?post=36944"},{"taxonomy":"product_tag","embeddable":true,"href":"https:\/\/maison-chance.org\/shop\/wp-json\/wp\/v2\/product_tag?post=36944"}],"curies":[{"name":"wp","href":"https:\/\/api.w.org\/{rel}","templated":true}]}}