{"id":36953,"date":"2024-10-28T07:20:59","date_gmt":"2024-10-28T00:20:59","guid":{"rendered":"https:\/\/maison-chance.org\/shop\/?post_type=product&#038;p=36953"},"modified":"2025-03-12T10:40:06","modified_gmt":"2025-03-12T03:40:06","slug":"thu-nhoi-bong-hinh-con-de-vai-tho-cam","status":"publish","type":"product","link":"https:\/\/maison-chance.org\/shop\/san-pham\/thu-nhoi-bong-hinh-con-de-vai-tho-cam","title":{"rendered":"Con d\u00ea"},"content":{"rendered":"<p>\u0110\u01b0\u1ee3c t\u1ea1o n\u00ean b\u1edfi \u0111\u00f4i b\u00e0n tay kh\u00e9o l\u00e9o c\u1ee7a c\u00e1c <a href=\"https:\/\/maison-chance.org\/shop\/phong-may\">th\u1ee3 may khuy\u1ebft t\u1eadt<\/a> t\u1ea1i Nh\u00e0 May M\u1eafn, <a href=\"https:\/\/maison-chance.org\/shop\/thu-nhoi-bong\">th\u00fa nh\u1ed3i b\u00f4ng h\u00ecnh con d\u00ea v\u1ea3i th\u1ed5 c\u1ea9m<\/a> l\u00e0 m\u1ed9t s\u1ea3n ph\u1ea9m th\u1ee7 c\u00f4ng \u0111\u1ed9c \u0111\u00e1o mang \u0111\u1eadm b\u1ea3n s\u1eafc v\u0103n h\u00f3a d\u00e2n t\u1ed9c. M\u1ed7i s\u1ea3n ph\u1ea9m \u0111\u1ec1u l\u00e0 k\u1ebft tinh c\u1ee7a s\u1ef1 ki\u00ean nh\u1eabn, t\u1ec9 m\u1ec9 v\u00e0 t\u00ecnh y\u00eau ngh\u1ec1 may c\u1ee7a nh\u1eefng ng\u01b0\u1eddi th\u1ee3 \u0111\u1eb7c bi\u1ec7t, t\u1ea1o n\u00ean nh\u1eefng m\u00f3n \u0111\u1ed3 trang tr\u00ed v\u1eeba \u0111\u1eb9p m\u1eaft v\u1eeba \u00fd ngh\u0129a.<\/p>\n<p><a href=\"https:\/\/maison-chance.org\/shop\/san-pham\/thu-nhoi-bong-hinh-con-de-vai-tho-cam\">Con d\u00ea v\u1ea3i th\u1ed5 c\u1ea9m<\/a> (m\u00e3 TC09TB) \u0111\u01b0\u1ee3c may t\u1eeb ch\u1ea5t li\u1ec7u v\u1ea3i th\u1ed5 c\u1ea9m truy\u1ec1n th\u1ed1ng v\u1edbi h\u1ecda ti\u1ebft \u0111\u1ed9c \u0111\u00e1o mang \u0111\u1eadm v\u0103n h\u00f3a c\u00e1c d\u00e2n t\u1ed9c Vi\u1ec7t Nam. M\u00e0u s\u1eafc ch\u1ee7 \u0111\u1ea1o xanh d\u01b0\u01a1ng pha tr\u1eafng c\u00f9ng c\u00e1c h\u1ecda ti\u1ebft h\u00ecnh h\u1ecdc \u0111\u1eb7c tr\u01b0ng t\u1ea1o n\u00ean v\u1ebb \u0111\u1eb9p m\u1ed9c m\u1ea1c nh\u01b0ng kh\u00f4ng k\u00e9m ph\u1ea7n tinh t\u1ebf.<\/p>\n<p data-start=\"867\" data-end=\"920\"><strong data-start=\"874\" data-end=\"918\">3 K\u00cdCH TH\u01af\u1edaC \u2013 MU\u1ed0N CH\u1eccN C\u1ee0 N\u00c0O C\u0168NG C\u00d3!<\/strong><\/p>\n<ul>\n<li data-start=\"921\" data-end=\"1143\">Nh\u1ecf xinh (14\u00d715cm) \u2013 C\u1ea7m v\u1eeba tay, mang theo m\u1ecdi n\u01a1i.<\/li>\n<li data-start=\"921\" data-end=\"1143\">Trung b\u00ecnh (18\u00d720cm) \u2013 \u0110\u1eb7t tr\u00ean b\u00e0n l\u00e0m vi\u1ec7c, g\u00f3c h\u1ecdc t\u1eadp, t\u0103ng n\u0103ng l\u01b0\u1ee3ng t\u00edch c\u1ef1c.<\/li>\n<li data-start=\"921\" data-end=\"1143\">L\u1edbn \u00eam \u00e1i (22\u00d724cm) \u2013 \u00d4m v\u00e0o l\u00f2ng, m\u1ec1m m\u1ea1i, d\u1ec5 ch\u1ecbu v\u00f4 c\u00f9ng!<\/li>\n<\/ul>\n<p><strong>D\u00ca &#8211; LINH V\u1eacT PHONG TH\u1ee6Y MAY M\u1eaeN<\/strong><\/p>\n<ul>\n<li>D\u00ea kh\u00f4ng ch\u1ec9 l\u00e0 m\u1ed9t lo\u00e0i \u0111\u1ed9ng v\u1eadt hi\u1ec1n l\u00e0nh m\u00e0 c\u00f2n mang trong m\u00ecnh \u00fd ngh\u0129a s\u00e2u s\u1eafc trong phong th\u1ee7y:<\/li>\n<li>T\u01b0\u1ee3ng tr\u01b0ng cho s\u1ef1 b\u1ec1n b\u1ec9 v\u00e0 ki\u00ean tr\u00ec \u2013 Nh\u01b0 nh\u1eefng ch\u00fa d\u00ea leo n\u00fai, d\u00f9 \u0111\u01b0\u1eddng d\u1ed1c hi\u1ec3m tr\u1edf v\u1eabn kh\u00f4ng ng\u1eebng ti\u1ebfn v\u1ec1 ph\u00eda tr\u01b0\u1edbc.<\/li>\n<li>\u0110em l\u1ea1i t\u00e0i l\u1ed9c v\u00e0 may m\u1eafn \u2013 Ng\u01b0\u1eddi ta tin r\u1eb1ng d\u00ea gi\u00fap thu h\u00fat n\u0103ng l\u01b0\u1ee3ng t\u00edch c\u1ef1c, mang \u0111\u1ebfn th\u1ecbnh v\u01b0\u1ee3ng v\u00e0 c\u00f4ng danh su\u00f4n s\u1ebb.<\/li>\n<li>Mang l\u1ea1i c\u1ea3m gi\u00e1c an y\u00ean, h\u1ea1nh ph\u00fac \u2013 V\u1edbi d\u00e1ng v\u1ebb hi\u1ec1n h\u00f2a, d\u00ea nh\u1ed3i b\u00f4ng l\u00e0 bi\u1ec3u t\u01b0\u1ee3ng c\u1ee7a s\u1ef1 \u1ea5m \u00e1p, \u0111\u1ee7 \u0111\u1ea7y.<\/li>\n<li>H\u00f3a gi\u1ea3i kh\u00f3 kh\u0103n, ti\u1ebfp th\u00eam s\u1ee9c m\u1ea1nh \u2013 M\u1ed9t ch\u00fa d\u00ea nh\u1ecf \u0111\u1eb7t tr\u00ean b\u00e0n l\u00e0m vi\u1ec7c s\u1ebd nh\u01b0 m\u1ed9t ng\u01b0\u1eddi b\u1ea1n, nh\u1eafc nh\u1edf b\u1ea1n kh\u00f4ng ng\u1eebng c\u1ed1 g\u1eafng.<\/li>\n<\/ul>\n<p>\u0110\u1eb7c bi\u1ec7t, s\u1ea3n ph\u1ea9m c\u00f2n ph\u00f9 h\u1ee3p l\u00e0m qu\u00e0 l\u01b0u ni\u1ec7m cho kh\u00e1ch du l\u1ecbch, v\u1edbi k\u00edch th\u01b0\u1edbc nh\u1ecf g\u1ecdn d\u1ec5 mang theo. Ch\u1ea5t li\u1ec7u v\u1ea3i th\u1ed5 c\u1ea9m b\u1ec1n \u0111\u1eb9p, d\u1ec5 v\u1ec7 sinh v\u00e0 b\u1ea3o qu\u1ea3n, gi\u00fap s\u1ea3n ph\u1ea9m lu\u00f4n gi\u1eef \u0111\u01b0\u1ee3c v\u1ebb \u0111\u1eb9p ban \u0111\u1ea7u.<\/p>\n<p>M\u1ed7i con d\u00ea v\u1ea3i th\u1ed5 c\u1ea9m kh\u00f4ng ch\u1ec9 l\u00e0 m\u1ed9t m\u00f3n \u0111\u1ed3 trang tr\u00ed \u0111\u1eb9p m\u1eaft m\u00e0 c\u00f2n l\u00e0 minh ch\u1ee9ng cho ngh\u1ecb l\u1ef1c v\u00e0 t\u00e0i n\u0103ng c\u1ee7a nh\u1eefng ng\u01b0\u1eddi th\u1ee3 may khuy\u1ebft t\u1eadt t\u1ea1i <a href=\"https:\/\/maison-chance.org\/shop\">Nh\u00e0 May M\u1eafn<\/a>. Khi mua s\u1ea3n ph\u1ea9m n\u00e0y, b\u1ea1n kh\u00f4ng ch\u1ec9 s\u1edf h\u1eefu m\u1ed9t m\u00f3n \u0111\u1ed3 th\u1ee7 c\u00f4ng (handmade) \u0111\u1ed9c \u0111\u00e1o m\u00e0 c\u00f2n g\u00f3p ph\u1ea7n t\u1ea1o \u0111\u1ed9ng l\u1ef1c v\u00e0 c\u01a1 h\u1ed9i vi\u1ec7c l\u00e0m cho nh\u1eefng ng\u01b0\u1eddi th\u1ee3 may \u0111\u1eb7c bi\u1ec7t n\u00e0y.<\/p>\n<p><em>Mua ngay h\u00f4m nay \u2013 \u0110\u1ec3 y\u00eau th\u01b0\u01a1ng ch\u1ea1m \u0111\u1ebfn nhi\u1ec1u tr\u00e1i tim h\u01a1n!<\/em><\/p>\n","protected":false},"excerpt":{"rendered":"<p style=\"text-align: justify\">S\u1ea3n ph\u1ea9m do c\u00e1c b\u1ea1n khuy\u1ebft t\u1eadt k\u00e9m may m\u1eafn s\u1ea3n xu\u1ea5t th\u1ee7 c\u00f4ng k\u00ednh mong nh\u1eadn \u0111\u01b0\u1ee3c s\u1ef1 \u1ee7ng h\u1ed9 c\u1ee7a Qu\u00fd kh\u00e1ch h\u00e0ng.<\/p>\n<p>Ch\u1ea5t li\u1ec7u: V\u1ea3i th\u1ed5 c\u1ea9m<\/p>\n<p>Code: TC09TB<\/p>\n<p>Hotline : <span style=\"font-size: 20px\"><strong><span style=\"color: #ff0000\">0909 06 25 28<\/span><\/strong><\/span><\/p>\n<p style=\"text-align: justify\">N\u1ebfu b\u1ea1n \u1edf Vi\u1ec7t Nam vui l\u00f2ng li\u00ean h\u1ec7 ch\u00fang t\u00f4i theo s\u1ed1 hotline ho\u1eb7c fanpage doanh nghi\u1ec7p Nh\u00e0 May M\u1eafn ch\u00fang t\u00f4i \u0111\u1ec3 bi\u1ebft gi\u00e1 b\u00e1n t\u1ea1i Vi\u1ec7t Nam.<\/p>\n","protected":false},"featured_media":36954,"template":"","meta":[],"product_brand":[],"product_cat":[137,138],"product_tag":[],"class_list":{"0":"post-36953","1":"product","2":"type-product","3":"status-publish","4":"has-post-thumbnail","6":"product_cat-phong-may","7":"product_cat-thu-nhoi-bong","9":"first","10":"instock","11":"shipping-taxable","12":"purchasable","13":"product-type-variable"},"yoast_head":"<!-- This site is optimized with the Yoast SEO Premium plugin v22.7 (Yoast SEO v25.3.1) - https:\/\/yoast.com\/wordpress\/plugins\/seo\/ -->\n<title>Con d\u00ea - th\u00fa nh\u1ed3i b\u00f4ng v\u1ea3i th\u1ed5 c\u1ea9m - Nh\u00e0 May M\u1eafn - Maison Chance<\/title>\n<meta name=\"description\" content=\"Th\u00fa nh\u1ed3i b\u00f4ng h\u00ecnh con d\u00ea v\u1ea3i th\u1ed5 c\u1ea9m l\u00e0 m\u1ed9t s\u1ea3n ph\u1ea9m th\u1ee7 c\u00f4ng \u0111\u1ed9c \u0111\u00e1o mang \u0111\u1eadm b\u1ea3n s\u1eafc v\u0103n h\u00f3a d\u00e2n t\u1ed9c. M\u1ed7i s\u1ea3n ph\u1ea9m \u0111\u1ec1u l\u00e0 k\u1ebft tinh c\u1ee7a s\u1ef1 ki\u00ean nh\u1eabn, t\u1ec9 m\u1ec9 v\u00e0 t\u00ecnh y\u00eau ngh\u1ec1 may c\u1ee7a nh\u1eefng ng\u01b0\u1eddi th\u1ee3 \u0111\u1eb7c bi\u1ec7t, t\u1ea1o n\u00ean nh\u1eefng m\u00f3n \u0111\u1ed3 trang tr\u00ed v\u1eeba \u0111\u1eb9p m\u1eaft v\u1eeba \u00fd ngh\u0129a\" \/>\n<meta name=\"robots\" content=\"index, follow, max-snippet:-1, max-image-preview:large, max-video-preview:-1\" \/>\n<link rel=\"canonical\" href=\"https:\/\/maison-chance.org\/shop\/san-pham\/thu-nhoi-bong-hinh-con-de-vai-tho-cam\" \/>\n<meta property=\"og:locale\" content=\"vi_VN\" \/>\n<meta property=\"og:type\" content=\"article\" \/>\n<meta property=\"og:title\" content=\"Con d\u00ea\" \/>\n<meta property=\"og:description\" content=\"Th\u00fa nh\u1ed3i b\u00f4ng h\u00ecnh con d\u00ea v\u1ea3i th\u1ed5 c\u1ea9m l\u00e0 m\u1ed9t s\u1ea3n ph\u1ea9m th\u1ee7 c\u00f4ng \u0111\u1ed9c \u0111\u00e1o mang \u0111\u1eadm b\u1ea3n s\u1eafc v\u0103n h\u00f3a d\u00e2n t\u1ed9c. M\u1ed7i s\u1ea3n ph\u1ea9m \u0111\u1ec1u l\u00e0 k\u1ebft tinh c\u1ee7a s\u1ef1 ki\u00ean nh\u1eabn, t\u1ec9 m\u1ec9 v\u00e0 t\u00ecnh y\u00eau ngh\u1ec1 may c\u1ee7a nh\u1eefng ng\u01b0\u1eddi th\u1ee3 \u0111\u1eb7c bi\u1ec7t, t\u1ea1o n\u00ean nh\u1eefng m\u00f3n \u0111\u1ed3 trang tr\u00ed v\u1eeba \u0111\u1eb9p m\u1eaft v\u1eeba \u00fd ngh\u0129a\" \/>\n<meta property=\"og:url\" content=\"https:\/\/maison-chance.org\/shop\/san-pham\/thu-nhoi-bong-hinh-con-de-vai-tho-cam\" \/>\n<meta property=\"og:site_name\" content=\"Nh\u00e0 May M\u1eafn - Maison Chance\" \/>\n<meta property=\"article:publisher\" content=\"https:\/\/www.facebook.com\/dnxh.nhamayman\/\" \/>\n<meta property=\"article:modified_time\" content=\"2025-03-12T03:40:06+00:00\" \/>\n<meta property=\"og:image\" content=\"https:\/\/maison-chance.org\/shop\/wp-content\/uploads\/2024\/04\/thu-nhoi-bong-hinh-con-de-vai-tho-cam-1.jpg\" \/>\n\t<meta property=\"og:image:width\" content=\"600\" \/>\n\t<meta property=\"og:image:height\" content=\"600\" \/>\n\t<meta property=\"og:image:type\" content=\"image\/jpeg\" \/>\n<meta name=\"twitter:card\" content=\"summary_large_image\" \/>\n<meta name=\"twitter:label1\" content=\"Availability\" \/>\n\t<meta name=\"twitter:data1\" content=\"In stock\" \/>\n<script type=\"application\/ld+json\" class=\"yoast-schema-graph\">{\"@context\":\"https:\/\/schema.org\",\"@graph\":[{\"@type\":\"WebPage\",\"@id\":\"https:\/\/maison-chance.org\/shop\/san-pham\/thu-nhoi-bong-hinh-con-de-vai-tho-cam\",\"url\":\"https:\/\/maison-chance.org\/shop\/san-pham\/thu-nhoi-bong-hinh-con-de-vai-tho-cam\",\"name\":\"Con d\u00ea - th\u00fa nh\u1ed3i b\u00f4ng v\u1ea3i th\u1ed5 c\u1ea9m - Nh\u00e0 May M\u1eafn - Maison Chance\",\"isPartOf\":{\"@id\":\"https:\/\/maison-chance.org\/shop\/#website\"},\"primaryImageOfPage\":{\"@id\":\"https:\/\/maison-chance.org\/shop\/san-pham\/thu-nhoi-bong-hinh-con-de-vai-tho-cam#primaryimage\"},\"image\":{\"@id\":\"https:\/\/maison-chance.org\/shop\/san-pham\/thu-nhoi-bong-hinh-con-de-vai-tho-cam#primaryimage\"},\"thumbnailUrl\":\"https:\/\/maison-chance.org\/shop\/wp-content\/uploads\/2024\/04\/thu-nhoi-bong-hinh-con-de-vai-tho-cam-1.jpg\",\"datePublished\":\"2024-10-28T00:20:59+00:00\",\"dateModified\":\"2025-03-12T03:40:06+00:00\",\"description\":\"Th\u00fa nh\u1ed3i b\u00f4ng h\u00ecnh con d\u00ea v\u1ea3i th\u1ed5 c\u1ea9m l\u00e0 m\u1ed9t s\u1ea3n ph\u1ea9m th\u1ee7 c\u00f4ng \u0111\u1ed9c \u0111\u00e1o mang \u0111\u1eadm b\u1ea3n s\u1eafc v\u0103n h\u00f3a d\u00e2n t\u1ed9c. M\u1ed7i s\u1ea3n ph\u1ea9m \u0111\u1ec1u l\u00e0 k\u1ebft tinh c\u1ee7a s\u1ef1 ki\u00ean nh\u1eabn, t\u1ec9 m\u1ec9 v\u00e0 t\u00ecnh y\u00eau ngh\u1ec1 may c\u1ee7a nh\u1eefng ng\u01b0\u1eddi th\u1ee3 \u0111\u1eb7c bi\u1ec7t, t\u1ea1o n\u00ean nh\u1eefng m\u00f3n \u0111\u1ed3 trang tr\u00ed v\u1eeba \u0111\u1eb9p m\u1eaft v\u1eeba \u00fd ngh\u0129a\",\"breadcrumb\":{\"@id\":\"https:\/\/maison-chance.org\/shop\/san-pham\/thu-nhoi-bong-hinh-con-de-vai-tho-cam#breadcrumb\"},\"inLanguage\":\"vi-VN\",\"potentialAction\":[{\"@type\":\"ReadAction\",\"target\":[\"https:\/\/maison-chance.org\/shop\/san-pham\/thu-nhoi-bong-hinh-con-de-vai-tho-cam\"]}]},{\"@type\":\"ImageObject\",\"inLanguage\":\"vi-VN\",\"@id\":\"https:\/\/maison-chance.org\/shop\/san-pham\/thu-nhoi-bong-hinh-con-de-vai-tho-cam#primaryimage\",\"url\":\"https:\/\/maison-chance.org\/shop\/wp-content\/uploads\/2024\/04\/thu-nhoi-bong-hinh-con-de-vai-tho-cam-1.jpg\",\"contentUrl\":\"https:\/\/maison-chance.org\/shop\/wp-content\/uploads\/2024\/04\/thu-nhoi-bong-hinh-con-de-vai-tho-cam-1.jpg\",\"width\":600,\"height\":600,\"caption\":\"Th\u00fa nh\u1ed3i b\u00f4ng h\u00ecnh con D\u00ea v\u1ea3i th\u1ed5 c\u1ea9m\"},{\"@type\":\"BreadcrumbList\",\"@id\":\"https:\/\/maison-chance.org\/shop\/san-pham\/thu-nhoi-bong-hinh-con-de-vai-tho-cam#breadcrumb\",\"itemListElement\":[{\"@type\":\"ListItem\",\"position\":1,\"name\":\"Trang ch\u1ee7\",\"item\":\"https:\/\/maison-chance.org\/shop\/\"},{\"@type\":\"ListItem\",\"position\":2,\"name\":\"Shop\",\"item\":\"https:\/\/maison-chance.org\/shop\/shop\"},{\"@type\":\"ListItem\",\"position\":3,\"name\":\"Con d\u00ea\"}]},{\"@type\":\"WebSite\",\"@id\":\"https:\/\/maison-chance.org\/shop\/#website\",\"url\":\"https:\/\/maison-chance.org\/shop\/\",\"name\":\"Nh\u00e0 May M\u1eafn - Maison Chance\",\"description\":\"M\u1ecdi l\u1ee3i nhu\u1eadn thu v\u1ec1 t\u1eeb vi\u1ec7c b\u00e1n h\u00e0ng s\u1ebd tr\u00edch m\u1ed9t ph\u1ea7n \u0111\u1ec3 ch\u0103m lo cho \u0111\u1eddi s\u1ed1ng c\u00e1c b\u1ea1n khuy\u1ebft t\u1eadt v\u00e0 tr\u1ebb m\u1ed3 c\u00f4i \u1edf \u0111\u00e2y\",\"publisher\":{\"@id\":\"https:\/\/maison-chance.org\/shop\/#organization\"},\"potentialAction\":[{\"@type\":\"SearchAction\",\"target\":{\"@type\":\"EntryPoint\",\"urlTemplate\":\"https:\/\/maison-chance.org\/shop\/?s={search_term_string}\"},\"query-input\":{\"@type\":\"PropertyValueSpecification\",\"valueRequired\":true,\"valueName\":\"search_term_string\"}}],\"inLanguage\":\"vi-VN\"},{\"@type\":\"Organization\",\"@id\":\"https:\/\/maison-chance.org\/shop\/#organization\",\"name\":\"Nh\u00e0 May M\u1eafn - Maison Chance\",\"url\":\"https:\/\/maison-chance.org\/shop\/\",\"logo\":{\"@type\":\"ImageObject\",\"inLanguage\":\"vi-VN\",\"@id\":\"https:\/\/maison-chance.org\/shop\/#\/schema\/logo\/image\/\",\"url\":\"https:\/\/maison-chance.org\/shop\/wp-content\/uploads\/2024\/03\/cropped-Logo_DNXH.png\",\"contentUrl\":\"https:\/\/maison-chance.org\/shop\/wp-content\/uploads\/2024\/03\/cropped-Logo_DNXH.png\",\"width\":512,\"height\":512,\"caption\":\"Nh\u00e0 May M\u1eafn - Maison Chance\"},\"image\":{\"@id\":\"https:\/\/maison-chance.org\/shop\/#\/schema\/logo\/image\/\"},\"sameAs\":[\"https:\/\/www.facebook.com\/dnxh.nhamayman\/\"]}]}<\/script>\n<meta property=\"og:availability\" content=\"instock\" \/>\n<meta property=\"product:availability\" content=\"instock\" \/>\n<meta property=\"product:condition\" content=\"new\" \/>\n<!-- \/ Yoast SEO Premium plugin. -->","yoast_head_json":{"title":"Con d\u00ea - th\u00fa nh\u1ed3i b\u00f4ng v\u1ea3i th\u1ed5 c\u1ea9m - Nh\u00e0 May M\u1eafn - Maison Chance","description":"Th\u00fa nh\u1ed3i b\u00f4ng h\u00ecnh con d\u00ea v\u1ea3i th\u1ed5 c\u1ea9m l\u00e0 m\u1ed9t s\u1ea3n ph\u1ea9m th\u1ee7 c\u00f4ng \u0111\u1ed9c \u0111\u00e1o mang \u0111\u1eadm b\u1ea3n s\u1eafc v\u0103n h\u00f3a d\u00e2n t\u1ed9c. M\u1ed7i s\u1ea3n ph\u1ea9m \u0111\u1ec1u l\u00e0 k\u1ebft tinh c\u1ee7a s\u1ef1 ki\u00ean nh\u1eabn, t\u1ec9 m\u1ec9 v\u00e0 t\u00ecnh y\u00eau ngh\u1ec1 may c\u1ee7a nh\u1eefng ng\u01b0\u1eddi th\u1ee3 \u0111\u1eb7c bi\u1ec7t, t\u1ea1o n\u00ean nh\u1eefng m\u00f3n \u0111\u1ed3 trang tr\u00ed v\u1eeba \u0111\u1eb9p m\u1eaft v\u1eeba \u00fd ngh\u0129a","robots":{"index":"index","follow":"follow","max-snippet":"max-snippet:-1","max-image-preview":"max-image-preview:large","max-video-preview":"max-video-preview:-1"},"canonical":"https:\/\/maison-chance.org\/shop\/san-pham\/thu-nhoi-bong-hinh-con-de-vai-tho-cam","og_locale":"vi_VN","og_type":"article","og_title":"Con d\u00ea","og_description":"Th\u00fa nh\u1ed3i b\u00f4ng h\u00ecnh con d\u00ea v\u1ea3i th\u1ed5 c\u1ea9m l\u00e0 m\u1ed9t s\u1ea3n ph\u1ea9m th\u1ee7 c\u00f4ng \u0111\u1ed9c \u0111\u00e1o mang \u0111\u1eadm b\u1ea3n s\u1eafc v\u0103n h\u00f3a d\u00e2n t\u1ed9c. M\u1ed7i s\u1ea3n ph\u1ea9m \u0111\u1ec1u l\u00e0 k\u1ebft tinh c\u1ee7a s\u1ef1 ki\u00ean nh\u1eabn, t\u1ec9 m\u1ec9 v\u00e0 t\u00ecnh y\u00eau ngh\u1ec1 may c\u1ee7a nh\u1eefng ng\u01b0\u1eddi th\u1ee3 \u0111\u1eb7c bi\u1ec7t, t\u1ea1o n\u00ean nh\u1eefng m\u00f3n \u0111\u1ed3 trang tr\u00ed v\u1eeba \u0111\u1eb9p m\u1eaft v\u1eeba \u00fd ngh\u0129a","og_url":"https:\/\/maison-chance.org\/shop\/san-pham\/thu-nhoi-bong-hinh-con-de-vai-tho-cam","og_site_name":"Nh\u00e0 May M\u1eafn - Maison Chance","article_publisher":"https:\/\/www.facebook.com\/dnxh.nhamayman\/","article_modified_time":"2025-03-12T03:40:06+00:00","og_image":[{"width":600,"height":600,"url":"https:\/\/maison-chance.org\/shop\/wp-content\/uploads\/2024\/04\/thu-nhoi-bong-hinh-con-de-vai-tho-cam-1.jpg","type":"image\/jpeg"}],"twitter_card":"summary_large_image","twitter_misc":{"Availability":"In stock"},"schema":{"@context":"https:\/\/schema.org","@graph":[{"@type":"WebPage","@id":"https:\/\/maison-chance.org\/shop\/san-pham\/thu-nhoi-bong-hinh-con-de-vai-tho-cam","url":"https:\/\/maison-chance.org\/shop\/san-pham\/thu-nhoi-bong-hinh-con-de-vai-tho-cam","name":"Con d\u00ea - th\u00fa nh\u1ed3i b\u00f4ng v\u1ea3i th\u1ed5 c\u1ea9m - Nh\u00e0 May M\u1eafn - Maison Chance","isPartOf":{"@id":"https:\/\/maison-chance.org\/shop\/#website"},"primaryImageOfPage":{"@id":"https:\/\/maison-chance.org\/shop\/san-pham\/thu-nhoi-bong-hinh-con-de-vai-tho-cam#primaryimage"},"image":{"@id":"https:\/\/maison-chance.org\/shop\/san-pham\/thu-nhoi-bong-hinh-con-de-vai-tho-cam#primaryimage"},"thumbnailUrl":"https:\/\/maison-chance.org\/shop\/wp-content\/uploads\/2024\/04\/thu-nhoi-bong-hinh-con-de-vai-tho-cam-1.jpg","datePublished":"2024-10-28T00:20:59+00:00","dateModified":"2025-03-12T03:40:06+00:00","description":"Th\u00fa nh\u1ed3i b\u00f4ng h\u00ecnh con d\u00ea v\u1ea3i th\u1ed5 c\u1ea9m l\u00e0 m\u1ed9t s\u1ea3n ph\u1ea9m th\u1ee7 c\u00f4ng \u0111\u1ed9c \u0111\u00e1o mang \u0111\u1eadm b\u1ea3n s\u1eafc v\u0103n h\u00f3a d\u00e2n t\u1ed9c. M\u1ed7i s\u1ea3n ph\u1ea9m \u0111\u1ec1u l\u00e0 k\u1ebft tinh c\u1ee7a s\u1ef1 ki\u00ean nh\u1eabn, t\u1ec9 m\u1ec9 v\u00e0 t\u00ecnh y\u00eau ngh\u1ec1 may c\u1ee7a nh\u1eefng ng\u01b0\u1eddi th\u1ee3 \u0111\u1eb7c bi\u1ec7t, t\u1ea1o n\u00ean nh\u1eefng m\u00f3n \u0111\u1ed3 trang tr\u00ed v\u1eeba \u0111\u1eb9p m\u1eaft v\u1eeba \u00fd ngh\u0129a","breadcrumb":{"@id":"https:\/\/maison-chance.org\/shop\/san-pham\/thu-nhoi-bong-hinh-con-de-vai-tho-cam#breadcrumb"},"inLanguage":"vi-VN","potentialAction":[{"@type":"ReadAction","target":["https:\/\/maison-chance.org\/shop\/san-pham\/thu-nhoi-bong-hinh-con-de-vai-tho-cam"]}]},{"@type":"ImageObject","inLanguage":"vi-VN","@id":"https:\/\/maison-chance.org\/shop\/san-pham\/thu-nhoi-bong-hinh-con-de-vai-tho-cam#primaryimage","url":"https:\/\/maison-chance.org\/shop\/wp-content\/uploads\/2024\/04\/thu-nhoi-bong-hinh-con-de-vai-tho-cam-1.jpg","contentUrl":"https:\/\/maison-chance.org\/shop\/wp-content\/uploads\/2024\/04\/thu-nhoi-bong-hinh-con-de-vai-tho-cam-1.jpg","width":600,"height":600,"caption":"Th\u00fa nh\u1ed3i b\u00f4ng h\u00ecnh con D\u00ea v\u1ea3i th\u1ed5 c\u1ea9m"},{"@type":"BreadcrumbList","@id":"https:\/\/maison-chance.org\/shop\/san-pham\/thu-nhoi-bong-hinh-con-de-vai-tho-cam#breadcrumb","itemListElement":[{"@type":"ListItem","position":1,"name":"Trang ch\u1ee7","item":"https:\/\/maison-chance.org\/shop\/"},{"@type":"ListItem","position":2,"name":"Shop","item":"https:\/\/maison-chance.org\/shop\/shop"},{"@type":"ListItem","position":3,"name":"Con d\u00ea"}]},{"@type":"WebSite","@id":"https:\/\/maison-chance.org\/shop\/#website","url":"https:\/\/maison-chance.org\/shop\/","name":"Nh\u00e0 May M\u1eafn - Maison Chance","description":"M\u1ecdi l\u1ee3i nhu\u1eadn thu v\u1ec1 t\u1eeb vi\u1ec7c b\u00e1n h\u00e0ng s\u1ebd tr\u00edch m\u1ed9t ph\u1ea7n \u0111\u1ec3 ch\u0103m lo cho \u0111\u1eddi s\u1ed1ng c\u00e1c b\u1ea1n khuy\u1ebft t\u1eadt v\u00e0 tr\u1ebb m\u1ed3 c\u00f4i \u1edf \u0111\u00e2y","publisher":{"@id":"https:\/\/maison-chance.org\/shop\/#organization"},"potentialAction":[{"@type":"SearchAction","target":{"@type":"EntryPoint","urlTemplate":"https:\/\/maison-chance.org\/shop\/?s={search_term_string}"},"query-input":{"@type":"PropertyValueSpecification","valueRequired":true,"valueName":"search_term_string"}}],"inLanguage":"vi-VN"},{"@type":"Organization","@id":"https:\/\/maison-chance.org\/shop\/#organization","name":"Nh\u00e0 May M\u1eafn - Maison Chance","url":"https:\/\/maison-chance.org\/shop\/","logo":{"@type":"ImageObject","inLanguage":"vi-VN","@id":"https:\/\/maison-chance.org\/shop\/#\/schema\/logo\/image\/","url":"https:\/\/maison-chance.org\/shop\/wp-content\/uploads\/2024\/03\/cropped-Logo_DNXH.png","contentUrl":"https:\/\/maison-chance.org\/shop\/wp-content\/uploads\/2024\/03\/cropped-Logo_DNXH.png","width":512,"height":512,"caption":"Nh\u00e0 May M\u1eafn - Maison Chance"},"image":{"@id":"https:\/\/maison-chance.org\/shop\/#\/schema\/logo\/image\/"},"sameAs":["https:\/\/www.facebook.com\/dnxh.nhamayman\/"]}]},"og_availability":"instock","product_availability":"instock","product_condition":"new"},"_links":{"self":[{"href":"https:\/\/maison-chance.org\/shop\/wp-json\/wp\/v2\/product\/36953","targetHints":{"allow":["GET"]}}],"collection":[{"href":"https:\/\/maison-chance.org\/shop\/wp-json\/wp\/v2\/product"}],"about":[{"href":"https:\/\/maison-chance.org\/shop\/wp-json\/wp\/v2\/types\/product"}],"wp:featuredmedia":[{"embeddable":true,"href":"https:\/\/maison-chance.org\/shop\/wp-json\/wp\/v2\/media\/36954"}],"wp:attachment":[{"href":"https:\/\/maison-chance.org\/shop\/wp-json\/wp\/v2\/media?parent=36953"}],"wp:term":[{"taxonomy":"product_brand","embeddable":true,"href":"https:\/\/maison-chance.org\/shop\/wp-json\/wp\/v2\/product_brand?post=36953"},{"taxonomy":"product_cat","embeddable":true,"href":"https:\/\/maison-chance.org\/shop\/wp-json\/wp\/v2\/product_cat?post=36953"},{"taxonomy":"product_tag","embeddable":true,"href":"https:\/\/maison-chance.org\/shop\/wp-json\/wp\/v2\/product_tag?post=36953"}],"curies":[{"name":"wp","href":"https:\/\/api.w.org\/{rel}","templated":true}]}}