{"id":36962,"date":"2024-10-10T07:07:35","date_gmt":"2024-10-10T00:07:35","guid":{"rendered":"https:\/\/maison-chance.org\/shop\/?post_type=product&#038;p=36962"},"modified":"2025-02-22T14:37:01","modified_gmt":"2025-02-22T07:37:01","slug":"con-trau-sea-games","status":"publish","type":"product","link":"https:\/\/maison-chance.org\/shop\/san-pham\/con-trau-sea-games","title":{"rendered":"Con tr\u00e2u SEA GAMES"},"content":{"rendered":"<p style=\"text-align: justify\">Ch\u00fa tr\u00e2u \u0111\u01b0\u1ee3c thi\u1ebft k\u1ebf v\u1edbi d\u00e1ng ng\u1ed3i \u0111\u00e1ng y\u00eau, \u0111\u00f4i ch\u00e2n tr\u01b0\u1edbc gi\u01a1 l\u00ean nh\u01b0 \u0111ang ch\u00e0o \u0111\u00f3n b\u1ea1n b\u1eb1ng m\u1ed9t n\u1ee5 c\u01b0\u1eddi th\u00e2n thi\u1ec7n, mang \u0111\u1ebfn c\u1ea3m gi\u00e1c g\u1ea7n g\u0169i v\u00e0 \u1ea5m \u00e1p. Ch\u1ea5t li\u1ec7u v\u1ea3i th\u1ed5 c\u1ea9m, di s\u1ea3n v\u0103n h\u00f3a \u0111\u1eb7c s\u1eafc c\u1ee7a d\u00e2n t\u1ed9c Vi\u1ec7t, \u0111\u01b0\u1ee3c nh\u1eefng ng\u01b0\u1eddi th\u1ee3 may Nh\u00e0 May M\u1eafn kh\u00e9o l\u00e9o k\u1ebft h\u1ee3p, t\u1ea1o n\u00ean m\u1ed9t b\u1ee9c tranh \u0111a s\u1eafc m\u00e0u, s\u1ed1ng \u0111\u1ed9ng tr\u00ean th\u00e2n ch\u00fa tr\u00e2u.<\/p>\n<p style=\"text-align: justify\">K\u00edch th\u01b0\u1edbc nh\u1ecf g\u1ecdn (13 x 18 cm) c\u1ee7a <a href=\"https:\/\/maison-chance.org\/shop\/san-pham\/thu-nhoi-bong-hinh-chu-trau-ngoi\">con tr\u00e2u SEA Games v\u1ea3i th\u1ed5 c\u1ea9m<\/a> bi\u1ebfn n\u00f3 tr\u1edf th\u00e0nh m\u00f3n \u0111\u1ed3 trang tr\u00ed l\u00fd t\u01b0\u1edfng cho m\u1ecdi kh\u00f4ng gian s\u1ed1ng. B\u1ea1n c\u00f3 th\u1ec3 \u0111\u1eb7t ch\u00fa tr\u00e2u tr\u00ean b\u00e0n l\u00e0m vi\u1ec7c, k\u1ec7 s\u00e1ch, g\u00f3c h\u1ecdc t\u1eadp, hay th\u1eadm ch\u00ed l\u00e0 trong xe h\u01a1i, \u0111\u1ec3 \u0111i\u1ec3m t\u00f4 th\u00eam n\u00e9t \u0111\u1ed9c \u0111\u00e1o v\u00e0 mang \u0111\u1ebfn ngu\u1ed3n n\u0103ng l\u01b0\u1ee3ng t\u00edch c\u1ef1c cho kh\u00f4ng gian xung quanh.<\/p>\n<p style=\"text-align: justify\"><strong>Ph\u00f2ng kh\u00e1ch<\/strong>: \u0110\u1eb7t tr\u00ean b\u00e0n tr\u00e0, k\u1ec7 tivi, hay b\u00ean c\u1ea1nh b\u1ed9 \u1ea5m tr\u00e0 s\u1ebd t\u1ea1o \u0111i\u1ec3m nh\u1ea5n \u1ea5n t\u01b0\u1ee3ng, mang \u0111\u1ebfn kh\u00f4ng kh\u00ed sum v\u1ea7y, \u1ea5m c\u00fang cho ph\u00f2ng kh\u00e1ch.<\/p>\n<p style=\"text-align: justify\"><strong>Ph\u00f2ng ng\u1ee7<\/strong>: L\u00e0 ng\u01b0\u1eddi b\u1ea1n nh\u1ecf xinh tr\u00ean b\u00e0n h\u1ecdc, \u0111\u1ea7u gi\u01b0\u1eddng hay g\u00f3c \u0111\u1ecdc s\u00e1ch, ch\u00fa tr\u00e2u kh\u00f4ng ch\u1ec9 l\u00e0m \u0111\u1eb9p kh\u00f4ng gian m\u00e0 c\u00f2n mang l\u1ea1i c\u1ea3m gi\u00e1c b\u00ecnh y\u00ean, gi\u00fap b\u1ea1n th\u01b0 gi\u00e3n v\u00e0 ng\u1ee7 ngon h\u01a1n.<\/p>\n<p style=\"text-align: justify\"><strong>Ph\u00f2ng l\u00e0m vi\u1ec7c<\/strong>: <a href=\"https:\/\/maison-chance.org\/shop\/thu-nhoi-bong\">Con tr\u00e2u SEA Games<\/a> tr\u00ean b\u00e0n l\u00e0m vi\u1ec7c s\u1ebd l\u00e0 ngu\u1ed3n c\u1ea3m h\u1ee9ng b\u1ea5t t\u1eadn, gi\u00fap b\u1ea1n xua tan c\u0103ng th\u1eb3ng, m\u1ec7t m\u1ecfi, \u0111\u1ed3ng th\u1eddi thu h\u00fat t\u00e0i l\u1ed9c, may m\u1eafn trong c\u00f4ng vi\u1ec7c.<\/p>\n<p style=\"text-align: justify\"><strong>Kh\u00f4ng gian kinh doanh<\/strong>: S\u1eed d\u1ee5ng con tr\u00e2u SEA Games \u0111\u1ec3 trang tr\u00ed qu\u00e1n c\u00e0 ph\u00ea, nh\u00e0 h\u00e0ng, c\u1eeda h\u00e0ng s\u1ebd t\u1ea1o n\u00ean \u0111i\u1ec3m nh\u1ea5n \u0111\u1ed9c \u0111\u00e1o, thu h\u00fat kh\u00e1ch h\u00e0ng, \u0111\u1ed3ng th\u1eddi th\u1ec3 hi\u1ec7n gu th\u1ea9m m\u1ef9 tinh t\u1ebf v\u00e0 s\u1ef1 tr\u00e2n tr\u1ecdng v\u0103n h\u00f3a truy\u1ec1n th\u1ed1ng.<\/p>\n<p style=\"text-align: justify\">Kh\u00f4ng ch\u1ec9 l\u00e0 m\u00f3n \u0111\u1ed3 trang tr\u00ed tinh t\u1ebf, ch\u00fa tr\u00e2u SEA Games c\u00f2n l\u00e0 m\u00f3n qu\u00e0 \u00fd ngh\u0129a d\u00e0nh t\u1eb7ng ng\u01b0\u1eddi th\u00e2n, b\u1ea1n b\u00e8, \u0111\u1ed1i t\u00e1c trong c\u00e1c d\u1ecbp \u0111\u1eb7c bi\u1ec7t nh\u01b0 sinh nh\u1eadt, l\u1ec5 T\u1ebft hay k\u1ef7 ni\u1ec7m, g\u1eedi g\u1eafm l\u1eddi ch\u00fac may m\u1eafn, b\u00ecnh an.<\/p>\n<p>\u0110i\u1ec1u l\u00e0m n\u00ean gi\u00e1 tr\u1ecb \u0111\u1eb7c bi\u1ec7t c\u1ee7a ch\u00fa <a href=\"https:\/\/maison-chance.org\/shop\/phong-may\">tr\u00e2u SEA Games<\/a> kh\u00f4ng ch\u1ec9 n\u1eb1m \u1edf v\u1ebb ngo\u00e0i \u0111\u1ed9c \u0111\u00e1o m\u00e0 c\u00f2n \u1edf \u00fd ngh\u0129a nh\u00e2n v\u0103n s\u00e2u s\u1eafc. M\u1ed7i s\u1ea3n ph\u1ea9m l\u00e0 k\u1ebft tinh c\u1ee7a t\u00ecnh y\u00eau, s\u1ef1 ki\u00ean tr\u00ec v\u00e0 ngh\u1ecb l\u1ef1c phi th\u01b0\u1eddng c\u1ee7a nh\u1eefng ng\u01b0\u1eddi th\u1ee3 may khuy\u1ebft t\u1eadt t\u1ea1i Nh\u00e0 May M\u1eafn. T\u1eebng \u0111\u01b0\u1eddng kim m\u0169i ch\u1ec9 \u0111\u1ec1u ch\u1ee9a \u0111\u1ef1ng t\u00e2m huy\u1ebft v\u00e0 s\u1ef1 kh\u00e9o l\u00e9o, bi\u1ebfn ch\u00fa tr\u00e2u th\u00e0nh m\u1ed9t t\u00e1c ph\u1ea9m mang gi\u00e1 tr\u1ecb tinh th\u1ea7n v\u00f4 gi\u00e1.<\/p>\n<p style=\"text-align: justify\">Khi b\u1ea1n s\u1edf h\u1eefu con tr\u00e2u SEA Games, b\u1ea1n kh\u00f4ng ch\u1ec9 s\u1edf h\u1eefu m\u1ed9t v\u1eadt ph\u1ea9m trang tr\u00ed \u0111\u1ed9c \u0111\u00e1o, m\u00e0 c\u00f2n g\u00f3p ph\u1ea7n \u1ee7ng h\u1ed9, \u0111\u1ed9ng vi\u00ean nh\u1eefng ng\u01b0\u1eddi khuy\u1ebft t\u1eadt v\u01b0\u01a1n l\u00ean trong cu\u1ed9c s\u1ed1ng, kh\u1eb3ng \u0111\u1ecbnh gi\u00e1 tr\u1ecb b\u1ea3n th\u00e2n v\u00e0 h\u00f2a nh\u1eadp c\u1ed9ng \u0111\u1ed3ng.<\/p>\n<p style=\"text-align: justify\">H\u00e3y c\u00f9ng chung tay lan t\u1ecfa y\u00eau th\u01b0\u01a1ng, trao c\u01a1 h\u1ed9i cho ng\u01b0\u1eddi khuy\u1ebft t\u1eadt b\u1eb1ng c\u00e1ch \u1ee7ng h\u1ed9 s\u1ea3n ph\u1ea9m c\u1ee7a <a href=\"https:\/\/maison-chance.org\/shop\">Nh\u00e0 May M\u1eafn<\/a>!<\/p>\n","protected":false},"excerpt":{"rendered":"<p style=\"text-align: justify\">S\u1ea3n ph\u1ea9m do c\u00e1c b\u1ea1n khuy\u1ebft t\u1eadt k\u00e9m may m\u1eafn s\u1ea3n xu\u1ea5t th\u1ee7 c\u00f4ng k\u00ednh mong nh\u1eadn \u0111\u01b0\u1ee3c s\u1ef1 \u1ee7ng h\u1ed9 c\u1ee7a Qu\u00fd kh\u00e1ch h\u00e0ng.<\/p>\n<p>Ch\u1ea5t li\u1ec7u: V\u1ea3i th\u1ed5 c\u1ea9m<\/p>\n<p>Code: TC25TB<\/p>\n<p>Hotline : <span style=\"font-size: 20px\"><strong><span style=\"color: #ff0000\">0909 06 25 28<\/span><\/strong><\/span><\/p>\n<p style=\"text-align: justify\">N\u1ebfu b\u1ea1n \u1edf Vi\u1ec7t Nam vui l\u00f2ng li\u00ean h\u1ec7 ch\u00fang t\u00f4i theo s\u1ed1 hotline ho\u1eb7c fanpage doanh nghi\u1ec7p Nh\u00e0 May M\u1eafn ch\u00fang t\u00f4i \u0111\u1ec3 bi\u1ebft gi\u00e1 b\u00e1n t\u1ea1i Vi\u1ec7t Nam.<\/p>\n","protected":false},"featured_media":36963,"template":"","meta":[],"product_brand":[],"product_cat":[137,138],"product_tag":[],"class_list":{"0":"post-36962","1":"product","2":"type-product","3":"status-publish","4":"has-post-thumbnail","6":"product_cat-phong-may","7":"product_cat-thu-nhoi-bong","9":"first","10":"instock","11":"shipping-taxable","12":"purchasable","13":"product-type-simple"},"yoast_head":"<!-- This site is optimized with the Yoast SEO Premium plugin v22.7 (Yoast SEO v25.3.1) - https:\/\/yoast.com\/wordpress\/plugins\/seo\/ -->\n<title>Con tr\u00e2u SEA GAMES - th\u00fa nh\u1ed3i b\u00f4ng v\u1ea3i th\u1ed5 c\u1ea9m - Nh\u00e0 May M\u1eafn - Maison Chance<\/title>\n<meta name=\"description\" content=\"Ch\u00fa tr\u00e2u \u0111\u01b0\u1ee3c thi\u1ebft k\u1ebf v\u1edbi d\u00e1ng ng\u1ed3i \u0111\u00e1ng y\u00eau, hai ch\u00e2n tr\u01b0\u1edbc gi\u01a1 l\u00ean nh\u01b0 l\u1eddi ch\u00e0o th\u00e2n thi\u1ec7n, mang \u0111\u1ebfn c\u1ea3m gi\u00e1c g\u1ea7n g\u0169i v\u00e0 \u1ea5m \u00e1p. Ch\u1ea5t li\u1ec7u v\u1ea3i th\u1ed5 c\u1ea9m, di s\u1ea3n v\u0103n h\u00f3a \u0111\u1eb7c s\u1eafc c\u1ee7a d\u00e2n t\u1ed9c Vi\u1ec7t\" \/>\n<meta name=\"robots\" content=\"index, follow, max-snippet:-1, max-image-preview:large, max-video-preview:-1\" \/>\n<link rel=\"canonical\" href=\"https:\/\/maison-chance.org\/shop\/san-pham\/con-trau-sea-games\" \/>\n<meta property=\"og:locale\" content=\"vi_VN\" \/>\n<meta property=\"og:type\" content=\"article\" \/>\n<meta property=\"og:title\" content=\"Con tr\u00e2u SEA GAMES\" \/>\n<meta property=\"og:description\" content=\"Ch\u00fa tr\u00e2u \u0111\u01b0\u1ee3c thi\u1ebft k\u1ebf v\u1edbi d\u00e1ng ng\u1ed3i \u0111\u00e1ng y\u00eau, hai ch\u00e2n tr\u01b0\u1edbc gi\u01a1 l\u00ean nh\u01b0 l\u1eddi ch\u00e0o th\u00e2n thi\u1ec7n, mang \u0111\u1ebfn c\u1ea3m gi\u00e1c g\u1ea7n g\u0169i v\u00e0 \u1ea5m \u00e1p. Ch\u1ea5t li\u1ec7u v\u1ea3i th\u1ed5 c\u1ea9m, di s\u1ea3n v\u0103n h\u00f3a \u0111\u1eb7c s\u1eafc c\u1ee7a d\u00e2n t\u1ed9c Vi\u1ec7t\" \/>\n<meta property=\"og:url\" content=\"https:\/\/maison-chance.org\/shop\/san-pham\/con-trau-sea-games\" \/>\n<meta property=\"og:site_name\" content=\"Nh\u00e0 May M\u1eafn - Maison Chance\" \/>\n<meta property=\"article:publisher\" content=\"https:\/\/www.facebook.com\/dnxh.nhamayman\/\" \/>\n<meta property=\"article:modified_time\" content=\"2025-02-22T07:37:01+00:00\" \/>\n<meta property=\"og:image\" content=\"https:\/\/maison-chance.org\/shop\/wp-content\/uploads\/2024\/04\/thu-nhoi-bong-hinh-chu-trau-bill-2-1.jpg\" \/>\n\t<meta property=\"og:image:width\" content=\"600\" \/>\n\t<meta property=\"og:image:height\" content=\"600\" \/>\n\t<meta property=\"og:image:type\" content=\"image\/jpeg\" \/>\n<meta name=\"twitter:card\" content=\"summary_large_image\" \/>\n<meta name=\"twitter:label1\" content=\"Gi\u00e1\" \/>\n\t<meta name=\"twitter:data1\" content=\"4.30&nbsp;&#036;\" \/>\n\t<meta name=\"twitter:label2\" content=\"Availability\" \/>\n\t<meta name=\"twitter:data2\" content=\"In stock\" \/>\n<script type=\"application\/ld+json\" class=\"yoast-schema-graph\">{\"@context\":\"https:\/\/schema.org\",\"@graph\":[{\"@type\":\"WebPage\",\"@id\":\"https:\/\/maison-chance.org\/shop\/san-pham\/con-trau-sea-games\",\"url\":\"https:\/\/maison-chance.org\/shop\/san-pham\/con-trau-sea-games\",\"name\":\"Con tr\u00e2u SEA GAMES - th\u00fa nh\u1ed3i b\u00f4ng v\u1ea3i th\u1ed5 c\u1ea9m - Nh\u00e0 May M\u1eafn - Maison Chance\",\"isPartOf\":{\"@id\":\"https:\/\/maison-chance.org\/shop\/#website\"},\"primaryImageOfPage\":{\"@id\":\"https:\/\/maison-chance.org\/shop\/san-pham\/con-trau-sea-games#primaryimage\"},\"image\":{\"@id\":\"https:\/\/maison-chance.org\/shop\/san-pham\/con-trau-sea-games#primaryimage\"},\"thumbnailUrl\":\"https:\/\/maison-chance.org\/shop\/wp-content\/uploads\/2024\/04\/thu-nhoi-bong-hinh-chu-trau-bill-2-1.jpg\",\"datePublished\":\"2024-10-10T00:07:35+00:00\",\"dateModified\":\"2025-02-22T07:37:01+00:00\",\"description\":\"Ch\u00fa tr\u00e2u \u0111\u01b0\u1ee3c thi\u1ebft k\u1ebf v\u1edbi d\u00e1ng ng\u1ed3i \u0111\u00e1ng y\u00eau, hai ch\u00e2n tr\u01b0\u1edbc gi\u01a1 l\u00ean nh\u01b0 l\u1eddi ch\u00e0o th\u00e2n thi\u1ec7n, mang \u0111\u1ebfn c\u1ea3m gi\u00e1c g\u1ea7n g\u0169i v\u00e0 \u1ea5m \u00e1p. Ch\u1ea5t li\u1ec7u v\u1ea3i th\u1ed5 c\u1ea9m, di s\u1ea3n v\u0103n h\u00f3a \u0111\u1eb7c s\u1eafc c\u1ee7a d\u00e2n t\u1ed9c Vi\u1ec7t\",\"breadcrumb\":{\"@id\":\"https:\/\/maison-chance.org\/shop\/san-pham\/con-trau-sea-games#breadcrumb\"},\"inLanguage\":\"vi-VN\",\"potentialAction\":[{\"@type\":\"ReadAction\",\"target\":[\"https:\/\/maison-chance.org\/shop\/san-pham\/con-trau-sea-games\"]}]},{\"@type\":\"ImageObject\",\"inLanguage\":\"vi-VN\",\"@id\":\"https:\/\/maison-chance.org\/shop\/san-pham\/con-trau-sea-games#primaryimage\",\"url\":\"https:\/\/maison-chance.org\/shop\/wp-content\/uploads\/2024\/04\/thu-nhoi-bong-hinh-chu-trau-bill-2-1.jpg\",\"contentUrl\":\"https:\/\/maison-chance.org\/shop\/wp-content\/uploads\/2024\/04\/thu-nhoi-bong-hinh-chu-trau-bill-2-1.jpg\",\"width\":600,\"height\":600,\"caption\":\"Th\u00fa nh\u1ed3i b\u00f4ng h\u00ecnh ch\u00fa tr\u00e2u ng\u1ed3i\"},{\"@type\":\"BreadcrumbList\",\"@id\":\"https:\/\/maison-chance.org\/shop\/san-pham\/con-trau-sea-games#breadcrumb\",\"itemListElement\":[{\"@type\":\"ListItem\",\"position\":1,\"name\":\"Trang ch\u1ee7\",\"item\":\"https:\/\/maison-chance.org\/shop\/\"},{\"@type\":\"ListItem\",\"position\":2,\"name\":\"Shop\",\"item\":\"https:\/\/maison-chance.org\/shop\/shop\"},{\"@type\":\"ListItem\",\"position\":3,\"name\":\"Con tr\u00e2u SEA GAMES\"}]},{\"@type\":\"WebSite\",\"@id\":\"https:\/\/maison-chance.org\/shop\/#website\",\"url\":\"https:\/\/maison-chance.org\/shop\/\",\"name\":\"Nh\u00e0 May M\u1eafn - Maison Chance\",\"description\":\"M\u1ecdi l\u1ee3i nhu\u1eadn thu v\u1ec1 t\u1eeb vi\u1ec7c b\u00e1n h\u00e0ng s\u1ebd tr\u00edch m\u1ed9t ph\u1ea7n \u0111\u1ec3 ch\u0103m lo cho \u0111\u1eddi s\u1ed1ng c\u00e1c b\u1ea1n khuy\u1ebft t\u1eadt v\u00e0 tr\u1ebb m\u1ed3 c\u00f4i \u1edf \u0111\u00e2y\",\"publisher\":{\"@id\":\"https:\/\/maison-chance.org\/shop\/#organization\"},\"potentialAction\":[{\"@type\":\"SearchAction\",\"target\":{\"@type\":\"EntryPoint\",\"urlTemplate\":\"https:\/\/maison-chance.org\/shop\/?s={search_term_string}\"},\"query-input\":{\"@type\":\"PropertyValueSpecification\",\"valueRequired\":true,\"valueName\":\"search_term_string\"}}],\"inLanguage\":\"vi-VN\"},{\"@type\":\"Organization\",\"@id\":\"https:\/\/maison-chance.org\/shop\/#organization\",\"name\":\"Nh\u00e0 May M\u1eafn - Maison Chance\",\"url\":\"https:\/\/maison-chance.org\/shop\/\",\"logo\":{\"@type\":\"ImageObject\",\"inLanguage\":\"vi-VN\",\"@id\":\"https:\/\/maison-chance.org\/shop\/#\/schema\/logo\/image\/\",\"url\":\"https:\/\/maison-chance.org\/shop\/wp-content\/uploads\/2024\/03\/cropped-Logo_DNXH.png\",\"contentUrl\":\"https:\/\/maison-chance.org\/shop\/wp-content\/uploads\/2024\/03\/cropped-Logo_DNXH.png\",\"width\":512,\"height\":512,\"caption\":\"Nh\u00e0 May M\u1eafn - Maison Chance\"},\"image\":{\"@id\":\"https:\/\/maison-chance.org\/shop\/#\/schema\/logo\/image\/\"},\"sameAs\":[\"https:\/\/www.facebook.com\/dnxh.nhamayman\/\"]}]}<\/script>\n<meta property=\"product:price:amount\" content=\"4.30\" \/>\n<meta property=\"product:price:currency\" content=\"USD\" \/>\n<meta property=\"og:availability\" content=\"instock\" \/>\n<meta property=\"product:availability\" content=\"instock\" \/>\n<meta property=\"product:condition\" content=\"new\" \/>\n<!-- \/ Yoast SEO Premium plugin. -->","yoast_head_json":{"title":"Con tr\u00e2u SEA GAMES - th\u00fa nh\u1ed3i b\u00f4ng v\u1ea3i th\u1ed5 c\u1ea9m - Nh\u00e0 May M\u1eafn - Maison Chance","description":"Ch\u00fa tr\u00e2u \u0111\u01b0\u1ee3c thi\u1ebft k\u1ebf v\u1edbi d\u00e1ng ng\u1ed3i \u0111\u00e1ng y\u00eau, hai ch\u00e2n tr\u01b0\u1edbc gi\u01a1 l\u00ean nh\u01b0 l\u1eddi ch\u00e0o th\u00e2n thi\u1ec7n, mang \u0111\u1ebfn c\u1ea3m gi\u00e1c g\u1ea7n g\u0169i v\u00e0 \u1ea5m \u00e1p. Ch\u1ea5t li\u1ec7u v\u1ea3i th\u1ed5 c\u1ea9m, di s\u1ea3n v\u0103n h\u00f3a \u0111\u1eb7c s\u1eafc c\u1ee7a d\u00e2n t\u1ed9c Vi\u1ec7t","robots":{"index":"index","follow":"follow","max-snippet":"max-snippet:-1","max-image-preview":"max-image-preview:large","max-video-preview":"max-video-preview:-1"},"canonical":"https:\/\/maison-chance.org\/shop\/san-pham\/con-trau-sea-games","og_locale":"vi_VN","og_type":"article","og_title":"Con tr\u00e2u SEA GAMES","og_description":"Ch\u00fa tr\u00e2u \u0111\u01b0\u1ee3c thi\u1ebft k\u1ebf v\u1edbi d\u00e1ng ng\u1ed3i \u0111\u00e1ng y\u00eau, hai ch\u00e2n tr\u01b0\u1edbc gi\u01a1 l\u00ean nh\u01b0 l\u1eddi ch\u00e0o th\u00e2n thi\u1ec7n, mang \u0111\u1ebfn c\u1ea3m gi\u00e1c g\u1ea7n g\u0169i v\u00e0 \u1ea5m \u00e1p. Ch\u1ea5t li\u1ec7u v\u1ea3i th\u1ed5 c\u1ea9m, di s\u1ea3n v\u0103n h\u00f3a \u0111\u1eb7c s\u1eafc c\u1ee7a d\u00e2n t\u1ed9c Vi\u1ec7t","og_url":"https:\/\/maison-chance.org\/shop\/san-pham\/con-trau-sea-games","og_site_name":"Nh\u00e0 May M\u1eafn - Maison Chance","article_publisher":"https:\/\/www.facebook.com\/dnxh.nhamayman\/","article_modified_time":"2025-02-22T07:37:01+00:00","og_image":[{"width":600,"height":600,"url":"https:\/\/maison-chance.org\/shop\/wp-content\/uploads\/2024\/04\/thu-nhoi-bong-hinh-chu-trau-bill-2-1.jpg","type":"image\/jpeg"}],"twitter_card":"summary_large_image","twitter_misc":{"Gi\u00e1":"4.30&nbsp;&#36;","Availability":"In stock"},"schema":{"@context":"https:\/\/schema.org","@graph":[{"@type":"WebPage","@id":"https:\/\/maison-chance.org\/shop\/san-pham\/con-trau-sea-games","url":"https:\/\/maison-chance.org\/shop\/san-pham\/con-trau-sea-games","name":"Con tr\u00e2u SEA GAMES - th\u00fa nh\u1ed3i b\u00f4ng v\u1ea3i th\u1ed5 c\u1ea9m - Nh\u00e0 May M\u1eafn - Maison Chance","isPartOf":{"@id":"https:\/\/maison-chance.org\/shop\/#website"},"primaryImageOfPage":{"@id":"https:\/\/maison-chance.org\/shop\/san-pham\/con-trau-sea-games#primaryimage"},"image":{"@id":"https:\/\/maison-chance.org\/shop\/san-pham\/con-trau-sea-games#primaryimage"},"thumbnailUrl":"https:\/\/maison-chance.org\/shop\/wp-content\/uploads\/2024\/04\/thu-nhoi-bong-hinh-chu-trau-bill-2-1.jpg","datePublished":"2024-10-10T00:07:35+00:00","dateModified":"2025-02-22T07:37:01+00:00","description":"Ch\u00fa tr\u00e2u \u0111\u01b0\u1ee3c thi\u1ebft k\u1ebf v\u1edbi d\u00e1ng ng\u1ed3i \u0111\u00e1ng y\u00eau, hai ch\u00e2n tr\u01b0\u1edbc gi\u01a1 l\u00ean nh\u01b0 l\u1eddi ch\u00e0o th\u00e2n thi\u1ec7n, mang \u0111\u1ebfn c\u1ea3m gi\u00e1c g\u1ea7n g\u0169i v\u00e0 \u1ea5m \u00e1p. Ch\u1ea5t li\u1ec7u v\u1ea3i th\u1ed5 c\u1ea9m, di s\u1ea3n v\u0103n h\u00f3a \u0111\u1eb7c s\u1eafc c\u1ee7a d\u00e2n t\u1ed9c Vi\u1ec7t","breadcrumb":{"@id":"https:\/\/maison-chance.org\/shop\/san-pham\/con-trau-sea-games#breadcrumb"},"inLanguage":"vi-VN","potentialAction":[{"@type":"ReadAction","target":["https:\/\/maison-chance.org\/shop\/san-pham\/con-trau-sea-games"]}]},{"@type":"ImageObject","inLanguage":"vi-VN","@id":"https:\/\/maison-chance.org\/shop\/san-pham\/con-trau-sea-games#primaryimage","url":"https:\/\/maison-chance.org\/shop\/wp-content\/uploads\/2024\/04\/thu-nhoi-bong-hinh-chu-trau-bill-2-1.jpg","contentUrl":"https:\/\/maison-chance.org\/shop\/wp-content\/uploads\/2024\/04\/thu-nhoi-bong-hinh-chu-trau-bill-2-1.jpg","width":600,"height":600,"caption":"Th\u00fa nh\u1ed3i b\u00f4ng h\u00ecnh ch\u00fa tr\u00e2u ng\u1ed3i"},{"@type":"BreadcrumbList","@id":"https:\/\/maison-chance.org\/shop\/san-pham\/con-trau-sea-games#breadcrumb","itemListElement":[{"@type":"ListItem","position":1,"name":"Trang ch\u1ee7","item":"https:\/\/maison-chance.org\/shop\/"},{"@type":"ListItem","position":2,"name":"Shop","item":"https:\/\/maison-chance.org\/shop\/shop"},{"@type":"ListItem","position":3,"name":"Con tr\u00e2u SEA GAMES"}]},{"@type":"WebSite","@id":"https:\/\/maison-chance.org\/shop\/#website","url":"https:\/\/maison-chance.org\/shop\/","name":"Nh\u00e0 May M\u1eafn - Maison Chance","description":"M\u1ecdi l\u1ee3i nhu\u1eadn thu v\u1ec1 t\u1eeb vi\u1ec7c b\u00e1n h\u00e0ng s\u1ebd tr\u00edch m\u1ed9t ph\u1ea7n \u0111\u1ec3 ch\u0103m lo cho \u0111\u1eddi s\u1ed1ng c\u00e1c b\u1ea1n khuy\u1ebft t\u1eadt v\u00e0 tr\u1ebb m\u1ed3 c\u00f4i \u1edf \u0111\u00e2y","publisher":{"@id":"https:\/\/maison-chance.org\/shop\/#organization"},"potentialAction":[{"@type":"SearchAction","target":{"@type":"EntryPoint","urlTemplate":"https:\/\/maison-chance.org\/shop\/?s={search_term_string}"},"query-input":{"@type":"PropertyValueSpecification","valueRequired":true,"valueName":"search_term_string"}}],"inLanguage":"vi-VN"},{"@type":"Organization","@id":"https:\/\/maison-chance.org\/shop\/#organization","name":"Nh\u00e0 May M\u1eafn - Maison Chance","url":"https:\/\/maison-chance.org\/shop\/","logo":{"@type":"ImageObject","inLanguage":"vi-VN","@id":"https:\/\/maison-chance.org\/shop\/#\/schema\/logo\/image\/","url":"https:\/\/maison-chance.org\/shop\/wp-content\/uploads\/2024\/03\/cropped-Logo_DNXH.png","contentUrl":"https:\/\/maison-chance.org\/shop\/wp-content\/uploads\/2024\/03\/cropped-Logo_DNXH.png","width":512,"height":512,"caption":"Nh\u00e0 May M\u1eafn - Maison Chance"},"image":{"@id":"https:\/\/maison-chance.org\/shop\/#\/schema\/logo\/image\/"},"sameAs":["https:\/\/www.facebook.com\/dnxh.nhamayman\/"]}]},"product_price_amount":"4.30","product_price_currency":"USD","og_availability":"instock","product_availability":"instock","product_condition":"new"},"_links":{"self":[{"href":"https:\/\/maison-chance.org\/shop\/wp-json\/wp\/v2\/product\/36962","targetHints":{"allow":["GET"]}}],"collection":[{"href":"https:\/\/maison-chance.org\/shop\/wp-json\/wp\/v2\/product"}],"about":[{"href":"https:\/\/maison-chance.org\/shop\/wp-json\/wp\/v2\/types\/product"}],"wp:featuredmedia":[{"embeddable":true,"href":"https:\/\/maison-chance.org\/shop\/wp-json\/wp\/v2\/media\/36963"}],"wp:attachment":[{"href":"https:\/\/maison-chance.org\/shop\/wp-json\/wp\/v2\/media?parent=36962"}],"wp:term":[{"taxonomy":"product_brand","embeddable":true,"href":"https:\/\/maison-chance.org\/shop\/wp-json\/wp\/v2\/product_brand?post=36962"},{"taxonomy":"product_cat","embeddable":true,"href":"https:\/\/maison-chance.org\/shop\/wp-json\/wp\/v2\/product_cat?post=36962"},{"taxonomy":"product_tag","embeddable":true,"href":"https:\/\/maison-chance.org\/shop\/wp-json\/wp\/v2\/product_tag?post=36962"}],"curies":[{"name":"wp","href":"https:\/\/api.w.org\/{rel}","templated":true}]}}