{"id":36968,"date":"2024-11-05T07:05:43","date_gmt":"2024-11-05T00:05:43","guid":{"rendered":"https:\/\/maison-chance.org\/shop\/?post_type=product&#038;p=36968"},"modified":"2025-03-14T16:12:40","modified_gmt":"2025-03-14T09:12:40","slug":"thu-nhoi-bong-hinh-con-ran-vai-tho-cam","status":"publish","type":"product","link":"https:\/\/maison-chance.org\/shop\/san-pham\/thu-nhoi-bong-hinh-con-ran-vai-tho-cam","title":{"rendered":"Con r\u1eafn"},"content":{"rendered":"<p style=\"text-align: justify\">Trong v\u0103n h\u00f3a ph\u01b0\u01a1ng \u0110\u00f4ng, r\u1eafn l\u00e0 bi\u1ec3u t\u01b0\u1ee3ng c\u1ee7a s\u1ef1 th\u00f4ng th\u00e1i, quy\u1ec1n uy v\u00e0 m\u1ea1nh m\u1ebd. Mang r\u1eafn b\u00ean m\u00ecnh s\u1ebd gi\u00fap t\u0103ng c\u01b0\u1eddng tr\u00ed tu\u1ec7, s\u1ef1 linh ho\u1ea1t v\u00e0 nhanh nh\u1ea1y trong cu\u1ed9c s\u1ed1ng. Ngo\u00e0i ra, r\u1eafn c\u00f2n l\u00e0 bi\u1ec3u t\u01b0\u1ee3ng c\u1ee7a t\u00e0i l\u1ed9c, gi\u00fap thu h\u00fat v\u1eadn may v\u00e0 b\u1ea3o v\u1ec7 ch\u1ee7 nh\u00e2n kh\u1ecfi nh\u1eefng \u0111i\u1ec1u xui r\u1ee7i. \u0110\u1ed1i v\u1edbi nh\u1eefng ai \u0111ang t\u00ecm ki\u1ebfm s\u1ef1 bi\u1ebfn chuy\u1ec3n t\u00edch c\u1ef1c, s\u1ef1 b\u1ee9t ph\u00e1, r\u1eafn ch\u00ednh l\u00e0 linh v\u1eadt \u0111\u1ed3ng h\u00e0nh l\u00fd t\u01b0\u1edfng!<\/p>\n<p style=\"text-align: justify\">S\u1ea3n ph\u1ea9m <a href=\"https:\/\/maison-chance.org\/shop\/thu-nhoi-bong\">th\u00fa nh\u1ed3i b\u00f4ng<\/a> n\u1ed5i b\u1eadt v\u1edbi thi\u1ebft k\u1ebf h\u00ecnh r\u1eafn u\u1ed1n l\u01b0\u1ee3n sinh \u0111\u1ed9ng, \u0111\u01b0\u1ee3c may t\u1eeb ch\u1ea5t li\u1ec7u v\u1ea3i th\u1ed5 c\u1ea9m cao c\u1ea5p (m\u00e3 TC07TB). Ph\u1ea7n \u0111\u1ea7u r\u1eafn m\u00e0u xanh d\u01b0\u01a1ng \u0111i\u1ec3m xuy\u1ebft h\u1ecda ti\u1ebft hoa tuy\u1ebft tr\u1eafng tinh t\u1ebf, c\u00f9ng \u0111\u00f4i m\u1eaft \u0111en l\u00e1y v\u00e0 chi\u1ebfc l\u01b0\u1ee1i \u0111\u1ecf t\u01b0\u01a1i t\u1ea1o n\u00ean \u0111i\u1ec3m nh\u1ea5n \u0111\u1ed9c \u0111\u00e1o. Th\u00e2n r\u1eafn \u0111\u01b0\u1ee3c may t\u1eeb v\u1ea3i th\u1ed5 c\u1ea9m h\u1ed3ng v\u1edbi nh\u1eefng hoa v\u0103n geometric truy\u1ec1n th\u1ed1ng, t\u1ea1o n\u00ean s\u1ef1 h\u00e0i h\u00f2a trong t\u1ed5ng th\u1ec3.<\/p>\n<p style=\"text-align: justify\">V\u1edbi ba k\u00edch th\u01b0\u1edbc \u0111a d\u1ea1ng (4\u00d77cm, 5\u00d79cm, 6\u00d712cm), con r\u1eafn v\u1ea3i th\u1ed5 c\u1ea9m ph\u00f9 h\u1ee3p v\u1edbi nhi\u1ec1u kh\u00f4ng gian trang tr\u00ed kh\u00e1c nhau. \u0110\u1eb7t tr\u00ean b\u00e0n h\u1ecdc, k\u1ec7 s\u00e1ch hay g\u00f3c l\u00e0m vi\u1ec7c, s\u1ea3n ph\u1ea9m kh\u00f4ng ch\u1ec9 l\u00e0 m\u00f3n \u0111\u1ed3 trang tr\u00ed d\u1ec5 th\u01b0\u01a1ng m\u00e0 c\u00f2n mang \u0111\u1ebfn may m\u1eafn v\u00e0 n\u0103ng l\u01b0\u1ee3ng t\u00edch c\u1ef1c. Nh\u1eefng \u0111\u01b0\u1eddng n\u00e9t m\u1ec1m m\u1ea1i c\u1ee7a con r\u1eafn c\u00f2n g\u1ee3i nh\u1eafc ch\u00fang ta v\u1ec1 s\u1ef1 uy\u1ec3n chuy\u1ec3n v\u00e0 kh\u1ea3 n\u0103ng th\u00edch nghi trong cu\u1ed9c s\u1ed1ng.<\/p>\n<p>\u0110\u1ec3 b\u00e0n l\u00e0m vi\u1ec7c \u2013 T\u0103ng t\u1eadp trung, k\u00edch th\u00edch tr\u00ed tu\u1ec7!<br data-start=\"1848\" data-end=\"1851\" \/>L\u00e0m qu\u00e0 t\u1eb7ng \u2013 M\u1ed9t m\u00f3n qu\u00e0 mang \u00fd ngh\u0129a phong th\u1ee7y &amp; s\u1ef1 quan t\u00e2m ch\u00e2n th\u00e0nh.<br data-start=\"1934\" data-end=\"1937\" \/>Trang tr\u00ed nh\u00e0 c\u1eeda \u2013 T\u1ea1o kh\u00f4ng gian h\u00e0i h\u00f2a, thu h\u00fat n\u0103ng l\u01b0\u1ee3ng t\u00edch c\u1ef1c. Gi\u1eef v\u1eefng v\u1eadn may, tr\u00e1nh xa xui r\u1ee7i!<\/p>\n<p>M\u1ed7i b\u00e9 r\u1eafn \u0111\u1ec1u \u0111\u01b0\u1ee3c t\u1ea1o n\u00ean b\u1edfi \u0111\u00f4i tay t\u00e0i hoa c\u1ee7a nh\u1eefng ng\u01b0\u1eddi khuy\u1ebft t\u1eadt \u2013 nh\u1eefng ng\u01b0\u1eddi \u0111\u00e3 v\u01b0\u1ee3t l\u00ean s\u1ed1 ph\u1eadn \u0111\u1ec3 d\u1ec7t n\u00ean t\u1eebng \u0111\u01b0\u1eddng ch\u1ec9 \u0111\u1ea7y \u00fd ngh\u0129a.\u00a0M\u1ed7i s\u1ea3n ph\u1ea9m \u0111\u1ec1u l\u00e0 \u0111\u1ed9c b\u1ea3n, \u0111\u01b0\u1ee3c may th\u1ee7 c\u00f4ng t\u1ec9 m\u1ec9 v\u1edbi s\u1ef1 t\u1eadp trung cao \u0111\u1ed9, th\u1ec3 hi\u1ec7n t\u00ecnh c\u1ea3m v\u00e0 s\u1ef1 tr\u00e2n tr\u1ecdng c\u1ee7a ng\u01b0\u1eddi t\u1eb7ng d\u00e0nh cho ng\u01b0\u1eddi nh\u1eadn.<\/p>\n<p style=\"text-align: justify\">Khi mang v\u1ec1 m\u1ed9t con r\u1eafn v\u1ea3i th\u1ed5 c\u1ea9m, b\u1ea1n kh\u00f4ng ch\u1ec9 s\u1edf h\u1eefu m\u1ed9t m\u00f3n \u0111\u1ed3 trang tr\u00ed \u0111\u1ed9c \u0111\u00e1o m\u00e0 c\u00f2n g\u00f3p ph\u1ea7n \u1ee7ng h\u1ed9 c\u00e1c th\u1ee3 may khuy\u1ebft t\u1eadt t\u1ea1i <a href=\"https:\/\/maison-chance.org\/shop\">Nh\u00e0 May M\u1eafn<\/a>. M\u1ed7i s\u1ea3n ph\u1ea9m \u0111\u01b0\u1ee3c b\u00e1n ra l\u00e0 m\u1ed9t l\u1ea7n b\u1ea1n ti\u1ebfp th\u00eam \u0111\u1ed9ng l\u1ef1c, ni\u1ec1m tin v\u00e0 hy v\u1ecdng cho nh\u1eefng ng\u01b0\u1eddi th\u1ee3 may \u0111\u1eb7c bi\u1ec7t n\u00e0y. H\u00e3y m\u1edf r\u1ed9ng tr\u00e1i tim v\u00e0 \u0111\u00f3n nh\u1eadn nh\u1eefng m\u00f3n qu\u00e0 \u00fd ngh\u0129a t\u1eeb Nh\u00e0 May M\u1eafn &#8211; n\u01a1i bi\u1ebfn nh\u1eefng gi\u1edbi h\u1ea1n th\u00e0nh nh\u1eefng \u0111i\u1ec1u k\u1ef3 di\u1ec7u.<\/p>\n<p><em>R\u1eafn th\u1ed5 c\u1ea9m \u2013 Nh\u1ecf xinh, t\u00e0i l\u1ed9c v\u1eefng b\u1ec1n, y\u00eau th\u01b0\u01a1ng lan t\u1ecfa!<\/em><\/p>\n","protected":false},"excerpt":{"rendered":"<p style=\"text-align: justify\">S\u1ea3n ph\u1ea9m do c\u00e1c b\u1ea1n khuy\u1ebft t\u1eadt k\u00e9m may m\u1eafn s\u1ea3n xu\u1ea5t th\u1ee7 c\u00f4ng k\u00ednh mong nh\u1eadn \u0111\u01b0\u1ee3c s\u1ef1 \u1ee7ng h\u1ed9 c\u1ee7a Qu\u00fd kh\u00e1ch h\u00e0ng.<\/p>\n<p>Ch\u1ea5t li\u1ec7u: V\u1ea3i th\u1ed5 c\u1ea9m<\/p>\n<p>Code: TC07TB<\/p>\n<p>Hotline : <span style=\"font-size: 20px\"><strong><span style=\"color: #ff0000\">0909 06 25 28<\/span><\/strong><\/span><\/p>\n<p style=\"text-align: justify\">N\u1ebfu b\u1ea1n \u1edf Vi\u1ec7t Nam vui l\u00f2ng li\u00ean h\u1ec7 ch\u00fang t\u00f4i theo s\u1ed1 hotline ho\u1eb7c fanpage doanh nghi\u1ec7p Nh\u00e0 May M\u1eafn ch\u00fang t\u00f4i \u0111\u1ec3 bi\u1ebft gi\u00e1 b\u00e1n t\u1ea1i Vi\u1ec7t Nam.<\/p>\n","protected":false},"featured_media":36969,"template":"","meta":[],"product_brand":[],"product_cat":[137,138],"product_tag":[],"class_list":{"0":"post-36968","1":"product","2":"type-product","3":"status-publish","4":"has-post-thumbnail","6":"product_cat-phong-may","7":"product_cat-thu-nhoi-bong","9":"first","10":"instock","11":"shipping-taxable","12":"purchasable","13":"product-type-variable"},"yoast_head":"<!-- This site is optimized with the Yoast SEO Premium plugin v22.7 (Yoast SEO v25.3.1) - https:\/\/yoast.com\/wordpress\/plugins\/seo\/ -->\n<title>Con r\u1eafn- th\u00fa nh\u1ed3i b\u00f4ng v\u1ea3i th\u1ed5 c\u1ea9m - Nh\u00e0 May M\u1eafn - Maison Chance<\/title>\n<meta name=\"description\" content=\"Th\u00fa nh\u1ed3i b\u00f4ng h\u00ecnh con R\u1eafn v\u1ea3i th\u1ed5 c\u1ea9m l\u00e0 m\u1ed9t trong nh\u1eefng s\u1ea3n ph\u1ea9m ti\u00eau bi\u1ec3u \u0111\u01b0\u1ee3c t\u1ea1o ra t\u1eeb \u0111\u00f4i tay kh\u00e9o l\u00e9o c\u1ee7a c\u00e1c th\u1ee3 may khuy\u1ebft t\u1eadt t\u1ea1i Nh\u00e0 May M\u1eafn\" \/>\n<meta name=\"robots\" content=\"index, follow, max-snippet:-1, max-image-preview:large, max-video-preview:-1\" \/>\n<link rel=\"canonical\" href=\"https:\/\/maison-chance.org\/shop\/san-pham\/thu-nhoi-bong-hinh-con-ran-vai-tho-cam\" \/>\n<meta property=\"og:locale\" content=\"vi_VN\" \/>\n<meta property=\"og:type\" content=\"article\" \/>\n<meta property=\"og:title\" content=\"Con r\u1eafn\" \/>\n<meta property=\"og:description\" content=\"Th\u00fa nh\u1ed3i b\u00f4ng h\u00ecnh con R\u1eafn v\u1ea3i th\u1ed5 c\u1ea9m l\u00e0 m\u1ed9t trong nh\u1eefng s\u1ea3n ph\u1ea9m ti\u00eau bi\u1ec3u \u0111\u01b0\u1ee3c t\u1ea1o ra t\u1eeb \u0111\u00f4i tay kh\u00e9o l\u00e9o c\u1ee7a c\u00e1c th\u1ee3 may khuy\u1ebft t\u1eadt t\u1ea1i Nh\u00e0 May M\u1eafn\" \/>\n<meta property=\"og:url\" content=\"https:\/\/maison-chance.org\/shop\/san-pham\/thu-nhoi-bong-hinh-con-ran-vai-tho-cam\" \/>\n<meta property=\"og:site_name\" content=\"Nh\u00e0 May M\u1eafn - Maison Chance\" \/>\n<meta property=\"article:publisher\" content=\"https:\/\/www.facebook.com\/dnxh.nhamayman\/\" \/>\n<meta property=\"article:modified_time\" content=\"2025-03-14T09:12:40+00:00\" \/>\n<meta property=\"og:image\" content=\"https:\/\/maison-chance.org\/shop\/wp-content\/uploads\/2024\/04\/thu-nhoi-bong-hinh-con-ran-vai-tho-cam-1-1.jpg\" \/>\n\t<meta property=\"og:image:width\" content=\"600\" \/>\n\t<meta property=\"og:image:height\" content=\"600\" \/>\n\t<meta property=\"og:image:type\" content=\"image\/jpeg\" \/>\n<meta name=\"twitter:card\" content=\"summary_large_image\" \/>\n<meta name=\"twitter:label1\" content=\"Availability\" \/>\n\t<meta name=\"twitter:data1\" content=\"In stock\" \/>\n<script type=\"application\/ld+json\" class=\"yoast-schema-graph\">{\"@context\":\"https:\/\/schema.org\",\"@graph\":[{\"@type\":\"WebPage\",\"@id\":\"https:\/\/maison-chance.org\/shop\/san-pham\/thu-nhoi-bong-hinh-con-ran-vai-tho-cam\",\"url\":\"https:\/\/maison-chance.org\/shop\/san-pham\/thu-nhoi-bong-hinh-con-ran-vai-tho-cam\",\"name\":\"Con r\u1eafn- th\u00fa nh\u1ed3i b\u00f4ng v\u1ea3i th\u1ed5 c\u1ea9m - Nh\u00e0 May M\u1eafn - Maison Chance\",\"isPartOf\":{\"@id\":\"https:\/\/maison-chance.org\/shop\/#website\"},\"primaryImageOfPage\":{\"@id\":\"https:\/\/maison-chance.org\/shop\/san-pham\/thu-nhoi-bong-hinh-con-ran-vai-tho-cam#primaryimage\"},\"image\":{\"@id\":\"https:\/\/maison-chance.org\/shop\/san-pham\/thu-nhoi-bong-hinh-con-ran-vai-tho-cam#primaryimage\"},\"thumbnailUrl\":\"https:\/\/maison-chance.org\/shop\/wp-content\/uploads\/2024\/04\/thu-nhoi-bong-hinh-con-ran-vai-tho-cam-1-1.jpg\",\"datePublished\":\"2024-11-05T00:05:43+00:00\",\"dateModified\":\"2025-03-14T09:12:40+00:00\",\"description\":\"Th\u00fa nh\u1ed3i b\u00f4ng h\u00ecnh con R\u1eafn v\u1ea3i th\u1ed5 c\u1ea9m l\u00e0 m\u1ed9t trong nh\u1eefng s\u1ea3n ph\u1ea9m ti\u00eau bi\u1ec3u \u0111\u01b0\u1ee3c t\u1ea1o ra t\u1eeb \u0111\u00f4i tay kh\u00e9o l\u00e9o c\u1ee7a c\u00e1c th\u1ee3 may khuy\u1ebft t\u1eadt t\u1ea1i Nh\u00e0 May M\u1eafn\",\"breadcrumb\":{\"@id\":\"https:\/\/maison-chance.org\/shop\/san-pham\/thu-nhoi-bong-hinh-con-ran-vai-tho-cam#breadcrumb\"},\"inLanguage\":\"vi-VN\",\"potentialAction\":[{\"@type\":\"ReadAction\",\"target\":[\"https:\/\/maison-chance.org\/shop\/san-pham\/thu-nhoi-bong-hinh-con-ran-vai-tho-cam\"]}]},{\"@type\":\"ImageObject\",\"inLanguage\":\"vi-VN\",\"@id\":\"https:\/\/maison-chance.org\/shop\/san-pham\/thu-nhoi-bong-hinh-con-ran-vai-tho-cam#primaryimage\",\"url\":\"https:\/\/maison-chance.org\/shop\/wp-content\/uploads\/2024\/04\/thu-nhoi-bong-hinh-con-ran-vai-tho-cam-1-1.jpg\",\"contentUrl\":\"https:\/\/maison-chance.org\/shop\/wp-content\/uploads\/2024\/04\/thu-nhoi-bong-hinh-con-ran-vai-tho-cam-1-1.jpg\",\"width\":600,\"height\":600,\"caption\":\"Th\u00fa nh\u1ed3i b\u00f4ng h\u00ecnh con R\u1eafn v\u1ea3i th\u1ed5 c\u1ea9m\"},{\"@type\":\"BreadcrumbList\",\"@id\":\"https:\/\/maison-chance.org\/shop\/san-pham\/thu-nhoi-bong-hinh-con-ran-vai-tho-cam#breadcrumb\",\"itemListElement\":[{\"@type\":\"ListItem\",\"position\":1,\"name\":\"Trang ch\u1ee7\",\"item\":\"https:\/\/maison-chance.org\/shop\/\"},{\"@type\":\"ListItem\",\"position\":2,\"name\":\"Shop\",\"item\":\"https:\/\/maison-chance.org\/shop\/shop\"},{\"@type\":\"ListItem\",\"position\":3,\"name\":\"Con r\u1eafn\"}]},{\"@type\":\"WebSite\",\"@id\":\"https:\/\/maison-chance.org\/shop\/#website\",\"url\":\"https:\/\/maison-chance.org\/shop\/\",\"name\":\"Nh\u00e0 May M\u1eafn - Maison Chance\",\"description\":\"M\u1ecdi l\u1ee3i nhu\u1eadn thu v\u1ec1 t\u1eeb vi\u1ec7c b\u00e1n h\u00e0ng s\u1ebd tr\u00edch m\u1ed9t ph\u1ea7n \u0111\u1ec3 ch\u0103m lo cho \u0111\u1eddi s\u1ed1ng c\u00e1c b\u1ea1n khuy\u1ebft t\u1eadt v\u00e0 tr\u1ebb m\u1ed3 c\u00f4i \u1edf \u0111\u00e2y\",\"publisher\":{\"@id\":\"https:\/\/maison-chance.org\/shop\/#organization\"},\"potentialAction\":[{\"@type\":\"SearchAction\",\"target\":{\"@type\":\"EntryPoint\",\"urlTemplate\":\"https:\/\/maison-chance.org\/shop\/?s={search_term_string}\"},\"query-input\":{\"@type\":\"PropertyValueSpecification\",\"valueRequired\":true,\"valueName\":\"search_term_string\"}}],\"inLanguage\":\"vi-VN\"},{\"@type\":\"Organization\",\"@id\":\"https:\/\/maison-chance.org\/shop\/#organization\",\"name\":\"Nh\u00e0 May M\u1eafn - Maison Chance\",\"url\":\"https:\/\/maison-chance.org\/shop\/\",\"logo\":{\"@type\":\"ImageObject\",\"inLanguage\":\"vi-VN\",\"@id\":\"https:\/\/maison-chance.org\/shop\/#\/schema\/logo\/image\/\",\"url\":\"https:\/\/maison-chance.org\/shop\/wp-content\/uploads\/2024\/03\/cropped-Logo_DNXH.png\",\"contentUrl\":\"https:\/\/maison-chance.org\/shop\/wp-content\/uploads\/2024\/03\/cropped-Logo_DNXH.png\",\"width\":512,\"height\":512,\"caption\":\"Nh\u00e0 May M\u1eafn - Maison Chance\"},\"image\":{\"@id\":\"https:\/\/maison-chance.org\/shop\/#\/schema\/logo\/image\/\"},\"sameAs\":[\"https:\/\/www.facebook.com\/dnxh.nhamayman\/\"]}]}<\/script>\n<meta property=\"og:availability\" content=\"instock\" \/>\n<meta property=\"product:availability\" content=\"instock\" \/>\n<meta property=\"product:condition\" content=\"new\" \/>\n<!-- \/ Yoast SEO Premium plugin. -->","yoast_head_json":{"title":"Con r\u1eafn- th\u00fa nh\u1ed3i b\u00f4ng v\u1ea3i th\u1ed5 c\u1ea9m - Nh\u00e0 May M\u1eafn - Maison Chance","description":"Th\u00fa nh\u1ed3i b\u00f4ng h\u00ecnh con R\u1eafn v\u1ea3i th\u1ed5 c\u1ea9m l\u00e0 m\u1ed9t trong nh\u1eefng s\u1ea3n ph\u1ea9m ti\u00eau bi\u1ec3u \u0111\u01b0\u1ee3c t\u1ea1o ra t\u1eeb \u0111\u00f4i tay kh\u00e9o l\u00e9o c\u1ee7a c\u00e1c th\u1ee3 may khuy\u1ebft t\u1eadt t\u1ea1i Nh\u00e0 May M\u1eafn","robots":{"index":"index","follow":"follow","max-snippet":"max-snippet:-1","max-image-preview":"max-image-preview:large","max-video-preview":"max-video-preview:-1"},"canonical":"https:\/\/maison-chance.org\/shop\/san-pham\/thu-nhoi-bong-hinh-con-ran-vai-tho-cam","og_locale":"vi_VN","og_type":"article","og_title":"Con r\u1eafn","og_description":"Th\u00fa nh\u1ed3i b\u00f4ng h\u00ecnh con R\u1eafn v\u1ea3i th\u1ed5 c\u1ea9m l\u00e0 m\u1ed9t trong nh\u1eefng s\u1ea3n ph\u1ea9m ti\u00eau bi\u1ec3u \u0111\u01b0\u1ee3c t\u1ea1o ra t\u1eeb \u0111\u00f4i tay kh\u00e9o l\u00e9o c\u1ee7a c\u00e1c th\u1ee3 may khuy\u1ebft t\u1eadt t\u1ea1i Nh\u00e0 May M\u1eafn","og_url":"https:\/\/maison-chance.org\/shop\/san-pham\/thu-nhoi-bong-hinh-con-ran-vai-tho-cam","og_site_name":"Nh\u00e0 May M\u1eafn - Maison Chance","article_publisher":"https:\/\/www.facebook.com\/dnxh.nhamayman\/","article_modified_time":"2025-03-14T09:12:40+00:00","og_image":[{"width":600,"height":600,"url":"https:\/\/maison-chance.org\/shop\/wp-content\/uploads\/2024\/04\/thu-nhoi-bong-hinh-con-ran-vai-tho-cam-1-1.jpg","type":"image\/jpeg"}],"twitter_card":"summary_large_image","twitter_misc":{"Availability":"In stock"},"schema":{"@context":"https:\/\/schema.org","@graph":[{"@type":"WebPage","@id":"https:\/\/maison-chance.org\/shop\/san-pham\/thu-nhoi-bong-hinh-con-ran-vai-tho-cam","url":"https:\/\/maison-chance.org\/shop\/san-pham\/thu-nhoi-bong-hinh-con-ran-vai-tho-cam","name":"Con r\u1eafn- th\u00fa nh\u1ed3i b\u00f4ng v\u1ea3i th\u1ed5 c\u1ea9m - Nh\u00e0 May M\u1eafn - Maison Chance","isPartOf":{"@id":"https:\/\/maison-chance.org\/shop\/#website"},"primaryImageOfPage":{"@id":"https:\/\/maison-chance.org\/shop\/san-pham\/thu-nhoi-bong-hinh-con-ran-vai-tho-cam#primaryimage"},"image":{"@id":"https:\/\/maison-chance.org\/shop\/san-pham\/thu-nhoi-bong-hinh-con-ran-vai-tho-cam#primaryimage"},"thumbnailUrl":"https:\/\/maison-chance.org\/shop\/wp-content\/uploads\/2024\/04\/thu-nhoi-bong-hinh-con-ran-vai-tho-cam-1-1.jpg","datePublished":"2024-11-05T00:05:43+00:00","dateModified":"2025-03-14T09:12:40+00:00","description":"Th\u00fa nh\u1ed3i b\u00f4ng h\u00ecnh con R\u1eafn v\u1ea3i th\u1ed5 c\u1ea9m l\u00e0 m\u1ed9t trong nh\u1eefng s\u1ea3n ph\u1ea9m ti\u00eau bi\u1ec3u \u0111\u01b0\u1ee3c t\u1ea1o ra t\u1eeb \u0111\u00f4i tay kh\u00e9o l\u00e9o c\u1ee7a c\u00e1c th\u1ee3 may khuy\u1ebft t\u1eadt t\u1ea1i Nh\u00e0 May M\u1eafn","breadcrumb":{"@id":"https:\/\/maison-chance.org\/shop\/san-pham\/thu-nhoi-bong-hinh-con-ran-vai-tho-cam#breadcrumb"},"inLanguage":"vi-VN","potentialAction":[{"@type":"ReadAction","target":["https:\/\/maison-chance.org\/shop\/san-pham\/thu-nhoi-bong-hinh-con-ran-vai-tho-cam"]}]},{"@type":"ImageObject","inLanguage":"vi-VN","@id":"https:\/\/maison-chance.org\/shop\/san-pham\/thu-nhoi-bong-hinh-con-ran-vai-tho-cam#primaryimage","url":"https:\/\/maison-chance.org\/shop\/wp-content\/uploads\/2024\/04\/thu-nhoi-bong-hinh-con-ran-vai-tho-cam-1-1.jpg","contentUrl":"https:\/\/maison-chance.org\/shop\/wp-content\/uploads\/2024\/04\/thu-nhoi-bong-hinh-con-ran-vai-tho-cam-1-1.jpg","width":600,"height":600,"caption":"Th\u00fa nh\u1ed3i b\u00f4ng h\u00ecnh con R\u1eafn v\u1ea3i th\u1ed5 c\u1ea9m"},{"@type":"BreadcrumbList","@id":"https:\/\/maison-chance.org\/shop\/san-pham\/thu-nhoi-bong-hinh-con-ran-vai-tho-cam#breadcrumb","itemListElement":[{"@type":"ListItem","position":1,"name":"Trang ch\u1ee7","item":"https:\/\/maison-chance.org\/shop\/"},{"@type":"ListItem","position":2,"name":"Shop","item":"https:\/\/maison-chance.org\/shop\/shop"},{"@type":"ListItem","position":3,"name":"Con r\u1eafn"}]},{"@type":"WebSite","@id":"https:\/\/maison-chance.org\/shop\/#website","url":"https:\/\/maison-chance.org\/shop\/","name":"Nh\u00e0 May M\u1eafn - Maison Chance","description":"M\u1ecdi l\u1ee3i nhu\u1eadn thu v\u1ec1 t\u1eeb vi\u1ec7c b\u00e1n h\u00e0ng s\u1ebd tr\u00edch m\u1ed9t ph\u1ea7n \u0111\u1ec3 ch\u0103m lo cho \u0111\u1eddi s\u1ed1ng c\u00e1c b\u1ea1n khuy\u1ebft t\u1eadt v\u00e0 tr\u1ebb m\u1ed3 c\u00f4i \u1edf \u0111\u00e2y","publisher":{"@id":"https:\/\/maison-chance.org\/shop\/#organization"},"potentialAction":[{"@type":"SearchAction","target":{"@type":"EntryPoint","urlTemplate":"https:\/\/maison-chance.org\/shop\/?s={search_term_string}"},"query-input":{"@type":"PropertyValueSpecification","valueRequired":true,"valueName":"search_term_string"}}],"inLanguage":"vi-VN"},{"@type":"Organization","@id":"https:\/\/maison-chance.org\/shop\/#organization","name":"Nh\u00e0 May M\u1eafn - Maison Chance","url":"https:\/\/maison-chance.org\/shop\/","logo":{"@type":"ImageObject","inLanguage":"vi-VN","@id":"https:\/\/maison-chance.org\/shop\/#\/schema\/logo\/image\/","url":"https:\/\/maison-chance.org\/shop\/wp-content\/uploads\/2024\/03\/cropped-Logo_DNXH.png","contentUrl":"https:\/\/maison-chance.org\/shop\/wp-content\/uploads\/2024\/03\/cropped-Logo_DNXH.png","width":512,"height":512,"caption":"Nh\u00e0 May M\u1eafn - Maison Chance"},"image":{"@id":"https:\/\/maison-chance.org\/shop\/#\/schema\/logo\/image\/"},"sameAs":["https:\/\/www.facebook.com\/dnxh.nhamayman\/"]}]},"og_availability":"instock","product_availability":"instock","product_condition":"new"},"_links":{"self":[{"href":"https:\/\/maison-chance.org\/shop\/wp-json\/wp\/v2\/product\/36968","targetHints":{"allow":["GET"]}}],"collection":[{"href":"https:\/\/maison-chance.org\/shop\/wp-json\/wp\/v2\/product"}],"about":[{"href":"https:\/\/maison-chance.org\/shop\/wp-json\/wp\/v2\/types\/product"}],"wp:featuredmedia":[{"embeddable":true,"href":"https:\/\/maison-chance.org\/shop\/wp-json\/wp\/v2\/media\/36969"}],"wp:attachment":[{"href":"https:\/\/maison-chance.org\/shop\/wp-json\/wp\/v2\/media?parent=36968"}],"wp:term":[{"taxonomy":"product_brand","embeddable":true,"href":"https:\/\/maison-chance.org\/shop\/wp-json\/wp\/v2\/product_brand?post=36968"},{"taxonomy":"product_cat","embeddable":true,"href":"https:\/\/maison-chance.org\/shop\/wp-json\/wp\/v2\/product_cat?post=36968"},{"taxonomy":"product_tag","embeddable":true,"href":"https:\/\/maison-chance.org\/shop\/wp-json\/wp\/v2\/product_tag?post=36968"}],"curies":[{"name":"wp","href":"https:\/\/api.w.org\/{rel}","templated":true}]}}