{"id":36983,"date":"2024-09-09T07:00:18","date_gmt":"2024-09-09T00:00:18","guid":{"rendered":"https:\/\/maison-chance.org\/shop\/?post_type=product&#038;p=36983"},"modified":"2025-02-24T13:22:07","modified_gmt":"2025-02-24T06:22:07","slug":"thu-nhoi-bong-hinh-con-gau-vai-tho-cam","status":"publish","type":"product","link":"https:\/\/maison-chance.org\/shop\/san-pham\/thu-nhoi-bong-hinh-con-gau-vai-tho-cam","title":{"rendered":"Con g\u1ea5u"},"content":{"rendered":"<p style=\"text-align: justify\">B\u1ea1n \u0111ang t\u00ecm m\u1ed9t m\u00f3n \u0111\u1ed3 v\u1eeba xinh v\u1eeba ch\u1ea5t \u0111\u1ec3 l\u00e0m m\u1edbi kh\u00f4ng gian s\u1ed1ng? Hay mu\u1ed1n t\u1eb7ng ai \u0111\u00f3 m\u1ed9t m\u00f3n qu\u00e0 \u0111\u00e1ng y\u00eau, \u0111\u1ea7y \u00fd ngh\u0129a?<br data-start=\"230\" data-end=\"233\" \/>G\u1ea5u nh\u1ed3i b\u00f4ng v\u1ea3i jean &amp; kate ch\u00ednh l\u00e0 \u201c\u1ee9ng c\u1eed vi\u00ean\u201d s\u00e1ng gi\u00e1!<\/p>\n<p style=\"text-align: justify\">Nh\u1ecf g\u1ecdn m\u00e0 \u0111\u00e1ng y\u00eau v\u00f4 \u0111\u1ed1i, k\u00edch th\u01b0\u1edbc ch\u1ec9 10 x 15 cm, <a href=\"https:\/\/maison-chance.org\/shop\/san-pham\/thu-nhoi-bong-hinh-con-gau-vai-tho-cam\">ch\u00fa g\u1ea5u nh\u1ed3i b\u00f4ng v\u1ea3i jean v\u00e0 kate<\/a> n\u00e0y vd\u1ec5 d\u00e0ng \u201c\u0111\u1ed1n tim\u201d b\u1ea5t k\u1ef3 ai ngay t\u1eeb c\u00e1i nh\u00ecn \u0111\u1ea7u ti\u00ean! To\u00e0n b\u1ed9 th\u00e2n h\u00ecnh c\u1ee7a n\u00f3 \u0111\u01b0\u1ee3c ph\u1ee7 b\u1edfi h\u1ecda ti\u1ebft ch\u1ea5m bi nh\u1ecf xinh si\u00eau d\u1ec5 th\u01b0\u01a1ng, v\u1eeba c\u1ed5 \u0111i\u1ec3n v\u1eeba tinh ngh\u1ecbch. \u0110\u1eb7c bi\u1ec7t, chi\u1ebfc n\u01a1 \u0111\u1ecf quanh c\u1ed5 c\u00e0ng l\u00e0m t\u0103ng th\u00eam s\u1ef1 nh\u00ed nh\u1ea3nh c\u1ee7a ch\u00fa g\u1ea5u.<\/p>\n<p data-start=\"783\" data-end=\"831\"><strong>Trang Tr\u00ed \u0110\u00e2u C\u0169ng \u0110\u1eb9p \u2013 \u0110\u1eb7t \u0110\u00e2u C\u0169ng Xinh<\/strong><\/p>\n<ul data-start=\"832\" data-end=\"1138\">\n<li data-start=\"832\" data-end=\"938\"><strong data-start=\"834\" data-end=\"850\">Ph\u00f2ng kh\u00e1ch:<\/strong> \u0110\u1eb7t tr\u00ean gh\u1ebf sofa hay k\u1ec7 trang tr\u00ed, \u0111\u1ea3m b\u1ea3o ai gh\u00e9 ch\u01a1i c\u0169ng ph\u1ea3i tr\u1ea7m tr\u1ed3 khen ng\u1ee3i.<\/li>\n<li data-start=\"939\" data-end=\"1033\"><strong data-start=\"941\" data-end=\"955\">Ph\u00f2ng ng\u1ee7:<\/strong> Ng\u01b0\u1eddi b\u1ea1n d\u1ec5 th\u01b0\u01a1ng n\u00e0y s\u1ebd khi\u1ebfn gi\u1ea5c ng\u1ee7 c\u1ee7a b\u1ea1n th\u00eam \u00eam \u0111\u1ec1m v\u00e0 ng\u1ecdt ng\u00e0o.<\/li>\n<li data-start=\"1034\" data-end=\"1138\"><strong data-start=\"1036\" data-end=\"1053\">B\u00e0n l\u00e0m vi\u1ec7c:<\/strong> \u0110\u1eb7t tr\u00ean g\u00f3c b\u00e0n, ch\u00fa g\u1ea5u nh\u1ecf s\u1ebd ti\u1ebfp th\u00eam ni\u1ec1m vui v\u00e0 c\u1ea3m h\u1ee9ng s\u00e1ng t\u1ea1o m\u1ed7i ng\u00e0y.<\/li>\n<\/ul>\n<p style=\"text-align: justify\">Kh\u00f4ng ch\u1ec9 l\u00e0 m\u1ed9t m\u00f3n \u0111\u1ed3 ch\u01a1i b\u00ecnh th\u01b0\u1eddng, s\u1ea3n ph\u1ea9m con g\u1ea5u nh\u1ed3i b\u00f4ng n\u00e0y c\u00f2n mang \u00fd ngh\u0129a s\u00e2u s\u1eafc h\u01a1n. \u0110\u00f3 l\u00e0 s\u1ef1 c\u1ed1ng hi\u1ebfn, n\u1ed7 l\u1ef1c v\u00e0 t\u00e0i n\u0103ng c\u1ee7a nh\u1eefng <a href=\"https:\/\/maison-chance.org\/shop\/phong-may\">ng\u01b0\u1eddi th\u1ee3 may khuy\u1ebft t\u1eadt<\/a> t\u1ea1i Nh\u00e0 May M\u1eafn. M\u1ed7i s\u1ea3n ph\u1ea9m nh\u01b0 th\u1ebf n\u00e0y l\u00e0 m\u1ed9t c\u00e2u chuy\u1ec7n v\u1ec1 s\u1ef1 v\u01b0\u1ee3t qua kh\u00f3 kh\u0103n, v\u1ec1 kh\u00e1t v\u1ecdng s\u1ed1ng c\u1ee7a nh\u1eefng con ng\u01b0\u1eddi \u0111\u1eb7c bi\u1ec7t.<\/p>\n<p style=\"text-align: justify\">\u0110\u1eebng \u0111\u1ec3 ch\u00fa g\u1ea5u d\u1ec5 th\u01b0\u01a1ng n\u00e0y \u0111\u1ee3i l\u00e2u th\u00eam n\u1eefa! Mua ngay h\u00f4m nay \u0111\u1ec3 lan t\u1ecfa ni\u1ec1m vui, y\u00eau th\u01b0\u01a1ng v\u00e0 c\u00f9ng Nh\u00e0 May M\u1eafn vi\u1ebft ti\u1ebfp nh\u1eefng c\u00e2u chuy\u1ec7n \u00fd ngh\u0129a!<br data-start=\"1729\" data-end=\"1732\" \/><strong data-start=\"1732\" data-end=\"1763\" data-is-last-node=\"\">Nhanh tay k\u1ebbo h\u1ebft h\u00e0ng nh\u00e9!<\/strong><\/p>\n","protected":false},"excerpt":{"rendered":"<p style=\"text-align: justify\">S\u1ea3n ph\u1ea9m do c\u00e1c b\u1ea1n khuy\u1ebft t\u1eadt k\u00e9m may m\u1eafn s\u1ea3n xu\u1ea5t th\u1ee7 c\u00f4ng k\u00ednh mong nh\u1eadn \u0111\u01b0\u1ee3c s\u1ef1 \u1ee7ng h\u1ed9 c\u1ee7a Qu\u00fd kh\u00e1ch h\u00e0ng.<\/p>\n<p>Ch\u1ea5t li\u1ec7u: V\u1ea3i linen + v\u1ebd th\u1ee7 c\u00f4ng<\/p>\n<p>Code: TC31TB<\/p>\n<p>Hotline : <span style=\"font-size: 20px\"><strong><span style=\"color: #ff0000\">0909 06 25 28<\/span><\/strong><\/span><\/p>\n<p style=\"text-align: justify\">N\u1ebfu b\u1ea1n \u1edf Vi\u1ec7t Nam vui l\u00f2ng li\u00ean h\u1ec7 ch\u00fang t\u00f4i theo s\u1ed1 hotline ho\u1eb7c fanpage doanh nghi\u1ec7p Nh\u00e0 May M\u1eafn ch\u00fang t\u00f4i \u0111\u1ec3 bi\u1ebft gi\u00e1 b\u00e1n t\u1ea1i Vi\u1ec7t Nam.<\/p>\n","protected":false},"featured_media":36984,"template":"","meta":[],"product_brand":[],"product_cat":[137,138],"product_tag":[],"class_list":{"0":"post-36983","1":"product","2":"type-product","3":"status-publish","4":"has-post-thumbnail","6":"product_cat-phong-may","7":"product_cat-thu-nhoi-bong","9":"first","10":"instock","11":"shipping-taxable","12":"purchasable","13":"product-type-simple"},"yoast_head":"<!-- This site is optimized with the Yoast SEO Premium plugin v22.7 (Yoast SEO v25.3.1) - https:\/\/yoast.com\/wordpress\/plugins\/seo\/ -->\n<title>Con g\u1ea5u- th\u00fa nh\u1ed3i b\u00f4ng v\u1ea3i Jean + Kate - Nh\u00e0 May M\u1eafn - Maison Chance<\/title>\n<meta name=\"description\" content=\"Con g\u1ea5u nh\u1ed3i b\u00f4ng v\u1ea3i jean v\u00e0 kate l\u00e0 s\u1ea3n ph\u1ea9m c\u1ee7a ng\u01b0\u1eddi khuy\u1ebft t\u1eadt n\u00e0y v\u1eeba v\u1eb7n \u0111\u1ec3 l\u00e0m \u0111\u1ed3 ch\u01a1i, trang tr\u00ed nh\u00e0 c\u1eeda hay l\u00e0m qu\u00e0 t\u1eb7ng cho ng\u01b0\u1eddi th\u00e2n.\" \/>\n<meta name=\"robots\" content=\"index, follow, max-snippet:-1, max-image-preview:large, max-video-preview:-1\" \/>\n<link rel=\"canonical\" href=\"https:\/\/maison-chance.org\/shop\/san-pham\/thu-nhoi-bong-hinh-con-gau-vai-tho-cam\" \/>\n<meta property=\"og:locale\" content=\"vi_VN\" \/>\n<meta property=\"og:type\" content=\"article\" \/>\n<meta property=\"og:title\" content=\"Con g\u1ea5u\" \/>\n<meta property=\"og:description\" content=\"Con g\u1ea5u nh\u1ed3i b\u00f4ng v\u1ea3i jean v\u00e0 kate l\u00e0 s\u1ea3n ph\u1ea9m c\u1ee7a ng\u01b0\u1eddi khuy\u1ebft t\u1eadt n\u00e0y v\u1eeba v\u1eb7n \u0111\u1ec3 l\u00e0m \u0111\u1ed3 ch\u01a1i, trang tr\u00ed nh\u00e0 c\u1eeda hay l\u00e0m qu\u00e0 t\u1eb7ng cho ng\u01b0\u1eddi th\u00e2n.\" \/>\n<meta property=\"og:url\" content=\"https:\/\/maison-chance.org\/shop\/san-pham\/thu-nhoi-bong-hinh-con-gau-vai-tho-cam\" \/>\n<meta property=\"og:site_name\" content=\"Nh\u00e0 May M\u1eafn - Maison Chance\" \/>\n<meta property=\"article:publisher\" content=\"https:\/\/www.facebook.com\/dnxh.nhamayman\/\" \/>\n<meta property=\"article:modified_time\" content=\"2025-02-24T06:22:07+00:00\" \/>\n<meta property=\"og:image\" content=\"https:\/\/maison-chance.org\/shop\/wp-content\/uploads\/2024\/04\/thu-nhoi-bong-hinh-con-gau-jena-vai-tho-cam-1.jpg\" \/>\n\t<meta property=\"og:image:width\" content=\"600\" \/>\n\t<meta property=\"og:image:height\" content=\"600\" \/>\n\t<meta property=\"og:image:type\" content=\"image\/jpeg\" \/>\n<meta name=\"twitter:card\" content=\"summary_large_image\" \/>\n<meta name=\"twitter:label1\" content=\"Gi\u00e1\" \/>\n\t<meta name=\"twitter:data1\" content=\"4.30&nbsp;&#036;\" \/>\n\t<meta name=\"twitter:label2\" content=\"Availability\" \/>\n\t<meta name=\"twitter:data2\" content=\"In stock\" \/>\n<script type=\"application\/ld+json\" class=\"yoast-schema-graph\">{\"@context\":\"https:\/\/schema.org\",\"@graph\":[{\"@type\":\"WebPage\",\"@id\":\"https:\/\/maison-chance.org\/shop\/san-pham\/thu-nhoi-bong-hinh-con-gau-vai-tho-cam\",\"url\":\"https:\/\/maison-chance.org\/shop\/san-pham\/thu-nhoi-bong-hinh-con-gau-vai-tho-cam\",\"name\":\"Con g\u1ea5u- th\u00fa nh\u1ed3i b\u00f4ng v\u1ea3i Jean + Kate - Nh\u00e0 May M\u1eafn - Maison Chance\",\"isPartOf\":{\"@id\":\"https:\/\/maison-chance.org\/shop\/#website\"},\"primaryImageOfPage\":{\"@id\":\"https:\/\/maison-chance.org\/shop\/san-pham\/thu-nhoi-bong-hinh-con-gau-vai-tho-cam#primaryimage\"},\"image\":{\"@id\":\"https:\/\/maison-chance.org\/shop\/san-pham\/thu-nhoi-bong-hinh-con-gau-vai-tho-cam#primaryimage\"},\"thumbnailUrl\":\"https:\/\/maison-chance.org\/shop\/wp-content\/uploads\/2024\/04\/thu-nhoi-bong-hinh-con-gau-jena-vai-tho-cam-1.jpg\",\"datePublished\":\"2024-09-09T00:00:18+00:00\",\"dateModified\":\"2025-02-24T06:22:07+00:00\",\"description\":\"Con g\u1ea5u nh\u1ed3i b\u00f4ng v\u1ea3i jean v\u00e0 kate l\u00e0 s\u1ea3n ph\u1ea9m c\u1ee7a ng\u01b0\u1eddi khuy\u1ebft t\u1eadt n\u00e0y v\u1eeba v\u1eb7n \u0111\u1ec3 l\u00e0m \u0111\u1ed3 ch\u01a1i, trang tr\u00ed nh\u00e0 c\u1eeda hay l\u00e0m qu\u00e0 t\u1eb7ng cho ng\u01b0\u1eddi th\u00e2n.\",\"breadcrumb\":{\"@id\":\"https:\/\/maison-chance.org\/shop\/san-pham\/thu-nhoi-bong-hinh-con-gau-vai-tho-cam#breadcrumb\"},\"inLanguage\":\"vi-VN\",\"potentialAction\":[{\"@type\":\"ReadAction\",\"target\":[\"https:\/\/maison-chance.org\/shop\/san-pham\/thu-nhoi-bong-hinh-con-gau-vai-tho-cam\"]}]},{\"@type\":\"ImageObject\",\"inLanguage\":\"vi-VN\",\"@id\":\"https:\/\/maison-chance.org\/shop\/san-pham\/thu-nhoi-bong-hinh-con-gau-vai-tho-cam#primaryimage\",\"url\":\"https:\/\/maison-chance.org\/shop\/wp-content\/uploads\/2024\/04\/thu-nhoi-bong-hinh-con-gau-jena-vai-tho-cam-1.jpg\",\"contentUrl\":\"https:\/\/maison-chance.org\/shop\/wp-content\/uploads\/2024\/04\/thu-nhoi-bong-hinh-con-gau-jena-vai-tho-cam-1.jpg\",\"width\":600,\"height\":600,\"caption\":\"Th\u00fa nh\u1ed3i b\u00f4ng h\u00ecnh con G\u1ea5u v\u1ea3i th\u1ed5 c\u1ea9m\"},{\"@type\":\"BreadcrumbList\",\"@id\":\"https:\/\/maison-chance.org\/shop\/san-pham\/thu-nhoi-bong-hinh-con-gau-vai-tho-cam#breadcrumb\",\"itemListElement\":[{\"@type\":\"ListItem\",\"position\":1,\"name\":\"Trang ch\u1ee7\",\"item\":\"https:\/\/maison-chance.org\/shop\/\"},{\"@type\":\"ListItem\",\"position\":2,\"name\":\"Shop\",\"item\":\"https:\/\/maison-chance.org\/shop\/shop\"},{\"@type\":\"ListItem\",\"position\":3,\"name\":\"Con g\u1ea5u\"}]},{\"@type\":\"WebSite\",\"@id\":\"https:\/\/maison-chance.org\/shop\/#website\",\"url\":\"https:\/\/maison-chance.org\/shop\/\",\"name\":\"Nh\u00e0 May M\u1eafn - Maison Chance\",\"description\":\"M\u1ecdi l\u1ee3i nhu\u1eadn thu v\u1ec1 t\u1eeb vi\u1ec7c b\u00e1n h\u00e0ng s\u1ebd tr\u00edch m\u1ed9t ph\u1ea7n \u0111\u1ec3 ch\u0103m lo cho \u0111\u1eddi s\u1ed1ng c\u00e1c b\u1ea1n khuy\u1ebft t\u1eadt v\u00e0 tr\u1ebb m\u1ed3 c\u00f4i \u1edf \u0111\u00e2y\",\"publisher\":{\"@id\":\"https:\/\/maison-chance.org\/shop\/#organization\"},\"potentialAction\":[{\"@type\":\"SearchAction\",\"target\":{\"@type\":\"EntryPoint\",\"urlTemplate\":\"https:\/\/maison-chance.org\/shop\/?s={search_term_string}\"},\"query-input\":{\"@type\":\"PropertyValueSpecification\",\"valueRequired\":true,\"valueName\":\"search_term_string\"}}],\"inLanguage\":\"vi-VN\"},{\"@type\":\"Organization\",\"@id\":\"https:\/\/maison-chance.org\/shop\/#organization\",\"name\":\"Nh\u00e0 May M\u1eafn - Maison Chance\",\"url\":\"https:\/\/maison-chance.org\/shop\/\",\"logo\":{\"@type\":\"ImageObject\",\"inLanguage\":\"vi-VN\",\"@id\":\"https:\/\/maison-chance.org\/shop\/#\/schema\/logo\/image\/\",\"url\":\"https:\/\/maison-chance.org\/shop\/wp-content\/uploads\/2024\/03\/cropped-Logo_DNXH.png\",\"contentUrl\":\"https:\/\/maison-chance.org\/shop\/wp-content\/uploads\/2024\/03\/cropped-Logo_DNXH.png\",\"width\":512,\"height\":512,\"caption\":\"Nh\u00e0 May M\u1eafn - Maison Chance\"},\"image\":{\"@id\":\"https:\/\/maison-chance.org\/shop\/#\/schema\/logo\/image\/\"},\"sameAs\":[\"https:\/\/www.facebook.com\/dnxh.nhamayman\/\"]}]}<\/script>\n<meta property=\"product:price:amount\" content=\"4.30\" \/>\n<meta property=\"product:price:currency\" content=\"USD\" \/>\n<meta property=\"og:availability\" content=\"instock\" \/>\n<meta property=\"product:availability\" content=\"instock\" \/>\n<meta property=\"product:condition\" content=\"new\" \/>\n<!-- \/ Yoast SEO Premium plugin. -->","yoast_head_json":{"title":"Con g\u1ea5u- th\u00fa nh\u1ed3i b\u00f4ng v\u1ea3i Jean + Kate - Nh\u00e0 May M\u1eafn - Maison Chance","description":"Con g\u1ea5u nh\u1ed3i b\u00f4ng v\u1ea3i jean v\u00e0 kate l\u00e0 s\u1ea3n ph\u1ea9m c\u1ee7a ng\u01b0\u1eddi khuy\u1ebft t\u1eadt n\u00e0y v\u1eeba v\u1eb7n \u0111\u1ec3 l\u00e0m \u0111\u1ed3 ch\u01a1i, trang tr\u00ed nh\u00e0 c\u1eeda hay l\u00e0m qu\u00e0 t\u1eb7ng cho ng\u01b0\u1eddi th\u00e2n.","robots":{"index":"index","follow":"follow","max-snippet":"max-snippet:-1","max-image-preview":"max-image-preview:large","max-video-preview":"max-video-preview:-1"},"canonical":"https:\/\/maison-chance.org\/shop\/san-pham\/thu-nhoi-bong-hinh-con-gau-vai-tho-cam","og_locale":"vi_VN","og_type":"article","og_title":"Con g\u1ea5u","og_description":"Con g\u1ea5u nh\u1ed3i b\u00f4ng v\u1ea3i jean v\u00e0 kate l\u00e0 s\u1ea3n ph\u1ea9m c\u1ee7a ng\u01b0\u1eddi khuy\u1ebft t\u1eadt n\u00e0y v\u1eeba v\u1eb7n \u0111\u1ec3 l\u00e0m \u0111\u1ed3 ch\u01a1i, trang tr\u00ed nh\u00e0 c\u1eeda hay l\u00e0m qu\u00e0 t\u1eb7ng cho ng\u01b0\u1eddi th\u00e2n.","og_url":"https:\/\/maison-chance.org\/shop\/san-pham\/thu-nhoi-bong-hinh-con-gau-vai-tho-cam","og_site_name":"Nh\u00e0 May M\u1eafn - Maison Chance","article_publisher":"https:\/\/www.facebook.com\/dnxh.nhamayman\/","article_modified_time":"2025-02-24T06:22:07+00:00","og_image":[{"width":600,"height":600,"url":"https:\/\/maison-chance.org\/shop\/wp-content\/uploads\/2024\/04\/thu-nhoi-bong-hinh-con-gau-jena-vai-tho-cam-1.jpg","type":"image\/jpeg"}],"twitter_card":"summary_large_image","twitter_misc":{"Gi\u00e1":"4.30&nbsp;&#36;","Availability":"In stock"},"schema":{"@context":"https:\/\/schema.org","@graph":[{"@type":"WebPage","@id":"https:\/\/maison-chance.org\/shop\/san-pham\/thu-nhoi-bong-hinh-con-gau-vai-tho-cam","url":"https:\/\/maison-chance.org\/shop\/san-pham\/thu-nhoi-bong-hinh-con-gau-vai-tho-cam","name":"Con g\u1ea5u- th\u00fa nh\u1ed3i b\u00f4ng v\u1ea3i Jean + Kate - Nh\u00e0 May M\u1eafn - Maison Chance","isPartOf":{"@id":"https:\/\/maison-chance.org\/shop\/#website"},"primaryImageOfPage":{"@id":"https:\/\/maison-chance.org\/shop\/san-pham\/thu-nhoi-bong-hinh-con-gau-vai-tho-cam#primaryimage"},"image":{"@id":"https:\/\/maison-chance.org\/shop\/san-pham\/thu-nhoi-bong-hinh-con-gau-vai-tho-cam#primaryimage"},"thumbnailUrl":"https:\/\/maison-chance.org\/shop\/wp-content\/uploads\/2024\/04\/thu-nhoi-bong-hinh-con-gau-jena-vai-tho-cam-1.jpg","datePublished":"2024-09-09T00:00:18+00:00","dateModified":"2025-02-24T06:22:07+00:00","description":"Con g\u1ea5u nh\u1ed3i b\u00f4ng v\u1ea3i jean v\u00e0 kate l\u00e0 s\u1ea3n ph\u1ea9m c\u1ee7a ng\u01b0\u1eddi khuy\u1ebft t\u1eadt n\u00e0y v\u1eeba v\u1eb7n \u0111\u1ec3 l\u00e0m \u0111\u1ed3 ch\u01a1i, trang tr\u00ed nh\u00e0 c\u1eeda hay l\u00e0m qu\u00e0 t\u1eb7ng cho ng\u01b0\u1eddi th\u00e2n.","breadcrumb":{"@id":"https:\/\/maison-chance.org\/shop\/san-pham\/thu-nhoi-bong-hinh-con-gau-vai-tho-cam#breadcrumb"},"inLanguage":"vi-VN","potentialAction":[{"@type":"ReadAction","target":["https:\/\/maison-chance.org\/shop\/san-pham\/thu-nhoi-bong-hinh-con-gau-vai-tho-cam"]}]},{"@type":"ImageObject","inLanguage":"vi-VN","@id":"https:\/\/maison-chance.org\/shop\/san-pham\/thu-nhoi-bong-hinh-con-gau-vai-tho-cam#primaryimage","url":"https:\/\/maison-chance.org\/shop\/wp-content\/uploads\/2024\/04\/thu-nhoi-bong-hinh-con-gau-jena-vai-tho-cam-1.jpg","contentUrl":"https:\/\/maison-chance.org\/shop\/wp-content\/uploads\/2024\/04\/thu-nhoi-bong-hinh-con-gau-jena-vai-tho-cam-1.jpg","width":600,"height":600,"caption":"Th\u00fa nh\u1ed3i b\u00f4ng h\u00ecnh con G\u1ea5u v\u1ea3i th\u1ed5 c\u1ea9m"},{"@type":"BreadcrumbList","@id":"https:\/\/maison-chance.org\/shop\/san-pham\/thu-nhoi-bong-hinh-con-gau-vai-tho-cam#breadcrumb","itemListElement":[{"@type":"ListItem","position":1,"name":"Trang ch\u1ee7","item":"https:\/\/maison-chance.org\/shop\/"},{"@type":"ListItem","position":2,"name":"Shop","item":"https:\/\/maison-chance.org\/shop\/shop"},{"@type":"ListItem","position":3,"name":"Con g\u1ea5u"}]},{"@type":"WebSite","@id":"https:\/\/maison-chance.org\/shop\/#website","url":"https:\/\/maison-chance.org\/shop\/","name":"Nh\u00e0 May M\u1eafn - Maison Chance","description":"M\u1ecdi l\u1ee3i nhu\u1eadn thu v\u1ec1 t\u1eeb vi\u1ec7c b\u00e1n h\u00e0ng s\u1ebd tr\u00edch m\u1ed9t ph\u1ea7n \u0111\u1ec3 ch\u0103m lo cho \u0111\u1eddi s\u1ed1ng c\u00e1c b\u1ea1n khuy\u1ebft t\u1eadt v\u00e0 tr\u1ebb m\u1ed3 c\u00f4i \u1edf \u0111\u00e2y","publisher":{"@id":"https:\/\/maison-chance.org\/shop\/#organization"},"potentialAction":[{"@type":"SearchAction","target":{"@type":"EntryPoint","urlTemplate":"https:\/\/maison-chance.org\/shop\/?s={search_term_string}"},"query-input":{"@type":"PropertyValueSpecification","valueRequired":true,"valueName":"search_term_string"}}],"inLanguage":"vi-VN"},{"@type":"Organization","@id":"https:\/\/maison-chance.org\/shop\/#organization","name":"Nh\u00e0 May M\u1eafn - Maison Chance","url":"https:\/\/maison-chance.org\/shop\/","logo":{"@type":"ImageObject","inLanguage":"vi-VN","@id":"https:\/\/maison-chance.org\/shop\/#\/schema\/logo\/image\/","url":"https:\/\/maison-chance.org\/shop\/wp-content\/uploads\/2024\/03\/cropped-Logo_DNXH.png","contentUrl":"https:\/\/maison-chance.org\/shop\/wp-content\/uploads\/2024\/03\/cropped-Logo_DNXH.png","width":512,"height":512,"caption":"Nh\u00e0 May M\u1eafn - Maison Chance"},"image":{"@id":"https:\/\/maison-chance.org\/shop\/#\/schema\/logo\/image\/"},"sameAs":["https:\/\/www.facebook.com\/dnxh.nhamayman\/"]}]},"product_price_amount":"4.30","product_price_currency":"USD","og_availability":"instock","product_availability":"instock","product_condition":"new"},"_links":{"self":[{"href":"https:\/\/maison-chance.org\/shop\/wp-json\/wp\/v2\/product\/36983","targetHints":{"allow":["GET"]}}],"collection":[{"href":"https:\/\/maison-chance.org\/shop\/wp-json\/wp\/v2\/product"}],"about":[{"href":"https:\/\/maison-chance.org\/shop\/wp-json\/wp\/v2\/types\/product"}],"wp:featuredmedia":[{"embeddable":true,"href":"https:\/\/maison-chance.org\/shop\/wp-json\/wp\/v2\/media\/36984"}],"wp:attachment":[{"href":"https:\/\/maison-chance.org\/shop\/wp-json\/wp\/v2\/media?parent=36983"}],"wp:term":[{"taxonomy":"product_brand","embeddable":true,"href":"https:\/\/maison-chance.org\/shop\/wp-json\/wp\/v2\/product_brand?post=36983"},{"taxonomy":"product_cat","embeddable":true,"href":"https:\/\/maison-chance.org\/shop\/wp-json\/wp\/v2\/product_cat?post=36983"},{"taxonomy":"product_tag","embeddable":true,"href":"https:\/\/maison-chance.org\/shop\/wp-json\/wp\/v2\/product_tag?post=36983"}],"curies":[{"name":"wp","href":"https:\/\/api.w.org\/{rel}","templated":true}]}}