{"id":36995,"date":"2024-09-03T07:03:44","date_gmt":"2024-09-03T00:03:44","guid":{"rendered":"https:\/\/maison-chance.org\/shop\/?post_type=product&#038;p=36995"},"modified":"2025-02-24T12:25:37","modified_gmt":"2025-02-24T05:25:37","slug":"te-giac-vai-bo","status":"publish","type":"product","link":"https:\/\/maison-chance.org\/shop\/san-pham\/te-giac-vai-bo","title":{"rendered":"T\u00ea gi\u00e1c"},"content":{"rendered":"<p style=\"text-align: justify\"><strong><a href=\"https:\/\/maison-chance.org\/shop\/thu-nhoi-bong\">Con t\u00ea gi\u00e1c nh\u1ed3i b\u00f4ng<\/a> v\u1ea3i b\u1ed1 + th\u1ed5 c\u1ea9m: S\u1ef1 giao thoa \u0111\u1ea7y ngh\u1ec7 thu\u1eadt gi\u1eefa truy\u1ec1n th\u1ed1ng v\u00e0 hi\u1ec7n \u0111\u1ea1i.<\/strong><\/p>\n<p style=\"text-align: justify\">V\u1edbi k\u00edch th\u01b0\u1edbc nh\u1ecf g\u1ecdn 14 x 28 cm, s\u1ea3n ph\u1ea9m n\u00e0y d\u1ec5 d\u00e0ng tr\u1edf th\u00e0nh t\u00e2m \u0111i\u1ec3m thu h\u00fat \u00e1nh nh\u00ecn khi \u0111\u1eb7t \u1edf b\u1ea5t k\u1ef3 kh\u00f4ng gian n\u00e0o. Ph\u1ea7n th\u00e2n \u0111\u01b0\u1ee3c l\u00e0m t\u1eeb v\u1ea3i b\u1ed1 m\u1ec1m m\u1ea1i m\u00e0u kem nh\u1eb9 nh\u00e0ng, t\u1ea1o n\u00ean v\u1ebb \u0111\u1eb9p gi\u1ea3n d\u1ecb m\u00e0 tinh t\u1ebf. \u0110i\u1ec3m nh\u1ea5n \u0111\u1eb7c bi\u1ec7t n\u1eb1m \u1edf nh\u1eefng chi ti\u1ebft trang tr\u00ed b\u1eb1ng v\u1ea3i th\u1ed5 c\u1ea9m \u0111\u1ea7y m\u00e0u s\u1eafc \u1edf tai, ch\u00e2n v\u00e0 \u0111u\u00f4i, mang \u0111\u1ebfn s\u1ef1 sinh \u0111\u1ed9ng t\u01b0\u01a1i vui m\u00e0 v\u1eabn gi\u1eef \u0111\u01b0\u1ee3c n\u00e9t \u0111\u1eb9p truy\u1ec1n th\u1ed1ng c\u1ee7a v\u0103n h\u00f3a d\u00e2n t\u1ed9c Vi\u1ec7t Nam.<\/p>\n<p><strong>Ph\u00f9 h\u1ee3p v\u1edbi m\u1ecdi phong c\u00e1ch n\u1ed9i th\u1ea5t.<\/strong><\/p>\n<p style=\"text-align: justify\">Kh\u00f4ng ch\u1ec9 l\u00e0 m\u1ed9t m\u00f3n \u0111\u1ed3 trang tr\u00ed, con <a href=\"https:\/\/maison-chance.org\/shop\/phong-may\">t\u00ea gi\u00e1c nh\u1ed3i b\u00f4ng<\/a> c\u00f2n l\u00e0 ng\u01b0\u1eddi b\u1ea1n \u0111\u1ed3ng h\u00e0nh l\u00fd t\u01b0\u1edfng trong cu\u1ed9c s\u1ed1ng h\u00e0ng ng\u00e0y. \u0110\u1eb7t n\u00f3 tr\u00ean k\u1ec7 s\u00e1ch, b\u00e0n l\u00e0m vi\u1ec7c hay gi\u01b0\u1eddng ng\u1ee7, b\u1ea1n s\u1ebd c\u1ea3m nh\u1eadn \u0111\u01b0\u1ee3c kh\u00f4ng kh\u00ed \u1ea5m \u00e1p v\u00e0 th\u00e2n thi\u1ec7n lan t\u1ecfa trong c\u0103n ph\u00f2ng. V\u1edbi c\u00e1c b\u00e9 nh\u1ecf, \u0111\u00e2y c\u00f3 th\u1ec3 l\u00e0 m\u1ed9t ng\u01b0\u1eddi b\u1ea1n \u0111\u00e1ng y\u00eau, khuy\u1ebfn kh\u00edch tr\u00ed t\u01b0\u1edfng t\u01b0\u1ee3ng v\u00e0 t\u00ecnh y\u00eau thi\u00ean nhi\u00ean &#8211; \u0111\u1ed9ng v\u1eadt.<\/p>\n<p style=\"text-align: justify\">S\u1ea3n ph\u1ea9m n\u00e0y c\u00f2n l\u00e0 l\u1ef1a ch\u1ecdn ho\u00e0n h\u1ea3o cho nh\u1eefng ai y\u00eau th\u00edch phong c\u00e1ch n\u1ed9i th\u1ea5t m\u1ed9c m\u1ea1c, g\u1ea7n g\u0169i v\u1edbi thi\u00ean nhi\u00ean. B\u1ea1n c\u00f3 th\u1ec3 k\u1ebft h\u1ee3p n\u00f3 v\u1edbi c\u00e1c v\u1eadt d\u1ee5ng b\u1eb1ng g\u1ed7, c\u00e2y c\u1ea3nh \u0111\u1ec3 t\u1ea1o n\u00ean m\u1ed9t g\u00f3c nh\u1ecf \u0111\u1ea7y c\u1ea3m h\u1ee9ng trong ng\u00f4i nh\u00e0 c\u1ee7a m\u00ecnh.<\/p>\n<p style=\"text-align: justify\">\u0110\u1ed1i v\u1edbi nh\u1eefng kh\u00f4ng gian hi\u1ec7n \u0111\u1ea1i, <a href=\"https:\/\/maison-chance.org\/shop\/san-pham\/te-giac-vai-bo\">con t\u00ea gi\u00e1c nh\u1ed3i b\u00f4ng v\u1ea3i b\u1ed1<\/a> s\u1ebd l\u00e0 \u0111i\u1ec3m nh\u1ea5n th\u00fa v\u1ecb, t\u1ea1o n\u00ean s\u1ef1 c\u00e2n b\u1eb1ng v\u00e0 h\u00e0i h\u00f2a.<\/p>\n<p><strong>Mang v\u1ec1 nh\u00e0 m\u1ed9t t\u00e1c ph\u1ea9m ngh\u1ec7 thu\u1eadt nh\u1ecf, lan t\u1ecfa gi\u00e1 tr\u1ecb l\u1edbn.<\/strong><\/p>\n<p style=\"text-align: justify\">H\u01a1n c\u1ea3 m\u1ed9t m\u00f3n \u0111\u1ed3 trang tr\u00ed, m\u1ed7i con t\u00ea gi\u00e1c nh\u1ed3i b\u00f4ng c\u00f2n mang trong m\u00ecnh c\u00e2u chuy\u1ec7n v\u1ec1 ngh\u1ecb l\u1ef1c v\u00e0 hy v\u1ecdng. \u0110\u01b0\u1ee3c t\u1ea1o ra b\u1edfi \u0111\u00f4i b\u00e0n tay kh\u00e9o l\u00e9o c\u1ee7a c\u00e1c th\u1ee3 may khuy\u1ebft t\u1eadt t\u1ea1i Nh\u00e0 May M\u1eafn, s\u1ea3n ph\u1ea9m n\u00e0y l\u00e0 bi\u1ec3u t\u01b0\u1ee3ng c\u1ee7a s\u1ef1 v\u01b0\u1ee3t kh\u00f3 v\u00e0 ni\u1ec1m \u0111am m\u00ea s\u00e1ng t\u1ea1o. Khi mua s\u1ea3n ph\u1ea9m n\u00e0y, b\u1ea1n kh\u00f4ng ch\u1ec9 s\u1edf h\u1eefu m\u1ed9t m\u00f3n \u0111\u1ed3 \u0111\u1ed9c \u0111\u00e1o m\u00e0 c\u00f2n \u0111\u00f3ng g\u00f3p v\u00e0o vi\u1ec7c t\u1ea1o c\u00f4ng \u0103n vi\u1ec7c l\u00e0m v\u00e0 n\u00e2ng cao ch\u1ea5t l\u01b0\u1ee3ng cu\u1ed9c s\u1ed1ng cho nh\u1eefng ng\u01b0\u1eddi khuy\u1ebft t\u1eadt.<\/p>\n<p style=\"text-align: justify\">H\u00e3y m\u1edf r\u1ed9ng tr\u00e1i tim v\u00e0 \u0111\u00f3n nh\u1eadn con t\u00ea gi\u00e1c nh\u1ed3i b\u00f4ng TC33TB v\u1ec1 t\u1ed5 \u1ea5m c\u1ee7a b\u1ea1n ngay h\u00f4m nay. B\u1eb1ng c\u00e1ch n\u00e0y, b\u1ea1n kh\u00f4ng ch\u1ec9 l\u00e0m \u0111\u1eb9p kh\u00f4ng gian s\u1ed1ng m\u00e0 c\u00f2n g\u00f3p ph\u1ea7n lan t\u1ecfa t\u00ecnh y\u00eau th\u01b0\u01a1ng v\u00e0 s\u1ef1 chia s\u1ebb trong c\u1ed9ng \u0111\u1ed3ng. M\u1ed7i s\u1ea3n ph\u1ea9m \u0111\u01b0\u1ee3c b\u00e1n ra l\u00e0 m\u1ed9t l\u1eddi c\u1ea3m \u01a1n ch\u00e2n th\u00e0nh t\u1eeb c\u00e1c th\u1ee3 may khuy\u1ebft t\u1eadt t\u1ea1i <a href=\"https:\/\/maison-chance.org\/shop\">Nh\u00e0 May M\u1eafn<\/a>, v\u00e0 l\u00e0 \u0111\u1ed9ng l\u1ef1c \u0111\u1ec3 h\u1ecd ti\u1ebfp t\u1ee5c theo \u0111u\u1ed5i \u0111am m\u00ea, v\u01b0\u1ee3t qua kh\u00f3 kh\u0103n.<\/p>\n","protected":false},"excerpt":{"rendered":"<p style=\"text-align: justify\">S\u1ea3n ph\u1ea9m do c\u00e1c b\u1ea1n khuy\u1ebft t\u1eadt k\u00e9m may m\u1eafn s\u1ea3n xu\u1ea5t th\u1ee7 c\u00f4ng k\u00ednh mong nh\u1eadn \u0111\u01b0\u1ee3c s\u1ef1 \u1ee7ng h\u1ed9 c\u1ee7a Qu\u00fd kh\u00e1ch h\u00e0ng.<\/p>\n<p>Ch\u1ea5t li\u1ec7u: V\u1ea3i b\u1ed1 + th\u1ed5 c\u1ea9m<\/p>\n<p>Code: TC33TB<\/p>\n<p>Hotline : <span style=\"font-size: 20px\"><strong><span style=\"color: #ff0000\">0909 06 25 28<\/span><\/strong><\/span><\/p>\n<p style=\"text-align: justify\">N\u1ebfu b\u1ea1n \u1edf Vi\u1ec7t Nam vui l\u00f2ng li\u00ean h\u1ec7 ch\u00fang t\u00f4i theo s\u1ed1 hotline ho\u1eb7c fanpage doanh nghi\u1ec7p Nh\u00e0 May M\u1eafn ch\u00fang t\u00f4i \u0111\u1ec3 bi\u1ebft gi\u00e1 b\u00e1n t\u1ea1i Vi\u1ec7t Nam.<\/p>\n<p>B\u1ea3ng gi\u00e1 giao h\u00e0ng qu\u1ed1c t\u1ebf tham kh\u1ea3o :<\/p>\n<table>\n<thead>\n<tr>\n<th>KG<\/th>\n<th>Ch\u00e2u \u00c2u<\/th>\n<th>Ch\u00e2u M\u1ef9<\/th>\n<th>Ch\u00e2u \u00c1<\/th>\n<\/tr>\n<\/thead>\n<tbody>\n<tr>\n<td>0.5<\/td>\n<td>1.244.206<\/td>\n<td>1.639.022<\/td>\n<td>1.001.072<\/td>\n<\/tr>\n<tr>\n<td>1.0<\/td>\n<td>1.550.288<\/td>\n<td>2.036.567<\/td>\n<td>1.198.539<\/td>\n<\/tr>\n<tr>\n<td>1.5<\/td>\n<td>1.853.529<\/td>\n<td>2.437.063<\/td>\n<td>1.396.006<\/td>\n<\/tr>\n<tr>\n<td>2.0<\/td>\n<td>2.156.770<\/td>\n<td>2.837.559<\/td>\n<td>1.593.473<\/td>\n<\/tr>\n<\/tbody>\n<\/table>\n","protected":false},"featured_media":36996,"template":"","meta":[],"product_brand":[],"product_cat":[137,138],"product_tag":[],"class_list":{"0":"post-36995","1":"product","2":"type-product","3":"status-publish","4":"has-post-thumbnail","6":"product_cat-phong-may","7":"product_cat-thu-nhoi-bong","9":"first","10":"instock","11":"shipping-taxable","12":"purchasable","13":"product-type-simple"},"yoast_head":"<!-- This site is optimized with the Yoast SEO Premium plugin v22.7 (Yoast SEO v25.3.1) - https:\/\/yoast.com\/wordpress\/plugins\/seo\/ -->\n<title>T\u00ea gi\u00e1c - th\u00fa nh\u1ed3i b\u00f4ng v\u1ea3i b\u1ed1 v\u00e0 th\u1ed5 c\u1ea9m - Nh\u00e0 May M\u1eafn - Maison Chance<\/title>\n<meta name=\"description\" content=\"Con t\u00ea gi\u00e1c nh\u1ed3i b\u00f4ng v\u1ea3i b\u1ed1 + th\u1ed5 c\u1ea9m c\u1ee7a Nh\u00e0 May M\u1eafn : minh ch\u1ee9ng s\u1ed1ng \u0111\u1ed9ng cho s\u1ef1 k\u1ebft h\u1ee3p tinh t\u1ebf gi\u1eefa truy\u1ec1n th\u1ed1ng v\u00e0 hi\u1ec7n \u0111\u1ea1i, \u0111i\u1ec3m nh\u1ea5n \u1ea5n t\u01b0\u1ee3ng trong kh\u00f4ng gian s\u1ed1ng c\u1ee7a b\u1ea1n\" \/>\n<meta name=\"robots\" content=\"index, follow, max-snippet:-1, max-image-preview:large, max-video-preview:-1\" \/>\n<link rel=\"canonical\" href=\"https:\/\/maison-chance.org\/shop\/san-pham\/te-giac-vai-bo\" \/>\n<meta property=\"og:locale\" content=\"vi_VN\" \/>\n<meta property=\"og:type\" content=\"article\" \/>\n<meta property=\"og:title\" content=\"T\u00ea gi\u00e1c\" \/>\n<meta property=\"og:description\" content=\"Con t\u00ea gi\u00e1c nh\u1ed3i b\u00f4ng v\u1ea3i b\u1ed1 + th\u1ed5 c\u1ea9m c\u1ee7a Nh\u00e0 May M\u1eafn : minh ch\u1ee9ng s\u1ed1ng \u0111\u1ed9ng cho s\u1ef1 k\u1ebft h\u1ee3p tinh t\u1ebf gi\u1eefa truy\u1ec1n th\u1ed1ng v\u00e0 hi\u1ec7n \u0111\u1ea1i, \u0111i\u1ec3m nh\u1ea5n \u1ea5n t\u01b0\u1ee3ng trong kh\u00f4ng gian s\u1ed1ng c\u1ee7a b\u1ea1n\" \/>\n<meta property=\"og:url\" content=\"https:\/\/maison-chance.org\/shop\/san-pham\/te-giac-vai-bo\" \/>\n<meta property=\"og:site_name\" content=\"Nh\u00e0 May M\u1eafn - Maison Chance\" \/>\n<meta property=\"article:publisher\" content=\"https:\/\/www.facebook.com\/dnxh.nhamayman\/\" \/>\n<meta property=\"article:modified_time\" content=\"2025-02-24T05:25:37+00:00\" \/>\n<meta property=\"og:image\" content=\"https:\/\/maison-chance.org\/shop\/wp-content\/uploads\/2024\/04\/thu-nhoi-bong-hinh-con-te-giac-vai-bo-4-1.jpg\" \/>\n\t<meta property=\"og:image:width\" content=\"600\" \/>\n\t<meta property=\"og:image:height\" content=\"600\" \/>\n\t<meta property=\"og:image:type\" content=\"image\/jpeg\" \/>\n<meta name=\"twitter:card\" content=\"summary_large_image\" \/>\n<meta name=\"twitter:label1\" content=\"Gi\u00e1\" \/>\n\t<meta name=\"twitter:data1\" content=\"4.80&nbsp;&#036;\" \/>\n\t<meta name=\"twitter:label2\" content=\"Availability\" \/>\n\t<meta name=\"twitter:data2\" content=\"In stock\" \/>\n<script type=\"application\/ld+json\" class=\"yoast-schema-graph\">{\"@context\":\"https:\/\/schema.org\",\"@graph\":[{\"@type\":\"WebPage\",\"@id\":\"https:\/\/maison-chance.org\/shop\/san-pham\/te-giac-vai-bo\",\"url\":\"https:\/\/maison-chance.org\/shop\/san-pham\/te-giac-vai-bo\",\"name\":\"T\u00ea gi\u00e1c - th\u00fa nh\u1ed3i b\u00f4ng v\u1ea3i b\u1ed1 v\u00e0 th\u1ed5 c\u1ea9m - Nh\u00e0 May M\u1eafn - Maison Chance\",\"isPartOf\":{\"@id\":\"https:\/\/maison-chance.org\/shop\/#website\"},\"primaryImageOfPage\":{\"@id\":\"https:\/\/maison-chance.org\/shop\/san-pham\/te-giac-vai-bo#primaryimage\"},\"image\":{\"@id\":\"https:\/\/maison-chance.org\/shop\/san-pham\/te-giac-vai-bo#primaryimage\"},\"thumbnailUrl\":\"https:\/\/maison-chance.org\/shop\/wp-content\/uploads\/2024\/04\/thu-nhoi-bong-hinh-con-te-giac-vai-bo-4-1.jpg\",\"datePublished\":\"2024-09-03T00:03:44+00:00\",\"dateModified\":\"2025-02-24T05:25:37+00:00\",\"description\":\"Con t\u00ea gi\u00e1c nh\u1ed3i b\u00f4ng v\u1ea3i b\u1ed1 + th\u1ed5 c\u1ea9m c\u1ee7a Nh\u00e0 May M\u1eafn : minh ch\u1ee9ng s\u1ed1ng \u0111\u1ed9ng cho s\u1ef1 k\u1ebft h\u1ee3p tinh t\u1ebf gi\u1eefa truy\u1ec1n th\u1ed1ng v\u00e0 hi\u1ec7n \u0111\u1ea1i, \u0111i\u1ec3m nh\u1ea5n \u1ea5n t\u01b0\u1ee3ng trong kh\u00f4ng gian s\u1ed1ng c\u1ee7a b\u1ea1n\",\"breadcrumb\":{\"@id\":\"https:\/\/maison-chance.org\/shop\/san-pham\/te-giac-vai-bo#breadcrumb\"},\"inLanguage\":\"vi-VN\",\"potentialAction\":[{\"@type\":\"ReadAction\",\"target\":[\"https:\/\/maison-chance.org\/shop\/san-pham\/te-giac-vai-bo\"]}]},{\"@type\":\"ImageObject\",\"inLanguage\":\"vi-VN\",\"@id\":\"https:\/\/maison-chance.org\/shop\/san-pham\/te-giac-vai-bo#primaryimage\",\"url\":\"https:\/\/maison-chance.org\/shop\/wp-content\/uploads\/2024\/04\/thu-nhoi-bong-hinh-con-te-giac-vai-bo-4-1.jpg\",\"contentUrl\":\"https:\/\/maison-chance.org\/shop\/wp-content\/uploads\/2024\/04\/thu-nhoi-bong-hinh-con-te-giac-vai-bo-4-1.jpg\",\"width\":600,\"height\":600,\"caption\":\"T\u00ea Gi\u00e1c v\u1ea3i b\u1ed1\"},{\"@type\":\"BreadcrumbList\",\"@id\":\"https:\/\/maison-chance.org\/shop\/san-pham\/te-giac-vai-bo#breadcrumb\",\"itemListElement\":[{\"@type\":\"ListItem\",\"position\":1,\"name\":\"Trang ch\u1ee7\",\"item\":\"https:\/\/maison-chance.org\/shop\/\"},{\"@type\":\"ListItem\",\"position\":2,\"name\":\"Shop\",\"item\":\"https:\/\/maison-chance.org\/shop\/shop\"},{\"@type\":\"ListItem\",\"position\":3,\"name\":\"T\u00ea gi\u00e1c\"}]},{\"@type\":\"WebSite\",\"@id\":\"https:\/\/maison-chance.org\/shop\/#website\",\"url\":\"https:\/\/maison-chance.org\/shop\/\",\"name\":\"Nh\u00e0 May M\u1eafn - Maison Chance\",\"description\":\"M\u1ecdi l\u1ee3i nhu\u1eadn thu v\u1ec1 t\u1eeb vi\u1ec7c b\u00e1n h\u00e0ng s\u1ebd tr\u00edch m\u1ed9t ph\u1ea7n \u0111\u1ec3 ch\u0103m lo cho \u0111\u1eddi s\u1ed1ng c\u00e1c b\u1ea1n khuy\u1ebft t\u1eadt v\u00e0 tr\u1ebb m\u1ed3 c\u00f4i \u1edf \u0111\u00e2y\",\"publisher\":{\"@id\":\"https:\/\/maison-chance.org\/shop\/#organization\"},\"potentialAction\":[{\"@type\":\"SearchAction\",\"target\":{\"@type\":\"EntryPoint\",\"urlTemplate\":\"https:\/\/maison-chance.org\/shop\/?s={search_term_string}\"},\"query-input\":{\"@type\":\"PropertyValueSpecification\",\"valueRequired\":true,\"valueName\":\"search_term_string\"}}],\"inLanguage\":\"vi-VN\"},{\"@type\":\"Organization\",\"@id\":\"https:\/\/maison-chance.org\/shop\/#organization\",\"name\":\"Nh\u00e0 May M\u1eafn - Maison Chance\",\"url\":\"https:\/\/maison-chance.org\/shop\/\",\"logo\":{\"@type\":\"ImageObject\",\"inLanguage\":\"vi-VN\",\"@id\":\"https:\/\/maison-chance.org\/shop\/#\/schema\/logo\/image\/\",\"url\":\"https:\/\/maison-chance.org\/shop\/wp-content\/uploads\/2024\/03\/cropped-Logo_DNXH.png\",\"contentUrl\":\"https:\/\/maison-chance.org\/shop\/wp-content\/uploads\/2024\/03\/cropped-Logo_DNXH.png\",\"width\":512,\"height\":512,\"caption\":\"Nh\u00e0 May M\u1eafn - Maison Chance\"},\"image\":{\"@id\":\"https:\/\/maison-chance.org\/shop\/#\/schema\/logo\/image\/\"},\"sameAs\":[\"https:\/\/www.facebook.com\/dnxh.nhamayman\/\"]}]}<\/script>\n<meta property=\"product:price:amount\" content=\"4.80\" \/>\n<meta property=\"product:price:currency\" content=\"USD\" \/>\n<meta property=\"og:availability\" content=\"instock\" \/>\n<meta property=\"product:availability\" content=\"instock\" \/>\n<meta property=\"product:condition\" content=\"new\" \/>\n<!-- \/ Yoast SEO Premium plugin. -->","yoast_head_json":{"title":"T\u00ea gi\u00e1c - th\u00fa nh\u1ed3i b\u00f4ng v\u1ea3i b\u1ed1 v\u00e0 th\u1ed5 c\u1ea9m - Nh\u00e0 May M\u1eafn - Maison Chance","description":"Con t\u00ea gi\u00e1c nh\u1ed3i b\u00f4ng v\u1ea3i b\u1ed1 + th\u1ed5 c\u1ea9m c\u1ee7a Nh\u00e0 May M\u1eafn : minh ch\u1ee9ng s\u1ed1ng \u0111\u1ed9ng cho s\u1ef1 k\u1ebft h\u1ee3p tinh t\u1ebf gi\u1eefa truy\u1ec1n th\u1ed1ng v\u00e0 hi\u1ec7n \u0111\u1ea1i, \u0111i\u1ec3m nh\u1ea5n \u1ea5n t\u01b0\u1ee3ng trong kh\u00f4ng gian s\u1ed1ng c\u1ee7a b\u1ea1n","robots":{"index":"index","follow":"follow","max-snippet":"max-snippet:-1","max-image-preview":"max-image-preview:large","max-video-preview":"max-video-preview:-1"},"canonical":"https:\/\/maison-chance.org\/shop\/san-pham\/te-giac-vai-bo","og_locale":"vi_VN","og_type":"article","og_title":"T\u00ea gi\u00e1c","og_description":"Con t\u00ea gi\u00e1c nh\u1ed3i b\u00f4ng v\u1ea3i b\u1ed1 + th\u1ed5 c\u1ea9m c\u1ee7a Nh\u00e0 May M\u1eafn : minh ch\u1ee9ng s\u1ed1ng \u0111\u1ed9ng cho s\u1ef1 k\u1ebft h\u1ee3p tinh t\u1ebf gi\u1eefa truy\u1ec1n th\u1ed1ng v\u00e0 hi\u1ec7n \u0111\u1ea1i, \u0111i\u1ec3m nh\u1ea5n \u1ea5n t\u01b0\u1ee3ng trong kh\u00f4ng gian s\u1ed1ng c\u1ee7a b\u1ea1n","og_url":"https:\/\/maison-chance.org\/shop\/san-pham\/te-giac-vai-bo","og_site_name":"Nh\u00e0 May M\u1eafn - Maison Chance","article_publisher":"https:\/\/www.facebook.com\/dnxh.nhamayman\/","article_modified_time":"2025-02-24T05:25:37+00:00","og_image":[{"width":600,"height":600,"url":"https:\/\/maison-chance.org\/shop\/wp-content\/uploads\/2024\/04\/thu-nhoi-bong-hinh-con-te-giac-vai-bo-4-1.jpg","type":"image\/jpeg"}],"twitter_card":"summary_large_image","twitter_misc":{"Gi\u00e1":"4.80&nbsp;&#36;","Availability":"In stock"},"schema":{"@context":"https:\/\/schema.org","@graph":[{"@type":"WebPage","@id":"https:\/\/maison-chance.org\/shop\/san-pham\/te-giac-vai-bo","url":"https:\/\/maison-chance.org\/shop\/san-pham\/te-giac-vai-bo","name":"T\u00ea gi\u00e1c - th\u00fa nh\u1ed3i b\u00f4ng v\u1ea3i b\u1ed1 v\u00e0 th\u1ed5 c\u1ea9m - Nh\u00e0 May M\u1eafn - Maison Chance","isPartOf":{"@id":"https:\/\/maison-chance.org\/shop\/#website"},"primaryImageOfPage":{"@id":"https:\/\/maison-chance.org\/shop\/san-pham\/te-giac-vai-bo#primaryimage"},"image":{"@id":"https:\/\/maison-chance.org\/shop\/san-pham\/te-giac-vai-bo#primaryimage"},"thumbnailUrl":"https:\/\/maison-chance.org\/shop\/wp-content\/uploads\/2024\/04\/thu-nhoi-bong-hinh-con-te-giac-vai-bo-4-1.jpg","datePublished":"2024-09-03T00:03:44+00:00","dateModified":"2025-02-24T05:25:37+00:00","description":"Con t\u00ea gi\u00e1c nh\u1ed3i b\u00f4ng v\u1ea3i b\u1ed1 + th\u1ed5 c\u1ea9m c\u1ee7a Nh\u00e0 May M\u1eafn : minh ch\u1ee9ng s\u1ed1ng \u0111\u1ed9ng cho s\u1ef1 k\u1ebft h\u1ee3p tinh t\u1ebf gi\u1eefa truy\u1ec1n th\u1ed1ng v\u00e0 hi\u1ec7n \u0111\u1ea1i, \u0111i\u1ec3m nh\u1ea5n \u1ea5n t\u01b0\u1ee3ng trong kh\u00f4ng gian s\u1ed1ng c\u1ee7a b\u1ea1n","breadcrumb":{"@id":"https:\/\/maison-chance.org\/shop\/san-pham\/te-giac-vai-bo#breadcrumb"},"inLanguage":"vi-VN","potentialAction":[{"@type":"ReadAction","target":["https:\/\/maison-chance.org\/shop\/san-pham\/te-giac-vai-bo"]}]},{"@type":"ImageObject","inLanguage":"vi-VN","@id":"https:\/\/maison-chance.org\/shop\/san-pham\/te-giac-vai-bo#primaryimage","url":"https:\/\/maison-chance.org\/shop\/wp-content\/uploads\/2024\/04\/thu-nhoi-bong-hinh-con-te-giac-vai-bo-4-1.jpg","contentUrl":"https:\/\/maison-chance.org\/shop\/wp-content\/uploads\/2024\/04\/thu-nhoi-bong-hinh-con-te-giac-vai-bo-4-1.jpg","width":600,"height":600,"caption":"T\u00ea Gi\u00e1c v\u1ea3i b\u1ed1"},{"@type":"BreadcrumbList","@id":"https:\/\/maison-chance.org\/shop\/san-pham\/te-giac-vai-bo#breadcrumb","itemListElement":[{"@type":"ListItem","position":1,"name":"Trang ch\u1ee7","item":"https:\/\/maison-chance.org\/shop\/"},{"@type":"ListItem","position":2,"name":"Shop","item":"https:\/\/maison-chance.org\/shop\/shop"},{"@type":"ListItem","position":3,"name":"T\u00ea gi\u00e1c"}]},{"@type":"WebSite","@id":"https:\/\/maison-chance.org\/shop\/#website","url":"https:\/\/maison-chance.org\/shop\/","name":"Nh\u00e0 May M\u1eafn - Maison Chance","description":"M\u1ecdi l\u1ee3i nhu\u1eadn thu v\u1ec1 t\u1eeb vi\u1ec7c b\u00e1n h\u00e0ng s\u1ebd tr\u00edch m\u1ed9t ph\u1ea7n \u0111\u1ec3 ch\u0103m lo cho \u0111\u1eddi s\u1ed1ng c\u00e1c b\u1ea1n khuy\u1ebft t\u1eadt v\u00e0 tr\u1ebb m\u1ed3 c\u00f4i \u1edf \u0111\u00e2y","publisher":{"@id":"https:\/\/maison-chance.org\/shop\/#organization"},"potentialAction":[{"@type":"SearchAction","target":{"@type":"EntryPoint","urlTemplate":"https:\/\/maison-chance.org\/shop\/?s={search_term_string}"},"query-input":{"@type":"PropertyValueSpecification","valueRequired":true,"valueName":"search_term_string"}}],"inLanguage":"vi-VN"},{"@type":"Organization","@id":"https:\/\/maison-chance.org\/shop\/#organization","name":"Nh\u00e0 May M\u1eafn - Maison Chance","url":"https:\/\/maison-chance.org\/shop\/","logo":{"@type":"ImageObject","inLanguage":"vi-VN","@id":"https:\/\/maison-chance.org\/shop\/#\/schema\/logo\/image\/","url":"https:\/\/maison-chance.org\/shop\/wp-content\/uploads\/2024\/03\/cropped-Logo_DNXH.png","contentUrl":"https:\/\/maison-chance.org\/shop\/wp-content\/uploads\/2024\/03\/cropped-Logo_DNXH.png","width":512,"height":512,"caption":"Nh\u00e0 May M\u1eafn - Maison Chance"},"image":{"@id":"https:\/\/maison-chance.org\/shop\/#\/schema\/logo\/image\/"},"sameAs":["https:\/\/www.facebook.com\/dnxh.nhamayman\/"]}]},"product_price_amount":"4.80","product_price_currency":"USD","og_availability":"instock","product_availability":"instock","product_condition":"new"},"_links":{"self":[{"href":"https:\/\/maison-chance.org\/shop\/wp-json\/wp\/v2\/product\/36995","targetHints":{"allow":["GET"]}}],"collection":[{"href":"https:\/\/maison-chance.org\/shop\/wp-json\/wp\/v2\/product"}],"about":[{"href":"https:\/\/maison-chance.org\/shop\/wp-json\/wp\/v2\/types\/product"}],"wp:featuredmedia":[{"embeddable":true,"href":"https:\/\/maison-chance.org\/shop\/wp-json\/wp\/v2\/media\/36996"}],"wp:attachment":[{"href":"https:\/\/maison-chance.org\/shop\/wp-json\/wp\/v2\/media?parent=36995"}],"wp:term":[{"taxonomy":"product_brand","embeddable":true,"href":"https:\/\/maison-chance.org\/shop\/wp-json\/wp\/v2\/product_brand?post=36995"},{"taxonomy":"product_cat","embeddable":true,"href":"https:\/\/maison-chance.org\/shop\/wp-json\/wp\/v2\/product_cat?post=36995"},{"taxonomy":"product_tag","embeddable":true,"href":"https:\/\/maison-chance.org\/shop\/wp-json\/wp\/v2\/product_tag?post=36995"}],"curies":[{"name":"wp","href":"https:\/\/api.w.org\/{rel}","templated":true}]}}