{"id":37006,"date":"2024-09-02T07:25:37","date_gmt":"2024-09-02T00:25:37","guid":{"rendered":"https:\/\/maison-chance.org\/shop\/?post_type=product&#038;p=37006"},"modified":"2024-12-18T13:47:14","modified_gmt":"2024-12-18T06:47:14","slug":"meo-hanh-phuc-vai-tho-cam","status":"publish","type":"product","link":"https:\/\/maison-chance.org\/shop\/san-pham\/meo-hanh-phuc-vai-tho-cam","title":{"rendered":"M\u00e8o H\u1ea1nh Ph\u00fac"},"content":{"rendered":"<p style=\"text-align: justify\"><a href=\"https:\/\/maison-chance.org\/shop\">Nh\u00e0 May M\u1eafn<\/a> &#8211; t\u1eeb l\u00e2u \u0111\u00e3 \u0111\u01b0\u1ee3c bi\u1ebft \u0111\u1ebfn nh\u01b0 m\u1ed9t n\u01a1i \u0111\u1ea7y \u1ea5m \u00e1p, n\u01a1i nh\u1eefng ng\u01b0\u1eddi th\u1ee3 may khuy\u1ebft t\u1eadt kh\u00f4ng ch\u1ec9 l\u00e0m ra nh\u1eefng s\u1ea3n ph\u1ea9m \u0111\u1eb9p m\u1eaft m\u00e0 c\u00f2n mang theo nh\u1eefng c\u00e2u chuy\u1ec7n \u0111\u1ea7y c\u1ea3m h\u1ee9ng v\u1ec1 ngh\u1ecb l\u1ef1c v\u00e0 t\u00ecnh y\u00eau th\u01b0\u01a1ng. M\u1ed9t trong nh\u1eefng s\u1ea3n ph\u1ea9m n\u1ed5i b\u1eadt t\u1ea1i \u0111\u00e2y l\u00e0 Con M\u00e8o H\u1ea1nh Ph\u00fac, m\u1ed9t s\u1ea3n ph\u1ea9m nh\u1ed3i b\u00f4ng \u0111\u01b0\u1ee3c t\u1ea1o ra t\u1eeb v\u1ea3i th\u1ed5 c\u1ea9m v\u00e0 s\u1ef1 kh\u00e9o l\u00e9o trong t\u1eebng \u0111\u01b0\u1eddng kim m\u0169i ch\u1ec9. \u0110\u1eb7c bi\u1ec7t h\u01a1n c\u1ea3, m\u1ed7i ch\u00fa m\u00e8o \u0111\u1ec1u c\u00f3 n\u00e9t \u0111\u1ed9c \u0111\u00e1o nh\u1edd v\u00e0o nh\u1eefng chi ti\u1ebft v\u1ebd tay c\u1ea9n th\u1eadn, mang \u0111\u1ebfn kh\u00f4ng ch\u1ec9 m\u1ed9t m\u00f3n \u0111\u1ed3 trang tr\u00ed m\u00e0 c\u00f2n l\u00e0 bi\u1ec3u t\u01b0\u1ee3ng c\u1ee7a s\u1ef1 may m\u1eafn v\u00e0 h\u1ea1nh ph\u00fac.<\/p>\n<p><strong>T\u1ea1i sao b\u1ea1n kh\u00f4ng th\u1ec3 b\u1ecf qua Con M\u00e8o H\u1ea1nh Ph\u00fac?<\/strong><\/p>\n<ul>\n<li><strong>Thi\u1ebft k\u1ebf nh\u1ecf g\u1ecdn:<\/strong> Ch\u1ec9 v\u1edbi k\u00edch th\u01b0\u1edbc 14 \u00d7 18 cm, ch\u00fa m\u00e8o ph\u00f9 h\u1ee3p v\u1edbi m\u1ecdi kh\u00f4ng gian, t\u1eeb b\u00e0n l\u00e0m vi\u1ec7c, ph\u00f2ng kh\u00e1ch, ph\u00f2ng ng\u1ee7, \u0111\u1ebfn qu\u1ea7y thu ng\u00e2n.<\/li>\n<li><strong>\u00dd ngh\u0129a \u0111\u1eb7c bi\u1ec7t:<\/strong> M\u1ed7i ch\u00fa m\u00e8o l\u00e0 m\u1ed9t &#8220;\u0111\u1ea1i s\u1ee9&#8221; lan t\u1ecfa h\u1ea1nh ph\u00fac, \u0111\u1ed3ng h\u00e0nh c\u00f9ng b\u1ea1n trong t\u1eebng kho\u1ea3nh kh\u1eafc cu\u1ed9c s\u1ed1ng.<\/li>\n<li><strong>Th\u1ee7 c\u00f4ng tinh t\u1ebf:<\/strong> T\u1eebng \u0111\u01b0\u1eddng kim, m\u0169i ch\u1ec9 \u0111\u1ec1u \u0111\u01b0\u1ee3c ch\u0103m ch\u00fat k\u1ef9 l\u01b0\u1ee1ng, mang \u0111\u1eadm d\u1ea5u \u1ea5n t\u00e2m huy\u1ebft c\u1ee7a nh\u1eefng ng\u01b0\u1eddi th\u1ee3 t\u1ea1i Nh\u00e0 May M\u1eafn.<\/li>\n<\/ul>\n<p><strong>\u1ee8ng d\u1ee5ng trong m\u1ecdi kh\u00f4ng gian:<\/strong><\/p>\n<ul>\n<li style=\"text-align: justify\"><strong>Tr\u00ean b\u00e0n l\u00e0m vi\u1ec7c:<\/strong> \u0110\u1eb7t <a href=\"https:\/\/maison-chance.org\/shop\/san-pham\/meo-hanh-phuc-vai-tho-cam\">con m\u00e8o H\u1ea1nh Ph\u00fac<\/a> tr\u00ean b\u00e0n l\u00e0m vi\u1ec7c s\u1ebd mang l\u1ea1i c\u1ea3m gi\u00e1c vui v\u1ebb v\u00e0 th\u01b0 gi\u00e3n, gi\u00fap b\u1ea1n gi\u1ea3i t\u1ecfa c\u0103ng th\u1eb3ng. Kh\u00f4ng ch\u1ec9 v\u1eady, h\u00ecnh \u1ea3nh ch\u00fa m\u00e8o gi\u01a1 tay nh\u01b0 \u0111ang m\u1eddi g\u1ecdi t\u00e0i l\u1ed9c v\u00e0 may m\u1eafn s\u1ebd t\u1ea1o \u0111\u1ed9ng l\u1ef1c cho ng\u00e0y l\u00e0m vi\u1ec7c c\u1ee7a b\u1ea1n th\u00eam n\u0103ng su\u1ea5t.<\/li>\n<li style=\"text-align: justify\"><strong>Ph\u00f2ng kh\u00e1ch:<\/strong> V\u1edbi m\u00e0u s\u1eafc \u0111\u1ecf \u1ea5m \u00e1p v\u00e0 thi\u1ebft k\u1ebf \u0111\u00e1ng y\u00eau, ch\u00fa m\u00e8o n\u00e0y c\u00f3 th\u1ec3 tr\u1edf th\u00e0nh \u0111i\u1ec3m nh\u1ea5n n\u1ed5i b\u1eadt trong kh\u00f4ng gian ph\u00f2ng kh\u00e1ch, mang l\u1ea1i c\u1ea3m gi\u00e1c \u1ea5m c\u00fang v\u00e0 g\u1ea7n g\u0169i cho gia \u0111\u00ecnh v\u00e0 kh\u00e1ch \u0111\u1ebfn ch\u01a1i nh\u00e0.<\/li>\n<li style=\"text-align: justify\"><strong>Ph\u00f2ng ng\u1ee7:<\/strong> Con m\u00e8o c\u00f3 th\u1ec3 l\u00e0 m\u1ed9t m\u00f3n \u0111\u1ed3 trang tr\u00ed d\u1ec5 th\u01b0\u01a1ng tr\u00ean k\u1ec7 ho\u1eb7c t\u1ee7 \u0111\u1ea7u gi\u01b0\u1eddng, khi\u1ebfn kh\u00f4ng gian ph\u00f2ng ng\u1ee7 tr\u1edf n\u00ean sinh \u0111\u1ed9ng v\u00e0 \u0111\u1ea7y n\u0103ng l\u01b0\u1ee3ng t\u00edch c\u1ef1c.<\/li>\n<li style=\"text-align: justify\"><strong>C\u1eeda h\u00e0ng ho\u1eb7c qu\u1ea7y thu ng\u00e2n:<\/strong> N\u1ebfu b\u1ea1n \u0111ang kinh doanh, Con M\u00e8o H\u1ea1nh Ph\u00fac s\u1ebd l\u00e0 l\u1ef1a ch\u1ecdn tuy\u1ec7t v\u1eddi \u0111\u1ec3 \u0111\u1eb7t t\u1ea1i qu\u1ea7y thu ng\u00e2n, bi\u1ec3u t\u01b0\u1ee3ng c\u1ee7a s\u1ef1 th\u1ecbnh v\u01b0\u1ee3ng v\u00e0 may m\u1eafn, gi\u00fap thu h\u00fat t\u00e0i l\u1ed9c v\u00e0 kh\u00e1ch h\u00e0ng.<\/li>\n<\/ul>\n<p style=\"text-align: justify\"><strong>\u1ee6ng h\u1ed9 s\u1ea3n ph\u1ea9m t\u1eeb Nh\u00e0 May M\u1eafn \u2013 G\u00f3p ph\u1ea7n lan t\u1ecfa y\u00eau th\u01b0\u01a1ng<\/strong><\/p>\n<p style=\"text-align: justify\"><a href=\"https:\/\/maison-chance.org\/shop\/thu-nhoi-bong\">Th\u00fa nh\u1ed3i b\u00f4ng<\/a> h\u00ecnh con m\u00e8o H\u1ea1nh Ph\u00fac kh\u00f4ng ch\u1ec9 l\u00e0 m\u1ed9t m\u00f3n \u0111\u1ed3 trang tr\u00ed \u0111\u1eb9p m\u1eaft m\u00e0 c\u00f2n mang trong m\u00ecnh th\u00f4ng \u0111i\u1ec7p nh\u00e2n v\u0103n s\u00e2u s\u1eafc. M\u1ed7i s\u1ea3n ph\u1ea9m \u0111\u1ec1u \u0111\u01b0\u1ee3c l\u00e0m th\u1ee7 c\u00f4ng t\u1ec9 m\u1ec9 b\u1edfi nh\u1eefng th\u1ee3 may khuy\u1ebft t\u1eadt t\u1ea1i Nh\u00e0 May M\u1eafn \u2013 n\u01a1i m\u00e0 m\u1ecdi ng\u01b0\u1eddi \u0111\u1ec1u l\u00e0m vi\u1ec7c v\u1edbi t\u00ecnh y\u00eau v\u00e0 kh\u00e1t v\u1ecdng v\u01b0\u01a1n l\u00ean trong cu\u1ed9c s\u1ed1ng. Vi\u1ec7c s\u1edf h\u1eefu m\u1ed9t ch\u00fa m\u00e8o xinh x\u1eafn n\u00e0y kh\u00f4ng ch\u1ec9 gi\u00fap b\u1ea1n trang tr\u00ed kh\u00f4ng gian s\u1ed1ng m\u00e0 c\u00f2n l\u00e0 m\u1ed9t h\u00e0nh \u0111\u1ed9ng thi\u1ebft th\u1ef1c \u1ee7ng h\u1ed9 nh\u1eefng ng\u01b0\u1eddi khuy\u1ebft t\u1eadt c\u00f3 c\u01a1 h\u1ed9i l\u00e0m vi\u1ec7c v\u00e0 t\u1ea1o ra gi\u00e1 tr\u1ecb cho c\u1ed9ng \u0111\u1ed3ng.<\/p>\n<p style=\"text-align: justify\">H\u00e3y c\u00f9ng chung tay \u1ee7ng h\u1ed9 s\u1ea3n ph\u1ea9m c\u1ee7a Nh\u00e0 May M\u1eafn, mang v\u1ec1 cho m\u00ecnh m\u1ed9t ch\u00fat may m\u1eafn v\u00e0 ni\u1ec1m vui qua con m\u00e8o H\u1ea1nh Ph\u00fac. M\u1ed7i s\u1ea3n ph\u1ea9m <a href=\"https:\/\/maison-chance.org\/shop\/phong-may\">th\u00fa b\u00f4ng<\/a> b\u1ea1n mua kh\u00f4ng ch\u1ec9 l\u00e0 m\u1ed9t m\u00f3n \u0111\u1ed3 trang tr\u00ed m\u00e0 c\u00f2n l\u00e0 s\u1ef1 s\u1ebb chia, lan t\u1ecfa y\u00eau th\u01b0\u01a1ng \u0111\u1ebfn nh\u1eefng ng\u01b0\u1eddi k\u00e9m may m\u1eafn h\u01a1n.<\/p>\n<p style=\"text-align: justify\">\u0110\u1eb7t mua ngay h\u00f4m nay \u0111\u1ec3 mang l\u1ea1i ni\u1ec1m vui cho ch\u00ednh m\u00ecnh v\u00e0 \u0111\u00f3ng g\u00f3p cho m\u1ed9t cu\u1ed9c s\u1ed1ng t\u1ed1t \u0111\u1eb9p h\u01a1n!<\/p>\n","protected":false},"excerpt":{"rendered":"<p style=\"text-align: justify\">S\u1ea3n ph\u1ea9m do c\u00e1c b\u1ea1n khuy\u1ebft t\u1eadt k\u00e9m may m\u1eafn s\u1ea3n xu\u1ea5t th\u1ee7 c\u00f4ng k\u00ednh mong nh\u1eadn \u0111\u01b0\u1ee3c s\u1ef1 \u1ee7ng h\u1ed9 c\u1ee7a Qu\u00fd kh\u00e1ch h\u00e0ng.<\/p>\n<p>Ch\u1ea5t li\u1ec7u: V\u1ea3i th\u1ed5 c\u1ea9m<\/p>\n<p>Code: TC35TB<\/p>\n<p>Hotline : <span style=\"font-size: 20px\"><strong><span style=\"color: #ff0000\">0909 06 25 28<\/span><\/strong><\/span><\/p>\n<p style=\"text-align: justify\">N\u1ebfu b\u1ea1n \u1edf Vi\u1ec7t Nam vui l\u00f2ng li\u00ean h\u1ec7 ch\u00fang t\u00f4i theo s\u1ed1 hotline ho\u1eb7c fanpage doanh nghi\u1ec7p Nh\u00e0 May M\u1eafn ch\u00fang t\u00f4i \u0111\u1ec3 bi\u1ebft gi\u00e1 b\u00e1n t\u1ea1i Vi\u1ec7t Nam.<\/p>\n<p>B\u1ea3ng gi\u00e1 giao h\u00e0ng qu\u1ed1c t\u1ebf tham kh\u1ea3o :<\/p>\n<table>\n<thead>\n<tr>\n<th>KG<\/th>\n<th>Ch\u00e2u \u00c2u<\/th>\n<th>Ch\u00e2u M\u1ef9<\/th>\n<th>Ch\u00e2u \u00c1<\/th>\n<\/tr>\n<\/thead>\n<tbody>\n<tr>\n<td>0.5<\/td>\n<td>1.244.206<\/td>\n<td>1.639.022<\/td>\n<td>1.001.072<\/td>\n<\/tr>\n<tr>\n<td>1.0<\/td>\n<td>1.550.288<\/td>\n<td>2.036.567<\/td>\n<td>1.198.539<\/td>\n<\/tr>\n<tr>\n<td>1.5<\/td>\n<td>1.853.529<\/td>\n<td>2.437.063<\/td>\n<td>1.396.006<\/td>\n<\/tr>\n<tr>\n<td>2.0<\/td>\n<td>2.156.770<\/td>\n<td>2.837.559<\/td>\n<td>1.593.473<\/td>\n<\/tr>\n<\/tbody>\n<\/table>\n","protected":false},"featured_media":37007,"template":"","meta":[],"product_brand":[],"product_cat":[137,138],"product_tag":[],"class_list":{"0":"post-37006","1":"product","2":"type-product","3":"status-publish","4":"has-post-thumbnail","6":"product_cat-phong-may","7":"product_cat-thu-nhoi-bong","9":"first","10":"instock","11":"shipping-taxable","12":"purchasable","13":"product-type-simple"},"yoast_head":"<!-- This site is optimized with the Yoast SEO Premium plugin v22.7 (Yoast SEO v25.3.1) - https:\/\/yoast.com\/wordpress\/plugins\/seo\/ -->\n<title>M\u00e8o H\u1ea1nh Ph\u00fac - th\u00fa nh\u1ed3i b\u00f4ng v\u1ea3i th\u1ed5 c\u1ea9m - Nh\u00e0 May M\u1eafn - Maison Chance<\/title>\n<meta name=\"description\" content=\"\u0110\u1eb7t con m\u00e8o H\u1ea1nh Ph\u00fac v\u1ea3i th\u1ed5 c\u1ea9m tr\u00ean b\u00e0n l\u00e0m vi\u1ec7c s\u1ebd mang l\u1ea1i c\u1ea3m gi\u00e1c vui v\u1ebb v\u00e0 th\u01b0 gi\u00e3n, gi\u00fap b\u1ea1n gi\u1ea3i t\u1ecfa c\u0103ng th\u1eb3ng, m\u1eddi g\u1ecdi t\u00e0i l\u1ed9c v\u00e0 may m\u1eafn s\u1ebd t\u1ea1o \u0111\u1ed9ng l\u1ef1c cho ng\u00e0y l\u00e0m vi\u1ec7c c\u1ee7a b\u1ea1n th\u00eam hi\u1ec7u qu\u1ea3.\" \/>\n<meta name=\"robots\" content=\"index, follow, max-snippet:-1, max-image-preview:large, max-video-preview:-1\" \/>\n<link rel=\"canonical\" href=\"https:\/\/maison-chance.org\/shop\/san-pham\/meo-hanh-phuc-vai-tho-cam\" \/>\n<meta property=\"og:locale\" content=\"vi_VN\" \/>\n<meta property=\"og:type\" content=\"article\" \/>\n<meta property=\"og:title\" content=\"M\u00e8o H\u1ea1nh Ph\u00fac\" \/>\n<meta property=\"og:description\" content=\"\u0110\u1eb7t con m\u00e8o H\u1ea1nh Ph\u00fac v\u1ea3i th\u1ed5 c\u1ea9m tr\u00ean b\u00e0n l\u00e0m vi\u1ec7c s\u1ebd mang l\u1ea1i c\u1ea3m gi\u00e1c vui v\u1ebb v\u00e0 th\u01b0 gi\u00e3n, gi\u00fap b\u1ea1n gi\u1ea3i t\u1ecfa c\u0103ng th\u1eb3ng, m\u1eddi g\u1ecdi t\u00e0i l\u1ed9c v\u00e0 may m\u1eafn s\u1ebd t\u1ea1o \u0111\u1ed9ng l\u1ef1c cho ng\u00e0y l\u00e0m vi\u1ec7c c\u1ee7a b\u1ea1n th\u00eam hi\u1ec7u qu\u1ea3.\" \/>\n<meta property=\"og:url\" content=\"https:\/\/maison-chance.org\/shop\/san-pham\/meo-hanh-phuc-vai-tho-cam\" \/>\n<meta property=\"og:site_name\" content=\"Nh\u00e0 May M\u1eafn - Maison Chance\" \/>\n<meta property=\"article:publisher\" content=\"https:\/\/www.facebook.com\/dnxh.nhamayman\/\" \/>\n<meta property=\"article:modified_time\" content=\"2024-12-18T06:47:14+00:00\" \/>\n<meta property=\"og:image\" content=\"https:\/\/maison-chance.org\/shop\/wp-content\/uploads\/2024\/04\/con-meo-chieu-tai-vai-tho-cam.jpg\" \/>\n\t<meta property=\"og:image:width\" content=\"600\" \/>\n\t<meta property=\"og:image:height\" content=\"600\" \/>\n\t<meta property=\"og:image:type\" content=\"image\/jpeg\" \/>\n<meta name=\"twitter:card\" content=\"summary_large_image\" \/>\n<meta name=\"twitter:label1\" content=\"Gi\u00e1\" \/>\n\t<meta name=\"twitter:data1\" content=\"6.70&nbsp;&#036;\" \/>\n\t<meta name=\"twitter:label2\" content=\"Availability\" \/>\n\t<meta name=\"twitter:data2\" content=\"In stock\" \/>\n<script type=\"application\/ld+json\" class=\"yoast-schema-graph\">{\"@context\":\"https:\/\/schema.org\",\"@graph\":[{\"@type\":\"WebPage\",\"@id\":\"https:\/\/maison-chance.org\/shop\/san-pham\/meo-hanh-phuc-vai-tho-cam\",\"url\":\"https:\/\/maison-chance.org\/shop\/san-pham\/meo-hanh-phuc-vai-tho-cam\",\"name\":\"M\u00e8o H\u1ea1nh Ph\u00fac - th\u00fa nh\u1ed3i b\u00f4ng v\u1ea3i th\u1ed5 c\u1ea9m - Nh\u00e0 May M\u1eafn - Maison Chance\",\"isPartOf\":{\"@id\":\"https:\/\/maison-chance.org\/shop\/#website\"},\"primaryImageOfPage\":{\"@id\":\"https:\/\/maison-chance.org\/shop\/san-pham\/meo-hanh-phuc-vai-tho-cam#primaryimage\"},\"image\":{\"@id\":\"https:\/\/maison-chance.org\/shop\/san-pham\/meo-hanh-phuc-vai-tho-cam#primaryimage\"},\"thumbnailUrl\":\"https:\/\/maison-chance.org\/shop\/wp-content\/uploads\/2024\/04\/con-meo-chieu-tai-vai-tho-cam.jpg\",\"datePublished\":\"2024-09-02T00:25:37+00:00\",\"dateModified\":\"2024-12-18T06:47:14+00:00\",\"description\":\"\u0110\u1eb7t con m\u00e8o H\u1ea1nh Ph\u00fac v\u1ea3i th\u1ed5 c\u1ea9m tr\u00ean b\u00e0n l\u00e0m vi\u1ec7c s\u1ebd mang l\u1ea1i c\u1ea3m gi\u00e1c vui v\u1ebb v\u00e0 th\u01b0 gi\u00e3n, gi\u00fap b\u1ea1n gi\u1ea3i t\u1ecfa c\u0103ng th\u1eb3ng, m\u1eddi g\u1ecdi t\u00e0i l\u1ed9c v\u00e0 may m\u1eafn s\u1ebd t\u1ea1o \u0111\u1ed9ng l\u1ef1c cho ng\u00e0y l\u00e0m vi\u1ec7c c\u1ee7a b\u1ea1n th\u00eam hi\u1ec7u qu\u1ea3.\",\"breadcrumb\":{\"@id\":\"https:\/\/maison-chance.org\/shop\/san-pham\/meo-hanh-phuc-vai-tho-cam#breadcrumb\"},\"inLanguage\":\"vi-VN\",\"potentialAction\":[{\"@type\":\"ReadAction\",\"target\":[\"https:\/\/maison-chance.org\/shop\/san-pham\/meo-hanh-phuc-vai-tho-cam\"]}]},{\"@type\":\"ImageObject\",\"inLanguage\":\"vi-VN\",\"@id\":\"https:\/\/maison-chance.org\/shop\/san-pham\/meo-hanh-phuc-vai-tho-cam#primaryimage\",\"url\":\"https:\/\/maison-chance.org\/shop\/wp-content\/uploads\/2024\/04\/con-meo-chieu-tai-vai-tho-cam.jpg\",\"contentUrl\":\"https:\/\/maison-chance.org\/shop\/wp-content\/uploads\/2024\/04\/con-meo-chieu-tai-vai-tho-cam.jpg\",\"width\":600,\"height\":600,\"caption\":\"M\u00e8o H\u1ea1nh Ph\u00fac v\u1ea3i th\u1ed5 c\u1ea9m\"},{\"@type\":\"BreadcrumbList\",\"@id\":\"https:\/\/maison-chance.org\/shop\/san-pham\/meo-hanh-phuc-vai-tho-cam#breadcrumb\",\"itemListElement\":[{\"@type\":\"ListItem\",\"position\":1,\"name\":\"Trang ch\u1ee7\",\"item\":\"https:\/\/maison-chance.org\/shop\/\"},{\"@type\":\"ListItem\",\"position\":2,\"name\":\"Shop\",\"item\":\"https:\/\/maison-chance.org\/shop\/shop\"},{\"@type\":\"ListItem\",\"position\":3,\"name\":\"M\u00e8o H\u1ea1nh Ph\u00fac\"}]},{\"@type\":\"WebSite\",\"@id\":\"https:\/\/maison-chance.org\/shop\/#website\",\"url\":\"https:\/\/maison-chance.org\/shop\/\",\"name\":\"Nh\u00e0 May M\u1eafn - Maison Chance\",\"description\":\"M\u1ecdi l\u1ee3i nhu\u1eadn thu v\u1ec1 t\u1eeb vi\u1ec7c b\u00e1n h\u00e0ng s\u1ebd tr\u00edch m\u1ed9t ph\u1ea7n \u0111\u1ec3 ch\u0103m lo cho \u0111\u1eddi s\u1ed1ng c\u00e1c b\u1ea1n khuy\u1ebft t\u1eadt v\u00e0 tr\u1ebb m\u1ed3 c\u00f4i \u1edf \u0111\u00e2y\",\"publisher\":{\"@id\":\"https:\/\/maison-chance.org\/shop\/#organization\"},\"potentialAction\":[{\"@type\":\"SearchAction\",\"target\":{\"@type\":\"EntryPoint\",\"urlTemplate\":\"https:\/\/maison-chance.org\/shop\/?s={search_term_string}\"},\"query-input\":{\"@type\":\"PropertyValueSpecification\",\"valueRequired\":true,\"valueName\":\"search_term_string\"}}],\"inLanguage\":\"vi-VN\"},{\"@type\":\"Organization\",\"@id\":\"https:\/\/maison-chance.org\/shop\/#organization\",\"name\":\"Nh\u00e0 May M\u1eafn - Maison Chance\",\"url\":\"https:\/\/maison-chance.org\/shop\/\",\"logo\":{\"@type\":\"ImageObject\",\"inLanguage\":\"vi-VN\",\"@id\":\"https:\/\/maison-chance.org\/shop\/#\/schema\/logo\/image\/\",\"url\":\"https:\/\/maison-chance.org\/shop\/wp-content\/uploads\/2024\/03\/cropped-Logo_DNXH.png\",\"contentUrl\":\"https:\/\/maison-chance.org\/shop\/wp-content\/uploads\/2024\/03\/cropped-Logo_DNXH.png\",\"width\":512,\"height\":512,\"caption\":\"Nh\u00e0 May M\u1eafn - Maison Chance\"},\"image\":{\"@id\":\"https:\/\/maison-chance.org\/shop\/#\/schema\/logo\/image\/\"},\"sameAs\":[\"https:\/\/www.facebook.com\/dnxh.nhamayman\/\"]}]}<\/script>\n<meta property=\"product:price:amount\" content=\"6.70\" \/>\n<meta property=\"product:price:currency\" content=\"USD\" \/>\n<meta property=\"og:availability\" content=\"instock\" \/>\n<meta property=\"product:availability\" content=\"instock\" \/>\n<meta property=\"product:condition\" content=\"new\" \/>\n<!-- \/ Yoast SEO Premium plugin. -->","yoast_head_json":{"title":"M\u00e8o H\u1ea1nh Ph\u00fac - th\u00fa nh\u1ed3i b\u00f4ng v\u1ea3i th\u1ed5 c\u1ea9m - Nh\u00e0 May M\u1eafn - Maison Chance","description":"\u0110\u1eb7t con m\u00e8o H\u1ea1nh Ph\u00fac v\u1ea3i th\u1ed5 c\u1ea9m tr\u00ean b\u00e0n l\u00e0m vi\u1ec7c s\u1ebd mang l\u1ea1i c\u1ea3m gi\u00e1c vui v\u1ebb v\u00e0 th\u01b0 gi\u00e3n, gi\u00fap b\u1ea1n gi\u1ea3i t\u1ecfa c\u0103ng th\u1eb3ng, m\u1eddi g\u1ecdi t\u00e0i l\u1ed9c v\u00e0 may m\u1eafn s\u1ebd t\u1ea1o \u0111\u1ed9ng l\u1ef1c cho ng\u00e0y l\u00e0m vi\u1ec7c c\u1ee7a b\u1ea1n th\u00eam hi\u1ec7u qu\u1ea3.","robots":{"index":"index","follow":"follow","max-snippet":"max-snippet:-1","max-image-preview":"max-image-preview:large","max-video-preview":"max-video-preview:-1"},"canonical":"https:\/\/maison-chance.org\/shop\/san-pham\/meo-hanh-phuc-vai-tho-cam","og_locale":"vi_VN","og_type":"article","og_title":"M\u00e8o H\u1ea1nh Ph\u00fac","og_description":"\u0110\u1eb7t con m\u00e8o H\u1ea1nh Ph\u00fac v\u1ea3i th\u1ed5 c\u1ea9m tr\u00ean b\u00e0n l\u00e0m vi\u1ec7c s\u1ebd mang l\u1ea1i c\u1ea3m gi\u00e1c vui v\u1ebb v\u00e0 th\u01b0 gi\u00e3n, gi\u00fap b\u1ea1n gi\u1ea3i t\u1ecfa c\u0103ng th\u1eb3ng, m\u1eddi g\u1ecdi t\u00e0i l\u1ed9c v\u00e0 may m\u1eafn s\u1ebd t\u1ea1o \u0111\u1ed9ng l\u1ef1c cho ng\u00e0y l\u00e0m vi\u1ec7c c\u1ee7a b\u1ea1n th\u00eam hi\u1ec7u qu\u1ea3.","og_url":"https:\/\/maison-chance.org\/shop\/san-pham\/meo-hanh-phuc-vai-tho-cam","og_site_name":"Nh\u00e0 May M\u1eafn - Maison Chance","article_publisher":"https:\/\/www.facebook.com\/dnxh.nhamayman\/","article_modified_time":"2024-12-18T06:47:14+00:00","og_image":[{"width":600,"height":600,"url":"https:\/\/maison-chance.org\/shop\/wp-content\/uploads\/2024\/04\/con-meo-chieu-tai-vai-tho-cam.jpg","type":"image\/jpeg"}],"twitter_card":"summary_large_image","twitter_misc":{"Gi\u00e1":"6.70&nbsp;&#36;","Availability":"In stock"},"schema":{"@context":"https:\/\/schema.org","@graph":[{"@type":"WebPage","@id":"https:\/\/maison-chance.org\/shop\/san-pham\/meo-hanh-phuc-vai-tho-cam","url":"https:\/\/maison-chance.org\/shop\/san-pham\/meo-hanh-phuc-vai-tho-cam","name":"M\u00e8o H\u1ea1nh Ph\u00fac - th\u00fa nh\u1ed3i b\u00f4ng v\u1ea3i th\u1ed5 c\u1ea9m - Nh\u00e0 May M\u1eafn - Maison Chance","isPartOf":{"@id":"https:\/\/maison-chance.org\/shop\/#website"},"primaryImageOfPage":{"@id":"https:\/\/maison-chance.org\/shop\/san-pham\/meo-hanh-phuc-vai-tho-cam#primaryimage"},"image":{"@id":"https:\/\/maison-chance.org\/shop\/san-pham\/meo-hanh-phuc-vai-tho-cam#primaryimage"},"thumbnailUrl":"https:\/\/maison-chance.org\/shop\/wp-content\/uploads\/2024\/04\/con-meo-chieu-tai-vai-tho-cam.jpg","datePublished":"2024-09-02T00:25:37+00:00","dateModified":"2024-12-18T06:47:14+00:00","description":"\u0110\u1eb7t con m\u00e8o H\u1ea1nh Ph\u00fac v\u1ea3i th\u1ed5 c\u1ea9m tr\u00ean b\u00e0n l\u00e0m vi\u1ec7c s\u1ebd mang l\u1ea1i c\u1ea3m gi\u00e1c vui v\u1ebb v\u00e0 th\u01b0 gi\u00e3n, gi\u00fap b\u1ea1n gi\u1ea3i t\u1ecfa c\u0103ng th\u1eb3ng, m\u1eddi g\u1ecdi t\u00e0i l\u1ed9c v\u00e0 may m\u1eafn s\u1ebd t\u1ea1o \u0111\u1ed9ng l\u1ef1c cho ng\u00e0y l\u00e0m vi\u1ec7c c\u1ee7a b\u1ea1n th\u00eam hi\u1ec7u qu\u1ea3.","breadcrumb":{"@id":"https:\/\/maison-chance.org\/shop\/san-pham\/meo-hanh-phuc-vai-tho-cam#breadcrumb"},"inLanguage":"vi-VN","potentialAction":[{"@type":"ReadAction","target":["https:\/\/maison-chance.org\/shop\/san-pham\/meo-hanh-phuc-vai-tho-cam"]}]},{"@type":"ImageObject","inLanguage":"vi-VN","@id":"https:\/\/maison-chance.org\/shop\/san-pham\/meo-hanh-phuc-vai-tho-cam#primaryimage","url":"https:\/\/maison-chance.org\/shop\/wp-content\/uploads\/2024\/04\/con-meo-chieu-tai-vai-tho-cam.jpg","contentUrl":"https:\/\/maison-chance.org\/shop\/wp-content\/uploads\/2024\/04\/con-meo-chieu-tai-vai-tho-cam.jpg","width":600,"height":600,"caption":"M\u00e8o H\u1ea1nh Ph\u00fac v\u1ea3i th\u1ed5 c\u1ea9m"},{"@type":"BreadcrumbList","@id":"https:\/\/maison-chance.org\/shop\/san-pham\/meo-hanh-phuc-vai-tho-cam#breadcrumb","itemListElement":[{"@type":"ListItem","position":1,"name":"Trang ch\u1ee7","item":"https:\/\/maison-chance.org\/shop\/"},{"@type":"ListItem","position":2,"name":"Shop","item":"https:\/\/maison-chance.org\/shop\/shop"},{"@type":"ListItem","position":3,"name":"M\u00e8o H\u1ea1nh Ph\u00fac"}]},{"@type":"WebSite","@id":"https:\/\/maison-chance.org\/shop\/#website","url":"https:\/\/maison-chance.org\/shop\/","name":"Nh\u00e0 May M\u1eafn - Maison Chance","description":"M\u1ecdi l\u1ee3i nhu\u1eadn thu v\u1ec1 t\u1eeb vi\u1ec7c b\u00e1n h\u00e0ng s\u1ebd tr\u00edch m\u1ed9t ph\u1ea7n \u0111\u1ec3 ch\u0103m lo cho \u0111\u1eddi s\u1ed1ng c\u00e1c b\u1ea1n khuy\u1ebft t\u1eadt v\u00e0 tr\u1ebb m\u1ed3 c\u00f4i \u1edf \u0111\u00e2y","publisher":{"@id":"https:\/\/maison-chance.org\/shop\/#organization"},"potentialAction":[{"@type":"SearchAction","target":{"@type":"EntryPoint","urlTemplate":"https:\/\/maison-chance.org\/shop\/?s={search_term_string}"},"query-input":{"@type":"PropertyValueSpecification","valueRequired":true,"valueName":"search_term_string"}}],"inLanguage":"vi-VN"},{"@type":"Organization","@id":"https:\/\/maison-chance.org\/shop\/#organization","name":"Nh\u00e0 May M\u1eafn - Maison Chance","url":"https:\/\/maison-chance.org\/shop\/","logo":{"@type":"ImageObject","inLanguage":"vi-VN","@id":"https:\/\/maison-chance.org\/shop\/#\/schema\/logo\/image\/","url":"https:\/\/maison-chance.org\/shop\/wp-content\/uploads\/2024\/03\/cropped-Logo_DNXH.png","contentUrl":"https:\/\/maison-chance.org\/shop\/wp-content\/uploads\/2024\/03\/cropped-Logo_DNXH.png","width":512,"height":512,"caption":"Nh\u00e0 May M\u1eafn - Maison Chance"},"image":{"@id":"https:\/\/maison-chance.org\/shop\/#\/schema\/logo\/image\/"},"sameAs":["https:\/\/www.facebook.com\/dnxh.nhamayman\/"]}]},"product_price_amount":"6.70","product_price_currency":"USD","og_availability":"instock","product_availability":"instock","product_condition":"new"},"_links":{"self":[{"href":"https:\/\/maison-chance.org\/shop\/wp-json\/wp\/v2\/product\/37006","targetHints":{"allow":["GET"]}}],"collection":[{"href":"https:\/\/maison-chance.org\/shop\/wp-json\/wp\/v2\/product"}],"about":[{"href":"https:\/\/maison-chance.org\/shop\/wp-json\/wp\/v2\/types\/product"}],"wp:featuredmedia":[{"embeddable":true,"href":"https:\/\/maison-chance.org\/shop\/wp-json\/wp\/v2\/media\/37007"}],"wp:attachment":[{"href":"https:\/\/maison-chance.org\/shop\/wp-json\/wp\/v2\/media?parent=37006"}],"wp:term":[{"taxonomy":"product_brand","embeddable":true,"href":"https:\/\/maison-chance.org\/shop\/wp-json\/wp\/v2\/product_brand?post=37006"},{"taxonomy":"product_cat","embeddable":true,"href":"https:\/\/maison-chance.org\/shop\/wp-json\/wp\/v2\/product_cat?post=37006"},{"taxonomy":"product_tag","embeddable":true,"href":"https:\/\/maison-chance.org\/shop\/wp-json\/wp\/v2\/product_tag?post=37006"}],"curies":[{"name":"wp","href":"https:\/\/api.w.org\/{rel}","templated":true}]}}