{"id":37012,"date":"2024-09-01T07:00:32","date_gmt":"2024-09-01T00:00:32","guid":{"rendered":"https:\/\/maison-chance.org\/shop\/?post_type=product&#038;p=37012"},"modified":"2024-12-18T13:26:51","modified_gmt":"2024-12-18T06:26:51","slug":"con-heo-de-dien-thoai","status":"publish","type":"product","link":"https:\/\/maison-chance.org\/shop\/san-pham\/con-heo-de-dien-thoai","title":{"rendered":"Con heo \u0111\u1ec3 \u0111i\u1ec7n tho\u1ea1i"},"content":{"rendered":"<p style=\"text-align: justify\">\u0110\u1eebng \u0111\u1ec3 chi\u1ebfc \u0111i\u1ec7n tho\u1ea1i c\u1ee7a b\u1ea1n n\u1eb1m l\u0103n l\u00f3c tr\u00ean b\u00e0n. V\u1edbi &#8220;<a href=\"https:\/\/maison-chance.org\/shop\/san-pham\/con-heo-de-dien-thoai\">con heo \u0111\u1ec3 \u0111i\u1ec7n tho\u1ea1i<\/a>&#8221; \u0111\u1ebfn t\u1eeb Nh\u00e0 May M\u1eafn, b\u1ea1n kh\u00f4ng ch\u1ec9 s\u1edf h\u1eefu m\u1ed9t m\u00f3n \u0111\u1ed3 trang tr\u00ed \u0111\u1ed9c \u0111\u00e1o m\u00e0 \u0111\u00e2y c\u00f2n l\u00e0 m\u1ed9t gi\u1ea3i ph\u00e1p ti\u1ec7n l\u1ee3i cho cu\u1ed9c s\u1ed1ng h\u00e0ng ng\u00e0y. \u0110\u01b0\u1ee3c l\u00e0m t\u1eeb ch\u1ea5t li\u1ec7u v\u1ea3i th\u1ed5 c\u1ea9m truy\u1ec1n th\u1ed1ng, s\u1ea3n ph\u1ea9m n\u00e0y mang trong m\u00ecnh gi\u00e1 tr\u1ecb v\u0103n h\u00f3a s\u00e2u s\u1eafc v\u00e0 s\u1ef1 s\u00e1ng t\u1ea1o c\u1ee7a nh\u1eefng ng\u01b0\u1eddi th\u1ee3 may l\u00e0nh ngh\u1ec1.<\/p>\n<p style=\"text-align: justify\">V\u1ea3i th\u1ed5 c\u1ea9m: T\u1eebng s\u1ee3i v\u1ea3i trong s\u1ea3n ph\u1ea9m l\u00e0 s\u1ef1 h\u00f2a quy\u1ec7n gi\u1eefa k\u1ef9 thu\u1eadt th\u1ee7 c\u00f4ng tinh x\u1ea3o v\u00e0 s\u1eafc m\u00e0u r\u1ef1c r\u1ee1. Kh\u00f4ng ch\u1ec9 b\u1ec1n \u0111\u1eb9p, h\u1ecda ti\u1ebft tinh t\u1ebf c\u1ee7a v\u1ea3i c\u00f2n mang theo h\u01a1i th\u1edf v\u0103n h\u00f3a Vi\u1ec7t, l\u00e0m n\u1ed5i b\u1eadt v\u1ebb \u0111\u1eb9p \u0111\u1ed9c nh\u1ea5t c\u1ee7a m\u1ed7i s\u1ea3n ph\u1ea9m.<\/p>\n<p style=\"text-align: justify\">H\u00ecnh d\u00e1ng d\u1ec5 th\u01b0\u01a1ng: V\u1edbi thi\u1ebft k\u1ebf h\u00ecnh con heo ng\u1ed9 ngh\u0129nh, s\u1ea3n ph\u1ea9m kh\u00f4ng ch\u1ec9 thu h\u00fat \u00e1nh nh\u00ecn m\u00e0 c\u00f2n mang l\u1ea1i c\u1ea3m gi\u00e1c g\u1ea7n g\u0169i, th\u00e2n thi\u1ec7n. H\u00ecnh d\u00e1ng n\u00e0y c\u0169ng gi\u00fap t\u1ea1o \u0111i\u1ec3m nh\u1ea5n cho kh\u00f4ng gian, gi\u00fap b\u00e0n l\u00e0m vi\u1ec7c hay g\u00f3c h\u1ecdc t\u1eadp c\u1ee7a b\u1ea1n th\u00eam g\u1ecdn g\u00e0ng v\u00e0 s\u1ed1ng \u0111\u1ed9ng.<\/p>\n<p style=\"text-align: justify\">S\u1ea3n ph\u1ea9m c\u00f3 k\u00edch th\u01b0\u1edbc 11\u00d715 cm, ch\u00fa heo ng\u1ed9 ngh\u0129nh nh\u01b0ng mang \u0111\u1ea7y ch\u1ee9c n\u0103ng r\u1ea5t ph\u00f9 h\u1ee3p \u0111\u1ec3 \u0111\u1eb7t tr\u00ean b\u1ea5t k\u1ef3 b\u1ec1 m\u1eb7t n\u00e0o. K\u00edch th\u01b0\u1edbc n\u00e0y kh\u00f4ng ch\u1ec9 gi\u00fap gi\u1eef \u0111i\u1ec7n tho\u1ea1i m\u1ed9t c\u00e1ch ch\u1eafc ch\u1eafn m\u00e0 c\u00f2n gi\u00fap ti\u1ebft ki\u1ec7m di\u1ec7n t\u00edch, gi\u1eef cho kh\u00f4ng gian lu\u00f4n g\u1ecdn g\u00e0ng.<\/p>\n<p style=\"text-align: justify\">&#8220;Con heo \u0111\u1ec3 \u0111i\u1ec7n tho\u1ea1i&#8221; kh\u00f4ng ch\u1ec9 \u0111\u01a1n thu\u1ea7n l\u00e0 m\u1ed9t <a href=\"https:\/\/maison-chance.org\/shop\/thu-nhoi-bong\">th\u00fa nh\u1ed3i b\u00f4ng v\u1ea3i th\u1ed5 c\u1ea9m<\/a> hay v\u1eadt trang tr\u00ed, m\u00e0 c\u00f2n l\u00e0 m\u1ed9t gi\u00e1 \u0111\u1ee1 \u0111i\u1ec7n tho\u1ea1i ti\u1ec7n l\u1ee3i. S\u1ea3n ph\u1ea9m gi\u00fap ng\u01b0\u1eddi d\u00f9ng d\u1ec5 d\u00e0ng b\u1ea3o qu\u1ea3n \u0111i\u1ec7n tho\u1ea1i an to\u00e0n.<\/p>\n<p style=\"text-align: justify\">M\u1ed7i s\u1ef1 l\u1ef1a ch\u1ecdn c\u1ee7a b\u1ea1n kh\u00f4ng ch\u1ec9 t\u00f4 \u0111i\u1ec3m cu\u1ed9c s\u1ed1ng m\u00e0 c\u00f2n g\u00f3p ph\u1ea7n ch\u1eafp c\u00e1nh cho \u01b0\u1edbc m\u01a1 c\u1ee7a nh\u1eefng ng\u01b0\u1eddi th\u1ee3 may khuy\u1ebft t\u1eadt. M\u1ed7i s\u1ea3n ph\u1ea9m t\u1eeb <a href=\"https:\/\/maison-chance.org\/shop\">Nh\u00e0 May M\u1eafn<\/a> \u0111\u1ec1u ch\u1ee9a \u0111\u1ef1ng t\u00e2m huy\u1ebft v\u00e0 n\u1ed7 l\u1ef1c c\u1ee7a nh\u1eefng ng\u01b0\u1eddi s\u00e1ng t\u1ea1o, g\u00f3p ph\u1ea7n n\u00e2ng cao nh\u1eadn th\u1ee9c v\u1ec1 ngh\u1ec7 thu\u1eadt th\u1ee7 c\u00f4ng v\u00e0 b\u1ea3o t\u1ed3n v\u0103n h\u00f3a truy\u1ec1n th\u1ed1ng.<\/p>\n","protected":false},"excerpt":{"rendered":"<p style=\"text-align: justify;\">S\u1ea3n ph\u1ea9m do c\u00e1c b\u1ea1n khuy\u1ebft t\u1eadt k\u00e9m may m\u1eafn s\u1ea3n xu\u1ea5t th\u1ee7 c\u00f4ng k\u00ednh mong nh\u1eadn \u0111\u01b0\u1ee3c s\u1ef1 \u1ee7ng h\u1ed9 c\u1ee7a Qu\u00fd kh\u00e1ch h\u00e0ng.<\/p>\n<p>Ch\u1ea5t li\u1ec7u: V\u1ea3i th\u1ed5 c\u1ea9m<\/p>\n<p>Code: TC37TB<\/p>\n<p>Hotline : <span style=\"font-size: 20px;\"><strong><span style=\"color: #ff0000;\">0909 06 25 28<\/span><\/strong><\/span><\/p>\n<p style=\"text-align: justify;\">N\u1ebfu b\u1ea1n \u1edf Vi\u1ec7t Nam vui l\u00f2ng li\u00ean h\u1ec7 ch\u00fang t\u00f4i theo s\u1ed1 hotline ho\u1eb7c fanpage doanh nghi\u1ec7p Nh\u00e0 May M\u1eafn ch\u00fang t\u00f4i \u0111\u1ec3 bi\u1ebft gi\u00e1 b\u00e1n t\u1ea1i Vi\u1ec7t Nam.<\/p>\n<p>B\u1ea3ng gi\u00e1 giao h\u00e0ng qu\u1ed1c t\u1ebf tham kh\u1ea3o :<\/p>\n<table>\n<thead>\n<tr>\n<th>KG<\/th>\n<th>Ch\u00e2u \u00c2u<\/th>\n<th>Ch\u00e2u M\u1ef9<\/th>\n<th>Ch\u00e2u \u00c1<\/th>\n<\/tr>\n<\/thead>\n<tbody>\n<tr>\n<td>0.5<\/td>\n<td>1.244.206<\/td>\n<td>1.639.022<\/td>\n<td>1.001.072<\/td>\n<\/tr>\n<tr>\n<td>1.0<\/td>\n<td>1.550.288<\/td>\n<td>2.036.567<\/td>\n<td>1.198.539<\/td>\n<\/tr>\n<tr>\n<td>1.5<\/td>\n<td>1.853.529<\/td>\n<td>2.437.063<\/td>\n<td>1.396.006<\/td>\n<\/tr>\n<tr>\n<td>2.0<\/td>\n<td>2.156.770<\/td>\n<td>2.837.559<\/td>\n<td>1.593.473<\/td>\n<\/tr>\n<\/tbody>\n<\/table>\n","protected":false},"featured_media":37013,"template":"","meta":[],"product_brand":[],"product_cat":[137,138],"product_tag":[],"class_list":{"0":"post-37012","1":"product","2":"type-product","3":"status-publish","4":"has-post-thumbnail","6":"product_cat-phong-may","7":"product_cat-thu-nhoi-bong","9":"first","10":"instock","11":"shipping-taxable","12":"purchasable","13":"product-type-simple"},"yoast_head":"<!-- This site is optimized with the Yoast SEO Premium plugin v22.7 (Yoast SEO v25.3.1) - https:\/\/yoast.com\/wordpress\/plugins\/seo\/ -->\n<title>Con heo \u0111\u1ec3 \u0111i\u1ec7n tho\u1ea1i - th\u00fa nh\u1ed3i b\u00f4ng v\u1ea3i th\u1ed5 c\u1ea7m - Nh\u00e0 May M\u1eafn - Maison Chance<\/title>\n<meta name=\"description\" content=\"&quot;Con heo \u0111\u1ec3 \u0111i\u1ec7n tho\u1ea1i&quot; kh\u00f4ng ch\u1ec9 \u0111\u01a1n thu\u1ea7n l\u00e0 m\u1ed9t th\u00fa nh\u1ed3i b\u00f4ng v\u1ea3i th\u1ed5 c\u1ea9m hay v\u1eadt trang tr\u00ed, m\u00e0 c\u00f2n l\u00e0 m\u1ed9t gi\u00e1 \u0111\u1ee1 \u0111i\u1ec7n tho\u1ea1i ti\u1ec7n l\u1ee3i.\" \/>\n<meta name=\"robots\" content=\"index, follow, max-snippet:-1, max-image-preview:large, max-video-preview:-1\" \/>\n<link rel=\"canonical\" href=\"https:\/\/maison-chance.org\/shop\/san-pham\/con-heo-de-dien-thoai\" \/>\n<meta property=\"og:locale\" content=\"vi_VN\" \/>\n<meta property=\"og:type\" content=\"article\" \/>\n<meta property=\"og:title\" content=\"Con heo \u0111\u1ec3 \u0111i\u1ec7n tho\u1ea1i\" \/>\n<meta property=\"og:description\" content=\"&quot;Con heo \u0111\u1ec3 \u0111i\u1ec7n tho\u1ea1i&quot; kh\u00f4ng ch\u1ec9 \u0111\u01a1n thu\u1ea7n l\u00e0 m\u1ed9t th\u00fa nh\u1ed3i b\u00f4ng v\u1ea3i th\u1ed5 c\u1ea9m hay v\u1eadt trang tr\u00ed, m\u00e0 c\u00f2n l\u00e0 m\u1ed9t gi\u00e1 \u0111\u1ee1 \u0111i\u1ec7n tho\u1ea1i ti\u1ec7n l\u1ee3i.\" \/>\n<meta property=\"og:url\" content=\"https:\/\/maison-chance.org\/shop\/san-pham\/con-heo-de-dien-thoai\" \/>\n<meta property=\"og:site_name\" content=\"Nh\u00e0 May M\u1eafn - Maison Chance\" \/>\n<meta property=\"article:publisher\" content=\"https:\/\/www.facebook.com\/dnxh.nhamayman\/\" \/>\n<meta property=\"article:modified_time\" content=\"2024-12-18T06:26:51+00:00\" \/>\n<meta property=\"og:image\" content=\"https:\/\/maison-chance.org\/shop\/wp-content\/uploads\/2024\/04\/con-heo-de-dien-thoai-07-1.png\" \/>\n\t<meta property=\"og:image:width\" content=\"600\" \/>\n\t<meta property=\"og:image:height\" content=\"600\" \/>\n\t<meta property=\"og:image:type\" content=\"image\/png\" \/>\n<meta name=\"twitter:card\" content=\"summary_large_image\" \/>\n<meta name=\"twitter:label1\" content=\"Gi\u00e1\" \/>\n\t<meta name=\"twitter:data1\" content=\"4.30&nbsp;&#036;\" \/>\n\t<meta name=\"twitter:label2\" content=\"Availability\" \/>\n\t<meta name=\"twitter:data2\" content=\"In stock\" \/>\n<script type=\"application\/ld+json\" class=\"yoast-schema-graph\">{\"@context\":\"https:\/\/schema.org\",\"@graph\":[{\"@type\":\"WebPage\",\"@id\":\"https:\/\/maison-chance.org\/shop\/san-pham\/con-heo-de-dien-thoai\",\"url\":\"https:\/\/maison-chance.org\/shop\/san-pham\/con-heo-de-dien-thoai\",\"name\":\"Con heo \u0111\u1ec3 \u0111i\u1ec7n tho\u1ea1i - th\u00fa nh\u1ed3i b\u00f4ng v\u1ea3i th\u1ed5 c\u1ea7m - Nh\u00e0 May M\u1eafn - Maison Chance\",\"isPartOf\":{\"@id\":\"https:\/\/maison-chance.org\/shop\/#website\"},\"primaryImageOfPage\":{\"@id\":\"https:\/\/maison-chance.org\/shop\/san-pham\/con-heo-de-dien-thoai#primaryimage\"},\"image\":{\"@id\":\"https:\/\/maison-chance.org\/shop\/san-pham\/con-heo-de-dien-thoai#primaryimage\"},\"thumbnailUrl\":\"https:\/\/maison-chance.org\/shop\/wp-content\/uploads\/2024\/04\/con-heo-de-dien-thoai-07-1.png\",\"datePublished\":\"2024-09-01T00:00:32+00:00\",\"dateModified\":\"2024-12-18T06:26:51+00:00\",\"description\":\"\\\"Con heo \u0111\u1ec3 \u0111i\u1ec7n tho\u1ea1i\\\" kh\u00f4ng ch\u1ec9 \u0111\u01a1n thu\u1ea7n l\u00e0 m\u1ed9t th\u00fa nh\u1ed3i b\u00f4ng v\u1ea3i th\u1ed5 c\u1ea9m hay v\u1eadt trang tr\u00ed, m\u00e0 c\u00f2n l\u00e0 m\u1ed9t gi\u00e1 \u0111\u1ee1 \u0111i\u1ec7n tho\u1ea1i ti\u1ec7n l\u1ee3i.\",\"breadcrumb\":{\"@id\":\"https:\/\/maison-chance.org\/shop\/san-pham\/con-heo-de-dien-thoai#breadcrumb\"},\"inLanguage\":\"vi-VN\",\"potentialAction\":[{\"@type\":\"ReadAction\",\"target\":[\"https:\/\/maison-chance.org\/shop\/san-pham\/con-heo-de-dien-thoai\"]}]},{\"@type\":\"ImageObject\",\"inLanguage\":\"vi-VN\",\"@id\":\"https:\/\/maison-chance.org\/shop\/san-pham\/con-heo-de-dien-thoai#primaryimage\",\"url\":\"https:\/\/maison-chance.org\/shop\/wp-content\/uploads\/2024\/04\/con-heo-de-dien-thoai-07-1.png\",\"contentUrl\":\"https:\/\/maison-chance.org\/shop\/wp-content\/uploads\/2024\/04\/con-heo-de-dien-thoai-07-1.png\",\"width\":600,\"height\":600,\"caption\":\"Con heo \u0111\u1ec3 \u0111i\u1ec7n tho\u1ea1i\"},{\"@type\":\"BreadcrumbList\",\"@id\":\"https:\/\/maison-chance.org\/shop\/san-pham\/con-heo-de-dien-thoai#breadcrumb\",\"itemListElement\":[{\"@type\":\"ListItem\",\"position\":1,\"name\":\"Trang ch\u1ee7\",\"item\":\"https:\/\/maison-chance.org\/shop\/\"},{\"@type\":\"ListItem\",\"position\":2,\"name\":\"Shop\",\"item\":\"https:\/\/maison-chance.org\/shop\/shop\"},{\"@type\":\"ListItem\",\"position\":3,\"name\":\"Con heo \u0111\u1ec3 \u0111i\u1ec7n tho\u1ea1i\"}]},{\"@type\":\"WebSite\",\"@id\":\"https:\/\/maison-chance.org\/shop\/#website\",\"url\":\"https:\/\/maison-chance.org\/shop\/\",\"name\":\"Nh\u00e0 May M\u1eafn - Maison Chance\",\"description\":\"M\u1ecdi l\u1ee3i nhu\u1eadn thu v\u1ec1 t\u1eeb vi\u1ec7c b\u00e1n h\u00e0ng s\u1ebd tr\u00edch m\u1ed9t ph\u1ea7n \u0111\u1ec3 ch\u0103m lo cho \u0111\u1eddi s\u1ed1ng c\u00e1c b\u1ea1n khuy\u1ebft t\u1eadt v\u00e0 tr\u1ebb m\u1ed3 c\u00f4i \u1edf \u0111\u00e2y\",\"publisher\":{\"@id\":\"https:\/\/maison-chance.org\/shop\/#organization\"},\"potentialAction\":[{\"@type\":\"SearchAction\",\"target\":{\"@type\":\"EntryPoint\",\"urlTemplate\":\"https:\/\/maison-chance.org\/shop\/?s={search_term_string}\"},\"query-input\":{\"@type\":\"PropertyValueSpecification\",\"valueRequired\":true,\"valueName\":\"search_term_string\"}}],\"inLanguage\":\"vi-VN\"},{\"@type\":\"Organization\",\"@id\":\"https:\/\/maison-chance.org\/shop\/#organization\",\"name\":\"Nh\u00e0 May M\u1eafn - Maison Chance\",\"url\":\"https:\/\/maison-chance.org\/shop\/\",\"logo\":{\"@type\":\"ImageObject\",\"inLanguage\":\"vi-VN\",\"@id\":\"https:\/\/maison-chance.org\/shop\/#\/schema\/logo\/image\/\",\"url\":\"https:\/\/maison-chance.org\/shop\/wp-content\/uploads\/2024\/03\/cropped-Logo_DNXH.png\",\"contentUrl\":\"https:\/\/maison-chance.org\/shop\/wp-content\/uploads\/2024\/03\/cropped-Logo_DNXH.png\",\"width\":512,\"height\":512,\"caption\":\"Nh\u00e0 May M\u1eafn - Maison Chance\"},\"image\":{\"@id\":\"https:\/\/maison-chance.org\/shop\/#\/schema\/logo\/image\/\"},\"sameAs\":[\"https:\/\/www.facebook.com\/dnxh.nhamayman\/\"]}]}<\/script>\n<meta property=\"product:price:amount\" content=\"4.30\" \/>\n<meta property=\"product:price:currency\" content=\"USD\" \/>\n<meta property=\"og:availability\" content=\"instock\" \/>\n<meta property=\"product:availability\" content=\"instock\" \/>\n<meta property=\"product:condition\" content=\"new\" \/>\n<!-- \/ Yoast SEO Premium plugin. -->","yoast_head_json":{"title":"Con heo \u0111\u1ec3 \u0111i\u1ec7n tho\u1ea1i - th\u00fa nh\u1ed3i b\u00f4ng v\u1ea3i th\u1ed5 c\u1ea7m - Nh\u00e0 May M\u1eafn - Maison Chance","description":"\"Con heo \u0111\u1ec3 \u0111i\u1ec7n tho\u1ea1i\" kh\u00f4ng ch\u1ec9 \u0111\u01a1n thu\u1ea7n l\u00e0 m\u1ed9t th\u00fa nh\u1ed3i b\u00f4ng v\u1ea3i th\u1ed5 c\u1ea9m hay v\u1eadt trang tr\u00ed, m\u00e0 c\u00f2n l\u00e0 m\u1ed9t gi\u00e1 \u0111\u1ee1 \u0111i\u1ec7n tho\u1ea1i ti\u1ec7n l\u1ee3i.","robots":{"index":"index","follow":"follow","max-snippet":"max-snippet:-1","max-image-preview":"max-image-preview:large","max-video-preview":"max-video-preview:-1"},"canonical":"https:\/\/maison-chance.org\/shop\/san-pham\/con-heo-de-dien-thoai","og_locale":"vi_VN","og_type":"article","og_title":"Con heo \u0111\u1ec3 \u0111i\u1ec7n tho\u1ea1i","og_description":"\"Con heo \u0111\u1ec3 \u0111i\u1ec7n tho\u1ea1i\" kh\u00f4ng ch\u1ec9 \u0111\u01a1n thu\u1ea7n l\u00e0 m\u1ed9t th\u00fa nh\u1ed3i b\u00f4ng v\u1ea3i th\u1ed5 c\u1ea9m hay v\u1eadt trang tr\u00ed, m\u00e0 c\u00f2n l\u00e0 m\u1ed9t gi\u00e1 \u0111\u1ee1 \u0111i\u1ec7n tho\u1ea1i ti\u1ec7n l\u1ee3i.","og_url":"https:\/\/maison-chance.org\/shop\/san-pham\/con-heo-de-dien-thoai","og_site_name":"Nh\u00e0 May M\u1eafn - Maison Chance","article_publisher":"https:\/\/www.facebook.com\/dnxh.nhamayman\/","article_modified_time":"2024-12-18T06:26:51+00:00","og_image":[{"width":600,"height":600,"url":"https:\/\/maison-chance.org\/shop\/wp-content\/uploads\/2024\/04\/con-heo-de-dien-thoai-07-1.png","type":"image\/png"}],"twitter_card":"summary_large_image","twitter_misc":{"Gi\u00e1":"4.30&nbsp;&#36;","Availability":"In stock"},"schema":{"@context":"https:\/\/schema.org","@graph":[{"@type":"WebPage","@id":"https:\/\/maison-chance.org\/shop\/san-pham\/con-heo-de-dien-thoai","url":"https:\/\/maison-chance.org\/shop\/san-pham\/con-heo-de-dien-thoai","name":"Con heo \u0111\u1ec3 \u0111i\u1ec7n tho\u1ea1i - th\u00fa nh\u1ed3i b\u00f4ng v\u1ea3i th\u1ed5 c\u1ea7m - Nh\u00e0 May M\u1eafn - Maison Chance","isPartOf":{"@id":"https:\/\/maison-chance.org\/shop\/#website"},"primaryImageOfPage":{"@id":"https:\/\/maison-chance.org\/shop\/san-pham\/con-heo-de-dien-thoai#primaryimage"},"image":{"@id":"https:\/\/maison-chance.org\/shop\/san-pham\/con-heo-de-dien-thoai#primaryimage"},"thumbnailUrl":"https:\/\/maison-chance.org\/shop\/wp-content\/uploads\/2024\/04\/con-heo-de-dien-thoai-07-1.png","datePublished":"2024-09-01T00:00:32+00:00","dateModified":"2024-12-18T06:26:51+00:00","description":"\"Con heo \u0111\u1ec3 \u0111i\u1ec7n tho\u1ea1i\" kh\u00f4ng ch\u1ec9 \u0111\u01a1n thu\u1ea7n l\u00e0 m\u1ed9t th\u00fa nh\u1ed3i b\u00f4ng v\u1ea3i th\u1ed5 c\u1ea9m hay v\u1eadt trang tr\u00ed, m\u00e0 c\u00f2n l\u00e0 m\u1ed9t gi\u00e1 \u0111\u1ee1 \u0111i\u1ec7n tho\u1ea1i ti\u1ec7n l\u1ee3i.","breadcrumb":{"@id":"https:\/\/maison-chance.org\/shop\/san-pham\/con-heo-de-dien-thoai#breadcrumb"},"inLanguage":"vi-VN","potentialAction":[{"@type":"ReadAction","target":["https:\/\/maison-chance.org\/shop\/san-pham\/con-heo-de-dien-thoai"]}]},{"@type":"ImageObject","inLanguage":"vi-VN","@id":"https:\/\/maison-chance.org\/shop\/san-pham\/con-heo-de-dien-thoai#primaryimage","url":"https:\/\/maison-chance.org\/shop\/wp-content\/uploads\/2024\/04\/con-heo-de-dien-thoai-07-1.png","contentUrl":"https:\/\/maison-chance.org\/shop\/wp-content\/uploads\/2024\/04\/con-heo-de-dien-thoai-07-1.png","width":600,"height":600,"caption":"Con heo \u0111\u1ec3 \u0111i\u1ec7n tho\u1ea1i"},{"@type":"BreadcrumbList","@id":"https:\/\/maison-chance.org\/shop\/san-pham\/con-heo-de-dien-thoai#breadcrumb","itemListElement":[{"@type":"ListItem","position":1,"name":"Trang ch\u1ee7","item":"https:\/\/maison-chance.org\/shop\/"},{"@type":"ListItem","position":2,"name":"Shop","item":"https:\/\/maison-chance.org\/shop\/shop"},{"@type":"ListItem","position":3,"name":"Con heo \u0111\u1ec3 \u0111i\u1ec7n tho\u1ea1i"}]},{"@type":"WebSite","@id":"https:\/\/maison-chance.org\/shop\/#website","url":"https:\/\/maison-chance.org\/shop\/","name":"Nh\u00e0 May M\u1eafn - Maison Chance","description":"M\u1ecdi l\u1ee3i nhu\u1eadn thu v\u1ec1 t\u1eeb vi\u1ec7c b\u00e1n h\u00e0ng s\u1ebd tr\u00edch m\u1ed9t ph\u1ea7n \u0111\u1ec3 ch\u0103m lo cho \u0111\u1eddi s\u1ed1ng c\u00e1c b\u1ea1n khuy\u1ebft t\u1eadt v\u00e0 tr\u1ebb m\u1ed3 c\u00f4i \u1edf \u0111\u00e2y","publisher":{"@id":"https:\/\/maison-chance.org\/shop\/#organization"},"potentialAction":[{"@type":"SearchAction","target":{"@type":"EntryPoint","urlTemplate":"https:\/\/maison-chance.org\/shop\/?s={search_term_string}"},"query-input":{"@type":"PropertyValueSpecification","valueRequired":true,"valueName":"search_term_string"}}],"inLanguage":"vi-VN"},{"@type":"Organization","@id":"https:\/\/maison-chance.org\/shop\/#organization","name":"Nh\u00e0 May M\u1eafn - Maison Chance","url":"https:\/\/maison-chance.org\/shop\/","logo":{"@type":"ImageObject","inLanguage":"vi-VN","@id":"https:\/\/maison-chance.org\/shop\/#\/schema\/logo\/image\/","url":"https:\/\/maison-chance.org\/shop\/wp-content\/uploads\/2024\/03\/cropped-Logo_DNXH.png","contentUrl":"https:\/\/maison-chance.org\/shop\/wp-content\/uploads\/2024\/03\/cropped-Logo_DNXH.png","width":512,"height":512,"caption":"Nh\u00e0 May M\u1eafn - Maison Chance"},"image":{"@id":"https:\/\/maison-chance.org\/shop\/#\/schema\/logo\/image\/"},"sameAs":["https:\/\/www.facebook.com\/dnxh.nhamayman\/"]}]},"product_price_amount":"4.30","product_price_currency":"USD","og_availability":"instock","product_availability":"instock","product_condition":"new"},"_links":{"self":[{"href":"https:\/\/maison-chance.org\/shop\/wp-json\/wp\/v2\/product\/37012","targetHints":{"allow":["GET"]}}],"collection":[{"href":"https:\/\/maison-chance.org\/shop\/wp-json\/wp\/v2\/product"}],"about":[{"href":"https:\/\/maison-chance.org\/shop\/wp-json\/wp\/v2\/types\/product"}],"wp:featuredmedia":[{"embeddable":true,"href":"https:\/\/maison-chance.org\/shop\/wp-json\/wp\/v2\/media\/37013"}],"wp:attachment":[{"href":"https:\/\/maison-chance.org\/shop\/wp-json\/wp\/v2\/media?parent=37012"}],"wp:term":[{"taxonomy":"product_brand","embeddable":true,"href":"https:\/\/maison-chance.org\/shop\/wp-json\/wp\/v2\/product_brand?post=37012"},{"taxonomy":"product_cat","embeddable":true,"href":"https:\/\/maison-chance.org\/shop\/wp-json\/wp\/v2\/product_cat?post=37012"},{"taxonomy":"product_tag","embeddable":true,"href":"https:\/\/maison-chance.org\/shop\/wp-json\/wp\/v2\/product_tag?post=37012"}],"curies":[{"name":"wp","href":"https:\/\/api.w.org\/{rel}","templated":true}]}}