{"id":37017,"date":"2024-09-01T07:02:41","date_gmt":"2024-09-01T00:02:41","guid":{"rendered":"https:\/\/maison-chance.org\/shop\/?post_type=product&#038;p=37017"},"modified":"2024-12-18T13:45:02","modified_gmt":"2024-12-18T06:45:02","slug":"con-bo-sua-2","status":"publish","type":"product","link":"https:\/\/maison-chance.org\/shop\/san-pham\/con-bo-sua-2","title":{"rendered":"Con b\u00f2 s\u1eefa"},"content":{"rendered":"<p style=\"text-align: justify\">B\u1ea1n \u0111ang t\u00ecm ki\u1ebfm m\u1ed9t m\u00f3n qu\u00e0 \u0111\u1ed9c \u0111\u00e1o, v\u1eeba d\u1ec5 th\u01b0\u01a1ng l\u1ea1i mang \u00fd ngh\u0129a nh\u00e2n v\u0103n s\u00e2u s\u1eafc? H\u00e3y \u0111\u1ec3 <a href=\"https:\/\/maison-chance.org\/shop\/san-pham\/con-bo-sua-2\">con b\u00f2 s\u1eefa nh\u1ed3i b\u00f4ng th\u1ee7 c\u00f4ng<\/a> t\u1eeb Nh\u00e0 May M\u1eafn chinh ph\u1ee5c tr\u00e1i tim b\u1ea1n ngay t\u1eeb c\u00e1i nh\u00ecn \u0111\u1ea7u ti\u00ean. S\u1ea3n ph\u1ea9m n\u00e0y kh\u00f4ng ch\u1ec9 l\u00e0 m\u1ed9t m\u00f3n \u0111\u1ed3 ch\u01a1i \u0111\u00e1ng y\u00eau, m\u00e0 c\u00f2n l\u00e0 k\u1ebft tinh c\u1ee7a s\u1ef1 n\u1ed7 l\u1ef1c v\u00e0 kh\u00e9o l\u00e9o t\u1eeb \u0111\u00f4i tay t\u00e0i hoa c\u1ee7a c\u00e1c th\u1ee3 may khuy\u1ebft t\u1eadt.<\/p>\n<p style=\"text-align: justify\">Con b\u00f2 s\u1eefa nh\u1ed3i b\u00f4ng (m\u00e3 s\u1ea3n ph\u1ea9m TC36TB) \u0111\u01b0\u1ee3c ch\u1ebf t\u00e1c t\u1ec9 m\u1ec9 t\u1eeb ch\u1ea5t li\u1ec7u v\u1ea3i linen cao c\u1ea5p. B\u1ec1 m\u1eb7t v\u1ea3i m\u1ec1m m\u1ea1i, an to\u00e0n cho l\u00e0n da nh\u1ea1y c\u1ea3m c\u1ee7a tr\u1ebb nh\u1ecf. V\u1edbi nh\u1eefng \u0111\u1ed1m \u0111en v\u1ebd tay, m\u1ed7i ch\u00fa b\u00f2 s\u1eefa \u0111\u1ec1u mang m\u1ed9t v\u1ebb \u0111\u1eb9p \u0111\u1ed9c \u0111\u00e1o, kh\u00f4ng l\u1eabn v\u00e0o \u0111\u00e2u \u0111\u01b0\u1ee3c. K\u00edch th\u01b0\u1edbc 16&#215;23 cm v\u1eeba v\u1eb7n trong l\u00f2ng b\u00e0n tay, d\u1ec5 d\u00e0ng \u00f4m \u1ea5p v\u00e0 tr\u1edf th\u00e0nh ng\u01b0\u1eddi b\u1ea1n \u0111\u1ed3ng h\u00e0nh th\u00e2n thi\u1ebft c\u1ee7a b\u00e9, mang theo b\u00ean m\u00ecnh b\u1ea5t c\u1ee9 l\u00fac n\u00e0o.<\/p>\n<p style=\"text-align: justify\">Kh\u00f4ng ch\u1ec9 l\u00e0 m\u1ed9t m\u00f3n \u0111\u1ed3 ch\u01a1i, <a href=\"https:\/\/maison-chance.org\/shop\/thu-nhoi-bong\">con b\u00f2 s\u1eefa nh\u1ed3i b\u00f4ng<\/a> c\u00f2n l\u00e0 m\u1ed9t v\u1eadt trang tr\u00ed \u0111\u00e1ng y\u00eau cho kh\u00f4ng gian s\u1ed1ng. \u0110\u1eb7t n\u00f3 tr\u00ean k\u1ec7 s\u00e1ch trong ph\u00f2ng tr\u1ebb em, con b\u00f2 s\u1eefa s\u1ebd t\u1ea1o n\u00ean m\u1ed9t g\u00f3c nh\u1ecf \u0111\u1ea7y s\u1ee9c s\u1ed1ng v\u00e0 m\u00e0u s\u1eafc. Trong ph\u00f2ng kh\u00e1ch, n\u00f3 c\u00f3 th\u1ec3 tr\u1edf th\u00e0nh \u0111i\u1ec3m nh\u1ea5n th\u00fa v\u1ecb tr\u00ean chi\u1ebfc gh\u1ebf sofa hay b\u00e0n tr\u00e0 th\u1ed5i m\u1ed9t l\u00e0n gi\u00f3 m\u1edbi, l\u00e0m b\u1eebng s\u00e1ng kh\u00f4ng gian s\u1ed1ng c\u1ee7a b\u1ea1n. \u0110\u1eb7c bi\u1ec7t, trong ph\u00f2ng ng\u1ee7, con b\u00f2 s\u1eefa nh\u1ed3i b\u00f4ng s\u1ebd l\u00e0 ng\u01b0\u1eddi b\u1ea1n \u0111\u1ed3ng h\u00e0nh \u0111\u00e1ng tin c\u1eady, mang \u0111\u1ebfn c\u1ea3m gi\u00e1c \u1ea5m \u00e1p v\u00e0 an to\u00e0n cho gi\u1ea5c ng\u1ee7 c\u1ee7a b\u00e9.<\/p>\n<p style=\"text-align: justify\">S\u1ea3n ph\u1ea9m <a href=\"https:\/\/maison-chance.org\/shop\/phong-may\">th\u00fa nh\u1ed3i b\u00f4ng<\/a> h\u00ecnh con b\u00f2 s\u1eefa kh\u00f4ng ch\u1ec9 \u0111\u01a1n thu\u1ea7n l\u00e0 m\u1ed9t m\u00f3n \u0111\u1ed3 trang tr\u00ed. N\u00f3 c\u00f2n l\u00e0 c\u00f4ng c\u1ee5 gi\u00e1o d\u1ee5c tuy\u1ec7t v\u1eddi, gi\u00fap tr\u1ebb em h\u1ecdc h\u1ecfi v\u1ec1 \u0111\u1ed9ng v\u1eadt, m\u00e0u s\u1eafc v\u00e0 ph\u00e1t tri\u1ec3n k\u1ef9 n\u0103ng v\u1eadn \u0111\u1ed9ng tinh th\u00f4ng qua vi\u1ec7c ch\u01a1i \u0111\u00f9a. \u0110\u1ed3ng th\u1eddi, c\u00e2u chuy\u1ec7n \u0111\u1eb1ng sau m\u1ed7i s\u1ea3n ph\u1ea9m \u0111\u01b0\u1ee3c th\u1ef1c hi\u1ec7n b\u1edfi c\u00e1c th\u1ee3 may khuy\u1ebft t\u1eadt, s\u1ebd d\u1ea1y tr\u1ebb v\u1ec1 l\u00f2ng nh\u00e2n \u00e1i v\u00e0 s\u1ef1 ki\u00ean c\u01b0\u1eddng trong cu\u1ed9c s\u1ed1ng.<\/p>\n<p style=\"text-align: justify\">Khi b\u1ea1n ch\u1ecdn mua con b\u00f2 s\u1eefa nh\u1ed3i b\u00f4ng t\u1eeb Nh\u00e0 May M\u1eafn, b\u1ea1n kh\u00f4ng ch\u1ec9 s\u1edf h\u1eefu m\u1ed9t s\u1ea3n ph\u1ea9m ch\u1ea5t l\u01b0\u1ee3ng m\u00e0 c\u00f2n \u0111\u00f3ng g\u00f3p v\u00e0o vi\u1ec7c t\u1ea1o c\u00f4ng \u0103n vi\u1ec7c l\u00e0m cho nh\u1eefng ng\u01b0\u1eddi khuy\u1ebft t\u1eadt. M\u1ed7i s\u1ea3n ph\u1ea9m \u0111\u01b0\u1ee3c b\u00e1n ra l\u00e0 m\u1ed9t l\u1eddi \u0111\u1ed9ng vi\u00ean, m\u1ed9t c\u01a1 h\u1ed9i \u0111\u1ec3 c\u00e1c th\u1ee3 may t\u1ea1i \u0111\u00e2y ti\u1ebfp t\u1ee5c theo \u0111u\u1ed5i \u0111am m\u00ea v\u00e0 kh\u1eb3ng \u0111\u1ecbnh gi\u00e1 tr\u1ecb b\u1ea3n th\u00e2n.<\/p>\n<p style=\"text-align: justify\">H\u00e3y \u0111\u1ec3 con b\u00f2 s\u1eefa nh\u1ed3i b\u00f4ng t\u1eeb <a href=\"https:\/\/maison-chance.org\/shop\/\">Nh\u00e0 May M\u1eafn<\/a> tr\u1edf th\u00e0nh m\u00f3n qu\u00e0 \u00fd ngh\u0129a cho ng\u01b0\u1eddi th\u00e2n y\u00eau c\u1ee7a b\u1ea1n. \u0110\u00e2y kh\u00f4ng ch\u1ec9 l\u00e0 m\u1ed9t m\u00f3n \u0111\u1ed3 ch\u01a1i \u0111\u00e1ng y\u00eau, m\u00e0 c\u00f2n l\u00e0 bi\u1ec3u t\u01b0\u1ee3ng c\u1ee7a t\u00ecnh y\u00eau th\u01b0\u01a1ng, s\u1ef1 quan t\u00e2m v\u00e0 \u1ee7ng h\u1ed9 \u0111\u1ed1i v\u1edbi c\u1ed9ng \u0111\u1ed3ng ng\u01b0\u1eddi khuy\u1ebft t\u1eadt. M\u1ed7i \u0111\u01b0\u1eddng may tr\u00ean con b\u00f2 s\u1eefa l\u00e0 m\u1ed9t c\u00e2u chuy\u1ec7n v\u1ec1 ngh\u1ecb l\u1ef1c v\u00e0 ni\u1ec1m tin, m\u1ed7i chi ti\u1ebft th\u1ee7 c\u00f4ng l\u00e0 m\u1ed9t l\u1eddi nh\u1eafn g\u1eedi v\u1ec1 ni\u1ec1m tin v\u00e0 kh\u00e1t v\u1ecdng v\u01b0\u01a1n l\u00ean.<\/p>\n<p style=\"text-align: justify\">\u0110\u1eebng ch\u1ea7n ch\u1eeb n\u1eefa, h\u00e3y li\u00ean h\u1ec7 ngay v\u1edbi Nh\u00e0 May M\u1eafn \u0111\u1ec3 \u0111\u1eb7t mua con b\u00f2 s\u1eefa nh\u1ed3i b\u00f4ng TC36TB. B\u1ea1n s\u1ebd kh\u00f4ng ch\u1ec9 rinh v\u1ec1 m\u1ed9t m\u00f3n qu\u00e0 \u0111\u00e1ng y\u00eau m\u00e0 c\u00f2n l\u00e0 ni\u1ec1m vui, ni\u1ec1m t\u1ef1 h\u00e0o v\u00e0 c\u1ea3 t\u01b0\u01a1ng lai t\u01b0\u01a1i s\u00e1ng cho nh\u1eefng ng\u01b0\u1eddi th\u1ee3 may khi\u1ebfm khuy\u1ebft nh\u01b0ng t\u00e0i n\u0103ng n\u00e0y. H\u00e3y c\u00f9ng ch\u00fang t\u00f4i lan t\u1ecfa y\u00eau th\u01b0\u01a1ng v\u00e0 t\u1ea1o n\u00ean nh\u1eefng \u0111i\u1ec1u k\u1ef3 di\u1ec7u!<\/p>\n","protected":false},"excerpt":{"rendered":"<p style=\"text-align: justify\">S\u1ea3n ph\u1ea9m do c\u00e1c b\u1ea1n khuy\u1ebft t\u1eadt k\u00e9m may m\u1eafn s\u1ea3n xu\u1ea5t th\u1ee7 c\u00f4ng k\u00ednh mong nh\u1eadn \u0111\u01b0\u1ee3c s\u1ef1 \u1ee7ng h\u1ed9 c\u1ee7a Qu\u00fd kh\u00e1ch h\u00e0ng.<\/p>\n<p>Ch\u1ea5t li\u1ec7u: V\u1ea3i linen + v\u1ebd th\u1ee7 c\u00f4ng<\/p>\n<p>Code: TC36TB<\/p>\n<p>Hotline : <span style=\"font-size: 20px\"><strong><span style=\"color: #ff0000\">0909 06 25 28<\/span><\/strong><\/span><\/p>\n<p style=\"text-align: justify\">N\u1ebfu b\u1ea1n \u1edf Vi\u1ec7t Nam vui l\u00f2ng li\u00ean h\u1ec7 ch\u00fang t\u00f4i theo s\u1ed1 hotline ho\u1eb7c fanpage doanh nghi\u1ec7p Nh\u00e0 May M\u1eafn ch\u00fang t\u00f4i \u0111\u1ec3 bi\u1ebft gi\u00e1 b\u00e1n t\u1ea1i Vi\u1ec7t Nam.<\/p>\n<p>B\u1ea3ng gi\u00e1 giao h\u00e0ng qu\u1ed1c t\u1ebf tham kh\u1ea3o :<\/p>\n<table>\n<thead>\n<tr>\n<th>KG<\/th>\n<th>Ch\u00e2u \u00c2u<\/th>\n<th>Ch\u00e2u M\u1ef9<\/th>\n<th>Ch\u00e2u \u00c1<\/th>\n<\/tr>\n<\/thead>\n<tbody>\n<tr>\n<td>0.5<\/td>\n<td>1.244.206<\/td>\n<td>1.639.022<\/td>\n<td>1.001.072<\/td>\n<\/tr>\n<tr>\n<td>1.0<\/td>\n<td>1.550.288<\/td>\n<td>2.036.567<\/td>\n<td>1.198.539<\/td>\n<\/tr>\n<tr>\n<td>1.5<\/td>\n<td>1.853.529<\/td>\n<td>2.437.063<\/td>\n<td>1.396.006<\/td>\n<\/tr>\n<tr>\n<td>2.0<\/td>\n<td>2.156.770<\/td>\n<td>2.837.559<\/td>\n<td>1.593.473<\/td>\n<\/tr>\n<\/tbody>\n<\/table>\n","protected":false},"featured_media":37018,"template":"","meta":[],"product_brand":[],"product_cat":[137,138],"product_tag":[],"class_list":{"0":"post-37017","1":"product","2":"type-product","3":"status-publish","4":"has-post-thumbnail","6":"product_cat-phong-may","7":"product_cat-thu-nhoi-bong","9":"first","10":"instock","11":"shipping-taxable","12":"purchasable","13":"product-type-simple"},"yoast_head":"<!-- This site is optimized with the Yoast SEO Premium plugin v22.7 (Yoast SEO v25.3.1) - https:\/\/yoast.com\/wordpress\/plugins\/seo\/ -->\n<title>Con b\u00f2 s\u1eefa - th\u00fa nh\u1ed3i b\u00f4ng v\u1ea3i linen + v\u1ebd th\u1ee7 c\u00f4ng - Nh\u00e0 May M\u1eafn - Maison Chance<\/title>\n<meta name=\"description\" content=\"Th\u00fa nh\u1ed3i b\u00f4ng h\u00ecnh con b\u00f2 s\u1eefa kh\u00f4ng ch\u1ec9 \u0111\u01a1n thu\u1ea7n l\u00e0 m\u1ed9t m\u00f3n \u0111\u1ed3 trang tr\u00ed. N\u00f3 c\u00f2n l\u00e0 c\u00f4ng c\u1ee5 gi\u00e1o d\u1ee5c tuy\u1ec7t v\u1eddi, gi\u00fap tr\u1ebb em h\u1ecdc h\u1ecfi v\u1ec1 \u0111\u1ed9ng v\u1eadt, m\u00e0u s\u1eafc v\u00e0 ph\u00e1t tri\u1ec3n k\u1ef9 n\u0103ng v\u1eadn \u0111\u1ed9ng tinh th\u00f4ng qua vi\u1ec7c ch\u01a1i \u0111\u00f9a.\" \/>\n<meta name=\"robots\" content=\"index, follow, max-snippet:-1, max-image-preview:large, max-video-preview:-1\" \/>\n<link rel=\"canonical\" href=\"https:\/\/maison-chance.org\/shop\/san-pham\/con-bo-sua-2\" \/>\n<meta property=\"og:locale\" content=\"vi_VN\" \/>\n<meta property=\"og:type\" content=\"article\" \/>\n<meta property=\"og:title\" content=\"Con b\u00f2 s\u1eefa\" \/>\n<meta property=\"og:description\" content=\"Th\u00fa nh\u1ed3i b\u00f4ng h\u00ecnh con b\u00f2 s\u1eefa kh\u00f4ng ch\u1ec9 \u0111\u01a1n thu\u1ea7n l\u00e0 m\u1ed9t m\u00f3n \u0111\u1ed3 trang tr\u00ed. N\u00f3 c\u00f2n l\u00e0 c\u00f4ng c\u1ee5 gi\u00e1o d\u1ee5c tuy\u1ec7t v\u1eddi, gi\u00fap tr\u1ebb em h\u1ecdc h\u1ecfi v\u1ec1 \u0111\u1ed9ng v\u1eadt, m\u00e0u s\u1eafc v\u00e0 ph\u00e1t tri\u1ec3n k\u1ef9 n\u0103ng v\u1eadn \u0111\u1ed9ng tinh th\u00f4ng qua vi\u1ec7c ch\u01a1i \u0111\u00f9a.\" \/>\n<meta property=\"og:url\" content=\"https:\/\/maison-chance.org\/shop\/san-pham\/con-bo-sua-2\" \/>\n<meta property=\"og:site_name\" content=\"Nh\u00e0 May M\u1eafn - Maison Chance\" \/>\n<meta property=\"article:publisher\" content=\"https:\/\/www.facebook.com\/dnxh.nhamayman\/\" \/>\n<meta property=\"article:modified_time\" content=\"2024-12-18T06:45:02+00:00\" \/>\n<meta property=\"og:image\" content=\"https:\/\/maison-chance.org\/shop\/wp-content\/uploads\/2024\/04\/con-bo-sua-003.png\" \/>\n\t<meta property=\"og:image:width\" content=\"600\" \/>\n\t<meta property=\"og:image:height\" content=\"600\" \/>\n\t<meta property=\"og:image:type\" content=\"image\/png\" \/>\n<meta name=\"twitter:card\" content=\"summary_large_image\" \/>\n<meta name=\"twitter:label1\" content=\"Gi\u00e1\" \/>\n\t<meta name=\"twitter:data1\" content=\"11.80&nbsp;&#036;\" \/>\n\t<meta name=\"twitter:label2\" content=\"Availability\" \/>\n\t<meta name=\"twitter:data2\" content=\"In stock\" \/>\n<script type=\"application\/ld+json\" class=\"yoast-schema-graph\">{\"@context\":\"https:\/\/schema.org\",\"@graph\":[{\"@type\":\"WebPage\",\"@id\":\"https:\/\/maison-chance.org\/shop\/san-pham\/con-bo-sua-2\",\"url\":\"https:\/\/maison-chance.org\/shop\/san-pham\/con-bo-sua-2\",\"name\":\"Con b\u00f2 s\u1eefa - th\u00fa nh\u1ed3i b\u00f4ng v\u1ea3i linen + v\u1ebd th\u1ee7 c\u00f4ng - Nh\u00e0 May M\u1eafn - Maison Chance\",\"isPartOf\":{\"@id\":\"https:\/\/maison-chance.org\/shop\/#website\"},\"primaryImageOfPage\":{\"@id\":\"https:\/\/maison-chance.org\/shop\/san-pham\/con-bo-sua-2#primaryimage\"},\"image\":{\"@id\":\"https:\/\/maison-chance.org\/shop\/san-pham\/con-bo-sua-2#primaryimage\"},\"thumbnailUrl\":\"https:\/\/maison-chance.org\/shop\/wp-content\/uploads\/2024\/04\/con-bo-sua-003.png\",\"datePublished\":\"2024-09-01T00:02:41+00:00\",\"dateModified\":\"2024-12-18T06:45:02+00:00\",\"description\":\"Th\u00fa nh\u1ed3i b\u00f4ng h\u00ecnh con b\u00f2 s\u1eefa kh\u00f4ng ch\u1ec9 \u0111\u01a1n thu\u1ea7n l\u00e0 m\u1ed9t m\u00f3n \u0111\u1ed3 trang tr\u00ed. N\u00f3 c\u00f2n l\u00e0 c\u00f4ng c\u1ee5 gi\u00e1o d\u1ee5c tuy\u1ec7t v\u1eddi, gi\u00fap tr\u1ebb em h\u1ecdc h\u1ecfi v\u1ec1 \u0111\u1ed9ng v\u1eadt, m\u00e0u s\u1eafc v\u00e0 ph\u00e1t tri\u1ec3n k\u1ef9 n\u0103ng v\u1eadn \u0111\u1ed9ng tinh th\u00f4ng qua vi\u1ec7c ch\u01a1i \u0111\u00f9a.\",\"breadcrumb\":{\"@id\":\"https:\/\/maison-chance.org\/shop\/san-pham\/con-bo-sua-2#breadcrumb\"},\"inLanguage\":\"vi-VN\",\"potentialAction\":[{\"@type\":\"ReadAction\",\"target\":[\"https:\/\/maison-chance.org\/shop\/san-pham\/con-bo-sua-2\"]}]},{\"@type\":\"ImageObject\",\"inLanguage\":\"vi-VN\",\"@id\":\"https:\/\/maison-chance.org\/shop\/san-pham\/con-bo-sua-2#primaryimage\",\"url\":\"https:\/\/maison-chance.org\/shop\/wp-content\/uploads\/2024\/04\/con-bo-sua-003.png\",\"contentUrl\":\"https:\/\/maison-chance.org\/shop\/wp-content\/uploads\/2024\/04\/con-bo-sua-003.png\",\"width\":600,\"height\":600,\"caption\":\"Con b\u00f2 s\u1eefa\"},{\"@type\":\"BreadcrumbList\",\"@id\":\"https:\/\/maison-chance.org\/shop\/san-pham\/con-bo-sua-2#breadcrumb\",\"itemListElement\":[{\"@type\":\"ListItem\",\"position\":1,\"name\":\"Trang ch\u1ee7\",\"item\":\"https:\/\/maison-chance.org\/shop\/\"},{\"@type\":\"ListItem\",\"position\":2,\"name\":\"Shop\",\"item\":\"https:\/\/maison-chance.org\/shop\/shop\"},{\"@type\":\"ListItem\",\"position\":3,\"name\":\"Con b\u00f2 s\u1eefa\"}]},{\"@type\":\"WebSite\",\"@id\":\"https:\/\/maison-chance.org\/shop\/#website\",\"url\":\"https:\/\/maison-chance.org\/shop\/\",\"name\":\"Nh\u00e0 May M\u1eafn - Maison Chance\",\"description\":\"M\u1ecdi l\u1ee3i nhu\u1eadn thu v\u1ec1 t\u1eeb vi\u1ec7c b\u00e1n h\u00e0ng s\u1ebd tr\u00edch m\u1ed9t ph\u1ea7n \u0111\u1ec3 ch\u0103m lo cho \u0111\u1eddi s\u1ed1ng c\u00e1c b\u1ea1n khuy\u1ebft t\u1eadt v\u00e0 tr\u1ebb m\u1ed3 c\u00f4i \u1edf \u0111\u00e2y\",\"publisher\":{\"@id\":\"https:\/\/maison-chance.org\/shop\/#organization\"},\"potentialAction\":[{\"@type\":\"SearchAction\",\"target\":{\"@type\":\"EntryPoint\",\"urlTemplate\":\"https:\/\/maison-chance.org\/shop\/?s={search_term_string}\"},\"query-input\":{\"@type\":\"PropertyValueSpecification\",\"valueRequired\":true,\"valueName\":\"search_term_string\"}}],\"inLanguage\":\"vi-VN\"},{\"@type\":\"Organization\",\"@id\":\"https:\/\/maison-chance.org\/shop\/#organization\",\"name\":\"Nh\u00e0 May M\u1eafn - Maison Chance\",\"url\":\"https:\/\/maison-chance.org\/shop\/\",\"logo\":{\"@type\":\"ImageObject\",\"inLanguage\":\"vi-VN\",\"@id\":\"https:\/\/maison-chance.org\/shop\/#\/schema\/logo\/image\/\",\"url\":\"https:\/\/maison-chance.org\/shop\/wp-content\/uploads\/2024\/03\/cropped-Logo_DNXH.png\",\"contentUrl\":\"https:\/\/maison-chance.org\/shop\/wp-content\/uploads\/2024\/03\/cropped-Logo_DNXH.png\",\"width\":512,\"height\":512,\"caption\":\"Nh\u00e0 May M\u1eafn - Maison Chance\"},\"image\":{\"@id\":\"https:\/\/maison-chance.org\/shop\/#\/schema\/logo\/image\/\"},\"sameAs\":[\"https:\/\/www.facebook.com\/dnxh.nhamayman\/\"]}]}<\/script>\n<meta property=\"product:price:amount\" content=\"11.80\" \/>\n<meta property=\"product:price:currency\" content=\"USD\" \/>\n<meta property=\"og:availability\" content=\"instock\" \/>\n<meta property=\"product:availability\" content=\"instock\" \/>\n<meta property=\"product:condition\" content=\"new\" \/>\n<!-- \/ Yoast SEO Premium plugin. -->","yoast_head_json":{"title":"Con b\u00f2 s\u1eefa - th\u00fa nh\u1ed3i b\u00f4ng v\u1ea3i linen + v\u1ebd th\u1ee7 c\u00f4ng - Nh\u00e0 May M\u1eafn - Maison Chance","description":"Th\u00fa nh\u1ed3i b\u00f4ng h\u00ecnh con b\u00f2 s\u1eefa kh\u00f4ng ch\u1ec9 \u0111\u01a1n thu\u1ea7n l\u00e0 m\u1ed9t m\u00f3n \u0111\u1ed3 trang tr\u00ed. N\u00f3 c\u00f2n l\u00e0 c\u00f4ng c\u1ee5 gi\u00e1o d\u1ee5c tuy\u1ec7t v\u1eddi, gi\u00fap tr\u1ebb em h\u1ecdc h\u1ecfi v\u1ec1 \u0111\u1ed9ng v\u1eadt, m\u00e0u s\u1eafc v\u00e0 ph\u00e1t tri\u1ec3n k\u1ef9 n\u0103ng v\u1eadn \u0111\u1ed9ng tinh th\u00f4ng qua vi\u1ec7c ch\u01a1i \u0111\u00f9a.","robots":{"index":"index","follow":"follow","max-snippet":"max-snippet:-1","max-image-preview":"max-image-preview:large","max-video-preview":"max-video-preview:-1"},"canonical":"https:\/\/maison-chance.org\/shop\/san-pham\/con-bo-sua-2","og_locale":"vi_VN","og_type":"article","og_title":"Con b\u00f2 s\u1eefa","og_description":"Th\u00fa nh\u1ed3i b\u00f4ng h\u00ecnh con b\u00f2 s\u1eefa kh\u00f4ng ch\u1ec9 \u0111\u01a1n thu\u1ea7n l\u00e0 m\u1ed9t m\u00f3n \u0111\u1ed3 trang tr\u00ed. N\u00f3 c\u00f2n l\u00e0 c\u00f4ng c\u1ee5 gi\u00e1o d\u1ee5c tuy\u1ec7t v\u1eddi, gi\u00fap tr\u1ebb em h\u1ecdc h\u1ecfi v\u1ec1 \u0111\u1ed9ng v\u1eadt, m\u00e0u s\u1eafc v\u00e0 ph\u00e1t tri\u1ec3n k\u1ef9 n\u0103ng v\u1eadn \u0111\u1ed9ng tinh th\u00f4ng qua vi\u1ec7c ch\u01a1i \u0111\u00f9a.","og_url":"https:\/\/maison-chance.org\/shop\/san-pham\/con-bo-sua-2","og_site_name":"Nh\u00e0 May M\u1eafn - Maison Chance","article_publisher":"https:\/\/www.facebook.com\/dnxh.nhamayman\/","article_modified_time":"2024-12-18T06:45:02+00:00","og_image":[{"width":600,"height":600,"url":"https:\/\/maison-chance.org\/shop\/wp-content\/uploads\/2024\/04\/con-bo-sua-003.png","type":"image\/png"}],"twitter_card":"summary_large_image","twitter_misc":{"Gi\u00e1":"11.80&nbsp;&#36;","Availability":"In stock"},"schema":{"@context":"https:\/\/schema.org","@graph":[{"@type":"WebPage","@id":"https:\/\/maison-chance.org\/shop\/san-pham\/con-bo-sua-2","url":"https:\/\/maison-chance.org\/shop\/san-pham\/con-bo-sua-2","name":"Con b\u00f2 s\u1eefa - th\u00fa nh\u1ed3i b\u00f4ng v\u1ea3i linen + v\u1ebd th\u1ee7 c\u00f4ng - Nh\u00e0 May M\u1eafn - Maison Chance","isPartOf":{"@id":"https:\/\/maison-chance.org\/shop\/#website"},"primaryImageOfPage":{"@id":"https:\/\/maison-chance.org\/shop\/san-pham\/con-bo-sua-2#primaryimage"},"image":{"@id":"https:\/\/maison-chance.org\/shop\/san-pham\/con-bo-sua-2#primaryimage"},"thumbnailUrl":"https:\/\/maison-chance.org\/shop\/wp-content\/uploads\/2024\/04\/con-bo-sua-003.png","datePublished":"2024-09-01T00:02:41+00:00","dateModified":"2024-12-18T06:45:02+00:00","description":"Th\u00fa nh\u1ed3i b\u00f4ng h\u00ecnh con b\u00f2 s\u1eefa kh\u00f4ng ch\u1ec9 \u0111\u01a1n thu\u1ea7n l\u00e0 m\u1ed9t m\u00f3n \u0111\u1ed3 trang tr\u00ed. N\u00f3 c\u00f2n l\u00e0 c\u00f4ng c\u1ee5 gi\u00e1o d\u1ee5c tuy\u1ec7t v\u1eddi, gi\u00fap tr\u1ebb em h\u1ecdc h\u1ecfi v\u1ec1 \u0111\u1ed9ng v\u1eadt, m\u00e0u s\u1eafc v\u00e0 ph\u00e1t tri\u1ec3n k\u1ef9 n\u0103ng v\u1eadn \u0111\u1ed9ng tinh th\u00f4ng qua vi\u1ec7c ch\u01a1i \u0111\u00f9a.","breadcrumb":{"@id":"https:\/\/maison-chance.org\/shop\/san-pham\/con-bo-sua-2#breadcrumb"},"inLanguage":"vi-VN","potentialAction":[{"@type":"ReadAction","target":["https:\/\/maison-chance.org\/shop\/san-pham\/con-bo-sua-2"]}]},{"@type":"ImageObject","inLanguage":"vi-VN","@id":"https:\/\/maison-chance.org\/shop\/san-pham\/con-bo-sua-2#primaryimage","url":"https:\/\/maison-chance.org\/shop\/wp-content\/uploads\/2024\/04\/con-bo-sua-003.png","contentUrl":"https:\/\/maison-chance.org\/shop\/wp-content\/uploads\/2024\/04\/con-bo-sua-003.png","width":600,"height":600,"caption":"Con b\u00f2 s\u1eefa"},{"@type":"BreadcrumbList","@id":"https:\/\/maison-chance.org\/shop\/san-pham\/con-bo-sua-2#breadcrumb","itemListElement":[{"@type":"ListItem","position":1,"name":"Trang ch\u1ee7","item":"https:\/\/maison-chance.org\/shop\/"},{"@type":"ListItem","position":2,"name":"Shop","item":"https:\/\/maison-chance.org\/shop\/shop"},{"@type":"ListItem","position":3,"name":"Con b\u00f2 s\u1eefa"}]},{"@type":"WebSite","@id":"https:\/\/maison-chance.org\/shop\/#website","url":"https:\/\/maison-chance.org\/shop\/","name":"Nh\u00e0 May M\u1eafn - Maison Chance","description":"M\u1ecdi l\u1ee3i nhu\u1eadn thu v\u1ec1 t\u1eeb vi\u1ec7c b\u00e1n h\u00e0ng s\u1ebd tr\u00edch m\u1ed9t ph\u1ea7n \u0111\u1ec3 ch\u0103m lo cho \u0111\u1eddi s\u1ed1ng c\u00e1c b\u1ea1n khuy\u1ebft t\u1eadt v\u00e0 tr\u1ebb m\u1ed3 c\u00f4i \u1edf \u0111\u00e2y","publisher":{"@id":"https:\/\/maison-chance.org\/shop\/#organization"},"potentialAction":[{"@type":"SearchAction","target":{"@type":"EntryPoint","urlTemplate":"https:\/\/maison-chance.org\/shop\/?s={search_term_string}"},"query-input":{"@type":"PropertyValueSpecification","valueRequired":true,"valueName":"search_term_string"}}],"inLanguage":"vi-VN"},{"@type":"Organization","@id":"https:\/\/maison-chance.org\/shop\/#organization","name":"Nh\u00e0 May M\u1eafn - Maison Chance","url":"https:\/\/maison-chance.org\/shop\/","logo":{"@type":"ImageObject","inLanguage":"vi-VN","@id":"https:\/\/maison-chance.org\/shop\/#\/schema\/logo\/image\/","url":"https:\/\/maison-chance.org\/shop\/wp-content\/uploads\/2024\/03\/cropped-Logo_DNXH.png","contentUrl":"https:\/\/maison-chance.org\/shop\/wp-content\/uploads\/2024\/03\/cropped-Logo_DNXH.png","width":512,"height":512,"caption":"Nh\u00e0 May M\u1eafn - Maison Chance"},"image":{"@id":"https:\/\/maison-chance.org\/shop\/#\/schema\/logo\/image\/"},"sameAs":["https:\/\/www.facebook.com\/dnxh.nhamayman\/"]}]},"product_price_amount":"11.80","product_price_currency":"USD","og_availability":"instock","product_availability":"instock","product_condition":"new"},"_links":{"self":[{"href":"https:\/\/maison-chance.org\/shop\/wp-json\/wp\/v2\/product\/37017","targetHints":{"allow":["GET"]}}],"collection":[{"href":"https:\/\/maison-chance.org\/shop\/wp-json\/wp\/v2\/product"}],"about":[{"href":"https:\/\/maison-chance.org\/shop\/wp-json\/wp\/v2\/types\/product"}],"wp:featuredmedia":[{"embeddable":true,"href":"https:\/\/maison-chance.org\/shop\/wp-json\/wp\/v2\/media\/37018"}],"wp:attachment":[{"href":"https:\/\/maison-chance.org\/shop\/wp-json\/wp\/v2\/media?parent=37017"}],"wp:term":[{"taxonomy":"product_brand","embeddable":true,"href":"https:\/\/maison-chance.org\/shop\/wp-json\/wp\/v2\/product_brand?post=37017"},{"taxonomy":"product_cat","embeddable":true,"href":"https:\/\/maison-chance.org\/shop\/wp-json\/wp\/v2\/product_cat?post=37017"},{"taxonomy":"product_tag","embeddable":true,"href":"https:\/\/maison-chance.org\/shop\/wp-json\/wp\/v2\/product_tag?post=37017"}],"curies":[{"name":"wp","href":"https:\/\/api.w.org\/{rel}","templated":true}]}}