{"id":37294,"date":"2024-09-30T07:02:02","date_gmt":"2024-09-30T00:02:02","guid":{"rendered":"https:\/\/maison-chance.org\/shop\/?post_type=product&#038;p=37294"},"modified":"2025-07-16T13:46:31","modified_gmt":"2025-07-16T06:46:31","slug":"moc-khoa-hinh-con-rong","status":"publish","type":"product","link":"https:\/\/maison-chance.org\/shop\/san-pham\/moc-khoa-hinh-con-rong","title":{"rendered":"Con r\u1ed3ng"},"content":{"rendered":"<p><span data-sheets-root=\"1\">L\u00e0 linh v\u1eadt \u0111\u1ea1i di\u1ec7n cho tr\u00ed tu\u1ec7, quy\u1ec1n l\u1ef1c v\u00e0 kh\u00e1t v\u1ecdng v\u01b0\u01a1n xa, con r\u1ed3ng trong v\u0103n h\u00f3a \u00c1 \u0110\u00f4ng mang theo n\u0103ng l\u01b0\u1ee3ng m\u1ea1nh m\u1ebd v\u00e0 tinh th\u1ea7n kh\u00f4ng ng\u1eebng chinh ph\u1ee5c.<\/p>\n<p>M\u00f3c kh\u00f3a con r\u1ed3ng \u0111\u01b0\u1ee3c l\u00e0m th\u1ee7 c\u00f4ng t\u1eeb v\u1ea3i th\u1ed5 c\u1ea9m b\u1edfi ng\u01b0\u1eddi khuy\u1ebft t\u1eadt t\u1ea1i Nh\u00e0 May M\u1eafn. V\u1edbi h\u00ecnh d\u00e1ng u\u1ed1n l\u01b0\u1ee3n s\u1ed1ng \u0111\u1ed9ng, m\u00e0u s\u1eafc n\u1ed5i b\u1eadt v\u00e0 h\u1ecda ti\u1ebft \u0111\u1ed9c \u0111\u00e1o, s\u1ea3n ph\u1ea9m kh\u00f4ng ch\u1ec9 l\u00e0 m\u1ed9t ph\u1ee5 ki\u1ec7n nh\u1ecf g\u1ecdn m\u00e0 c\u00f2n l\u00e0 bi\u1ec3u t\u01b0\u1ee3ng \u0111\u1ea7y c\u1ea3m h\u1ee9ng v\u1ec1 s\u1ee9c m\u1ea1nh n\u1ed9i t\u1ea1i v\u00e0 \u00fd ch\u00ed v\u01b0\u1ee3t l\u00ean ngh\u1ecbch c\u1ea3nh.<\/p>\n<p>Ph\u00f9 h\u1ee3p l\u00e0m qu\u00e0 t\u1eb7ng cho nh\u1eefng ai \u0111ang kh\u1edfi \u0111\u1ea7u h\u00e0nh tr\u00ecnh m\u1edbi \u2013 ho\u1eb7c d\u00e0nh cho ch\u00ednh b\u1ea1n, nh\u01b0 m\u1ed9t l\u1eddi nh\u1eafc r\u1eb1ng: \u201cH\u00e3y tin v\u00e0o b\u1ea3n l\u0129nh v\u00e0 \u01b0\u1edbc m\u01a1 c\u1ee7a m\u00ecnh.\u201d<\/p>\n<p>M\u1ed9t m\u00f3n qu\u00e0 nh\u1ecf ch\u1ee9a \u0111\u1ef1ng gi\u00e1 tr\u1ecb l\u1edbn, g\u1eedi g\u1eafm tinh th\u1ea7n n\u1ed7 l\u1ef1c kh\u00f4ng ng\u1eebng \u2013 c\u0169ng ch\u00ednh l\u00e0 tinh th\u1ea7n c\u1ee7a nh\u1eefng ng\u01b0\u1eddi th\u1ee3 \u0111ang ng\u00e0y ng\u00e0y th\u1eafp s\u00e1ng hy v\u1ecdng t\u1ea1i Nh\u00e0 May M\u1eafn.<\/p>\n<p>\ud83d\udce9 Gi\u00e1 b\u00e1n t\u1ea1i Vi\u1ec7t Nam c\u00f3 th\u1ec3 kh\u00e1c, vui l\u00f2ng li\u00ean h\u1ec7 \u0111\u1ec3 bi\u1ebft th\u00eam chi ti\u1ebft.<br \/>\nHotline: 0909\u202f06\u202f25\u202f28<br \/>\nFanpage: Doanh Nghi\u1ec7p X\u00e3 H\u1ed9i Nh\u00e0 May M\u1eafn \u2013 Maison Chance<\/span><\/p>\n","protected":false},"excerpt":{"rendered":"<p style=\"text-align: justify;\">S\u1ea3n ph\u1ea9m do c\u00e1c b\u1ea1n khuy\u1ebft t\u1eadt k\u00e9m may m\u1eafn s\u1ea3n xu\u1ea5t th\u1ee7 c\u00f4ng k\u00ednh mong nh\u1eadn \u0111\u01b0\u1ee3c s\u1ef1 \u1ee7ng h\u1ed9 c\u1ee7a Qu\u00fd kh\u00e1ch h\u00e0ng.<\/p>\n<p>Ch\u1ea5t li\u1ec7u: V\u1ea3i th\u1ed5 c\u1ea9m<\/p>\n<p>Code: MK05TC<\/p>\n<p>Hotline : <span style=\"font-size: 20px;\"><strong><span style=\"color: #ff0000;\">0909 06 25 28<\/span><\/strong><\/span><\/p>\n<p style=\"text-align: justify;\">N\u1ebfu b\u1ea1n \u1edf Vi\u1ec7t Nam vui l\u00f2ng li\u00ean h\u1ec7 ch\u00fang t\u00f4i theo s\u1ed1 hotline ho\u1eb7c fanpage doanh nghi\u1ec7p Nh\u00e0 May M\u1eafn ch\u00fang t\u00f4i \u0111\u1ec3 bi\u1ebft gi\u00e1 b\u00e1n t\u1ea1i Vi\u1ec7t Nam.<\/p>\n","protected":false},"featured_media":37295,"template":"","meta":[],"product_brand":[],"product_cat":[140,137],"product_tag":[],"class_list":{"0":"post-37294","1":"product","2":"type-product","3":"status-publish","4":"has-post-thumbnail","6":"product_cat-moc-khoa-nhoi-bong","7":"product_cat-phong-may","9":"first","10":"instock","11":"shipping-taxable","12":"purchasable","13":"product-type-simple"},"yoast_head":"<!-- This site is optimized with the Yoast SEO Premium plugin v22.7 (Yoast SEO v25.3.1) - https:\/\/yoast.com\/wordpress\/plugins\/seo\/ -->\n<title>Con r\u1ed3ng - m\u00f3c kho\u00e1 nh\u1ed3i b\u00f4ng - Nh\u00e0 May M\u1eafn - Maison Chance<\/title>\n<meta name=\"description\" content=\"M\u00f3c kh\u00f3a con r\u1ed3ng \u0111\u01b0\u1ee3c may th\u1ee7 c\u00f4ng t\u1ec9 m\u1ec9 b\u1edfi b\u00e0n tay kh\u00e9o l\u00e9o c\u1ee7a nh\u1eefng ng\u01b0\u1eddi th\u1ee3 khuy\u1ebft t\u1eadt t\u1ea1i Nh\u00e0 May M\u1eafn. Ch\u1ea5t li\u1ec7u v\u1ea3i th\u1ed5 c\u1ea9m b\u1ec1n \u0111\u1eb9p, an to\u00e0n\" \/>\n<meta name=\"robots\" content=\"index, follow, max-snippet:-1, max-image-preview:large, max-video-preview:-1\" \/>\n<link rel=\"canonical\" href=\"https:\/\/maison-chance.org\/shop\/san-pham\/moc-khoa-hinh-con-rong\" \/>\n<meta property=\"og:locale\" content=\"vi_VN\" \/>\n<meta property=\"og:type\" content=\"article\" \/>\n<meta property=\"og:title\" content=\"Con r\u1ed3ng\" \/>\n<meta property=\"og:description\" content=\"M\u00f3c kh\u00f3a con r\u1ed3ng \u0111\u01b0\u1ee3c may th\u1ee7 c\u00f4ng t\u1ec9 m\u1ec9 b\u1edfi b\u00e0n tay kh\u00e9o l\u00e9o c\u1ee7a nh\u1eefng ng\u01b0\u1eddi th\u1ee3 khuy\u1ebft t\u1eadt t\u1ea1i Nh\u00e0 May M\u1eafn. Ch\u1ea5t li\u1ec7u v\u1ea3i th\u1ed5 c\u1ea9m b\u1ec1n \u0111\u1eb9p, an to\u00e0n\" \/>\n<meta property=\"og:url\" content=\"https:\/\/maison-chance.org\/shop\/san-pham\/moc-khoa-hinh-con-rong\" \/>\n<meta property=\"og:site_name\" content=\"Nh\u00e0 May M\u1eafn - Maison Chance\" \/>\n<meta property=\"article:publisher\" content=\"https:\/\/www.facebook.com\/dnxh.nhamayman\/\" \/>\n<meta property=\"article:modified_time\" content=\"2025-07-16T06:46:31+00:00\" \/>\n<meta property=\"og:image\" content=\"https:\/\/maison-chance.org\/shop\/wp-content\/uploads\/2024\/04\/moc-chia-khoa-hinh-con-rong-4.jpg\" \/>\n\t<meta property=\"og:image:width\" content=\"600\" \/>\n\t<meta property=\"og:image:height\" content=\"600\" \/>\n\t<meta property=\"og:image:type\" content=\"image\/jpeg\" \/>\n<meta name=\"twitter:card\" content=\"summary_large_image\" \/>\n<meta name=\"twitter:label1\" content=\"Gi\u00e1\" \/>\n\t<meta name=\"twitter:data1\" content=\"2.10&nbsp;&#036;\" \/>\n\t<meta name=\"twitter:label2\" content=\"Availability\" \/>\n\t<meta name=\"twitter:data2\" content=\"In stock\" \/>\n<script type=\"application\/ld+json\" class=\"yoast-schema-graph\">{\"@context\":\"https:\/\/schema.org\",\"@graph\":[{\"@type\":\"WebPage\",\"@id\":\"https:\/\/maison-chance.org\/shop\/san-pham\/moc-khoa-hinh-con-rong\",\"url\":\"https:\/\/maison-chance.org\/shop\/san-pham\/moc-khoa-hinh-con-rong\",\"name\":\"Con r\u1ed3ng - m\u00f3c kho\u00e1 nh\u1ed3i b\u00f4ng - Nh\u00e0 May M\u1eafn - Maison Chance\",\"isPartOf\":{\"@id\":\"https:\/\/maison-chance.org\/shop\/#website\"},\"primaryImageOfPage\":{\"@id\":\"https:\/\/maison-chance.org\/shop\/san-pham\/moc-khoa-hinh-con-rong#primaryimage\"},\"image\":{\"@id\":\"https:\/\/maison-chance.org\/shop\/san-pham\/moc-khoa-hinh-con-rong#primaryimage\"},\"thumbnailUrl\":\"https:\/\/maison-chance.org\/shop\/wp-content\/uploads\/2024\/04\/moc-chia-khoa-hinh-con-rong-4.jpg\",\"datePublished\":\"2024-09-30T00:02:02+00:00\",\"dateModified\":\"2025-07-16T06:46:31+00:00\",\"description\":\"M\u00f3c kh\u00f3a con r\u1ed3ng \u0111\u01b0\u1ee3c may th\u1ee7 c\u00f4ng t\u1ec9 m\u1ec9 b\u1edfi b\u00e0n tay kh\u00e9o l\u00e9o c\u1ee7a nh\u1eefng ng\u01b0\u1eddi th\u1ee3 khuy\u1ebft t\u1eadt t\u1ea1i Nh\u00e0 May M\u1eafn. Ch\u1ea5t li\u1ec7u v\u1ea3i th\u1ed5 c\u1ea9m b\u1ec1n \u0111\u1eb9p, an to\u00e0n\",\"breadcrumb\":{\"@id\":\"https:\/\/maison-chance.org\/shop\/san-pham\/moc-khoa-hinh-con-rong#breadcrumb\"},\"inLanguage\":\"vi-VN\",\"potentialAction\":[{\"@type\":\"ReadAction\",\"target\":[\"https:\/\/maison-chance.org\/shop\/san-pham\/moc-khoa-hinh-con-rong\"]}]},{\"@type\":\"ImageObject\",\"inLanguage\":\"vi-VN\",\"@id\":\"https:\/\/maison-chance.org\/shop\/san-pham\/moc-khoa-hinh-con-rong#primaryimage\",\"url\":\"https:\/\/maison-chance.org\/shop\/wp-content\/uploads\/2024\/04\/moc-chia-khoa-hinh-con-rong-4.jpg\",\"contentUrl\":\"https:\/\/maison-chance.org\/shop\/wp-content\/uploads\/2024\/04\/moc-chia-khoa-hinh-con-rong-4.jpg\",\"width\":600,\"height\":600,\"caption\":\"M\u00f3c kh\u00f3a h\u00ecnh con R\u1ed3ng\"},{\"@type\":\"BreadcrumbList\",\"@id\":\"https:\/\/maison-chance.org\/shop\/san-pham\/moc-khoa-hinh-con-rong#breadcrumb\",\"itemListElement\":[{\"@type\":\"ListItem\",\"position\":1,\"name\":\"Trang ch\u1ee7\",\"item\":\"https:\/\/maison-chance.org\/shop\/\"},{\"@type\":\"ListItem\",\"position\":2,\"name\":\"Shop\",\"item\":\"https:\/\/maison-chance.org\/shop\/shop\"},{\"@type\":\"ListItem\",\"position\":3,\"name\":\"Con r\u1ed3ng\"}]},{\"@type\":\"WebSite\",\"@id\":\"https:\/\/maison-chance.org\/shop\/#website\",\"url\":\"https:\/\/maison-chance.org\/shop\/\",\"name\":\"Nh\u00e0 May M\u1eafn - Maison Chance\",\"description\":\"M\u1ecdi l\u1ee3i nhu\u1eadn thu v\u1ec1 t\u1eeb vi\u1ec7c b\u00e1n h\u00e0ng s\u1ebd tr\u00edch m\u1ed9t ph\u1ea7n \u0111\u1ec3 ch\u0103m lo cho \u0111\u1eddi s\u1ed1ng c\u00e1c b\u1ea1n khuy\u1ebft t\u1eadt v\u00e0 tr\u1ebb m\u1ed3 c\u00f4i \u1edf \u0111\u00e2y\",\"publisher\":{\"@id\":\"https:\/\/maison-chance.org\/shop\/#organization\"},\"potentialAction\":[{\"@type\":\"SearchAction\",\"target\":{\"@type\":\"EntryPoint\",\"urlTemplate\":\"https:\/\/maison-chance.org\/shop\/?s={search_term_string}\"},\"query-input\":{\"@type\":\"PropertyValueSpecification\",\"valueRequired\":true,\"valueName\":\"search_term_string\"}}],\"inLanguage\":\"vi-VN\"},{\"@type\":\"Organization\",\"@id\":\"https:\/\/maison-chance.org\/shop\/#organization\",\"name\":\"Nh\u00e0 May M\u1eafn - Maison Chance\",\"url\":\"https:\/\/maison-chance.org\/shop\/\",\"logo\":{\"@type\":\"ImageObject\",\"inLanguage\":\"vi-VN\",\"@id\":\"https:\/\/maison-chance.org\/shop\/#\/schema\/logo\/image\/\",\"url\":\"https:\/\/maison-chance.org\/shop\/wp-content\/uploads\/2024\/03\/cropped-Logo_DNXH.png\",\"contentUrl\":\"https:\/\/maison-chance.org\/shop\/wp-content\/uploads\/2024\/03\/cropped-Logo_DNXH.png\",\"width\":512,\"height\":512,\"caption\":\"Nh\u00e0 May M\u1eafn - Maison Chance\"},\"image\":{\"@id\":\"https:\/\/maison-chance.org\/shop\/#\/schema\/logo\/image\/\"},\"sameAs\":[\"https:\/\/www.facebook.com\/dnxh.nhamayman\/\"]}]}<\/script>\n<meta property=\"product:price:amount\" content=\"2.10\" \/>\n<meta property=\"product:price:currency\" content=\"USD\" \/>\n<meta property=\"og:availability\" content=\"instock\" \/>\n<meta property=\"product:availability\" content=\"instock\" \/>\n<meta property=\"product:condition\" content=\"new\" \/>\n<!-- \/ Yoast SEO Premium plugin. -->","yoast_head_json":{"title":"Con r\u1ed3ng - m\u00f3c kho\u00e1 nh\u1ed3i b\u00f4ng - Nh\u00e0 May M\u1eafn - Maison Chance","description":"M\u00f3c kh\u00f3a con r\u1ed3ng \u0111\u01b0\u1ee3c may th\u1ee7 c\u00f4ng t\u1ec9 m\u1ec9 b\u1edfi b\u00e0n tay kh\u00e9o l\u00e9o c\u1ee7a nh\u1eefng ng\u01b0\u1eddi th\u1ee3 khuy\u1ebft t\u1eadt t\u1ea1i Nh\u00e0 May M\u1eafn. Ch\u1ea5t li\u1ec7u v\u1ea3i th\u1ed5 c\u1ea9m b\u1ec1n \u0111\u1eb9p, an to\u00e0n","robots":{"index":"index","follow":"follow","max-snippet":"max-snippet:-1","max-image-preview":"max-image-preview:large","max-video-preview":"max-video-preview:-1"},"canonical":"https:\/\/maison-chance.org\/shop\/san-pham\/moc-khoa-hinh-con-rong","og_locale":"vi_VN","og_type":"article","og_title":"Con r\u1ed3ng","og_description":"M\u00f3c kh\u00f3a con r\u1ed3ng \u0111\u01b0\u1ee3c may th\u1ee7 c\u00f4ng t\u1ec9 m\u1ec9 b\u1edfi b\u00e0n tay kh\u00e9o l\u00e9o c\u1ee7a nh\u1eefng ng\u01b0\u1eddi th\u1ee3 khuy\u1ebft t\u1eadt t\u1ea1i Nh\u00e0 May M\u1eafn. Ch\u1ea5t li\u1ec7u v\u1ea3i th\u1ed5 c\u1ea9m b\u1ec1n \u0111\u1eb9p, an to\u00e0n","og_url":"https:\/\/maison-chance.org\/shop\/san-pham\/moc-khoa-hinh-con-rong","og_site_name":"Nh\u00e0 May M\u1eafn - Maison Chance","article_publisher":"https:\/\/www.facebook.com\/dnxh.nhamayman\/","article_modified_time":"2025-07-16T06:46:31+00:00","og_image":[{"width":600,"height":600,"url":"https:\/\/maison-chance.org\/shop\/wp-content\/uploads\/2024\/04\/moc-chia-khoa-hinh-con-rong-4.jpg","type":"image\/jpeg"}],"twitter_card":"summary_large_image","twitter_misc":{"Gi\u00e1":"2.10&nbsp;&#36;","Availability":"In stock"},"schema":{"@context":"https:\/\/schema.org","@graph":[{"@type":"WebPage","@id":"https:\/\/maison-chance.org\/shop\/san-pham\/moc-khoa-hinh-con-rong","url":"https:\/\/maison-chance.org\/shop\/san-pham\/moc-khoa-hinh-con-rong","name":"Con r\u1ed3ng - m\u00f3c kho\u00e1 nh\u1ed3i b\u00f4ng - Nh\u00e0 May M\u1eafn - Maison Chance","isPartOf":{"@id":"https:\/\/maison-chance.org\/shop\/#website"},"primaryImageOfPage":{"@id":"https:\/\/maison-chance.org\/shop\/san-pham\/moc-khoa-hinh-con-rong#primaryimage"},"image":{"@id":"https:\/\/maison-chance.org\/shop\/san-pham\/moc-khoa-hinh-con-rong#primaryimage"},"thumbnailUrl":"https:\/\/maison-chance.org\/shop\/wp-content\/uploads\/2024\/04\/moc-chia-khoa-hinh-con-rong-4.jpg","datePublished":"2024-09-30T00:02:02+00:00","dateModified":"2025-07-16T06:46:31+00:00","description":"M\u00f3c kh\u00f3a con r\u1ed3ng \u0111\u01b0\u1ee3c may th\u1ee7 c\u00f4ng t\u1ec9 m\u1ec9 b\u1edfi b\u00e0n tay kh\u00e9o l\u00e9o c\u1ee7a nh\u1eefng ng\u01b0\u1eddi th\u1ee3 khuy\u1ebft t\u1eadt t\u1ea1i Nh\u00e0 May M\u1eafn. Ch\u1ea5t li\u1ec7u v\u1ea3i th\u1ed5 c\u1ea9m b\u1ec1n \u0111\u1eb9p, an to\u00e0n","breadcrumb":{"@id":"https:\/\/maison-chance.org\/shop\/san-pham\/moc-khoa-hinh-con-rong#breadcrumb"},"inLanguage":"vi-VN","potentialAction":[{"@type":"ReadAction","target":["https:\/\/maison-chance.org\/shop\/san-pham\/moc-khoa-hinh-con-rong"]}]},{"@type":"ImageObject","inLanguage":"vi-VN","@id":"https:\/\/maison-chance.org\/shop\/san-pham\/moc-khoa-hinh-con-rong#primaryimage","url":"https:\/\/maison-chance.org\/shop\/wp-content\/uploads\/2024\/04\/moc-chia-khoa-hinh-con-rong-4.jpg","contentUrl":"https:\/\/maison-chance.org\/shop\/wp-content\/uploads\/2024\/04\/moc-chia-khoa-hinh-con-rong-4.jpg","width":600,"height":600,"caption":"M\u00f3c kh\u00f3a h\u00ecnh con R\u1ed3ng"},{"@type":"BreadcrumbList","@id":"https:\/\/maison-chance.org\/shop\/san-pham\/moc-khoa-hinh-con-rong#breadcrumb","itemListElement":[{"@type":"ListItem","position":1,"name":"Trang ch\u1ee7","item":"https:\/\/maison-chance.org\/shop\/"},{"@type":"ListItem","position":2,"name":"Shop","item":"https:\/\/maison-chance.org\/shop\/shop"},{"@type":"ListItem","position":3,"name":"Con r\u1ed3ng"}]},{"@type":"WebSite","@id":"https:\/\/maison-chance.org\/shop\/#website","url":"https:\/\/maison-chance.org\/shop\/","name":"Nh\u00e0 May M\u1eafn - Maison Chance","description":"M\u1ecdi l\u1ee3i nhu\u1eadn thu v\u1ec1 t\u1eeb vi\u1ec7c b\u00e1n h\u00e0ng s\u1ebd tr\u00edch m\u1ed9t ph\u1ea7n \u0111\u1ec3 ch\u0103m lo cho \u0111\u1eddi s\u1ed1ng c\u00e1c b\u1ea1n khuy\u1ebft t\u1eadt v\u00e0 tr\u1ebb m\u1ed3 c\u00f4i \u1edf \u0111\u00e2y","publisher":{"@id":"https:\/\/maison-chance.org\/shop\/#organization"},"potentialAction":[{"@type":"SearchAction","target":{"@type":"EntryPoint","urlTemplate":"https:\/\/maison-chance.org\/shop\/?s={search_term_string}"},"query-input":{"@type":"PropertyValueSpecification","valueRequired":true,"valueName":"search_term_string"}}],"inLanguage":"vi-VN"},{"@type":"Organization","@id":"https:\/\/maison-chance.org\/shop\/#organization","name":"Nh\u00e0 May M\u1eafn - Maison Chance","url":"https:\/\/maison-chance.org\/shop\/","logo":{"@type":"ImageObject","inLanguage":"vi-VN","@id":"https:\/\/maison-chance.org\/shop\/#\/schema\/logo\/image\/","url":"https:\/\/maison-chance.org\/shop\/wp-content\/uploads\/2024\/03\/cropped-Logo_DNXH.png","contentUrl":"https:\/\/maison-chance.org\/shop\/wp-content\/uploads\/2024\/03\/cropped-Logo_DNXH.png","width":512,"height":512,"caption":"Nh\u00e0 May M\u1eafn - Maison Chance"},"image":{"@id":"https:\/\/maison-chance.org\/shop\/#\/schema\/logo\/image\/"},"sameAs":["https:\/\/www.facebook.com\/dnxh.nhamayman\/"]}]},"product_price_amount":"2.10","product_price_currency":"USD","og_availability":"instock","product_availability":"instock","product_condition":"new"},"_links":{"self":[{"href":"https:\/\/maison-chance.org\/shop\/wp-json\/wp\/v2\/product\/37294","targetHints":{"allow":["GET"]}}],"collection":[{"href":"https:\/\/maison-chance.org\/shop\/wp-json\/wp\/v2\/product"}],"about":[{"href":"https:\/\/maison-chance.org\/shop\/wp-json\/wp\/v2\/types\/product"}],"wp:featuredmedia":[{"embeddable":true,"href":"https:\/\/maison-chance.org\/shop\/wp-json\/wp\/v2\/media\/37295"}],"wp:attachment":[{"href":"https:\/\/maison-chance.org\/shop\/wp-json\/wp\/v2\/media?parent=37294"}],"wp:term":[{"taxonomy":"product_brand","embeddable":true,"href":"https:\/\/maison-chance.org\/shop\/wp-json\/wp\/v2\/product_brand?post=37294"},{"taxonomy":"product_cat","embeddable":true,"href":"https:\/\/maison-chance.org\/shop\/wp-json\/wp\/v2\/product_cat?post=37294"},{"taxonomy":"product_tag","embeddable":true,"href":"https:\/\/maison-chance.org\/shop\/wp-json\/wp\/v2\/product_tag?post=37294"}],"curies":[{"name":"wp","href":"https:\/\/api.w.org\/{rel}","templated":true}]}}