{"id":37306,"date":"2024-09-24T07:03:45","date_gmt":"2024-09-24T00:03:45","guid":{"rendered":"https:\/\/maison-chance.org\/shop\/?post_type=product&#038;p=37306"},"modified":"2025-07-16T15:32:42","modified_gmt":"2025-07-16T08:32:42","slug":"moc-khoa-hinh-con-than-lan","status":"publish","type":"product","link":"https:\/\/maison-chance.org\/shop\/san-pham\/moc-khoa-hinh-con-than-lan","title":{"rendered":"Th\u1eb1n l\u1eb1n"},"content":{"rendered":"<p><span data-sheets-root=\"1\">Th\u1eb1n l\u1eb1n tuy nh\u1ecf b\u00e9 nh\u01b0ng l\u1ea1i l\u00e0 lo\u00e0i v\u1eadt \u0111\u1ea7y b\u1ea3n l\u0129nh: linh ho\u1ea1t, tinh t\u1ebf v\u00e0 c\u00f3 kh\u1ea3 n\u0103ng th\u00edch nghi tuy\u1ec7t v\u1eddi. Trong nhi\u1ec1u n\u1ec1n v\u0103n h\u00f3a, th\u1eb1n l\u1eb1n c\u00f2n t\u01b0\u1ee3ng tr\u01b0ng cho s\u1ef1 t\u00e1i sinh, b\u1ea3o v\u1ec7 v\u00e0 kh\u1ea3 n\u0103ng v\u01b0\u1ee3t qua th\u1eed th\u00e1ch b\u1eb1ng c\u00e1ch\u2026 \u00e2m th\u1ea7m l\u1ea9n m\u00ecnh.<\/p>\n<p>M\u00f3c kh\u00f3a con th\u1eb1n l\u1eb1n \u0111\u01b0\u1ee3c l\u00e0m ho\u00e0n to\u00e0n th\u1ee7 c\u00f4ng t\u1eeb v\u1ea3i th\u1ed5 c\u1ea9m t\u1ea1i Nh\u00e0 May M\u1eafn. T\u1eebng \u0111\u01b0\u1eddng kim m\u0169i ch\u1ec9 \u0111\u01b0\u1ee3c may c\u1ea9n th\u1eadn, t\u1ea1o n\u00ean d\u00e1ng h\u00ecnh d\u1ebbo dai, s\u1ed1ng \u0111\u1ed9ng \u2013 nh\u01b0 m\u1ed9t l\u1eddi t\u00f4n vinh nh\u1eefng ng\u01b0\u1eddi bi\u1ebft l\u1eb7ng l\u1ebd m\u00e0 kh\u00f4ng y\u1ebfu m\u1ec1m.<\/p>\n<p>D\u00e0nh cho nh\u1eefng ai y\u00eau s\u1ef1 t\u1ef1 do, kh\u00f4ng ng\u1ea1i thay \u0111\u1ed5i \u2013 hay \u0111\u01a1n gi\u1ea3n l\u00e0 th\u1ea5y m\u00ecnh trong h\u00ecnh \u1ea3nh m\u1ed9t ch\u00fa th\u1eb1n l\u1eb1n: bi\u1ebft khi n\u00e0o c\u1ea7n xu\u1ea5t hi\u1ec7n, khi n\u00e0o n\u00ean l\u00f9i l\u1ea1i \u2013 nh\u01b0ng lu\u00f4n s\u1ed1ng \u0111\u00fang b\u1ea3n ch\u1ea5t.<\/p>\n<p>M\u1ed9t m\u00f3n \u0111\u1ed3 nh\u1ecf \u2013 d\u00e0nh cho nh\u1eefng t\u00e2m h\u1ed3n linh ho\u1ea1t v\u00e0 \u0111\u1ea7y b\u1ea3n l\u0129nh.<\/p>\n<p>\ud83d\udce9 Gi\u00e1 b\u00e1n t\u1ea1i Vi\u1ec7t Nam c\u00f3 th\u1ec3 kh\u00e1c, vui l\u00f2ng li\u00ean h\u1ec7 \u0111\u1ec3 bi\u1ebft th\u00eam chi ti\u1ebft.<br \/>\nHotline: 0909\u202f06\u202f25\u202f28<br \/>\nFanpage: Doanh Nghi\u1ec7p X\u00e3 H\u1ed9i Nh\u00e0 May M\u1eafn \u2013 Maison Chance<\/span><\/p>\n","protected":false},"excerpt":{"rendered":"<p style=\"text-align: justify;\">S\u1ea3n ph\u1ea9m do c\u00e1c b\u1ea1n khuy\u1ebft t\u1eadt k\u00e9m may m\u1eafn s\u1ea3n xu\u1ea5t th\u1ee7 c\u00f4ng k\u00ednh mong nh\u1eadn \u0111\u01b0\u1ee3c s\u1ef1 \u1ee7ng h\u1ed9 c\u1ee7a Qu\u00fd kh\u00e1ch h\u00e0ng.<\/p>\n<p>Ch\u1ea5t li\u1ec7u: V\u1ea3i th\u1ed5 c\u1ea9m<\/p>\n<p>Code: MK17TC<\/p>\n<p>Hotline : <span style=\"font-size: 20px;\"><strong><span style=\"color: #ff0000;\">0909 06 25 28<\/span><\/strong><\/span><\/p>\n<p style=\"text-align: justify;\">N\u1ebfu b\u1ea1n \u1edf Vi\u1ec7t Nam vui l\u00f2ng li\u00ean h\u1ec7 ch\u00fang t\u00f4i theo s\u1ed1 hotline ho\u1eb7c fanpage doanh nghi\u1ec7p Nh\u00e0 May M\u1eafn ch\u00fang t\u00f4i \u0111\u1ec3 bi\u1ebft gi\u00e1 b\u00e1n t\u1ea1i Vi\u1ec7t Nam.<\/p>\n","protected":false},"featured_media":37307,"template":"","meta":[],"product_brand":[],"product_cat":[140,137],"product_tag":[],"class_list":{"0":"post-37306","1":"product","2":"type-product","3":"status-publish","4":"has-post-thumbnail","6":"product_cat-moc-khoa-nhoi-bong","7":"product_cat-phong-may","9":"first","10":"instock","11":"shipping-taxable","12":"purchasable","13":"product-type-simple"},"yoast_head":"<!-- This site is optimized with the Yoast SEO Premium plugin v22.7 (Yoast SEO v25.3.1) - https:\/\/yoast.com\/wordpress\/plugins\/seo\/ -->\n<title>Th\u1eb1n l\u1eb1n - m\u00f3c kho\u00e1 nh\u1ed3i b\u00f4ng - Nh\u00e0 May M\u1eafn - Maison Chance<\/title>\n<meta name=\"description\" content=\"M\u00f3c kh\u00f3a con th\u1eb1n l\u1eb1n \u0111\u01b0\u1ee3c may th\u1ee7 c\u00f4ng t\u1ec9 m\u1ec9 b\u1edfi b\u00e0n tay kh\u00e9o l\u00e9o c\u1ee7a nh\u1eefng ng\u01b0\u1eddi th\u1ee3 khuy\u1ebft t\u1eadt t\u1ea1i Nh\u00e0 May M\u1eafn. Ch\u1ea5t li\u1ec7u v\u1ea3i th\u1ed5 c\u1ea9m b\u1ec1n \u0111\u1eb9p, an to\u00e0n\" \/>\n<meta name=\"robots\" content=\"index, follow, max-snippet:-1, max-image-preview:large, max-video-preview:-1\" \/>\n<link rel=\"canonical\" href=\"https:\/\/maison-chance.org\/shop\/san-pham\/moc-khoa-hinh-con-than-lan\" \/>\n<meta property=\"og:locale\" content=\"vi_VN\" \/>\n<meta property=\"og:type\" content=\"article\" \/>\n<meta property=\"og:title\" content=\"Th\u1eb1n l\u1eb1n\" \/>\n<meta property=\"og:description\" content=\"M\u00f3c kh\u00f3a con th\u1eb1n l\u1eb1n \u0111\u01b0\u1ee3c may th\u1ee7 c\u00f4ng t\u1ec9 m\u1ec9 b\u1edfi b\u00e0n tay kh\u00e9o l\u00e9o c\u1ee7a nh\u1eefng ng\u01b0\u1eddi th\u1ee3 khuy\u1ebft t\u1eadt t\u1ea1i Nh\u00e0 May M\u1eafn. Ch\u1ea5t li\u1ec7u v\u1ea3i th\u1ed5 c\u1ea9m b\u1ec1n \u0111\u1eb9p, an to\u00e0n\" \/>\n<meta property=\"og:url\" content=\"https:\/\/maison-chance.org\/shop\/san-pham\/moc-khoa-hinh-con-than-lan\" \/>\n<meta property=\"og:site_name\" content=\"Nh\u00e0 May M\u1eafn - Maison Chance\" \/>\n<meta property=\"article:publisher\" content=\"https:\/\/www.facebook.com\/dnxh.nhamayman\/\" \/>\n<meta property=\"article:modified_time\" content=\"2025-07-16T08:32:42+00:00\" \/>\n<meta property=\"og:image\" content=\"https:\/\/maison-chance.org\/shop\/wp-content\/uploads\/2024\/04\/moc-chia-khoa-hinh-con-thang-lang-3.jpg\" \/>\n\t<meta property=\"og:image:width\" content=\"600\" \/>\n\t<meta property=\"og:image:height\" content=\"600\" \/>\n\t<meta property=\"og:image:type\" content=\"image\/jpeg\" \/>\n<meta name=\"twitter:card\" content=\"summary_large_image\" \/>\n<meta name=\"twitter:label1\" content=\"Gi\u00e1\" \/>\n\t<meta name=\"twitter:data1\" content=\"2.10&nbsp;&#036;\" \/>\n\t<meta name=\"twitter:label2\" content=\"Availability\" \/>\n\t<meta name=\"twitter:data2\" content=\"In stock\" \/>\n<script type=\"application\/ld+json\" class=\"yoast-schema-graph\">{\"@context\":\"https:\/\/schema.org\",\"@graph\":[{\"@type\":\"WebPage\",\"@id\":\"https:\/\/maison-chance.org\/shop\/san-pham\/moc-khoa-hinh-con-than-lan\",\"url\":\"https:\/\/maison-chance.org\/shop\/san-pham\/moc-khoa-hinh-con-than-lan\",\"name\":\"Th\u1eb1n l\u1eb1n - m\u00f3c kho\u00e1 nh\u1ed3i b\u00f4ng - Nh\u00e0 May M\u1eafn - Maison Chance\",\"isPartOf\":{\"@id\":\"https:\/\/maison-chance.org\/shop\/#website\"},\"primaryImageOfPage\":{\"@id\":\"https:\/\/maison-chance.org\/shop\/san-pham\/moc-khoa-hinh-con-than-lan#primaryimage\"},\"image\":{\"@id\":\"https:\/\/maison-chance.org\/shop\/san-pham\/moc-khoa-hinh-con-than-lan#primaryimage\"},\"thumbnailUrl\":\"https:\/\/maison-chance.org\/shop\/wp-content\/uploads\/2024\/04\/moc-chia-khoa-hinh-con-thang-lang-3.jpg\",\"datePublished\":\"2024-09-24T00:03:45+00:00\",\"dateModified\":\"2025-07-16T08:32:42+00:00\",\"description\":\"M\u00f3c kh\u00f3a con th\u1eb1n l\u1eb1n \u0111\u01b0\u1ee3c may th\u1ee7 c\u00f4ng t\u1ec9 m\u1ec9 b\u1edfi b\u00e0n tay kh\u00e9o l\u00e9o c\u1ee7a nh\u1eefng ng\u01b0\u1eddi th\u1ee3 khuy\u1ebft t\u1eadt t\u1ea1i Nh\u00e0 May M\u1eafn. Ch\u1ea5t li\u1ec7u v\u1ea3i th\u1ed5 c\u1ea9m b\u1ec1n \u0111\u1eb9p, an to\u00e0n\",\"breadcrumb\":{\"@id\":\"https:\/\/maison-chance.org\/shop\/san-pham\/moc-khoa-hinh-con-than-lan#breadcrumb\"},\"inLanguage\":\"vi-VN\",\"potentialAction\":[{\"@type\":\"ReadAction\",\"target\":[\"https:\/\/maison-chance.org\/shop\/san-pham\/moc-khoa-hinh-con-than-lan\"]}]},{\"@type\":\"ImageObject\",\"inLanguage\":\"vi-VN\",\"@id\":\"https:\/\/maison-chance.org\/shop\/san-pham\/moc-khoa-hinh-con-than-lan#primaryimage\",\"url\":\"https:\/\/maison-chance.org\/shop\/wp-content\/uploads\/2024\/04\/moc-chia-khoa-hinh-con-thang-lang-3.jpg\",\"contentUrl\":\"https:\/\/maison-chance.org\/shop\/wp-content\/uploads\/2024\/04\/moc-chia-khoa-hinh-con-thang-lang-3.jpg\",\"width\":600,\"height\":600,\"caption\":\"M\u00f3c kh\u00f3a h\u00ecnh con Th\u1eb1n L\u1eb1n\"},{\"@type\":\"BreadcrumbList\",\"@id\":\"https:\/\/maison-chance.org\/shop\/san-pham\/moc-khoa-hinh-con-than-lan#breadcrumb\",\"itemListElement\":[{\"@type\":\"ListItem\",\"position\":1,\"name\":\"Trang ch\u1ee7\",\"item\":\"https:\/\/maison-chance.org\/shop\/\"},{\"@type\":\"ListItem\",\"position\":2,\"name\":\"Shop\",\"item\":\"https:\/\/maison-chance.org\/shop\/shop\"},{\"@type\":\"ListItem\",\"position\":3,\"name\":\"Th\u1eb1n l\u1eb1n\"}]},{\"@type\":\"WebSite\",\"@id\":\"https:\/\/maison-chance.org\/shop\/#website\",\"url\":\"https:\/\/maison-chance.org\/shop\/\",\"name\":\"Nh\u00e0 May M\u1eafn - Maison Chance\",\"description\":\"M\u1ecdi l\u1ee3i nhu\u1eadn thu v\u1ec1 t\u1eeb vi\u1ec7c b\u00e1n h\u00e0ng s\u1ebd tr\u00edch m\u1ed9t ph\u1ea7n \u0111\u1ec3 ch\u0103m lo cho \u0111\u1eddi s\u1ed1ng c\u00e1c b\u1ea1n khuy\u1ebft t\u1eadt v\u00e0 tr\u1ebb m\u1ed3 c\u00f4i \u1edf \u0111\u00e2y\",\"publisher\":{\"@id\":\"https:\/\/maison-chance.org\/shop\/#organization\"},\"potentialAction\":[{\"@type\":\"SearchAction\",\"target\":{\"@type\":\"EntryPoint\",\"urlTemplate\":\"https:\/\/maison-chance.org\/shop\/?s={search_term_string}\"},\"query-input\":{\"@type\":\"PropertyValueSpecification\",\"valueRequired\":true,\"valueName\":\"search_term_string\"}}],\"inLanguage\":\"vi-VN\"},{\"@type\":\"Organization\",\"@id\":\"https:\/\/maison-chance.org\/shop\/#organization\",\"name\":\"Nh\u00e0 May M\u1eafn - Maison Chance\",\"url\":\"https:\/\/maison-chance.org\/shop\/\",\"logo\":{\"@type\":\"ImageObject\",\"inLanguage\":\"vi-VN\",\"@id\":\"https:\/\/maison-chance.org\/shop\/#\/schema\/logo\/image\/\",\"url\":\"https:\/\/maison-chance.org\/shop\/wp-content\/uploads\/2024\/03\/cropped-Logo_DNXH.png\",\"contentUrl\":\"https:\/\/maison-chance.org\/shop\/wp-content\/uploads\/2024\/03\/cropped-Logo_DNXH.png\",\"width\":512,\"height\":512,\"caption\":\"Nh\u00e0 May M\u1eafn - Maison Chance\"},\"image\":{\"@id\":\"https:\/\/maison-chance.org\/shop\/#\/schema\/logo\/image\/\"},\"sameAs\":[\"https:\/\/www.facebook.com\/dnxh.nhamayman\/\"]}]}<\/script>\n<meta property=\"product:price:amount\" content=\"2.10\" \/>\n<meta property=\"product:price:currency\" content=\"USD\" \/>\n<meta property=\"og:availability\" content=\"instock\" \/>\n<meta property=\"product:availability\" content=\"instock\" \/>\n<meta property=\"product:condition\" content=\"new\" \/>\n<!-- \/ Yoast SEO Premium plugin. -->","yoast_head_json":{"title":"Th\u1eb1n l\u1eb1n - m\u00f3c kho\u00e1 nh\u1ed3i b\u00f4ng - Nh\u00e0 May M\u1eafn - Maison Chance","description":"M\u00f3c kh\u00f3a con th\u1eb1n l\u1eb1n \u0111\u01b0\u1ee3c may th\u1ee7 c\u00f4ng t\u1ec9 m\u1ec9 b\u1edfi b\u00e0n tay kh\u00e9o l\u00e9o c\u1ee7a nh\u1eefng ng\u01b0\u1eddi th\u1ee3 khuy\u1ebft t\u1eadt t\u1ea1i Nh\u00e0 May M\u1eafn. Ch\u1ea5t li\u1ec7u v\u1ea3i th\u1ed5 c\u1ea9m b\u1ec1n \u0111\u1eb9p, an to\u00e0n","robots":{"index":"index","follow":"follow","max-snippet":"max-snippet:-1","max-image-preview":"max-image-preview:large","max-video-preview":"max-video-preview:-1"},"canonical":"https:\/\/maison-chance.org\/shop\/san-pham\/moc-khoa-hinh-con-than-lan","og_locale":"vi_VN","og_type":"article","og_title":"Th\u1eb1n l\u1eb1n","og_description":"M\u00f3c kh\u00f3a con th\u1eb1n l\u1eb1n \u0111\u01b0\u1ee3c may th\u1ee7 c\u00f4ng t\u1ec9 m\u1ec9 b\u1edfi b\u00e0n tay kh\u00e9o l\u00e9o c\u1ee7a nh\u1eefng ng\u01b0\u1eddi th\u1ee3 khuy\u1ebft t\u1eadt t\u1ea1i Nh\u00e0 May M\u1eafn. Ch\u1ea5t li\u1ec7u v\u1ea3i th\u1ed5 c\u1ea9m b\u1ec1n \u0111\u1eb9p, an to\u00e0n","og_url":"https:\/\/maison-chance.org\/shop\/san-pham\/moc-khoa-hinh-con-than-lan","og_site_name":"Nh\u00e0 May M\u1eafn - Maison Chance","article_publisher":"https:\/\/www.facebook.com\/dnxh.nhamayman\/","article_modified_time":"2025-07-16T08:32:42+00:00","og_image":[{"width":600,"height":600,"url":"https:\/\/maison-chance.org\/shop\/wp-content\/uploads\/2024\/04\/moc-chia-khoa-hinh-con-thang-lang-3.jpg","type":"image\/jpeg"}],"twitter_card":"summary_large_image","twitter_misc":{"Gi\u00e1":"2.10&nbsp;&#36;","Availability":"In stock"},"schema":{"@context":"https:\/\/schema.org","@graph":[{"@type":"WebPage","@id":"https:\/\/maison-chance.org\/shop\/san-pham\/moc-khoa-hinh-con-than-lan","url":"https:\/\/maison-chance.org\/shop\/san-pham\/moc-khoa-hinh-con-than-lan","name":"Th\u1eb1n l\u1eb1n - m\u00f3c kho\u00e1 nh\u1ed3i b\u00f4ng - Nh\u00e0 May M\u1eafn - Maison Chance","isPartOf":{"@id":"https:\/\/maison-chance.org\/shop\/#website"},"primaryImageOfPage":{"@id":"https:\/\/maison-chance.org\/shop\/san-pham\/moc-khoa-hinh-con-than-lan#primaryimage"},"image":{"@id":"https:\/\/maison-chance.org\/shop\/san-pham\/moc-khoa-hinh-con-than-lan#primaryimage"},"thumbnailUrl":"https:\/\/maison-chance.org\/shop\/wp-content\/uploads\/2024\/04\/moc-chia-khoa-hinh-con-thang-lang-3.jpg","datePublished":"2024-09-24T00:03:45+00:00","dateModified":"2025-07-16T08:32:42+00:00","description":"M\u00f3c kh\u00f3a con th\u1eb1n l\u1eb1n \u0111\u01b0\u1ee3c may th\u1ee7 c\u00f4ng t\u1ec9 m\u1ec9 b\u1edfi b\u00e0n tay kh\u00e9o l\u00e9o c\u1ee7a nh\u1eefng ng\u01b0\u1eddi th\u1ee3 khuy\u1ebft t\u1eadt t\u1ea1i Nh\u00e0 May M\u1eafn. Ch\u1ea5t li\u1ec7u v\u1ea3i th\u1ed5 c\u1ea9m b\u1ec1n \u0111\u1eb9p, an to\u00e0n","breadcrumb":{"@id":"https:\/\/maison-chance.org\/shop\/san-pham\/moc-khoa-hinh-con-than-lan#breadcrumb"},"inLanguage":"vi-VN","potentialAction":[{"@type":"ReadAction","target":["https:\/\/maison-chance.org\/shop\/san-pham\/moc-khoa-hinh-con-than-lan"]}]},{"@type":"ImageObject","inLanguage":"vi-VN","@id":"https:\/\/maison-chance.org\/shop\/san-pham\/moc-khoa-hinh-con-than-lan#primaryimage","url":"https:\/\/maison-chance.org\/shop\/wp-content\/uploads\/2024\/04\/moc-chia-khoa-hinh-con-thang-lang-3.jpg","contentUrl":"https:\/\/maison-chance.org\/shop\/wp-content\/uploads\/2024\/04\/moc-chia-khoa-hinh-con-thang-lang-3.jpg","width":600,"height":600,"caption":"M\u00f3c kh\u00f3a h\u00ecnh con Th\u1eb1n L\u1eb1n"},{"@type":"BreadcrumbList","@id":"https:\/\/maison-chance.org\/shop\/san-pham\/moc-khoa-hinh-con-than-lan#breadcrumb","itemListElement":[{"@type":"ListItem","position":1,"name":"Trang ch\u1ee7","item":"https:\/\/maison-chance.org\/shop\/"},{"@type":"ListItem","position":2,"name":"Shop","item":"https:\/\/maison-chance.org\/shop\/shop"},{"@type":"ListItem","position":3,"name":"Th\u1eb1n l\u1eb1n"}]},{"@type":"WebSite","@id":"https:\/\/maison-chance.org\/shop\/#website","url":"https:\/\/maison-chance.org\/shop\/","name":"Nh\u00e0 May M\u1eafn - Maison Chance","description":"M\u1ecdi l\u1ee3i nhu\u1eadn thu v\u1ec1 t\u1eeb vi\u1ec7c b\u00e1n h\u00e0ng s\u1ebd tr\u00edch m\u1ed9t ph\u1ea7n \u0111\u1ec3 ch\u0103m lo cho \u0111\u1eddi s\u1ed1ng c\u00e1c b\u1ea1n khuy\u1ebft t\u1eadt v\u00e0 tr\u1ebb m\u1ed3 c\u00f4i \u1edf \u0111\u00e2y","publisher":{"@id":"https:\/\/maison-chance.org\/shop\/#organization"},"potentialAction":[{"@type":"SearchAction","target":{"@type":"EntryPoint","urlTemplate":"https:\/\/maison-chance.org\/shop\/?s={search_term_string}"},"query-input":{"@type":"PropertyValueSpecification","valueRequired":true,"valueName":"search_term_string"}}],"inLanguage":"vi-VN"},{"@type":"Organization","@id":"https:\/\/maison-chance.org\/shop\/#organization","name":"Nh\u00e0 May M\u1eafn - Maison Chance","url":"https:\/\/maison-chance.org\/shop\/","logo":{"@type":"ImageObject","inLanguage":"vi-VN","@id":"https:\/\/maison-chance.org\/shop\/#\/schema\/logo\/image\/","url":"https:\/\/maison-chance.org\/shop\/wp-content\/uploads\/2024\/03\/cropped-Logo_DNXH.png","contentUrl":"https:\/\/maison-chance.org\/shop\/wp-content\/uploads\/2024\/03\/cropped-Logo_DNXH.png","width":512,"height":512,"caption":"Nh\u00e0 May M\u1eafn - Maison Chance"},"image":{"@id":"https:\/\/maison-chance.org\/shop\/#\/schema\/logo\/image\/"},"sameAs":["https:\/\/www.facebook.com\/dnxh.nhamayman\/"]}]},"product_price_amount":"2.10","product_price_currency":"USD","og_availability":"instock","product_availability":"instock","product_condition":"new"},"_links":{"self":[{"href":"https:\/\/maison-chance.org\/shop\/wp-json\/wp\/v2\/product\/37306","targetHints":{"allow":["GET"]}}],"collection":[{"href":"https:\/\/maison-chance.org\/shop\/wp-json\/wp\/v2\/product"}],"about":[{"href":"https:\/\/maison-chance.org\/shop\/wp-json\/wp\/v2\/types\/product"}],"wp:featuredmedia":[{"embeddable":true,"href":"https:\/\/maison-chance.org\/shop\/wp-json\/wp\/v2\/media\/37307"}],"wp:attachment":[{"href":"https:\/\/maison-chance.org\/shop\/wp-json\/wp\/v2\/media?parent=37306"}],"wp:term":[{"taxonomy":"product_brand","embeddable":true,"href":"https:\/\/maison-chance.org\/shop\/wp-json\/wp\/v2\/product_brand?post=37306"},{"taxonomy":"product_cat","embeddable":true,"href":"https:\/\/maison-chance.org\/shop\/wp-json\/wp\/v2\/product_cat?post=37306"},{"taxonomy":"product_tag","embeddable":true,"href":"https:\/\/maison-chance.org\/shop\/wp-json\/wp\/v2\/product_tag?post=37306"}],"curies":[{"name":"wp","href":"https:\/\/api.w.org\/{rel}","templated":true}]}}