{"id":37323,"date":"2024-09-29T07:05:00","date_gmt":"2024-09-29T00:05:00","guid":{"rendered":"https:\/\/maison-chance.org\/shop\/?post_type=product&#038;p=37323"},"modified":"2025-07-16T14:23:20","modified_gmt":"2025-07-16T07:23:20","slug":"moc-khoa-hinh-con-khi","status":"publish","type":"product","link":"https:\/\/maison-chance.org\/shop\/san-pham\/moc-khoa-hinh-con-khi","title":{"rendered":"Con kh\u1ec9"},"content":{"rendered":"<p><span data-sheets-root=\"1\">Nhanh nh\u1eb9n, th\u00f4ng minh v\u00e0 d\u00ed d\u1ecfm \u2013 \u0111\u00f3 l\u00e0 nh\u1eefng t\u00ednh t\u1eeb th\u01b0\u1eddng g\u1eafn li\u1ec1n v\u1edbi con kh\u1ec9, linh v\u1eadt mang \u0111\u1ebfn n\u0103ng l\u01b0\u1ee3ng t\u00edch c\u1ef1c, s\u1ef1 s\u00e1ng t\u1ea1o v\u00e0 kh\u1ea3 n\u0103ng xoay chuy\u1ec3n t\u00ecnh hu\u1ed1ng linh ho\u1ea1t.<\/p>\n<p>M\u00f3c kh\u00f3a con kh\u1ec9 l\u00e0 s\u1ea3n ph\u1ea9m th\u1ee7 c\u00f4ng \u0111\u01b0\u1ee3c l\u00e0m t\u1eeb v\u1ea3i th\u1ed5 c\u1ea9m, v\u1edbi thi\u1ebft k\u1ebf sinh \u0111\u1ed9ng, m\u00e0u s\u1eafc t\u01b0\u01a1i vui v\u00e0 t\u1eebng chi ti\u1ebft nh\u1ecf \u0111\u01b0\u1ee3c may t\u1ec9 m\u1ec9 b\u1edfi \u0111\u00f4i tay c\u1ee7a ng\u01b0\u1eddi th\u1ee3 t\u1ea1i Nh\u00e0 May M\u1eafn. Kh\u00f4ng ch\u1ec9 \u0111\u00e1ng y\u00eau khi treo l\u00ean t\u00fai x\u00e1ch, balo hay ch\u00eca kh\u00f3a, chi\u1ebfc m\u00f3c kh\u00f3a c\u00f2n nh\u01b0 m\u1ed9t \u201cng\u01b0\u1eddi b\u1ea1n \u0111\u1ed3ng h\u00e0nh t\u00ed hon\u201d mang \u0111\u1ebfn ti\u1ebfng c\u01b0\u1eddi v\u00e0 s\u1ef1 may m\u1eafn tr\u00ean m\u1ecdi h\u00e0nh tr\u00ecnh.<\/p>\n<p>Ph\u00f9 h\u1ee3p l\u00e0m qu\u00e0 t\u1eb7ng cho nh\u1eefng ng\u01b0\u1eddi lu\u00f4n tr\u00e0n \u0111\u1ea7y n\u0103ng l\u01b0\u1ee3ng, ho\u1eb7c \u0111\u01a1n gi\u1ea3n l\u00e0 khi b\u1ea1n mu\u1ed1n g\u1eedi \u0111i m\u1ed9t l\u1eddi ch\u00fac: &#8220;Gi\u1eef m\u00e3i tinh th\u1ea7n vui v\u1ebb v\u00e0 \u00f3c s\u00e1ng t\u1ea1o nh\u00e9!&#8221;<\/p>\n<p>T\u1eebng s\u1ea3n ph\u1ea9m l\u00e0 m\u1ed9t ni\u1ec1m vui nho nh\u1ecf, \u0111\u01b0\u1ee3c t\u1ea1o n\u00ean t\u1eeb nh\u1eefng tr\u00e1i tim kh\u00f4ng ng\u1eebng lan t\u1ecfa \u0111i\u1ec1u t\u00edch c\u1ef1c.<\/p>\n<p>\ud83d\udce9 Gi\u00e1 b\u00e1n t\u1ea1i Vi\u1ec7t Nam c\u00f3 th\u1ec3 kh\u00e1c, vui l\u00f2ng li\u00ean h\u1ec7 \u0111\u1ec3 bi\u1ebft th\u00eam chi ti\u1ebft.<br \/>\nHotline: 0909\u202f06\u202f25\u202f28<br \/>\nFanpage: Doanh Nghi\u1ec7p X\u00e3 H\u1ed9i Nh\u00e0 May M\u1eafn \u2013 Maison Chance<\/span><\/p>\n","protected":false},"excerpt":{"rendered":"<p style=\"text-align: justify;\">S\u1ea3n ph\u1ea9m do c\u00e1c b\u1ea1n khuy\u1ebft t\u1eadt k\u00e9m may m\u1eafn s\u1ea3n xu\u1ea5t th\u1ee7 c\u00f4ng k\u00ednh mong nh\u1eadn \u0111\u01b0\u1ee3c s\u1ef1 \u1ee7ng h\u1ed9 c\u1ee7a Qu\u00fd kh\u00e1ch h\u00e0ng.<\/p>\n<p>Ch\u1ea5t li\u1ec7u: V\u1ea3i th\u1ed5 c\u1ea9m<\/p>\n<p>Code: MK09TC<\/p>\n<p>Hotline : <span style=\"font-size: 20px;\"><strong><span style=\"color: #ff0000;\">0909 06 25 28<\/span><\/strong><\/span><\/p>\n<p style=\"text-align: justify;\">N\u1ebfu b\u1ea1n \u1edf Vi\u1ec7t Nam vui l\u00f2ng li\u00ean h\u1ec7 ch\u00fang t\u00f4i theo s\u1ed1 hotline ho\u1eb7c fanpage doanh nghi\u1ec7p Nh\u00e0 May M\u1eafn ch\u00fang t\u00f4i \u0111\u1ec3 bi\u1ebft gi\u00e1 b\u00e1n t\u1ea1i Vi\u1ec7t Nam.<\/p>\n","protected":false},"featured_media":41545,"template":"","meta":[],"product_brand":[],"product_cat":[140,137],"product_tag":[],"class_list":{"0":"post-37323","1":"product","2":"type-product","3":"status-publish","4":"has-post-thumbnail","6":"product_cat-moc-khoa-nhoi-bong","7":"product_cat-phong-may","9":"first","10":"instock","11":"shipping-taxable","12":"purchasable","13":"product-type-simple"},"yoast_head":"<!-- This site is optimized with the Yoast SEO Premium plugin v22.7 (Yoast SEO v25.3.1) - https:\/\/yoast.com\/wordpress\/plugins\/seo\/ -->\n<title>Con kh\u1ec9- m\u00f3c kho\u00e1 nh\u1ed3i b\u00f4ng - Nh\u00e0 May M\u1eafn - Maison Chance<\/title>\n<meta name=\"description\" content=\"M\u00f3c kh\u00f3a con kh\u1ec9 \u0111\u01b0\u1ee3c may th\u1ee7 c\u00f4ng t\u1ec9 m\u1ec9 b\u1edfi b\u00e0n tay kh\u00e9o l\u00e9o c\u1ee7a nh\u1eefng ng\u01b0\u1eddi th\u1ee3 khuy\u1ebft t\u1eadt t\u1ea1i Nh\u00e0 May M\u1eafn. Ch\u1ea5t li\u1ec7u v\u1ea3i th\u1ed5 c\u1ea9m b\u1ec1n \u0111\u1eb9p, an to\u00e0n\" \/>\n<meta name=\"robots\" content=\"index, follow, max-snippet:-1, max-image-preview:large, max-video-preview:-1\" \/>\n<link rel=\"canonical\" href=\"https:\/\/maison-chance.org\/shop\/san-pham\/moc-khoa-hinh-con-khi\" \/>\n<meta property=\"og:locale\" content=\"vi_VN\" \/>\n<meta property=\"og:type\" content=\"article\" \/>\n<meta property=\"og:title\" content=\"Con kh\u1ec9\" \/>\n<meta property=\"og:description\" content=\"M\u00f3c kh\u00f3a con kh\u1ec9 \u0111\u01b0\u1ee3c may th\u1ee7 c\u00f4ng t\u1ec9 m\u1ec9 b\u1edfi b\u00e0n tay kh\u00e9o l\u00e9o c\u1ee7a nh\u1eefng ng\u01b0\u1eddi th\u1ee3 khuy\u1ebft t\u1eadt t\u1ea1i Nh\u00e0 May M\u1eafn. Ch\u1ea5t li\u1ec7u v\u1ea3i th\u1ed5 c\u1ea9m b\u1ec1n \u0111\u1eb9p, an to\u00e0n\" \/>\n<meta property=\"og:url\" content=\"https:\/\/maison-chance.org\/shop\/san-pham\/moc-khoa-hinh-con-khi\" \/>\n<meta property=\"og:site_name\" content=\"Nh\u00e0 May M\u1eafn - Maison Chance\" \/>\n<meta property=\"article:publisher\" content=\"https:\/\/www.facebook.com\/dnxh.nhamayman\/\" \/>\n<meta property=\"article:modified_time\" content=\"2025-07-16T07:23:20+00:00\" \/>\n<meta property=\"og:image\" content=\"https:\/\/maison-chance.org\/shop\/wp-content\/uploads\/2024\/09\/moc-khoa-hinh-con-khi.jpg\" \/>\n\t<meta property=\"og:image:width\" content=\"600\" \/>\n\t<meta property=\"og:image:height\" content=\"600\" \/>\n\t<meta property=\"og:image:type\" content=\"image\/jpeg\" \/>\n<meta name=\"twitter:card\" content=\"summary_large_image\" \/>\n<meta name=\"twitter:label1\" content=\"Gi\u00e1\" \/>\n\t<meta name=\"twitter:data1\" content=\"2.10&nbsp;&#036;\" \/>\n\t<meta name=\"twitter:label2\" content=\"Availability\" \/>\n\t<meta name=\"twitter:data2\" content=\"In stock\" \/>\n<script type=\"application\/ld+json\" class=\"yoast-schema-graph\">{\"@context\":\"https:\/\/schema.org\",\"@graph\":[{\"@type\":\"WebPage\",\"@id\":\"https:\/\/maison-chance.org\/shop\/san-pham\/moc-khoa-hinh-con-khi\",\"url\":\"https:\/\/maison-chance.org\/shop\/san-pham\/moc-khoa-hinh-con-khi\",\"name\":\"Con kh\u1ec9- m\u00f3c kho\u00e1 nh\u1ed3i b\u00f4ng - Nh\u00e0 May M\u1eafn - Maison Chance\",\"isPartOf\":{\"@id\":\"https:\/\/maison-chance.org\/shop\/#website\"},\"primaryImageOfPage\":{\"@id\":\"https:\/\/maison-chance.org\/shop\/san-pham\/moc-khoa-hinh-con-khi#primaryimage\"},\"image\":{\"@id\":\"https:\/\/maison-chance.org\/shop\/san-pham\/moc-khoa-hinh-con-khi#primaryimage\"},\"thumbnailUrl\":\"https:\/\/maison-chance.org\/shop\/wp-content\/uploads\/2024\/09\/moc-khoa-hinh-con-khi.jpg\",\"datePublished\":\"2024-09-29T00:05:00+00:00\",\"dateModified\":\"2025-07-16T07:23:20+00:00\",\"description\":\"M\u00f3c kh\u00f3a con kh\u1ec9 \u0111\u01b0\u1ee3c may th\u1ee7 c\u00f4ng t\u1ec9 m\u1ec9 b\u1edfi b\u00e0n tay kh\u00e9o l\u00e9o c\u1ee7a nh\u1eefng ng\u01b0\u1eddi th\u1ee3 khuy\u1ebft t\u1eadt t\u1ea1i Nh\u00e0 May M\u1eafn. Ch\u1ea5t li\u1ec7u v\u1ea3i th\u1ed5 c\u1ea9m b\u1ec1n \u0111\u1eb9p, an to\u00e0n\",\"breadcrumb\":{\"@id\":\"https:\/\/maison-chance.org\/shop\/san-pham\/moc-khoa-hinh-con-khi#breadcrumb\"},\"inLanguage\":\"vi-VN\",\"potentialAction\":[{\"@type\":\"ReadAction\",\"target\":[\"https:\/\/maison-chance.org\/shop\/san-pham\/moc-khoa-hinh-con-khi\"]}]},{\"@type\":\"ImageObject\",\"inLanguage\":\"vi-VN\",\"@id\":\"https:\/\/maison-chance.org\/shop\/san-pham\/moc-khoa-hinh-con-khi#primaryimage\",\"url\":\"https:\/\/maison-chance.org\/shop\/wp-content\/uploads\/2024\/09\/moc-khoa-hinh-con-khi.jpg\",\"contentUrl\":\"https:\/\/maison-chance.org\/shop\/wp-content\/uploads\/2024\/09\/moc-khoa-hinh-con-khi.jpg\",\"width\":600,\"height\":600,\"caption\":\"M\u00f3c kh\u00f3a h\u00ecnh con Kh\u1ec9\"},{\"@type\":\"BreadcrumbList\",\"@id\":\"https:\/\/maison-chance.org\/shop\/san-pham\/moc-khoa-hinh-con-khi#breadcrumb\",\"itemListElement\":[{\"@type\":\"ListItem\",\"position\":1,\"name\":\"Trang ch\u1ee7\",\"item\":\"https:\/\/maison-chance.org\/shop\/\"},{\"@type\":\"ListItem\",\"position\":2,\"name\":\"Shop\",\"item\":\"https:\/\/maison-chance.org\/shop\/shop\"},{\"@type\":\"ListItem\",\"position\":3,\"name\":\"Con kh\u1ec9\"}]},{\"@type\":\"WebSite\",\"@id\":\"https:\/\/maison-chance.org\/shop\/#website\",\"url\":\"https:\/\/maison-chance.org\/shop\/\",\"name\":\"Nh\u00e0 May M\u1eafn - Maison Chance\",\"description\":\"M\u1ecdi l\u1ee3i nhu\u1eadn thu v\u1ec1 t\u1eeb vi\u1ec7c b\u00e1n h\u00e0ng s\u1ebd tr\u00edch m\u1ed9t ph\u1ea7n \u0111\u1ec3 ch\u0103m lo cho \u0111\u1eddi s\u1ed1ng c\u00e1c b\u1ea1n khuy\u1ebft t\u1eadt v\u00e0 tr\u1ebb m\u1ed3 c\u00f4i \u1edf \u0111\u00e2y\",\"publisher\":{\"@id\":\"https:\/\/maison-chance.org\/shop\/#organization\"},\"potentialAction\":[{\"@type\":\"SearchAction\",\"target\":{\"@type\":\"EntryPoint\",\"urlTemplate\":\"https:\/\/maison-chance.org\/shop\/?s={search_term_string}\"},\"query-input\":{\"@type\":\"PropertyValueSpecification\",\"valueRequired\":true,\"valueName\":\"search_term_string\"}}],\"inLanguage\":\"vi-VN\"},{\"@type\":\"Organization\",\"@id\":\"https:\/\/maison-chance.org\/shop\/#organization\",\"name\":\"Nh\u00e0 May M\u1eafn - Maison Chance\",\"url\":\"https:\/\/maison-chance.org\/shop\/\",\"logo\":{\"@type\":\"ImageObject\",\"inLanguage\":\"vi-VN\",\"@id\":\"https:\/\/maison-chance.org\/shop\/#\/schema\/logo\/image\/\",\"url\":\"https:\/\/maison-chance.org\/shop\/wp-content\/uploads\/2024\/03\/cropped-Logo_DNXH.png\",\"contentUrl\":\"https:\/\/maison-chance.org\/shop\/wp-content\/uploads\/2024\/03\/cropped-Logo_DNXH.png\",\"width\":512,\"height\":512,\"caption\":\"Nh\u00e0 May M\u1eafn - Maison Chance\"},\"image\":{\"@id\":\"https:\/\/maison-chance.org\/shop\/#\/schema\/logo\/image\/\"},\"sameAs\":[\"https:\/\/www.facebook.com\/dnxh.nhamayman\/\"]}]}<\/script>\n<meta property=\"product:price:amount\" content=\"2.10\" \/>\n<meta property=\"product:price:currency\" content=\"USD\" \/>\n<meta property=\"og:availability\" content=\"instock\" \/>\n<meta property=\"product:availability\" content=\"instock\" \/>\n<meta property=\"product:condition\" content=\"new\" \/>\n<!-- \/ Yoast SEO Premium plugin. -->","yoast_head_json":{"title":"Con kh\u1ec9- m\u00f3c kho\u00e1 nh\u1ed3i b\u00f4ng - Nh\u00e0 May M\u1eafn - Maison Chance","description":"M\u00f3c kh\u00f3a con kh\u1ec9 \u0111\u01b0\u1ee3c may th\u1ee7 c\u00f4ng t\u1ec9 m\u1ec9 b\u1edfi b\u00e0n tay kh\u00e9o l\u00e9o c\u1ee7a nh\u1eefng ng\u01b0\u1eddi th\u1ee3 khuy\u1ebft t\u1eadt t\u1ea1i Nh\u00e0 May M\u1eafn. Ch\u1ea5t li\u1ec7u v\u1ea3i th\u1ed5 c\u1ea9m b\u1ec1n \u0111\u1eb9p, an to\u00e0n","robots":{"index":"index","follow":"follow","max-snippet":"max-snippet:-1","max-image-preview":"max-image-preview:large","max-video-preview":"max-video-preview:-1"},"canonical":"https:\/\/maison-chance.org\/shop\/san-pham\/moc-khoa-hinh-con-khi","og_locale":"vi_VN","og_type":"article","og_title":"Con kh\u1ec9","og_description":"M\u00f3c kh\u00f3a con kh\u1ec9 \u0111\u01b0\u1ee3c may th\u1ee7 c\u00f4ng t\u1ec9 m\u1ec9 b\u1edfi b\u00e0n tay kh\u00e9o l\u00e9o c\u1ee7a nh\u1eefng ng\u01b0\u1eddi th\u1ee3 khuy\u1ebft t\u1eadt t\u1ea1i Nh\u00e0 May M\u1eafn. Ch\u1ea5t li\u1ec7u v\u1ea3i th\u1ed5 c\u1ea9m b\u1ec1n \u0111\u1eb9p, an to\u00e0n","og_url":"https:\/\/maison-chance.org\/shop\/san-pham\/moc-khoa-hinh-con-khi","og_site_name":"Nh\u00e0 May M\u1eafn - Maison Chance","article_publisher":"https:\/\/www.facebook.com\/dnxh.nhamayman\/","article_modified_time":"2025-07-16T07:23:20+00:00","og_image":[{"width":600,"height":600,"url":"https:\/\/maison-chance.org\/shop\/wp-content\/uploads\/2024\/09\/moc-khoa-hinh-con-khi.jpg","type":"image\/jpeg"}],"twitter_card":"summary_large_image","twitter_misc":{"Gi\u00e1":"2.10&nbsp;&#36;","Availability":"In stock"},"schema":{"@context":"https:\/\/schema.org","@graph":[{"@type":"WebPage","@id":"https:\/\/maison-chance.org\/shop\/san-pham\/moc-khoa-hinh-con-khi","url":"https:\/\/maison-chance.org\/shop\/san-pham\/moc-khoa-hinh-con-khi","name":"Con kh\u1ec9- m\u00f3c kho\u00e1 nh\u1ed3i b\u00f4ng - Nh\u00e0 May M\u1eafn - Maison Chance","isPartOf":{"@id":"https:\/\/maison-chance.org\/shop\/#website"},"primaryImageOfPage":{"@id":"https:\/\/maison-chance.org\/shop\/san-pham\/moc-khoa-hinh-con-khi#primaryimage"},"image":{"@id":"https:\/\/maison-chance.org\/shop\/san-pham\/moc-khoa-hinh-con-khi#primaryimage"},"thumbnailUrl":"https:\/\/maison-chance.org\/shop\/wp-content\/uploads\/2024\/09\/moc-khoa-hinh-con-khi.jpg","datePublished":"2024-09-29T00:05:00+00:00","dateModified":"2025-07-16T07:23:20+00:00","description":"M\u00f3c kh\u00f3a con kh\u1ec9 \u0111\u01b0\u1ee3c may th\u1ee7 c\u00f4ng t\u1ec9 m\u1ec9 b\u1edfi b\u00e0n tay kh\u00e9o l\u00e9o c\u1ee7a nh\u1eefng ng\u01b0\u1eddi th\u1ee3 khuy\u1ebft t\u1eadt t\u1ea1i Nh\u00e0 May M\u1eafn. Ch\u1ea5t li\u1ec7u v\u1ea3i th\u1ed5 c\u1ea9m b\u1ec1n \u0111\u1eb9p, an to\u00e0n","breadcrumb":{"@id":"https:\/\/maison-chance.org\/shop\/san-pham\/moc-khoa-hinh-con-khi#breadcrumb"},"inLanguage":"vi-VN","potentialAction":[{"@type":"ReadAction","target":["https:\/\/maison-chance.org\/shop\/san-pham\/moc-khoa-hinh-con-khi"]}]},{"@type":"ImageObject","inLanguage":"vi-VN","@id":"https:\/\/maison-chance.org\/shop\/san-pham\/moc-khoa-hinh-con-khi#primaryimage","url":"https:\/\/maison-chance.org\/shop\/wp-content\/uploads\/2024\/09\/moc-khoa-hinh-con-khi.jpg","contentUrl":"https:\/\/maison-chance.org\/shop\/wp-content\/uploads\/2024\/09\/moc-khoa-hinh-con-khi.jpg","width":600,"height":600,"caption":"M\u00f3c kh\u00f3a h\u00ecnh con Kh\u1ec9"},{"@type":"BreadcrumbList","@id":"https:\/\/maison-chance.org\/shop\/san-pham\/moc-khoa-hinh-con-khi#breadcrumb","itemListElement":[{"@type":"ListItem","position":1,"name":"Trang ch\u1ee7","item":"https:\/\/maison-chance.org\/shop\/"},{"@type":"ListItem","position":2,"name":"Shop","item":"https:\/\/maison-chance.org\/shop\/shop"},{"@type":"ListItem","position":3,"name":"Con kh\u1ec9"}]},{"@type":"WebSite","@id":"https:\/\/maison-chance.org\/shop\/#website","url":"https:\/\/maison-chance.org\/shop\/","name":"Nh\u00e0 May M\u1eafn - Maison Chance","description":"M\u1ecdi l\u1ee3i nhu\u1eadn thu v\u1ec1 t\u1eeb vi\u1ec7c b\u00e1n h\u00e0ng s\u1ebd tr\u00edch m\u1ed9t ph\u1ea7n \u0111\u1ec3 ch\u0103m lo cho \u0111\u1eddi s\u1ed1ng c\u00e1c b\u1ea1n khuy\u1ebft t\u1eadt v\u00e0 tr\u1ebb m\u1ed3 c\u00f4i \u1edf \u0111\u00e2y","publisher":{"@id":"https:\/\/maison-chance.org\/shop\/#organization"},"potentialAction":[{"@type":"SearchAction","target":{"@type":"EntryPoint","urlTemplate":"https:\/\/maison-chance.org\/shop\/?s={search_term_string}"},"query-input":{"@type":"PropertyValueSpecification","valueRequired":true,"valueName":"search_term_string"}}],"inLanguage":"vi-VN"},{"@type":"Organization","@id":"https:\/\/maison-chance.org\/shop\/#organization","name":"Nh\u00e0 May M\u1eafn - Maison Chance","url":"https:\/\/maison-chance.org\/shop\/","logo":{"@type":"ImageObject","inLanguage":"vi-VN","@id":"https:\/\/maison-chance.org\/shop\/#\/schema\/logo\/image\/","url":"https:\/\/maison-chance.org\/shop\/wp-content\/uploads\/2024\/03\/cropped-Logo_DNXH.png","contentUrl":"https:\/\/maison-chance.org\/shop\/wp-content\/uploads\/2024\/03\/cropped-Logo_DNXH.png","width":512,"height":512,"caption":"Nh\u00e0 May M\u1eafn - Maison Chance"},"image":{"@id":"https:\/\/maison-chance.org\/shop\/#\/schema\/logo\/image\/"},"sameAs":["https:\/\/www.facebook.com\/dnxh.nhamayman\/"]}]},"product_price_amount":"2.10","product_price_currency":"USD","og_availability":"instock","product_availability":"instock","product_condition":"new"},"_links":{"self":[{"href":"https:\/\/maison-chance.org\/shop\/wp-json\/wp\/v2\/product\/37323","targetHints":{"allow":["GET"]}}],"collection":[{"href":"https:\/\/maison-chance.org\/shop\/wp-json\/wp\/v2\/product"}],"about":[{"href":"https:\/\/maison-chance.org\/shop\/wp-json\/wp\/v2\/types\/product"}],"wp:featuredmedia":[{"embeddable":true,"href":"https:\/\/maison-chance.org\/shop\/wp-json\/wp\/v2\/media\/41545"}],"wp:attachment":[{"href":"https:\/\/maison-chance.org\/shop\/wp-json\/wp\/v2\/media?parent=37323"}],"wp:term":[{"taxonomy":"product_brand","embeddable":true,"href":"https:\/\/maison-chance.org\/shop\/wp-json\/wp\/v2\/product_brand?post=37323"},{"taxonomy":"product_cat","embeddable":true,"href":"https:\/\/maison-chance.org\/shop\/wp-json\/wp\/v2\/product_cat?post=37323"},{"taxonomy":"product_tag","embeddable":true,"href":"https:\/\/maison-chance.org\/shop\/wp-json\/wp\/v2\/product_tag?post=37323"}],"curies":[{"name":"wp","href":"https:\/\/api.w.org\/{rel}","templated":true}]}}